{"id":134442,"date":"2023-06-09T12:06:32","date_gmt":"2023-06-09T10:06:32","guid":{"rendered":"https:\/\/www.sestogrado.it\/?post_type=product&#038;p=134442"},"modified":"2026-02-18T19:27:38","modified_gmt":"2026-02-18T18:27:38","slug":"camp-nano-22-express-ks-rinvio-alpinistico","status":"publish","type":"product","link":"https:\/\/www.sestogrado.it\/it\/prodotto\/camp-nano-22-express-ks-rinvio-alpinistico\/","title":{"rendered":"Camp Nano 22 Express KS rinvio alpinistico"},"content":{"rendered":"<p>Il Camp Nano 22 Express KS \u00e8 un rinvio alpinistico, composto da due leggerissimi moschettoni Nano 22, uniti da una fettuccia in dyneema da 12 o da 18cm. Il rinvio nel complesso pesa 53g (12cm) e 55h(18cm) ed \u00e8 una grande scelta per gli appassionati delle vie di roccia in montagna e delle multipitch sportive. Le dimensioni ridotte del Nano 22 si fanno sentire sugli anelli portamateriale dell\u2019imbragatura, dove occupano meno spazio a vantaggio della funzionalit\u00e0. Il Nano 22 presenta un\u2019apertura larga quanto basta per moschettonare senza complicazioni e uno spazio interno che consente di realizzare nodi voluminosi come il barcaiolo. La fettuccia in Dyneema\u00ae da 11 mm \u00e8 leggerissima, robusta e sicura grazie al ferma moschettone Karstop Evo integrato, ideale anche per ambienti ghiacciati.<\/p>\n<p>\u2022 Rinvio per chi cerca la massima leggerezza sulle vie di roccia in montagna e sulle multipitch sportive<br \/>\n\u2022 Con due moschettoni Nano 22<br \/>\n\u2022 Fettuccia in Dyneema\u00ae da 11 mm con ferma moschettone Karstop Evo integrato<\/p>\n<p>&nbsp;<\/p>\n<p>Il Camp Nano 22 Express KS unisce il massimo della tecnicit\u00e0, con leggerezza e sicurezza. Ideale per proteggere vie alpinistiche o con protezioni distanti dalla linea verticale.<\/p>\n<p>&nbsp;<\/p>\n<p>Passione, lavoro e semplicit\u00e0 sono alcune delle parole chiave che da sempre hanno contraddistinto il modo di essere di C.A.M.P. La passione \u00e8 quella per la montagna e per i prodotti che aiutano a realizzare i sogni ed i progetti di tutti coloro che la frequentano; il lavoro \u00e8 quello tramandato da oltre 115 anni in quattro distinte generazioni succedutesi alla guida dell\u2019azienda e la semplicit\u00e0 \u00e8 quella che contraddistingue un modo di essere e relazionarsi basato sulla seriet\u00e0 e lealt\u00e0.<\/p>","protected":false},"excerpt":{"rendered":"<p>Il Camp Nano 22 Express KS \u00e8 un rinvio alpinistico, composto da due leggerissimi moschettoni Nano 22, uniti da una [&hellip;]<\/p>\n","protected":false},"featured_media":185523,"comment_status":"open","ping_status":"closed","template":"","meta":{"_acf_changed":false},"product_brand":[31],"product_cat":[133],"product_tag":[],"class_list":{"0":"post-134442","1":"product","2":"type-product","3":"status-publish","4":"has-post-thumbnail","6":"product_brand-camp","7":"product_cat-rinvii","9":"first","10":"instock","11":"sale","12":"taxable","13":"shipping-taxable","14":"purchasable","15":"product-type-variable"},"acf":[],"yoast_head":"<!-- This site is optimized with the Yoast SEO plugin v26.4 - https:\/\/yoast.com\/wordpress\/plugins\/seo\/ -->\n<title>Camp Nano 22 Express KS rinvio alpinistico - Sestogrado<\/title>\n<meta name=\"description\" content=\"Il Camp Nano 22 Express KS \u00e8 un rinvio alpinistico, composto da due leggerissimi moschettoni Nano 22, uniti da una fettuccia in dyneema da 12 o da 18cm. Il rinvio nel complesso pesa 53g (12cm) e 55h(18cm) ed \u00e8 una grande scelta per gli appassionati delle vie di roccia in montagna e delle multipitch sportive. Le dimensioni ridotte del Nano 22 si fanno sentire sugli anelli portamateriale dell\u2019imbragatura, dove occupano meno spazio a vantaggio della funzionalit\u00e0. Il Nano 22 presenta un\u2019apertura larga quanto basta per moschettonare senza complicazioni e uno spazio interno che consente di realizzare nodi voluminosi come il barcaiolo. La fettuccia in Dyneema\u00ae da 11 mm \u00e8 leggerissima, robusta e sicura grazie al ferma moschettone Karstop Evo integrato, ideale anche per ambienti ghiacciati.\" \/>\n<meta name=\"robots\" content=\"index, follow, max-snippet:-1, max-image-preview:large, max-video-preview:-1\" \/>\n<link rel=\"canonical\" href=\"https:\/\/www.sestogrado.it\/it\/prodotto\/camp-nano-22-express-ks-rinvio-alpinistico\/\" \/>\n<meta property=\"og:locale\" content=\"it_IT\" \/>\n<meta property=\"og:type\" content=\"article\" \/>\n<meta property=\"og:title\" content=\"Camp Nano 22 Express KS rinvio alpinistico - Sestogrado\" \/>\n<meta property=\"og:description\" content=\"Il Camp Nano 22 Express KS \u00e8 un rinvio alpinistico, composto da due leggerissimi moschettoni Nano 22, uniti da una fettuccia in dyneema da 12 o da 18cm. Il rinvio nel complesso pesa 53g (12cm) e 55h(18cm) ed \u00e8 una grande scelta per gli appassionati delle vie di roccia in montagna e delle multipitch sportive. Le dimensioni ridotte del Nano 22 si fanno sentire sugli anelli portamateriale dell\u2019imbragatura, dove occupano meno spazio a vantaggio della funzionalit\u00e0. Il Nano 22 presenta un\u2019apertura larga quanto basta per moschettonare senza complicazioni e uno spazio interno che consente di realizzare nodi voluminosi come il barcaiolo. La fettuccia in Dyneema\u00ae da 11 mm \u00e8 leggerissima, robusta e sicura grazie al ferma moschettone Karstop Evo integrato, ideale anche per ambienti ghiacciati.\" \/>\n<meta property=\"og:url\" content=\"https:\/\/www.sestogrado.it\/it\/prodotto\/camp-nano-22-express-ks-rinvio-alpinistico\/\" \/>\n<meta property=\"og:site_name\" content=\"Sestogrado\" \/>\n<meta property=\"article:publisher\" content=\"https:\/\/www.facebook.com\/pages\/Sestogrado\/1542635979353017?ref=bookmarks\" \/>\n<meta property=\"article:modified_time\" content=\"2026-02-18T18:27:38+00:00\" \/>\n<meta property=\"og:image\" content=\"https:\/\/www.sestogrado.it\/wp-content\/uploads\/2023\/06\/nano-22-12.jpg\" \/>\n\t<meta property=\"og:image:width\" content=\"1200\" \/>\n\t<meta property=\"og:image:height\" content=\"1200\" \/>\n\t<meta property=\"og:image:type\" content=\"image\/jpeg\" \/>\n<meta name=\"twitter:label1\" content=\"Disponibilit\u00e0\" \/>\n\t<meta name=\"twitter:data1\" content=\"In stock\" \/>\n<script type=\"application\/ld+json\" class=\"yoast-schema-graph\">{\"@context\":\"https:\/\/schema.org\",\"@graph\":[{\"@type\":\"WebPage\",\"@id\":\"https:\/\/www.sestogrado.it\/it\/prodotto\/camp-nano-22-express-ks-rinvio-alpinistico\/\",\"url\":\"https:\/\/www.sestogrado.it\/it\/prodotto\/camp-nano-22-express-ks-rinvio-alpinistico\/\",\"name\":\"Camp Nano 22 Express KS rinvio alpinistico - Sestogrado\",\"isPartOf\":{\"@id\":\"https:\/\/www.sestogrado.it\/it\/#website\"},\"primaryImageOfPage\":{\"@id\":\"https:\/\/www.sestogrado.it\/it\/prodotto\/camp-nano-22-express-ks-rinvio-alpinistico\/#primaryimage\"},\"image\":{\"@id\":\"https:\/\/www.sestogrado.it\/prodotto\/camp-nano-22-express-ks-rinvio-alpinistico\/#primaryimage\"},\"thumbnailUrl\":\"https:\/\/www.sestogrado.it\/wp-content\/uploads\/2023\/06\/nano-22-12.jpg\",\"datePublished\":\"2023-06-09T10:06:32+00:00\",\"dateModified\":\"2026-02-18T18:27:38+00:00\",\"description\":\"Il Camp Nano 22 Express KS \u00e8 un rinvio alpinistico, composto da due leggerissimi moschettoni Nano 22, uniti da una fettuccia in dyneema da 12 o da 18cm. Il rinvio nel complesso pesa 53g (12cm) e 55h(18cm) ed \u00e8 una grande scelta per gli appassionati delle vie di roccia in montagna e delle multipitch sportive. Le dimensioni ridotte del Nano 22 si fanno sentire sugli anelli portamateriale dell\u2019imbragatura, dove occupano meno spazio a vantaggio della funzionalit\u00e0. Il Nano 22 presenta un\u2019apertura larga quanto basta per moschettonare senza complicazioni e uno spazio interno che consente di realizzare nodi voluminosi come il barcaiolo. La fettuccia in Dyneema\u00ae da 11 mm \u00e8 leggerissima, robusta e sicura grazie al ferma moschettone Karstop Evo integrato, ideale anche per ambienti ghiacciati.\",\"breadcrumb\":{\"@id\":\"https:\/\/www.sestogrado.it\/it\/prodotto\/camp-nano-22-express-ks-rinvio-alpinistico\/#breadcrumb\"},\"inLanguage\":\"it-IT\",\"potentialAction\":[{\"@type\":\"ReadAction\",\"target\":[[\"https:\/\/www.sestogrado.it\/it\/prodotto\/camp-nano-22-express-ks-rinvio-alpinistico\/\"]]}]},{\"@type\":\"ImageObject\",\"inLanguage\":\"it-IT\",\"@id\":\"https:\/\/www.sestogrado.it\/it\/prodotto\/camp-nano-22-express-ks-rinvio-alpinistico\/#primaryimage\",\"url\":\"https:\/\/www.sestogrado.it\/wp-content\/uploads\/2023\/06\/nano-22-12.jpg\",\"contentUrl\":\"https:\/\/www.sestogrado.it\/wp-content\/uploads\/2023\/06\/nano-22-12.jpg\",\"width\":1200,\"height\":1200,\"caption\":\"nano-22-12\"},{\"@type\":\"BreadcrumbList\",\"@id\":\"https:\/\/www.sestogrado.it\/it\/prodotto\/camp-nano-22-express-ks-rinvio-alpinistico\/#breadcrumb\",\"itemListElement\":[{\"@type\":\"ListItem\",\"position\":1,\"name\":\"Home\",\"item\":\"https:\/\/www.sestogrado.it\/it\/\"},{\"@type\":\"ListItem\",\"position\":2,\"name\":\"Shop\",\"item\":\"https:\/\/www.sestogrado.it\/it\/shop\/\"},{\"@type\":\"ListItem\",\"position\":3,\"name\":\"Camp Nano 22 Express KS rinvio alpinistico\"}]},{\"@type\":\"WebSite\",\"@id\":\"https:\/\/www.sestogrado.it\/it\/#website\",\"url\":\"https:\/\/www.sestogrado.it\/it\/\",\"name\":\"Sestogrado\",\"description\":\"yes we climb\",\"publisher\":{\"@id\":\"https:\/\/www.sestogrado.it\/it\/#organization\"},\"potentialAction\":[{\"@type\":\"SearchAction\",\"target\":{\"@type\":\"EntryPoint\",\"urlTemplate\":\"https:\/\/www.sestogrado.it\/it\/?s={search_term_string}\"},\"query-input\":{\"@type\":\"PropertyValueSpecification\",\"valueRequired\":true,\"valueName\":\"search_term_string\"}}],\"inLanguage\":\"it-IT\"},{\"@type\":\"Organization\",\"@id\":\"https:\/\/www.sestogrado.it\/it\/#organization\",\"name\":\"Sestogrado\",\"url\":\"https:\/\/www.sestogrado.it\/it\/\",\"logo\":{\"@type\":\"ImageObject\",\"inLanguage\":\"it-IT\",\"@id\":\"https:\/\/www.sestogrado.it\/it\/#\/schema\/logo\/image\/\",\"url\":\"https:\/\/www.sestogrado.it\/wp-content\/uploads\/2015\/03\/sestogrado-favicon.png\",\"contentUrl\":\"https:\/\/www.sestogrado.it\/wp-content\/uploads\/2015\/03\/sestogrado-favicon.png\",\"width\":260,\"height\":260,\"caption\":\"Sestogrado\"},\"image\":{\"@id\":\"https:\/\/www.sestogrado.it\/it\/#\/schema\/logo\/image\/\"},\"sameAs\":[\"https:\/\/www.facebook.com\/pages\/Sestogrado\/1542635979353017?ref=bookmarks\",\"https:\/\/www.youtube.com\/channel\/UC847kAfTkaJsWpc1jtQwr3Q\"],\"hasMerchantReturnPolicy\":{\"@type\":\"MerchantReturnPolicy\",\"merchantReturnLink\":\"https:\/\/www.sestogrado.it\/it\/termini-e-condizioni\/\"}}]}<\/script>\n<meta property=\"product:brand\" content=\"Camp\" \/>\n<meta property=\"og:availability\" content=\"instock\" \/>\n<meta property=\"product:availability\" content=\"instock\" \/>\n<meta property=\"product:condition\" content=\"new\" \/>\n<!-- \/ Yoast SEO plugin. -->","yoast_head_json":{"title":"Camp Nano 22 Express KS rinvio alpinistico - Sestogrado","description":"Il Camp Nano 22 Express KS \u00e8 un rinvio alpinistico, composto da due leggerissimi moschettoni Nano 22, uniti da una fettuccia in dyneema da 12 o da 18cm. Il rinvio nel complesso pesa 53g (12cm) e 55h(18cm) ed \u00e8 una grande scelta per gli appassionati delle vie di roccia in montagna e delle multipitch sportive. Le dimensioni ridotte del Nano 22 si fanno sentire sugli anelli portamateriale dell\u2019imbragatura, dove occupano meno spazio a vantaggio della funzionalit\u00e0. Il Nano 22 presenta un\u2019apertura larga quanto basta per moschettonare senza complicazioni e uno spazio interno che consente di realizzare nodi voluminosi come il barcaiolo. La fettuccia in Dyneema\u00ae da 11 mm \u00e8 leggerissima, robusta e sicura grazie al ferma moschettone Karstop Evo integrato, ideale anche per ambienti ghiacciati.","robots":{"index":"index","follow":"follow","max-snippet":"max-snippet:-1","max-image-preview":"max-image-preview:large","max-video-preview":"max-video-preview:-1"},"canonical":"https:\/\/www.sestogrado.it\/it\/prodotto\/camp-nano-22-express-ks-rinvio-alpinistico\/","og_locale":"it_IT","og_type":"article","og_title":"Camp Nano 22 Express KS rinvio alpinistico - Sestogrado","og_description":"Il Camp Nano 22 Express KS \u00e8 un rinvio alpinistico, composto da due leggerissimi moschettoni Nano 22, uniti da una fettuccia in dyneema da 12 o da 18cm. Il rinvio nel complesso pesa 53g (12cm) e 55h(18cm) ed \u00e8 una grande scelta per gli appassionati delle vie di roccia in montagna e delle multipitch sportive. Le dimensioni ridotte del Nano 22 si fanno sentire sugli anelli portamateriale dell\u2019imbragatura, dove occupano meno spazio a vantaggio della funzionalit\u00e0. Il Nano 22 presenta un\u2019apertura larga quanto basta per moschettonare senza complicazioni e uno spazio interno che consente di realizzare nodi voluminosi come il barcaiolo. La fettuccia in Dyneema\u00ae da 11 mm \u00e8 leggerissima, robusta e sicura grazie al ferma moschettone Karstop Evo integrato, ideale anche per ambienti ghiacciati.","og_url":"https:\/\/www.sestogrado.it\/it\/prodotto\/camp-nano-22-express-ks-rinvio-alpinistico\/","og_site_name":"Sestogrado","article_publisher":"https:\/\/www.facebook.com\/pages\/Sestogrado\/1542635979353017?ref=bookmarks","article_modified_time":"2026-02-18T18:27:38+00:00","og_image":[{"width":1200,"height":1200,"url":"https:\/\/www.sestogrado.it\/wp-content\/uploads\/2023\/06\/nano-22-12.jpg","type":"image\/jpeg"}],"twitter_misc":{"Disponibilit\u00e0":"In stock"},"schema":{"@context":"https:\/\/schema.org","@graph":[{"@type":"WebPage","@id":"https:\/\/www.sestogrado.it\/it\/prodotto\/camp-nano-22-express-ks-rinvio-alpinistico\/","url":"https:\/\/www.sestogrado.it\/it\/prodotto\/camp-nano-22-express-ks-rinvio-alpinistico\/","name":"Camp Nano 22 Express KS rinvio alpinistico - Sestogrado","isPartOf":{"@id":"https:\/\/www.sestogrado.it\/it\/#website"},"primaryImageOfPage":{"@id":"https:\/\/www.sestogrado.it\/it\/prodotto\/camp-nano-22-express-ks-rinvio-alpinistico\/#primaryimage"},"image":{"@id":"https:\/\/www.sestogrado.it\/prodotto\/camp-nano-22-express-ks-rinvio-alpinistico\/#primaryimage"},"thumbnailUrl":"https:\/\/www.sestogrado.it\/wp-content\/uploads\/2023\/06\/nano-22-12.jpg","datePublished":"2023-06-09T10:06:32+00:00","dateModified":"2026-02-18T18:27:38+00:00","description":"Il Camp Nano 22 Express KS \u00e8 un rinvio alpinistico, composto da due leggerissimi moschettoni Nano 22, uniti da una fettuccia in dyneema da 12 o da 18cm. Il rinvio nel complesso pesa 53g (12cm) e 55h(18cm) ed \u00e8 una grande scelta per gli appassionati delle vie di roccia in montagna e delle multipitch sportive. Le dimensioni ridotte del Nano 22 si fanno sentire sugli anelli portamateriale dell\u2019imbragatura, dove occupano meno spazio a vantaggio della funzionalit\u00e0. Il Nano 22 presenta un\u2019apertura larga quanto basta per moschettonare senza complicazioni e uno spazio interno che consente di realizzare nodi voluminosi come il barcaiolo. La fettuccia in Dyneema\u00ae da 11 mm \u00e8 leggerissima, robusta e sicura grazie al ferma moschettone Karstop Evo integrato, ideale anche per ambienti ghiacciati.","breadcrumb":{"@id":"https:\/\/www.sestogrado.it\/it\/prodotto\/camp-nano-22-express-ks-rinvio-alpinistico\/#breadcrumb"},"inLanguage":"it-IT","potentialAction":[{"@type":"ReadAction","target":[["https:\/\/www.sestogrado.it\/it\/prodotto\/camp-nano-22-express-ks-rinvio-alpinistico\/"]]}]},{"@type":"ImageObject","inLanguage":"it-IT","@id":"https:\/\/www.sestogrado.it\/it\/prodotto\/camp-nano-22-express-ks-rinvio-alpinistico\/#primaryimage","url":"https:\/\/www.sestogrado.it\/wp-content\/uploads\/2023\/06\/nano-22-12.jpg","contentUrl":"https:\/\/www.sestogrado.it\/wp-content\/uploads\/2023\/06\/nano-22-12.jpg","width":1200,"height":1200,"caption":"nano-22-12"},{"@type":"BreadcrumbList","@id":"https:\/\/www.sestogrado.it\/it\/prodotto\/camp-nano-22-express-ks-rinvio-alpinistico\/#breadcrumb","itemListElement":[{"@type":"ListItem","position":1,"name":"Home","item":"https:\/\/www.sestogrado.it\/it\/"},{"@type":"ListItem","position":2,"name":"Shop","item":"https:\/\/www.sestogrado.it\/it\/shop\/"},{"@type":"ListItem","position":3,"name":"Camp Nano 22 Express KS rinvio alpinistico"}]},{"@type":"WebSite","@id":"https:\/\/www.sestogrado.it\/it\/#website","url":"https:\/\/www.sestogrado.it\/it\/","name":"Sestogrado","description":"yes we climb","publisher":{"@id":"https:\/\/www.sestogrado.it\/it\/#organization"},"potentialAction":[{"@type":"SearchAction","target":{"@type":"EntryPoint","urlTemplate":"https:\/\/www.sestogrado.it\/it\/?s={search_term_string}"},"query-input":{"@type":"PropertyValueSpecification","valueRequired":true,"valueName":"search_term_string"}}],"inLanguage":"it-IT"},{"@type":"Organization","@id":"https:\/\/www.sestogrado.it\/it\/#organization","name":"Sestogrado","url":"https:\/\/www.sestogrado.it\/it\/","logo":{"@type":"ImageObject","inLanguage":"it-IT","@id":"https:\/\/www.sestogrado.it\/it\/#\/schema\/logo\/image\/","url":"https:\/\/www.sestogrado.it\/wp-content\/uploads\/2015\/03\/sestogrado-favicon.png","contentUrl":"https:\/\/www.sestogrado.it\/wp-content\/uploads\/2015\/03\/sestogrado-favicon.png","width":260,"height":260,"caption":"Sestogrado"},"image":{"@id":"https:\/\/www.sestogrado.it\/it\/#\/schema\/logo\/image\/"},"sameAs":["https:\/\/www.facebook.com\/pages\/Sestogrado\/1542635979353017?ref=bookmarks","https:\/\/www.youtube.com\/channel\/UC847kAfTkaJsWpc1jtQwr3Q"],"hasMerchantReturnPolicy":{"@type":"MerchantReturnPolicy","merchantReturnLink":"https:\/\/www.sestogrado.it\/it\/termini-e-condizioni\/"}}]},"product_brand":"Camp","og_availability":"instock","product_availability":"instock","product_condition":"new"},"_links":{"self":[{"href":"https:\/\/www.sestogrado.it\/it\/wp-json\/wp\/v2\/product\/134442","targetHints":{"allow":["GET"]}}],"collection":[{"href":"https:\/\/www.sestogrado.it\/it\/wp-json\/wp\/v2\/product"}],"about":[{"href":"https:\/\/www.sestogrado.it\/it\/wp-json\/wp\/v2\/types\/product"}],"replies":[{"embeddable":true,"href":"https:\/\/www.sestogrado.it\/it\/wp-json\/wp\/v2\/comments?post=134442"}],"wp:featuredmedia":[{"embeddable":true,"href":"https:\/\/www.sestogrado.it\/it\/wp-json\/wp\/v2\/media\/185523"}],"wp:attachment":[{"href":"https:\/\/www.sestogrado.it\/it\/wp-json\/wp\/v2\/media?parent=134442"}],"wp:term":[{"taxonomy":"product_brand","embeddable":true,"href":"https:\/\/www.sestogrado.it\/it\/wp-json\/wp\/v2\/product_brand?post=134442"},{"taxonomy":"product_cat","embeddable":true,"href":"https:\/\/www.sestogrado.it\/it\/wp-json\/wp\/v2\/product_cat?post=134442"},{"taxonomy":"product_tag","embeddable":true,"href":"https:\/\/www.sestogrado.it\/it\/wp-json\/wp\/v2\/product_tag?post=134442"}],"curies":[{"name":"wp","href":"https:\/\/api.w.org\/{rel}","templated":true}]}}