{"id":134271,"date":"2023-06-07T15:55:02","date_gmt":"2023-06-07T13:55:02","guid":{"rendered":"https:\/\/www.sestogrado.it\/?post_type=product&#038;p=134271"},"modified":"2026-04-19T10:55:15","modified_gmt":"2026-04-19T08:55:15","slug":"grivel-plume-hms-k3gh-moschettone-hms","status":"publish","type":"product","link":"https:\/\/www.sestogrado.it\/it\/prodotto\/grivel-plume-hms-k3gh-moschettone-hms\/","title":{"rendered":"Grivel Plume HMS K3GH moschettone HMS"},"content":{"rendered":"<p>Il Grivel Plume HMS K3GH\u00a0 \u00e8 un moschettone HMS compatto e leggero con sistema Twin-Gate\u00a0(filo-filo).<\/p>\n<p>Il corpo ultraleggero Grivel Plume \u00e8 combinato con una forma HMS, per facilitare l&#8217;uso con le corde. \u00c8 il moschettone ideale per l&#8217;alpinista attento al peso ed alla sicurezza.<\/p>\n<p>Il sistema\u00a0Twin-Gate\u00a0\u00e8 pi\u00f9 sicuro, pi\u00f9 veloce e pi\u00f9 forte di qualsiasi altro sistema di chiusura. Pi\u00f9 sicuro perch\u00e9 non si apre accidentalmente, pi\u00f9 veloce perch\u00e9 non richiede ulteriori manipolazioni (ad es. Avvitamento) e pi\u00f9 forte perch\u00e9 due chiusure sono pi\u00f9 forti di una!\u00a0Testato individualmente, con la data del test e il numero progressivo marcato con il laser su di esso.<\/p>\n<ul>\n<li>Attivit\u00e0: arrampicata, alpinismo<\/li>\n<li>Materiali \/ costruzione \/ tecnologie: alluminio (corpo), acciaio (fili)<\/li>\n<li>Certificazioni: CE EN 12275 &#8211; classe B, UIAA 121<\/li>\n<li>Peso: 44 g (1,5 once)<\/li>\n<li>Lunghezza-Larghezza-Apertura: 89-56-25 mm<\/li>\n<li>Resistenza:<br \/>\nleva chiusa: 23<br \/>\nasse minore: 7<\/li>\n<\/ul>\n<p>&nbsp;<\/p>\n<p>Nata nel 1818 a Courmayeur, la Grivel \u00e8 un\u2019azienda italiana che produce attrezzature ed equipaggiamenti per alpinismo, arrampicata ed outdoor esportando in 26 paesi.\u00a0\u00a0L\u2019azienda ha ottenuto la certificazione GS T\u00dcV dal 1992, ISO 9001 dal 1996, ISO 1400 dal 2004.\u00a0L\u2019obiettivo di\u00a0Grivel \u00e8 di facilitare la vita agli alpinisti e agli amanti della montagna\u00a0con prodotti tecnologicamente avanzati.<\/p>","protected":false},"excerpt":{"rendered":"<p>Il Grivel Plume HMS K3GH\u00a0 \u00e8 un moschettone HMS compatto e leggero con sistema Twin-Gate\u00a0(filo-filo). Il corpo ultraleggero Grivel Plume [&hellip;]<\/p>\n","protected":false},"featured_media":134272,"comment_status":"open","ping_status":"closed","template":"","meta":{"_acf_changed":false},"product_brand":[126],"product_cat":[132],"product_tag":[],"class_list":{"0":"post-134271","1":"product","2":"type-product","3":"status-publish","4":"has-post-thumbnail","6":"product_brand-grivel","7":"product_cat-moschettoni","9":"first","10":"instock","11":"sale","12":"taxable","13":"shipping-taxable","14":"purchasable","15":"product-type-simple"},"acf":[],"yoast_head":"<!-- This site is optimized with the Yoast SEO plugin v26.4 - https:\/\/yoast.com\/wordpress\/plugins\/seo\/ -->\n<title>Grivel Plume HMS K3GH moschettone HMS - Sestogrado<\/title>\n<meta name=\"description\" content=\"Il Grivel Plume HMS K3GH\u00a0 \u00e8 un moschettone HMS compatto e leggero con sistema Twin-Gate\u00a0(filo-filo).Il corpo ultraleggero Grivel Plume \u00e8 combinato con una forma HMS, per facilitare l&#039;uso con le corde. \u00c8 il moschettone ideale per l&#039;alpinista attento al peso ed alla sicurezza.Il sistema\u00a0Twin-Gate\u00a0\u00e8 pi\u00f9 sicuro, pi\u00f9 veloce e pi\u00f9 forte di qualsiasi altro sistema di chiusura. Pi\u00f9 sicuro perch\u00e9 non si apre accidentalmente, pi\u00f9 veloce perch\u00e9 non richiede ulteriori manipolazioni (ad es. Avvitamento) e pi\u00f9 forte perch\u00e9 due chiusure sono pi\u00f9 forti di una!\u00a0Testato individualmente, con la data del test e il numero progressivo marcato con il laser su di esso.\" \/>\n<meta name=\"robots\" content=\"index, follow, max-snippet:-1, max-image-preview:large, max-video-preview:-1\" \/>\n<link rel=\"canonical\" href=\"https:\/\/www.sestogrado.it\/it\/prodotto\/grivel-plume-hms-k3gh-moschettone-hms\/\" \/>\n<meta property=\"og:locale\" content=\"it_IT\" \/>\n<meta property=\"og:type\" content=\"article\" \/>\n<meta property=\"og:title\" content=\"Grivel Plume HMS K3GH moschettone HMS - Sestogrado\" \/>\n<meta property=\"og:description\" content=\"Il Grivel Plume HMS K3GH\u00a0 \u00e8 un moschettone HMS compatto e leggero con sistema Twin-Gate\u00a0(filo-filo).Il corpo ultraleggero Grivel Plume \u00e8 combinato con una forma HMS, per facilitare l&#039;uso con le corde. \u00c8 il moschettone ideale per l&#039;alpinista attento al peso ed alla sicurezza.Il sistema\u00a0Twin-Gate\u00a0\u00e8 pi\u00f9 sicuro, pi\u00f9 veloce e pi\u00f9 forte di qualsiasi altro sistema di chiusura. Pi\u00f9 sicuro perch\u00e9 non si apre accidentalmente, pi\u00f9 veloce perch\u00e9 non richiede ulteriori manipolazioni (ad es. Avvitamento) e pi\u00f9 forte perch\u00e9 due chiusure sono pi\u00f9 forti di una!\u00a0Testato individualmente, con la data del test e il numero progressivo marcato con il laser su di esso.\" \/>\n<meta property=\"og:url\" content=\"https:\/\/www.sestogrado.it\/it\/prodotto\/grivel-plume-hms-k3gh-moschettone-hms\/\" \/>\n<meta property=\"og:site_name\" content=\"Sestogrado\" \/>\n<meta property=\"article:publisher\" content=\"https:\/\/www.facebook.com\/pages\/Sestogrado\/1542635979353017?ref=bookmarks\" \/>\n<meta property=\"article:modified_time\" content=\"2026-04-19T08:55:15+00:00\" \/>\n<meta property=\"og:image\" content=\"https:\/\/www.sestogrado.it\/wp-content\/uploads\/2023\/06\/01-K3GH.jpg\" \/>\n\t<meta property=\"og:image:width\" content=\"1000\" \/>\n\t<meta property=\"og:image:height\" content=\"1000\" \/>\n\t<meta property=\"og:image:type\" content=\"image\/jpeg\" \/>\n<meta name=\"twitter:label1\" content=\"Prezzo\" \/>\n\t<meta name=\"twitter:data1\" content=\"&euro;&nbsp;13,90\" \/>\n\t<meta name=\"twitter:label2\" content=\"Disponibilit\u00e0\" \/>\n\t<meta name=\"twitter:data2\" content=\"In stock\" \/>\n<script type=\"application\/ld+json\" class=\"yoast-schema-graph\">{\"@context\":\"https:\/\/schema.org\",\"@graph\":[{\"@type\":\"WebPage\",\"@id\":\"https:\/\/www.sestogrado.it\/it\/prodotto\/grivel-plume-hms-k3gh-moschettone-hms\/\",\"url\":\"https:\/\/www.sestogrado.it\/it\/prodotto\/grivel-plume-hms-k3gh-moschettone-hms\/\",\"name\":\"Grivel Plume HMS K3GH moschettone HMS - Sestogrado\",\"isPartOf\":{\"@id\":\"https:\/\/www.sestogrado.it\/it\/#website\"},\"primaryImageOfPage\":{\"@id\":\"https:\/\/www.sestogrado.it\/it\/prodotto\/grivel-plume-hms-k3gh-moschettone-hms\/#primaryimage\"},\"image\":{\"@id\":\"https:\/\/www.sestogrado.it\/prodotto\/grivel-plume-hms-k3gh-moschettone-hms\/#primaryimage\"},\"thumbnailUrl\":\"https:\/\/www.sestogrado.it\/wp-content\/uploads\/2023\/06\/01-K3GH.jpg\",\"datePublished\":\"2023-06-07T13:55:02+00:00\",\"dateModified\":\"2026-04-19T08:55:15+00:00\",\"description\":\"Il Grivel Plume HMS K3GH\u00a0 \u00e8 un moschettone HMS compatto e leggero con sistema Twin-Gate\u00a0(filo-filo).Il corpo ultraleggero Grivel Plume \u00e8 combinato con una forma HMS, per facilitare l'uso con le corde. \u00c8 il moschettone ideale per l'alpinista attento al peso ed alla sicurezza.Il sistema\u00a0Twin-Gate\u00a0\u00e8 pi\u00f9 sicuro, pi\u00f9 veloce e pi\u00f9 forte di qualsiasi altro sistema di chiusura. Pi\u00f9 sicuro perch\u00e9 non si apre accidentalmente, pi\u00f9 veloce perch\u00e9 non richiede ulteriori manipolazioni (ad es. Avvitamento) e pi\u00f9 forte perch\u00e9 due chiusure sono pi\u00f9 forti di una!\u00a0Testato individualmente, con la data del test e il numero progressivo marcato con il laser su di esso.\",\"breadcrumb\":{\"@id\":\"https:\/\/www.sestogrado.it\/it\/prodotto\/grivel-plume-hms-k3gh-moschettone-hms\/#breadcrumb\"},\"inLanguage\":\"it-IT\",\"potentialAction\":[{\"@type\":\"ReadAction\",\"target\":[[\"https:\/\/www.sestogrado.it\/it\/prodotto\/grivel-plume-hms-k3gh-moschettone-hms\/\"]]}]},{\"@type\":\"ImageObject\",\"inLanguage\":\"it-IT\",\"@id\":\"https:\/\/www.sestogrado.it\/it\/prodotto\/grivel-plume-hms-k3gh-moschettone-hms\/#primaryimage\",\"url\":\"https:\/\/www.sestogrado.it\/wp-content\/uploads\/2023\/06\/01-K3GH.jpg\",\"contentUrl\":\"https:\/\/www.sestogrado.it\/wp-content\/uploads\/2023\/06\/01-K3GH.jpg\",\"width\":1000,\"height\":1000,\"caption\":\"grivel plume K3GH hms\"},{\"@type\":\"BreadcrumbList\",\"@id\":\"https:\/\/www.sestogrado.it\/it\/prodotto\/grivel-plume-hms-k3gh-moschettone-hms\/#breadcrumb\",\"itemListElement\":[{\"@type\":\"ListItem\",\"position\":1,\"name\":\"Home\",\"item\":\"https:\/\/www.sestogrado.it\/it\/\"},{\"@type\":\"ListItem\",\"position\":2,\"name\":\"Shop\",\"item\":\"https:\/\/www.sestogrado.it\/it\/shop\/\"},{\"@type\":\"ListItem\",\"position\":3,\"name\":\"Grivel Plume HMS K3GH moschettone HMS\"}]},{\"@type\":\"WebSite\",\"@id\":\"https:\/\/www.sestogrado.it\/it\/#website\",\"url\":\"https:\/\/www.sestogrado.it\/it\/\",\"name\":\"Sestogrado\",\"description\":\"yes we climb\",\"publisher\":{\"@id\":\"https:\/\/www.sestogrado.it\/it\/#organization\"},\"potentialAction\":[{\"@type\":\"SearchAction\",\"target\":{\"@type\":\"EntryPoint\",\"urlTemplate\":\"https:\/\/www.sestogrado.it\/it\/?s={search_term_string}\"},\"query-input\":{\"@type\":\"PropertyValueSpecification\",\"valueRequired\":true,\"valueName\":\"search_term_string\"}}],\"inLanguage\":\"it-IT\"},{\"@type\":\"Organization\",\"@id\":\"https:\/\/www.sestogrado.it\/it\/#organization\",\"name\":\"Sestogrado\",\"url\":\"https:\/\/www.sestogrado.it\/it\/\",\"logo\":{\"@type\":\"ImageObject\",\"inLanguage\":\"it-IT\",\"@id\":\"https:\/\/www.sestogrado.it\/it\/#\/schema\/logo\/image\/\",\"url\":\"https:\/\/www.sestogrado.it\/wp-content\/uploads\/2015\/03\/sestogrado-favicon.png\",\"contentUrl\":\"https:\/\/www.sestogrado.it\/wp-content\/uploads\/2015\/03\/sestogrado-favicon.png\",\"width\":260,\"height\":260,\"caption\":\"Sestogrado\"},\"image\":{\"@id\":\"https:\/\/www.sestogrado.it\/it\/#\/schema\/logo\/image\/\"},\"sameAs\":[\"https:\/\/www.facebook.com\/pages\/Sestogrado\/1542635979353017?ref=bookmarks\",\"https:\/\/www.youtube.com\/channel\/UC847kAfTkaJsWpc1jtQwr3Q\"],\"hasMerchantReturnPolicy\":{\"@type\":\"MerchantReturnPolicy\",\"merchantReturnLink\":\"https:\/\/www.sestogrado.it\/it\/termini-e-condizioni\/\"}}]}<\/script>\n<meta property=\"product:brand\" content=\"Grivel\" \/>\n<meta property=\"product:price:amount\" content=\"13.90\" \/>\n<meta property=\"product:price:currency\" content=\"EUR\" \/>\n<meta property=\"og:availability\" content=\"instock\" \/>\n<meta property=\"product:availability\" content=\"instock\" \/>\n<meta property=\"product:condition\" content=\"new\" \/>\n<!-- \/ Yoast SEO plugin. -->","yoast_head_json":{"title":"Grivel Plume HMS K3GH moschettone HMS - Sestogrado","description":"Il Grivel Plume HMS K3GH\u00a0 \u00e8 un moschettone HMS compatto e leggero con sistema Twin-Gate\u00a0(filo-filo).Il corpo ultraleggero Grivel Plume \u00e8 combinato con una forma HMS, per facilitare l'uso con le corde. \u00c8 il moschettone ideale per l'alpinista attento al peso ed alla sicurezza.Il sistema\u00a0Twin-Gate\u00a0\u00e8 pi\u00f9 sicuro, pi\u00f9 veloce e pi\u00f9 forte di qualsiasi altro sistema di chiusura. Pi\u00f9 sicuro perch\u00e9 non si apre accidentalmente, pi\u00f9 veloce perch\u00e9 non richiede ulteriori manipolazioni (ad es. Avvitamento) e pi\u00f9 forte perch\u00e9 due chiusure sono pi\u00f9 forti di una!\u00a0Testato individualmente, con la data del test e il numero progressivo marcato con il laser su di esso.","robots":{"index":"index","follow":"follow","max-snippet":"max-snippet:-1","max-image-preview":"max-image-preview:large","max-video-preview":"max-video-preview:-1"},"canonical":"https:\/\/www.sestogrado.it\/it\/prodotto\/grivel-plume-hms-k3gh-moschettone-hms\/","og_locale":"it_IT","og_type":"article","og_title":"Grivel Plume HMS K3GH moschettone HMS - Sestogrado","og_description":"Il Grivel Plume HMS K3GH\u00a0 \u00e8 un moschettone HMS compatto e leggero con sistema Twin-Gate\u00a0(filo-filo).Il corpo ultraleggero Grivel Plume \u00e8 combinato con una forma HMS, per facilitare l'uso con le corde. \u00c8 il moschettone ideale per l'alpinista attento al peso ed alla sicurezza.Il sistema\u00a0Twin-Gate\u00a0\u00e8 pi\u00f9 sicuro, pi\u00f9 veloce e pi\u00f9 forte di qualsiasi altro sistema di chiusura. Pi\u00f9 sicuro perch\u00e9 non si apre accidentalmente, pi\u00f9 veloce perch\u00e9 non richiede ulteriori manipolazioni (ad es. Avvitamento) e pi\u00f9 forte perch\u00e9 due chiusure sono pi\u00f9 forti di una!\u00a0Testato individualmente, con la data del test e il numero progressivo marcato con il laser su di esso.","og_url":"https:\/\/www.sestogrado.it\/it\/prodotto\/grivel-plume-hms-k3gh-moschettone-hms\/","og_site_name":"Sestogrado","article_publisher":"https:\/\/www.facebook.com\/pages\/Sestogrado\/1542635979353017?ref=bookmarks","article_modified_time":"2026-04-19T08:55:15+00:00","og_image":[{"width":1000,"height":1000,"url":"https:\/\/www.sestogrado.it\/wp-content\/uploads\/2023\/06\/01-K3GH.jpg","type":"image\/jpeg"}],"twitter_misc":{"Prezzo":"&euro;&nbsp;13,90","Disponibilit\u00e0":"In stock"},"schema":{"@context":"https:\/\/schema.org","@graph":[{"@type":"WebPage","@id":"https:\/\/www.sestogrado.it\/it\/prodotto\/grivel-plume-hms-k3gh-moschettone-hms\/","url":"https:\/\/www.sestogrado.it\/it\/prodotto\/grivel-plume-hms-k3gh-moschettone-hms\/","name":"Grivel Plume HMS K3GH moschettone HMS - Sestogrado","isPartOf":{"@id":"https:\/\/www.sestogrado.it\/it\/#website"},"primaryImageOfPage":{"@id":"https:\/\/www.sestogrado.it\/it\/prodotto\/grivel-plume-hms-k3gh-moschettone-hms\/#primaryimage"},"image":{"@id":"https:\/\/www.sestogrado.it\/prodotto\/grivel-plume-hms-k3gh-moschettone-hms\/#primaryimage"},"thumbnailUrl":"https:\/\/www.sestogrado.it\/wp-content\/uploads\/2023\/06\/01-K3GH.jpg","datePublished":"2023-06-07T13:55:02+00:00","dateModified":"2026-04-19T08:55:15+00:00","description":"Il Grivel Plume HMS K3GH\u00a0 \u00e8 un moschettone HMS compatto e leggero con sistema Twin-Gate\u00a0(filo-filo).Il corpo ultraleggero Grivel Plume \u00e8 combinato con una forma HMS, per facilitare l'uso con le corde. \u00c8 il moschettone ideale per l'alpinista attento al peso ed alla sicurezza.Il sistema\u00a0Twin-Gate\u00a0\u00e8 pi\u00f9 sicuro, pi\u00f9 veloce e pi\u00f9 forte di qualsiasi altro sistema di chiusura. Pi\u00f9 sicuro perch\u00e9 non si apre accidentalmente, pi\u00f9 veloce perch\u00e9 non richiede ulteriori manipolazioni (ad es. Avvitamento) e pi\u00f9 forte perch\u00e9 due chiusure sono pi\u00f9 forti di una!\u00a0Testato individualmente, con la data del test e il numero progressivo marcato con il laser su di esso.","breadcrumb":{"@id":"https:\/\/www.sestogrado.it\/it\/prodotto\/grivel-plume-hms-k3gh-moschettone-hms\/#breadcrumb"},"inLanguage":"it-IT","potentialAction":[{"@type":"ReadAction","target":[["https:\/\/www.sestogrado.it\/it\/prodotto\/grivel-plume-hms-k3gh-moschettone-hms\/"]]}]},{"@type":"ImageObject","inLanguage":"it-IT","@id":"https:\/\/www.sestogrado.it\/it\/prodotto\/grivel-plume-hms-k3gh-moschettone-hms\/#primaryimage","url":"https:\/\/www.sestogrado.it\/wp-content\/uploads\/2023\/06\/01-K3GH.jpg","contentUrl":"https:\/\/www.sestogrado.it\/wp-content\/uploads\/2023\/06\/01-K3GH.jpg","width":1000,"height":1000,"caption":"grivel plume K3GH hms"},{"@type":"BreadcrumbList","@id":"https:\/\/www.sestogrado.it\/it\/prodotto\/grivel-plume-hms-k3gh-moschettone-hms\/#breadcrumb","itemListElement":[{"@type":"ListItem","position":1,"name":"Home","item":"https:\/\/www.sestogrado.it\/it\/"},{"@type":"ListItem","position":2,"name":"Shop","item":"https:\/\/www.sestogrado.it\/it\/shop\/"},{"@type":"ListItem","position":3,"name":"Grivel Plume HMS K3GH moschettone HMS"}]},{"@type":"WebSite","@id":"https:\/\/www.sestogrado.it\/it\/#website","url":"https:\/\/www.sestogrado.it\/it\/","name":"Sestogrado","description":"yes we climb","publisher":{"@id":"https:\/\/www.sestogrado.it\/it\/#organization"},"potentialAction":[{"@type":"SearchAction","target":{"@type":"EntryPoint","urlTemplate":"https:\/\/www.sestogrado.it\/it\/?s={search_term_string}"},"query-input":{"@type":"PropertyValueSpecification","valueRequired":true,"valueName":"search_term_string"}}],"inLanguage":"it-IT"},{"@type":"Organization","@id":"https:\/\/www.sestogrado.it\/it\/#organization","name":"Sestogrado","url":"https:\/\/www.sestogrado.it\/it\/","logo":{"@type":"ImageObject","inLanguage":"it-IT","@id":"https:\/\/www.sestogrado.it\/it\/#\/schema\/logo\/image\/","url":"https:\/\/www.sestogrado.it\/wp-content\/uploads\/2015\/03\/sestogrado-favicon.png","contentUrl":"https:\/\/www.sestogrado.it\/wp-content\/uploads\/2015\/03\/sestogrado-favicon.png","width":260,"height":260,"caption":"Sestogrado"},"image":{"@id":"https:\/\/www.sestogrado.it\/it\/#\/schema\/logo\/image\/"},"sameAs":["https:\/\/www.facebook.com\/pages\/Sestogrado\/1542635979353017?ref=bookmarks","https:\/\/www.youtube.com\/channel\/UC847kAfTkaJsWpc1jtQwr3Q"],"hasMerchantReturnPolicy":{"@type":"MerchantReturnPolicy","merchantReturnLink":"https:\/\/www.sestogrado.it\/it\/termini-e-condizioni\/"}}]},"product_brand":"Grivel","product_price_amount":"13.90","product_price_currency":"EUR","og_availability":"instock","product_availability":"instock","product_condition":"new"},"_links":{"self":[{"href":"https:\/\/www.sestogrado.it\/it\/wp-json\/wp\/v2\/product\/134271","targetHints":{"allow":["GET"]}}],"collection":[{"href":"https:\/\/www.sestogrado.it\/it\/wp-json\/wp\/v2\/product"}],"about":[{"href":"https:\/\/www.sestogrado.it\/it\/wp-json\/wp\/v2\/types\/product"}],"replies":[{"embeddable":true,"href":"https:\/\/www.sestogrado.it\/it\/wp-json\/wp\/v2\/comments?post=134271"}],"wp:featuredmedia":[{"embeddable":true,"href":"https:\/\/www.sestogrado.it\/it\/wp-json\/wp\/v2\/media\/134272"}],"wp:attachment":[{"href":"https:\/\/www.sestogrado.it\/it\/wp-json\/wp\/v2\/media?parent=134271"}],"wp:term":[{"taxonomy":"product_brand","embeddable":true,"href":"https:\/\/www.sestogrado.it\/it\/wp-json\/wp\/v2\/product_brand?post=134271"},{"taxonomy":"product_cat","embeddable":true,"href":"https:\/\/www.sestogrado.it\/it\/wp-json\/wp\/v2\/product_cat?post=134271"},{"taxonomy":"product_tag","embeddable":true,"href":"https:\/\/www.sestogrado.it\/it\/wp-json\/wp\/v2\/product_tag?post=134271"}],"curies":[{"name":"wp","href":"https:\/\/api.w.org\/{rel}","templated":true}]}}