{"id":132603,"date":"2023-05-18T14:15:49","date_gmt":"2023-05-18T12:15:49","guid":{"rendered":"https:\/\/www.sestogrado.it\/?post_type=product&#038;p=132603"},"modified":"2025-11-11T13:09:08","modified_gmt":"2025-11-11T12:09:08","slug":"blue-ice-wadi-15-zaino-arrampicata-alpinismo","status":"publish","type":"product","link":"https:\/\/www.sestogrado.it\/it\/prodotto\/blue-ice-wadi-15-zaino-arrampicata-alpinismo\/","title":{"rendered":"Blue Ice Wadi 15 zaino arrampicata alpinismo"},"content":{"rendered":"<p>Il Blue Ice Wadi 15 \u00e8 uno zaino da 15 litri ideale per vie lunghe in giornata. Robusto e comodo, \u00e8 progettato per offrire il miglior equilibrio tra leggerezza, resistenza e comfort.<\/p>\n<p>Lo schienale e gli spallacci lo rendono particolarmente comodo, grazie ad un pannello posteriore rinforzato e spallacci ergonomici. Un moschettoncino molto pratico (2kN, non \u00e8 un dpi) \u00e8 agganciato alla parte alta dello zaino, per assicurarlo al punto di sosta. Le maniglie nella parte alta sono posizionate per poter impugnare e trasportare facilmente lo zaino, cos\u00ec come recuperarlo dall&#8217;alto. E&#8217; realizzato in nylon ad alta tenacia, per resistere agli sfregamenti contro la roccia.<\/p>\n<p>Disegnato per essere indossato tutto il giorno, senza stancare le spalle e per affrontare anche i passaggi pi\u00f9 duri, senza accorgersi di avere uno zaino. Il Wadi 15 \u00e8 lo zaino ideale per i progetti pi\u00f9 ambiziosi con lunghi avvicinamenti, vie difficili con roccia abrasiva.<\/p>\n<p>Compatibile con <a href=\"https:\/\/www.sestogrado.it\/it\/prodotto\/camelbak-crux-reservoir-sacca-idrica-per-idratazione-2-litri\/\" target=\"_blank\" rel=\"noopener\">sistemi di idratazione<\/a>, <a href=\"https:\/\/www.sestogrado.it\/it\/prodotto\/blue-ice-helmet-holder-porta-casco\/\" target=\"_blank\" rel=\"noopener\">porta casco<\/a> e ganci per bastoncini inclusi.<\/p>\n<ul>\n<li>500g di peso, 450g senza il porta casco ed il porta bastoncini<\/li>\n<li>dimensioni 47x22x22cm<\/li>\n<li>apertura a zip sul top<\/li>\n<li>pannello posteriore e spallacci ottimizzati per arrampicare<\/li>\n<li>strap altezza sterno a regolazione rapida<\/li>\n<li>cintura ventrale da 20mm rimovibile<\/li>\n<li>manici da recupero facili da moschettonare<\/li>\n<li>fettuccia porta corda con moschettoncino da 2kN, utilizzabile per agganciare lo zaino alla sosta<\/li>\n<li>tasca con zip laterale ad accesso rapido <a href=\"https:\/\/www.sestogrado.it\/it\/categoria-prodotto\/accessori\/idratazione\/\" target=\"_blank\" rel=\"noopener\">porta bottiglia<\/a><\/li>\n<li>tasca interna a zip port oggetti<\/li>\n<li>porta casco e porta bastoncini inclusi<\/li>\n<li>compatibile con sistema di idratazione<\/li>\n<\/ul>\n<p>&nbsp;<\/p>\n<p>Il Blue Ice Wadi 15 \u00e8 uno zaino tecnico e compatto, progettato per non limitare i tuoi movimenti mentre arrampichi, ideale per vie multi pitch in giornata.<\/p>\n<p>&nbsp;<\/p>\n<p><iframe src=\"\/\/www.youtube.com\/embed\/w48_RjvzGac\" width=\"560\" height=\"314\" allowfullscreen=\"allowfullscreen\"><\/iframe><\/p>\n<p>&nbsp;<\/p>\n<p>Blue Ice \u00e8 un\u2019azienda con sede a Chamonix che produce solo articoli da alpinismo di alta qualit\u00e0. Gli zaini Blue Ice sono dedicati ad un alpinismo tecnico e di alto livello. Inizialmente era semplicemente una questione di vivere la nostra passione al massimo: arrampicare, sciare, esplorare o semplicemente entrare in contatto con noi stessi e le montagne \u2026 prima di estendere questo progetto a tutti gli amanti delle vette l\u00e0 fuori.<\/p>","protected":false},"excerpt":{"rendered":"<p>Il Blue Ice Wadi 15 \u00e8 uno zaino da 15 litri ideale per vie lunghe in giornata. Robusto e comodo, [&hellip;]<\/p>\n","protected":false},"featured_media":132606,"comment_status":"open","ping_status":"closed","template":"","meta":{"_acf_changed":false},"product_brand":[641],"product_cat":[389],"product_tag":[],"class_list":{"0":"post-132603","1":"product","2":"type-product","3":"status-publish","4":"has-post-thumbnail","6":"product_brand-blue-ice","7":"product_cat-zaini-alpinismo","9":"first","10":"instock","11":"sale","12":"taxable","13":"shipping-taxable","14":"purchasable","15":"product-type-variable"},"acf":[],"yoast_head":"<!-- This site is optimized with the Yoast SEO plugin v26.4 - https:\/\/yoast.com\/wordpress\/plugins\/seo\/ -->\n<title>Blue Ice Wadi 15 zaino arrampicata alpinismo - Sestogrado<\/title>\n<meta name=\"description\" content=\"Il Blue Ice Wadi 15 \u00e8 uno zaino da 15 litri ideale per vie lunghe in giornata. Robusto e comodo, \u00e8 progettato per offrire il miglior equilibrio tra leggerezza, resistenza e comfort.Lo schienale e gli spallacci lo rendono particolarmente comodo, grazie ad un pannello posteriore rinforzato e spallacci ergonomici. Un moschettoncino molto pratico (2kN, non \u00e8 un dpi) \u00e8 agganciato alla parte alta dello zaino, per assicurarlo al punto di sosta. Le maniglie nella parte alta sono posizionate per poter impugnare e trasportare facilmente lo zaino, cos\u00ec come recuperarlo dall&#039;alto. E&#039; realizzato in nylon ad alta tenacia, per resistere agli sfregamenti contro la roccia.Disegnato per essere indossato tutto il giorno, senza stancare le spalle e per affrontare anche i passaggi pi\u00f9 duri, senza accorgersi di avere uno zaino. Il Wadi 15 \u00e8 lo zaino ideale per i progetti pi\u00f9 ambiziosi con lunghi avvicinamenti, vie difficili con roccia abrasiva.Compatibile con sistemi di idratazione, porta casco e ganci per bastoncini inclusi.\" \/>\n<meta name=\"robots\" content=\"index, follow, max-snippet:-1, max-image-preview:large, max-video-preview:-1\" \/>\n<link rel=\"canonical\" href=\"https:\/\/www.sestogrado.it\/it\/prodotto\/blue-ice-wadi-15-zaino-arrampicata-alpinismo\/\" \/>\n<meta property=\"og:locale\" content=\"it_IT\" \/>\n<meta property=\"og:type\" content=\"article\" \/>\n<meta property=\"og:title\" content=\"Blue Ice Wadi 15 zaino arrampicata alpinismo - Sestogrado\" \/>\n<meta property=\"og:description\" content=\"Il Blue Ice Wadi 15 \u00e8 uno zaino da 15 litri ideale per vie lunghe in giornata. Robusto e comodo, \u00e8 progettato per offrire il miglior equilibrio tra leggerezza, resistenza e comfort.Lo schienale e gli spallacci lo rendono particolarmente comodo, grazie ad un pannello posteriore rinforzato e spallacci ergonomici. Un moschettoncino molto pratico (2kN, non \u00e8 un dpi) \u00e8 agganciato alla parte alta dello zaino, per assicurarlo al punto di sosta. Le maniglie nella parte alta sono posizionate per poter impugnare e trasportare facilmente lo zaino, cos\u00ec come recuperarlo dall&#039;alto. E&#039; realizzato in nylon ad alta tenacia, per resistere agli sfregamenti contro la roccia.Disegnato per essere indossato tutto il giorno, senza stancare le spalle e per affrontare anche i passaggi pi\u00f9 duri, senza accorgersi di avere uno zaino. Il Wadi 15 \u00e8 lo zaino ideale per i progetti pi\u00f9 ambiziosi con lunghi avvicinamenti, vie difficili con roccia abrasiva.Compatibile con sistemi di idratazione, porta casco e ganci per bastoncini inclusi.\" \/>\n<meta property=\"og:url\" content=\"https:\/\/www.sestogrado.it\/it\/prodotto\/blue-ice-wadi-15-zaino-arrampicata-alpinismo\/\" \/>\n<meta property=\"og:site_name\" content=\"Sestogrado\" \/>\n<meta property=\"article:publisher\" content=\"https:\/\/www.facebook.com\/pages\/Sestogrado\/1542635979353017?ref=bookmarks\" \/>\n<meta property=\"article:modified_time\" content=\"2025-11-11T12:09:08+00:00\" \/>\n<meta property=\"og:image\" content=\"https:\/\/www.sestogrado.it\/wp-content\/uploads\/2023\/05\/01-north-atlantic.jpg\" \/>\n\t<meta property=\"og:image:width\" content=\"1600\" \/>\n\t<meta property=\"og:image:height\" content=\"1600\" \/>\n\t<meta property=\"og:image:type\" content=\"image\/jpeg\" \/>\n<meta name=\"twitter:label1\" content=\"Disponibilit\u00e0\" \/>\n\t<meta name=\"twitter:data1\" content=\"In stock\" \/>\n<script type=\"application\/ld+json\" class=\"yoast-schema-graph\">{\"@context\":\"https:\/\/schema.org\",\"@graph\":[{\"@type\":\"WebPage\",\"@id\":\"https:\/\/www.sestogrado.it\/it\/prodotto\/blue-ice-wadi-15-zaino-arrampicata-alpinismo\/\",\"url\":\"https:\/\/www.sestogrado.it\/it\/prodotto\/blue-ice-wadi-15-zaino-arrampicata-alpinismo\/\",\"name\":\"Blue Ice Wadi 15 zaino arrampicata alpinismo - Sestogrado\",\"isPartOf\":{\"@id\":\"https:\/\/www.sestogrado.it\/it\/#website\"},\"primaryImageOfPage\":{\"@id\":\"https:\/\/www.sestogrado.it\/it\/prodotto\/blue-ice-wadi-15-zaino-arrampicata-alpinismo\/#primaryimage\"},\"image\":{\"@id\":\"https:\/\/www.sestogrado.it\/prodotto\/blue-ice-wadi-15-zaino-arrampicata-alpinismo\/#primaryimage\"},\"thumbnailUrl\":\"https:\/\/www.sestogrado.it\/wp-content\/uploads\/2023\/05\/01-north-atlantic.jpg\",\"datePublished\":\"2023-05-18T12:15:49+00:00\",\"dateModified\":\"2025-11-11T12:09:08+00:00\",\"description\":\"Il Blue Ice Wadi 15 \u00e8 uno zaino da 15 litri ideale per vie lunghe in giornata. Robusto e comodo, \u00e8 progettato per offrire il miglior equilibrio tra leggerezza, resistenza e comfort.Lo schienale e gli spallacci lo rendono particolarmente comodo, grazie ad un pannello posteriore rinforzato e spallacci ergonomici. Un moschettoncino molto pratico (2kN, non \u00e8 un dpi) \u00e8 agganciato alla parte alta dello zaino, per assicurarlo al punto di sosta. Le maniglie nella parte alta sono posizionate per poter impugnare e trasportare facilmente lo zaino, cos\u00ec come recuperarlo dall'alto. E' realizzato in nylon ad alta tenacia, per resistere agli sfregamenti contro la roccia.Disegnato per essere indossato tutto il giorno, senza stancare le spalle e per affrontare anche i passaggi pi\u00f9 duri, senza accorgersi di avere uno zaino. Il Wadi 15 \u00e8 lo zaino ideale per i progetti pi\u00f9 ambiziosi con lunghi avvicinamenti, vie difficili con roccia abrasiva.Compatibile con sistemi di idratazione, porta casco e ganci per bastoncini inclusi.\",\"breadcrumb\":{\"@id\":\"https:\/\/www.sestogrado.it\/it\/prodotto\/blue-ice-wadi-15-zaino-arrampicata-alpinismo\/#breadcrumb\"},\"inLanguage\":\"it-IT\",\"potentialAction\":[{\"@type\":\"ReadAction\",\"target\":[[\"https:\/\/www.sestogrado.it\/it\/prodotto\/blue-ice-wadi-15-zaino-arrampicata-alpinismo\/\"]]}]},{\"@type\":\"ImageObject\",\"inLanguage\":\"it-IT\",\"@id\":\"https:\/\/www.sestogrado.it\/it\/prodotto\/blue-ice-wadi-15-zaino-arrampicata-alpinismo\/#primaryimage\",\"url\":\"https:\/\/www.sestogrado.it\/wp-content\/uploads\/2023\/05\/01-north-atlantic.jpg\",\"contentUrl\":\"https:\/\/www.sestogrado.it\/wp-content\/uploads\/2023\/05\/01-north-atlantic.jpg\",\"width\":1600,\"height\":1600,\"caption\":\"wadi 15 north atlantic\"},{\"@type\":\"BreadcrumbList\",\"@id\":\"https:\/\/www.sestogrado.it\/it\/prodotto\/blue-ice-wadi-15-zaino-arrampicata-alpinismo\/#breadcrumb\",\"itemListElement\":[{\"@type\":\"ListItem\",\"position\":1,\"name\":\"Home\",\"item\":\"https:\/\/www.sestogrado.it\/it\/\"},{\"@type\":\"ListItem\",\"position\":2,\"name\":\"Shop\",\"item\":\"https:\/\/www.sestogrado.it\/it\/shop\/\"},{\"@type\":\"ListItem\",\"position\":3,\"name\":\"Blue Ice Wadi 15 zaino arrampicata alpinismo\"}]},{\"@type\":\"WebSite\",\"@id\":\"https:\/\/www.sestogrado.it\/it\/#website\",\"url\":\"https:\/\/www.sestogrado.it\/it\/\",\"name\":\"Sestogrado\",\"description\":\"yes we climb\",\"publisher\":{\"@id\":\"https:\/\/www.sestogrado.it\/it\/#organization\"},\"potentialAction\":[{\"@type\":\"SearchAction\",\"target\":{\"@type\":\"EntryPoint\",\"urlTemplate\":\"https:\/\/www.sestogrado.it\/it\/?s={search_term_string}\"},\"query-input\":{\"@type\":\"PropertyValueSpecification\",\"valueRequired\":true,\"valueName\":\"search_term_string\"}}],\"inLanguage\":\"it-IT\"},{\"@type\":\"Organization\",\"@id\":\"https:\/\/www.sestogrado.it\/it\/#organization\",\"name\":\"Sestogrado\",\"url\":\"https:\/\/www.sestogrado.it\/it\/\",\"logo\":{\"@type\":\"ImageObject\",\"inLanguage\":\"it-IT\",\"@id\":\"https:\/\/www.sestogrado.it\/it\/#\/schema\/logo\/image\/\",\"url\":\"https:\/\/www.sestogrado.it\/wp-content\/uploads\/2015\/03\/sestogrado-favicon.png\",\"contentUrl\":\"https:\/\/www.sestogrado.it\/wp-content\/uploads\/2015\/03\/sestogrado-favicon.png\",\"width\":260,\"height\":260,\"caption\":\"Sestogrado\"},\"image\":{\"@id\":\"https:\/\/www.sestogrado.it\/it\/#\/schema\/logo\/image\/\"},\"sameAs\":[\"https:\/\/www.facebook.com\/pages\/Sestogrado\/1542635979353017?ref=bookmarks\",\"https:\/\/www.youtube.com\/channel\/UC847kAfTkaJsWpc1jtQwr3Q\"],\"hasMerchantReturnPolicy\":{\"@type\":\"MerchantReturnPolicy\",\"merchantReturnLink\":\"https:\/\/www.sestogrado.it\/it\/termini-e-condizioni\/\"}}]}<\/script>\n<meta property=\"product:brand\" content=\"Blue Ice\" \/>\n<meta property=\"og:availability\" content=\"instock\" \/>\n<meta property=\"product:availability\" content=\"instock\" \/>\n<meta property=\"product:condition\" content=\"new\" \/>\n<!-- \/ Yoast SEO plugin. -->","yoast_head_json":{"title":"Blue Ice Wadi 15 zaino arrampicata alpinismo - Sestogrado","description":"Il Blue Ice Wadi 15 \u00e8 uno zaino da 15 litri ideale per vie lunghe in giornata. Robusto e comodo, \u00e8 progettato per offrire il miglior equilibrio tra leggerezza, resistenza e comfort.Lo schienale e gli spallacci lo rendono particolarmente comodo, grazie ad un pannello posteriore rinforzato e spallacci ergonomici. Un moschettoncino molto pratico (2kN, non \u00e8 un dpi) \u00e8 agganciato alla parte alta dello zaino, per assicurarlo al punto di sosta. Le maniglie nella parte alta sono posizionate per poter impugnare e trasportare facilmente lo zaino, cos\u00ec come recuperarlo dall'alto. E' realizzato in nylon ad alta tenacia, per resistere agli sfregamenti contro la roccia.Disegnato per essere indossato tutto il giorno, senza stancare le spalle e per affrontare anche i passaggi pi\u00f9 duri, senza accorgersi di avere uno zaino. Il Wadi 15 \u00e8 lo zaino ideale per i progetti pi\u00f9 ambiziosi con lunghi avvicinamenti, vie difficili con roccia abrasiva.Compatibile con sistemi di idratazione, porta casco e ganci per bastoncini inclusi.","robots":{"index":"index","follow":"follow","max-snippet":"max-snippet:-1","max-image-preview":"max-image-preview:large","max-video-preview":"max-video-preview:-1"},"canonical":"https:\/\/www.sestogrado.it\/it\/prodotto\/blue-ice-wadi-15-zaino-arrampicata-alpinismo\/","og_locale":"it_IT","og_type":"article","og_title":"Blue Ice Wadi 15 zaino arrampicata alpinismo - Sestogrado","og_description":"Il Blue Ice Wadi 15 \u00e8 uno zaino da 15 litri ideale per vie lunghe in giornata. Robusto e comodo, \u00e8 progettato per offrire il miglior equilibrio tra leggerezza, resistenza e comfort.Lo schienale e gli spallacci lo rendono particolarmente comodo, grazie ad un pannello posteriore rinforzato e spallacci ergonomici. Un moschettoncino molto pratico (2kN, non \u00e8 un dpi) \u00e8 agganciato alla parte alta dello zaino, per assicurarlo al punto di sosta. Le maniglie nella parte alta sono posizionate per poter impugnare e trasportare facilmente lo zaino, cos\u00ec come recuperarlo dall'alto. E' realizzato in nylon ad alta tenacia, per resistere agli sfregamenti contro la roccia.Disegnato per essere indossato tutto il giorno, senza stancare le spalle e per affrontare anche i passaggi pi\u00f9 duri, senza accorgersi di avere uno zaino. Il Wadi 15 \u00e8 lo zaino ideale per i progetti pi\u00f9 ambiziosi con lunghi avvicinamenti, vie difficili con roccia abrasiva.Compatibile con sistemi di idratazione, porta casco e ganci per bastoncini inclusi.","og_url":"https:\/\/www.sestogrado.it\/it\/prodotto\/blue-ice-wadi-15-zaino-arrampicata-alpinismo\/","og_site_name":"Sestogrado","article_publisher":"https:\/\/www.facebook.com\/pages\/Sestogrado\/1542635979353017?ref=bookmarks","article_modified_time":"2025-11-11T12:09:08+00:00","og_image":[{"width":1600,"height":1600,"url":"https:\/\/www.sestogrado.it\/wp-content\/uploads\/2023\/05\/01-north-atlantic.jpg","type":"image\/jpeg"}],"twitter_misc":{"Disponibilit\u00e0":"In stock"},"schema":{"@context":"https:\/\/schema.org","@graph":[{"@type":"WebPage","@id":"https:\/\/www.sestogrado.it\/it\/prodotto\/blue-ice-wadi-15-zaino-arrampicata-alpinismo\/","url":"https:\/\/www.sestogrado.it\/it\/prodotto\/blue-ice-wadi-15-zaino-arrampicata-alpinismo\/","name":"Blue Ice Wadi 15 zaino arrampicata alpinismo - Sestogrado","isPartOf":{"@id":"https:\/\/www.sestogrado.it\/it\/#website"},"primaryImageOfPage":{"@id":"https:\/\/www.sestogrado.it\/it\/prodotto\/blue-ice-wadi-15-zaino-arrampicata-alpinismo\/#primaryimage"},"image":{"@id":"https:\/\/www.sestogrado.it\/prodotto\/blue-ice-wadi-15-zaino-arrampicata-alpinismo\/#primaryimage"},"thumbnailUrl":"https:\/\/www.sestogrado.it\/wp-content\/uploads\/2023\/05\/01-north-atlantic.jpg","datePublished":"2023-05-18T12:15:49+00:00","dateModified":"2025-11-11T12:09:08+00:00","description":"Il Blue Ice Wadi 15 \u00e8 uno zaino da 15 litri ideale per vie lunghe in giornata. Robusto e comodo, \u00e8 progettato per offrire il miglior equilibrio tra leggerezza, resistenza e comfort.Lo schienale e gli spallacci lo rendono particolarmente comodo, grazie ad un pannello posteriore rinforzato e spallacci ergonomici. Un moschettoncino molto pratico (2kN, non \u00e8 un dpi) \u00e8 agganciato alla parte alta dello zaino, per assicurarlo al punto di sosta. Le maniglie nella parte alta sono posizionate per poter impugnare e trasportare facilmente lo zaino, cos\u00ec come recuperarlo dall'alto. E' realizzato in nylon ad alta tenacia, per resistere agli sfregamenti contro la roccia.Disegnato per essere indossato tutto il giorno, senza stancare le spalle e per affrontare anche i passaggi pi\u00f9 duri, senza accorgersi di avere uno zaino. Il Wadi 15 \u00e8 lo zaino ideale per i progetti pi\u00f9 ambiziosi con lunghi avvicinamenti, vie difficili con roccia abrasiva.Compatibile con sistemi di idratazione, porta casco e ganci per bastoncini inclusi.","breadcrumb":{"@id":"https:\/\/www.sestogrado.it\/it\/prodotto\/blue-ice-wadi-15-zaino-arrampicata-alpinismo\/#breadcrumb"},"inLanguage":"it-IT","potentialAction":[{"@type":"ReadAction","target":[["https:\/\/www.sestogrado.it\/it\/prodotto\/blue-ice-wadi-15-zaino-arrampicata-alpinismo\/"]]}]},{"@type":"ImageObject","inLanguage":"it-IT","@id":"https:\/\/www.sestogrado.it\/it\/prodotto\/blue-ice-wadi-15-zaino-arrampicata-alpinismo\/#primaryimage","url":"https:\/\/www.sestogrado.it\/wp-content\/uploads\/2023\/05\/01-north-atlantic.jpg","contentUrl":"https:\/\/www.sestogrado.it\/wp-content\/uploads\/2023\/05\/01-north-atlantic.jpg","width":1600,"height":1600,"caption":"wadi 15 north atlantic"},{"@type":"BreadcrumbList","@id":"https:\/\/www.sestogrado.it\/it\/prodotto\/blue-ice-wadi-15-zaino-arrampicata-alpinismo\/#breadcrumb","itemListElement":[{"@type":"ListItem","position":1,"name":"Home","item":"https:\/\/www.sestogrado.it\/it\/"},{"@type":"ListItem","position":2,"name":"Shop","item":"https:\/\/www.sestogrado.it\/it\/shop\/"},{"@type":"ListItem","position":3,"name":"Blue Ice Wadi 15 zaino arrampicata alpinismo"}]},{"@type":"WebSite","@id":"https:\/\/www.sestogrado.it\/it\/#website","url":"https:\/\/www.sestogrado.it\/it\/","name":"Sestogrado","description":"yes we climb","publisher":{"@id":"https:\/\/www.sestogrado.it\/it\/#organization"},"potentialAction":[{"@type":"SearchAction","target":{"@type":"EntryPoint","urlTemplate":"https:\/\/www.sestogrado.it\/it\/?s={search_term_string}"},"query-input":{"@type":"PropertyValueSpecification","valueRequired":true,"valueName":"search_term_string"}}],"inLanguage":"it-IT"},{"@type":"Organization","@id":"https:\/\/www.sestogrado.it\/it\/#organization","name":"Sestogrado","url":"https:\/\/www.sestogrado.it\/it\/","logo":{"@type":"ImageObject","inLanguage":"it-IT","@id":"https:\/\/www.sestogrado.it\/it\/#\/schema\/logo\/image\/","url":"https:\/\/www.sestogrado.it\/wp-content\/uploads\/2015\/03\/sestogrado-favicon.png","contentUrl":"https:\/\/www.sestogrado.it\/wp-content\/uploads\/2015\/03\/sestogrado-favicon.png","width":260,"height":260,"caption":"Sestogrado"},"image":{"@id":"https:\/\/www.sestogrado.it\/it\/#\/schema\/logo\/image\/"},"sameAs":["https:\/\/www.facebook.com\/pages\/Sestogrado\/1542635979353017?ref=bookmarks","https:\/\/www.youtube.com\/channel\/UC847kAfTkaJsWpc1jtQwr3Q"],"hasMerchantReturnPolicy":{"@type":"MerchantReturnPolicy","merchantReturnLink":"https:\/\/www.sestogrado.it\/it\/termini-e-condizioni\/"}}]},"product_brand":"Blue Ice","og_availability":"instock","product_availability":"instock","product_condition":"new"},"_links":{"self":[{"href":"https:\/\/www.sestogrado.it\/it\/wp-json\/wp\/v2\/product\/132603","targetHints":{"allow":["GET"]}}],"collection":[{"href":"https:\/\/www.sestogrado.it\/it\/wp-json\/wp\/v2\/product"}],"about":[{"href":"https:\/\/www.sestogrado.it\/it\/wp-json\/wp\/v2\/types\/product"}],"replies":[{"embeddable":true,"href":"https:\/\/www.sestogrado.it\/it\/wp-json\/wp\/v2\/comments?post=132603"}],"wp:featuredmedia":[{"embeddable":true,"href":"https:\/\/www.sestogrado.it\/it\/wp-json\/wp\/v2\/media\/132606"}],"wp:attachment":[{"href":"https:\/\/www.sestogrado.it\/it\/wp-json\/wp\/v2\/media?parent=132603"}],"wp:term":[{"taxonomy":"product_brand","embeddable":true,"href":"https:\/\/www.sestogrado.it\/it\/wp-json\/wp\/v2\/product_brand?post=132603"},{"taxonomy":"product_cat","embeddable":true,"href":"https:\/\/www.sestogrado.it\/it\/wp-json\/wp\/v2\/product_cat?post=132603"},{"taxonomy":"product_tag","embeddable":true,"href":"https:\/\/www.sestogrado.it\/it\/wp-json\/wp\/v2\/product_tag?post=132603"}],"curies":[{"name":"wp","href":"https:\/\/api.w.org\/{rel}","templated":true}]}}