{"id":132587,"date":"2023-05-19T14:56:11","date_gmt":"2023-05-19T12:56:11","guid":{"rendered":"https:\/\/www.sestogrado.it\/?post_type=product&#038;p=132587"},"modified":"2024-06-10T20:50:36","modified_gmt":"2024-06-10T18:50:36","slug":"cousin-trestec-supercouloir-8-0-mezza-corda-arrampicata","status":"publish","type":"product","link":"https:\/\/www.sestogrado.it\/it\/prodotto\/cousin-trestec-supercouloir-8-0-mezza-corda-arrampicata\/","title":{"rendered":"Cousin Trestec Supercouloir 8.0 mezza corda arrampicata"},"content":{"rendered":"<p>La Cousin Trestec Supercouloir 8.0 \u00e8 una mezza corda omologata anche come gemella, con trattamento idrofobico StopAqua e segno di met\u00e0 corda.<\/p>\n<p>E&#8217; una mezza corda sottile, leggera e resistente, morbida al tatto, \u00e8 molto versatile, per vie alpinistiche, multipitch sportive, trad o per ambiente innevato.Il suo trattamento idrofobico StopAqua, conforme allo standard UIAA Water repellent 101, la protegge dall&#8217;eccessivo assorbimento di umidit\u00e0 durante l&#8217;utilizzo in condizioni estreme. Vantaggi della tecnologia Techtouch: nuova tecnologia di retrazione in poliammide che fornisce un tocco piacevole e conferisce alla corda un&#8217;ottima fluidit\u00e0, durevole nel tempo eliminando l&#8217;effetto di scorrimento della guaina sul nucleo della corda. Marcatura centrale della corda (MiddleMarking) per una maggiore sicurezza durante le manovre.<\/p>\n<ul>\n<li>trattamento idrofobo StopAqua la rende idonea ad ambiente umido<\/li>\n<li>trattamento Techtouch, rende la corda morbida e scorrevole<\/li>\n<li>segno di met\u00e0 corda<\/li>\n<\/ul>\n<p>&nbsp;<\/p>\n<p>La Cousin Trestec Supercouloir 8.0 \u00e8 una mezza\/gemella tecnica, per utilizzo in vie impegnative e contesti alpinistici.<\/p>\n<p><img decoding=\"async\" class=\"size-full wp-image-56713 img-fluid alignnone\" src=\"https:\/\/www.sestogrado.it\/wp-content\/uploads\/2021\/04\/Senza-titolo-2.jpg\" alt=\"tech touch\" width=\"202\" height=\"180\" srcset=\"https:\/\/www.sestogrado.it\/wp-content\/uploads\/2021\/04\/Senza-titolo-2.jpg 202w, https:\/\/www.sestogrado.it\/wp-content\/uploads\/2021\/04\/Senza-titolo-2-90x80.jpg 90w, https:\/\/www.sestogrado.it\/wp-content\/uploads\/2021\/04\/Senza-titolo-2-67x60.jpg 67w, https:\/\/www.sestogrado.it\/wp-content\/uploads\/2021\/04\/Senza-titolo-2-101x90.jpg 101w\" sizes=\"(max-width: 202px) 100vw, 202px\" \/><\/p>\n<p>Nuovo processo di retrazione chimica della poliammide che fornisce un tocco piacevole e conferisce alla corda un&#8217;ottima fluidit\u00e0, durevole nel tempo. Questo processo innovativo elimina lo scorrimento della calza sull&#8217;anima della corda.<\/p>\n<p><img decoding=\"async\" class=\" wp-image-56759 img-fluid alignnone\" src=\"https:\/\/www.sestogrado.it\/wp-content\/uploads\/2021\/04\/Senza-titolo-4-300x198.jpg\" alt=\"middle marking\" width=\"203\" height=\"134\" srcset=\"https:\/\/www.sestogrado.it\/wp-content\/uploads\/2021\/04\/Senza-titolo-4-300x200.jpg 300w, https:\/\/www.sestogrado.it\/wp-content\/uploads\/2021\/04\/Senza-titolo-4-121x80.jpg 121w, https:\/\/www.sestogrado.it\/wp-content\/uploads\/2021\/04\/Senza-titolo-4-91x60.jpg 91w, https:\/\/www.sestogrado.it\/wp-content\/uploads\/2021\/04\/Senza-titolo-4-137x90.jpg 137w, https:\/\/www.sestogrado.it\/wp-content\/uploads\/2021\/04\/Senza-titolo-4.jpg 311w\" sizes=\"(max-width: 203px) 100vw, 203px\" \/><\/p>\n<p>Marcatura della met\u00e0 della corda con un segno nero. Durevole e pratico quando si tratta di preparare una discesa in corda doppia, sollevamento di una corda o semplicemente stimare la lunghezza della corda rimanente.<\/p>\n<p><img decoding=\"async\" class=\"img-fluid alignnone wp-image-132593 \" src=\"https:\/\/www.sestogrado.it\/wp-content\/uploads\/2023\/05\/stopaqua-01-1.png\" alt=\"stopaqua\" width=\"207\" height=\"149\" srcset=\"https:\/\/www.sestogrado.it\/wp-content\/uploads\/2023\/05\/stopaqua-01-1.png 167w, https:\/\/www.sestogrado.it\/wp-content\/uploads\/2023\/05\/stopaqua-01-1-111x80.png 111w, https:\/\/www.sestogrado.it\/wp-content\/uploads\/2023\/05\/stopaqua-01-1-84x60.png 84w, https:\/\/www.sestogrado.it\/wp-content\/uploads\/2023\/05\/stopaqua-01-1-125x90.png 125w\" sizes=\"(max-width: 207px) 100vw, 207px\" \/><\/p>\n<p>Trattamento idrofobico dell&#8217;anima e della guaina, che limita l&#8217;assorbimento di umidit\u00e0 e aumenta notevolmente la resistenza all&#8217;abrasione della corda.\u00a0Questo trattamento conferisce alla corda un&#8217;elevata protezione contro le infiltrazioni d&#8217;acqua grazie alla tecnica della polimerizzazione.<\/p>\n<p>&nbsp;<\/p>\n<p>Cousin Trestec \u00e8 un produttore di corde specializzato dal 1848 nella trasformazione di fibre sintetiche mediante torcitura, cablaggio, trecciatura e impregnazione. Attraverso una clientela di vari settori quali sport ( sport acquatici, arrampicata, speleologia, escursionismo, alpinismo, parapendio, kitesurf, ecc.), Sicurezza (lavori in grattacielo, soccorso, movimentazione, eventi, ecc.) E applicazioni industriali (offshore , sollevamento, automotive) e militare , Cousin Trestec \u00e8 il riferimento nel mercato delle corde. Beneficiando delle competenze del gruppo e delle sue controllate ( Cousin Biotech , Cousin Composites , Major Sport &#8211; Tecnifibre), Cousin Trestec si impegna ad offrirti soluzioni adeguate ea portarti tutto il suo know-how in termini di qualit\u00e0 e innovazione, per rispondere efficacemente alle tue esigenze. Oltre ai nostri standard elevati e al rigore nella progettazione dei nostri prodotti, \u00e8 soprattutto la vostra soddisfazione che \u00e8 importante per noi.<\/p>","protected":false},"excerpt":{"rendered":"<p>La Cousin Trestec Supercouloir 8.0 \u00e8 una mezza corda omologata anche come gemella, con trattamento idrofobico StopAqua e segno di [&hellip;]<\/p>\n","protected":false},"featured_media":132598,"comment_status":"open","ping_status":"closed","template":"","meta":{"_acf_changed":false},"product_brand":[746],"product_cat":[1357],"product_tag":[],"class_list":{"0":"post-132587","1":"product","2":"type-product","3":"status-publish","4":"has-post-thumbnail","6":"product_brand-cousin-trestec","7":"product_cat-mezze-corde","9":"first","10":"instock","11":"sale","12":"taxable","13":"shipping-taxable","14":"purchasable","15":"product-type-variable"},"acf":[],"yoast_head":"<!-- This site is optimized with the Yoast SEO plugin v26.4 - https:\/\/yoast.com\/wordpress\/plugins\/seo\/ -->\n<title>Cousin Trestec Supercouloir 8.0 mezza corda arrampicata - Sestogrado<\/title>\n<meta name=\"description\" content=\"La Cousin Trestec Supercouloir 8.0 \u00e8 una mezza corda omologata anche come gemella, con trattamento idrofobico StopAqua e segno di met\u00e0 corda.E&#039; una mezza corda sottile, leggera e resistente, morbida al tatto, \u00e8 molto versatile, per vie alpinistiche, multipitch sportive, trad o per ambiente innevato.Il suo trattamento idrofobico StopAqua, conforme allo standard UIAA Water repellent 101, la protegge dall&#039;eccessivo assorbimento di umidit\u00e0 durante l&#039;utilizzo in condizioni estreme. Vantaggi della tecnologia Techtouch: nuova tecnologia di retrazione in poliammide che fornisce un tocco piacevole e conferisce alla corda un&#039;ottima fluidit\u00e0, durevole nel tempo eliminando l&#039;effetto di scorrimento della guaina sul nucleo della corda. Marcatura centrale della corda (MiddleMarking) per una maggiore sicurezza durante le manovre.\" \/>\n<meta name=\"robots\" content=\"index, follow, max-snippet:-1, max-image-preview:large, max-video-preview:-1\" \/>\n<link rel=\"canonical\" href=\"https:\/\/www.sestogrado.it\/it\/prodotto\/cousin-trestec-supercouloir-8-0-mezza-corda-arrampicata\/\" \/>\n<meta property=\"og:locale\" content=\"it_IT\" \/>\n<meta property=\"og:type\" content=\"article\" \/>\n<meta property=\"og:title\" content=\"Cousin Trestec Supercouloir 8.0 mezza corda arrampicata - Sestogrado\" \/>\n<meta property=\"og:description\" content=\"La Cousin Trestec Supercouloir 8.0 \u00e8 una mezza corda omologata anche come gemella, con trattamento idrofobico StopAqua e segno di met\u00e0 corda.E&#039; una mezza corda sottile, leggera e resistente, morbida al tatto, \u00e8 molto versatile, per vie alpinistiche, multipitch sportive, trad o per ambiente innevato.Il suo trattamento idrofobico StopAqua, conforme allo standard UIAA Water repellent 101, la protegge dall&#039;eccessivo assorbimento di umidit\u00e0 durante l&#039;utilizzo in condizioni estreme. Vantaggi della tecnologia Techtouch: nuova tecnologia di retrazione in poliammide che fornisce un tocco piacevole e conferisce alla corda un&#039;ottima fluidit\u00e0, durevole nel tempo eliminando l&#039;effetto di scorrimento della guaina sul nucleo della corda. Marcatura centrale della corda (MiddleMarking) per una maggiore sicurezza durante le manovre.\" \/>\n<meta property=\"og:url\" content=\"https:\/\/www.sestogrado.it\/it\/prodotto\/cousin-trestec-supercouloir-8-0-mezza-corda-arrampicata\/\" \/>\n<meta property=\"og:site_name\" content=\"Sestogrado\" \/>\n<meta property=\"article:publisher\" content=\"https:\/\/www.facebook.com\/pages\/Sestogrado\/1542635979353017?ref=bookmarks\" \/>\n<meta property=\"article:modified_time\" content=\"2024-06-10T18:50:36+00:00\" \/>\n<meta property=\"og:image\" content=\"https:\/\/www.sestogrado.it\/wp-content\/uploads\/2023\/05\/01-rossa.jpg\" \/>\n\t<meta property=\"og:image:width\" content=\"1600\" \/>\n\t<meta property=\"og:image:height\" content=\"1600\" \/>\n\t<meta property=\"og:image:type\" content=\"image\/jpeg\" \/>\n<meta name=\"twitter:label1\" content=\"Disponibilit\u00e0\" \/>\n\t<meta name=\"twitter:data1\" content=\"In stock\" \/>\n<script type=\"application\/ld+json\" class=\"yoast-schema-graph\">{\"@context\":\"https:\/\/schema.org\",\"@graph\":[{\"@type\":\"WebPage\",\"@id\":\"https:\/\/www.sestogrado.it\/it\/prodotto\/cousin-trestec-supercouloir-8-0-mezza-corda-arrampicata\/\",\"url\":\"https:\/\/www.sestogrado.it\/it\/prodotto\/cousin-trestec-supercouloir-8-0-mezza-corda-arrampicata\/\",\"name\":\"Cousin Trestec Supercouloir 8.0 mezza corda arrampicata - Sestogrado\",\"isPartOf\":{\"@id\":\"https:\/\/www.sestogrado.it\/it\/#website\"},\"primaryImageOfPage\":{\"@id\":\"https:\/\/www.sestogrado.it\/it\/prodotto\/cousin-trestec-supercouloir-8-0-mezza-corda-arrampicata\/#primaryimage\"},\"image\":{\"@id\":\"https:\/\/www.sestogrado.it\/prodotto\/cousin-trestec-supercouloir-8-0-mezza-corda-arrampicata\/#primaryimage\"},\"thumbnailUrl\":\"https:\/\/www.sestogrado.it\/wp-content\/uploads\/2023\/05\/01-rossa.jpg\",\"datePublished\":\"2023-05-19T12:56:11+00:00\",\"dateModified\":\"2024-06-10T18:50:36+00:00\",\"description\":\"La Cousin Trestec Supercouloir 8.0 \u00e8 una mezza corda omologata anche come gemella, con trattamento idrofobico StopAqua e segno di met\u00e0 corda.E' una mezza corda sottile, leggera e resistente, morbida al tatto, \u00e8 molto versatile, per vie alpinistiche, multipitch sportive, trad o per ambiente innevato.Il suo trattamento idrofobico StopAqua, conforme allo standard UIAA Water repellent 101, la protegge dall'eccessivo assorbimento di umidit\u00e0 durante l'utilizzo in condizioni estreme. Vantaggi della tecnologia Techtouch: nuova tecnologia di retrazione in poliammide che fornisce un tocco piacevole e conferisce alla corda un'ottima fluidit\u00e0, durevole nel tempo eliminando l'effetto di scorrimento della guaina sul nucleo della corda. Marcatura centrale della corda (MiddleMarking) per una maggiore sicurezza durante le manovre.\",\"breadcrumb\":{\"@id\":\"https:\/\/www.sestogrado.it\/it\/prodotto\/cousin-trestec-supercouloir-8-0-mezza-corda-arrampicata\/#breadcrumb\"},\"inLanguage\":\"it-IT\",\"potentialAction\":[{\"@type\":\"ReadAction\",\"target\":[[\"https:\/\/www.sestogrado.it\/it\/prodotto\/cousin-trestec-supercouloir-8-0-mezza-corda-arrampicata\/\"]]}]},{\"@type\":\"ImageObject\",\"inLanguage\":\"it-IT\",\"@id\":\"https:\/\/www.sestogrado.it\/it\/prodotto\/cousin-trestec-supercouloir-8-0-mezza-corda-arrampicata\/#primaryimage\",\"url\":\"https:\/\/www.sestogrado.it\/wp-content\/uploads\/2023\/05\/01-rossa.jpg\",\"contentUrl\":\"https:\/\/www.sestogrado.it\/wp-content\/uploads\/2023\/05\/01-rossa.jpg\",\"width\":1600,\"height\":1600,\"caption\":\"supercouloir rossa\"},{\"@type\":\"BreadcrumbList\",\"@id\":\"https:\/\/www.sestogrado.it\/it\/prodotto\/cousin-trestec-supercouloir-8-0-mezza-corda-arrampicata\/#breadcrumb\",\"itemListElement\":[{\"@type\":\"ListItem\",\"position\":1,\"name\":\"Home\",\"item\":\"https:\/\/www.sestogrado.it\/it\/\"},{\"@type\":\"ListItem\",\"position\":2,\"name\":\"Shop\",\"item\":\"https:\/\/www.sestogrado.it\/it\/shop\/\"},{\"@type\":\"ListItem\",\"position\":3,\"name\":\"Cousin Trestec Supercouloir 8.0 mezza corda arrampicata\"}]},{\"@type\":\"WebSite\",\"@id\":\"https:\/\/www.sestogrado.it\/it\/#website\",\"url\":\"https:\/\/www.sestogrado.it\/it\/\",\"name\":\"Sestogrado\",\"description\":\"yes we climb\",\"publisher\":{\"@id\":\"https:\/\/www.sestogrado.it\/it\/#organization\"},\"potentialAction\":[{\"@type\":\"SearchAction\",\"target\":{\"@type\":\"EntryPoint\",\"urlTemplate\":\"https:\/\/www.sestogrado.it\/it\/?s={search_term_string}\"},\"query-input\":{\"@type\":\"PropertyValueSpecification\",\"valueRequired\":true,\"valueName\":\"search_term_string\"}}],\"inLanguage\":\"it-IT\"},{\"@type\":\"Organization\",\"@id\":\"https:\/\/www.sestogrado.it\/it\/#organization\",\"name\":\"Sestogrado\",\"url\":\"https:\/\/www.sestogrado.it\/it\/\",\"logo\":{\"@type\":\"ImageObject\",\"inLanguage\":\"it-IT\",\"@id\":\"https:\/\/www.sestogrado.it\/it\/#\/schema\/logo\/image\/\",\"url\":\"https:\/\/www.sestogrado.it\/wp-content\/uploads\/2015\/03\/sestogrado-favicon.png\",\"contentUrl\":\"https:\/\/www.sestogrado.it\/wp-content\/uploads\/2015\/03\/sestogrado-favicon.png\",\"width\":260,\"height\":260,\"caption\":\"Sestogrado\"},\"image\":{\"@id\":\"https:\/\/www.sestogrado.it\/it\/#\/schema\/logo\/image\/\"},\"sameAs\":[\"https:\/\/www.facebook.com\/pages\/Sestogrado\/1542635979353017?ref=bookmarks\",\"https:\/\/www.youtube.com\/channel\/UC847kAfTkaJsWpc1jtQwr3Q\"],\"hasMerchantReturnPolicy\":{\"@type\":\"MerchantReturnPolicy\",\"merchantReturnLink\":\"https:\/\/www.sestogrado.it\/it\/termini-e-condizioni\/\"}}]}<\/script>\n<meta property=\"product:brand\" content=\"Cousin Trestec\" \/>\n<meta property=\"og:availability\" content=\"instock\" \/>\n<meta property=\"product:availability\" content=\"instock\" \/>\n<meta property=\"product:condition\" content=\"new\" \/>\n<!-- \/ Yoast SEO plugin. -->","yoast_head_json":{"title":"Cousin Trestec Supercouloir 8.0 mezza corda arrampicata - Sestogrado","description":"La Cousin Trestec Supercouloir 8.0 \u00e8 una mezza corda omologata anche come gemella, con trattamento idrofobico StopAqua e segno di met\u00e0 corda.E' una mezza corda sottile, leggera e resistente, morbida al tatto, \u00e8 molto versatile, per vie alpinistiche, multipitch sportive, trad o per ambiente innevato.Il suo trattamento idrofobico StopAqua, conforme allo standard UIAA Water repellent 101, la protegge dall'eccessivo assorbimento di umidit\u00e0 durante l'utilizzo in condizioni estreme. Vantaggi della tecnologia Techtouch: nuova tecnologia di retrazione in poliammide che fornisce un tocco piacevole e conferisce alla corda un'ottima fluidit\u00e0, durevole nel tempo eliminando l'effetto di scorrimento della guaina sul nucleo della corda. Marcatura centrale della corda (MiddleMarking) per una maggiore sicurezza durante le manovre.","robots":{"index":"index","follow":"follow","max-snippet":"max-snippet:-1","max-image-preview":"max-image-preview:large","max-video-preview":"max-video-preview:-1"},"canonical":"https:\/\/www.sestogrado.it\/it\/prodotto\/cousin-trestec-supercouloir-8-0-mezza-corda-arrampicata\/","og_locale":"it_IT","og_type":"article","og_title":"Cousin Trestec Supercouloir 8.0 mezza corda arrampicata - Sestogrado","og_description":"La Cousin Trestec Supercouloir 8.0 \u00e8 una mezza corda omologata anche come gemella, con trattamento idrofobico StopAqua e segno di met\u00e0 corda.E' una mezza corda sottile, leggera e resistente, morbida al tatto, \u00e8 molto versatile, per vie alpinistiche, multipitch sportive, trad o per ambiente innevato.Il suo trattamento idrofobico StopAqua, conforme allo standard UIAA Water repellent 101, la protegge dall'eccessivo assorbimento di umidit\u00e0 durante l'utilizzo in condizioni estreme. Vantaggi della tecnologia Techtouch: nuova tecnologia di retrazione in poliammide che fornisce un tocco piacevole e conferisce alla corda un'ottima fluidit\u00e0, durevole nel tempo eliminando l'effetto di scorrimento della guaina sul nucleo della corda. Marcatura centrale della corda (MiddleMarking) per una maggiore sicurezza durante le manovre.","og_url":"https:\/\/www.sestogrado.it\/it\/prodotto\/cousin-trestec-supercouloir-8-0-mezza-corda-arrampicata\/","og_site_name":"Sestogrado","article_publisher":"https:\/\/www.facebook.com\/pages\/Sestogrado\/1542635979353017?ref=bookmarks","article_modified_time":"2024-06-10T18:50:36+00:00","og_image":[{"width":1600,"height":1600,"url":"https:\/\/www.sestogrado.it\/wp-content\/uploads\/2023\/05\/01-rossa.jpg","type":"image\/jpeg"}],"twitter_misc":{"Disponibilit\u00e0":"In stock"},"schema":{"@context":"https:\/\/schema.org","@graph":[{"@type":"WebPage","@id":"https:\/\/www.sestogrado.it\/it\/prodotto\/cousin-trestec-supercouloir-8-0-mezza-corda-arrampicata\/","url":"https:\/\/www.sestogrado.it\/it\/prodotto\/cousin-trestec-supercouloir-8-0-mezza-corda-arrampicata\/","name":"Cousin Trestec Supercouloir 8.0 mezza corda arrampicata - Sestogrado","isPartOf":{"@id":"https:\/\/www.sestogrado.it\/it\/#website"},"primaryImageOfPage":{"@id":"https:\/\/www.sestogrado.it\/it\/prodotto\/cousin-trestec-supercouloir-8-0-mezza-corda-arrampicata\/#primaryimage"},"image":{"@id":"https:\/\/www.sestogrado.it\/prodotto\/cousin-trestec-supercouloir-8-0-mezza-corda-arrampicata\/#primaryimage"},"thumbnailUrl":"https:\/\/www.sestogrado.it\/wp-content\/uploads\/2023\/05\/01-rossa.jpg","datePublished":"2023-05-19T12:56:11+00:00","dateModified":"2024-06-10T18:50:36+00:00","description":"La Cousin Trestec Supercouloir 8.0 \u00e8 una mezza corda omologata anche come gemella, con trattamento idrofobico StopAqua e segno di met\u00e0 corda.E' una mezza corda sottile, leggera e resistente, morbida al tatto, \u00e8 molto versatile, per vie alpinistiche, multipitch sportive, trad o per ambiente innevato.Il suo trattamento idrofobico StopAqua, conforme allo standard UIAA Water repellent 101, la protegge dall'eccessivo assorbimento di umidit\u00e0 durante l'utilizzo in condizioni estreme. Vantaggi della tecnologia Techtouch: nuova tecnologia di retrazione in poliammide che fornisce un tocco piacevole e conferisce alla corda un'ottima fluidit\u00e0, durevole nel tempo eliminando l'effetto di scorrimento della guaina sul nucleo della corda. Marcatura centrale della corda (MiddleMarking) per una maggiore sicurezza durante le manovre.","breadcrumb":{"@id":"https:\/\/www.sestogrado.it\/it\/prodotto\/cousin-trestec-supercouloir-8-0-mezza-corda-arrampicata\/#breadcrumb"},"inLanguage":"it-IT","potentialAction":[{"@type":"ReadAction","target":[["https:\/\/www.sestogrado.it\/it\/prodotto\/cousin-trestec-supercouloir-8-0-mezza-corda-arrampicata\/"]]}]},{"@type":"ImageObject","inLanguage":"it-IT","@id":"https:\/\/www.sestogrado.it\/it\/prodotto\/cousin-trestec-supercouloir-8-0-mezza-corda-arrampicata\/#primaryimage","url":"https:\/\/www.sestogrado.it\/wp-content\/uploads\/2023\/05\/01-rossa.jpg","contentUrl":"https:\/\/www.sestogrado.it\/wp-content\/uploads\/2023\/05\/01-rossa.jpg","width":1600,"height":1600,"caption":"supercouloir rossa"},{"@type":"BreadcrumbList","@id":"https:\/\/www.sestogrado.it\/it\/prodotto\/cousin-trestec-supercouloir-8-0-mezza-corda-arrampicata\/#breadcrumb","itemListElement":[{"@type":"ListItem","position":1,"name":"Home","item":"https:\/\/www.sestogrado.it\/it\/"},{"@type":"ListItem","position":2,"name":"Shop","item":"https:\/\/www.sestogrado.it\/it\/shop\/"},{"@type":"ListItem","position":3,"name":"Cousin Trestec Supercouloir 8.0 mezza corda arrampicata"}]},{"@type":"WebSite","@id":"https:\/\/www.sestogrado.it\/it\/#website","url":"https:\/\/www.sestogrado.it\/it\/","name":"Sestogrado","description":"yes we climb","publisher":{"@id":"https:\/\/www.sestogrado.it\/it\/#organization"},"potentialAction":[{"@type":"SearchAction","target":{"@type":"EntryPoint","urlTemplate":"https:\/\/www.sestogrado.it\/it\/?s={search_term_string}"},"query-input":{"@type":"PropertyValueSpecification","valueRequired":true,"valueName":"search_term_string"}}],"inLanguage":"it-IT"},{"@type":"Organization","@id":"https:\/\/www.sestogrado.it\/it\/#organization","name":"Sestogrado","url":"https:\/\/www.sestogrado.it\/it\/","logo":{"@type":"ImageObject","inLanguage":"it-IT","@id":"https:\/\/www.sestogrado.it\/it\/#\/schema\/logo\/image\/","url":"https:\/\/www.sestogrado.it\/wp-content\/uploads\/2015\/03\/sestogrado-favicon.png","contentUrl":"https:\/\/www.sestogrado.it\/wp-content\/uploads\/2015\/03\/sestogrado-favicon.png","width":260,"height":260,"caption":"Sestogrado"},"image":{"@id":"https:\/\/www.sestogrado.it\/it\/#\/schema\/logo\/image\/"},"sameAs":["https:\/\/www.facebook.com\/pages\/Sestogrado\/1542635979353017?ref=bookmarks","https:\/\/www.youtube.com\/channel\/UC847kAfTkaJsWpc1jtQwr3Q"],"hasMerchantReturnPolicy":{"@type":"MerchantReturnPolicy","merchantReturnLink":"https:\/\/www.sestogrado.it\/it\/termini-e-condizioni\/"}}]},"product_brand":"Cousin Trestec","og_availability":"instock","product_availability":"instock","product_condition":"new"},"_links":{"self":[{"href":"https:\/\/www.sestogrado.it\/it\/wp-json\/wp\/v2\/product\/132587","targetHints":{"allow":["GET"]}}],"collection":[{"href":"https:\/\/www.sestogrado.it\/it\/wp-json\/wp\/v2\/product"}],"about":[{"href":"https:\/\/www.sestogrado.it\/it\/wp-json\/wp\/v2\/types\/product"}],"replies":[{"embeddable":true,"href":"https:\/\/www.sestogrado.it\/it\/wp-json\/wp\/v2\/comments?post=132587"}],"wp:featuredmedia":[{"embeddable":true,"href":"https:\/\/www.sestogrado.it\/it\/wp-json\/wp\/v2\/media\/132598"}],"wp:attachment":[{"href":"https:\/\/www.sestogrado.it\/it\/wp-json\/wp\/v2\/media?parent=132587"}],"wp:term":[{"taxonomy":"product_brand","embeddable":true,"href":"https:\/\/www.sestogrado.it\/it\/wp-json\/wp\/v2\/product_brand?post=132587"},{"taxonomy":"product_cat","embeddable":true,"href":"https:\/\/www.sestogrado.it\/it\/wp-json\/wp\/v2\/product_cat?post=132587"},{"taxonomy":"product_tag","embeddable":true,"href":"https:\/\/www.sestogrado.it\/it\/wp-json\/wp\/v2\/product_tag?post=132587"}],"curies":[{"name":"wp","href":"https:\/\/api.w.org\/{rel}","templated":true}]}}