{"id":132378,"date":"2023-05-16T14:54:02","date_gmt":"2023-05-16T12:54:02","guid":{"rendered":"https:\/\/www.sestogrado.it\/?post_type=product&#038;p=132378"},"modified":"2024-12-10T13:03:02","modified_gmt":"2024-12-10T12:03:02","slug":"grivel-g22-plus-new-matic-evo-ramponi-da-ghiaccio","status":"publish","type":"product","link":"https:\/\/www.sestogrado.it\/it\/prodotto\/grivel-g22-plus-new-matic-evo-ramponi-da-ghiaccio\/","title":{"rendered":"Grivel G22 Plus New Matic EVO ramponi da ghiaccio"},"content":{"rendered":"<p>I Grivel G22 Plus New Matic EVO sono dei ramponi da ghiaccio moderni e leggeri per alpinismo tecnico, con allacciatura New Matic Evo, che consente di calzarli con scarponi privi del bordo frontale. Sono caratterizzati da due punte frontali in acciaio forgiato con struttura a T che li rendono dei ramponi utilizzabili in condizioni di ghiaccio ripido e di vie tecniche di misto e difficili pareti nord. Scelto dai top climber di tutto il mondo, il G22 Plus possiede 12 punte ed \u00e8 utilizzato da chi preferisce la stabilit\u00e0 delle due punte rispetto all&#8217;uso del mono punta.<br \/>\nPunte frontali sostituibili in caso di usura elevata, la plasticit\u00e0 dell\u2019acciaio forgiato assicura una tenuta in aderenza sulla roccia e una penetrazione \u201cmorbida\u201d sul ghiaccio. La posizione di ogni punta \u00e8 studiata per fornire maggiore stabilit\u00e0 in tutte le posizioni di arrampicata e su tutte le forme di ghiaccio. Dotato del famoso sistema\u00a0Antibott\u00a0proattivo Grivel sia nella parte anteriore che posteriore.<\/p>\n<p>Il <strong>nuovo sistema di allacciatura posteriore EVO<\/strong> \u00e8 pi\u00f9 moderno, leggero e minimale, rispetto alla versione precedente. La nuova leva e staffa posteriori sono pi\u00f9 semplici, un pezzo invece di cinque. La leva, con design &#8220;Stealth&#8221; \u00e8 pi\u00f9 leggera e consente pi\u00f9 posizioni per adattarsi a tutti gli scarponi. La fettuccia \u00e8 pi\u00f9 leggera e sottile (12mm invece di 14mm) e la fibbia \u00e8 pi\u00f9 minimale, facile da usare e con forte tenuta.<\/p>\n<ul>\n<li>Attivit\u00e0: alpinismo tecnico\/ arrampicata su ghiaccio\/ dry tooling<\/li>\n<li>Materiali \/ costruzione \/ tecnologie:\u00a0acciaio,\u00a0acciaio\u00a0forgiato, plastica<\/li>\n<li>Certificazione: CE EN 893. UIAA 153<\/li>\n<li>Punte di ricambio:\u00a0G22 Plus Forged Points<\/li>\n<li>Punte speciali:\u00a0Katana G22+ Front Points<\/li>\n<li>Peso:\u00a0 926 g\/ paio<\/li>\n<li>Taglie: 38-48<\/li>\n<li>Antibott: fronte e retro<\/li>\n<\/ul>\n<p>&nbsp;<\/p>\n<p>Il G22 Plus New Matic Evo \u00e8 perfetto per l&#8217;arrampicata su ghiaccio o l&#8217;alpinismo tecnico. Si adatta benissimo al misto moderno. Si utilizza perfettamente ovunque siamo costretti ad utilizzare due picozza, si adatta a tutte le difficolt\u00e0 dalle pi\u00f9 semplici fino a quelle pi\u00f9 estreme.<\/p>\n<p>&nbsp;<\/p>\n<p><iframe src=\"\/\/www.youtube.com\/embed\/ef3fH9GuDf4?t=1s\" width=\"560\" height=\"314\" allowfullscreen=\"allowfullscreen\" data-mce-fragment=\"1\"><\/iframe><\/p>","protected":false},"excerpt":{"rendered":"<p>I Grivel G22 Plus New Matic EVO sono dei ramponi da ghiaccio moderni e leggeri per alpinismo tecnico, con allacciatura [&hellip;]<\/p>\n","protected":false},"featured_media":132380,"comment_status":"open","ping_status":"closed","template":"","meta":{"_acf_changed":false},"product_brand":[126],"product_cat":[153],"product_tag":[],"class_list":{"0":"post-132378","1":"product","2":"type-product","3":"status-publish","4":"has-post-thumbnail","6":"product_brand-grivel","7":"product_cat-ramponi","9":"first","10":"instock","11":"sale","12":"taxable","13":"shipping-taxable","14":"purchasable","15":"product-type-simple"},"acf":[],"yoast_head":"<!-- This site is optimized with the Yoast SEO plugin v26.4 - https:\/\/yoast.com\/wordpress\/plugins\/seo\/ -->\n<title>Grivel G22 Plus New Matic EVO ramponi da ghiaccio - Sestogrado<\/title>\n<meta name=\"description\" content=\"I Grivel G22 Plus New Matic EVO sono dei ramponi da ghiaccio moderni e leggeri per alpinismo tecnico, con allacciatura New Matic Evo, che consente di calzarli con scarponi privi del bordo frontale. Sono caratterizzati da due punte frontali in acciaio forgiato con struttura a T che li rendono dei ramponi utilizzabili in condizioni di ghiaccio ripido e di vie tecniche di misto e difficili pareti nord. Scelto dai top climber di tutto il mondo, il G22 Plus possiede 12 punte ed \u00e8 utilizzato da chi preferisce la stabilit\u00e0 delle due punte rispetto all&#039;uso del mono punta.Punte frontali sostituibili in caso di usura elevata, la plasticit\u00e0 dell\u2019acciaio forgiato assicura una tenuta in aderenza sulla roccia e una penetrazione \u201cmorbida\u201d sul ghiaccio. La posizione di ogni punta \u00e8 studiata per fornire maggiore stabilit\u00e0 in tutte le posizioni di arrampicata e su tutte le forme di ghiaccio. Dotato del famoso sistema\u00a0Antibott\u00a0proattivo Grivel sia nella parte anteriore che posteriore.\" \/>\n<meta name=\"robots\" content=\"index, follow, max-snippet:-1, max-image-preview:large, max-video-preview:-1\" \/>\n<link rel=\"canonical\" href=\"https:\/\/www.sestogrado.it\/it\/prodotto\/grivel-g22-plus-new-matic-evo-ramponi-da-ghiaccio\/\" \/>\n<meta property=\"og:locale\" content=\"it_IT\" \/>\n<meta property=\"og:type\" content=\"article\" \/>\n<meta property=\"og:title\" content=\"Grivel G22 Plus New Matic EVO ramponi da ghiaccio - Sestogrado\" \/>\n<meta property=\"og:description\" content=\"I Grivel G22 Plus New Matic EVO sono dei ramponi da ghiaccio moderni e leggeri per alpinismo tecnico, con allacciatura New Matic Evo, che consente di calzarli con scarponi privi del bordo frontale. Sono caratterizzati da due punte frontali in acciaio forgiato con struttura a T che li rendono dei ramponi utilizzabili in condizioni di ghiaccio ripido e di vie tecniche di misto e difficili pareti nord. Scelto dai top climber di tutto il mondo, il G22 Plus possiede 12 punte ed \u00e8 utilizzato da chi preferisce la stabilit\u00e0 delle due punte rispetto all&#039;uso del mono punta.Punte frontali sostituibili in caso di usura elevata, la plasticit\u00e0 dell\u2019acciaio forgiato assicura una tenuta in aderenza sulla roccia e una penetrazione \u201cmorbida\u201d sul ghiaccio. La posizione di ogni punta \u00e8 studiata per fornire maggiore stabilit\u00e0 in tutte le posizioni di arrampicata e su tutte le forme di ghiaccio. Dotato del famoso sistema\u00a0Antibott\u00a0proattivo Grivel sia nella parte anteriore che posteriore.\" \/>\n<meta property=\"og:url\" content=\"https:\/\/www.sestogrado.it\/it\/prodotto\/grivel-g22-plus-new-matic-evo-ramponi-da-ghiaccio\/\" \/>\n<meta property=\"og:site_name\" content=\"Sestogrado\" \/>\n<meta property=\"article:publisher\" content=\"https:\/\/www.facebook.com\/pages\/Sestogrado\/1542635979353017?ref=bookmarks\" \/>\n<meta property=\"article:modified_time\" content=\"2024-12-10T12:03:02+00:00\" \/>\n<meta property=\"og:image\" content=\"https:\/\/www.sestogrado.it\/wp-content\/uploads\/2023\/05\/01-g22.jpg\" \/>\n\t<meta property=\"og:image:width\" content=\"1575\" \/>\n\t<meta property=\"og:image:height\" content=\"1575\" \/>\n\t<meta property=\"og:image:type\" content=\"image\/jpeg\" \/>\n<meta name=\"twitter:label1\" content=\"Prezzo\" \/>\n\t<meta name=\"twitter:data1\" content=\"&euro;&nbsp;205,00\" \/>\n\t<meta name=\"twitter:label2\" content=\"Disponibilit\u00e0\" \/>\n\t<meta name=\"twitter:data2\" content=\"In stock\" \/>\n<script type=\"application\/ld+json\" class=\"yoast-schema-graph\">{\"@context\":\"https:\/\/schema.org\",\"@graph\":[{\"@type\":\"WebPage\",\"@id\":\"https:\/\/www.sestogrado.it\/it\/prodotto\/grivel-g22-plus-new-matic-evo-ramponi-da-ghiaccio\/\",\"url\":\"https:\/\/www.sestogrado.it\/it\/prodotto\/grivel-g22-plus-new-matic-evo-ramponi-da-ghiaccio\/\",\"name\":\"Grivel G22 Plus New Matic EVO ramponi da ghiaccio - Sestogrado\",\"isPartOf\":{\"@id\":\"https:\/\/www.sestogrado.it\/it\/#website\"},\"primaryImageOfPage\":{\"@id\":\"https:\/\/www.sestogrado.it\/it\/prodotto\/grivel-g22-plus-new-matic-evo-ramponi-da-ghiaccio\/#primaryimage\"},\"image\":{\"@id\":\"https:\/\/www.sestogrado.it\/prodotto\/grivel-g22-plus-new-matic-evo-ramponi-da-ghiaccio\/#primaryimage\"},\"thumbnailUrl\":\"https:\/\/www.sestogrado.it\/wp-content\/uploads\/2023\/05\/01-g22.jpg\",\"datePublished\":\"2023-05-16T12:54:02+00:00\",\"dateModified\":\"2024-12-10T12:03:02+00:00\",\"description\":\"I Grivel G22 Plus New Matic EVO sono dei ramponi da ghiaccio moderni e leggeri per alpinismo tecnico, con allacciatura New Matic Evo, che consente di calzarli con scarponi privi del bordo frontale. Sono caratterizzati da due punte frontali in acciaio forgiato con struttura a T che li rendono dei ramponi utilizzabili in condizioni di ghiaccio ripido e di vie tecniche di misto e difficili pareti nord. Scelto dai top climber di tutto il mondo, il G22 Plus possiede 12 punte ed \u00e8 utilizzato da chi preferisce la stabilit\u00e0 delle due punte rispetto all'uso del mono punta.Punte frontali sostituibili in caso di usura elevata, la plasticit\u00e0 dell\u2019acciaio forgiato assicura una tenuta in aderenza sulla roccia e una penetrazione \u201cmorbida\u201d sul ghiaccio. La posizione di ogni punta \u00e8 studiata per fornire maggiore stabilit\u00e0 in tutte le posizioni di arrampicata e su tutte le forme di ghiaccio. Dotato del famoso sistema\u00a0Antibott\u00a0proattivo Grivel sia nella parte anteriore che posteriore.\",\"breadcrumb\":{\"@id\":\"https:\/\/www.sestogrado.it\/it\/prodotto\/grivel-g22-plus-new-matic-evo-ramponi-da-ghiaccio\/#breadcrumb\"},\"inLanguage\":\"it-IT\",\"potentialAction\":[{\"@type\":\"ReadAction\",\"target\":[[\"https:\/\/www.sestogrado.it\/it\/prodotto\/grivel-g22-plus-new-matic-evo-ramponi-da-ghiaccio\/\"]]}]},{\"@type\":\"ImageObject\",\"inLanguage\":\"it-IT\",\"@id\":\"https:\/\/www.sestogrado.it\/it\/prodotto\/grivel-g22-plus-new-matic-evo-ramponi-da-ghiaccio\/#primaryimage\",\"url\":\"https:\/\/www.sestogrado.it\/wp-content\/uploads\/2023\/05\/01-g22.jpg\",\"contentUrl\":\"https:\/\/www.sestogrado.it\/wp-content\/uploads\/2023\/05\/01-g22.jpg\",\"width\":1575,\"height\":1575,\"caption\":\"g22 plus new matic evo\"},{\"@type\":\"BreadcrumbList\",\"@id\":\"https:\/\/www.sestogrado.it\/it\/prodotto\/grivel-g22-plus-new-matic-evo-ramponi-da-ghiaccio\/#breadcrumb\",\"itemListElement\":[{\"@type\":\"ListItem\",\"position\":1,\"name\":\"Home\",\"item\":\"https:\/\/www.sestogrado.it\/it\/\"},{\"@type\":\"ListItem\",\"position\":2,\"name\":\"Shop\",\"item\":\"https:\/\/www.sestogrado.it\/it\/shop\/\"},{\"@type\":\"ListItem\",\"position\":3,\"name\":\"Grivel G22 Plus New Matic EVO ramponi da ghiaccio\"}]},{\"@type\":\"WebSite\",\"@id\":\"https:\/\/www.sestogrado.it\/it\/#website\",\"url\":\"https:\/\/www.sestogrado.it\/it\/\",\"name\":\"Sestogrado\",\"description\":\"yes we climb\",\"publisher\":{\"@id\":\"https:\/\/www.sestogrado.it\/it\/#organization\"},\"potentialAction\":[{\"@type\":\"SearchAction\",\"target\":{\"@type\":\"EntryPoint\",\"urlTemplate\":\"https:\/\/www.sestogrado.it\/it\/?s={search_term_string}\"},\"query-input\":{\"@type\":\"PropertyValueSpecification\",\"valueRequired\":true,\"valueName\":\"search_term_string\"}}],\"inLanguage\":\"it-IT\"},{\"@type\":\"Organization\",\"@id\":\"https:\/\/www.sestogrado.it\/it\/#organization\",\"name\":\"Sestogrado\",\"url\":\"https:\/\/www.sestogrado.it\/it\/\",\"logo\":{\"@type\":\"ImageObject\",\"inLanguage\":\"it-IT\",\"@id\":\"https:\/\/www.sestogrado.it\/it\/#\/schema\/logo\/image\/\",\"url\":\"https:\/\/www.sestogrado.it\/wp-content\/uploads\/2015\/03\/sestogrado-favicon.png\",\"contentUrl\":\"https:\/\/www.sestogrado.it\/wp-content\/uploads\/2015\/03\/sestogrado-favicon.png\",\"width\":260,\"height\":260,\"caption\":\"Sestogrado\"},\"image\":{\"@id\":\"https:\/\/www.sestogrado.it\/it\/#\/schema\/logo\/image\/\"},\"sameAs\":[\"https:\/\/www.facebook.com\/pages\/Sestogrado\/1542635979353017?ref=bookmarks\",\"https:\/\/www.youtube.com\/channel\/UC847kAfTkaJsWpc1jtQwr3Q\"],\"hasMerchantReturnPolicy\":{\"@type\":\"MerchantReturnPolicy\",\"merchantReturnLink\":\"https:\/\/www.sestogrado.it\/it\/termini-e-condizioni\/\"}}]}<\/script>\n<meta property=\"product:brand\" content=\"Grivel\" \/>\n<meta property=\"product:price:amount\" content=\"205.00\" \/>\n<meta property=\"product:price:currency\" content=\"EUR\" \/>\n<meta property=\"og:availability\" content=\"instock\" \/>\n<meta property=\"product:availability\" content=\"instock\" \/>\n<meta property=\"product:condition\" content=\"new\" \/>\n<!-- \/ Yoast SEO plugin. -->","yoast_head_json":{"title":"Grivel G22 Plus New Matic EVO ramponi da ghiaccio - Sestogrado","description":"I Grivel G22 Plus New Matic EVO sono dei ramponi da ghiaccio moderni e leggeri per alpinismo tecnico, con allacciatura New Matic Evo, che consente di calzarli con scarponi privi del bordo frontale. Sono caratterizzati da due punte frontali in acciaio forgiato con struttura a T che li rendono dei ramponi utilizzabili in condizioni di ghiaccio ripido e di vie tecniche di misto e difficili pareti nord. Scelto dai top climber di tutto il mondo, il G22 Plus possiede 12 punte ed \u00e8 utilizzato da chi preferisce la stabilit\u00e0 delle due punte rispetto all'uso del mono punta.Punte frontali sostituibili in caso di usura elevata, la plasticit\u00e0 dell\u2019acciaio forgiato assicura una tenuta in aderenza sulla roccia e una penetrazione \u201cmorbida\u201d sul ghiaccio. La posizione di ogni punta \u00e8 studiata per fornire maggiore stabilit\u00e0 in tutte le posizioni di arrampicata e su tutte le forme di ghiaccio. Dotato del famoso sistema\u00a0Antibott\u00a0proattivo Grivel sia nella parte anteriore che posteriore.","robots":{"index":"index","follow":"follow","max-snippet":"max-snippet:-1","max-image-preview":"max-image-preview:large","max-video-preview":"max-video-preview:-1"},"canonical":"https:\/\/www.sestogrado.it\/it\/prodotto\/grivel-g22-plus-new-matic-evo-ramponi-da-ghiaccio\/","og_locale":"it_IT","og_type":"article","og_title":"Grivel G22 Plus New Matic EVO ramponi da ghiaccio - Sestogrado","og_description":"I Grivel G22 Plus New Matic EVO sono dei ramponi da ghiaccio moderni e leggeri per alpinismo tecnico, con allacciatura New Matic Evo, che consente di calzarli con scarponi privi del bordo frontale. Sono caratterizzati da due punte frontali in acciaio forgiato con struttura a T che li rendono dei ramponi utilizzabili in condizioni di ghiaccio ripido e di vie tecniche di misto e difficili pareti nord. Scelto dai top climber di tutto il mondo, il G22 Plus possiede 12 punte ed \u00e8 utilizzato da chi preferisce la stabilit\u00e0 delle due punte rispetto all'uso del mono punta.Punte frontali sostituibili in caso di usura elevata, la plasticit\u00e0 dell\u2019acciaio forgiato assicura una tenuta in aderenza sulla roccia e una penetrazione \u201cmorbida\u201d sul ghiaccio. La posizione di ogni punta \u00e8 studiata per fornire maggiore stabilit\u00e0 in tutte le posizioni di arrampicata e su tutte le forme di ghiaccio. Dotato del famoso sistema\u00a0Antibott\u00a0proattivo Grivel sia nella parte anteriore che posteriore.","og_url":"https:\/\/www.sestogrado.it\/it\/prodotto\/grivel-g22-plus-new-matic-evo-ramponi-da-ghiaccio\/","og_site_name":"Sestogrado","article_publisher":"https:\/\/www.facebook.com\/pages\/Sestogrado\/1542635979353017?ref=bookmarks","article_modified_time":"2024-12-10T12:03:02+00:00","og_image":[{"width":1575,"height":1575,"url":"https:\/\/www.sestogrado.it\/wp-content\/uploads\/2023\/05\/01-g22.jpg","type":"image\/jpeg"}],"twitter_misc":{"Prezzo":"&euro;&nbsp;205,00","Disponibilit\u00e0":"In stock"},"schema":{"@context":"https:\/\/schema.org","@graph":[{"@type":"WebPage","@id":"https:\/\/www.sestogrado.it\/it\/prodotto\/grivel-g22-plus-new-matic-evo-ramponi-da-ghiaccio\/","url":"https:\/\/www.sestogrado.it\/it\/prodotto\/grivel-g22-plus-new-matic-evo-ramponi-da-ghiaccio\/","name":"Grivel G22 Plus New Matic EVO ramponi da ghiaccio - Sestogrado","isPartOf":{"@id":"https:\/\/www.sestogrado.it\/it\/#website"},"primaryImageOfPage":{"@id":"https:\/\/www.sestogrado.it\/it\/prodotto\/grivel-g22-plus-new-matic-evo-ramponi-da-ghiaccio\/#primaryimage"},"image":{"@id":"https:\/\/www.sestogrado.it\/prodotto\/grivel-g22-plus-new-matic-evo-ramponi-da-ghiaccio\/#primaryimage"},"thumbnailUrl":"https:\/\/www.sestogrado.it\/wp-content\/uploads\/2023\/05\/01-g22.jpg","datePublished":"2023-05-16T12:54:02+00:00","dateModified":"2024-12-10T12:03:02+00:00","description":"I Grivel G22 Plus New Matic EVO sono dei ramponi da ghiaccio moderni e leggeri per alpinismo tecnico, con allacciatura New Matic Evo, che consente di calzarli con scarponi privi del bordo frontale. Sono caratterizzati da due punte frontali in acciaio forgiato con struttura a T che li rendono dei ramponi utilizzabili in condizioni di ghiaccio ripido e di vie tecniche di misto e difficili pareti nord. Scelto dai top climber di tutto il mondo, il G22 Plus possiede 12 punte ed \u00e8 utilizzato da chi preferisce la stabilit\u00e0 delle due punte rispetto all'uso del mono punta.Punte frontali sostituibili in caso di usura elevata, la plasticit\u00e0 dell\u2019acciaio forgiato assicura una tenuta in aderenza sulla roccia e una penetrazione \u201cmorbida\u201d sul ghiaccio. La posizione di ogni punta \u00e8 studiata per fornire maggiore stabilit\u00e0 in tutte le posizioni di arrampicata e su tutte le forme di ghiaccio. Dotato del famoso sistema\u00a0Antibott\u00a0proattivo Grivel sia nella parte anteriore che posteriore.","breadcrumb":{"@id":"https:\/\/www.sestogrado.it\/it\/prodotto\/grivel-g22-plus-new-matic-evo-ramponi-da-ghiaccio\/#breadcrumb"},"inLanguage":"it-IT","potentialAction":[{"@type":"ReadAction","target":[["https:\/\/www.sestogrado.it\/it\/prodotto\/grivel-g22-plus-new-matic-evo-ramponi-da-ghiaccio\/"]]}]},{"@type":"ImageObject","inLanguage":"it-IT","@id":"https:\/\/www.sestogrado.it\/it\/prodotto\/grivel-g22-plus-new-matic-evo-ramponi-da-ghiaccio\/#primaryimage","url":"https:\/\/www.sestogrado.it\/wp-content\/uploads\/2023\/05\/01-g22.jpg","contentUrl":"https:\/\/www.sestogrado.it\/wp-content\/uploads\/2023\/05\/01-g22.jpg","width":1575,"height":1575,"caption":"g22 plus new matic evo"},{"@type":"BreadcrumbList","@id":"https:\/\/www.sestogrado.it\/it\/prodotto\/grivel-g22-plus-new-matic-evo-ramponi-da-ghiaccio\/#breadcrumb","itemListElement":[{"@type":"ListItem","position":1,"name":"Home","item":"https:\/\/www.sestogrado.it\/it\/"},{"@type":"ListItem","position":2,"name":"Shop","item":"https:\/\/www.sestogrado.it\/it\/shop\/"},{"@type":"ListItem","position":3,"name":"Grivel G22 Plus New Matic EVO ramponi da ghiaccio"}]},{"@type":"WebSite","@id":"https:\/\/www.sestogrado.it\/it\/#website","url":"https:\/\/www.sestogrado.it\/it\/","name":"Sestogrado","description":"yes we climb","publisher":{"@id":"https:\/\/www.sestogrado.it\/it\/#organization"},"potentialAction":[{"@type":"SearchAction","target":{"@type":"EntryPoint","urlTemplate":"https:\/\/www.sestogrado.it\/it\/?s={search_term_string}"},"query-input":{"@type":"PropertyValueSpecification","valueRequired":true,"valueName":"search_term_string"}}],"inLanguage":"it-IT"},{"@type":"Organization","@id":"https:\/\/www.sestogrado.it\/it\/#organization","name":"Sestogrado","url":"https:\/\/www.sestogrado.it\/it\/","logo":{"@type":"ImageObject","inLanguage":"it-IT","@id":"https:\/\/www.sestogrado.it\/it\/#\/schema\/logo\/image\/","url":"https:\/\/www.sestogrado.it\/wp-content\/uploads\/2015\/03\/sestogrado-favicon.png","contentUrl":"https:\/\/www.sestogrado.it\/wp-content\/uploads\/2015\/03\/sestogrado-favicon.png","width":260,"height":260,"caption":"Sestogrado"},"image":{"@id":"https:\/\/www.sestogrado.it\/it\/#\/schema\/logo\/image\/"},"sameAs":["https:\/\/www.facebook.com\/pages\/Sestogrado\/1542635979353017?ref=bookmarks","https:\/\/www.youtube.com\/channel\/UC847kAfTkaJsWpc1jtQwr3Q"],"hasMerchantReturnPolicy":{"@type":"MerchantReturnPolicy","merchantReturnLink":"https:\/\/www.sestogrado.it\/it\/termini-e-condizioni\/"}}]},"product_brand":"Grivel","product_price_amount":"205.00","product_price_currency":"EUR","og_availability":"instock","product_availability":"instock","product_condition":"new"},"_links":{"self":[{"href":"https:\/\/www.sestogrado.it\/it\/wp-json\/wp\/v2\/product\/132378","targetHints":{"allow":["GET"]}}],"collection":[{"href":"https:\/\/www.sestogrado.it\/it\/wp-json\/wp\/v2\/product"}],"about":[{"href":"https:\/\/www.sestogrado.it\/it\/wp-json\/wp\/v2\/types\/product"}],"replies":[{"embeddable":true,"href":"https:\/\/www.sestogrado.it\/it\/wp-json\/wp\/v2\/comments?post=132378"}],"wp:featuredmedia":[{"embeddable":true,"href":"https:\/\/www.sestogrado.it\/it\/wp-json\/wp\/v2\/media\/132380"}],"wp:attachment":[{"href":"https:\/\/www.sestogrado.it\/it\/wp-json\/wp\/v2\/media?parent=132378"}],"wp:term":[{"taxonomy":"product_brand","embeddable":true,"href":"https:\/\/www.sestogrado.it\/it\/wp-json\/wp\/v2\/product_brand?post=132378"},{"taxonomy":"product_cat","embeddable":true,"href":"https:\/\/www.sestogrado.it\/it\/wp-json\/wp\/v2\/product_cat?post=132378"},{"taxonomy":"product_tag","embeddable":true,"href":"https:\/\/www.sestogrado.it\/it\/wp-json\/wp\/v2\/product_tag?post=132378"}],"curies":[{"name":"wp","href":"https:\/\/api.w.org\/{rel}","templated":true}]}}