{"id":130262,"date":"2023-04-27T15:19:04","date_gmt":"2023-04-27T13:19:04","guid":{"rendered":"https:\/\/www.sestogrado.it\/?post_type=product&#038;p=130262"},"modified":"2026-04-09T11:00:17","modified_gmt":"2026-04-09T09:00:17","slug":"millet-trilogy-40-saccoletto-da-spedizione-per-temperature-estreme","status":"publish","type":"product","link":"https:\/\/www.sestogrado.it\/it\/prodotto\/millet-trilogy-40-saccoletto-da-spedizione-per-temperature-estreme\/","title":{"rendered":"Millet Trilogy -40 saccoletto da spedizione per temperature estreme"},"content":{"rendered":"<p>Il Millet Trilogy -40 \u00e8 una saccoletto da spedizione per temperature estreme. E&#8217; il sacco a pelo pi\u00f9 caldo della gamma MILLET, progettato per temperature fino a -40\u00b0C, con una struttura 3D ancora pi\u00f9 soffice. Il materiale esterno in Pertex\u00ae idrorepellente in fibre riciclate \u00e8 resistente all&#8217;abrasione.<\/p>\n<p>La temperatura estrema di isolamento \u00e8 -40, la temperatura di comfort \u00e8 -25, la prima temperatura di utilizzo \u00e8 -17 gradi C.<\/p>\n<ul>\n<li>Ampio volume per dormire vestiti con la tua attrezzatura<\/li>\n<li>Piumino d&#8217;oca idrorepellente<\/li>\n<li>Cerniera laterale \u00be per facilitare l&#8217;ingresso e l&#8217;uscita<\/li>\n<li>Doppia patta interna antifreddo<\/li>\n<li>Cerniera bidirezionale per facilitare la ventilazione<\/li>\n<li>Costruzione, senza ponte termico<\/li>\n<li>Costruzione 3D per un migliore potere riempitivo<\/li>\n<li>Collo isolante con coulisse<\/li>\n<li>Cappuccio preformato con coulisse<\/li>\n<li>Tasca interna<\/li>\n<li>Sacco di compressione impermeabile<\/li>\n<li>Sacco portaoggetti in rete incluso<\/li>\n<li>Peso: 1880g<\/li>\n<li>Lunghezza: 225cm<\/li>\n<li>Massima altezza persona: 195cm<\/li>\n<li>Larghezza spalle: 85cm<\/li>\n<li>Dimensioni chiuso: 39x22cm<\/li>\n<li>Tessuti principali : PERTEX\u00ae ECO RIPSTOP \/\/ 100% Poliammide riciclata \/\/ Trattamento\u00a0idrorepellente Durable Water Repellent (DWR) PFC Free<br \/>\nIsolamento : K DRY DOWN FP 850 \/\/ 90% Piumino d&#8217;oca &#8211; 10% Piume \/\/ Trattamento\u00a0idrorepellente Durable Water Repellent (DWR) PFC Free ; Fill power : 850<\/li>\n<\/ul>\n<h4><strong>PRINCIPALI FATTORI FISIOLOGICI CHE INFLUENZANO LA SENSAZIONE DI CALDO \/ FREDDO<\/strong><\/h4>\n<ul>\n<li><strong>Metabolismo:\u00a0<\/strong>dormendo una persona genera 75\/100 Watts di calore, in funzione di diversi fattori quali l\u2019et\u00e0, il sesso, il peso, l\u2019abitudine e le condizioni psicofisiche.<\/li>\n<li><strong>Peso:<\/strong>\u00a0una persona in sovrappeso \u00e8 solita avere un metabolismo pi\u00f9 lento.<br \/>\nIn genere mangia pi\u00f9 di quanto consumi.<br \/>\nQuando intraprendiamo un\u2019impresa alpinistica spesso assumiamo meno calorie di quante se ne consumino.<br \/>\nLe persone in sovrappeso saranno in grado di attingere energia dalle loro riserve grasse e inoltre dispongono di un isolamento naturale superiore alle persone magre.<\/li>\n<li><strong>Et\u00e0:<\/strong>\u00a0il metabolismo \u00e8 collegato all\u2019et\u00e0. Una persona anziana genera meno calore e pertanto avverte il freddo prima di una persona giovane.<\/li>\n<li><strong>Sesso:<\/strong>\u00a0le donne sentono il freddo in genere pi\u00f9 degli uomini tanto che il valore standard di comfort per la donna \u00e8 di 5\u00b0C pi\u00f9 elevato di quello dell\u2019uomo.<\/li>\n<li><strong>Abitudine:<\/strong>\u00a0buona parte degli abitanti del mondo occidentale vive in case dotate di riscaldamento centralizzato, lavora in uffici con l\u2019aria condizionata e si sposta solo all\u2019interno di autovetture climatizzate. Questo stile di vita riduce l\u2019abitudine del corpo alla sopportazione del freddo.<\/li>\n<li><strong>Esperienza:<\/strong>\u00a0l\u2019esperienza e la familiarit\u00e0 con l\u2019attrezzatura con cui si dormir\u00e0 all\u2019aperto aiutano ad ottenere da queste le massime prestazioni. Un principiante avvertir\u00e0 generalmente un maggiore disagio e pi\u00f9 freddo di una persona esperta.<\/li>\n<li><strong>Forma Fisica:<\/strong>\u00a0se conduciamo una vita sedentaria e ci sottoponiamo ad una escursione faticosa avvertiremo subito la fatica. La spossatezza riduce la produzione di calore e questo comporta sensazione di freddo.<\/li>\n<\/ul>\n<p>&nbsp;<\/p>\n<p>Nel 1934, venne lanciato sul mercato il primo zaino Millet. L\u2019attrezzatura Millet si distingue per leggerezza, durata e alta qualit\u00e0. L\u2019azienda si basa sull\u2019esperienza dei migliori alpinisti, come ad esempio Reinhold Messner. Nel 1978 l\u2019alpinista altoatesino ha conquistato la vetta pi\u00f9 alta del mondo: senza maschera di ossigeno, ma con l\u00b4attrezzatura Millet.<\/p>","protected":false},"excerpt":{"rendered":"<p>Il Millet Trilogy -40 \u00e8 una saccoletto da spedizione per temperature estreme. E&#8217; il sacco a pelo pi\u00f9 caldo della [&hellip;]<\/p>\n","protected":false},"featured_media":130265,"comment_status":"open","ping_status":"closed","template":"","meta":{"_acf_changed":false},"product_brand":[312],"product_cat":[577],"product_tag":[],"class_list":{"0":"post-130262","1":"product","2":"type-product","3":"status-publish","4":"has-post-thumbnail","6":"product_brand-millet","7":"product_cat-sacchi-a-pelo","9":"first","10":"instock","11":"sale","12":"taxable","13":"shipping-taxable","14":"purchasable","15":"product-type-simple"},"acf":[],"yoast_head":"<!-- This site is optimized with the Yoast SEO plugin v26.4 - https:\/\/yoast.com\/wordpress\/plugins\/seo\/ -->\n<title>Millet Trilogy -40 saccoletto da spedizione per temperature estreme - Sestogrado<\/title>\n<meta name=\"description\" content=\"Il Millet Trilogy -40 \u00e8 una saccoletto da spedizione per temperature estreme. E&#039; il sacco a pelo pi\u00f9 caldo della gamma MILLET, progettato per temperature fino a -40\u00b0C, con una struttura 3D ancora pi\u00f9 soffice. Il materiale esterno in Pertex\u00ae idrorepellente in fibre riciclate \u00e8 resistente all&#039;abrasione.La temperatura estrema di isolamento \u00e8 -40, la temperatura di comfort \u00e8 -25, la prima temperatura di utilizzo \u00e8 -17 gradi C.\" \/>\n<meta name=\"robots\" content=\"index, follow, max-snippet:-1, max-image-preview:large, max-video-preview:-1\" \/>\n<link rel=\"canonical\" href=\"https:\/\/www.sestogrado.it\/it\/prodotto\/millet-trilogy-40-saccoletto-da-spedizione-per-temperature-estreme\/\" \/>\n<meta property=\"og:locale\" content=\"it_IT\" \/>\n<meta property=\"og:type\" content=\"article\" \/>\n<meta property=\"og:title\" content=\"Millet Trilogy -40 saccoletto da spedizione per temperature estreme - Sestogrado\" \/>\n<meta property=\"og:description\" content=\"Il Millet Trilogy -40 \u00e8 una saccoletto da spedizione per temperature estreme. E&#039; il sacco a pelo pi\u00f9 caldo della gamma MILLET, progettato per temperature fino a -40\u00b0C, con una struttura 3D ancora pi\u00f9 soffice. Il materiale esterno in Pertex\u00ae idrorepellente in fibre riciclate \u00e8 resistente all&#039;abrasione.La temperatura estrema di isolamento \u00e8 -40, la temperatura di comfort \u00e8 -25, la prima temperatura di utilizzo \u00e8 -17 gradi C.\" \/>\n<meta property=\"og:url\" content=\"https:\/\/www.sestogrado.it\/it\/prodotto\/millet-trilogy-40-saccoletto-da-spedizione-per-temperature-estreme\/\" \/>\n<meta property=\"og:site_name\" content=\"Sestogrado\" \/>\n<meta property=\"article:publisher\" content=\"https:\/\/www.facebook.com\/pages\/Sestogrado\/1542635979353017?ref=bookmarks\" \/>\n<meta property=\"article:modified_time\" content=\"2026-04-09T09:00:17+00:00\" \/>\n<meta property=\"og:image\" content=\"https:\/\/www.sestogrado.it\/wp-content\/uploads\/2023\/04\/01-4-scaled.jpg\" \/>\n\t<meta property=\"og:image:width\" content=\"2560\" \/>\n\t<meta property=\"og:image:height\" content=\"2560\" \/>\n\t<meta property=\"og:image:type\" content=\"image\/jpeg\" \/>\n<meta name=\"twitter:label1\" content=\"Prezzo\" \/>\n\t<meta name=\"twitter:data1\" content=\"&euro;&nbsp;979,00\" \/>\n\t<meta name=\"twitter:label2\" content=\"Disponibilit\u00e0\" \/>\n\t<meta name=\"twitter:data2\" content=\"In stock\" \/>\n<script type=\"application\/ld+json\" class=\"yoast-schema-graph\">{\"@context\":\"https:\/\/schema.org\",\"@graph\":[{\"@type\":\"WebPage\",\"@id\":\"https:\/\/www.sestogrado.it\/it\/prodotto\/millet-trilogy-40-saccoletto-da-spedizione-per-temperature-estreme\/\",\"url\":\"https:\/\/www.sestogrado.it\/it\/prodotto\/millet-trilogy-40-saccoletto-da-spedizione-per-temperature-estreme\/\",\"name\":\"Millet Trilogy -40 saccoletto da spedizione per temperature estreme - Sestogrado\",\"isPartOf\":{\"@id\":\"https:\/\/www.sestogrado.it\/it\/#website\"},\"primaryImageOfPage\":{\"@id\":\"https:\/\/www.sestogrado.it\/it\/prodotto\/millet-trilogy-40-saccoletto-da-spedizione-per-temperature-estreme\/#primaryimage\"},\"image\":{\"@id\":\"https:\/\/www.sestogrado.it\/prodotto\/millet-trilogy-40-saccoletto-da-spedizione-per-temperature-estreme\/#primaryimage\"},\"thumbnailUrl\":\"https:\/\/www.sestogrado.it\/wp-content\/uploads\/2023\/04\/01-4-scaled.jpg\",\"datePublished\":\"2023-04-27T13:19:04+00:00\",\"dateModified\":\"2026-04-09T09:00:17+00:00\",\"description\":\"Il Millet Trilogy -40 \u00e8 una saccoletto da spedizione per temperature estreme. E' il sacco a pelo pi\u00f9 caldo della gamma MILLET, progettato per temperature fino a -40\u00b0C, con una struttura 3D ancora pi\u00f9 soffice. Il materiale esterno in Pertex\u00ae idrorepellente in fibre riciclate \u00e8 resistente all'abrasione.La temperatura estrema di isolamento \u00e8 -40, la temperatura di comfort \u00e8 -25, la prima temperatura di utilizzo \u00e8 -17 gradi C.\",\"breadcrumb\":{\"@id\":\"https:\/\/www.sestogrado.it\/it\/prodotto\/millet-trilogy-40-saccoletto-da-spedizione-per-temperature-estreme\/#breadcrumb\"},\"inLanguage\":\"it-IT\",\"potentialAction\":[{\"@type\":\"ReadAction\",\"target\":[[\"https:\/\/www.sestogrado.it\/it\/prodotto\/millet-trilogy-40-saccoletto-da-spedizione-per-temperature-estreme\/\"]]}]},{\"@type\":\"ImageObject\",\"inLanguage\":\"it-IT\",\"@id\":\"https:\/\/www.sestogrado.it\/it\/prodotto\/millet-trilogy-40-saccoletto-da-spedizione-per-temperature-estreme\/#primaryimage\",\"url\":\"https:\/\/www.sestogrado.it\/wp-content\/uploads\/2023\/04\/01-4-scaled.jpg\",\"contentUrl\":\"https:\/\/www.sestogrado.it\/wp-content\/uploads\/2023\/04\/01-4-scaled.jpg\",\"width\":2560,\"height\":2560,\"caption\":\"millet trilogy -40\"},{\"@type\":\"BreadcrumbList\",\"@id\":\"https:\/\/www.sestogrado.it\/it\/prodotto\/millet-trilogy-40-saccoletto-da-spedizione-per-temperature-estreme\/#breadcrumb\",\"itemListElement\":[{\"@type\":\"ListItem\",\"position\":1,\"name\":\"Home\",\"item\":\"https:\/\/www.sestogrado.it\/it\/\"},{\"@type\":\"ListItem\",\"position\":2,\"name\":\"Shop\",\"item\":\"https:\/\/www.sestogrado.it\/it\/shop\/\"},{\"@type\":\"ListItem\",\"position\":3,\"name\":\"Millet Trilogy -40 saccoletto da spedizione per temperature estreme\"}]},{\"@type\":\"WebSite\",\"@id\":\"https:\/\/www.sestogrado.it\/it\/#website\",\"url\":\"https:\/\/www.sestogrado.it\/it\/\",\"name\":\"Sestogrado\",\"description\":\"yes we climb\",\"publisher\":{\"@id\":\"https:\/\/www.sestogrado.it\/it\/#organization\"},\"potentialAction\":[{\"@type\":\"SearchAction\",\"target\":{\"@type\":\"EntryPoint\",\"urlTemplate\":\"https:\/\/www.sestogrado.it\/it\/?s={search_term_string}\"},\"query-input\":{\"@type\":\"PropertyValueSpecification\",\"valueRequired\":true,\"valueName\":\"search_term_string\"}}],\"inLanguage\":\"it-IT\"},{\"@type\":\"Organization\",\"@id\":\"https:\/\/www.sestogrado.it\/it\/#organization\",\"name\":\"Sestogrado\",\"url\":\"https:\/\/www.sestogrado.it\/it\/\",\"logo\":{\"@type\":\"ImageObject\",\"inLanguage\":\"it-IT\",\"@id\":\"https:\/\/www.sestogrado.it\/it\/#\/schema\/logo\/image\/\",\"url\":\"https:\/\/www.sestogrado.it\/wp-content\/uploads\/2015\/03\/sestogrado-favicon.png\",\"contentUrl\":\"https:\/\/www.sestogrado.it\/wp-content\/uploads\/2015\/03\/sestogrado-favicon.png\",\"width\":260,\"height\":260,\"caption\":\"Sestogrado\"},\"image\":{\"@id\":\"https:\/\/www.sestogrado.it\/it\/#\/schema\/logo\/image\/\"},\"sameAs\":[\"https:\/\/www.facebook.com\/pages\/Sestogrado\/1542635979353017?ref=bookmarks\",\"https:\/\/www.youtube.com\/channel\/UC847kAfTkaJsWpc1jtQwr3Q\"],\"hasMerchantReturnPolicy\":{\"@type\":\"MerchantReturnPolicy\",\"merchantReturnLink\":\"https:\/\/www.sestogrado.it\/it\/termini-e-condizioni\/\"}}]}<\/script>\n<meta property=\"product:brand\" content=\"Millet\" \/>\n<meta property=\"product:price:amount\" content=\"979.00\" \/>\n<meta property=\"product:price:currency\" content=\"EUR\" \/>\n<meta property=\"og:availability\" content=\"instock\" \/>\n<meta property=\"product:availability\" content=\"instock\" \/>\n<meta property=\"product:condition\" content=\"new\" \/>\n<!-- \/ Yoast SEO plugin. -->","yoast_head_json":{"title":"Millet Trilogy -40 saccoletto da spedizione per temperature estreme - Sestogrado","description":"Il Millet Trilogy -40 \u00e8 una saccoletto da spedizione per temperature estreme. E' il sacco a pelo pi\u00f9 caldo della gamma MILLET, progettato per temperature fino a -40\u00b0C, con una struttura 3D ancora pi\u00f9 soffice. Il materiale esterno in Pertex\u00ae idrorepellente in fibre riciclate \u00e8 resistente all'abrasione.La temperatura estrema di isolamento \u00e8 -40, la temperatura di comfort \u00e8 -25, la prima temperatura di utilizzo \u00e8 -17 gradi C.","robots":{"index":"index","follow":"follow","max-snippet":"max-snippet:-1","max-image-preview":"max-image-preview:large","max-video-preview":"max-video-preview:-1"},"canonical":"https:\/\/www.sestogrado.it\/it\/prodotto\/millet-trilogy-40-saccoletto-da-spedizione-per-temperature-estreme\/","og_locale":"it_IT","og_type":"article","og_title":"Millet Trilogy -40 saccoletto da spedizione per temperature estreme - Sestogrado","og_description":"Il Millet Trilogy -40 \u00e8 una saccoletto da spedizione per temperature estreme. E' il sacco a pelo pi\u00f9 caldo della gamma MILLET, progettato per temperature fino a -40\u00b0C, con una struttura 3D ancora pi\u00f9 soffice. Il materiale esterno in Pertex\u00ae idrorepellente in fibre riciclate \u00e8 resistente all'abrasione.La temperatura estrema di isolamento \u00e8 -40, la temperatura di comfort \u00e8 -25, la prima temperatura di utilizzo \u00e8 -17 gradi C.","og_url":"https:\/\/www.sestogrado.it\/it\/prodotto\/millet-trilogy-40-saccoletto-da-spedizione-per-temperature-estreme\/","og_site_name":"Sestogrado","article_publisher":"https:\/\/www.facebook.com\/pages\/Sestogrado\/1542635979353017?ref=bookmarks","article_modified_time":"2026-04-09T09:00:17+00:00","og_image":[{"width":2560,"height":2560,"url":"https:\/\/www.sestogrado.it\/wp-content\/uploads\/2023\/04\/01-4-scaled.jpg","type":"image\/jpeg"}],"twitter_misc":{"Prezzo":"&euro;&nbsp;979,00","Disponibilit\u00e0":"In stock"},"schema":{"@context":"https:\/\/schema.org","@graph":[{"@type":"WebPage","@id":"https:\/\/www.sestogrado.it\/it\/prodotto\/millet-trilogy-40-saccoletto-da-spedizione-per-temperature-estreme\/","url":"https:\/\/www.sestogrado.it\/it\/prodotto\/millet-trilogy-40-saccoletto-da-spedizione-per-temperature-estreme\/","name":"Millet Trilogy -40 saccoletto da spedizione per temperature estreme - Sestogrado","isPartOf":{"@id":"https:\/\/www.sestogrado.it\/it\/#website"},"primaryImageOfPage":{"@id":"https:\/\/www.sestogrado.it\/it\/prodotto\/millet-trilogy-40-saccoletto-da-spedizione-per-temperature-estreme\/#primaryimage"},"image":{"@id":"https:\/\/www.sestogrado.it\/prodotto\/millet-trilogy-40-saccoletto-da-spedizione-per-temperature-estreme\/#primaryimage"},"thumbnailUrl":"https:\/\/www.sestogrado.it\/wp-content\/uploads\/2023\/04\/01-4-scaled.jpg","datePublished":"2023-04-27T13:19:04+00:00","dateModified":"2026-04-09T09:00:17+00:00","description":"Il Millet Trilogy -40 \u00e8 una saccoletto da spedizione per temperature estreme. E' il sacco a pelo pi\u00f9 caldo della gamma MILLET, progettato per temperature fino a -40\u00b0C, con una struttura 3D ancora pi\u00f9 soffice. Il materiale esterno in Pertex\u00ae idrorepellente in fibre riciclate \u00e8 resistente all'abrasione.La temperatura estrema di isolamento \u00e8 -40, la temperatura di comfort \u00e8 -25, la prima temperatura di utilizzo \u00e8 -17 gradi C.","breadcrumb":{"@id":"https:\/\/www.sestogrado.it\/it\/prodotto\/millet-trilogy-40-saccoletto-da-spedizione-per-temperature-estreme\/#breadcrumb"},"inLanguage":"it-IT","potentialAction":[{"@type":"ReadAction","target":[["https:\/\/www.sestogrado.it\/it\/prodotto\/millet-trilogy-40-saccoletto-da-spedizione-per-temperature-estreme\/"]]}]},{"@type":"ImageObject","inLanguage":"it-IT","@id":"https:\/\/www.sestogrado.it\/it\/prodotto\/millet-trilogy-40-saccoletto-da-spedizione-per-temperature-estreme\/#primaryimage","url":"https:\/\/www.sestogrado.it\/wp-content\/uploads\/2023\/04\/01-4-scaled.jpg","contentUrl":"https:\/\/www.sestogrado.it\/wp-content\/uploads\/2023\/04\/01-4-scaled.jpg","width":2560,"height":2560,"caption":"millet trilogy -40"},{"@type":"BreadcrumbList","@id":"https:\/\/www.sestogrado.it\/it\/prodotto\/millet-trilogy-40-saccoletto-da-spedizione-per-temperature-estreme\/#breadcrumb","itemListElement":[{"@type":"ListItem","position":1,"name":"Home","item":"https:\/\/www.sestogrado.it\/it\/"},{"@type":"ListItem","position":2,"name":"Shop","item":"https:\/\/www.sestogrado.it\/it\/shop\/"},{"@type":"ListItem","position":3,"name":"Millet Trilogy -40 saccoletto da spedizione per temperature estreme"}]},{"@type":"WebSite","@id":"https:\/\/www.sestogrado.it\/it\/#website","url":"https:\/\/www.sestogrado.it\/it\/","name":"Sestogrado","description":"yes we climb","publisher":{"@id":"https:\/\/www.sestogrado.it\/it\/#organization"},"potentialAction":[{"@type":"SearchAction","target":{"@type":"EntryPoint","urlTemplate":"https:\/\/www.sestogrado.it\/it\/?s={search_term_string}"},"query-input":{"@type":"PropertyValueSpecification","valueRequired":true,"valueName":"search_term_string"}}],"inLanguage":"it-IT"},{"@type":"Organization","@id":"https:\/\/www.sestogrado.it\/it\/#organization","name":"Sestogrado","url":"https:\/\/www.sestogrado.it\/it\/","logo":{"@type":"ImageObject","inLanguage":"it-IT","@id":"https:\/\/www.sestogrado.it\/it\/#\/schema\/logo\/image\/","url":"https:\/\/www.sestogrado.it\/wp-content\/uploads\/2015\/03\/sestogrado-favicon.png","contentUrl":"https:\/\/www.sestogrado.it\/wp-content\/uploads\/2015\/03\/sestogrado-favicon.png","width":260,"height":260,"caption":"Sestogrado"},"image":{"@id":"https:\/\/www.sestogrado.it\/it\/#\/schema\/logo\/image\/"},"sameAs":["https:\/\/www.facebook.com\/pages\/Sestogrado\/1542635979353017?ref=bookmarks","https:\/\/www.youtube.com\/channel\/UC847kAfTkaJsWpc1jtQwr3Q"],"hasMerchantReturnPolicy":{"@type":"MerchantReturnPolicy","merchantReturnLink":"https:\/\/www.sestogrado.it\/it\/termini-e-condizioni\/"}}]},"product_brand":"Millet","product_price_amount":"979.00","product_price_currency":"EUR","og_availability":"instock","product_availability":"instock","product_condition":"new"},"_links":{"self":[{"href":"https:\/\/www.sestogrado.it\/it\/wp-json\/wp\/v2\/product\/130262","targetHints":{"allow":["GET"]}}],"collection":[{"href":"https:\/\/www.sestogrado.it\/it\/wp-json\/wp\/v2\/product"}],"about":[{"href":"https:\/\/www.sestogrado.it\/it\/wp-json\/wp\/v2\/types\/product"}],"replies":[{"embeddable":true,"href":"https:\/\/www.sestogrado.it\/it\/wp-json\/wp\/v2\/comments?post=130262"}],"wp:featuredmedia":[{"embeddable":true,"href":"https:\/\/www.sestogrado.it\/it\/wp-json\/wp\/v2\/media\/130265"}],"wp:attachment":[{"href":"https:\/\/www.sestogrado.it\/it\/wp-json\/wp\/v2\/media?parent=130262"}],"wp:term":[{"taxonomy":"product_brand","embeddable":true,"href":"https:\/\/www.sestogrado.it\/it\/wp-json\/wp\/v2\/product_brand?post=130262"},{"taxonomy":"product_cat","embeddable":true,"href":"https:\/\/www.sestogrado.it\/it\/wp-json\/wp\/v2\/product_cat?post=130262"},{"taxonomy":"product_tag","embeddable":true,"href":"https:\/\/www.sestogrado.it\/it\/wp-json\/wp\/v2\/product_tag?post=130262"}],"curies":[{"name":"wp","href":"https:\/\/api.w.org\/{rel}","templated":true}]}}