{"id":12976,"date":"2017-09-12T11:44:02","date_gmt":"2017-09-12T09:44:02","guid":{"rendered":"https:\/\/www.sestogrado.it\/?post_type=product&#038;p=12976"},"modified":"2026-04-25T21:06:37","modified_gmt":"2026-04-25T19:06:37","slug":"spezzone-di-corda-dinamica-arrampicata-al-metro-vari-spessori","status":"publish","type":"product","link":"https:\/\/www.sestogrado.it\/it\/prodotto\/spezzone-di-corda-dinamica-arrampicata-al-metro-vari-spessori\/","title":{"rendered":"Spezzone di corda dinamica arrampicata al metro vari spessori"},"content":{"rendered":"<p>Lo spezzone di corda singola dinamica consente di fabbricarsi una singola dinamica per i pi\u00f9 svariati usi della lunghezza che si preferisce, con la sicurezza e la dinamicit\u00e0 di una singola dinamica, acquistabile al metro.<\/p>\n<p>Lo spezzone di corda dinamica disponibile al metro pu\u00f2 risultare utile per i seguenti utilizzi:<\/p>\n<ul>\n<li>realizzazione di longe dinamica per assicurazione alla sosta della lunghezza che si preferisce<\/li>\n<li>allestimento di sosta con caratteristiche dinamiche<\/li>\n<li>corda corta da cresta, per piccole calate in terreno alpinistico<\/li>\n<li>per accompagnare neofiti ed assicurare compagni incerti su terreno difficile senza dover portare con s\u00e8 una corda lunga e pesante<\/li>\n<li>per realizzare una &#8220;corda corta&#8221; da palestra, senza consumare inutilmente la propria corda da 60 metri, se si arrampica in indoor con pareti basse e vie di 15 metri, puoi realizzare una singola da 30 metri, pi\u00f9 economica.<\/li>\n<\/ul>\n<p><strong>NOTA: ogni unit\u00e0 \u00e8 un metro. <\/strong>Se si desiderano pi\u00f9 spezzoni di corda, acquistare la quantit\u00e0 totale e poi nelle note dell\u2019ordine inserire le lunghezze e i tagli desiderati.<\/p>\n<p>Lo spezzone di corda singola dinamica \u00e8 disponibile in due spessori: 9.5 e 9.8 con le seguenti propriet\u00e0 dinamiche:<\/p>\n<p><strong> Spessore 9.5<\/strong>:<\/p>\n<ul>\n<li>peso al metro: 59g<\/li>\n<li>allungamento dinamico: 38%<\/li>\n<li>allungamento statico con peso di 80kg: 9,2%<\/li>\n<li>forza di impatto: 7.5kN<\/li>\n<li>numero di cadute UIAA: 6<\/li>\n<li>percentuale calza: 38%<\/li>\n<\/ul>\n<p><strong>Spessore 9.8<\/strong>:<\/p>\n<ul>\n<li>peso al metro: 61g<\/li>\n<li>allungamento dinamico: 35%<\/li>\n<li>allungamento statico con peso di 80kg: 8,7%<\/li>\n<li>forza di impatto: 8.1kN<\/li>\n<li>numero di cadute UIAA: 6<\/li>\n<li>percentuale calza: 38%<\/li>\n<\/ul>\n<p>Lo spezzone viene tagliato e saldato a caldo.<\/p>","protected":false},"excerpt":{"rendered":"<p>Lo spezzone di corda singola dinamica consente di fabbricarsi una singola dinamica per i pi\u00f9 svariati usi della lunghezza che [&hellip;]<\/p>\n","protected":false},"featured_media":12978,"comment_status":"open","ping_status":"closed","template":"","meta":{"_acf_changed":false},"product_brand":[84],"product_cat":[136,137],"product_tag":[457,458],"class_list":{"0":"post-12976","1":"product","2":"type-product","3":"status-publish","4":"has-post-thumbnail","6":"product_brand-beal","7":"product_cat-corde-corde","8":"product_cat-fettucce-e-cordini","9":"product_tag-spezzone-di-corda","10":"product_tag-spezzone-di-corda-dinamica","12":"first","13":"instock","14":"sale","15":"taxable","16":"shipping-taxable","17":"purchasable","18":"product-type-variable"},"acf":[],"yoast_head":"<!-- This site is optimized with the Yoast SEO plugin v26.4 - https:\/\/yoast.com\/wordpress\/plugins\/seo\/ -->\n<title>Spezzone di corda dinamica arrampicata al metro vari spessori - Sestogrado<\/title>\n<meta name=\"description\" content=\"Lo spezzone di corda singola dinamica consente di fabbricarsi una singola dinamica per i pi\u00f9 svariati usi della lunghezza che si preferisce, con la sicurezza e la dinamicit\u00e0 di una singola dinamica, acquistabile al metro. Lo spezzone di corda dinamica disponibile al metro pu\u00f2 risultare utile per i seguenti utilizzi: realizzazione di longe dinamica per assicurazione alla sosta della lunghezza che si preferisce, allestimento di sosta con caratteristiche dinamiche, corda corta da cresta, per piccole calate in terreno alpinistico, per accompagnare neofiti ed assicurare compagni incerti su terreno difficile senza dover portare con s\u00e8 una corda lunga e pesante, per realizzare una &quot;corda corta&quot; da palestra, senza consumare inutilmente la propria corda da 60 metri, se si arrampica in indoor con pareti basse e vie di 15 metri, puoi realizzare una singola da 30 metri, pi\u00f9 economica.\" \/>\n<meta name=\"robots\" content=\"index, follow, max-snippet:-1, max-image-preview:large, max-video-preview:-1\" \/>\n<link rel=\"canonical\" href=\"https:\/\/www.sestogrado.it\/it\/prodotto\/spezzone-di-corda-dinamica-arrampicata-al-metro-vari-spessori\/\" \/>\n<meta property=\"og:locale\" content=\"it_IT\" \/>\n<meta property=\"og:type\" content=\"article\" \/>\n<meta property=\"og:title\" content=\"Spezzone di corda dinamica arrampicata al metro vari spessori - Sestogrado\" \/>\n<meta property=\"og:description\" content=\"Lo spezzone di corda singola dinamica consente di fabbricarsi una singola dinamica per i pi\u00f9 svariati usi della lunghezza che si preferisce, con la sicurezza e la dinamicit\u00e0 di una singola dinamica, acquistabile al metro. Lo spezzone di corda dinamica disponibile al metro pu\u00f2 risultare utile per i seguenti utilizzi: realizzazione di longe dinamica per assicurazione alla sosta della lunghezza che si preferisce, allestimento di sosta con caratteristiche dinamiche, corda corta da cresta, per piccole calate in terreno alpinistico, per accompagnare neofiti ed assicurare compagni incerti su terreno difficile senza dover portare con s\u00e8 una corda lunga e pesante, per realizzare una &quot;corda corta&quot; da palestra, senza consumare inutilmente la propria corda da 60 metri, se si arrampica in indoor con pareti basse e vie di 15 metri, puoi realizzare una singola da 30 metri, pi\u00f9 economica.\" \/>\n<meta property=\"og:url\" content=\"https:\/\/www.sestogrado.it\/it\/prodotto\/spezzone-di-corda-dinamica-arrampicata-al-metro-vari-spessori\/\" \/>\n<meta property=\"og:site_name\" content=\"Sestogrado\" \/>\n<meta property=\"article:publisher\" content=\"https:\/\/www.facebook.com\/pages\/Sestogrado\/1542635979353017?ref=bookmarks\" \/>\n<meta property=\"article:modified_time\" content=\"2026-04-25T19:06:37+00:00\" \/>\n<meta property=\"og:image\" content=\"https:\/\/www.sestogrado.it\/wp-content\/uploads\/2017\/09\/spezzone.jpg\" \/>\n\t<meta property=\"og:image:width\" content=\"1088\" \/>\n\t<meta property=\"og:image:height\" content=\"1088\" \/>\n\t<meta property=\"og:image:type\" content=\"image\/jpeg\" \/>\n<meta name=\"twitter:label1\" content=\"Disponibilit\u00e0\" \/>\n\t<meta name=\"twitter:data1\" content=\"In stock\" \/>\n<script type=\"application\/ld+json\" class=\"yoast-schema-graph\">{\"@context\":\"https:\/\/schema.org\",\"@graph\":[{\"@type\":\"WebPage\",\"@id\":\"https:\/\/www.sestogrado.it\/it\/prodotto\/spezzone-di-corda-dinamica-arrampicata-al-metro-vari-spessori\/\",\"url\":\"https:\/\/www.sestogrado.it\/it\/prodotto\/spezzone-di-corda-dinamica-arrampicata-al-metro-vari-spessori\/\",\"name\":\"Spezzone di corda dinamica arrampicata al metro vari spessori - Sestogrado\",\"isPartOf\":{\"@id\":\"https:\/\/www.sestogrado.it\/it\/#website\"},\"primaryImageOfPage\":{\"@id\":\"https:\/\/www.sestogrado.it\/it\/prodotto\/spezzone-di-corda-dinamica-arrampicata-al-metro-vari-spessori\/#primaryimage\"},\"image\":{\"@id\":\"https:\/\/www.sestogrado.it\/prodotto\/spezzone-di-corda-dinamica-arrampicata-al-metro-vari-spessori\/#primaryimage\"},\"thumbnailUrl\":\"https:\/\/www.sestogrado.it\/wp-content\/uploads\/2017\/09\/spezzone.jpg\",\"datePublished\":\"2017-09-12T09:44:02+00:00\",\"dateModified\":\"2026-04-25T19:06:37+00:00\",\"description\":\"Lo spezzone di corda singola dinamica consente di fabbricarsi una singola dinamica per i pi\u00f9 svariati usi della lunghezza che si preferisce, con la sicurezza e la dinamicit\u00e0 di una singola dinamica, acquistabile al metro. Lo spezzone di corda dinamica disponibile al metro pu\u00f2 risultare utile per i seguenti utilizzi: realizzazione di longe dinamica per assicurazione alla sosta della lunghezza che si preferisce, allestimento di sosta con caratteristiche dinamiche, corda corta da cresta, per piccole calate in terreno alpinistico, per accompagnare neofiti ed assicurare compagni incerti su terreno difficile senza dover portare con s\u00e8 una corda lunga e pesante, per realizzare una \\\"corda corta\\\" da palestra, senza consumare inutilmente la propria corda da 60 metri, se si arrampica in indoor con pareti basse e vie di 15 metri, puoi realizzare una singola da 30 metri, pi\u00f9 economica.\",\"breadcrumb\":{\"@id\":\"https:\/\/www.sestogrado.it\/it\/prodotto\/spezzone-di-corda-dinamica-arrampicata-al-metro-vari-spessori\/#breadcrumb\"},\"inLanguage\":\"it-IT\",\"potentialAction\":[{\"@type\":\"ReadAction\",\"target\":[[\"https:\/\/www.sestogrado.it\/it\/prodotto\/spezzone-di-corda-dinamica-arrampicata-al-metro-vari-spessori\/\"]]}]},{\"@type\":\"ImageObject\",\"inLanguage\":\"it-IT\",\"@id\":\"https:\/\/www.sestogrado.it\/it\/prodotto\/spezzone-di-corda-dinamica-arrampicata-al-metro-vari-spessori\/#primaryimage\",\"url\":\"https:\/\/www.sestogrado.it\/wp-content\/uploads\/2017\/09\/spezzone.jpg\",\"contentUrl\":\"https:\/\/www.sestogrado.it\/wp-content\/uploads\/2017\/09\/spezzone.jpg\",\"width\":1088,\"height\":1088,\"caption\":\"spezzone di corda\"},{\"@type\":\"BreadcrumbList\",\"@id\":\"https:\/\/www.sestogrado.it\/it\/prodotto\/spezzone-di-corda-dinamica-arrampicata-al-metro-vari-spessori\/#breadcrumb\",\"itemListElement\":[{\"@type\":\"ListItem\",\"position\":1,\"name\":\"Home\",\"item\":\"https:\/\/www.sestogrado.it\/it\/\"},{\"@type\":\"ListItem\",\"position\":2,\"name\":\"Shop\",\"item\":\"https:\/\/www.sestogrado.it\/it\/shop\/\"},{\"@type\":\"ListItem\",\"position\":3,\"name\":\"Spezzone di corda dinamica arrampicata al metro vari spessori\"}]},{\"@type\":\"WebSite\",\"@id\":\"https:\/\/www.sestogrado.it\/it\/#website\",\"url\":\"https:\/\/www.sestogrado.it\/it\/\",\"name\":\"Sestogrado\",\"description\":\"yes we climb\",\"publisher\":{\"@id\":\"https:\/\/www.sestogrado.it\/it\/#organization\"},\"potentialAction\":[{\"@type\":\"SearchAction\",\"target\":{\"@type\":\"EntryPoint\",\"urlTemplate\":\"https:\/\/www.sestogrado.it\/it\/?s={search_term_string}\"},\"query-input\":{\"@type\":\"PropertyValueSpecification\",\"valueRequired\":true,\"valueName\":\"search_term_string\"}}],\"inLanguage\":\"it-IT\"},{\"@type\":\"Organization\",\"@id\":\"https:\/\/www.sestogrado.it\/it\/#organization\",\"name\":\"Sestogrado\",\"url\":\"https:\/\/www.sestogrado.it\/it\/\",\"logo\":{\"@type\":\"ImageObject\",\"inLanguage\":\"it-IT\",\"@id\":\"https:\/\/www.sestogrado.it\/it\/#\/schema\/logo\/image\/\",\"url\":\"https:\/\/www.sestogrado.it\/wp-content\/uploads\/2015\/03\/sestogrado-favicon.png\",\"contentUrl\":\"https:\/\/www.sestogrado.it\/wp-content\/uploads\/2015\/03\/sestogrado-favicon.png\",\"width\":260,\"height\":260,\"caption\":\"Sestogrado\"},\"image\":{\"@id\":\"https:\/\/www.sestogrado.it\/it\/#\/schema\/logo\/image\/\"},\"sameAs\":[\"https:\/\/www.facebook.com\/pages\/Sestogrado\/1542635979353017?ref=bookmarks\",\"https:\/\/www.youtube.com\/channel\/UC847kAfTkaJsWpc1jtQwr3Q\"],\"hasMerchantReturnPolicy\":{\"@type\":\"MerchantReturnPolicy\",\"merchantReturnLink\":\"https:\/\/www.sestogrado.it\/it\/termini-e-condizioni\/\"}}]}<\/script>\n<meta property=\"product:brand\" content=\"Beal\" \/>\n<meta property=\"og:availability\" content=\"instock\" \/>\n<meta property=\"product:availability\" content=\"instock\" \/>\n<meta property=\"product:condition\" content=\"new\" \/>\n<!-- \/ Yoast SEO plugin. -->","yoast_head_json":{"title":"Spezzone di corda dinamica arrampicata al metro vari spessori - Sestogrado","description":"Lo spezzone di corda singola dinamica consente di fabbricarsi una singola dinamica per i pi\u00f9 svariati usi della lunghezza che si preferisce, con la sicurezza e la dinamicit\u00e0 di una singola dinamica, acquistabile al metro. Lo spezzone di corda dinamica disponibile al metro pu\u00f2 risultare utile per i seguenti utilizzi: realizzazione di longe dinamica per assicurazione alla sosta della lunghezza che si preferisce, allestimento di sosta con caratteristiche dinamiche, corda corta da cresta, per piccole calate in terreno alpinistico, per accompagnare neofiti ed assicurare compagni incerti su terreno difficile senza dover portare con s\u00e8 una corda lunga e pesante, per realizzare una \"corda corta\" da palestra, senza consumare inutilmente la propria corda da 60 metri, se si arrampica in indoor con pareti basse e vie di 15 metri, puoi realizzare una singola da 30 metri, pi\u00f9 economica.","robots":{"index":"index","follow":"follow","max-snippet":"max-snippet:-1","max-image-preview":"max-image-preview:large","max-video-preview":"max-video-preview:-1"},"canonical":"https:\/\/www.sestogrado.it\/it\/prodotto\/spezzone-di-corda-dinamica-arrampicata-al-metro-vari-spessori\/","og_locale":"it_IT","og_type":"article","og_title":"Spezzone di corda dinamica arrampicata al metro vari spessori - Sestogrado","og_description":"Lo spezzone di corda singola dinamica consente di fabbricarsi una singola dinamica per i pi\u00f9 svariati usi della lunghezza che si preferisce, con la sicurezza e la dinamicit\u00e0 di una singola dinamica, acquistabile al metro. Lo spezzone di corda dinamica disponibile al metro pu\u00f2 risultare utile per i seguenti utilizzi: realizzazione di longe dinamica per assicurazione alla sosta della lunghezza che si preferisce, allestimento di sosta con caratteristiche dinamiche, corda corta da cresta, per piccole calate in terreno alpinistico, per accompagnare neofiti ed assicurare compagni incerti su terreno difficile senza dover portare con s\u00e8 una corda lunga e pesante, per realizzare una \"corda corta\" da palestra, senza consumare inutilmente la propria corda da 60 metri, se si arrampica in indoor con pareti basse e vie di 15 metri, puoi realizzare una singola da 30 metri, pi\u00f9 economica.","og_url":"https:\/\/www.sestogrado.it\/it\/prodotto\/spezzone-di-corda-dinamica-arrampicata-al-metro-vari-spessori\/","og_site_name":"Sestogrado","article_publisher":"https:\/\/www.facebook.com\/pages\/Sestogrado\/1542635979353017?ref=bookmarks","article_modified_time":"2026-04-25T19:06:37+00:00","og_image":[{"width":1088,"height":1088,"url":"https:\/\/www.sestogrado.it\/wp-content\/uploads\/2017\/09\/spezzone.jpg","type":"image\/jpeg"}],"twitter_misc":{"Disponibilit\u00e0":"In stock"},"schema":{"@context":"https:\/\/schema.org","@graph":[{"@type":"WebPage","@id":"https:\/\/www.sestogrado.it\/it\/prodotto\/spezzone-di-corda-dinamica-arrampicata-al-metro-vari-spessori\/","url":"https:\/\/www.sestogrado.it\/it\/prodotto\/spezzone-di-corda-dinamica-arrampicata-al-metro-vari-spessori\/","name":"Spezzone di corda dinamica arrampicata al metro vari spessori - Sestogrado","isPartOf":{"@id":"https:\/\/www.sestogrado.it\/it\/#website"},"primaryImageOfPage":{"@id":"https:\/\/www.sestogrado.it\/it\/prodotto\/spezzone-di-corda-dinamica-arrampicata-al-metro-vari-spessori\/#primaryimage"},"image":{"@id":"https:\/\/www.sestogrado.it\/prodotto\/spezzone-di-corda-dinamica-arrampicata-al-metro-vari-spessori\/#primaryimage"},"thumbnailUrl":"https:\/\/www.sestogrado.it\/wp-content\/uploads\/2017\/09\/spezzone.jpg","datePublished":"2017-09-12T09:44:02+00:00","dateModified":"2026-04-25T19:06:37+00:00","description":"Lo spezzone di corda singola dinamica consente di fabbricarsi una singola dinamica per i pi\u00f9 svariati usi della lunghezza che si preferisce, con la sicurezza e la dinamicit\u00e0 di una singola dinamica, acquistabile al metro. Lo spezzone di corda dinamica disponibile al metro pu\u00f2 risultare utile per i seguenti utilizzi: realizzazione di longe dinamica per assicurazione alla sosta della lunghezza che si preferisce, allestimento di sosta con caratteristiche dinamiche, corda corta da cresta, per piccole calate in terreno alpinistico, per accompagnare neofiti ed assicurare compagni incerti su terreno difficile senza dover portare con s\u00e8 una corda lunga e pesante, per realizzare una \"corda corta\" da palestra, senza consumare inutilmente la propria corda da 60 metri, se si arrampica in indoor con pareti basse e vie di 15 metri, puoi realizzare una singola da 30 metri, pi\u00f9 economica.","breadcrumb":{"@id":"https:\/\/www.sestogrado.it\/it\/prodotto\/spezzone-di-corda-dinamica-arrampicata-al-metro-vari-spessori\/#breadcrumb"},"inLanguage":"it-IT","potentialAction":[{"@type":"ReadAction","target":[["https:\/\/www.sestogrado.it\/it\/prodotto\/spezzone-di-corda-dinamica-arrampicata-al-metro-vari-spessori\/"]]}]},{"@type":"ImageObject","inLanguage":"it-IT","@id":"https:\/\/www.sestogrado.it\/it\/prodotto\/spezzone-di-corda-dinamica-arrampicata-al-metro-vari-spessori\/#primaryimage","url":"https:\/\/www.sestogrado.it\/wp-content\/uploads\/2017\/09\/spezzone.jpg","contentUrl":"https:\/\/www.sestogrado.it\/wp-content\/uploads\/2017\/09\/spezzone.jpg","width":1088,"height":1088,"caption":"spezzone di corda"},{"@type":"BreadcrumbList","@id":"https:\/\/www.sestogrado.it\/it\/prodotto\/spezzone-di-corda-dinamica-arrampicata-al-metro-vari-spessori\/#breadcrumb","itemListElement":[{"@type":"ListItem","position":1,"name":"Home","item":"https:\/\/www.sestogrado.it\/it\/"},{"@type":"ListItem","position":2,"name":"Shop","item":"https:\/\/www.sestogrado.it\/it\/shop\/"},{"@type":"ListItem","position":3,"name":"Spezzone di corda dinamica arrampicata al metro vari spessori"}]},{"@type":"WebSite","@id":"https:\/\/www.sestogrado.it\/it\/#website","url":"https:\/\/www.sestogrado.it\/it\/","name":"Sestogrado","description":"yes we climb","publisher":{"@id":"https:\/\/www.sestogrado.it\/it\/#organization"},"potentialAction":[{"@type":"SearchAction","target":{"@type":"EntryPoint","urlTemplate":"https:\/\/www.sestogrado.it\/it\/?s={search_term_string}"},"query-input":{"@type":"PropertyValueSpecification","valueRequired":true,"valueName":"search_term_string"}}],"inLanguage":"it-IT"},{"@type":"Organization","@id":"https:\/\/www.sestogrado.it\/it\/#organization","name":"Sestogrado","url":"https:\/\/www.sestogrado.it\/it\/","logo":{"@type":"ImageObject","inLanguage":"it-IT","@id":"https:\/\/www.sestogrado.it\/it\/#\/schema\/logo\/image\/","url":"https:\/\/www.sestogrado.it\/wp-content\/uploads\/2015\/03\/sestogrado-favicon.png","contentUrl":"https:\/\/www.sestogrado.it\/wp-content\/uploads\/2015\/03\/sestogrado-favicon.png","width":260,"height":260,"caption":"Sestogrado"},"image":{"@id":"https:\/\/www.sestogrado.it\/it\/#\/schema\/logo\/image\/"},"sameAs":["https:\/\/www.facebook.com\/pages\/Sestogrado\/1542635979353017?ref=bookmarks","https:\/\/www.youtube.com\/channel\/UC847kAfTkaJsWpc1jtQwr3Q"],"hasMerchantReturnPolicy":{"@type":"MerchantReturnPolicy","merchantReturnLink":"https:\/\/www.sestogrado.it\/it\/termini-e-condizioni\/"}}]},"product_brand":"Beal","og_availability":"instock","product_availability":"instock","product_condition":"new"},"_links":{"self":[{"href":"https:\/\/www.sestogrado.it\/it\/wp-json\/wp\/v2\/product\/12976","targetHints":{"allow":["GET"]}}],"collection":[{"href":"https:\/\/www.sestogrado.it\/it\/wp-json\/wp\/v2\/product"}],"about":[{"href":"https:\/\/www.sestogrado.it\/it\/wp-json\/wp\/v2\/types\/product"}],"replies":[{"embeddable":true,"href":"https:\/\/www.sestogrado.it\/it\/wp-json\/wp\/v2\/comments?post=12976"}],"wp:featuredmedia":[{"embeddable":true,"href":"https:\/\/www.sestogrado.it\/it\/wp-json\/wp\/v2\/media\/12978"}],"wp:attachment":[{"href":"https:\/\/www.sestogrado.it\/it\/wp-json\/wp\/v2\/media?parent=12976"}],"wp:term":[{"taxonomy":"product_brand","embeddable":true,"href":"https:\/\/www.sestogrado.it\/it\/wp-json\/wp\/v2\/product_brand?post=12976"},{"taxonomy":"product_cat","embeddable":true,"href":"https:\/\/www.sestogrado.it\/it\/wp-json\/wp\/v2\/product_cat?post=12976"},{"taxonomy":"product_tag","embeddable":true,"href":"https:\/\/www.sestogrado.it\/it\/wp-json\/wp\/v2\/product_tag?post=12976"}],"curies":[{"name":"wp","href":"https:\/\/api.w.org\/{rel}","templated":true}]}}