{"id":12434,"date":"2017-07-31T16:19:12","date_gmt":"2017-07-31T14:19:12","guid":{"rendered":"https:\/\/www.sestogrado.it\/?post_type=product&#038;p=12434"},"modified":"2024-10-14T11:32:51","modified_gmt":"2024-10-14T09:32:51","slug":"idea-montagna-vie-normali-nelle-dolomiti-di-brenta","status":"publish","type":"product","link":"https:\/\/www.sestogrado.it\/it\/prodotto\/idea-montagna-vie-normali-nelle-dolomiti-di-brenta\/","title":{"rendered":"Idea Montagna Vie normali nelle Dolomiti di Brenta"},"content":{"rendered":"<p><strong>Vie normali nelle Dolomiti di Brenta<\/strong> \u00e8 una raccolta\u00a0delle vie normali che conducono alle principali vette delle Dolomiti di Brenta.<\/p>\n<p>Quest&#8217;opera straordinaria annovera una dettagliata descrizione delle principali cime (ben 170), molte delle quali sono ancor poco conosciute e quindi frequentate. La guida si articola in schede tecniche che descrivono meticolosamente percorsi di\u00a0avvicinamento e salita per la via normale ed eventuali varianti: tempi, difficolt\u00e0, dislivelli, il tutto corredato da foto a colori con tracciato della via, schizzi di salita per le cime pi\u00f9 alpinistiche, foto di dettaglio, cenni storici e informazioni naturalistiche. Sono presenti anche note relative ad 55 cime secondarie, portando il numero complessivo di vette catalogate a 225.<\/p>\n<p><em>Contenuto:<\/em><\/p>\n<p>\u2022 170 vie normali ad altrettante vette e informazioni su altre 55 cime secondarie<br \/>\n\u2022 foto a colori, tracciati delle vie di salita e dettagliate relazioni<br \/>\n\u2022 immagini delle cime e foto panoramiche dei gruppi montuosi con i nomi delle cime<br \/>\n\u2022 schizzi di arrampicata per le cime pi\u00f9 alpinistiche<br \/>\n\u2022 note tecniche, dislivelli, tempi, difficolt\u00e0, punti di appoggio, note storiche, primi salitori<br \/>\n\u2022 indice degli itinerari suddivisi per gruppi montuosi elenchi riassuntivi alfabetico, per quota e difficolt\u00e0 di salita<\/p>\n<p>Le vette sono state censite scrupolosamente da Bernardi, Ciri e Muffato per essere raggiunte seguendo la via normale. Oltre ad alcune escursioni indicativamente pi\u00f9 facili, gli autori ci profilano molte cime che rappresentano un severo test anche per l&#8217;alpinista esperto, nei quali sono richiesti il passaggio in roccia, o in alcuni casi tratti, l&#8217;arrampicata.<\/p>\n<p><em>Le cime fanno parte di:<\/em><\/p>\n<ul>\n<li>Catena Meridionale\u00a0(Catena d&#8217;Ambi\u00e9z, Sottogruppo del Vall\u00f2n, Sottogruppo dei Fracingli, Massiccio della Tosa, Sottogruppo del Monte D\u00e0ino, Sottogruppo del Ghez)<\/li>\n<li>Catena Centrale\u00a0(Catena degli Sf\u00f9lmini, Massiccio di Cima Brenta, Massiccio del Grost\u00e9)<\/li>\n<li>Catena Settentrionale\u00a0(Massiccio della Pietra Grande, Catena del Sasso Alto, Massiccio del Sasso Rosso)<\/li>\n<li>Catena Orientale<b>\u00a0<\/b>(Sottogruppo della Campa, Sottogruppo Gaiarda-Altissimo).<\/li>\n<\/ul>\n<p>Gli itinerari intendono portare a riscoprire sia quelle vie normali &#8211; che spesso sono percorse in discesa dopo aver salito vie alpinistiche di maggior difficolt\u00e0- sia le escursioni a cime troppo spesso offuscate dalla fama di vette di maggior richiamo.<\/p>\n<p>&nbsp;<\/p>\n<p><strong>Vie normali nelle Dolomiti di Brenta <\/strong>\u00e8 una guida per gli amanti dell&#8217;alpinismo dolomitico in un ambiente naturale unico, oggi Patrimonio Universale dell&#8217;Umanit\u00e0 Unesco.<\/p>\n<p>&nbsp;<\/p>\n<p><em>Autori:<\/em><\/p>\n<p><strong>Alberto Bernardi<\/strong> \u00e8 nato a Mirano (VE). Ha iniziato a frequentare la montagna grazie agli Scout da bambino. Dopo il trekking e le vie ferrate, negli anni ha frequentato i corsi di alpinismo, roccia, sci alpinismo. Le Dolomiti sono le sue mete preferite e di tanto in tanto frequenta anche i grandi gruppi della Valle d&#8217;Aosta con i suoi compagni d&#8217;avventura. Cerca di trasmettere questa passione ed esperienze anche attraverso la gestione del sito www.lamontagna.org.<\/p>\n<p><strong>Roberto Ciri<\/strong> \u00e8 nato nel 1968 a Foligno (PG). La frequentazione dei corsi di roccia e di arrampicata sportiva con la Scuola di Alpinismo F. Piovan del CAI di Padova e la permanenza come ufficiale istruttore presso la Scuola Militare Alpina di Aosta, dove ha frequentato il 159\u00b0 Corso AUC, hanno rappresentato l&#8217;inizio dell&#8217;attivit\u00e0 alpinistica. La passione per la storia dell&#8217;alpinismo e i percorsi poco frequentati lo hanno portato ad interessarsi alle vie normali delle cime, effettuando fino ad oggi centinaia di salite dal Monte Bianco alle Dolomiti Friulane, nell&#8217;Appennino Umbro-Marchigiano e, all&#8217;estero, in Ladakh e Islanda. Dal 2005 gestisce il sito web VieNormali.it dedicato alle vie normali alle cime dell&#8217;arco alpino.<\/p>\n<p><b>Milo Muffato <\/b>\u00e8 nato e cresciuto a San Don\u00e0 di Piave (VE). \u00a0La passione che \u00e8 cresciuta e maturata negli anni anche grazie ai corsi di alpinismo, roccia e scialpinismo organizzati dal CAI. Frequenta spesso le Dolomiti Venete con Alberto Bernardi, compagno di corsi e cordate, con gli amici del gruppo di scialpinismo\u00a0<i>Speraneve<\/i>\u00a0del CAI di San Don\u00e0 di Piave e con Ulisse, infaticabile golden retriever e splendido compagno di trekking.<\/p>\n<p>&nbsp;<\/p>\n<p>https:\/\/www.slideshare.net\/IdeaMontagna\/vie-normali-nelle-dolomiti-di-brenta<\/p>\n<p>&nbsp;<\/p>\n<p>IDEA MONTAGNA EDIZIONI desidera promuovere la cultura e la bellezza della montagna attraverso la conoscenza delle terre alte, con guide che vanno a valorizzare e descrivere in modo dettagliato le particolari zone montane. Ogni guida approfondisce aspetti culturali, naturalistici e culturali e cerca di valorizzare le tipicit\u00e0 di ogni territorio.<\/p>","protected":false},"excerpt":{"rendered":"<p>Vie normali nelle Dolomiti di Brenta \u00e8 una raccolta\u00a0delle vie normali che conducono alle principali vette delle Dolomiti di Brenta. [&hellip;]<\/p>\n","protected":false},"featured_media":105921,"comment_status":"open","ping_status":"closed","template":"","meta":{"_acf_changed":false},"product_brand":[331],"product_cat":[98],"product_tag":[],"class_list":{"0":"post-12434","1":"product","2":"type-product","3":"status-publish","4":"has-post-thumbnail","6":"product_brand-idea-montagna","7":"product_cat-libri","9":"first","10":"instock","11":"taxable","12":"shipping-taxable","13":"purchasable","14":"product-type-simple"},"acf":[],"yoast_head":"<!-- This site is optimized with the Yoast SEO plugin v26.4 - https:\/\/yoast.com\/wordpress\/plugins\/seo\/ -->\n<title>Idea Montagna Vie normali nelle Dolomiti di Brenta - Sestogrado<\/title>\n<meta name=\"description\" content=\"Vie normali nelle Dolomiti di Brenta \u00e8 una raccolta\u00a0delle vie normali che conducono alle principali vette delle Dolomiti di Brenta. Quest&#039;opera straordinaria annovera una dettagliata descrizione delle principali cime (ben 170), molte delle quali sono ancor poco conosciute e quindi frequentate. La guida si articola in schede tecniche che descrivono meticolosamente percorsi di\u00a0avvicinamento e salita per la via normale ed eventuali varianti: tempi, difficolt\u00e0, dislivelli, il tutto corredato da foto a colori con tracciato della via, schizzi di salita per le cime pi\u00f9 alpinistiche, foto di dettaglio, cenni storici e informazioni naturalistiche. Sono presenti anche note relative ad 55 cime secondarie, portando il numero complessivo di vette catalogate a 225.\" \/>\n<meta name=\"robots\" content=\"index, follow, max-snippet:-1, max-image-preview:large, max-video-preview:-1\" \/>\n<link rel=\"canonical\" href=\"https:\/\/www.sestogrado.it\/it\/prodotto\/idea-montagna-vie-normali-nelle-dolomiti-di-brenta\/\" \/>\n<meta property=\"og:locale\" content=\"it_IT\" \/>\n<meta property=\"og:type\" content=\"article\" \/>\n<meta property=\"og:title\" content=\"Idea Montagna Vie normali nelle Dolomiti di Brenta - Sestogrado\" \/>\n<meta property=\"og:description\" content=\"Vie normali nelle Dolomiti di Brenta \u00e8 una raccolta\u00a0delle vie normali che conducono alle principali vette delle Dolomiti di Brenta. Quest&#039;opera straordinaria annovera una dettagliata descrizione delle principali cime (ben 170), molte delle quali sono ancor poco conosciute e quindi frequentate. La guida si articola in schede tecniche che descrivono meticolosamente percorsi di\u00a0avvicinamento e salita per la via normale ed eventuali varianti: tempi, difficolt\u00e0, dislivelli, il tutto corredato da foto a colori con tracciato della via, schizzi di salita per le cime pi\u00f9 alpinistiche, foto di dettaglio, cenni storici e informazioni naturalistiche. Sono presenti anche note relative ad 55 cime secondarie, portando il numero complessivo di vette catalogate a 225.\" \/>\n<meta property=\"og:url\" content=\"https:\/\/www.sestogrado.it\/it\/prodotto\/idea-montagna-vie-normali-nelle-dolomiti-di-brenta\/\" \/>\n<meta property=\"og:site_name\" content=\"Sestogrado\" \/>\n<meta property=\"article:publisher\" content=\"https:\/\/www.facebook.com\/pages\/Sestogrado\/1542635979353017?ref=bookmarks\" \/>\n<meta property=\"article:modified_time\" content=\"2024-10-14T09:32:51+00:00\" \/>\n<meta property=\"og:image\" content=\"https:\/\/www.sestogrado.it\/wp-content\/uploads\/2017\/07\/Vie-Normali-nelle-Dolomiti-di-Brenta-1.jpg\" \/>\n\t<meta property=\"og:image:width\" content=\"1300\" \/>\n\t<meta property=\"og:image:height\" content=\"1300\" \/>\n\t<meta property=\"og:image:type\" content=\"image\/jpeg\" \/>\n<meta name=\"twitter:label1\" content=\"Prezzo\" \/>\n\t<meta name=\"twitter:data1\" content=\"&euro;&nbsp;31,00\" \/>\n\t<meta name=\"twitter:label2\" content=\"Disponibilit\u00e0\" \/>\n\t<meta name=\"twitter:data2\" content=\"In stock\" \/>\n<script type=\"application\/ld+json\" class=\"yoast-schema-graph\">{\"@context\":\"https:\/\/schema.org\",\"@graph\":[{\"@type\":\"WebPage\",\"@id\":\"https:\/\/www.sestogrado.it\/it\/prodotto\/idea-montagna-vie-normali-nelle-dolomiti-di-brenta\/\",\"url\":\"https:\/\/www.sestogrado.it\/it\/prodotto\/idea-montagna-vie-normali-nelle-dolomiti-di-brenta\/\",\"name\":\"Idea Montagna Vie normali nelle Dolomiti di Brenta - Sestogrado\",\"isPartOf\":{\"@id\":\"https:\/\/www.sestogrado.it\/it\/#website\"},\"primaryImageOfPage\":{\"@id\":\"https:\/\/www.sestogrado.it\/it\/prodotto\/idea-montagna-vie-normali-nelle-dolomiti-di-brenta\/#primaryimage\"},\"image\":{\"@id\":\"https:\/\/www.sestogrado.it\/prodotto\/idea-montagna-vie-normali-nelle-dolomiti-di-brenta\/#primaryimage\"},\"thumbnailUrl\":\"https:\/\/www.sestogrado.it\/wp-content\/uploads\/2017\/07\/Vie-Normali-nelle-Dolomiti-di-Brenta-1.jpg\",\"datePublished\":\"2017-07-31T14:19:12+00:00\",\"dateModified\":\"2024-10-14T09:32:51+00:00\",\"description\":\"Vie normali nelle Dolomiti di Brenta \u00e8 una raccolta\u00a0delle vie normali che conducono alle principali vette delle Dolomiti di Brenta. Quest'opera straordinaria annovera una dettagliata descrizione delle principali cime (ben 170), molte delle quali sono ancor poco conosciute e quindi frequentate. La guida si articola in schede tecniche che descrivono meticolosamente percorsi di\u00a0avvicinamento e salita per la via normale ed eventuali varianti: tempi, difficolt\u00e0, dislivelli, il tutto corredato da foto a colori con tracciato della via, schizzi di salita per le cime pi\u00f9 alpinistiche, foto di dettaglio, cenni storici e informazioni naturalistiche. Sono presenti anche note relative ad 55 cime secondarie, portando il numero complessivo di vette catalogate a 225.\",\"breadcrumb\":{\"@id\":\"https:\/\/www.sestogrado.it\/it\/prodotto\/idea-montagna-vie-normali-nelle-dolomiti-di-brenta\/#breadcrumb\"},\"inLanguage\":\"it-IT\",\"potentialAction\":[{\"@type\":\"ReadAction\",\"target\":[[\"https:\/\/www.sestogrado.it\/it\/prodotto\/idea-montagna-vie-normali-nelle-dolomiti-di-brenta\/\"]]}]},{\"@type\":\"ImageObject\",\"inLanguage\":\"it-IT\",\"@id\":\"https:\/\/www.sestogrado.it\/it\/prodotto\/idea-montagna-vie-normali-nelle-dolomiti-di-brenta\/#primaryimage\",\"url\":\"https:\/\/www.sestogrado.it\/wp-content\/uploads\/2017\/07\/Vie-Normali-nelle-Dolomiti-di-Brenta-1.jpg\",\"contentUrl\":\"https:\/\/www.sestogrado.it\/wp-content\/uploads\/2017\/07\/Vie-Normali-nelle-Dolomiti-di-Brenta-1.jpg\",\"width\":1300,\"height\":1300,\"caption\":\"Vie-Normali-nelle-Dolomiti-di-Brenta\"},{\"@type\":\"BreadcrumbList\",\"@id\":\"https:\/\/www.sestogrado.it\/it\/prodotto\/idea-montagna-vie-normali-nelle-dolomiti-di-brenta\/#breadcrumb\",\"itemListElement\":[{\"@type\":\"ListItem\",\"position\":1,\"name\":\"Home\",\"item\":\"https:\/\/www.sestogrado.it\/it\/\"},{\"@type\":\"ListItem\",\"position\":2,\"name\":\"Shop\",\"item\":\"https:\/\/www.sestogrado.it\/it\/shop\/\"},{\"@type\":\"ListItem\",\"position\":3,\"name\":\"Idea Montagna Vie normali nelle Dolomiti di Brenta\"}]},{\"@type\":\"WebSite\",\"@id\":\"https:\/\/www.sestogrado.it\/it\/#website\",\"url\":\"https:\/\/www.sestogrado.it\/it\/\",\"name\":\"Sestogrado\",\"description\":\"yes we climb\",\"publisher\":{\"@id\":\"https:\/\/www.sestogrado.it\/it\/#organization\"},\"potentialAction\":[{\"@type\":\"SearchAction\",\"target\":{\"@type\":\"EntryPoint\",\"urlTemplate\":\"https:\/\/www.sestogrado.it\/it\/?s={search_term_string}\"},\"query-input\":{\"@type\":\"PropertyValueSpecification\",\"valueRequired\":true,\"valueName\":\"search_term_string\"}}],\"inLanguage\":\"it-IT\"},{\"@type\":\"Organization\",\"@id\":\"https:\/\/www.sestogrado.it\/it\/#organization\",\"name\":\"Sestogrado\",\"url\":\"https:\/\/www.sestogrado.it\/it\/\",\"logo\":{\"@type\":\"ImageObject\",\"inLanguage\":\"it-IT\",\"@id\":\"https:\/\/www.sestogrado.it\/it\/#\/schema\/logo\/image\/\",\"url\":\"https:\/\/www.sestogrado.it\/wp-content\/uploads\/2015\/03\/sestogrado-favicon.png\",\"contentUrl\":\"https:\/\/www.sestogrado.it\/wp-content\/uploads\/2015\/03\/sestogrado-favicon.png\",\"width\":260,\"height\":260,\"caption\":\"Sestogrado\"},\"image\":{\"@id\":\"https:\/\/www.sestogrado.it\/it\/#\/schema\/logo\/image\/\"},\"sameAs\":[\"https:\/\/www.facebook.com\/pages\/Sestogrado\/1542635979353017?ref=bookmarks\",\"https:\/\/www.youtube.com\/channel\/UC847kAfTkaJsWpc1jtQwr3Q\"],\"hasMerchantReturnPolicy\":{\"@type\":\"MerchantReturnPolicy\",\"merchantReturnLink\":\"https:\/\/www.sestogrado.it\/it\/termini-e-condizioni\/\"}}]}<\/script>\n<meta property=\"product:brand\" content=\"Idea Montagna\" \/>\n<meta property=\"product:price:amount\" content=\"31.00\" \/>\n<meta property=\"product:price:currency\" content=\"EUR\" \/>\n<meta property=\"og:availability\" content=\"instock\" \/>\n<meta property=\"product:availability\" content=\"instock\" \/>\n<meta property=\"product:condition\" content=\"new\" \/>\n<!-- \/ Yoast SEO plugin. -->","yoast_head_json":{"title":"Idea Montagna Vie normali nelle Dolomiti di Brenta - Sestogrado","description":"Vie normali nelle Dolomiti di Brenta \u00e8 una raccolta\u00a0delle vie normali che conducono alle principali vette delle Dolomiti di Brenta. Quest'opera straordinaria annovera una dettagliata descrizione delle principali cime (ben 170), molte delle quali sono ancor poco conosciute e quindi frequentate. La guida si articola in schede tecniche che descrivono meticolosamente percorsi di\u00a0avvicinamento e salita per la via normale ed eventuali varianti: tempi, difficolt\u00e0, dislivelli, il tutto corredato da foto a colori con tracciato della via, schizzi di salita per le cime pi\u00f9 alpinistiche, foto di dettaglio, cenni storici e informazioni naturalistiche. Sono presenti anche note relative ad 55 cime secondarie, portando il numero complessivo di vette catalogate a 225.","robots":{"index":"index","follow":"follow","max-snippet":"max-snippet:-1","max-image-preview":"max-image-preview:large","max-video-preview":"max-video-preview:-1"},"canonical":"https:\/\/www.sestogrado.it\/it\/prodotto\/idea-montagna-vie-normali-nelle-dolomiti-di-brenta\/","og_locale":"it_IT","og_type":"article","og_title":"Idea Montagna Vie normali nelle Dolomiti di Brenta - Sestogrado","og_description":"Vie normali nelle Dolomiti di Brenta \u00e8 una raccolta\u00a0delle vie normali che conducono alle principali vette delle Dolomiti di Brenta. Quest'opera straordinaria annovera una dettagliata descrizione delle principali cime (ben 170), molte delle quali sono ancor poco conosciute e quindi frequentate. La guida si articola in schede tecniche che descrivono meticolosamente percorsi di\u00a0avvicinamento e salita per la via normale ed eventuali varianti: tempi, difficolt\u00e0, dislivelli, il tutto corredato da foto a colori con tracciato della via, schizzi di salita per le cime pi\u00f9 alpinistiche, foto di dettaglio, cenni storici e informazioni naturalistiche. Sono presenti anche note relative ad 55 cime secondarie, portando il numero complessivo di vette catalogate a 225.","og_url":"https:\/\/www.sestogrado.it\/it\/prodotto\/idea-montagna-vie-normali-nelle-dolomiti-di-brenta\/","og_site_name":"Sestogrado","article_publisher":"https:\/\/www.facebook.com\/pages\/Sestogrado\/1542635979353017?ref=bookmarks","article_modified_time":"2024-10-14T09:32:51+00:00","og_image":[{"width":1300,"height":1300,"url":"https:\/\/www.sestogrado.it\/wp-content\/uploads\/2017\/07\/Vie-Normali-nelle-Dolomiti-di-Brenta-1.jpg","type":"image\/jpeg"}],"twitter_misc":{"Prezzo":"&euro;&nbsp;31,00","Disponibilit\u00e0":"In stock"},"schema":{"@context":"https:\/\/schema.org","@graph":[{"@type":"WebPage","@id":"https:\/\/www.sestogrado.it\/it\/prodotto\/idea-montagna-vie-normali-nelle-dolomiti-di-brenta\/","url":"https:\/\/www.sestogrado.it\/it\/prodotto\/idea-montagna-vie-normali-nelle-dolomiti-di-brenta\/","name":"Idea Montagna Vie normali nelle Dolomiti di Brenta - Sestogrado","isPartOf":{"@id":"https:\/\/www.sestogrado.it\/it\/#website"},"primaryImageOfPage":{"@id":"https:\/\/www.sestogrado.it\/it\/prodotto\/idea-montagna-vie-normali-nelle-dolomiti-di-brenta\/#primaryimage"},"image":{"@id":"https:\/\/www.sestogrado.it\/prodotto\/idea-montagna-vie-normali-nelle-dolomiti-di-brenta\/#primaryimage"},"thumbnailUrl":"https:\/\/www.sestogrado.it\/wp-content\/uploads\/2017\/07\/Vie-Normali-nelle-Dolomiti-di-Brenta-1.jpg","datePublished":"2017-07-31T14:19:12+00:00","dateModified":"2024-10-14T09:32:51+00:00","description":"Vie normali nelle Dolomiti di Brenta \u00e8 una raccolta\u00a0delle vie normali che conducono alle principali vette delle Dolomiti di Brenta. Quest'opera straordinaria annovera una dettagliata descrizione delle principali cime (ben 170), molte delle quali sono ancor poco conosciute e quindi frequentate. La guida si articola in schede tecniche che descrivono meticolosamente percorsi di\u00a0avvicinamento e salita per la via normale ed eventuali varianti: tempi, difficolt\u00e0, dislivelli, il tutto corredato da foto a colori con tracciato della via, schizzi di salita per le cime pi\u00f9 alpinistiche, foto di dettaglio, cenni storici e informazioni naturalistiche. Sono presenti anche note relative ad 55 cime secondarie, portando il numero complessivo di vette catalogate a 225.","breadcrumb":{"@id":"https:\/\/www.sestogrado.it\/it\/prodotto\/idea-montagna-vie-normali-nelle-dolomiti-di-brenta\/#breadcrumb"},"inLanguage":"it-IT","potentialAction":[{"@type":"ReadAction","target":[["https:\/\/www.sestogrado.it\/it\/prodotto\/idea-montagna-vie-normali-nelle-dolomiti-di-brenta\/"]]}]},{"@type":"ImageObject","inLanguage":"it-IT","@id":"https:\/\/www.sestogrado.it\/it\/prodotto\/idea-montagna-vie-normali-nelle-dolomiti-di-brenta\/#primaryimage","url":"https:\/\/www.sestogrado.it\/wp-content\/uploads\/2017\/07\/Vie-Normali-nelle-Dolomiti-di-Brenta-1.jpg","contentUrl":"https:\/\/www.sestogrado.it\/wp-content\/uploads\/2017\/07\/Vie-Normali-nelle-Dolomiti-di-Brenta-1.jpg","width":1300,"height":1300,"caption":"Vie-Normali-nelle-Dolomiti-di-Brenta"},{"@type":"BreadcrumbList","@id":"https:\/\/www.sestogrado.it\/it\/prodotto\/idea-montagna-vie-normali-nelle-dolomiti-di-brenta\/#breadcrumb","itemListElement":[{"@type":"ListItem","position":1,"name":"Home","item":"https:\/\/www.sestogrado.it\/it\/"},{"@type":"ListItem","position":2,"name":"Shop","item":"https:\/\/www.sestogrado.it\/it\/shop\/"},{"@type":"ListItem","position":3,"name":"Idea Montagna Vie normali nelle Dolomiti di Brenta"}]},{"@type":"WebSite","@id":"https:\/\/www.sestogrado.it\/it\/#website","url":"https:\/\/www.sestogrado.it\/it\/","name":"Sestogrado","description":"yes we climb","publisher":{"@id":"https:\/\/www.sestogrado.it\/it\/#organization"},"potentialAction":[{"@type":"SearchAction","target":{"@type":"EntryPoint","urlTemplate":"https:\/\/www.sestogrado.it\/it\/?s={search_term_string}"},"query-input":{"@type":"PropertyValueSpecification","valueRequired":true,"valueName":"search_term_string"}}],"inLanguage":"it-IT"},{"@type":"Organization","@id":"https:\/\/www.sestogrado.it\/it\/#organization","name":"Sestogrado","url":"https:\/\/www.sestogrado.it\/it\/","logo":{"@type":"ImageObject","inLanguage":"it-IT","@id":"https:\/\/www.sestogrado.it\/it\/#\/schema\/logo\/image\/","url":"https:\/\/www.sestogrado.it\/wp-content\/uploads\/2015\/03\/sestogrado-favicon.png","contentUrl":"https:\/\/www.sestogrado.it\/wp-content\/uploads\/2015\/03\/sestogrado-favicon.png","width":260,"height":260,"caption":"Sestogrado"},"image":{"@id":"https:\/\/www.sestogrado.it\/it\/#\/schema\/logo\/image\/"},"sameAs":["https:\/\/www.facebook.com\/pages\/Sestogrado\/1542635979353017?ref=bookmarks","https:\/\/www.youtube.com\/channel\/UC847kAfTkaJsWpc1jtQwr3Q"],"hasMerchantReturnPolicy":{"@type":"MerchantReturnPolicy","merchantReturnLink":"https:\/\/www.sestogrado.it\/it\/termini-e-condizioni\/"}}]},"product_brand":"Idea Montagna","product_price_amount":"31.00","product_price_currency":"EUR","og_availability":"instock","product_availability":"instock","product_condition":"new"},"_links":{"self":[{"href":"https:\/\/www.sestogrado.it\/it\/wp-json\/wp\/v2\/product\/12434","targetHints":{"allow":["GET"]}}],"collection":[{"href":"https:\/\/www.sestogrado.it\/it\/wp-json\/wp\/v2\/product"}],"about":[{"href":"https:\/\/www.sestogrado.it\/it\/wp-json\/wp\/v2\/types\/product"}],"replies":[{"embeddable":true,"href":"https:\/\/www.sestogrado.it\/it\/wp-json\/wp\/v2\/comments?post=12434"}],"wp:featuredmedia":[{"embeddable":true,"href":"https:\/\/www.sestogrado.it\/it\/wp-json\/wp\/v2\/media\/105921"}],"wp:attachment":[{"href":"https:\/\/www.sestogrado.it\/it\/wp-json\/wp\/v2\/media?parent=12434"}],"wp:term":[{"taxonomy":"product_brand","embeddable":true,"href":"https:\/\/www.sestogrado.it\/it\/wp-json\/wp\/v2\/product_brand?post=12434"},{"taxonomy":"product_cat","embeddable":true,"href":"https:\/\/www.sestogrado.it\/it\/wp-json\/wp\/v2\/product_cat?post=12434"},{"taxonomy":"product_tag","embeddable":true,"href":"https:\/\/www.sestogrado.it\/it\/wp-json\/wp\/v2\/product_tag?post=12434"}],"curies":[{"name":"wp","href":"https:\/\/api.w.org\/{rel}","templated":true}]}}