{"id":12428,"date":"2017-07-31T16:20:33","date_gmt":"2017-07-31T14:20:33","guid":{"rendered":"https:\/\/www.sestogrado.it\/?post_type=product&#038;p=12428"},"modified":"2025-06-19T11:29:08","modified_gmt":"2025-06-19T09:29:08","slug":"idea-montagna-ferrate-nelle-dolomiti-settentrionali","status":"publish","type":"product","link":"https:\/\/www.sestogrado.it\/it\/prodotto\/idea-montagna-ferrate-nelle-dolomiti-settentrionali\/","title":{"rendered":"Idea Montagna Ferrate nelle Dolomiti Settentrionali"},"content":{"rendered":"<p><b>Ferrate nelle Dolomiti Settentrionali\u00a0<\/b>\u00e8 una guida sulle vie pi\u00f9 entusiasmanti di luoghi simbolo dell&#8217;intera catena dolomitica, come le Tre Cime di Lavaredo, il Lago di Braies, le pareti nord occidentali delle Olde.<\/p>\n<p>L&#8217;opera di Andrea Greci \u00e8 un invito a tutti coloro che vogliono intraprendere -oltre ai sentieri pi\u00f9 battuti- l&#8217;emozione di una via attrezzata, con itinerari di tutte le difficolt\u00e0 e passaggi differenti tra loro,\u00a0dalle porte di Bressanone fino ad Auronzo. Le ferrate e i sentieri descritti non solo invitano l&#8217;appassionato ad un primo confronto con le pareti, le guglie e le cenge di cime di questi luoghi imponenti e meravigliosi, ma contemplano al tempo stesso piacevoli approfondimenti su vecchi sentieri militari e camminamenti risalenti alla Prima Guerra Mondiale. La guida non si prefigge di racchiudere ferrate eccessivamente atletiche e di difficolt\u00e0 estreme: tuttavia, gli isolati scenari raccontati non mancheranno di impegnare chi li intraprender\u00e0 in maniera severa. Questa guida non mancher\u00e0 di accompagnarvi in un viaggio nell&#8217;essenza stessa di queste montagne, che permetteranno all&#8217;appassionato di instaurare un rapporto intimo e profondo con gli scenari di queste vette.<\/p>\n<p><b>Ferrate nelle Dolomiti Settentrionali <\/b>\u00e8\u00a0una preziosa opera che, se approfondita, vi sapr\u00e0 guidare attraverso molteplici itinerari per rimanere sospesi per giorni interminabili\u00a0negli scenari pi\u00f9 incantati delle Dolomiti.<\/p>\n<div><\/div>\n<div>\n<div id=\"col-news-list\">\n<div id=\"col-news-list-txt\">\n<p>&nbsp;<\/p>\n<p><strong>Andrea Greci<\/strong> \u00e8<b>\u00a0<\/b>nato a Parma nel 1978 ed \u00e8 giornalista, fotografo e autore. Da anni si dedica a tempo pieno a raccontare con immagini e parole le montagne italiane. Ha pubblicato articoli su quotidiani e periodici, ha scritto e illustrato guide escursionistiche sulle Dolomiti e sulla Valle d&#8217;Aosta e oltre venti libri sull&#8217;Appennino Tosco-Emiliano, dove ha percorso quasi ogni sentiero ma anche esplorato con ramponi e piccozze canali e creste di queste &#8220;piccole montagne&#8221;. Sulle Alpi ha percorso alcuni itinerari classici soprattutto sui &#8220;giganti&#8221; della Valle d&#8217;Aosta, ma di solito preferisce salire 3000 poco frequentati, camminare su piccoli ghiacciai o attraversare nel silenzio gruppi montuosi dimenticati.<\/p>\n<\/div>\n<\/div>\n<\/div>\n<div><\/div>\n<div>\n<p>&nbsp;<\/p>\n<p>Nata nel 2005, l&#8217;Associazione Sportiva Idea Montagna propone iniziative legate al mondo della montagna, dall&#8217;allenamento per l&#8217;alpinista e lo scialpinista ai viaggi alpinistici e spedizioni extraeuropee. L&#8217;Associazione ha anche, tra i suoi obiettivi, il rispetto e la salvaguardia dell&#8217;ambiente montano. Ogni socio accomuna le sue aspirazioni alpinistiche con questi valori con la netta convinzione che solo cos\u00ec la montagna e l&#8217;alpinismo potranno essere vissuti anche dalle generazioni future.<\/p>\n<p>Nell&#8217;ambito delle pubblicazioni Idea Montagna si contraddistingue per una grafica moderna e di impatto. I volumi pubblicati hanno ottenuto tutti un buon successo sia di critica che di vendite. I primi due libri, usciti alla fine del 2006, riguardano la grande passione del fondatore: la scalata sulle cascate di ghiaccio. I volumi &#8220;Ghiaccio Verticale 1&#8221; e &#8220;Ghiaccio Verticale 2&#8221; sono infatti diventati le guide di riferimento di tutti i ghiacciatori del nord-est e non solo.<\/p>\n<p>Sull&#8217;onda di questo successo l&#8217;Associazione ha pubblicato volumi di altri alpinisti ponendosi in breve tempo a buoni livelli di soddisfazione ed \u00e8 alla ricerca di altri autori per nuove opere.<\/p>\n<\/div>\n<div><\/div>\n<p><\/p>","protected":false},"excerpt":{"rendered":"<p>Ferrate nelle Dolomiti Settentrionali\u00a0\u00e8 una guida sulle vie pi\u00f9 entusiasmanti di luoghi simbolo dell&#8217;intera catena dolomitica, come le Tre Cime [&hellip;]<\/p>\n","protected":false},"featured_media":106493,"comment_status":"open","ping_status":"closed","template":"","meta":{"_acf_changed":false},"product_brand":[331],"product_cat":[98],"product_tag":[],"class_list":{"0":"post-12428","1":"product","2":"type-product","3":"status-publish","4":"has-post-thumbnail","6":"product_brand-idea-montagna","7":"product_cat-libri","9":"first","10":"instock","11":"taxable","12":"shipping-taxable","13":"purchasable","14":"product-type-simple"},"acf":[],"yoast_head":"<!-- This site is optimized with the Yoast SEO plugin v26.4 - https:\/\/yoast.com\/wordpress\/plugins\/seo\/ -->\n<title>Idea Montagna Ferrate nelle Dolomiti Settentrionali - Sestogrado<\/title>\n<meta name=\"description\" content=\"Ferrate nelle Dolomiti Settentrionali\u00a0\u00e8 una guida sulle vie pi\u00f9 entusiasmanti di luoghi simbolo dell&#039;intera catena dolomitica.\" \/>\n<meta name=\"robots\" content=\"index, follow, max-snippet:-1, max-image-preview:large, max-video-preview:-1\" \/>\n<link rel=\"canonical\" href=\"https:\/\/www.sestogrado.it\/it\/prodotto\/idea-montagna-ferrate-nelle-dolomiti-settentrionali\/\" \/>\n<meta property=\"og:locale\" content=\"it_IT\" \/>\n<meta property=\"og:type\" content=\"article\" \/>\n<meta property=\"og:title\" content=\"Idea Montagna Ferrate nelle Dolomiti Settentrionali - Sestogrado\" \/>\n<meta property=\"og:description\" content=\"Ferrate nelle Dolomiti Settentrionali\u00a0\u00e8 una guida sulle vie pi\u00f9 entusiasmanti di luoghi simbolo dell&#039;intera catena dolomitica.\" \/>\n<meta property=\"og:url\" content=\"https:\/\/www.sestogrado.it\/it\/prodotto\/idea-montagna-ferrate-nelle-dolomiti-settentrionali\/\" \/>\n<meta property=\"og:site_name\" content=\"Sestogrado\" \/>\n<meta property=\"article:publisher\" content=\"https:\/\/www.facebook.com\/pages\/Sestogrado\/1542635979353017?ref=bookmarks\" \/>\n<meta property=\"article:modified_time\" content=\"2025-06-19T09:29:08+00:00\" \/>\n<meta property=\"og:image\" content=\"https:\/\/www.sestogrado.it\/wp-content\/uploads\/2021\/08\/Ferrate-Dolomiti-Settentrionali-1.jpg\" \/>\n\t<meta property=\"og:image:width\" content=\"1060\" \/>\n\t<meta property=\"og:image:height\" content=\"1060\" \/>\n\t<meta property=\"og:image:type\" content=\"image\/jpeg\" \/>\n<meta name=\"twitter:label1\" content=\"Prezzo\" \/>\n\t<meta name=\"twitter:data1\" content=\"&euro;&nbsp;24,00\" \/>\n\t<meta name=\"twitter:label2\" content=\"Disponibilit\u00e0\" \/>\n\t<meta name=\"twitter:data2\" content=\"In stock\" \/>\n<script type=\"application\/ld+json\" class=\"yoast-schema-graph\">{\"@context\":\"https:\/\/schema.org\",\"@graph\":[{\"@type\":\"WebPage\",\"@id\":\"https:\/\/www.sestogrado.it\/it\/prodotto\/idea-montagna-ferrate-nelle-dolomiti-settentrionali\/\",\"url\":\"https:\/\/www.sestogrado.it\/it\/prodotto\/idea-montagna-ferrate-nelle-dolomiti-settentrionali\/\",\"name\":\"Idea Montagna Ferrate nelle Dolomiti Settentrionali - Sestogrado\",\"isPartOf\":{\"@id\":\"https:\/\/www.sestogrado.it\/it\/#website\"},\"primaryImageOfPage\":{\"@id\":\"https:\/\/www.sestogrado.it\/it\/prodotto\/idea-montagna-ferrate-nelle-dolomiti-settentrionali\/#primaryimage\"},\"image\":{\"@id\":\"https:\/\/www.sestogrado.it\/prodotto\/idea-montagna-ferrate-nelle-dolomiti-settentrionali\/#primaryimage\"},\"thumbnailUrl\":\"https:\/\/www.sestogrado.it\/wp-content\/uploads\/2021\/08\/Ferrate-Dolomiti-Settentrionali-1.jpg\",\"datePublished\":\"2017-07-31T14:20:33+00:00\",\"dateModified\":\"2025-06-19T09:29:08+00:00\",\"description\":\"Ferrate nelle Dolomiti Settentrionali\u00a0\u00e8 una guida sulle vie pi\u00f9 entusiasmanti di luoghi simbolo dell'intera catena dolomitica.\",\"breadcrumb\":{\"@id\":\"https:\/\/www.sestogrado.it\/it\/prodotto\/idea-montagna-ferrate-nelle-dolomiti-settentrionali\/#breadcrumb\"},\"inLanguage\":\"it-IT\",\"potentialAction\":[{\"@type\":\"ReadAction\",\"target\":[[\"https:\/\/www.sestogrado.it\/it\/prodotto\/idea-montagna-ferrate-nelle-dolomiti-settentrionali\/\"]]}]},{\"@type\":\"ImageObject\",\"inLanguage\":\"it-IT\",\"@id\":\"https:\/\/www.sestogrado.it\/it\/prodotto\/idea-montagna-ferrate-nelle-dolomiti-settentrionali\/#primaryimage\",\"url\":\"https:\/\/www.sestogrado.it\/wp-content\/uploads\/2021\/08\/Ferrate-Dolomiti-Settentrionali-1.jpg\",\"contentUrl\":\"https:\/\/www.sestogrado.it\/wp-content\/uploads\/2021\/08\/Ferrate-Dolomiti-Settentrionali-1.jpg\",\"width\":1060,\"height\":1060,\"caption\":\"idea montagna ferrate dolomiti settentrionali\"},{\"@type\":\"BreadcrumbList\",\"@id\":\"https:\/\/www.sestogrado.it\/it\/prodotto\/idea-montagna-ferrate-nelle-dolomiti-settentrionali\/#breadcrumb\",\"itemListElement\":[{\"@type\":\"ListItem\",\"position\":1,\"name\":\"Home\",\"item\":\"https:\/\/www.sestogrado.it\/it\/\"},{\"@type\":\"ListItem\",\"position\":2,\"name\":\"Shop\",\"item\":\"https:\/\/www.sestogrado.it\/it\/shop\/\"},{\"@type\":\"ListItem\",\"position\":3,\"name\":\"Idea Montagna Ferrate nelle Dolomiti Settentrionali\"}]},{\"@type\":\"WebSite\",\"@id\":\"https:\/\/www.sestogrado.it\/it\/#website\",\"url\":\"https:\/\/www.sestogrado.it\/it\/\",\"name\":\"Sestogrado\",\"description\":\"yes we climb\",\"publisher\":{\"@id\":\"https:\/\/www.sestogrado.it\/it\/#organization\"},\"potentialAction\":[{\"@type\":\"SearchAction\",\"target\":{\"@type\":\"EntryPoint\",\"urlTemplate\":\"https:\/\/www.sestogrado.it\/it\/?s={search_term_string}\"},\"query-input\":{\"@type\":\"PropertyValueSpecification\",\"valueRequired\":true,\"valueName\":\"search_term_string\"}}],\"inLanguage\":\"it-IT\"},{\"@type\":\"Organization\",\"@id\":\"https:\/\/www.sestogrado.it\/it\/#organization\",\"name\":\"Sestogrado\",\"url\":\"https:\/\/www.sestogrado.it\/it\/\",\"logo\":{\"@type\":\"ImageObject\",\"inLanguage\":\"it-IT\",\"@id\":\"https:\/\/www.sestogrado.it\/it\/#\/schema\/logo\/image\/\",\"url\":\"https:\/\/www.sestogrado.it\/wp-content\/uploads\/2015\/03\/sestogrado-favicon.png\",\"contentUrl\":\"https:\/\/www.sestogrado.it\/wp-content\/uploads\/2015\/03\/sestogrado-favicon.png\",\"width\":260,\"height\":260,\"caption\":\"Sestogrado\"},\"image\":{\"@id\":\"https:\/\/www.sestogrado.it\/it\/#\/schema\/logo\/image\/\"},\"sameAs\":[\"https:\/\/www.facebook.com\/pages\/Sestogrado\/1542635979353017?ref=bookmarks\",\"https:\/\/www.youtube.com\/channel\/UC847kAfTkaJsWpc1jtQwr3Q\"],\"hasMerchantReturnPolicy\":{\"@type\":\"MerchantReturnPolicy\",\"merchantReturnLink\":\"https:\/\/www.sestogrado.it\/it\/termini-e-condizioni\/\"}}]}<\/script>\n<meta property=\"product:brand\" content=\"Idea Montagna\" \/>\n<meta property=\"product:price:amount\" content=\"24.00\" \/>\n<meta property=\"product:price:currency\" content=\"EUR\" \/>\n<meta property=\"og:availability\" content=\"instock\" \/>\n<meta property=\"product:availability\" content=\"instock\" \/>\n<meta property=\"product:condition\" content=\"new\" \/>\n<!-- \/ Yoast SEO plugin. -->","yoast_head_json":{"title":"Idea Montagna Ferrate nelle Dolomiti Settentrionali - Sestogrado","description":"Ferrate nelle Dolomiti Settentrionali\u00a0\u00e8 una guida sulle vie pi\u00f9 entusiasmanti di luoghi simbolo dell'intera catena dolomitica.","robots":{"index":"index","follow":"follow","max-snippet":"max-snippet:-1","max-image-preview":"max-image-preview:large","max-video-preview":"max-video-preview:-1"},"canonical":"https:\/\/www.sestogrado.it\/it\/prodotto\/idea-montagna-ferrate-nelle-dolomiti-settentrionali\/","og_locale":"it_IT","og_type":"article","og_title":"Idea Montagna Ferrate nelle Dolomiti Settentrionali - Sestogrado","og_description":"Ferrate nelle Dolomiti Settentrionali\u00a0\u00e8 una guida sulle vie pi\u00f9 entusiasmanti di luoghi simbolo dell'intera catena dolomitica.","og_url":"https:\/\/www.sestogrado.it\/it\/prodotto\/idea-montagna-ferrate-nelle-dolomiti-settentrionali\/","og_site_name":"Sestogrado","article_publisher":"https:\/\/www.facebook.com\/pages\/Sestogrado\/1542635979353017?ref=bookmarks","article_modified_time":"2025-06-19T09:29:08+00:00","og_image":[{"width":1060,"height":1060,"url":"https:\/\/www.sestogrado.it\/wp-content\/uploads\/2021\/08\/Ferrate-Dolomiti-Settentrionali-1.jpg","type":"image\/jpeg"}],"twitter_misc":{"Prezzo":"&euro;&nbsp;24,00","Disponibilit\u00e0":"In stock"},"schema":{"@context":"https:\/\/schema.org","@graph":[{"@type":"WebPage","@id":"https:\/\/www.sestogrado.it\/it\/prodotto\/idea-montagna-ferrate-nelle-dolomiti-settentrionali\/","url":"https:\/\/www.sestogrado.it\/it\/prodotto\/idea-montagna-ferrate-nelle-dolomiti-settentrionali\/","name":"Idea Montagna Ferrate nelle Dolomiti Settentrionali - Sestogrado","isPartOf":{"@id":"https:\/\/www.sestogrado.it\/it\/#website"},"primaryImageOfPage":{"@id":"https:\/\/www.sestogrado.it\/it\/prodotto\/idea-montagna-ferrate-nelle-dolomiti-settentrionali\/#primaryimage"},"image":{"@id":"https:\/\/www.sestogrado.it\/prodotto\/idea-montagna-ferrate-nelle-dolomiti-settentrionali\/#primaryimage"},"thumbnailUrl":"https:\/\/www.sestogrado.it\/wp-content\/uploads\/2021\/08\/Ferrate-Dolomiti-Settentrionali-1.jpg","datePublished":"2017-07-31T14:20:33+00:00","dateModified":"2025-06-19T09:29:08+00:00","description":"Ferrate nelle Dolomiti Settentrionali\u00a0\u00e8 una guida sulle vie pi\u00f9 entusiasmanti di luoghi simbolo dell'intera catena dolomitica.","breadcrumb":{"@id":"https:\/\/www.sestogrado.it\/it\/prodotto\/idea-montagna-ferrate-nelle-dolomiti-settentrionali\/#breadcrumb"},"inLanguage":"it-IT","potentialAction":[{"@type":"ReadAction","target":[["https:\/\/www.sestogrado.it\/it\/prodotto\/idea-montagna-ferrate-nelle-dolomiti-settentrionali\/"]]}]},{"@type":"ImageObject","inLanguage":"it-IT","@id":"https:\/\/www.sestogrado.it\/it\/prodotto\/idea-montagna-ferrate-nelle-dolomiti-settentrionali\/#primaryimage","url":"https:\/\/www.sestogrado.it\/wp-content\/uploads\/2021\/08\/Ferrate-Dolomiti-Settentrionali-1.jpg","contentUrl":"https:\/\/www.sestogrado.it\/wp-content\/uploads\/2021\/08\/Ferrate-Dolomiti-Settentrionali-1.jpg","width":1060,"height":1060,"caption":"idea montagna ferrate dolomiti settentrionali"},{"@type":"BreadcrumbList","@id":"https:\/\/www.sestogrado.it\/it\/prodotto\/idea-montagna-ferrate-nelle-dolomiti-settentrionali\/#breadcrumb","itemListElement":[{"@type":"ListItem","position":1,"name":"Home","item":"https:\/\/www.sestogrado.it\/it\/"},{"@type":"ListItem","position":2,"name":"Shop","item":"https:\/\/www.sestogrado.it\/it\/shop\/"},{"@type":"ListItem","position":3,"name":"Idea Montagna Ferrate nelle Dolomiti Settentrionali"}]},{"@type":"WebSite","@id":"https:\/\/www.sestogrado.it\/it\/#website","url":"https:\/\/www.sestogrado.it\/it\/","name":"Sestogrado","description":"yes we climb","publisher":{"@id":"https:\/\/www.sestogrado.it\/it\/#organization"},"potentialAction":[{"@type":"SearchAction","target":{"@type":"EntryPoint","urlTemplate":"https:\/\/www.sestogrado.it\/it\/?s={search_term_string}"},"query-input":{"@type":"PropertyValueSpecification","valueRequired":true,"valueName":"search_term_string"}}],"inLanguage":"it-IT"},{"@type":"Organization","@id":"https:\/\/www.sestogrado.it\/it\/#organization","name":"Sestogrado","url":"https:\/\/www.sestogrado.it\/it\/","logo":{"@type":"ImageObject","inLanguage":"it-IT","@id":"https:\/\/www.sestogrado.it\/it\/#\/schema\/logo\/image\/","url":"https:\/\/www.sestogrado.it\/wp-content\/uploads\/2015\/03\/sestogrado-favicon.png","contentUrl":"https:\/\/www.sestogrado.it\/wp-content\/uploads\/2015\/03\/sestogrado-favicon.png","width":260,"height":260,"caption":"Sestogrado"},"image":{"@id":"https:\/\/www.sestogrado.it\/it\/#\/schema\/logo\/image\/"},"sameAs":["https:\/\/www.facebook.com\/pages\/Sestogrado\/1542635979353017?ref=bookmarks","https:\/\/www.youtube.com\/channel\/UC847kAfTkaJsWpc1jtQwr3Q"],"hasMerchantReturnPolicy":{"@type":"MerchantReturnPolicy","merchantReturnLink":"https:\/\/www.sestogrado.it\/it\/termini-e-condizioni\/"}}]},"product_brand":"Idea Montagna","product_price_amount":"24.00","product_price_currency":"EUR","og_availability":"instock","product_availability":"instock","product_condition":"new"},"_links":{"self":[{"href":"https:\/\/www.sestogrado.it\/it\/wp-json\/wp\/v2\/product\/12428","targetHints":{"allow":["GET"]}}],"collection":[{"href":"https:\/\/www.sestogrado.it\/it\/wp-json\/wp\/v2\/product"}],"about":[{"href":"https:\/\/www.sestogrado.it\/it\/wp-json\/wp\/v2\/types\/product"}],"replies":[{"embeddable":true,"href":"https:\/\/www.sestogrado.it\/it\/wp-json\/wp\/v2\/comments?post=12428"}],"wp:featuredmedia":[{"embeddable":true,"href":"https:\/\/www.sestogrado.it\/it\/wp-json\/wp\/v2\/media\/106493"}],"wp:attachment":[{"href":"https:\/\/www.sestogrado.it\/it\/wp-json\/wp\/v2\/media?parent=12428"}],"wp:term":[{"taxonomy":"product_brand","embeddable":true,"href":"https:\/\/www.sestogrado.it\/it\/wp-json\/wp\/v2\/product_brand?post=12428"},{"taxonomy":"product_cat","embeddable":true,"href":"https:\/\/www.sestogrado.it\/it\/wp-json\/wp\/v2\/product_cat?post=12428"},{"taxonomy":"product_tag","embeddable":true,"href":"https:\/\/www.sestogrado.it\/it\/wp-json\/wp\/v2\/product_tag?post=12428"}],"curies":[{"name":"wp","href":"https:\/\/api.w.org\/{rel}","templated":true}]}}