{"id":123551,"date":"2023-01-25T08:40:20","date_gmt":"2023-01-25T07:40:20","guid":{"rendered":"https:\/\/www.sestogrado.it\/?post_type=product&#038;p=123551"},"modified":"2026-01-02T18:02:31","modified_gmt":"2026-01-02T17:02:31","slug":"grivel-razor-ice-vario-blade-lama-per-ghiaccio-puro","status":"publish","type":"product","link":"https:\/\/www.sestogrado.it\/it\/prodotto\/grivel-razor-ice-vario-blade-lama-per-ghiaccio-puro\/","title":{"rendered":"Grivel Razor Ice vario blade lama per ghiaccio puro"},"content":{"rendered":"<p>La Grivel Razor Ice Vario \u00e8 una lama sottile in acciaio balistico, ideale per l&#8217;arrampicata su ghiaccio puro. Ha uno spessore di soli 2,5 mm, uno dei pi\u00f9 sottili sul mercato.<br \/>\n\u00c8 realizzato in acciaio balistico che lo rende pi\u00f9 resistente. Funziona con il sistema\u00a0Grivel Vario\u00a0di lame e accessori intercambiabili.<\/p>\n<p>\u2022 Attivit\u00e0: arrampicata su ghiaccio<br \/>\n\u2022 Materiali\/costruzione\/tecnologie:\u00a0acciaio\u00a0balistico, taglio laser<br \/>\n\u2022 Certificazioni: CE EN 13089, tipo 1, UIAA 152<br \/>\n\u2022 Peso: 89 g<\/p>\n<p>&nbsp;<\/p>\n<p><strong>Sistema Vario<\/strong>: \u00e8 un sistema innovativo per lame e accessori intercambiabili. \u00c8 compatibile con tutte le piccozze della famiglia Machine (Light Machine,\u00a0North Machine,\u00a0North Machine Carbon,\u00a0Tech Machine, Tech Machine Carbon,\u00a0Dark Machine,\u00a0Dark Machine X).<br \/>\n<strong>Simple Vario<\/strong>: Parte posteriore nuda per lame\u00a0Vario System, per ridurre il peso al minimo.<\/p>","protected":false},"excerpt":{"rendered":"<p>La Grivel Razor Ice Vario \u00e8 una lama sottile in acciaio balistico, ideale per l&#8217;arrampicata su ghiaccio puro. Ha uno [&hellip;]<\/p>\n","protected":false},"featured_media":123552,"comment_status":"open","ping_status":"closed","template":"","meta":{"_acf_changed":false},"product_brand":[126],"product_cat":[514],"product_tag":[],"class_list":{"0":"post-123551","1":"product","2":"type-product","3":"status-publish","4":"has-post-thumbnail","6":"product_brand-grivel","7":"product_cat-ricambi","9":"first","10":"instock","11":"sale","12":"taxable","13":"shipping-taxable","14":"purchasable","15":"product-type-simple"},"acf":[],"yoast_head":"<!-- This site is optimized with the Yoast SEO plugin v26.4 - https:\/\/yoast.com\/wordpress\/plugins\/seo\/ -->\n<title>Grivel Razor Ice vario blade lama per ghiaccio puro - Sestogrado<\/title>\n<meta name=\"description\" content=\"La Grivel Razor Ice Vario \u00e8 una lama sottile in acciaio balistico, ideale per l&#039;arrampicata su ghiaccio puro. Ha uno spessore di soli 2,5 mm, uno dei pi\u00f9 sottili sul mercato.\u00c8 realizzato in acciaio balistico che lo rende pi\u00f9 resistente. Funziona con il sistema\u00a0Grivel Vario\u00a0di lame e accessori intercambiabili.\" \/>\n<meta name=\"robots\" content=\"index, follow, max-snippet:-1, max-image-preview:large, max-video-preview:-1\" \/>\n<link rel=\"canonical\" href=\"https:\/\/www.sestogrado.it\/it\/prodotto\/grivel-razor-ice-vario-blade-lama-per-ghiaccio-puro\/\" \/>\n<meta property=\"og:locale\" content=\"it_IT\" \/>\n<meta property=\"og:type\" content=\"article\" \/>\n<meta property=\"og:title\" content=\"Grivel Razor Ice vario blade lama per ghiaccio puro - Sestogrado\" \/>\n<meta property=\"og:description\" content=\"La Grivel Razor Ice Vario \u00e8 una lama sottile in acciaio balistico, ideale per l&#039;arrampicata su ghiaccio puro. Ha uno spessore di soli 2,5 mm, uno dei pi\u00f9 sottili sul mercato.\u00c8 realizzato in acciaio balistico che lo rende pi\u00f9 resistente. Funziona con il sistema\u00a0Grivel Vario\u00a0di lame e accessori intercambiabili.\" \/>\n<meta property=\"og:url\" content=\"https:\/\/www.sestogrado.it\/it\/prodotto\/grivel-razor-ice-vario-blade-lama-per-ghiaccio-puro\/\" \/>\n<meta property=\"og:site_name\" content=\"Sestogrado\" \/>\n<meta property=\"article:publisher\" content=\"https:\/\/www.facebook.com\/pages\/Sestogrado\/1542635979353017?ref=bookmarks\" \/>\n<meta property=\"article:modified_time\" content=\"2026-01-02T17:02:31+00:00\" \/>\n<meta property=\"og:image\" content=\"https:\/\/www.sestogrado.it\/wp-content\/uploads\/2023\/01\/razor.jpg\" \/>\n\t<meta property=\"og:image:width\" content=\"1600\" \/>\n\t<meta property=\"og:image:height\" content=\"1600\" \/>\n\t<meta property=\"og:image:type\" content=\"image\/jpeg\" \/>\n<meta name=\"twitter:label1\" content=\"Prezzo\" \/>\n\t<meta name=\"twitter:data1\" content=\"&euro;&nbsp;74,90\" \/>\n\t<meta name=\"twitter:label2\" content=\"Disponibilit\u00e0\" \/>\n\t<meta name=\"twitter:data2\" content=\"In stock\" \/>\n<script type=\"application\/ld+json\" class=\"yoast-schema-graph\">{\"@context\":\"https:\/\/schema.org\",\"@graph\":[{\"@type\":\"WebPage\",\"@id\":\"https:\/\/www.sestogrado.it\/it\/prodotto\/grivel-razor-ice-vario-blade-lama-per-ghiaccio-puro\/\",\"url\":\"https:\/\/www.sestogrado.it\/it\/prodotto\/grivel-razor-ice-vario-blade-lama-per-ghiaccio-puro\/\",\"name\":\"Grivel Razor Ice vario blade lama per ghiaccio puro - Sestogrado\",\"isPartOf\":{\"@id\":\"https:\/\/www.sestogrado.it\/it\/#website\"},\"primaryImageOfPage\":{\"@id\":\"https:\/\/www.sestogrado.it\/it\/prodotto\/grivel-razor-ice-vario-blade-lama-per-ghiaccio-puro\/#primaryimage\"},\"image\":{\"@id\":\"https:\/\/www.sestogrado.it\/prodotto\/grivel-razor-ice-vario-blade-lama-per-ghiaccio-puro\/#primaryimage\"},\"thumbnailUrl\":\"https:\/\/www.sestogrado.it\/wp-content\/uploads\/2023\/01\/razor.jpg\",\"datePublished\":\"2023-01-25T07:40:20+00:00\",\"dateModified\":\"2026-01-02T17:02:31+00:00\",\"description\":\"La Grivel Razor Ice Vario \u00e8 una lama sottile in acciaio balistico, ideale per l'arrampicata su ghiaccio puro. Ha uno spessore di soli 2,5 mm, uno dei pi\u00f9 sottili sul mercato.\u00c8 realizzato in acciaio balistico che lo rende pi\u00f9 resistente. Funziona con il sistema\u00a0Grivel Vario\u00a0di lame e accessori intercambiabili.\",\"breadcrumb\":{\"@id\":\"https:\/\/www.sestogrado.it\/it\/prodotto\/grivel-razor-ice-vario-blade-lama-per-ghiaccio-puro\/#breadcrumb\"},\"inLanguage\":\"it-IT\",\"potentialAction\":[{\"@type\":\"ReadAction\",\"target\":[[\"https:\/\/www.sestogrado.it\/it\/prodotto\/grivel-razor-ice-vario-blade-lama-per-ghiaccio-puro\/\"]]}]},{\"@type\":\"ImageObject\",\"inLanguage\":\"it-IT\",\"@id\":\"https:\/\/www.sestogrado.it\/it\/prodotto\/grivel-razor-ice-vario-blade-lama-per-ghiaccio-puro\/#primaryimage\",\"url\":\"https:\/\/www.sestogrado.it\/wp-content\/uploads\/2023\/01\/razor.jpg\",\"contentUrl\":\"https:\/\/www.sestogrado.it\/wp-content\/uploads\/2023\/01\/razor.jpg\",\"width\":1600,\"height\":1600,\"caption\":\"razor ice\"},{\"@type\":\"BreadcrumbList\",\"@id\":\"https:\/\/www.sestogrado.it\/it\/prodotto\/grivel-razor-ice-vario-blade-lama-per-ghiaccio-puro\/#breadcrumb\",\"itemListElement\":[{\"@type\":\"ListItem\",\"position\":1,\"name\":\"Home\",\"item\":\"https:\/\/www.sestogrado.it\/it\/\"},{\"@type\":\"ListItem\",\"position\":2,\"name\":\"Shop\",\"item\":\"https:\/\/www.sestogrado.it\/it\/shop\/\"},{\"@type\":\"ListItem\",\"position\":3,\"name\":\"Grivel Razor Ice vario blade lama per ghiaccio puro\"}]},{\"@type\":\"WebSite\",\"@id\":\"https:\/\/www.sestogrado.it\/it\/#website\",\"url\":\"https:\/\/www.sestogrado.it\/it\/\",\"name\":\"Sestogrado\",\"description\":\"yes we climb\",\"publisher\":{\"@id\":\"https:\/\/www.sestogrado.it\/it\/#organization\"},\"potentialAction\":[{\"@type\":\"SearchAction\",\"target\":{\"@type\":\"EntryPoint\",\"urlTemplate\":\"https:\/\/www.sestogrado.it\/it\/?s={search_term_string}\"},\"query-input\":{\"@type\":\"PropertyValueSpecification\",\"valueRequired\":true,\"valueName\":\"search_term_string\"}}],\"inLanguage\":\"it-IT\"},{\"@type\":\"Organization\",\"@id\":\"https:\/\/www.sestogrado.it\/it\/#organization\",\"name\":\"Sestogrado\",\"url\":\"https:\/\/www.sestogrado.it\/it\/\",\"logo\":{\"@type\":\"ImageObject\",\"inLanguage\":\"it-IT\",\"@id\":\"https:\/\/www.sestogrado.it\/it\/#\/schema\/logo\/image\/\",\"url\":\"https:\/\/www.sestogrado.it\/wp-content\/uploads\/2015\/03\/sestogrado-favicon.png\",\"contentUrl\":\"https:\/\/www.sestogrado.it\/wp-content\/uploads\/2015\/03\/sestogrado-favicon.png\",\"width\":260,\"height\":260,\"caption\":\"Sestogrado\"},\"image\":{\"@id\":\"https:\/\/www.sestogrado.it\/it\/#\/schema\/logo\/image\/\"},\"sameAs\":[\"https:\/\/www.facebook.com\/pages\/Sestogrado\/1542635979353017?ref=bookmarks\",\"https:\/\/www.youtube.com\/channel\/UC847kAfTkaJsWpc1jtQwr3Q\"],\"hasMerchantReturnPolicy\":{\"@type\":\"MerchantReturnPolicy\",\"merchantReturnLink\":\"https:\/\/www.sestogrado.it\/it\/termini-e-condizioni\/\"}}]}<\/script>\n<meta property=\"product:brand\" content=\"Grivel\" \/>\n<meta property=\"product:price:amount\" content=\"74.90\" \/>\n<meta property=\"product:price:currency\" content=\"EUR\" \/>\n<meta property=\"og:availability\" content=\"instock\" \/>\n<meta property=\"product:availability\" content=\"instock\" \/>\n<meta property=\"product:condition\" content=\"new\" \/>\n<!-- \/ Yoast SEO plugin. -->","yoast_head_json":{"title":"Grivel Razor Ice vario blade lama per ghiaccio puro - Sestogrado","description":"La Grivel Razor Ice Vario \u00e8 una lama sottile in acciaio balistico, ideale per l'arrampicata su ghiaccio puro. Ha uno spessore di soli 2,5 mm, uno dei pi\u00f9 sottili sul mercato.\u00c8 realizzato in acciaio balistico che lo rende pi\u00f9 resistente. Funziona con il sistema\u00a0Grivel Vario\u00a0di lame e accessori intercambiabili.","robots":{"index":"index","follow":"follow","max-snippet":"max-snippet:-1","max-image-preview":"max-image-preview:large","max-video-preview":"max-video-preview:-1"},"canonical":"https:\/\/www.sestogrado.it\/it\/prodotto\/grivel-razor-ice-vario-blade-lama-per-ghiaccio-puro\/","og_locale":"it_IT","og_type":"article","og_title":"Grivel Razor Ice vario blade lama per ghiaccio puro - Sestogrado","og_description":"La Grivel Razor Ice Vario \u00e8 una lama sottile in acciaio balistico, ideale per l'arrampicata su ghiaccio puro. Ha uno spessore di soli 2,5 mm, uno dei pi\u00f9 sottili sul mercato.\u00c8 realizzato in acciaio balistico che lo rende pi\u00f9 resistente. Funziona con il sistema\u00a0Grivel Vario\u00a0di lame e accessori intercambiabili.","og_url":"https:\/\/www.sestogrado.it\/it\/prodotto\/grivel-razor-ice-vario-blade-lama-per-ghiaccio-puro\/","og_site_name":"Sestogrado","article_publisher":"https:\/\/www.facebook.com\/pages\/Sestogrado\/1542635979353017?ref=bookmarks","article_modified_time":"2026-01-02T17:02:31+00:00","og_image":[{"width":1600,"height":1600,"url":"https:\/\/www.sestogrado.it\/wp-content\/uploads\/2023\/01\/razor.jpg","type":"image\/jpeg"}],"twitter_misc":{"Prezzo":"&euro;&nbsp;74,90","Disponibilit\u00e0":"In stock"},"schema":{"@context":"https:\/\/schema.org","@graph":[{"@type":"WebPage","@id":"https:\/\/www.sestogrado.it\/it\/prodotto\/grivel-razor-ice-vario-blade-lama-per-ghiaccio-puro\/","url":"https:\/\/www.sestogrado.it\/it\/prodotto\/grivel-razor-ice-vario-blade-lama-per-ghiaccio-puro\/","name":"Grivel Razor Ice vario blade lama per ghiaccio puro - Sestogrado","isPartOf":{"@id":"https:\/\/www.sestogrado.it\/it\/#website"},"primaryImageOfPage":{"@id":"https:\/\/www.sestogrado.it\/it\/prodotto\/grivel-razor-ice-vario-blade-lama-per-ghiaccio-puro\/#primaryimage"},"image":{"@id":"https:\/\/www.sestogrado.it\/prodotto\/grivel-razor-ice-vario-blade-lama-per-ghiaccio-puro\/#primaryimage"},"thumbnailUrl":"https:\/\/www.sestogrado.it\/wp-content\/uploads\/2023\/01\/razor.jpg","datePublished":"2023-01-25T07:40:20+00:00","dateModified":"2026-01-02T17:02:31+00:00","description":"La Grivel Razor Ice Vario \u00e8 una lama sottile in acciaio balistico, ideale per l'arrampicata su ghiaccio puro. Ha uno spessore di soli 2,5 mm, uno dei pi\u00f9 sottili sul mercato.\u00c8 realizzato in acciaio balistico che lo rende pi\u00f9 resistente. Funziona con il sistema\u00a0Grivel Vario\u00a0di lame e accessori intercambiabili.","breadcrumb":{"@id":"https:\/\/www.sestogrado.it\/it\/prodotto\/grivel-razor-ice-vario-blade-lama-per-ghiaccio-puro\/#breadcrumb"},"inLanguage":"it-IT","potentialAction":[{"@type":"ReadAction","target":[["https:\/\/www.sestogrado.it\/it\/prodotto\/grivel-razor-ice-vario-blade-lama-per-ghiaccio-puro\/"]]}]},{"@type":"ImageObject","inLanguage":"it-IT","@id":"https:\/\/www.sestogrado.it\/it\/prodotto\/grivel-razor-ice-vario-blade-lama-per-ghiaccio-puro\/#primaryimage","url":"https:\/\/www.sestogrado.it\/wp-content\/uploads\/2023\/01\/razor.jpg","contentUrl":"https:\/\/www.sestogrado.it\/wp-content\/uploads\/2023\/01\/razor.jpg","width":1600,"height":1600,"caption":"razor ice"},{"@type":"BreadcrumbList","@id":"https:\/\/www.sestogrado.it\/it\/prodotto\/grivel-razor-ice-vario-blade-lama-per-ghiaccio-puro\/#breadcrumb","itemListElement":[{"@type":"ListItem","position":1,"name":"Home","item":"https:\/\/www.sestogrado.it\/it\/"},{"@type":"ListItem","position":2,"name":"Shop","item":"https:\/\/www.sestogrado.it\/it\/shop\/"},{"@type":"ListItem","position":3,"name":"Grivel Razor Ice vario blade lama per ghiaccio puro"}]},{"@type":"WebSite","@id":"https:\/\/www.sestogrado.it\/it\/#website","url":"https:\/\/www.sestogrado.it\/it\/","name":"Sestogrado","description":"yes we climb","publisher":{"@id":"https:\/\/www.sestogrado.it\/it\/#organization"},"potentialAction":[{"@type":"SearchAction","target":{"@type":"EntryPoint","urlTemplate":"https:\/\/www.sestogrado.it\/it\/?s={search_term_string}"},"query-input":{"@type":"PropertyValueSpecification","valueRequired":true,"valueName":"search_term_string"}}],"inLanguage":"it-IT"},{"@type":"Organization","@id":"https:\/\/www.sestogrado.it\/it\/#organization","name":"Sestogrado","url":"https:\/\/www.sestogrado.it\/it\/","logo":{"@type":"ImageObject","inLanguage":"it-IT","@id":"https:\/\/www.sestogrado.it\/it\/#\/schema\/logo\/image\/","url":"https:\/\/www.sestogrado.it\/wp-content\/uploads\/2015\/03\/sestogrado-favicon.png","contentUrl":"https:\/\/www.sestogrado.it\/wp-content\/uploads\/2015\/03\/sestogrado-favicon.png","width":260,"height":260,"caption":"Sestogrado"},"image":{"@id":"https:\/\/www.sestogrado.it\/it\/#\/schema\/logo\/image\/"},"sameAs":["https:\/\/www.facebook.com\/pages\/Sestogrado\/1542635979353017?ref=bookmarks","https:\/\/www.youtube.com\/channel\/UC847kAfTkaJsWpc1jtQwr3Q"],"hasMerchantReturnPolicy":{"@type":"MerchantReturnPolicy","merchantReturnLink":"https:\/\/www.sestogrado.it\/it\/termini-e-condizioni\/"}}]},"product_brand":"Grivel","product_price_amount":"74.90","product_price_currency":"EUR","og_availability":"instock","product_availability":"instock","product_condition":"new"},"_links":{"self":[{"href":"https:\/\/www.sestogrado.it\/it\/wp-json\/wp\/v2\/product\/123551","targetHints":{"allow":["GET"]}}],"collection":[{"href":"https:\/\/www.sestogrado.it\/it\/wp-json\/wp\/v2\/product"}],"about":[{"href":"https:\/\/www.sestogrado.it\/it\/wp-json\/wp\/v2\/types\/product"}],"replies":[{"embeddable":true,"href":"https:\/\/www.sestogrado.it\/it\/wp-json\/wp\/v2\/comments?post=123551"}],"wp:featuredmedia":[{"embeddable":true,"href":"https:\/\/www.sestogrado.it\/it\/wp-json\/wp\/v2\/media\/123552"}],"wp:attachment":[{"href":"https:\/\/www.sestogrado.it\/it\/wp-json\/wp\/v2\/media?parent=123551"}],"wp:term":[{"taxonomy":"product_brand","embeddable":true,"href":"https:\/\/www.sestogrado.it\/it\/wp-json\/wp\/v2\/product_brand?post=123551"},{"taxonomy":"product_cat","embeddable":true,"href":"https:\/\/www.sestogrado.it\/it\/wp-json\/wp\/v2\/product_cat?post=123551"},{"taxonomy":"product_tag","embeddable":true,"href":"https:\/\/www.sestogrado.it\/it\/wp-json\/wp\/v2\/product_tag?post=123551"}],"curies":[{"name":"wp","href":"https:\/\/api.w.org\/{rel}","templated":true}]}}