{"id":12329,"date":"2017-07-25T10:06:21","date_gmt":"2017-07-25T08:06:21","guid":{"rendered":"https:\/\/www.sestogrado.it\/?post_type=product&#038;p=12329"},"modified":"2026-02-10T10:35:50","modified_gmt":"2026-02-10T09:35:50","slug":"beal-cobra-ii-8-6-unicore-golden-dry-mezza-corda-arrampicata","status":"publish","type":"product","link":"https:\/\/www.sestogrado.it\/it\/prodotto\/beal-cobra-ii-8-6-unicore-golden-dry-mezza-corda-arrampicata\/","title":{"rendered":"Beal Cobra II 8.6 Unicore Golden Dry mezza corda arrampicata"},"content":{"rendered":"<p>La BEAL COBRA II 8.6 GOLDEN DRY \u00e8 la versione totalmente impermeabile della affermata Cobra II 8.6 Dry Cover.<\/p>\n<p>La <strong>Golden Dry<\/strong>, oltre al trattamento impermeabilizzante della calza, possiede un trattamento idrofobo anche per l&#8217;anima (la parte interna della corda), rendendola la scelta migliore per le cascate di ghiaccio o contesti dove la corda sia costantemente a contatto del ghiaccio.<\/p>\n<p>La Beal Cobra II 8.6 Golden Dry unisce le caratteristiche che hanno reso la Cobra la mezza corda pi\u00f9 versatile in commercio, con un trattamento dalle propriet\u00e0 impermeabili stupefacenti.<\/p>\n<p>&nbsp;<\/p>\n<ul>\n<li>eccellente compromesso tra resistenza e leggerezza<\/li>\n<li>forza di arresto bassa e numero di cadute elevato<\/li>\n<li>la corda non subisce rigonfiamenti e rimane flessibile pi\u00f9 a lungo nel tempo<\/li>\n<li>tecnologia <a href=\"https:\/\/www.sestogrado.it\/ecco-la-differenza-tra-una-corda-normale-e-una-unicore\/\" target=\"_blank\" rel=\"noopener noreferrer\">Unicore<\/a><\/li>\n<li>permette di cavarsela in doppia anche se la calza\u00a0\u00e8 tagliata<\/li>\n<li>trattamento Golden Dry la rende pi\u00f9 resistente al ghiaccio e all&#8217;acqua<\/li>\n<li>assume minor incremento di peso in condizioni di umidit\u00e0<\/li>\n<li>migliora la fluidit\u00e0 nel passaggio nei moschettoni e dispositivi di assicurazione<\/li>\n<li>maggior resistenza alla abrasione negli utilizzi classici<\/li>\n<\/ul>\n<p>La Beal Cobra II 8.6mm ha passato il test per resistenza allo <a href=\"https:\/\/www.sestogrado.it\/spigolo-vivo\/\">spigolo vivo<\/a> introdotto da Beal dal 2002.<\/p>\n<p>&nbsp;<\/p>\n<p>La Beal Cobra II 8.6mm sar\u00e0 la tua compagna ideale\u00a0per alpinismo polivalente, ghiaccio, montagna, grandi vie, terreni di avventura.<\/p>\n<p>&nbsp;<\/p>\n<p><img decoding=\"async\" class=\" wp-image-12333 aligncenter\" src=\"https:\/\/www.sestogrado.it\/wp-content\/uploads\/2017\/07\/GD.jpg\" alt=\"golden dry\" width=\"99\" height=\"116\" srcset=\"https:\/\/www.sestogrado.it\/wp-content\/uploads\/2017\/07\/GD.jpg 238w, https:\/\/www.sestogrado.it\/wp-content\/uploads\/2017\/07\/GD-54x64.jpg 54w\" sizes=\"(max-width: 99px) 100vw, 99px\" \/><\/p>\n<p><strong>Trattamento Golden Dry<\/strong>: Ogni filo della calza \u00e8 trattato con un componente chimico idrofobo prima della fabbricazione della calza. Questo componente si polimerizza alle alte temperature. Secondo i parametri UIAA le corde Beal Golden Dry assorbono meno del 3% di acqua.<\/p>\n<p><img decoding=\"async\" class=\" wp-image-4189 aligncenter\" src=\"https:\/\/www.sestogrado.it\/wp-content\/uploads\/2016\/02\/ThermoFluid.png\" alt=\"ThermoFluid\" width=\"97\" height=\"97\" srcset=\"https:\/\/www.sestogrado.it\/wp-content\/uploads\/2016\/02\/ThermoFluid.png 200w, https:\/\/www.sestogrado.it\/wp-content\/uploads\/2016\/02\/ThermoFluid-100x100.png 100w, https:\/\/www.sestogrado.it\/wp-content\/uploads\/2016\/02\/ThermoFluid-150x150.png 150w, https:\/\/www.sestogrado.it\/wp-content\/uploads\/2016\/02\/ThermoFluid-350x350.png 350w, https:\/\/www.sestogrado.it\/wp-content\/uploads\/2016\/02\/ThermoFluid-45x45.png 45w, https:\/\/www.sestogrado.it\/wp-content\/uploads\/2016\/02\/ThermoFluid-64x64.png 64w\" sizes=\"(max-width: 97px) 100vw, 97px\" \/><\/p>\n<p><strong>Trattamento Thermo Fluid<\/strong>: Trattamento ad infrarossi che stabilizza le fibre della guaina e la rende pi\u00f9 omogenea.<\/p>\n<p><img decoding=\"async\" class=\"size-full wp-image-4190 aligncenter\" src=\"https:\/\/www.sestogrado.it\/wp-content\/uploads\/2016\/02\/logoUnicore.png\" alt=\"logoUnicore\" width=\"100\" height=\"101\" srcset=\"https:\/\/www.sestogrado.it\/wp-content\/uploads\/2016\/02\/logoUnicore.png 100w, https:\/\/www.sestogrado.it\/wp-content\/uploads\/2016\/02\/logoUnicore-150x150.png 150w, https:\/\/www.sestogrado.it\/wp-content\/uploads\/2016\/02\/logoUnicore-350x350.png 350w, https:\/\/www.sestogrado.it\/wp-content\/uploads\/2016\/02\/logoUnicore-45x45.png 45w, https:\/\/www.sestogrado.it\/wp-content\/uploads\/2016\/02\/logoUnicore-63x64.png 63w\" sizes=\"(max-width: 100px) 100vw, 100px\" \/><\/p>\n<p><strong>Trattamento Unicore<\/strong>: Processo straordinario che unisce l&#8217;anima e la calza della corda senza modificarne le caratteristiche di morbidezza. Se la calza \u00e8 tagliata o lacerata, l&#8217;anima e la calza restano solidali. Su una corda classica, se la calza si taglia per abrasione su spigolo, fenomeno frequente nei lavori in quota, la calza scorre sull&#8217;anima e si ammassa per diversi metri.<\/p>\n<p>&nbsp;<\/p>\n<p>Beal \u00e8 leader mondiale nella produzione di corde da montagna grazie ad un avanzato sviluppo tecnologico nel processo \u00a0di fabbricazione che gli \u00e8 valso il certificato Iso 9001. Sempre attento alle esigenze degli arrampicatori, \u00e8 stato in grado di apportare dinamicit\u00e0 alla pratica dell&#8217;arrampicata grazie ad un&#8217;intensa attivit\u00e0 di ricerca. In particolare, Black Limit, Program System, trattamento Dry Cover, imbragature Aero, tecnologia Unicore.<\/p>","protected":false},"excerpt":{"rendered":"<p>La BEAL COBRA II 8.6 GOLDEN DRY \u00e8 la versione totalmente impermeabile della affermata Cobra II 8.6 Dry Cover. La [&hellip;]<\/p>\n","protected":false},"featured_media":38974,"comment_status":"open","ping_status":"closed","template":"","meta":{"_acf_changed":false},"product_brand":[84],"product_cat":[1357],"product_tag":[454,453,448],"class_list":{"0":"post-12329","1":"product","2":"type-product","3":"status-publish","4":"has-post-thumbnail","6":"product_brand-beal","7":"product_cat-mezze-corde","8":"product_tag-corda-anima-impermeabile","9":"product_tag-corda-full-dry","10":"product_tag-mezza-corda","12":"first","13":"instock","14":"sale","15":"taxable","16":"shipping-taxable","17":"purchasable","18":"product-type-variable"},"acf":[],"yoast_head":"<!-- This site is optimized with the Yoast SEO plugin v26.4 - https:\/\/yoast.com\/wordpress\/plugins\/seo\/ -->\n<title>Beal Cobra II 8.6 Unicore Golden Dry mezza corda arrampicata - Sestogrado<\/title>\n<meta name=\"description\" content=\"Beal Cobra II 8.6 golden dry \u00e8 la versione full idrofoba della coda polivalente di Beal, ideale per attivit\u00e0 su ghiaccio ed elevata umidit\u00e0. La Beal Cobra II 8.6mm sar\u00e0 la tua compagna ideale\u00a0per alpinismo polivalente, ghiaccio, montagna, grandi vie, terreni di avventura.\" \/>\n<meta name=\"robots\" content=\"index, follow, max-snippet:-1, max-image-preview:large, max-video-preview:-1\" \/>\n<link rel=\"canonical\" href=\"https:\/\/www.sestogrado.it\/it\/prodotto\/beal-cobra-ii-8-6-unicore-golden-dry-mezza-corda-arrampicata\/\" \/>\n<meta property=\"og:locale\" content=\"it_IT\" \/>\n<meta property=\"og:type\" content=\"article\" \/>\n<meta property=\"og:title\" content=\"Beal Cobra II 8.6 Unicore Golden Dry mezza corda arrampicata - Sestogrado\" \/>\n<meta property=\"og:description\" content=\"Beal Cobra II 8.6 golden dry \u00e8 la versione full idrofoba della coda polivalente di Beal, ideale per attivit\u00e0 su ghiaccio ed elevata umidit\u00e0. La Beal Cobra II 8.6mm sar\u00e0 la tua compagna ideale\u00a0per alpinismo polivalente, ghiaccio, montagna, grandi vie, terreni di avventura.\" \/>\n<meta property=\"og:url\" content=\"https:\/\/www.sestogrado.it\/it\/prodotto\/beal-cobra-ii-8-6-unicore-golden-dry-mezza-corda-arrampicata\/\" \/>\n<meta property=\"og:site_name\" content=\"Sestogrado\" \/>\n<meta property=\"article:publisher\" content=\"https:\/\/www.facebook.com\/pages\/Sestogrado\/1542635979353017?ref=bookmarks\" \/>\n<meta property=\"article:modified_time\" content=\"2026-02-10T09:35:50+00:00\" \/>\n<meta property=\"og:image\" content=\"https:\/\/www.sestogrado.it\/wp-content\/uploads\/2017\/07\/cobra-GD.jpg\" \/>\n\t<meta property=\"og:image:width\" content=\"800\" \/>\n\t<meta property=\"og:image:height\" content=\"800\" \/>\n\t<meta property=\"og:image:type\" content=\"image\/jpeg\" \/>\n<meta name=\"twitter:label1\" content=\"Disponibilit\u00e0\" \/>\n\t<meta name=\"twitter:data1\" content=\"In stock\" \/>\n<script type=\"application\/ld+json\" class=\"yoast-schema-graph\">{\"@context\":\"https:\/\/schema.org\",\"@graph\":[{\"@type\":\"WebPage\",\"@id\":\"https:\/\/www.sestogrado.it\/it\/prodotto\/beal-cobra-ii-8-6-unicore-golden-dry-mezza-corda-arrampicata\/\",\"url\":\"https:\/\/www.sestogrado.it\/it\/prodotto\/beal-cobra-ii-8-6-unicore-golden-dry-mezza-corda-arrampicata\/\",\"name\":\"Beal Cobra II 8.6 Unicore Golden Dry mezza corda arrampicata - Sestogrado\",\"isPartOf\":{\"@id\":\"https:\/\/www.sestogrado.it\/it\/#website\"},\"primaryImageOfPage\":{\"@id\":\"https:\/\/www.sestogrado.it\/it\/prodotto\/beal-cobra-ii-8-6-unicore-golden-dry-mezza-corda-arrampicata\/#primaryimage\"},\"image\":{\"@id\":\"https:\/\/www.sestogrado.it\/prodotto\/beal-cobra-ii-8-6-unicore-golden-dry-mezza-corda-arrampicata\/#primaryimage\"},\"thumbnailUrl\":\"https:\/\/www.sestogrado.it\/wp-content\/uploads\/2017\/07\/cobra-GD.jpg\",\"datePublished\":\"2017-07-25T08:06:21+00:00\",\"dateModified\":\"2026-02-10T09:35:50+00:00\",\"description\":\"Beal Cobra II 8.6 golden dry \u00e8 la versione full idrofoba della coda polivalente di Beal, ideale per attivit\u00e0 su ghiaccio ed elevata umidit\u00e0. La Beal Cobra II 8.6mm sar\u00e0 la tua compagna ideale\u00a0per alpinismo polivalente, ghiaccio, montagna, grandi vie, terreni di avventura.\",\"breadcrumb\":{\"@id\":\"https:\/\/www.sestogrado.it\/it\/prodotto\/beal-cobra-ii-8-6-unicore-golden-dry-mezza-corda-arrampicata\/#breadcrumb\"},\"inLanguage\":\"it-IT\",\"potentialAction\":[{\"@type\":\"ReadAction\",\"target\":[[\"https:\/\/www.sestogrado.it\/it\/prodotto\/beal-cobra-ii-8-6-unicore-golden-dry-mezza-corda-arrampicata\/\"]]}]},{\"@type\":\"ImageObject\",\"inLanguage\":\"it-IT\",\"@id\":\"https:\/\/www.sestogrado.it\/it\/prodotto\/beal-cobra-ii-8-6-unicore-golden-dry-mezza-corda-arrampicata\/#primaryimage\",\"url\":\"https:\/\/www.sestogrado.it\/wp-content\/uploads\/2017\/07\/cobra-GD.jpg\",\"contentUrl\":\"https:\/\/www.sestogrado.it\/wp-content\/uploads\/2017\/07\/cobra-GD.jpg\",\"width\":800,\"height\":800,\"caption\":\"beal cobra golden dry\"},{\"@type\":\"BreadcrumbList\",\"@id\":\"https:\/\/www.sestogrado.it\/it\/prodotto\/beal-cobra-ii-8-6-unicore-golden-dry-mezza-corda-arrampicata\/#breadcrumb\",\"itemListElement\":[{\"@type\":\"ListItem\",\"position\":1,\"name\":\"Home\",\"item\":\"https:\/\/www.sestogrado.it\/it\/\"},{\"@type\":\"ListItem\",\"position\":2,\"name\":\"Shop\",\"item\":\"https:\/\/www.sestogrado.it\/it\/shop\/\"},{\"@type\":\"ListItem\",\"position\":3,\"name\":\"Beal Cobra II 8.6 Unicore Golden Dry mezza corda arrampicata\"}]},{\"@type\":\"WebSite\",\"@id\":\"https:\/\/www.sestogrado.it\/it\/#website\",\"url\":\"https:\/\/www.sestogrado.it\/it\/\",\"name\":\"Sestogrado\",\"description\":\"yes we climb\",\"publisher\":{\"@id\":\"https:\/\/www.sestogrado.it\/it\/#organization\"},\"potentialAction\":[{\"@type\":\"SearchAction\",\"target\":{\"@type\":\"EntryPoint\",\"urlTemplate\":\"https:\/\/www.sestogrado.it\/it\/?s={search_term_string}\"},\"query-input\":{\"@type\":\"PropertyValueSpecification\",\"valueRequired\":true,\"valueName\":\"search_term_string\"}}],\"inLanguage\":\"it-IT\"},{\"@type\":\"Organization\",\"@id\":\"https:\/\/www.sestogrado.it\/it\/#organization\",\"name\":\"Sestogrado\",\"url\":\"https:\/\/www.sestogrado.it\/it\/\",\"logo\":{\"@type\":\"ImageObject\",\"inLanguage\":\"it-IT\",\"@id\":\"https:\/\/www.sestogrado.it\/it\/#\/schema\/logo\/image\/\",\"url\":\"https:\/\/www.sestogrado.it\/wp-content\/uploads\/2015\/03\/sestogrado-favicon.png\",\"contentUrl\":\"https:\/\/www.sestogrado.it\/wp-content\/uploads\/2015\/03\/sestogrado-favicon.png\",\"width\":260,\"height\":260,\"caption\":\"Sestogrado\"},\"image\":{\"@id\":\"https:\/\/www.sestogrado.it\/it\/#\/schema\/logo\/image\/\"},\"sameAs\":[\"https:\/\/www.facebook.com\/pages\/Sestogrado\/1542635979353017?ref=bookmarks\",\"https:\/\/www.youtube.com\/channel\/UC847kAfTkaJsWpc1jtQwr3Q\"],\"hasMerchantReturnPolicy\":{\"@type\":\"MerchantReturnPolicy\",\"merchantReturnLink\":\"https:\/\/www.sestogrado.it\/it\/termini-e-condizioni\/\"}}]}<\/script>\n<meta property=\"product:brand\" content=\"Beal\" \/>\n<meta property=\"og:availability\" content=\"instock\" \/>\n<meta property=\"product:availability\" content=\"instock\" \/>\n<meta property=\"product:condition\" content=\"new\" \/>\n<!-- \/ Yoast SEO plugin. -->","yoast_head_json":{"title":"Beal Cobra II 8.6 Unicore Golden Dry mezza corda arrampicata - Sestogrado","description":"Beal Cobra II 8.6 golden dry \u00e8 la versione full idrofoba della coda polivalente di Beal, ideale per attivit\u00e0 su ghiaccio ed elevata umidit\u00e0. La Beal Cobra II 8.6mm sar\u00e0 la tua compagna ideale\u00a0per alpinismo polivalente, ghiaccio, montagna, grandi vie, terreni di avventura.","robots":{"index":"index","follow":"follow","max-snippet":"max-snippet:-1","max-image-preview":"max-image-preview:large","max-video-preview":"max-video-preview:-1"},"canonical":"https:\/\/www.sestogrado.it\/it\/prodotto\/beal-cobra-ii-8-6-unicore-golden-dry-mezza-corda-arrampicata\/","og_locale":"it_IT","og_type":"article","og_title":"Beal Cobra II 8.6 Unicore Golden Dry mezza corda arrampicata - Sestogrado","og_description":"Beal Cobra II 8.6 golden dry \u00e8 la versione full idrofoba della coda polivalente di Beal, ideale per attivit\u00e0 su ghiaccio ed elevata umidit\u00e0. La Beal Cobra II 8.6mm sar\u00e0 la tua compagna ideale\u00a0per alpinismo polivalente, ghiaccio, montagna, grandi vie, terreni di avventura.","og_url":"https:\/\/www.sestogrado.it\/it\/prodotto\/beal-cobra-ii-8-6-unicore-golden-dry-mezza-corda-arrampicata\/","og_site_name":"Sestogrado","article_publisher":"https:\/\/www.facebook.com\/pages\/Sestogrado\/1542635979353017?ref=bookmarks","article_modified_time":"2026-02-10T09:35:50+00:00","og_image":[{"width":800,"height":800,"url":"https:\/\/www.sestogrado.it\/wp-content\/uploads\/2017\/07\/cobra-GD.jpg","type":"image\/jpeg"}],"twitter_misc":{"Disponibilit\u00e0":"In stock"},"schema":{"@context":"https:\/\/schema.org","@graph":[{"@type":"WebPage","@id":"https:\/\/www.sestogrado.it\/it\/prodotto\/beal-cobra-ii-8-6-unicore-golden-dry-mezza-corda-arrampicata\/","url":"https:\/\/www.sestogrado.it\/it\/prodotto\/beal-cobra-ii-8-6-unicore-golden-dry-mezza-corda-arrampicata\/","name":"Beal Cobra II 8.6 Unicore Golden Dry mezza corda arrampicata - Sestogrado","isPartOf":{"@id":"https:\/\/www.sestogrado.it\/it\/#website"},"primaryImageOfPage":{"@id":"https:\/\/www.sestogrado.it\/it\/prodotto\/beal-cobra-ii-8-6-unicore-golden-dry-mezza-corda-arrampicata\/#primaryimage"},"image":{"@id":"https:\/\/www.sestogrado.it\/prodotto\/beal-cobra-ii-8-6-unicore-golden-dry-mezza-corda-arrampicata\/#primaryimage"},"thumbnailUrl":"https:\/\/www.sestogrado.it\/wp-content\/uploads\/2017\/07\/cobra-GD.jpg","datePublished":"2017-07-25T08:06:21+00:00","dateModified":"2026-02-10T09:35:50+00:00","description":"Beal Cobra II 8.6 golden dry \u00e8 la versione full idrofoba della coda polivalente di Beal, ideale per attivit\u00e0 su ghiaccio ed elevata umidit\u00e0. La Beal Cobra II 8.6mm sar\u00e0 la tua compagna ideale\u00a0per alpinismo polivalente, ghiaccio, montagna, grandi vie, terreni di avventura.","breadcrumb":{"@id":"https:\/\/www.sestogrado.it\/it\/prodotto\/beal-cobra-ii-8-6-unicore-golden-dry-mezza-corda-arrampicata\/#breadcrumb"},"inLanguage":"it-IT","potentialAction":[{"@type":"ReadAction","target":[["https:\/\/www.sestogrado.it\/it\/prodotto\/beal-cobra-ii-8-6-unicore-golden-dry-mezza-corda-arrampicata\/"]]}]},{"@type":"ImageObject","inLanguage":"it-IT","@id":"https:\/\/www.sestogrado.it\/it\/prodotto\/beal-cobra-ii-8-6-unicore-golden-dry-mezza-corda-arrampicata\/#primaryimage","url":"https:\/\/www.sestogrado.it\/wp-content\/uploads\/2017\/07\/cobra-GD.jpg","contentUrl":"https:\/\/www.sestogrado.it\/wp-content\/uploads\/2017\/07\/cobra-GD.jpg","width":800,"height":800,"caption":"beal cobra golden dry"},{"@type":"BreadcrumbList","@id":"https:\/\/www.sestogrado.it\/it\/prodotto\/beal-cobra-ii-8-6-unicore-golden-dry-mezza-corda-arrampicata\/#breadcrumb","itemListElement":[{"@type":"ListItem","position":1,"name":"Home","item":"https:\/\/www.sestogrado.it\/it\/"},{"@type":"ListItem","position":2,"name":"Shop","item":"https:\/\/www.sestogrado.it\/it\/shop\/"},{"@type":"ListItem","position":3,"name":"Beal Cobra II 8.6 Unicore Golden Dry mezza corda arrampicata"}]},{"@type":"WebSite","@id":"https:\/\/www.sestogrado.it\/it\/#website","url":"https:\/\/www.sestogrado.it\/it\/","name":"Sestogrado","description":"yes we climb","publisher":{"@id":"https:\/\/www.sestogrado.it\/it\/#organization"},"potentialAction":[{"@type":"SearchAction","target":{"@type":"EntryPoint","urlTemplate":"https:\/\/www.sestogrado.it\/it\/?s={search_term_string}"},"query-input":{"@type":"PropertyValueSpecification","valueRequired":true,"valueName":"search_term_string"}}],"inLanguage":"it-IT"},{"@type":"Organization","@id":"https:\/\/www.sestogrado.it\/it\/#organization","name":"Sestogrado","url":"https:\/\/www.sestogrado.it\/it\/","logo":{"@type":"ImageObject","inLanguage":"it-IT","@id":"https:\/\/www.sestogrado.it\/it\/#\/schema\/logo\/image\/","url":"https:\/\/www.sestogrado.it\/wp-content\/uploads\/2015\/03\/sestogrado-favicon.png","contentUrl":"https:\/\/www.sestogrado.it\/wp-content\/uploads\/2015\/03\/sestogrado-favicon.png","width":260,"height":260,"caption":"Sestogrado"},"image":{"@id":"https:\/\/www.sestogrado.it\/it\/#\/schema\/logo\/image\/"},"sameAs":["https:\/\/www.facebook.com\/pages\/Sestogrado\/1542635979353017?ref=bookmarks","https:\/\/www.youtube.com\/channel\/UC847kAfTkaJsWpc1jtQwr3Q"],"hasMerchantReturnPolicy":{"@type":"MerchantReturnPolicy","merchantReturnLink":"https:\/\/www.sestogrado.it\/it\/termini-e-condizioni\/"}}]},"product_brand":"Beal","og_availability":"instock","product_availability":"instock","product_condition":"new"},"_links":{"self":[{"href":"https:\/\/www.sestogrado.it\/it\/wp-json\/wp\/v2\/product\/12329","targetHints":{"allow":["GET"]}}],"collection":[{"href":"https:\/\/www.sestogrado.it\/it\/wp-json\/wp\/v2\/product"}],"about":[{"href":"https:\/\/www.sestogrado.it\/it\/wp-json\/wp\/v2\/types\/product"}],"replies":[{"embeddable":true,"href":"https:\/\/www.sestogrado.it\/it\/wp-json\/wp\/v2\/comments?post=12329"}],"wp:featuredmedia":[{"embeddable":true,"href":"https:\/\/www.sestogrado.it\/it\/wp-json\/wp\/v2\/media\/38974"}],"wp:attachment":[{"href":"https:\/\/www.sestogrado.it\/it\/wp-json\/wp\/v2\/media?parent=12329"}],"wp:term":[{"taxonomy":"product_brand","embeddable":true,"href":"https:\/\/www.sestogrado.it\/it\/wp-json\/wp\/v2\/product_brand?post=12329"},{"taxonomy":"product_cat","embeddable":true,"href":"https:\/\/www.sestogrado.it\/it\/wp-json\/wp\/v2\/product_cat?post=12329"},{"taxonomy":"product_tag","embeddable":true,"href":"https:\/\/www.sestogrado.it\/it\/wp-json\/wp\/v2\/product_tag?post=12329"}],"curies":[{"name":"wp","href":"https:\/\/api.w.org\/{rel}","templated":true}]}}