{"id":12217,"date":"2024-12-17T09:00:40","date_gmt":"2024-12-17T08:00:40","guid":{"rendered":"http:\/\/www.sestogrado.it\/?post_type=product&#038;p=12217"},"modified":"2025-12-16T16:03:43","modified_gmt":"2025-12-16T15:03:43","slug":"idea-montagna-ghiaccio-verticale-le-piu-belle-cascate-delle-alpi-orientali-vol-2","status":"publish","type":"product","link":"https:\/\/www.sestogrado.it\/it\/prodotto\/idea-montagna-ghiaccio-verticale-le-piu-belle-cascate-delle-alpi-orientali-vol-2\/","title":{"rendered":"Idea Montagna Ghiaccio Verticale Vol2 Alpi Orientali 4a edizione"},"content":{"rendered":"<p><strong>Ghiaccio Verticale Vol2 Alpi Orientali<\/strong>\u00a0\u00e8 la quarta edizione di una guida che viene definita dagli appassionati la Bibbia per quanto riguarda l\u2019arrampicata sulle cascate di ghiaccio del Nord-Est italiano.<\/p>\n<p>Il mondo delle cascate negli ultimi 30 anni ha ricevuto una vera rivoluzione. Malgrado si tratti di ambienti severi, dove spesso regna il freddo pi\u00f9 intenso, proprio nei momenti in cui ci sarebbe pi\u00f9 bisogno di sole e calore, un numero sempre pi\u00f9 nutrito di appassionati arrampicatori si dedica a scalare le cascate di ghiaccio.<br \/>\nNegli ultimi decenni, anche a causa dei cambiamenti climatici che naturalmente incidono in modo importante sulla formazione del ghiaccio, gli alpinisti, soprattutto quelli di punta, sono passati dalla pura scalata su ghiaccio a quella sulle pareti di roccia, andando a collegare sempre pi\u00f9 esigue colate gelate.<\/p>\n<p>Un\u2019attivit\u00e0 in grande evoluzione, quindi, che ogni anno vede nuove aperture di linee fino a pochi anni fa impensabili.<\/p>\n<p>Questa guida vuole cos\u00ec fermare per un attimo il tempo e fare il punto della situazione attuale con la recensione di 508 vie di ghiaccio e misto.<br \/>\nLo fa partendo dal cuore delle Dolomiti, in un progetto che riguarda l\u2019intera area italiana di Nord-Est.<\/p>\n<p>&nbsp;<\/p>\n<p>&nbsp;<\/p>\n<p><b>Francesco Cappellari, <\/b>nato a Padova nel 1959,<b>\u00a0<\/b>\u00e8 Istruttore Nazionale di Alpinismo e Scialpinismo, membro della Scuola Centrale di Alpinismo. Sempre in quest&#8217;ambito, nelle scuole del CAI, svolge un&#8217;opera di sviluppo delle tecniche di progressione di dinamica. Ha iniziato ad arrampicare sulle cascate di ghiaccio nel 1990 ripercorrendo dapprima le vie classiche per poi affrontare itinerari in nuova apertura ed in zone sconosciute. Ha al suo attivo una notevole attivit\u00e0 alpinistica che spazia dall&#8217;arrampicata su roccia e ghiaccio in Dolomiti, Monte Bianco e Scozia. Ha partecipato a sei spedizioni extraeuropee raggiungendo le cime dello Shakaur Peak (7116 m) nell&#8217;Hindukush pakistano, dell&#8217;Alpamayo e dell&#8217;Huascaran Sur in Peru, \u00e8 stato eletto capospedizione al Broad Peak e al Gasherbrum II dove ha raggiunto la vetta (8035 m). Autore di opere di successo come Ghiaccio Verticale, le pi\u00f9 belle cascate delle Alpi Orientali, Mountain Bike in Val di Fassa, Ferrate a Cortina e le guide alpinistiche dedicate alle Dolomiti di Brenta, \u00e8 anche titolare della Casa Editrice Idea Montagna Editoria e Alpinismo.<\/p>\n<p>&nbsp;<\/p>\n<p>Nata nel 2005, l&#8217;Associazione Sportiva Idea Montagna propone iniziative legate al mondo della montagna, dall&#8217;allenamento per l&#8217;alpinista e lo scialpinista ai viaggi alpinistici e spedizioni extraeuropee. L&#8217;Associazione ha anche, tra i suoi obiettivi, il rispetto e la salvaguardia dell&#8217;ambiente montano. Ogni socio accomuna le sue aspirazioni alpinistiche con questi valori con la netta convinzione che solo cos\u00ec la montagna e l&#8217;alpinismo potranno essere vissuti anche dalle generazioni future.<\/p>\n<p>Nell&#8217;ambito delle pubblicazioni Idea Montagna si contraddistingue per una grafica moderna e di impatto. I volumi pubblicati hanno ottenuto tutti un buon successo sia di critica che di vendite. I primi due libri, usciti alla fine del 2006, riguardano la grande passione del fondatore: la scalata sulle cascate di ghiaccio. I volumi &#8220;Ghiaccio Verticale 1&#8221; e &#8220;Ghiaccio Verticale 2&#8221; sono infatti diventati le guide di riferimento di tutti i ghiacciatori del nord-est e non solo.<\/p>\n<p>Sull&#8217;onda di questo successo l&#8217;Associazione ha pubblicato volumi di altri alpinisti ponendosi in breve tempo a buoni livelli di soddisfazione ed \u00e8 alla ricerca di altri autori per nuove opere.<\/p>","protected":false},"excerpt":{"rendered":"<p>Ghiaccio Verticale Vol2 Alpi Orientali\u00a0\u00e8 la quarta edizione di una guida che viene definita dagli appassionati la Bibbia per quanto [&hellip;]<\/p>\n","protected":false},"featured_media":177034,"comment_status":"open","ping_status":"closed","template":"","meta":{"_acf_changed":false},"product_brand":[331],"product_cat":[98],"product_tag":[],"class_list":{"0":"post-12217","1":"product","2":"type-product","3":"status-publish","4":"has-post-thumbnail","6":"product_brand-idea-montagna","7":"product_cat-libri","9":"first","10":"instock","11":"taxable","12":"shipping-taxable","13":"purchasable","14":"product-type-simple"},"acf":[],"yoast_head":"<!-- This site is optimized with the Yoast SEO plugin v26.4 - https:\/\/yoast.com\/wordpress\/plugins\/seo\/ -->\n<title>Idea Montagna Ghiaccio Verticale Vol2 Alpi Orientali 4a edizione - Sestogrado<\/title>\n<meta name=\"description\" content=\"Ghiaccio Verticale Vol2 Alpi Orientali\u00a0\u00e8 la quarta edizione di una guida che viene definita dagli appassionati la Bibbia per quanto riguarda l\u2019arrampicata sulle cascate di ghiaccio del Nord-Est italiano.Il mondo delle cascate negli ultimi 30 anni ha ricevuto una vera rivoluzione. Malgrado si tratti di ambienti severi, dove spesso regna il freddo pi\u00f9 intenso, proprio nei momenti in cui ci sarebbe pi\u00f9 bisogno di sole e calore, un numero sempre pi\u00f9 nutrito di appassionati arrampicatori si dedica a scalare le cascate di ghiaccio.Negli ultimi decenni, anche a causa dei cambiamenti climatici che naturalmente incidono in modo importante sulla formazione del ghiaccio, gli alpinisti, soprattutto quelli di punta, sono passati dalla pura scalata su ghiaccio a quella sulle pareti di roccia, andando a collegare sempre pi\u00f9 esigue colate gelate.\" \/>\n<meta name=\"robots\" content=\"index, follow, max-snippet:-1, max-image-preview:large, max-video-preview:-1\" \/>\n<link rel=\"canonical\" href=\"https:\/\/www.sestogrado.it\/it\/prodotto\/idea-montagna-ghiaccio-verticale-le-piu-belle-cascate-delle-alpi-orientali-vol-2\/\" \/>\n<meta property=\"og:locale\" content=\"it_IT\" \/>\n<meta property=\"og:type\" content=\"article\" \/>\n<meta property=\"og:title\" content=\"Idea Montagna Ghiaccio Verticale Vol2 Alpi Orientali 4a edizione - Sestogrado\" \/>\n<meta property=\"og:description\" content=\"Ghiaccio Verticale Vol2 Alpi Orientali\u00a0\u00e8 la quarta edizione di una guida che viene definita dagli appassionati la Bibbia per quanto riguarda l\u2019arrampicata sulle cascate di ghiaccio del Nord-Est italiano.Il mondo delle cascate negli ultimi 30 anni ha ricevuto una vera rivoluzione. Malgrado si tratti di ambienti severi, dove spesso regna il freddo pi\u00f9 intenso, proprio nei momenti in cui ci sarebbe pi\u00f9 bisogno di sole e calore, un numero sempre pi\u00f9 nutrito di appassionati arrampicatori si dedica a scalare le cascate di ghiaccio.Negli ultimi decenni, anche a causa dei cambiamenti climatici che naturalmente incidono in modo importante sulla formazione del ghiaccio, gli alpinisti, soprattutto quelli di punta, sono passati dalla pura scalata su ghiaccio a quella sulle pareti di roccia, andando a collegare sempre pi\u00f9 esigue colate gelate.\" \/>\n<meta property=\"og:url\" content=\"https:\/\/www.sestogrado.it\/it\/prodotto\/idea-montagna-ghiaccio-verticale-le-piu-belle-cascate-delle-alpi-orientali-vol-2\/\" \/>\n<meta property=\"og:site_name\" content=\"Sestogrado\" \/>\n<meta property=\"article:publisher\" content=\"https:\/\/www.facebook.com\/pages\/Sestogrado\/1542635979353017?ref=bookmarks\" \/>\n<meta property=\"article:modified_time\" content=\"2025-12-16T15:03:43+00:00\" \/>\n<meta property=\"og:image\" content=\"https:\/\/www.sestogrado.it\/wp-content\/uploads\/2017\/07\/ghiaccio-verticale.jpg\" \/>\n\t<meta property=\"og:image:width\" content=\"1000\" \/>\n\t<meta property=\"og:image:height\" content=\"1000\" \/>\n\t<meta property=\"og:image:type\" content=\"image\/jpeg\" \/>\n<meta name=\"twitter:label1\" content=\"Prezzo\" \/>\n\t<meta name=\"twitter:data1\" content=\"&euro;&nbsp;32,00\" \/>\n\t<meta name=\"twitter:label2\" content=\"Disponibilit\u00e0\" \/>\n\t<meta name=\"twitter:data2\" content=\"In stock\" \/>\n<script type=\"application\/ld+json\" class=\"yoast-schema-graph\">{\"@context\":\"https:\/\/schema.org\",\"@graph\":[{\"@type\":\"WebPage\",\"@id\":\"https:\/\/www.sestogrado.it\/it\/prodotto\/idea-montagna-ghiaccio-verticale-le-piu-belle-cascate-delle-alpi-orientali-vol-2\/\",\"url\":\"https:\/\/www.sestogrado.it\/it\/prodotto\/idea-montagna-ghiaccio-verticale-le-piu-belle-cascate-delle-alpi-orientali-vol-2\/\",\"name\":\"Idea Montagna Ghiaccio Verticale Vol2 Alpi Orientali 4a edizione - Sestogrado\",\"isPartOf\":{\"@id\":\"https:\/\/www.sestogrado.it\/it\/#website\"},\"primaryImageOfPage\":{\"@id\":\"https:\/\/www.sestogrado.it\/it\/prodotto\/idea-montagna-ghiaccio-verticale-le-piu-belle-cascate-delle-alpi-orientali-vol-2\/#primaryimage\"},\"image\":{\"@id\":\"https:\/\/www.sestogrado.it\/prodotto\/idea-montagna-ghiaccio-verticale-le-piu-belle-cascate-delle-alpi-orientali-vol-2\/#primaryimage\"},\"thumbnailUrl\":\"https:\/\/www.sestogrado.it\/wp-content\/uploads\/2017\/07\/ghiaccio-verticale.jpg\",\"datePublished\":\"2024-12-17T08:00:40+00:00\",\"dateModified\":\"2025-12-16T15:03:43+00:00\",\"description\":\"Ghiaccio Verticale Vol2 Alpi Orientali\u00a0\u00e8 la quarta edizione di una guida che viene definita dagli appassionati la Bibbia per quanto riguarda l\u2019arrampicata sulle cascate di ghiaccio del Nord-Est italiano.Il mondo delle cascate negli ultimi 30 anni ha ricevuto una vera rivoluzione. Malgrado si tratti di ambienti severi, dove spesso regna il freddo pi\u00f9 intenso, proprio nei momenti in cui ci sarebbe pi\u00f9 bisogno di sole e calore, un numero sempre pi\u00f9 nutrito di appassionati arrampicatori si dedica a scalare le cascate di ghiaccio.Negli ultimi decenni, anche a causa dei cambiamenti climatici che naturalmente incidono in modo importante sulla formazione del ghiaccio, gli alpinisti, soprattutto quelli di punta, sono passati dalla pura scalata su ghiaccio a quella sulle pareti di roccia, andando a collegare sempre pi\u00f9 esigue colate gelate.\",\"breadcrumb\":{\"@id\":\"https:\/\/www.sestogrado.it\/it\/prodotto\/idea-montagna-ghiaccio-verticale-le-piu-belle-cascate-delle-alpi-orientali-vol-2\/#breadcrumb\"},\"inLanguage\":\"it-IT\",\"potentialAction\":[{\"@type\":\"ReadAction\",\"target\":[[\"https:\/\/www.sestogrado.it\/it\/prodotto\/idea-montagna-ghiaccio-verticale-le-piu-belle-cascate-delle-alpi-orientali-vol-2\/\"]]}]},{\"@type\":\"ImageObject\",\"inLanguage\":\"it-IT\",\"@id\":\"https:\/\/www.sestogrado.it\/it\/prodotto\/idea-montagna-ghiaccio-verticale-le-piu-belle-cascate-delle-alpi-orientali-vol-2\/#primaryimage\",\"url\":\"https:\/\/www.sestogrado.it\/wp-content\/uploads\/2017\/07\/ghiaccio-verticale.jpg\",\"contentUrl\":\"https:\/\/www.sestogrado.it\/wp-content\/uploads\/2017\/07\/ghiaccio-verticale.jpg\",\"width\":1000,\"height\":1000,\"caption\":\"ghiaccio verticale vol2\"},{\"@type\":\"BreadcrumbList\",\"@id\":\"https:\/\/www.sestogrado.it\/it\/prodotto\/idea-montagna-ghiaccio-verticale-le-piu-belle-cascate-delle-alpi-orientali-vol-2\/#breadcrumb\",\"itemListElement\":[{\"@type\":\"ListItem\",\"position\":1,\"name\":\"Home\",\"item\":\"https:\/\/www.sestogrado.it\/it\/\"},{\"@type\":\"ListItem\",\"position\":2,\"name\":\"Shop\",\"item\":\"https:\/\/www.sestogrado.it\/it\/shop\/\"},{\"@type\":\"ListItem\",\"position\":3,\"name\":\"Idea Montagna Ghiaccio Verticale Vol2 Alpi Orientali 4a edizione\"}]},{\"@type\":\"WebSite\",\"@id\":\"https:\/\/www.sestogrado.it\/it\/#website\",\"url\":\"https:\/\/www.sestogrado.it\/it\/\",\"name\":\"Sestogrado\",\"description\":\"yes we climb\",\"publisher\":{\"@id\":\"https:\/\/www.sestogrado.it\/it\/#organization\"},\"potentialAction\":[{\"@type\":\"SearchAction\",\"target\":{\"@type\":\"EntryPoint\",\"urlTemplate\":\"https:\/\/www.sestogrado.it\/it\/?s={search_term_string}\"},\"query-input\":{\"@type\":\"PropertyValueSpecification\",\"valueRequired\":true,\"valueName\":\"search_term_string\"}}],\"inLanguage\":\"it-IT\"},{\"@type\":\"Organization\",\"@id\":\"https:\/\/www.sestogrado.it\/it\/#organization\",\"name\":\"Sestogrado\",\"url\":\"https:\/\/www.sestogrado.it\/it\/\",\"logo\":{\"@type\":\"ImageObject\",\"inLanguage\":\"it-IT\",\"@id\":\"https:\/\/www.sestogrado.it\/it\/#\/schema\/logo\/image\/\",\"url\":\"https:\/\/www.sestogrado.it\/wp-content\/uploads\/2015\/03\/sestogrado-favicon.png\",\"contentUrl\":\"https:\/\/www.sestogrado.it\/wp-content\/uploads\/2015\/03\/sestogrado-favicon.png\",\"width\":260,\"height\":260,\"caption\":\"Sestogrado\"},\"image\":{\"@id\":\"https:\/\/www.sestogrado.it\/it\/#\/schema\/logo\/image\/\"},\"sameAs\":[\"https:\/\/www.facebook.com\/pages\/Sestogrado\/1542635979353017?ref=bookmarks\",\"https:\/\/www.youtube.com\/channel\/UC847kAfTkaJsWpc1jtQwr3Q\"],\"hasMerchantReturnPolicy\":{\"@type\":\"MerchantReturnPolicy\",\"merchantReturnLink\":\"https:\/\/www.sestogrado.it\/it\/termini-e-condizioni\/\"}}]}<\/script>\n<meta property=\"product:brand\" content=\"Idea Montagna\" \/>\n<meta property=\"product:price:amount\" content=\"32.00\" \/>\n<meta property=\"product:price:currency\" content=\"EUR\" \/>\n<meta property=\"og:availability\" content=\"instock\" \/>\n<meta property=\"product:availability\" content=\"instock\" \/>\n<meta property=\"product:condition\" content=\"new\" \/>\n<!-- \/ Yoast SEO plugin. -->","yoast_head_json":{"title":"Idea Montagna Ghiaccio Verticale Vol2 Alpi Orientali 4a edizione - Sestogrado","description":"Ghiaccio Verticale Vol2 Alpi Orientali\u00a0\u00e8 la quarta edizione di una guida che viene definita dagli appassionati la Bibbia per quanto riguarda l\u2019arrampicata sulle cascate di ghiaccio del Nord-Est italiano.Il mondo delle cascate negli ultimi 30 anni ha ricevuto una vera rivoluzione. Malgrado si tratti di ambienti severi, dove spesso regna il freddo pi\u00f9 intenso, proprio nei momenti in cui ci sarebbe pi\u00f9 bisogno di sole e calore, un numero sempre pi\u00f9 nutrito di appassionati arrampicatori si dedica a scalare le cascate di ghiaccio.Negli ultimi decenni, anche a causa dei cambiamenti climatici che naturalmente incidono in modo importante sulla formazione del ghiaccio, gli alpinisti, soprattutto quelli di punta, sono passati dalla pura scalata su ghiaccio a quella sulle pareti di roccia, andando a collegare sempre pi\u00f9 esigue colate gelate.","robots":{"index":"index","follow":"follow","max-snippet":"max-snippet:-1","max-image-preview":"max-image-preview:large","max-video-preview":"max-video-preview:-1"},"canonical":"https:\/\/www.sestogrado.it\/it\/prodotto\/idea-montagna-ghiaccio-verticale-le-piu-belle-cascate-delle-alpi-orientali-vol-2\/","og_locale":"it_IT","og_type":"article","og_title":"Idea Montagna Ghiaccio Verticale Vol2 Alpi Orientali 4a edizione - Sestogrado","og_description":"Ghiaccio Verticale Vol2 Alpi Orientali\u00a0\u00e8 la quarta edizione di una guida che viene definita dagli appassionati la Bibbia per quanto riguarda l\u2019arrampicata sulle cascate di ghiaccio del Nord-Est italiano.Il mondo delle cascate negli ultimi 30 anni ha ricevuto una vera rivoluzione. Malgrado si tratti di ambienti severi, dove spesso regna il freddo pi\u00f9 intenso, proprio nei momenti in cui ci sarebbe pi\u00f9 bisogno di sole e calore, un numero sempre pi\u00f9 nutrito di appassionati arrampicatori si dedica a scalare le cascate di ghiaccio.Negli ultimi decenni, anche a causa dei cambiamenti climatici che naturalmente incidono in modo importante sulla formazione del ghiaccio, gli alpinisti, soprattutto quelli di punta, sono passati dalla pura scalata su ghiaccio a quella sulle pareti di roccia, andando a collegare sempre pi\u00f9 esigue colate gelate.","og_url":"https:\/\/www.sestogrado.it\/it\/prodotto\/idea-montagna-ghiaccio-verticale-le-piu-belle-cascate-delle-alpi-orientali-vol-2\/","og_site_name":"Sestogrado","article_publisher":"https:\/\/www.facebook.com\/pages\/Sestogrado\/1542635979353017?ref=bookmarks","article_modified_time":"2025-12-16T15:03:43+00:00","og_image":[{"width":1000,"height":1000,"url":"https:\/\/www.sestogrado.it\/wp-content\/uploads\/2017\/07\/ghiaccio-verticale.jpg","type":"image\/jpeg"}],"twitter_misc":{"Prezzo":"&euro;&nbsp;32,00","Disponibilit\u00e0":"In stock"},"schema":{"@context":"https:\/\/schema.org","@graph":[{"@type":"WebPage","@id":"https:\/\/www.sestogrado.it\/it\/prodotto\/idea-montagna-ghiaccio-verticale-le-piu-belle-cascate-delle-alpi-orientali-vol-2\/","url":"https:\/\/www.sestogrado.it\/it\/prodotto\/idea-montagna-ghiaccio-verticale-le-piu-belle-cascate-delle-alpi-orientali-vol-2\/","name":"Idea Montagna Ghiaccio Verticale Vol2 Alpi Orientali 4a edizione - Sestogrado","isPartOf":{"@id":"https:\/\/www.sestogrado.it\/it\/#website"},"primaryImageOfPage":{"@id":"https:\/\/www.sestogrado.it\/it\/prodotto\/idea-montagna-ghiaccio-verticale-le-piu-belle-cascate-delle-alpi-orientali-vol-2\/#primaryimage"},"image":{"@id":"https:\/\/www.sestogrado.it\/prodotto\/idea-montagna-ghiaccio-verticale-le-piu-belle-cascate-delle-alpi-orientali-vol-2\/#primaryimage"},"thumbnailUrl":"https:\/\/www.sestogrado.it\/wp-content\/uploads\/2017\/07\/ghiaccio-verticale.jpg","datePublished":"2024-12-17T08:00:40+00:00","dateModified":"2025-12-16T15:03:43+00:00","description":"Ghiaccio Verticale Vol2 Alpi Orientali\u00a0\u00e8 la quarta edizione di una guida che viene definita dagli appassionati la Bibbia per quanto riguarda l\u2019arrampicata sulle cascate di ghiaccio del Nord-Est italiano.Il mondo delle cascate negli ultimi 30 anni ha ricevuto una vera rivoluzione. Malgrado si tratti di ambienti severi, dove spesso regna il freddo pi\u00f9 intenso, proprio nei momenti in cui ci sarebbe pi\u00f9 bisogno di sole e calore, un numero sempre pi\u00f9 nutrito di appassionati arrampicatori si dedica a scalare le cascate di ghiaccio.Negli ultimi decenni, anche a causa dei cambiamenti climatici che naturalmente incidono in modo importante sulla formazione del ghiaccio, gli alpinisti, soprattutto quelli di punta, sono passati dalla pura scalata su ghiaccio a quella sulle pareti di roccia, andando a collegare sempre pi\u00f9 esigue colate gelate.","breadcrumb":{"@id":"https:\/\/www.sestogrado.it\/it\/prodotto\/idea-montagna-ghiaccio-verticale-le-piu-belle-cascate-delle-alpi-orientali-vol-2\/#breadcrumb"},"inLanguage":"it-IT","potentialAction":[{"@type":"ReadAction","target":[["https:\/\/www.sestogrado.it\/it\/prodotto\/idea-montagna-ghiaccio-verticale-le-piu-belle-cascate-delle-alpi-orientali-vol-2\/"]]}]},{"@type":"ImageObject","inLanguage":"it-IT","@id":"https:\/\/www.sestogrado.it\/it\/prodotto\/idea-montagna-ghiaccio-verticale-le-piu-belle-cascate-delle-alpi-orientali-vol-2\/#primaryimage","url":"https:\/\/www.sestogrado.it\/wp-content\/uploads\/2017\/07\/ghiaccio-verticale.jpg","contentUrl":"https:\/\/www.sestogrado.it\/wp-content\/uploads\/2017\/07\/ghiaccio-verticale.jpg","width":1000,"height":1000,"caption":"ghiaccio verticale vol2"},{"@type":"BreadcrumbList","@id":"https:\/\/www.sestogrado.it\/it\/prodotto\/idea-montagna-ghiaccio-verticale-le-piu-belle-cascate-delle-alpi-orientali-vol-2\/#breadcrumb","itemListElement":[{"@type":"ListItem","position":1,"name":"Home","item":"https:\/\/www.sestogrado.it\/it\/"},{"@type":"ListItem","position":2,"name":"Shop","item":"https:\/\/www.sestogrado.it\/it\/shop\/"},{"@type":"ListItem","position":3,"name":"Idea Montagna Ghiaccio Verticale Vol2 Alpi Orientali 4a edizione"}]},{"@type":"WebSite","@id":"https:\/\/www.sestogrado.it\/it\/#website","url":"https:\/\/www.sestogrado.it\/it\/","name":"Sestogrado","description":"yes we climb","publisher":{"@id":"https:\/\/www.sestogrado.it\/it\/#organization"},"potentialAction":[{"@type":"SearchAction","target":{"@type":"EntryPoint","urlTemplate":"https:\/\/www.sestogrado.it\/it\/?s={search_term_string}"},"query-input":{"@type":"PropertyValueSpecification","valueRequired":true,"valueName":"search_term_string"}}],"inLanguage":"it-IT"},{"@type":"Organization","@id":"https:\/\/www.sestogrado.it\/it\/#organization","name":"Sestogrado","url":"https:\/\/www.sestogrado.it\/it\/","logo":{"@type":"ImageObject","inLanguage":"it-IT","@id":"https:\/\/www.sestogrado.it\/it\/#\/schema\/logo\/image\/","url":"https:\/\/www.sestogrado.it\/wp-content\/uploads\/2015\/03\/sestogrado-favicon.png","contentUrl":"https:\/\/www.sestogrado.it\/wp-content\/uploads\/2015\/03\/sestogrado-favicon.png","width":260,"height":260,"caption":"Sestogrado"},"image":{"@id":"https:\/\/www.sestogrado.it\/it\/#\/schema\/logo\/image\/"},"sameAs":["https:\/\/www.facebook.com\/pages\/Sestogrado\/1542635979353017?ref=bookmarks","https:\/\/www.youtube.com\/channel\/UC847kAfTkaJsWpc1jtQwr3Q"],"hasMerchantReturnPolicy":{"@type":"MerchantReturnPolicy","merchantReturnLink":"https:\/\/www.sestogrado.it\/it\/termini-e-condizioni\/"}}]},"product_brand":"Idea Montagna","product_price_amount":"32.00","product_price_currency":"EUR","og_availability":"instock","product_availability":"instock","product_condition":"new"},"_links":{"self":[{"href":"https:\/\/www.sestogrado.it\/it\/wp-json\/wp\/v2\/product\/12217","targetHints":{"allow":["GET"]}}],"collection":[{"href":"https:\/\/www.sestogrado.it\/it\/wp-json\/wp\/v2\/product"}],"about":[{"href":"https:\/\/www.sestogrado.it\/it\/wp-json\/wp\/v2\/types\/product"}],"replies":[{"embeddable":true,"href":"https:\/\/www.sestogrado.it\/it\/wp-json\/wp\/v2\/comments?post=12217"}],"wp:featuredmedia":[{"embeddable":true,"href":"https:\/\/www.sestogrado.it\/it\/wp-json\/wp\/v2\/media\/177034"}],"wp:attachment":[{"href":"https:\/\/www.sestogrado.it\/it\/wp-json\/wp\/v2\/media?parent=12217"}],"wp:term":[{"taxonomy":"product_brand","embeddable":true,"href":"https:\/\/www.sestogrado.it\/it\/wp-json\/wp\/v2\/product_brand?post=12217"},{"taxonomy":"product_cat","embeddable":true,"href":"https:\/\/www.sestogrado.it\/it\/wp-json\/wp\/v2\/product_cat?post=12217"},{"taxonomy":"product_tag","embeddable":true,"href":"https:\/\/www.sestogrado.it\/it\/wp-json\/wp\/v2\/product_tag?post=12217"}],"curies":[{"name":"wp","href":"https:\/\/api.w.org\/{rel}","templated":true}]}}