{"id":12200,"date":"2017-07-17T14:51:55","date_gmt":"2017-07-17T12:51:55","guid":{"rendered":"http:\/\/www.sestogrado.it\/?post_type=product&#038;p=12200"},"modified":"2025-01-01T15:50:56","modified_gmt":"2025-01-01T14:50:56","slug":"idea-montagna-ghiaccio-verticale-le-piu-belle-cascate-delle-alpi-orientali-vol-1","status":"publish","type":"product","link":"https:\/\/www.sestogrado.it\/it\/prodotto\/idea-montagna-ghiaccio-verticale-le-piu-belle-cascate-delle-alpi-orientali-vol-1\/","title":{"rendered":"Idea Montagna Ghiaccio Verticale &#8211; Le pi\u00f9 belle cascate delle Alpi Orientali (Vol. 1)"},"content":{"rendered":"<p><strong>Ghiaccio Verticale &#8211; Le pi\u00f9 belle cascate delle Alpi Orientali (Vol. 1)<\/strong> \u00e8 una relazione, compendiata da schizzi, cartine e fotografie, di 400 cascate di ghiaccio delle Alpi Bresciane, del Trentino Occidentale e dell\u2019Alto Adige.<\/p>\n<p>La guida, rivista e ampliata, offre una ancor pi\u00f9 dettagliata descrizione delle vie raccogliendone molte di nuove. La ricerca di nuovi itinerari e di valli poco frequentate e grazie alla passione e all&#8217;amore per questa disciplina e alla costanza e precisione nella ricerca del materiale, Ghiaccio Verticale offre ai ghiacciatori una vasta scelta di cascate in valli comode o pi\u00f9 difficili da raggiungere. Le foto, migliorate in qualit\u00e0, arricchiscono le gi\u00e0 dettagliate relazioni consentendo una miglior identificazione della salita e una pi\u00f9 rapida consulenza alla guida.<\/p>\n<p><strong>Ghiaccio Verticale <\/strong>&#8211; Le pi\u00f9 belle cascate delle Alpi Orientali (Vol. 1) \u00e8 una guida che non deve mancare nella libreria di ogni appassionato di ghiaccio.<\/p>\n<p>&nbsp;<\/p>\n<p>&nbsp;<\/p>\n<p><b>Francesco Cappellari, <\/b>nato a Padova nel 1959,<b>\u00a0<\/b>\u00e8 Istruttore Nazionale di Alpinismo e Scialpinismo, membro della Scuola Centrale di Alpinismo. Sempre in quest&#8217;ambito, nelle scuole del CAI, svolge un&#8217;opera di sviluppo delle tecniche di progressione di dinamica. Ha iniziato ad arrampicare sulle cascate di ghiaccio nel 1990 ripercorrendo dapprima le vie classiche per poi affrontare itinerari in nuova apertura ed in zone sconosciute. Ha al suo attivo una notevole attivit\u00e0 alpinistica che spazia dall&#8217;arrampicata su roccia e ghiaccio in Dolomiti, Monte Bianco e Scozia. Ha partecipato a sei spedizioni extraeuropee raggiungendo le cime dello Shakaur Peak (7116 m) nell&#8217;Hindukush pakistano, dell&#8217;Alpamayo e dell&#8217;Huascaran Sur in Peru, \u00e8 stato eletto capospedizione al Broad Peak e al Gasherbrum II dove ha raggiunto la vetta (8035 m). Autore di opere di successo come Ghiaccio Verticale, le pi\u00f9 belle cascate delle Alpi Orientali, Mountain Bike in Val di Fassa, Ferrate a Cortina e le guide alpinistiche dedicate alle Dolomiti di Brenta, \u00e8 anche titolare della Casa Editrice Idea Montagna Editoria e Alpinismo.<\/p>\n<p>&nbsp;<\/p>\n<p>&nbsp;<\/p>\n<p>Nata nel 2005, l&#8217;Associazione Sportiva Idea Montagna propone iniziative legate al mondo della montagna, dall&#8217;allenamento per l&#8217;alpinista e lo scialpinista ai viaggi alpinistici e spedizioni extraeuropee. L&#8217;Associazione ha anche, tra i suoi obiettivi, il rispetto e la salvaguardia dell&#8217;ambiente montano. Ogni socio accomuna le sue aspirazioni alpinistiche con questi valori con la netta convinzione che solo cos\u00ec la montagna e l&#8217;alpinismo potranno essere vissuti anche dalle generazioni future.<\/p>\n<p>Nell&#8217;ambito delle pubblicazioni Idea Montagna si contraddistingue per una grafica moderna e di impatto. I volumi pubblicati hanno ottenuto tutti un buon successo sia di critica che di vendite. I primi due libri, usciti alla fine del 2006, riguardano la grande passione del fondatore: la scalata sulle cascate di ghiaccio. I volumi &#8220;Ghiaccio Verticale 1&#8221; e &#8220;Ghiaccio Verticale 2&#8221; sono infatti diventati le guide di riferimento di tutti i ghiacciatori del nord-est e non solo.<\/p>\n<p>Sull&#8217;onda di questo successo l&#8217;Associazione ha pubblicato volumi di altri alpinisti ponendosi in breve tempo a buoni livelli di soddisfazione ed \u00e8 alla ricerca di altri autori per nuove opere.<\/p>\n<p>&nbsp;<\/p>\n<p>https:\/\/www.slideshare.net\/IdeaMontagna\/libro-ghiaccio-verticale1<\/p>","protected":false},"excerpt":{"rendered":"<p>Ghiaccio Verticale &#8211; Le pi\u00f9 belle cascate delle Alpi Orientali (Vol. 1) \u00e8 una relazione, compendiata da schizzi, cartine e [&hellip;]<\/p>\n","protected":false},"featured_media":12203,"comment_status":"open","ping_status":"closed","template":"","meta":{"_acf_changed":false},"product_brand":[331],"product_cat":[98],"product_tag":[],"class_list":{"0":"post-12200","1":"product","2":"type-product","3":"status-publish","4":"has-post-thumbnail","6":"product_brand-idea-montagna","7":"product_cat-libri","9":"first","10":"instock","11":"taxable","12":"shipping-taxable","13":"purchasable","14":"product-type-simple"},"acf":[],"yoast_head":"<!-- This site is optimized with the Yoast SEO plugin v26.4 - https:\/\/yoast.com\/wordpress\/plugins\/seo\/ -->\n<title>Idea Montagna Ghiaccio Verticale - Le pi\u00f9 belle cascate delle Alpi Orientali (Vol. 1) - Sestogrado<\/title>\n<meta name=\"description\" content=\"Ghiaccio Verticale - Le pi\u00f9 belle cascate delle Alpi Orientali (Vol. 1) \u00e8 un report dettagliato sulle 400 cascate di ghiaccio pi\u00f9 belle delle Alpi Orientali\" \/>\n<meta name=\"robots\" content=\"index, follow, max-snippet:-1, max-image-preview:large, max-video-preview:-1\" \/>\n<link rel=\"canonical\" href=\"https:\/\/www.sestogrado.it\/it\/prodotto\/idea-montagna-ghiaccio-verticale-le-piu-belle-cascate-delle-alpi-orientali-vol-1\/\" \/>\n<meta property=\"og:locale\" content=\"it_IT\" \/>\n<meta property=\"og:type\" content=\"article\" \/>\n<meta property=\"og:title\" content=\"Idea Montagna Ghiaccio Verticale - Le pi\u00f9 belle cascate delle Alpi Orientali (Vol. 1) - Sestogrado\" \/>\n<meta property=\"og:description\" content=\"Ghiaccio Verticale - Le pi\u00f9 belle cascate delle Alpi Orientali (Vol. 1) \u00e8 un report dettagliato sulle 400 cascate di ghiaccio pi\u00f9 belle delle Alpi Orientali\" \/>\n<meta property=\"og:url\" content=\"https:\/\/www.sestogrado.it\/it\/prodotto\/idea-montagna-ghiaccio-verticale-le-piu-belle-cascate-delle-alpi-orientali-vol-1\/\" \/>\n<meta property=\"og:site_name\" content=\"Sestogrado\" \/>\n<meta property=\"article:publisher\" content=\"https:\/\/www.facebook.com\/pages\/Sestogrado\/1542635979353017?ref=bookmarks\" \/>\n<meta property=\"article:modified_time\" content=\"2025-01-01T14:50:56+00:00\" \/>\n<meta property=\"og:image\" content=\"https:\/\/www.sestogrado.it\/wp-content\/uploads\/2017\/07\/Ghiaccio-Verticale-Vol.-1-1.jpg\" \/>\n\t<meta property=\"og:image:width\" content=\"900\" \/>\n\t<meta property=\"og:image:height\" content=\"1200\" \/>\n\t<meta property=\"og:image:type\" content=\"image\/jpeg\" \/>\n<meta name=\"twitter:label1\" content=\"Prezzo\" \/>\n\t<meta name=\"twitter:data1\" content=\"&euro;&nbsp;18,00\" \/>\n\t<meta name=\"twitter:label2\" content=\"Disponibilit\u00e0\" \/>\n\t<meta name=\"twitter:data2\" content=\"In stock\" \/>\n<script type=\"application\/ld+json\" class=\"yoast-schema-graph\">{\"@context\":\"https:\/\/schema.org\",\"@graph\":[{\"@type\":\"WebPage\",\"@id\":\"https:\/\/www.sestogrado.it\/it\/prodotto\/idea-montagna-ghiaccio-verticale-le-piu-belle-cascate-delle-alpi-orientali-vol-1\/\",\"url\":\"https:\/\/www.sestogrado.it\/it\/prodotto\/idea-montagna-ghiaccio-verticale-le-piu-belle-cascate-delle-alpi-orientali-vol-1\/\",\"name\":\"Idea Montagna Ghiaccio Verticale - Le pi\u00f9 belle cascate delle Alpi Orientali (Vol. 1) - Sestogrado\",\"isPartOf\":{\"@id\":\"https:\/\/www.sestogrado.it\/it\/#website\"},\"primaryImageOfPage\":{\"@id\":\"https:\/\/www.sestogrado.it\/it\/prodotto\/idea-montagna-ghiaccio-verticale-le-piu-belle-cascate-delle-alpi-orientali-vol-1\/#primaryimage\"},\"image\":{\"@id\":\"https:\/\/www.sestogrado.it\/prodotto\/idea-montagna-ghiaccio-verticale-le-piu-belle-cascate-delle-alpi-orientali-vol-1\/#primaryimage\"},\"thumbnailUrl\":\"https:\/\/www.sestogrado.it\/wp-content\/uploads\/2017\/07\/Ghiaccio-Verticale-Vol.-1-1.jpg\",\"datePublished\":\"2017-07-17T12:51:55+00:00\",\"dateModified\":\"2025-01-01T14:50:56+00:00\",\"description\":\"Ghiaccio Verticale - Le pi\u00f9 belle cascate delle Alpi Orientali (Vol. 1) \u00e8 un report dettagliato sulle 400 cascate di ghiaccio pi\u00f9 belle delle Alpi Orientali\",\"breadcrumb\":{\"@id\":\"https:\/\/www.sestogrado.it\/it\/prodotto\/idea-montagna-ghiaccio-verticale-le-piu-belle-cascate-delle-alpi-orientali-vol-1\/#breadcrumb\"},\"inLanguage\":\"it-IT\",\"potentialAction\":[{\"@type\":\"ReadAction\",\"target\":[[\"https:\/\/www.sestogrado.it\/it\/prodotto\/idea-montagna-ghiaccio-verticale-le-piu-belle-cascate-delle-alpi-orientali-vol-1\/\"]]}]},{\"@type\":\"ImageObject\",\"inLanguage\":\"it-IT\",\"@id\":\"https:\/\/www.sestogrado.it\/it\/prodotto\/idea-montagna-ghiaccio-verticale-le-piu-belle-cascate-delle-alpi-orientali-vol-1\/#primaryimage\",\"url\":\"https:\/\/www.sestogrado.it\/wp-content\/uploads\/2017\/07\/Ghiaccio-Verticale-Vol.-1-1.jpg\",\"contentUrl\":\"https:\/\/www.sestogrado.it\/wp-content\/uploads\/2017\/07\/Ghiaccio-Verticale-Vol.-1-1.jpg\",\"width\":900,\"height\":1200,\"caption\":\"Ghiaccio Verticale Vol. 1 le pi\u00f9 belle cascate di ghiaccio delle Alpi Orientali\"},{\"@type\":\"BreadcrumbList\",\"@id\":\"https:\/\/www.sestogrado.it\/it\/prodotto\/idea-montagna-ghiaccio-verticale-le-piu-belle-cascate-delle-alpi-orientali-vol-1\/#breadcrumb\",\"itemListElement\":[{\"@type\":\"ListItem\",\"position\":1,\"name\":\"Home\",\"item\":\"https:\/\/www.sestogrado.it\/it\/\"},{\"@type\":\"ListItem\",\"position\":2,\"name\":\"Shop\",\"item\":\"https:\/\/www.sestogrado.it\/it\/shop\/\"},{\"@type\":\"ListItem\",\"position\":3,\"name\":\"Idea Montagna Ghiaccio Verticale &#8211; Le pi\u00f9 belle cascate delle Alpi Orientali (Vol. 1)\"}]},{\"@type\":\"WebSite\",\"@id\":\"https:\/\/www.sestogrado.it\/it\/#website\",\"url\":\"https:\/\/www.sestogrado.it\/it\/\",\"name\":\"Sestogrado\",\"description\":\"yes we climb\",\"publisher\":{\"@id\":\"https:\/\/www.sestogrado.it\/it\/#organization\"},\"potentialAction\":[{\"@type\":\"SearchAction\",\"target\":{\"@type\":\"EntryPoint\",\"urlTemplate\":\"https:\/\/www.sestogrado.it\/it\/?s={search_term_string}\"},\"query-input\":{\"@type\":\"PropertyValueSpecification\",\"valueRequired\":true,\"valueName\":\"search_term_string\"}}],\"inLanguage\":\"it-IT\"},{\"@type\":\"Organization\",\"@id\":\"https:\/\/www.sestogrado.it\/it\/#organization\",\"name\":\"Sestogrado\",\"url\":\"https:\/\/www.sestogrado.it\/it\/\",\"logo\":{\"@type\":\"ImageObject\",\"inLanguage\":\"it-IT\",\"@id\":\"https:\/\/www.sestogrado.it\/it\/#\/schema\/logo\/image\/\",\"url\":\"https:\/\/www.sestogrado.it\/wp-content\/uploads\/2015\/03\/sestogrado-favicon.png\",\"contentUrl\":\"https:\/\/www.sestogrado.it\/wp-content\/uploads\/2015\/03\/sestogrado-favicon.png\",\"width\":260,\"height\":260,\"caption\":\"Sestogrado\"},\"image\":{\"@id\":\"https:\/\/www.sestogrado.it\/it\/#\/schema\/logo\/image\/\"},\"sameAs\":[\"https:\/\/www.facebook.com\/pages\/Sestogrado\/1542635979353017?ref=bookmarks\",\"https:\/\/www.youtube.com\/channel\/UC847kAfTkaJsWpc1jtQwr3Q\"],\"hasMerchantReturnPolicy\":{\"@type\":\"MerchantReturnPolicy\",\"merchantReturnLink\":\"https:\/\/www.sestogrado.it\/it\/termini-e-condizioni\/\"}}]}<\/script>\n<meta property=\"product:brand\" content=\"Idea Montagna\" \/>\n<meta property=\"product:price:amount\" content=\"18.00\" \/>\n<meta property=\"product:price:currency\" content=\"EUR\" \/>\n<meta property=\"og:availability\" content=\"instock\" \/>\n<meta property=\"product:availability\" content=\"instock\" \/>\n<meta property=\"product:condition\" content=\"new\" \/>\n<!-- \/ Yoast SEO plugin. -->","yoast_head_json":{"title":"Idea Montagna Ghiaccio Verticale - Le pi\u00f9 belle cascate delle Alpi Orientali (Vol. 1) - Sestogrado","description":"Ghiaccio Verticale - Le pi\u00f9 belle cascate delle Alpi Orientali (Vol. 1) \u00e8 un report dettagliato sulle 400 cascate di ghiaccio pi\u00f9 belle delle Alpi Orientali","robots":{"index":"index","follow":"follow","max-snippet":"max-snippet:-1","max-image-preview":"max-image-preview:large","max-video-preview":"max-video-preview:-1"},"canonical":"https:\/\/www.sestogrado.it\/it\/prodotto\/idea-montagna-ghiaccio-verticale-le-piu-belle-cascate-delle-alpi-orientali-vol-1\/","og_locale":"it_IT","og_type":"article","og_title":"Idea Montagna Ghiaccio Verticale - Le pi\u00f9 belle cascate delle Alpi Orientali (Vol. 1) - Sestogrado","og_description":"Ghiaccio Verticale - Le pi\u00f9 belle cascate delle Alpi Orientali (Vol. 1) \u00e8 un report dettagliato sulle 400 cascate di ghiaccio pi\u00f9 belle delle Alpi Orientali","og_url":"https:\/\/www.sestogrado.it\/it\/prodotto\/idea-montagna-ghiaccio-verticale-le-piu-belle-cascate-delle-alpi-orientali-vol-1\/","og_site_name":"Sestogrado","article_publisher":"https:\/\/www.facebook.com\/pages\/Sestogrado\/1542635979353017?ref=bookmarks","article_modified_time":"2025-01-01T14:50:56+00:00","og_image":[{"width":900,"height":1200,"url":"https:\/\/www.sestogrado.it\/wp-content\/uploads\/2017\/07\/Ghiaccio-Verticale-Vol.-1-1.jpg","type":"image\/jpeg"}],"twitter_misc":{"Prezzo":"&euro;&nbsp;18,00","Disponibilit\u00e0":"In stock"},"schema":{"@context":"https:\/\/schema.org","@graph":[{"@type":"WebPage","@id":"https:\/\/www.sestogrado.it\/it\/prodotto\/idea-montagna-ghiaccio-verticale-le-piu-belle-cascate-delle-alpi-orientali-vol-1\/","url":"https:\/\/www.sestogrado.it\/it\/prodotto\/idea-montagna-ghiaccio-verticale-le-piu-belle-cascate-delle-alpi-orientali-vol-1\/","name":"Idea Montagna Ghiaccio Verticale - Le pi\u00f9 belle cascate delle Alpi Orientali (Vol. 1) - Sestogrado","isPartOf":{"@id":"https:\/\/www.sestogrado.it\/it\/#website"},"primaryImageOfPage":{"@id":"https:\/\/www.sestogrado.it\/it\/prodotto\/idea-montagna-ghiaccio-verticale-le-piu-belle-cascate-delle-alpi-orientali-vol-1\/#primaryimage"},"image":{"@id":"https:\/\/www.sestogrado.it\/prodotto\/idea-montagna-ghiaccio-verticale-le-piu-belle-cascate-delle-alpi-orientali-vol-1\/#primaryimage"},"thumbnailUrl":"https:\/\/www.sestogrado.it\/wp-content\/uploads\/2017\/07\/Ghiaccio-Verticale-Vol.-1-1.jpg","datePublished":"2017-07-17T12:51:55+00:00","dateModified":"2025-01-01T14:50:56+00:00","description":"Ghiaccio Verticale - Le pi\u00f9 belle cascate delle Alpi Orientali (Vol. 1) \u00e8 un report dettagliato sulle 400 cascate di ghiaccio pi\u00f9 belle delle Alpi Orientali","breadcrumb":{"@id":"https:\/\/www.sestogrado.it\/it\/prodotto\/idea-montagna-ghiaccio-verticale-le-piu-belle-cascate-delle-alpi-orientali-vol-1\/#breadcrumb"},"inLanguage":"it-IT","potentialAction":[{"@type":"ReadAction","target":[["https:\/\/www.sestogrado.it\/it\/prodotto\/idea-montagna-ghiaccio-verticale-le-piu-belle-cascate-delle-alpi-orientali-vol-1\/"]]}]},{"@type":"ImageObject","inLanguage":"it-IT","@id":"https:\/\/www.sestogrado.it\/it\/prodotto\/idea-montagna-ghiaccio-verticale-le-piu-belle-cascate-delle-alpi-orientali-vol-1\/#primaryimage","url":"https:\/\/www.sestogrado.it\/wp-content\/uploads\/2017\/07\/Ghiaccio-Verticale-Vol.-1-1.jpg","contentUrl":"https:\/\/www.sestogrado.it\/wp-content\/uploads\/2017\/07\/Ghiaccio-Verticale-Vol.-1-1.jpg","width":900,"height":1200,"caption":"Ghiaccio Verticale Vol. 1 le pi\u00f9 belle cascate di ghiaccio delle Alpi Orientali"},{"@type":"BreadcrumbList","@id":"https:\/\/www.sestogrado.it\/it\/prodotto\/idea-montagna-ghiaccio-verticale-le-piu-belle-cascate-delle-alpi-orientali-vol-1\/#breadcrumb","itemListElement":[{"@type":"ListItem","position":1,"name":"Home","item":"https:\/\/www.sestogrado.it\/it\/"},{"@type":"ListItem","position":2,"name":"Shop","item":"https:\/\/www.sestogrado.it\/it\/shop\/"},{"@type":"ListItem","position":3,"name":"Idea Montagna Ghiaccio Verticale &#8211; Le pi\u00f9 belle cascate delle Alpi Orientali (Vol. 1)"}]},{"@type":"WebSite","@id":"https:\/\/www.sestogrado.it\/it\/#website","url":"https:\/\/www.sestogrado.it\/it\/","name":"Sestogrado","description":"yes we climb","publisher":{"@id":"https:\/\/www.sestogrado.it\/it\/#organization"},"potentialAction":[{"@type":"SearchAction","target":{"@type":"EntryPoint","urlTemplate":"https:\/\/www.sestogrado.it\/it\/?s={search_term_string}"},"query-input":{"@type":"PropertyValueSpecification","valueRequired":true,"valueName":"search_term_string"}}],"inLanguage":"it-IT"},{"@type":"Organization","@id":"https:\/\/www.sestogrado.it\/it\/#organization","name":"Sestogrado","url":"https:\/\/www.sestogrado.it\/it\/","logo":{"@type":"ImageObject","inLanguage":"it-IT","@id":"https:\/\/www.sestogrado.it\/it\/#\/schema\/logo\/image\/","url":"https:\/\/www.sestogrado.it\/wp-content\/uploads\/2015\/03\/sestogrado-favicon.png","contentUrl":"https:\/\/www.sestogrado.it\/wp-content\/uploads\/2015\/03\/sestogrado-favicon.png","width":260,"height":260,"caption":"Sestogrado"},"image":{"@id":"https:\/\/www.sestogrado.it\/it\/#\/schema\/logo\/image\/"},"sameAs":["https:\/\/www.facebook.com\/pages\/Sestogrado\/1542635979353017?ref=bookmarks","https:\/\/www.youtube.com\/channel\/UC847kAfTkaJsWpc1jtQwr3Q"],"hasMerchantReturnPolicy":{"@type":"MerchantReturnPolicy","merchantReturnLink":"https:\/\/www.sestogrado.it\/it\/termini-e-condizioni\/"}}]},"product_brand":"Idea Montagna","product_price_amount":"18.00","product_price_currency":"EUR","og_availability":"instock","product_availability":"instock","product_condition":"new"},"_links":{"self":[{"href":"https:\/\/www.sestogrado.it\/it\/wp-json\/wp\/v2\/product\/12200","targetHints":{"allow":["GET"]}}],"collection":[{"href":"https:\/\/www.sestogrado.it\/it\/wp-json\/wp\/v2\/product"}],"about":[{"href":"https:\/\/www.sestogrado.it\/it\/wp-json\/wp\/v2\/types\/product"}],"replies":[{"embeddable":true,"href":"https:\/\/www.sestogrado.it\/it\/wp-json\/wp\/v2\/comments?post=12200"}],"wp:featuredmedia":[{"embeddable":true,"href":"https:\/\/www.sestogrado.it\/it\/wp-json\/wp\/v2\/media\/12203"}],"wp:attachment":[{"href":"https:\/\/www.sestogrado.it\/it\/wp-json\/wp\/v2\/media?parent=12200"}],"wp:term":[{"taxonomy":"product_brand","embeddable":true,"href":"https:\/\/www.sestogrado.it\/it\/wp-json\/wp\/v2\/product_brand?post=12200"},{"taxonomy":"product_cat","embeddable":true,"href":"https:\/\/www.sestogrado.it\/it\/wp-json\/wp\/v2\/product_cat?post=12200"},{"taxonomy":"product_tag","embeddable":true,"href":"https:\/\/www.sestogrado.it\/it\/wp-json\/wp\/v2\/product_tag?post=12200"}],"curies":[{"name":"wp","href":"https:\/\/api.w.org\/{rel}","templated":true}]}}