{"id":12141,"date":"2017-07-12T14:53:17","date_gmt":"2017-07-12T12:53:17","guid":{"rendered":"http:\/\/www.sestogrado.it\/?post_type=product&#038;p=12141"},"modified":"2024-12-08T13:54:20","modified_gmt":"2024-12-08T12:54:20","slug":"black-diamond-creek-20-zaino-arrampicata","status":"publish","type":"product","link":"https:\/\/www.sestogrado.it\/it\/prodotto\/black-diamond-creek-20-zaino-arrampicata\/","title":{"rendered":"Black Diamond Creek 20 zaino arrampicata"},"content":{"rendered":"<p>Il BLACK DIAMOND CREEK 20 \u00e8 uno zaino porta materiali da 20L. Il Creek 20 \u00e8 inspirato alla tradizione degli zaini da recupero di forma cilindrica ed ampie possibilit\u00e0 di stoccaggio ed \u00e8 realizzato in resistentissimo poliestere 1200d.<\/p>\n<p>Il Creek 20 ha una ampia apertura nella parte alta dello zaino, in grado di inserire facilmente attrezzatura, corda e rinvii o abbigliamento. Pu\u00f2 essere utilizzato come zaino da falesia impermeabile e resistente o come zaino da recupero, stivando al suo interno le cinghie da spalla e rimuovendo la fettuccia centrale. Le due maniglie centrali a sbalzo, consentono di portarlo a mano facilmente e gli anelli esterni consentono di agganciare ulteriore materiale.<\/p>\n<ul>\n<li>resistente e durevole zaino da recupero impermeabile<\/li>\n<li>spallacci removibili<\/li>\n<li>apertura dall&#8217;alto<\/li>\n<li>tasca zip interna per stivaggio accessori personali<\/li>\n<li>materiale poliestere 1200d resistente allo sfregamento<\/li>\n<\/ul>\n<p>Il Black Diamond Creek 20 fornisce protezione eccellente ai tuoi materiali sia che tu lo usi come zaino a spalla sia come zaino da recupero. La \u00a0forma cilindrica ed apertura dall&#8217;alto consente un facile stoccaggio dei materiali.<\/p>\n<p>&nbsp;<\/p>\n<p>Black Diamond dal 1957 rappresenta un punto di riferimento mondiale per l\u2019attrezzatura da arrampicata. Ci\u00f2 che all\u2019inizio era una attivit\u00e0 artigianale con incudine e martello oggi si \u00e8 trasformata in una societ\u00e0 globale con uffici in tre continenti. Il segreto di Black Diamond \u00e8 sempre lo stesso: essere una societ\u00e0 formata da appassionati climber. In Black Diamond si continua a sognare su ci\u00f2 che potrebbe essere e si continua ad essere critici su ci\u00f2 che esiste. E\u2019 cos\u00ec che il processo creativo per la realizzazione della migliore attrezzatura da arrampicata non avr\u00e0 mai fine.<\/p>\n<p>&nbsp;<\/p>\n<div class=\"embed-responsive embed-responsive-16by9\"><iframe title=\"Creek Packs\" width=\"500\" height=\"281\" src=\"https:\/\/www.youtube.com\/embed\/iUXQjVG3HrI?feature=oembed\" frameborder=\"0\" allow=\"accelerometer; autoplay; clipboard-write; encrypted-media; gyroscope; picture-in-picture; web-share\" referrerpolicy=\"strict-origin-when-cross-origin\" allowfullscreen><\/iframe><\/div>\n","protected":false},"excerpt":{"rendered":"<p>Il BLACK DIAMOND CREEK 20 \u00e8 uno zaino porta materiali da 20L. Il Creek 20 \u00e8 inspirato alla tradizione degli [&hellip;]<\/p>\n","protected":false},"featured_media":12142,"comment_status":"open","ping_status":"closed","template":"","meta":{"_acf_changed":false},"product_brand":[121],"product_cat":[389],"product_tag":[],"class_list":{"0":"post-12141","1":"product","2":"type-product","3":"status-publish","4":"has-post-thumbnail","6":"product_brand-black-diamond","7":"product_cat-zaini-alpinismo","9":"first","10":"outofstock","11":"sale","12":"taxable","13":"shipping-taxable","14":"purchasable","15":"product-type-simple"},"acf":[],"yoast_head":"<!-- This site is optimized with the Yoast SEO plugin v26.4 - https:\/\/yoast.com\/wordpress\/plugins\/seo\/ -->\n<title>Black Diamond Creek 20 zaino arrampicata - Sestogrado<\/title>\n<meta name=\"description\" content=\"Il BLACK DIAMOND CREEK 20 \u00e8 uno zaino da arrampicata concepito per il trasporto o il recupero dai materiali. Resistentissimo ed impermeabile.\" \/>\n<meta name=\"robots\" content=\"index, follow, max-snippet:-1, max-image-preview:large, max-video-preview:-1\" \/>\n<link rel=\"canonical\" href=\"https:\/\/www.sestogrado.it\/it\/prodotto\/black-diamond-creek-20-zaino-arrampicata\/\" \/>\n<meta property=\"og:locale\" content=\"it_IT\" \/>\n<meta property=\"og:type\" content=\"article\" \/>\n<meta property=\"og:title\" content=\"Black Diamond Creek 20 zaino arrampicata - Sestogrado\" \/>\n<meta property=\"og:description\" content=\"Il BLACK DIAMOND CREEK 20 \u00e8 uno zaino da arrampicata concepito per il trasporto o il recupero dai materiali. Resistentissimo ed impermeabile.\" \/>\n<meta property=\"og:url\" content=\"https:\/\/www.sestogrado.it\/it\/prodotto\/black-diamond-creek-20-zaino-arrampicata\/\" \/>\n<meta property=\"og:site_name\" content=\"Sestogrado\" \/>\n<meta property=\"article:publisher\" content=\"https:\/\/www.facebook.com\/pages\/Sestogrado\/1542635979353017?ref=bookmarks\" \/>\n<meta property=\"article:modified_time\" content=\"2024-12-08T12:54:20+00:00\" \/>\n<meta property=\"og:image\" content=\"https:\/\/www.sestogrado.it\/wp-content\/uploads\/2017\/07\/01-4.jpg\" \/>\n\t<meta property=\"og:image:width\" content=\"744\" \/>\n\t<meta property=\"og:image:height\" content=\"744\" \/>\n\t<meta property=\"og:image:type\" content=\"image\/jpeg\" \/>\n<meta name=\"twitter:label1\" content=\"Prezzo\" \/>\n\t<meta name=\"twitter:data1\" content=\"&euro;&nbsp;89,00\" \/>\n\t<meta name=\"twitter:label2\" content=\"Disponibilit\u00e0\" \/>\n\t<meta name=\"twitter:data2\" content=\"Esaurito\" \/>\n<script type=\"application\/ld+json\" class=\"yoast-schema-graph\">{\"@context\":\"https:\/\/schema.org\",\"@graph\":[{\"@type\":\"WebPage\",\"@id\":\"https:\/\/www.sestogrado.it\/it\/prodotto\/black-diamond-creek-20-zaino-arrampicata\/\",\"url\":\"https:\/\/www.sestogrado.it\/it\/prodotto\/black-diamond-creek-20-zaino-arrampicata\/\",\"name\":\"Black Diamond Creek 20 zaino arrampicata - Sestogrado\",\"isPartOf\":{\"@id\":\"https:\/\/www.sestogrado.it\/it\/#website\"},\"primaryImageOfPage\":{\"@id\":\"https:\/\/www.sestogrado.it\/it\/prodotto\/black-diamond-creek-20-zaino-arrampicata\/#primaryimage\"},\"image\":{\"@id\":\"https:\/\/www.sestogrado.it\/prodotto\/black-diamond-creek-20-zaino-arrampicata\/#primaryimage\"},\"thumbnailUrl\":\"https:\/\/www.sestogrado.it\/wp-content\/uploads\/2017\/07\/01-4.jpg\",\"datePublished\":\"2017-07-12T12:53:17+00:00\",\"dateModified\":\"2024-12-08T12:54:20+00:00\",\"description\":\"Il BLACK DIAMOND CREEK 20 \u00e8 uno zaino da arrampicata concepito per il trasporto o il recupero dai materiali. Resistentissimo ed impermeabile.\",\"breadcrumb\":{\"@id\":\"https:\/\/www.sestogrado.it\/it\/prodotto\/black-diamond-creek-20-zaino-arrampicata\/#breadcrumb\"},\"inLanguage\":\"it-IT\",\"potentialAction\":[{\"@type\":\"ReadAction\",\"target\":[[\"https:\/\/www.sestogrado.it\/it\/prodotto\/black-diamond-creek-20-zaino-arrampicata\/\"]]}]},{\"@type\":\"ImageObject\",\"inLanguage\":\"it-IT\",\"@id\":\"https:\/\/www.sestogrado.it\/it\/prodotto\/black-diamond-creek-20-zaino-arrampicata\/#primaryimage\",\"url\":\"https:\/\/www.sestogrado.it\/wp-content\/uploads\/2017\/07\/01-4.jpg\",\"contentUrl\":\"https:\/\/www.sestogrado.it\/wp-content\/uploads\/2017\/07\/01-4.jpg\",\"width\":744,\"height\":744,\"caption\":\"black diamond creek 20\"},{\"@type\":\"BreadcrumbList\",\"@id\":\"https:\/\/www.sestogrado.it\/it\/prodotto\/black-diamond-creek-20-zaino-arrampicata\/#breadcrumb\",\"itemListElement\":[{\"@type\":\"ListItem\",\"position\":1,\"name\":\"Home\",\"item\":\"https:\/\/www.sestogrado.it\/it\/\"},{\"@type\":\"ListItem\",\"position\":2,\"name\":\"Shop\",\"item\":\"https:\/\/www.sestogrado.it\/it\/shop\/\"},{\"@type\":\"ListItem\",\"position\":3,\"name\":\"Black Diamond Creek 20 zaino arrampicata\"}]},{\"@type\":\"WebSite\",\"@id\":\"https:\/\/www.sestogrado.it\/it\/#website\",\"url\":\"https:\/\/www.sestogrado.it\/it\/\",\"name\":\"Sestogrado\",\"description\":\"yes we climb\",\"publisher\":{\"@id\":\"https:\/\/www.sestogrado.it\/it\/#organization\"},\"potentialAction\":[{\"@type\":\"SearchAction\",\"target\":{\"@type\":\"EntryPoint\",\"urlTemplate\":\"https:\/\/www.sestogrado.it\/it\/?s={search_term_string}\"},\"query-input\":{\"@type\":\"PropertyValueSpecification\",\"valueRequired\":true,\"valueName\":\"search_term_string\"}}],\"inLanguage\":\"it-IT\"},{\"@type\":\"Organization\",\"@id\":\"https:\/\/www.sestogrado.it\/it\/#organization\",\"name\":\"Sestogrado\",\"url\":\"https:\/\/www.sestogrado.it\/it\/\",\"logo\":{\"@type\":\"ImageObject\",\"inLanguage\":\"it-IT\",\"@id\":\"https:\/\/www.sestogrado.it\/it\/#\/schema\/logo\/image\/\",\"url\":\"https:\/\/www.sestogrado.it\/wp-content\/uploads\/2015\/03\/sestogrado-favicon.png\",\"contentUrl\":\"https:\/\/www.sestogrado.it\/wp-content\/uploads\/2015\/03\/sestogrado-favicon.png\",\"width\":260,\"height\":260,\"caption\":\"Sestogrado\"},\"image\":{\"@id\":\"https:\/\/www.sestogrado.it\/it\/#\/schema\/logo\/image\/\"},\"sameAs\":[\"https:\/\/www.facebook.com\/pages\/Sestogrado\/1542635979353017?ref=bookmarks\",\"https:\/\/www.youtube.com\/channel\/UC847kAfTkaJsWpc1jtQwr3Q\"],\"hasMerchantReturnPolicy\":{\"@type\":\"MerchantReturnPolicy\",\"merchantReturnLink\":\"https:\/\/www.sestogrado.it\/it\/termini-e-condizioni\/\"}}]}<\/script>\n<meta property=\"product:brand\" content=\"Black Diamond\" \/>\n<meta property=\"product:price:amount\" content=\"89.00\" \/>\n<meta property=\"product:price:currency\" content=\"EUR\" \/>\n<meta property=\"og:availability\" content=\"out of stock\" \/>\n<meta property=\"product:availability\" content=\"out of stock\" \/>\n<meta property=\"product:condition\" content=\"new\" \/>\n<!-- \/ Yoast SEO plugin. -->","yoast_head_json":{"title":"Black Diamond Creek 20 zaino arrampicata - Sestogrado","description":"Il BLACK DIAMOND CREEK 20 \u00e8 uno zaino da arrampicata concepito per il trasporto o il recupero dai materiali. Resistentissimo ed impermeabile.","robots":{"index":"index","follow":"follow","max-snippet":"max-snippet:-1","max-image-preview":"max-image-preview:large","max-video-preview":"max-video-preview:-1"},"canonical":"https:\/\/www.sestogrado.it\/it\/prodotto\/black-diamond-creek-20-zaino-arrampicata\/","og_locale":"it_IT","og_type":"article","og_title":"Black Diamond Creek 20 zaino arrampicata - Sestogrado","og_description":"Il BLACK DIAMOND CREEK 20 \u00e8 uno zaino da arrampicata concepito per il trasporto o il recupero dai materiali. Resistentissimo ed impermeabile.","og_url":"https:\/\/www.sestogrado.it\/it\/prodotto\/black-diamond-creek-20-zaino-arrampicata\/","og_site_name":"Sestogrado","article_publisher":"https:\/\/www.facebook.com\/pages\/Sestogrado\/1542635979353017?ref=bookmarks","article_modified_time":"2024-12-08T12:54:20+00:00","og_image":[{"width":744,"height":744,"url":"https:\/\/www.sestogrado.it\/wp-content\/uploads\/2017\/07\/01-4.jpg","type":"image\/jpeg"}],"twitter_misc":{"Prezzo":"&euro;&nbsp;89,00","Disponibilit\u00e0":"Esaurito"},"schema":{"@context":"https:\/\/schema.org","@graph":[{"@type":"WebPage","@id":"https:\/\/www.sestogrado.it\/it\/prodotto\/black-diamond-creek-20-zaino-arrampicata\/","url":"https:\/\/www.sestogrado.it\/it\/prodotto\/black-diamond-creek-20-zaino-arrampicata\/","name":"Black Diamond Creek 20 zaino arrampicata - Sestogrado","isPartOf":{"@id":"https:\/\/www.sestogrado.it\/it\/#website"},"primaryImageOfPage":{"@id":"https:\/\/www.sestogrado.it\/it\/prodotto\/black-diamond-creek-20-zaino-arrampicata\/#primaryimage"},"image":{"@id":"https:\/\/www.sestogrado.it\/prodotto\/black-diamond-creek-20-zaino-arrampicata\/#primaryimage"},"thumbnailUrl":"https:\/\/www.sestogrado.it\/wp-content\/uploads\/2017\/07\/01-4.jpg","datePublished":"2017-07-12T12:53:17+00:00","dateModified":"2024-12-08T12:54:20+00:00","description":"Il BLACK DIAMOND CREEK 20 \u00e8 uno zaino da arrampicata concepito per il trasporto o il recupero dai materiali. Resistentissimo ed impermeabile.","breadcrumb":{"@id":"https:\/\/www.sestogrado.it\/it\/prodotto\/black-diamond-creek-20-zaino-arrampicata\/#breadcrumb"},"inLanguage":"it-IT","potentialAction":[{"@type":"ReadAction","target":[["https:\/\/www.sestogrado.it\/it\/prodotto\/black-diamond-creek-20-zaino-arrampicata\/"]]}]},{"@type":"ImageObject","inLanguage":"it-IT","@id":"https:\/\/www.sestogrado.it\/it\/prodotto\/black-diamond-creek-20-zaino-arrampicata\/#primaryimage","url":"https:\/\/www.sestogrado.it\/wp-content\/uploads\/2017\/07\/01-4.jpg","contentUrl":"https:\/\/www.sestogrado.it\/wp-content\/uploads\/2017\/07\/01-4.jpg","width":744,"height":744,"caption":"black diamond creek 20"},{"@type":"BreadcrumbList","@id":"https:\/\/www.sestogrado.it\/it\/prodotto\/black-diamond-creek-20-zaino-arrampicata\/#breadcrumb","itemListElement":[{"@type":"ListItem","position":1,"name":"Home","item":"https:\/\/www.sestogrado.it\/it\/"},{"@type":"ListItem","position":2,"name":"Shop","item":"https:\/\/www.sestogrado.it\/it\/shop\/"},{"@type":"ListItem","position":3,"name":"Black Diamond Creek 20 zaino arrampicata"}]},{"@type":"WebSite","@id":"https:\/\/www.sestogrado.it\/it\/#website","url":"https:\/\/www.sestogrado.it\/it\/","name":"Sestogrado","description":"yes we climb","publisher":{"@id":"https:\/\/www.sestogrado.it\/it\/#organization"},"potentialAction":[{"@type":"SearchAction","target":{"@type":"EntryPoint","urlTemplate":"https:\/\/www.sestogrado.it\/it\/?s={search_term_string}"},"query-input":{"@type":"PropertyValueSpecification","valueRequired":true,"valueName":"search_term_string"}}],"inLanguage":"it-IT"},{"@type":"Organization","@id":"https:\/\/www.sestogrado.it\/it\/#organization","name":"Sestogrado","url":"https:\/\/www.sestogrado.it\/it\/","logo":{"@type":"ImageObject","inLanguage":"it-IT","@id":"https:\/\/www.sestogrado.it\/it\/#\/schema\/logo\/image\/","url":"https:\/\/www.sestogrado.it\/wp-content\/uploads\/2015\/03\/sestogrado-favicon.png","contentUrl":"https:\/\/www.sestogrado.it\/wp-content\/uploads\/2015\/03\/sestogrado-favicon.png","width":260,"height":260,"caption":"Sestogrado"},"image":{"@id":"https:\/\/www.sestogrado.it\/it\/#\/schema\/logo\/image\/"},"sameAs":["https:\/\/www.facebook.com\/pages\/Sestogrado\/1542635979353017?ref=bookmarks","https:\/\/www.youtube.com\/channel\/UC847kAfTkaJsWpc1jtQwr3Q"],"hasMerchantReturnPolicy":{"@type":"MerchantReturnPolicy","merchantReturnLink":"https:\/\/www.sestogrado.it\/it\/termini-e-condizioni\/"}}]},"product_brand":"Black Diamond","product_price_amount":"89.00","product_price_currency":"EUR","og_availability":"out of stock","product_availability":"out of stock","product_condition":"new"},"_links":{"self":[{"href":"https:\/\/www.sestogrado.it\/it\/wp-json\/wp\/v2\/product\/12141","targetHints":{"allow":["GET"]}}],"collection":[{"href":"https:\/\/www.sestogrado.it\/it\/wp-json\/wp\/v2\/product"}],"about":[{"href":"https:\/\/www.sestogrado.it\/it\/wp-json\/wp\/v2\/types\/product"}],"replies":[{"embeddable":true,"href":"https:\/\/www.sestogrado.it\/it\/wp-json\/wp\/v2\/comments?post=12141"}],"wp:featuredmedia":[{"embeddable":true,"href":"https:\/\/www.sestogrado.it\/it\/wp-json\/wp\/v2\/media\/12142"}],"wp:attachment":[{"href":"https:\/\/www.sestogrado.it\/it\/wp-json\/wp\/v2\/media?parent=12141"}],"wp:term":[{"taxonomy":"product_brand","embeddable":true,"href":"https:\/\/www.sestogrado.it\/it\/wp-json\/wp\/v2\/product_brand?post=12141"},{"taxonomy":"product_cat","embeddable":true,"href":"https:\/\/www.sestogrado.it\/it\/wp-json\/wp\/v2\/product_cat?post=12141"},{"taxonomy":"product_tag","embeddable":true,"href":"https:\/\/www.sestogrado.it\/it\/wp-json\/wp\/v2\/product_tag?post=12141"}],"curies":[{"name":"wp","href":"https:\/\/api.w.org\/{rel}","templated":true}]}}