{"id":119673,"date":"2022-12-06T14:15:29","date_gmt":"2022-12-06T13:15:29","guid":{"rendered":"https:\/\/www.sestogrado.it\/?post_type=product&#038;p=119673"},"modified":"2025-02-17T15:24:18","modified_gmt":"2025-02-17T14:24:18","slug":"black-diamond-quickdraw-pro-probe-240-sonda-da-valanga","status":"publish","type":"product","link":"https:\/\/www.sestogrado.it\/it\/prodotto\/black-diamond-quickdraw-pro-probe-240-sonda-da-valanga\/","title":{"rendered":"Black Diamond Quickdraw Pro Probe 240 sonda da valanga"},"content":{"rendered":"<p>La Black Diamond Quickdraw Pro Probe 240 \u00e8 una sonda da valanga con lunghezza ridotta, ideale per tour leggeri, con pratica di soccorso in caso di valanga.<\/p>\n<p>La Black Diamond Quickdraw Probe 240 presenta una resistente struttura in alluminio a 6 sezioni e un cavo in acciaio inossidabile. Le ghiere del Pro 240 garantiscono una maggiore durata e un rapido allineamento, mentre la sacca integrata consente una apertura rapida e con un solo tiro in situazioni di emergenza.<\/p>\n<ul>\n<li>rapidit\u00e0 nell&#8217;apri\/chiudi e massima durata<\/li>\n<li>cavo in acciaio inossidabile<\/li>\n<li>la punta in lega migliora la sensibilit\u00e0, creando un foro pi\u00f9 grande rispetto alla sonda<\/li>\n<li>marcatura ad alta visibilit\u00e0 1cm<\/li>\n<li>dimensione chiusa: 43cm<\/li>\n<li>peso: 243g<\/li>\n<\/ul>\n<p>&nbsp;<\/p>\n<p>Black Diamond dal 1957 rappresenta un punto di riferimento mondiale per l\u2019attrezzatura da arrampicata. Ci\u00f2 che all\u2019inizio era una attivit\u00e0 artigianale con incudine e martello oggi si \u00e8 trasformata in una societ\u00e0 globale con uffici in tre continenti. Il segreto di Black Diamond \u00e8 sempre lo stesso: essere una societ\u00e0 formata da appassionati climber. In Black Diamond si continua a sognare su ci\u00f2 che potrebbe essere e si continua ad essere critici su ci\u00f2 che esiste. E\u2019 cos\u00ec che il processo creativo per la realizzazione della migliore attrezzatura da arrampicata non avr\u00e0 mai fine.<\/p>\n<p>&nbsp;<\/p>","protected":false},"excerpt":{"rendered":"<p>La Black Diamond Quickdraw Pro Probe 240 \u00e8 una sonda da valanga con lunghezza ridotta, ideale per tour leggeri, con [&hellip;]<\/p>\n","protected":false},"featured_media":119678,"comment_status":"open","ping_status":"closed","template":"","meta":{"_acf_changed":false},"product_brand":[121],"product_cat":[1399,1314],"product_tag":[],"class_list":{"0":"post-119673","1":"product","2":"type-product","3":"status-publish","4":"has-post-thumbnail","6":"product_brand-black-diamond","7":"product_cat-artva","8":"product_cat-accessori-ghiaccio","10":"first","11":"instock","12":"sale","13":"taxable","14":"shipping-taxable","15":"purchasable","16":"product-type-simple"},"acf":[],"yoast_head":"<!-- This site is optimized with the Yoast SEO plugin v26.4 - https:\/\/yoast.com\/wordpress\/plugins\/seo\/ -->\n<title>Black Diamond Quickdraw Pro Probe 240 sonda da valanga - Sestogrado<\/title>\n<meta name=\"description\" content=\"La Black Diamond Quickdraw Pro Probe 240 \u00e8 una sonda da valanga con lunghezza ridotta, ideale per tour leggeri, con pratica di soccorso in caso di valanga.La Black Diamond Quickdraw Probe 240 presenta una resistente struttura in alluminio a 6 sezioni e un cavo in acciaio inossidabile. Le ghiere del Pro 240 garantiscono una maggiore durata e un rapido allineamento, mentre la sacca integrata consente una apertura rapida e con un solo tiro in situazioni di emergenza.\" \/>\n<meta name=\"robots\" content=\"index, follow, max-snippet:-1, max-image-preview:large, max-video-preview:-1\" \/>\n<link rel=\"canonical\" href=\"https:\/\/www.sestogrado.it\/it\/prodotto\/black-diamond-quickdraw-pro-probe-240-sonda-da-valanga\/\" \/>\n<meta property=\"og:locale\" content=\"it_IT\" \/>\n<meta property=\"og:type\" content=\"article\" \/>\n<meta property=\"og:title\" content=\"Black Diamond Quickdraw Pro Probe 240 sonda da valanga - Sestogrado\" \/>\n<meta property=\"og:description\" content=\"La Black Diamond Quickdraw Pro Probe 240 \u00e8 una sonda da valanga con lunghezza ridotta, ideale per tour leggeri, con pratica di soccorso in caso di valanga.La Black Diamond Quickdraw Probe 240 presenta una resistente struttura in alluminio a 6 sezioni e un cavo in acciaio inossidabile. Le ghiere del Pro 240 garantiscono una maggiore durata e un rapido allineamento, mentre la sacca integrata consente una apertura rapida e con un solo tiro in situazioni di emergenza.\" \/>\n<meta property=\"og:url\" content=\"https:\/\/www.sestogrado.it\/it\/prodotto\/black-diamond-quickdraw-pro-probe-240-sonda-da-valanga\/\" \/>\n<meta property=\"og:site_name\" content=\"Sestogrado\" \/>\n<meta property=\"article:publisher\" content=\"https:\/\/www.facebook.com\/pages\/Sestogrado\/1542635979353017?ref=bookmarks\" \/>\n<meta property=\"article:modified_time\" content=\"2025-02-17T14:24:18+00:00\" \/>\n<meta property=\"og:image\" content=\"https:\/\/www.sestogrado.it\/wp-content\/uploads\/2022\/12\/01-2.jpg\" \/>\n\t<meta property=\"og:image:width\" content=\"1280\" \/>\n\t<meta property=\"og:image:height\" content=\"1280\" \/>\n\t<meta property=\"og:image:type\" content=\"image\/jpeg\" \/>\n<meta name=\"twitter:label1\" content=\"Prezzo\" \/>\n\t<meta name=\"twitter:data1\" content=\"&euro;&nbsp;57,90\" \/>\n\t<meta name=\"twitter:label2\" content=\"Disponibilit\u00e0\" \/>\n\t<meta name=\"twitter:data2\" content=\"In stock\" \/>\n<script type=\"application\/ld+json\" class=\"yoast-schema-graph\">{\"@context\":\"https:\/\/schema.org\",\"@graph\":[{\"@type\":\"WebPage\",\"@id\":\"https:\/\/www.sestogrado.it\/it\/prodotto\/black-diamond-quickdraw-pro-probe-240-sonda-da-valanga\/\",\"url\":\"https:\/\/www.sestogrado.it\/it\/prodotto\/black-diamond-quickdraw-pro-probe-240-sonda-da-valanga\/\",\"name\":\"Black Diamond Quickdraw Pro Probe 240 sonda da valanga - Sestogrado\",\"isPartOf\":{\"@id\":\"https:\/\/www.sestogrado.it\/it\/#website\"},\"primaryImageOfPage\":{\"@id\":\"https:\/\/www.sestogrado.it\/it\/prodotto\/black-diamond-quickdraw-pro-probe-240-sonda-da-valanga\/#primaryimage\"},\"image\":{\"@id\":\"https:\/\/www.sestogrado.it\/prodotto\/black-diamond-quickdraw-pro-probe-240-sonda-da-valanga\/#primaryimage\"},\"thumbnailUrl\":\"https:\/\/www.sestogrado.it\/wp-content\/uploads\/2022\/12\/01-2.jpg\",\"datePublished\":\"2022-12-06T13:15:29+00:00\",\"dateModified\":\"2025-02-17T14:24:18+00:00\",\"description\":\"La Black Diamond Quickdraw Pro Probe 240 \u00e8 una sonda da valanga con lunghezza ridotta, ideale per tour leggeri, con pratica di soccorso in caso di valanga.La Black Diamond Quickdraw Probe 240 presenta una resistente struttura in alluminio a 6 sezioni e un cavo in acciaio inossidabile. Le ghiere del Pro 240 garantiscono una maggiore durata e un rapido allineamento, mentre la sacca integrata consente una apertura rapida e con un solo tiro in situazioni di emergenza.\",\"breadcrumb\":{\"@id\":\"https:\/\/www.sestogrado.it\/it\/prodotto\/black-diamond-quickdraw-pro-probe-240-sonda-da-valanga\/#breadcrumb\"},\"inLanguage\":\"it-IT\",\"potentialAction\":[{\"@type\":\"ReadAction\",\"target\":[[\"https:\/\/www.sestogrado.it\/it\/prodotto\/black-diamond-quickdraw-pro-probe-240-sonda-da-valanga\/\"]]}]},{\"@type\":\"ImageObject\",\"inLanguage\":\"it-IT\",\"@id\":\"https:\/\/www.sestogrado.it\/it\/prodotto\/black-diamond-quickdraw-pro-probe-240-sonda-da-valanga\/#primaryimage\",\"url\":\"https:\/\/www.sestogrado.it\/wp-content\/uploads\/2022\/12\/01-2.jpg\",\"contentUrl\":\"https:\/\/www.sestogrado.it\/wp-content\/uploads\/2022\/12\/01-2.jpg\",\"width\":1280,\"height\":1280,\"caption\":\"Pro Probe 240\"},{\"@type\":\"BreadcrumbList\",\"@id\":\"https:\/\/www.sestogrado.it\/it\/prodotto\/black-diamond-quickdraw-pro-probe-240-sonda-da-valanga\/#breadcrumb\",\"itemListElement\":[{\"@type\":\"ListItem\",\"position\":1,\"name\":\"Home\",\"item\":\"https:\/\/www.sestogrado.it\/it\/\"},{\"@type\":\"ListItem\",\"position\":2,\"name\":\"Shop\",\"item\":\"https:\/\/www.sestogrado.it\/it\/shop\/\"},{\"@type\":\"ListItem\",\"position\":3,\"name\":\"Black Diamond Quickdraw Pro Probe 240 sonda da valanga\"}]},{\"@type\":\"WebSite\",\"@id\":\"https:\/\/www.sestogrado.it\/it\/#website\",\"url\":\"https:\/\/www.sestogrado.it\/it\/\",\"name\":\"Sestogrado\",\"description\":\"yes we climb\",\"publisher\":{\"@id\":\"https:\/\/www.sestogrado.it\/it\/#organization\"},\"potentialAction\":[{\"@type\":\"SearchAction\",\"target\":{\"@type\":\"EntryPoint\",\"urlTemplate\":\"https:\/\/www.sestogrado.it\/it\/?s={search_term_string}\"},\"query-input\":{\"@type\":\"PropertyValueSpecification\",\"valueRequired\":true,\"valueName\":\"search_term_string\"}}],\"inLanguage\":\"it-IT\"},{\"@type\":\"Organization\",\"@id\":\"https:\/\/www.sestogrado.it\/it\/#organization\",\"name\":\"Sestogrado\",\"url\":\"https:\/\/www.sestogrado.it\/it\/\",\"logo\":{\"@type\":\"ImageObject\",\"inLanguage\":\"it-IT\",\"@id\":\"https:\/\/www.sestogrado.it\/it\/#\/schema\/logo\/image\/\",\"url\":\"https:\/\/www.sestogrado.it\/wp-content\/uploads\/2015\/03\/sestogrado-favicon.png\",\"contentUrl\":\"https:\/\/www.sestogrado.it\/wp-content\/uploads\/2015\/03\/sestogrado-favicon.png\",\"width\":260,\"height\":260,\"caption\":\"Sestogrado\"},\"image\":{\"@id\":\"https:\/\/www.sestogrado.it\/it\/#\/schema\/logo\/image\/\"},\"sameAs\":[\"https:\/\/www.facebook.com\/pages\/Sestogrado\/1542635979353017?ref=bookmarks\",\"https:\/\/www.youtube.com\/channel\/UC847kAfTkaJsWpc1jtQwr3Q\"],\"hasMerchantReturnPolicy\":{\"@type\":\"MerchantReturnPolicy\",\"merchantReturnLink\":\"https:\/\/www.sestogrado.it\/it\/termini-e-condizioni\/\"}}]}<\/script>\n<meta property=\"product:brand\" content=\"Black Diamond\" \/>\n<meta property=\"product:price:amount\" content=\"57.90\" \/>\n<meta property=\"product:price:currency\" content=\"EUR\" \/>\n<meta property=\"og:availability\" content=\"instock\" \/>\n<meta property=\"product:availability\" content=\"instock\" \/>\n<meta property=\"product:condition\" content=\"new\" \/>\n<!-- \/ Yoast SEO plugin. -->","yoast_head_json":{"title":"Black Diamond Quickdraw Pro Probe 240 sonda da valanga - Sestogrado","description":"La Black Diamond Quickdraw Pro Probe 240 \u00e8 una sonda da valanga con lunghezza ridotta, ideale per tour leggeri, con pratica di soccorso in caso di valanga.La Black Diamond Quickdraw Probe 240 presenta una resistente struttura in alluminio a 6 sezioni e un cavo in acciaio inossidabile. Le ghiere del Pro 240 garantiscono una maggiore durata e un rapido allineamento, mentre la sacca integrata consente una apertura rapida e con un solo tiro in situazioni di emergenza.","robots":{"index":"index","follow":"follow","max-snippet":"max-snippet:-1","max-image-preview":"max-image-preview:large","max-video-preview":"max-video-preview:-1"},"canonical":"https:\/\/www.sestogrado.it\/it\/prodotto\/black-diamond-quickdraw-pro-probe-240-sonda-da-valanga\/","og_locale":"it_IT","og_type":"article","og_title":"Black Diamond Quickdraw Pro Probe 240 sonda da valanga - Sestogrado","og_description":"La Black Diamond Quickdraw Pro Probe 240 \u00e8 una sonda da valanga con lunghezza ridotta, ideale per tour leggeri, con pratica di soccorso in caso di valanga.La Black Diamond Quickdraw Probe 240 presenta una resistente struttura in alluminio a 6 sezioni e un cavo in acciaio inossidabile. Le ghiere del Pro 240 garantiscono una maggiore durata e un rapido allineamento, mentre la sacca integrata consente una apertura rapida e con un solo tiro in situazioni di emergenza.","og_url":"https:\/\/www.sestogrado.it\/it\/prodotto\/black-diamond-quickdraw-pro-probe-240-sonda-da-valanga\/","og_site_name":"Sestogrado","article_publisher":"https:\/\/www.facebook.com\/pages\/Sestogrado\/1542635979353017?ref=bookmarks","article_modified_time":"2025-02-17T14:24:18+00:00","og_image":[{"width":1280,"height":1280,"url":"https:\/\/www.sestogrado.it\/wp-content\/uploads\/2022\/12\/01-2.jpg","type":"image\/jpeg"}],"twitter_misc":{"Prezzo":"&euro;&nbsp;57,90","Disponibilit\u00e0":"In stock"},"schema":{"@context":"https:\/\/schema.org","@graph":[{"@type":"WebPage","@id":"https:\/\/www.sestogrado.it\/it\/prodotto\/black-diamond-quickdraw-pro-probe-240-sonda-da-valanga\/","url":"https:\/\/www.sestogrado.it\/it\/prodotto\/black-diamond-quickdraw-pro-probe-240-sonda-da-valanga\/","name":"Black Diamond Quickdraw Pro Probe 240 sonda da valanga - Sestogrado","isPartOf":{"@id":"https:\/\/www.sestogrado.it\/it\/#website"},"primaryImageOfPage":{"@id":"https:\/\/www.sestogrado.it\/it\/prodotto\/black-diamond-quickdraw-pro-probe-240-sonda-da-valanga\/#primaryimage"},"image":{"@id":"https:\/\/www.sestogrado.it\/prodotto\/black-diamond-quickdraw-pro-probe-240-sonda-da-valanga\/#primaryimage"},"thumbnailUrl":"https:\/\/www.sestogrado.it\/wp-content\/uploads\/2022\/12\/01-2.jpg","datePublished":"2022-12-06T13:15:29+00:00","dateModified":"2025-02-17T14:24:18+00:00","description":"La Black Diamond Quickdraw Pro Probe 240 \u00e8 una sonda da valanga con lunghezza ridotta, ideale per tour leggeri, con pratica di soccorso in caso di valanga.La Black Diamond Quickdraw Probe 240 presenta una resistente struttura in alluminio a 6 sezioni e un cavo in acciaio inossidabile. Le ghiere del Pro 240 garantiscono una maggiore durata e un rapido allineamento, mentre la sacca integrata consente una apertura rapida e con un solo tiro in situazioni di emergenza.","breadcrumb":{"@id":"https:\/\/www.sestogrado.it\/it\/prodotto\/black-diamond-quickdraw-pro-probe-240-sonda-da-valanga\/#breadcrumb"},"inLanguage":"it-IT","potentialAction":[{"@type":"ReadAction","target":[["https:\/\/www.sestogrado.it\/it\/prodotto\/black-diamond-quickdraw-pro-probe-240-sonda-da-valanga\/"]]}]},{"@type":"ImageObject","inLanguage":"it-IT","@id":"https:\/\/www.sestogrado.it\/it\/prodotto\/black-diamond-quickdraw-pro-probe-240-sonda-da-valanga\/#primaryimage","url":"https:\/\/www.sestogrado.it\/wp-content\/uploads\/2022\/12\/01-2.jpg","contentUrl":"https:\/\/www.sestogrado.it\/wp-content\/uploads\/2022\/12\/01-2.jpg","width":1280,"height":1280,"caption":"Pro Probe 240"},{"@type":"BreadcrumbList","@id":"https:\/\/www.sestogrado.it\/it\/prodotto\/black-diamond-quickdraw-pro-probe-240-sonda-da-valanga\/#breadcrumb","itemListElement":[{"@type":"ListItem","position":1,"name":"Home","item":"https:\/\/www.sestogrado.it\/it\/"},{"@type":"ListItem","position":2,"name":"Shop","item":"https:\/\/www.sestogrado.it\/it\/shop\/"},{"@type":"ListItem","position":3,"name":"Black Diamond Quickdraw Pro Probe 240 sonda da valanga"}]},{"@type":"WebSite","@id":"https:\/\/www.sestogrado.it\/it\/#website","url":"https:\/\/www.sestogrado.it\/it\/","name":"Sestogrado","description":"yes we climb","publisher":{"@id":"https:\/\/www.sestogrado.it\/it\/#organization"},"potentialAction":[{"@type":"SearchAction","target":{"@type":"EntryPoint","urlTemplate":"https:\/\/www.sestogrado.it\/it\/?s={search_term_string}"},"query-input":{"@type":"PropertyValueSpecification","valueRequired":true,"valueName":"search_term_string"}}],"inLanguage":"it-IT"},{"@type":"Organization","@id":"https:\/\/www.sestogrado.it\/it\/#organization","name":"Sestogrado","url":"https:\/\/www.sestogrado.it\/it\/","logo":{"@type":"ImageObject","inLanguage":"it-IT","@id":"https:\/\/www.sestogrado.it\/it\/#\/schema\/logo\/image\/","url":"https:\/\/www.sestogrado.it\/wp-content\/uploads\/2015\/03\/sestogrado-favicon.png","contentUrl":"https:\/\/www.sestogrado.it\/wp-content\/uploads\/2015\/03\/sestogrado-favicon.png","width":260,"height":260,"caption":"Sestogrado"},"image":{"@id":"https:\/\/www.sestogrado.it\/it\/#\/schema\/logo\/image\/"},"sameAs":["https:\/\/www.facebook.com\/pages\/Sestogrado\/1542635979353017?ref=bookmarks","https:\/\/www.youtube.com\/channel\/UC847kAfTkaJsWpc1jtQwr3Q"],"hasMerchantReturnPolicy":{"@type":"MerchantReturnPolicy","merchantReturnLink":"https:\/\/www.sestogrado.it\/it\/termini-e-condizioni\/"}}]},"product_brand":"Black Diamond","product_price_amount":"57.90","product_price_currency":"EUR","og_availability":"instock","product_availability":"instock","product_condition":"new"},"_links":{"self":[{"href":"https:\/\/www.sestogrado.it\/it\/wp-json\/wp\/v2\/product\/119673","targetHints":{"allow":["GET"]}}],"collection":[{"href":"https:\/\/www.sestogrado.it\/it\/wp-json\/wp\/v2\/product"}],"about":[{"href":"https:\/\/www.sestogrado.it\/it\/wp-json\/wp\/v2\/types\/product"}],"replies":[{"embeddable":true,"href":"https:\/\/www.sestogrado.it\/it\/wp-json\/wp\/v2\/comments?post=119673"}],"wp:featuredmedia":[{"embeddable":true,"href":"https:\/\/www.sestogrado.it\/it\/wp-json\/wp\/v2\/media\/119678"}],"wp:attachment":[{"href":"https:\/\/www.sestogrado.it\/it\/wp-json\/wp\/v2\/media?parent=119673"}],"wp:term":[{"taxonomy":"product_brand","embeddable":true,"href":"https:\/\/www.sestogrado.it\/it\/wp-json\/wp\/v2\/product_brand?post=119673"},{"taxonomy":"product_cat","embeddable":true,"href":"https:\/\/www.sestogrado.it\/it\/wp-json\/wp\/v2\/product_cat?post=119673"},{"taxonomy":"product_tag","embeddable":true,"href":"https:\/\/www.sestogrado.it\/it\/wp-json\/wp\/v2\/product_tag?post=119673"}],"curies":[{"name":"wp","href":"https:\/\/api.w.org\/{rel}","templated":true}]}}