{"id":11819,"date":"2017-06-22T15:04:33","date_gmt":"2017-06-22T13:04:33","guid":{"rendered":"http:\/\/www.sestogrado.it\/?post_type=product&#038;p=11819"},"modified":"2026-02-16T21:39:07","modified_gmt":"2026-02-16T20:39:07","slug":"beal-dynaclip-longe-precucita-dinamica","status":"publish","type":"product","link":"https:\/\/www.sestogrado.it\/it\/prodotto\/beal-dynaclip-longe-precucita-dinamica\/","title":{"rendered":"Beal Dynaclip longe precucita dinamica"},"content":{"rendered":"<p>Il Beal Dynaclip \u00e8 una longe realizzata in corda dinamica leggera con la parte finale cucita per ancorarsi alla sosta in tutta sicurezza e con la maggiore dinamicit\u00e0 possibile.<\/p>\n<p>Disponibile in tre lunghezze, 50cm. 75 e 80cm, il Beal Dynaclip \u00e8 uno spezzone di corda dinamica che ha il doppio vantaggio di una elevata dinamicit\u00e0 e della precucitura dell&#8217;asola del moschettone.<\/p>\n<p><strong>Perch\u00e8<\/strong>: nelle soste \u00e8 comune risalire al di sopra del punto di ancoraggio, per andare a moschettonare il primo punto. Volare in queste condizioni significa volare con fattore di caduta 2 sulla sosta, il pi\u00f9 severo possibile. Per questo motivo \u00e8 bene che l&#8217;ancoraggio alla sosta sia il pi\u00f9 dinamico possibile. Inoltre, essendo l&#8217;asola per il moschettone precucita, sulla longe non \u00e8 necessario effettuare nessun nodo per collegare il moschettone, evitando di introdurre un punto di debolezza sulla longe che fornisce cos\u00ec una tenuta di 1.500 kg.<\/p>\n<p><strong>Utilizzo<\/strong>:<\/p>\n<ul>\n<li>50cm consigliata per assicurazione nelle soste e per sistemare una moulinette<\/li>\n<li>75 e 80cm assicurarsi sulle soste in vie lunghe<\/li>\n<\/ul>\n<p>Il Beal Dynaclip fornisce, in caso di caduta, un ottimo assorbimento di energia. Facilita le manovre delle corde nelle soste.<\/p>\n<p>Attenzione: i colori delle foto sono esemplificativi, la longe \u00e8 fornita in colori assortiti.<\/p>","protected":false},"excerpt":{"rendered":"<p>Il Beal Dynaclip \u00e8 una longe realizzata in corda dinamica leggera con la parte finale cucita per ancorarsi alla sosta [&hellip;]<\/p>\n","protected":false},"featured_media":11822,"comment_status":"open","ping_status":"closed","template":"","meta":{"_acf_changed":false},"product_brand":[84],"product_cat":[137],"product_tag":[],"class_list":{"0":"post-11819","1":"product","2":"type-product","3":"status-publish","4":"has-post-thumbnail","6":"product_brand-beal","7":"product_cat-fettucce-e-cordini","9":"first","10":"instock","11":"sale","12":"taxable","13":"shipping-taxable","14":"purchasable","15":"product-type-variable"},"acf":[],"yoast_head":"<!-- This site is optimized with the Yoast SEO plugin v26.4 - https:\/\/yoast.com\/wordpress\/plugins\/seo\/ -->\n<title>Beal Dynaclip longe precucita dinamica - Sestogrado<\/title>\n<meta name=\"description\" content=\"Il Beal Dynaclip \u00e8 uno spezzone di corda dinamica precucita da utilizzare come longe per assicurarsi alla sosta.\" \/>\n<meta name=\"robots\" content=\"index, follow, max-snippet:-1, max-image-preview:large, max-video-preview:-1\" \/>\n<link rel=\"canonical\" href=\"https:\/\/www.sestogrado.it\/it\/prodotto\/beal-dynaclip-longe-precucita-dinamica\/\" \/>\n<meta property=\"og:locale\" content=\"it_IT\" \/>\n<meta property=\"og:type\" content=\"article\" \/>\n<meta property=\"og:title\" content=\"Beal Dynaclip longe precucita dinamica - Sestogrado\" \/>\n<meta property=\"og:description\" content=\"Il Beal Dynaclip \u00e8 uno spezzone di corda dinamica precucita da utilizzare come longe per assicurarsi alla sosta.\" \/>\n<meta property=\"og:url\" content=\"https:\/\/www.sestogrado.it\/it\/prodotto\/beal-dynaclip-longe-precucita-dinamica\/\" \/>\n<meta property=\"og:site_name\" content=\"Sestogrado\" \/>\n<meta property=\"article:publisher\" content=\"https:\/\/www.facebook.com\/pages\/Sestogrado\/1542635979353017?ref=bookmarks\" \/>\n<meta property=\"article:modified_time\" content=\"2026-02-16T20:39:07+00:00\" \/>\n<meta property=\"og:image\" content=\"https:\/\/www.sestogrado.it\/wp-content\/uploads\/2017\/06\/01-9.jpg\" \/>\n\t<meta property=\"og:image:width\" content=\"1200\" \/>\n\t<meta property=\"og:image:height\" content=\"1600\" \/>\n\t<meta property=\"og:image:type\" content=\"image\/jpeg\" \/>\n<meta name=\"twitter:label1\" content=\"Disponibilit\u00e0\" \/>\n\t<meta name=\"twitter:data1\" content=\"In stock\" \/>\n<script type=\"application\/ld+json\" class=\"yoast-schema-graph\">{\"@context\":\"https:\/\/schema.org\",\"@graph\":[{\"@type\":\"WebPage\",\"@id\":\"https:\/\/www.sestogrado.it\/it\/prodotto\/beal-dynaclip-longe-precucita-dinamica\/\",\"url\":\"https:\/\/www.sestogrado.it\/it\/prodotto\/beal-dynaclip-longe-precucita-dinamica\/\",\"name\":\"Beal Dynaclip longe precucita dinamica - Sestogrado\",\"isPartOf\":{\"@id\":\"https:\/\/www.sestogrado.it\/it\/#website\"},\"primaryImageOfPage\":{\"@id\":\"https:\/\/www.sestogrado.it\/it\/prodotto\/beal-dynaclip-longe-precucita-dinamica\/#primaryimage\"},\"image\":{\"@id\":\"https:\/\/www.sestogrado.it\/prodotto\/beal-dynaclip-longe-precucita-dinamica\/#primaryimage\"},\"thumbnailUrl\":\"https:\/\/www.sestogrado.it\/wp-content\/uploads\/2017\/06\/01-9.jpg\",\"datePublished\":\"2017-06-22T13:04:33+00:00\",\"dateModified\":\"2026-02-16T20:39:07+00:00\",\"description\":\"Il Beal Dynaclip \u00e8 uno spezzone di corda dinamica precucita da utilizzare come longe per assicurarsi alla sosta.\",\"breadcrumb\":{\"@id\":\"https:\/\/www.sestogrado.it\/it\/prodotto\/beal-dynaclip-longe-precucita-dinamica\/#breadcrumb\"},\"inLanguage\":\"it-IT\",\"potentialAction\":[{\"@type\":\"ReadAction\",\"target\":[[\"https:\/\/www.sestogrado.it\/it\/prodotto\/beal-dynaclip-longe-precucita-dinamica\/\"]]}]},{\"@type\":\"ImageObject\",\"inLanguage\":\"it-IT\",\"@id\":\"https:\/\/www.sestogrado.it\/it\/prodotto\/beal-dynaclip-longe-precucita-dinamica\/#primaryimage\",\"url\":\"https:\/\/www.sestogrado.it\/wp-content\/uploads\/2017\/06\/01-9.jpg\",\"contentUrl\":\"https:\/\/www.sestogrado.it\/wp-content\/uploads\/2017\/06\/01-9.jpg\",\"width\":1200,\"height\":1600,\"caption\":\"beal dynaclip\"},{\"@type\":\"BreadcrumbList\",\"@id\":\"https:\/\/www.sestogrado.it\/it\/prodotto\/beal-dynaclip-longe-precucita-dinamica\/#breadcrumb\",\"itemListElement\":[{\"@type\":\"ListItem\",\"position\":1,\"name\":\"Home\",\"item\":\"https:\/\/www.sestogrado.it\/it\/\"},{\"@type\":\"ListItem\",\"position\":2,\"name\":\"Shop\",\"item\":\"https:\/\/www.sestogrado.it\/it\/shop\/\"},{\"@type\":\"ListItem\",\"position\":3,\"name\":\"Beal Dynaclip longe precucita dinamica\"}]},{\"@type\":\"WebSite\",\"@id\":\"https:\/\/www.sestogrado.it\/it\/#website\",\"url\":\"https:\/\/www.sestogrado.it\/it\/\",\"name\":\"Sestogrado\",\"description\":\"yes we climb\",\"publisher\":{\"@id\":\"https:\/\/www.sestogrado.it\/it\/#organization\"},\"potentialAction\":[{\"@type\":\"SearchAction\",\"target\":{\"@type\":\"EntryPoint\",\"urlTemplate\":\"https:\/\/www.sestogrado.it\/it\/?s={search_term_string}\"},\"query-input\":{\"@type\":\"PropertyValueSpecification\",\"valueRequired\":true,\"valueName\":\"search_term_string\"}}],\"inLanguage\":\"it-IT\"},{\"@type\":\"Organization\",\"@id\":\"https:\/\/www.sestogrado.it\/it\/#organization\",\"name\":\"Sestogrado\",\"url\":\"https:\/\/www.sestogrado.it\/it\/\",\"logo\":{\"@type\":\"ImageObject\",\"inLanguage\":\"it-IT\",\"@id\":\"https:\/\/www.sestogrado.it\/it\/#\/schema\/logo\/image\/\",\"url\":\"https:\/\/www.sestogrado.it\/wp-content\/uploads\/2015\/03\/sestogrado-favicon.png\",\"contentUrl\":\"https:\/\/www.sestogrado.it\/wp-content\/uploads\/2015\/03\/sestogrado-favicon.png\",\"width\":260,\"height\":260,\"caption\":\"Sestogrado\"},\"image\":{\"@id\":\"https:\/\/www.sestogrado.it\/it\/#\/schema\/logo\/image\/\"},\"sameAs\":[\"https:\/\/www.facebook.com\/pages\/Sestogrado\/1542635979353017?ref=bookmarks\",\"https:\/\/www.youtube.com\/channel\/UC847kAfTkaJsWpc1jtQwr3Q\"],\"hasMerchantReturnPolicy\":{\"@type\":\"MerchantReturnPolicy\",\"merchantReturnLink\":\"https:\/\/www.sestogrado.it\/it\/termini-e-condizioni\/\"}}]}<\/script>\n<meta property=\"product:brand\" content=\"Beal\" \/>\n<meta property=\"og:availability\" content=\"instock\" \/>\n<meta property=\"product:availability\" content=\"instock\" \/>\n<meta property=\"product:condition\" content=\"new\" \/>\n<!-- \/ Yoast SEO plugin. -->","yoast_head_json":{"title":"Beal Dynaclip longe precucita dinamica - Sestogrado","description":"Il Beal Dynaclip \u00e8 uno spezzone di corda dinamica precucita da utilizzare come longe per assicurarsi alla sosta.","robots":{"index":"index","follow":"follow","max-snippet":"max-snippet:-1","max-image-preview":"max-image-preview:large","max-video-preview":"max-video-preview:-1"},"canonical":"https:\/\/www.sestogrado.it\/it\/prodotto\/beal-dynaclip-longe-precucita-dinamica\/","og_locale":"it_IT","og_type":"article","og_title":"Beal Dynaclip longe precucita dinamica - Sestogrado","og_description":"Il Beal Dynaclip \u00e8 uno spezzone di corda dinamica precucita da utilizzare come longe per assicurarsi alla sosta.","og_url":"https:\/\/www.sestogrado.it\/it\/prodotto\/beal-dynaclip-longe-precucita-dinamica\/","og_site_name":"Sestogrado","article_publisher":"https:\/\/www.facebook.com\/pages\/Sestogrado\/1542635979353017?ref=bookmarks","article_modified_time":"2026-02-16T20:39:07+00:00","og_image":[{"width":1200,"height":1600,"url":"https:\/\/www.sestogrado.it\/wp-content\/uploads\/2017\/06\/01-9.jpg","type":"image\/jpeg"}],"twitter_misc":{"Disponibilit\u00e0":"In stock"},"schema":{"@context":"https:\/\/schema.org","@graph":[{"@type":"WebPage","@id":"https:\/\/www.sestogrado.it\/it\/prodotto\/beal-dynaclip-longe-precucita-dinamica\/","url":"https:\/\/www.sestogrado.it\/it\/prodotto\/beal-dynaclip-longe-precucita-dinamica\/","name":"Beal Dynaclip longe precucita dinamica - Sestogrado","isPartOf":{"@id":"https:\/\/www.sestogrado.it\/it\/#website"},"primaryImageOfPage":{"@id":"https:\/\/www.sestogrado.it\/it\/prodotto\/beal-dynaclip-longe-precucita-dinamica\/#primaryimage"},"image":{"@id":"https:\/\/www.sestogrado.it\/prodotto\/beal-dynaclip-longe-precucita-dinamica\/#primaryimage"},"thumbnailUrl":"https:\/\/www.sestogrado.it\/wp-content\/uploads\/2017\/06\/01-9.jpg","datePublished":"2017-06-22T13:04:33+00:00","dateModified":"2026-02-16T20:39:07+00:00","description":"Il Beal Dynaclip \u00e8 uno spezzone di corda dinamica precucita da utilizzare come longe per assicurarsi alla sosta.","breadcrumb":{"@id":"https:\/\/www.sestogrado.it\/it\/prodotto\/beal-dynaclip-longe-precucita-dinamica\/#breadcrumb"},"inLanguage":"it-IT","potentialAction":[{"@type":"ReadAction","target":[["https:\/\/www.sestogrado.it\/it\/prodotto\/beal-dynaclip-longe-precucita-dinamica\/"]]}]},{"@type":"ImageObject","inLanguage":"it-IT","@id":"https:\/\/www.sestogrado.it\/it\/prodotto\/beal-dynaclip-longe-precucita-dinamica\/#primaryimage","url":"https:\/\/www.sestogrado.it\/wp-content\/uploads\/2017\/06\/01-9.jpg","contentUrl":"https:\/\/www.sestogrado.it\/wp-content\/uploads\/2017\/06\/01-9.jpg","width":1200,"height":1600,"caption":"beal dynaclip"},{"@type":"BreadcrumbList","@id":"https:\/\/www.sestogrado.it\/it\/prodotto\/beal-dynaclip-longe-precucita-dinamica\/#breadcrumb","itemListElement":[{"@type":"ListItem","position":1,"name":"Home","item":"https:\/\/www.sestogrado.it\/it\/"},{"@type":"ListItem","position":2,"name":"Shop","item":"https:\/\/www.sestogrado.it\/it\/shop\/"},{"@type":"ListItem","position":3,"name":"Beal Dynaclip longe precucita dinamica"}]},{"@type":"WebSite","@id":"https:\/\/www.sestogrado.it\/it\/#website","url":"https:\/\/www.sestogrado.it\/it\/","name":"Sestogrado","description":"yes we climb","publisher":{"@id":"https:\/\/www.sestogrado.it\/it\/#organization"},"potentialAction":[{"@type":"SearchAction","target":{"@type":"EntryPoint","urlTemplate":"https:\/\/www.sestogrado.it\/it\/?s={search_term_string}"},"query-input":{"@type":"PropertyValueSpecification","valueRequired":true,"valueName":"search_term_string"}}],"inLanguage":"it-IT"},{"@type":"Organization","@id":"https:\/\/www.sestogrado.it\/it\/#organization","name":"Sestogrado","url":"https:\/\/www.sestogrado.it\/it\/","logo":{"@type":"ImageObject","inLanguage":"it-IT","@id":"https:\/\/www.sestogrado.it\/it\/#\/schema\/logo\/image\/","url":"https:\/\/www.sestogrado.it\/wp-content\/uploads\/2015\/03\/sestogrado-favicon.png","contentUrl":"https:\/\/www.sestogrado.it\/wp-content\/uploads\/2015\/03\/sestogrado-favicon.png","width":260,"height":260,"caption":"Sestogrado"},"image":{"@id":"https:\/\/www.sestogrado.it\/it\/#\/schema\/logo\/image\/"},"sameAs":["https:\/\/www.facebook.com\/pages\/Sestogrado\/1542635979353017?ref=bookmarks","https:\/\/www.youtube.com\/channel\/UC847kAfTkaJsWpc1jtQwr3Q"],"hasMerchantReturnPolicy":{"@type":"MerchantReturnPolicy","merchantReturnLink":"https:\/\/www.sestogrado.it\/it\/termini-e-condizioni\/"}}]},"product_brand":"Beal","og_availability":"instock","product_availability":"instock","product_condition":"new"},"_links":{"self":[{"href":"https:\/\/www.sestogrado.it\/it\/wp-json\/wp\/v2\/product\/11819","targetHints":{"allow":["GET"]}}],"collection":[{"href":"https:\/\/www.sestogrado.it\/it\/wp-json\/wp\/v2\/product"}],"about":[{"href":"https:\/\/www.sestogrado.it\/it\/wp-json\/wp\/v2\/types\/product"}],"replies":[{"embeddable":true,"href":"https:\/\/www.sestogrado.it\/it\/wp-json\/wp\/v2\/comments?post=11819"}],"wp:featuredmedia":[{"embeddable":true,"href":"https:\/\/www.sestogrado.it\/it\/wp-json\/wp\/v2\/media\/11822"}],"wp:attachment":[{"href":"https:\/\/www.sestogrado.it\/it\/wp-json\/wp\/v2\/media?parent=11819"}],"wp:term":[{"taxonomy":"product_brand","embeddable":true,"href":"https:\/\/www.sestogrado.it\/it\/wp-json\/wp\/v2\/product_brand?post=11819"},{"taxonomy":"product_cat","embeddable":true,"href":"https:\/\/www.sestogrado.it\/it\/wp-json\/wp\/v2\/product_cat?post=11819"},{"taxonomy":"product_tag","embeddable":true,"href":"https:\/\/www.sestogrado.it\/it\/wp-json\/wp\/v2\/product_tag?post=11819"}],"curies":[{"name":"wp","href":"https:\/\/api.w.org\/{rel}","templated":true}]}}