{"id":118071,"date":"2022-11-22T16:34:30","date_gmt":"2022-11-22T15:34:30","guid":{"rendered":"https:\/\/www.sestogrado.it\/?post_type=product&#038;p=118071"},"modified":"2026-02-09T17:09:29","modified_gmt":"2026-02-09T16:09:29","slug":"black-diamond-crack-gloves-guanti-da-incastro-per-arrampicata-in-fessura","status":"publish","type":"product","link":"https:\/\/www.sestogrado.it\/it\/prodotto\/black-diamond-crack-gloves-guanti-da-incastro-per-arrampicata-in-fessura\/","title":{"rendered":"Black Diamond Crack Gloves guanti da incastro per arrampicata in fessura"},"content":{"rendered":"<p>I Black Diamond Crack Glove sono guanti da incastro per arrampicata in fessura. Possono essere indossati come protezione per evitare di ferire le tue mani.<\/p>\n<p>Sono stati realizzati con uno stampo 3D per dare la migliore vestibilit\u00e0 da un lato e la migliore resistenza dall&#8217;altro. Sono spessi solo 1mm, fornendo il perfetto bilanciamento tra protezione, resistenza e grip.<\/p>\n<p>Questo risultato \u00e8 stato raggiunto abbinando uno strato di pelle scamosciata sintetica per rendere Crack Glove resistenti e traspirabili ad un adesivo di gomma di 0.6 mm. Questo protegge le tue nocche dalla roccia, cos\u00ec da poter incastrare le mani senza provare dolore.<\/p>\n<p>Sicuro e comodo \u00e8 anche il sistema di chiusura sul polso con un cinturino in Hypalon ma anche i fori per le dita: le cuciture sono piatte e non creano nessun tipo di fastidio.<\/p>\n<p>Peso: 32.8g<\/p>\n<p>Per scegliere la taglia misurarsi la circonferenza del palmo, in corrispondenza delle nocche:<\/p>\n<p><img decoding=\"async\" class=\"size-full wp-image-23609 img-fluid alignnone\" src=\"https:\/\/www.sestogrado.it\/wp-content\/uploads\/2019\/10\/mano.png\" alt=\"mano\" width=\"300\" height=\"300\" srcset=\"https:\/\/www.sestogrado.it\/wp-content\/uploads\/2019\/10\/mano.png 300w, https:\/\/www.sestogrado.it\/wp-content\/uploads\/2019\/10\/mano-100x100.png 100w, https:\/\/www.sestogrado.it\/wp-content\/uploads\/2019\/10\/mano-220x220.png 220w, https:\/\/www.sestogrado.it\/wp-content\/uploads\/2019\/10\/mano-150x150.png 150w, https:\/\/www.sestogrado.it\/wp-content\/uploads\/2019\/10\/mano-45x45.png 45w, https:\/\/www.sestogrado.it\/wp-content\/uploads\/2019\/10\/mano-64x64.png 64w, https:\/\/www.sestogrado.it\/wp-content\/uploads\/2019\/10\/mano-80x80.png 80w\" sizes=\"(max-width: 300px) 100vw, 300px\" \/><\/p>\n<p>&nbsp;<\/p>\n<p>XS 18.4-19.7cm<\/p>\n<p>S 19.7-21cm<\/p>\n<p>M 21.5-23cm<\/p>\n<p>L 23-24cm<\/p>\n<p>XL 24-25.4cm<\/p>\n<p>&nbsp;<\/p>\n<p>&nbsp;<\/p>\n<p>Black Diamond dal 1957 rappresenta un punto di riferimento mondiale per l\u2019attrezzatura da arrampicata. Ci\u00f2 che all\u2019inizio era una attivit\u00e0 artigianale con incudine e martello oggi si \u00e8 trasformata in una societ\u00e0 globale con uffici in tre continenti. Il segreto di Black Diamond \u00e8 sempre lo stesso: essere una societ\u00e0 formata da appassionati climber. In Black Diamond si continua a sognare su ci\u00f2 che potrebbe essere e si continua ad essere critici su ci\u00f2 che esiste. E\u2019 cos\u00ec che il processo creativo per la realizzazione della migliore attrezzatura da arrampicata non avr\u00e0 mai fine.<\/p>","protected":false},"excerpt":{"rendered":"<p>I Black Diamond Crack Glove sono guanti da incastro per arrampicata in fessura. Possono essere indossati come protezione per evitare [&hellip;]<\/p>\n","protected":false},"featured_media":118072,"comment_status":"open","ping_status":"closed","template":"","meta":{"_acf_changed":false},"product_brand":[121],"product_cat":[1430],"product_tag":[],"class_list":{"0":"post-118071","1":"product","2":"type-product","3":"status-publish","4":"has-post-thumbnail","6":"product_brand-black-diamond","7":"product_cat-manovre","9":"first","10":"instock","11":"sale","12":"taxable","13":"shipping-taxable","14":"purchasable","15":"product-type-variable"},"acf":[],"yoast_head":"<!-- This site is optimized with the Yoast SEO plugin v26.4 - https:\/\/yoast.com\/wordpress\/plugins\/seo\/ -->\n<title>Black Diamond Crack Gloves guanti da incastro per arrampicata in fessura - Sestogrado<\/title>\n<meta name=\"description\" content=\"I Black Diamond Crack Glove sono guanti da incastro per arrampicata in fessura. Possono essere indossati come protezione per evitare di ferire le tue mani.Sono stati realizzati con uno stampo 3D per dare la migliore vestibilit\u00e0 da un lato e la migliore resistenza dall&#039;altro. Sono spessi solo 1mm, fornendo il perfetto bilanciamento tra protezione, resistenza e grip.Questo risultato \u00e8 stato raggiunto abbinando uno strato di pelle scamosciata sintetica per rendere Crack Glove resistenti e traspirabili ad un adesivo di gomma di 0.6 mm. Questo protegge le tue nocche dalla roccia, cos\u00ec da poter incastrare le mani senza provare dolore.Sicuro e comodo \u00e8 anche il sistema di chiusura sul polso con un cinturino in Hypalon ma anche i fori per le dita: le cuciture sono piatte e non creano nessun tipo di fastidio.Peso: 32.8gPer scegliere la taglia misurarsi la circonferenza del palmo, in corrispondenza delle nocche:\" \/>\n<meta name=\"robots\" content=\"index, follow, max-snippet:-1, max-image-preview:large, max-video-preview:-1\" \/>\n<link rel=\"canonical\" href=\"https:\/\/www.sestogrado.it\/it\/prodotto\/black-diamond-crack-gloves-guanti-da-incastro-per-arrampicata-in-fessura\/\" \/>\n<meta property=\"og:locale\" content=\"it_IT\" \/>\n<meta property=\"og:type\" content=\"article\" \/>\n<meta property=\"og:title\" content=\"Black Diamond Crack Gloves guanti da incastro per arrampicata in fessura - Sestogrado\" \/>\n<meta property=\"og:description\" content=\"I Black Diamond Crack Glove sono guanti da incastro per arrampicata in fessura. Possono essere indossati come protezione per evitare di ferire le tue mani.Sono stati realizzati con uno stampo 3D per dare la migliore vestibilit\u00e0 da un lato e la migliore resistenza dall&#039;altro. Sono spessi solo 1mm, fornendo il perfetto bilanciamento tra protezione, resistenza e grip.Questo risultato \u00e8 stato raggiunto abbinando uno strato di pelle scamosciata sintetica per rendere Crack Glove resistenti e traspirabili ad un adesivo di gomma di 0.6 mm. Questo protegge le tue nocche dalla roccia, cos\u00ec da poter incastrare le mani senza provare dolore.Sicuro e comodo \u00e8 anche il sistema di chiusura sul polso con un cinturino in Hypalon ma anche i fori per le dita: le cuciture sono piatte e non creano nessun tipo di fastidio.Peso: 32.8gPer scegliere la taglia misurarsi la circonferenza del palmo, in corrispondenza delle nocche:\" \/>\n<meta property=\"og:url\" content=\"https:\/\/www.sestogrado.it\/it\/prodotto\/black-diamond-crack-gloves-guanti-da-incastro-per-arrampicata-in-fessura\/\" \/>\n<meta property=\"og:site_name\" content=\"Sestogrado\" \/>\n<meta property=\"article:publisher\" content=\"https:\/\/www.facebook.com\/pages\/Sestogrado\/1542635979353017?ref=bookmarks\" \/>\n<meta property=\"article:modified_time\" content=\"2026-02-09T16:09:29+00:00\" \/>\n<meta property=\"og:image\" content=\"https:\/\/www.sestogrado.it\/wp-content\/uploads\/2022\/11\/01-16.jpg\" \/>\n\t<meta property=\"og:image:width\" content=\"1169\" \/>\n\t<meta property=\"og:image:height\" content=\"1169\" \/>\n\t<meta property=\"og:image:type\" content=\"image\/jpeg\" \/>\n<meta name=\"twitter:label1\" content=\"Disponibilit\u00e0\" \/>\n\t<meta name=\"twitter:data1\" content=\"In stock\" \/>\n<script type=\"application\/ld+json\" class=\"yoast-schema-graph\">{\"@context\":\"https:\/\/schema.org\",\"@graph\":[{\"@type\":\"WebPage\",\"@id\":\"https:\/\/www.sestogrado.it\/it\/prodotto\/black-diamond-crack-gloves-guanti-da-incastro-per-arrampicata-in-fessura\/\",\"url\":\"https:\/\/www.sestogrado.it\/it\/prodotto\/black-diamond-crack-gloves-guanti-da-incastro-per-arrampicata-in-fessura\/\",\"name\":\"Black Diamond Crack Gloves guanti da incastro per arrampicata in fessura - Sestogrado\",\"isPartOf\":{\"@id\":\"https:\/\/www.sestogrado.it\/it\/#website\"},\"primaryImageOfPage\":{\"@id\":\"https:\/\/www.sestogrado.it\/it\/prodotto\/black-diamond-crack-gloves-guanti-da-incastro-per-arrampicata-in-fessura\/#primaryimage\"},\"image\":{\"@id\":\"https:\/\/www.sestogrado.it\/prodotto\/black-diamond-crack-gloves-guanti-da-incastro-per-arrampicata-in-fessura\/#primaryimage\"},\"thumbnailUrl\":\"https:\/\/www.sestogrado.it\/wp-content\/uploads\/2022\/11\/01-16.jpg\",\"datePublished\":\"2022-11-22T15:34:30+00:00\",\"dateModified\":\"2026-02-09T16:09:29+00:00\",\"description\":\"I Black Diamond Crack Glove sono guanti da incastro per arrampicata in fessura. Possono essere indossati come protezione per evitare di ferire le tue mani.Sono stati realizzati con uno stampo 3D per dare la migliore vestibilit\u00e0 da un lato e la migliore resistenza dall'altro. Sono spessi solo 1mm, fornendo il perfetto bilanciamento tra protezione, resistenza e grip.Questo risultato \u00e8 stato raggiunto abbinando uno strato di pelle scamosciata sintetica per rendere Crack Glove resistenti e traspirabili ad un adesivo di gomma di 0.6 mm. Questo protegge le tue nocche dalla roccia, cos\u00ec da poter incastrare le mani senza provare dolore.Sicuro e comodo \u00e8 anche il sistema di chiusura sul polso con un cinturino in Hypalon ma anche i fori per le dita: le cuciture sono piatte e non creano nessun tipo di fastidio.Peso: 32.8gPer scegliere la taglia misurarsi la circonferenza del palmo, in corrispondenza delle nocche:\",\"breadcrumb\":{\"@id\":\"https:\/\/www.sestogrado.it\/it\/prodotto\/black-diamond-crack-gloves-guanti-da-incastro-per-arrampicata-in-fessura\/#breadcrumb\"},\"inLanguage\":\"it-IT\",\"potentialAction\":[{\"@type\":\"ReadAction\",\"target\":[[\"https:\/\/www.sestogrado.it\/it\/prodotto\/black-diamond-crack-gloves-guanti-da-incastro-per-arrampicata-in-fessura\/\"]]}]},{\"@type\":\"ImageObject\",\"inLanguage\":\"it-IT\",\"@id\":\"https:\/\/www.sestogrado.it\/it\/prodotto\/black-diamond-crack-gloves-guanti-da-incastro-per-arrampicata-in-fessura\/#primaryimage\",\"url\":\"https:\/\/www.sestogrado.it\/wp-content\/uploads\/2022\/11\/01-16.jpg\",\"contentUrl\":\"https:\/\/www.sestogrado.it\/wp-content\/uploads\/2022\/11\/01-16.jpg\",\"width\":1169,\"height\":1169,\"caption\":\"crack gloves\"},{\"@type\":\"BreadcrumbList\",\"@id\":\"https:\/\/www.sestogrado.it\/it\/prodotto\/black-diamond-crack-gloves-guanti-da-incastro-per-arrampicata-in-fessura\/#breadcrumb\",\"itemListElement\":[{\"@type\":\"ListItem\",\"position\":1,\"name\":\"Home\",\"item\":\"https:\/\/www.sestogrado.it\/it\/\"},{\"@type\":\"ListItem\",\"position\":2,\"name\":\"Shop\",\"item\":\"https:\/\/www.sestogrado.it\/it\/shop\/\"},{\"@type\":\"ListItem\",\"position\":3,\"name\":\"Black Diamond Crack Gloves guanti da incastro per arrampicata in fessura\"}]},{\"@type\":\"WebSite\",\"@id\":\"https:\/\/www.sestogrado.it\/it\/#website\",\"url\":\"https:\/\/www.sestogrado.it\/it\/\",\"name\":\"Sestogrado\",\"description\":\"yes we climb\",\"publisher\":{\"@id\":\"https:\/\/www.sestogrado.it\/it\/#organization\"},\"potentialAction\":[{\"@type\":\"SearchAction\",\"target\":{\"@type\":\"EntryPoint\",\"urlTemplate\":\"https:\/\/www.sestogrado.it\/it\/?s={search_term_string}\"},\"query-input\":{\"@type\":\"PropertyValueSpecification\",\"valueRequired\":true,\"valueName\":\"search_term_string\"}}],\"inLanguage\":\"it-IT\"},{\"@type\":\"Organization\",\"@id\":\"https:\/\/www.sestogrado.it\/it\/#organization\",\"name\":\"Sestogrado\",\"url\":\"https:\/\/www.sestogrado.it\/it\/\",\"logo\":{\"@type\":\"ImageObject\",\"inLanguage\":\"it-IT\",\"@id\":\"https:\/\/www.sestogrado.it\/it\/#\/schema\/logo\/image\/\",\"url\":\"https:\/\/www.sestogrado.it\/wp-content\/uploads\/2015\/03\/sestogrado-favicon.png\",\"contentUrl\":\"https:\/\/www.sestogrado.it\/wp-content\/uploads\/2015\/03\/sestogrado-favicon.png\",\"width\":260,\"height\":260,\"caption\":\"Sestogrado\"},\"image\":{\"@id\":\"https:\/\/www.sestogrado.it\/it\/#\/schema\/logo\/image\/\"},\"sameAs\":[\"https:\/\/www.facebook.com\/pages\/Sestogrado\/1542635979353017?ref=bookmarks\",\"https:\/\/www.youtube.com\/channel\/UC847kAfTkaJsWpc1jtQwr3Q\"],\"hasMerchantReturnPolicy\":{\"@type\":\"MerchantReturnPolicy\",\"merchantReturnLink\":\"https:\/\/www.sestogrado.it\/it\/termini-e-condizioni\/\"}}]}<\/script>\n<meta property=\"product:brand\" content=\"Black Diamond\" \/>\n<meta property=\"og:availability\" content=\"instock\" \/>\n<meta property=\"product:availability\" content=\"instock\" \/>\n<meta property=\"product:condition\" content=\"new\" \/>\n<!-- \/ Yoast SEO plugin. -->","yoast_head_json":{"title":"Black Diamond Crack Gloves guanti da incastro per arrampicata in fessura - Sestogrado","description":"I Black Diamond Crack Glove sono guanti da incastro per arrampicata in fessura. Possono essere indossati come protezione per evitare di ferire le tue mani.Sono stati realizzati con uno stampo 3D per dare la migliore vestibilit\u00e0 da un lato e la migliore resistenza dall'altro. Sono spessi solo 1mm, fornendo il perfetto bilanciamento tra protezione, resistenza e grip.Questo risultato \u00e8 stato raggiunto abbinando uno strato di pelle scamosciata sintetica per rendere Crack Glove resistenti e traspirabili ad un adesivo di gomma di 0.6 mm. Questo protegge le tue nocche dalla roccia, cos\u00ec da poter incastrare le mani senza provare dolore.Sicuro e comodo \u00e8 anche il sistema di chiusura sul polso con un cinturino in Hypalon ma anche i fori per le dita: le cuciture sono piatte e non creano nessun tipo di fastidio.Peso: 32.8gPer scegliere la taglia misurarsi la circonferenza del palmo, in corrispondenza delle nocche:","robots":{"index":"index","follow":"follow","max-snippet":"max-snippet:-1","max-image-preview":"max-image-preview:large","max-video-preview":"max-video-preview:-1"},"canonical":"https:\/\/www.sestogrado.it\/it\/prodotto\/black-diamond-crack-gloves-guanti-da-incastro-per-arrampicata-in-fessura\/","og_locale":"it_IT","og_type":"article","og_title":"Black Diamond Crack Gloves guanti da incastro per arrampicata in fessura - Sestogrado","og_description":"I Black Diamond Crack Glove sono guanti da incastro per arrampicata in fessura. Possono essere indossati come protezione per evitare di ferire le tue mani.Sono stati realizzati con uno stampo 3D per dare la migliore vestibilit\u00e0 da un lato e la migliore resistenza dall'altro. Sono spessi solo 1mm, fornendo il perfetto bilanciamento tra protezione, resistenza e grip.Questo risultato \u00e8 stato raggiunto abbinando uno strato di pelle scamosciata sintetica per rendere Crack Glove resistenti e traspirabili ad un adesivo di gomma di 0.6 mm. Questo protegge le tue nocche dalla roccia, cos\u00ec da poter incastrare le mani senza provare dolore.Sicuro e comodo \u00e8 anche il sistema di chiusura sul polso con un cinturino in Hypalon ma anche i fori per le dita: le cuciture sono piatte e non creano nessun tipo di fastidio.Peso: 32.8gPer scegliere la taglia misurarsi la circonferenza del palmo, in corrispondenza delle nocche:","og_url":"https:\/\/www.sestogrado.it\/it\/prodotto\/black-diamond-crack-gloves-guanti-da-incastro-per-arrampicata-in-fessura\/","og_site_name":"Sestogrado","article_publisher":"https:\/\/www.facebook.com\/pages\/Sestogrado\/1542635979353017?ref=bookmarks","article_modified_time":"2026-02-09T16:09:29+00:00","og_image":[{"width":1169,"height":1169,"url":"https:\/\/www.sestogrado.it\/wp-content\/uploads\/2022\/11\/01-16.jpg","type":"image\/jpeg"}],"twitter_misc":{"Disponibilit\u00e0":"In stock"},"schema":{"@context":"https:\/\/schema.org","@graph":[{"@type":"WebPage","@id":"https:\/\/www.sestogrado.it\/it\/prodotto\/black-diamond-crack-gloves-guanti-da-incastro-per-arrampicata-in-fessura\/","url":"https:\/\/www.sestogrado.it\/it\/prodotto\/black-diamond-crack-gloves-guanti-da-incastro-per-arrampicata-in-fessura\/","name":"Black Diamond Crack Gloves guanti da incastro per arrampicata in fessura - Sestogrado","isPartOf":{"@id":"https:\/\/www.sestogrado.it\/it\/#website"},"primaryImageOfPage":{"@id":"https:\/\/www.sestogrado.it\/it\/prodotto\/black-diamond-crack-gloves-guanti-da-incastro-per-arrampicata-in-fessura\/#primaryimage"},"image":{"@id":"https:\/\/www.sestogrado.it\/prodotto\/black-diamond-crack-gloves-guanti-da-incastro-per-arrampicata-in-fessura\/#primaryimage"},"thumbnailUrl":"https:\/\/www.sestogrado.it\/wp-content\/uploads\/2022\/11\/01-16.jpg","datePublished":"2022-11-22T15:34:30+00:00","dateModified":"2026-02-09T16:09:29+00:00","description":"I Black Diamond Crack Glove sono guanti da incastro per arrampicata in fessura. Possono essere indossati come protezione per evitare di ferire le tue mani.Sono stati realizzati con uno stampo 3D per dare la migliore vestibilit\u00e0 da un lato e la migliore resistenza dall'altro. Sono spessi solo 1mm, fornendo il perfetto bilanciamento tra protezione, resistenza e grip.Questo risultato \u00e8 stato raggiunto abbinando uno strato di pelle scamosciata sintetica per rendere Crack Glove resistenti e traspirabili ad un adesivo di gomma di 0.6 mm. Questo protegge le tue nocche dalla roccia, cos\u00ec da poter incastrare le mani senza provare dolore.Sicuro e comodo \u00e8 anche il sistema di chiusura sul polso con un cinturino in Hypalon ma anche i fori per le dita: le cuciture sono piatte e non creano nessun tipo di fastidio.Peso: 32.8gPer scegliere la taglia misurarsi la circonferenza del palmo, in corrispondenza delle nocche:","breadcrumb":{"@id":"https:\/\/www.sestogrado.it\/it\/prodotto\/black-diamond-crack-gloves-guanti-da-incastro-per-arrampicata-in-fessura\/#breadcrumb"},"inLanguage":"it-IT","potentialAction":[{"@type":"ReadAction","target":[["https:\/\/www.sestogrado.it\/it\/prodotto\/black-diamond-crack-gloves-guanti-da-incastro-per-arrampicata-in-fessura\/"]]}]},{"@type":"ImageObject","inLanguage":"it-IT","@id":"https:\/\/www.sestogrado.it\/it\/prodotto\/black-diamond-crack-gloves-guanti-da-incastro-per-arrampicata-in-fessura\/#primaryimage","url":"https:\/\/www.sestogrado.it\/wp-content\/uploads\/2022\/11\/01-16.jpg","contentUrl":"https:\/\/www.sestogrado.it\/wp-content\/uploads\/2022\/11\/01-16.jpg","width":1169,"height":1169,"caption":"crack gloves"},{"@type":"BreadcrumbList","@id":"https:\/\/www.sestogrado.it\/it\/prodotto\/black-diamond-crack-gloves-guanti-da-incastro-per-arrampicata-in-fessura\/#breadcrumb","itemListElement":[{"@type":"ListItem","position":1,"name":"Home","item":"https:\/\/www.sestogrado.it\/it\/"},{"@type":"ListItem","position":2,"name":"Shop","item":"https:\/\/www.sestogrado.it\/it\/shop\/"},{"@type":"ListItem","position":3,"name":"Black Diamond Crack Gloves guanti da incastro per arrampicata in fessura"}]},{"@type":"WebSite","@id":"https:\/\/www.sestogrado.it\/it\/#website","url":"https:\/\/www.sestogrado.it\/it\/","name":"Sestogrado","description":"yes we climb","publisher":{"@id":"https:\/\/www.sestogrado.it\/it\/#organization"},"potentialAction":[{"@type":"SearchAction","target":{"@type":"EntryPoint","urlTemplate":"https:\/\/www.sestogrado.it\/it\/?s={search_term_string}"},"query-input":{"@type":"PropertyValueSpecification","valueRequired":true,"valueName":"search_term_string"}}],"inLanguage":"it-IT"},{"@type":"Organization","@id":"https:\/\/www.sestogrado.it\/it\/#organization","name":"Sestogrado","url":"https:\/\/www.sestogrado.it\/it\/","logo":{"@type":"ImageObject","inLanguage":"it-IT","@id":"https:\/\/www.sestogrado.it\/it\/#\/schema\/logo\/image\/","url":"https:\/\/www.sestogrado.it\/wp-content\/uploads\/2015\/03\/sestogrado-favicon.png","contentUrl":"https:\/\/www.sestogrado.it\/wp-content\/uploads\/2015\/03\/sestogrado-favicon.png","width":260,"height":260,"caption":"Sestogrado"},"image":{"@id":"https:\/\/www.sestogrado.it\/it\/#\/schema\/logo\/image\/"},"sameAs":["https:\/\/www.facebook.com\/pages\/Sestogrado\/1542635979353017?ref=bookmarks","https:\/\/www.youtube.com\/channel\/UC847kAfTkaJsWpc1jtQwr3Q"],"hasMerchantReturnPolicy":{"@type":"MerchantReturnPolicy","merchantReturnLink":"https:\/\/www.sestogrado.it\/it\/termini-e-condizioni\/"}}]},"product_brand":"Black Diamond","og_availability":"instock","product_availability":"instock","product_condition":"new"},"_links":{"self":[{"href":"https:\/\/www.sestogrado.it\/it\/wp-json\/wp\/v2\/product\/118071","targetHints":{"allow":["GET"]}}],"collection":[{"href":"https:\/\/www.sestogrado.it\/it\/wp-json\/wp\/v2\/product"}],"about":[{"href":"https:\/\/www.sestogrado.it\/it\/wp-json\/wp\/v2\/types\/product"}],"replies":[{"embeddable":true,"href":"https:\/\/www.sestogrado.it\/it\/wp-json\/wp\/v2\/comments?post=118071"}],"wp:featuredmedia":[{"embeddable":true,"href":"https:\/\/www.sestogrado.it\/it\/wp-json\/wp\/v2\/media\/118072"}],"wp:attachment":[{"href":"https:\/\/www.sestogrado.it\/it\/wp-json\/wp\/v2\/media?parent=118071"}],"wp:term":[{"taxonomy":"product_brand","embeddable":true,"href":"https:\/\/www.sestogrado.it\/it\/wp-json\/wp\/v2\/product_brand?post=118071"},{"taxonomy":"product_cat","embeddable":true,"href":"https:\/\/www.sestogrado.it\/it\/wp-json\/wp\/v2\/product_cat?post=118071"},{"taxonomy":"product_tag","embeddable":true,"href":"https:\/\/www.sestogrado.it\/it\/wp-json\/wp\/v2\/product_tag?post=118071"}],"curies":[{"name":"wp","href":"https:\/\/api.w.org\/{rel}","templated":true}]}}