{"id":118063,"date":"2022-11-22T16:13:29","date_gmt":"2022-11-22T15:13:29","guid":{"rendered":"https:\/\/www.sestogrado.it\/?post_type=product&#038;p=118063"},"modified":"2024-06-20T17:10:27","modified_gmt":"2024-06-20T15:10:27","slug":"camp-skimo-total-race-ramponi-da-scialpinismo","status":"publish","type":"product","link":"https:\/\/www.sestogrado.it\/it\/prodotto\/camp-skimo-total-race-ramponi-da-scialpinismo\/","title":{"rendered":"Camp Skimo Total Race ramponi da scialpinismo"},"content":{"rendered":"<p>Il Camp Skimo Total Race \u00e8 il non plus ultra per le competizioni di scialpinismo, il rampone dove ogni dettaglio \u00e8 in funzione della leggerezza e della velocit\u00e0. Lo Skimo Total Race \u00e8 la sintesi estrema di tutta l&#8217;esperienza di C.A.M.P. nel settore dei ramponi da gara, dove rappresenta lo stato dell&#8217;arte. Ci\u00f2 grazie soprattutto all&#8217;innovativo sistema di allacciatura, privo non soltanto della talloniera (come gi\u00e0 il predecessore Race 290) ma anche del classico archetto frontale. Al posto di quest&#8217;ultimo spicca un fermo di nuova concezione, estremamente stabile e sicuro, che una volta regolato per i propri scarponi rende ancora pi\u00f9 veloci i cambi d&#8217;assetto. L&#8217;asta di collegamento con doppia fila di fori consente il massimo della precisione nella regolazione della lunghezza e pu\u00f2 essere sostituita con la fettuccia in Dyneema\u00ae disponibile separatamente, per avere un attrezzo ancora pi\u00f9 leggero e compattabile.<\/p>\n<p>\u2022 Realizzato in alluminio 7075 per la massima leggerezza<br \/>\n\u2022 Allacciatura automatica con innovativo sistema di fissaggio anteriore T-Stop, munito di fermo regolabile per adattare il rampone\u00a0alla maggior parte degli\u00a0scarponi da scialpinismo con gradino frontale<br \/>\n\u2022 Sistema esclusivo di aggancio posteriore Clip-in, con perni che rendono estremamente veloce il fissaggio agli scarponi<br \/>\n\u2022 Regolazione micrometrica della lunghezza con asta a doppia fila di fori e vite (con dado di bloccaggio), posizionabile sul tacco sia anteriormente sia posteriormente per coprire tutte le misure di scarponi<br \/>\n\u2022 Possibilit\u00e0 di sostituire l&#8217;asta di collegamento con la fettuccia in Dyneema\u00ae disponibile separatamente, per la massima leggerezza (290 g) e per poter piegare il rampone su se stesso<br \/>\n\u2022 Antibott anteriore ad azione attiva\u00a0incluso<br \/>\n\u2022 Set di chiavi\u00a0di serie per la regolazione del fermo anteriore e della lunghezza<br \/>\n\u2022 Custodia inclusa<\/p>\n<p>&nbsp;<\/p>\n<p>Passione, lavoro e semplicit\u00e0 sono alcune delle parole chiave che da sempre hanno contraddistinto il modo di essere di C.A.M.P. Fondata nel 1889 a Premana, paese dell\u2019alta Valsassina dove tutt\u2019oggi ha la sua sede, C.A.M.P. realizza prodotti che aiutano a realizzare i sogni ed i progetti di tutti coloro che frequentano la montagna.<\/p>","protected":false},"excerpt":{"rendered":"<p>Il Camp Skimo Total Race \u00e8 il non plus ultra per le competizioni di scialpinismo, il rampone dove ogni dettaglio [&hellip;]<\/p>\n","protected":false},"featured_media":118065,"comment_status":"open","ping_status":"closed","template":"","meta":{"_acf_changed":false},"product_brand":[31],"product_cat":[153],"product_tag":[],"class_list":{"0":"post-118063","1":"product","2":"type-product","3":"status-publish","4":"has-post-thumbnail","6":"product_brand-camp","7":"product_cat-ramponi","9":"first","10":"outofstock","11":"sale","12":"taxable","13":"shipping-taxable","14":"purchasable","15":"product-type-simple"},"acf":[],"yoast_head":"<!-- This site is optimized with the Yoast SEO plugin v26.4 - https:\/\/yoast.com\/wordpress\/plugins\/seo\/ -->\n<title>Camp Skimo Total Race ramponi da scialpinismo - Sestogrado<\/title>\n<meta name=\"description\" content=\"Il Camp Skimo Total Race \u00e8 il non plus ultra per le competizioni di scialpinismo, il rampone dove ogni dettaglio \u00e8 in funzione della leggerezza e della velocit\u00e0. Lo Skimo Total Race \u00e8 la sintesi estrema di tutta l&#039;esperienza di C.A.M.P. nel settore dei ramponi da gara, dove rappresenta lo stato dell&#039;arte. Ci\u00f2 grazie soprattutto all&#039;innovativo sistema di allacciatura, privo non soltanto della talloniera (come gi\u00e0 il predecessore Race 290) ma anche del classico archetto frontale. Al posto di quest&#039;ultimo spicca un fermo di nuova concezione, estremamente stabile e sicuro, che una volta regolato per i propri scarponi rende ancora pi\u00f9 veloci i cambi d&#039;assetto. L&#039;asta di collegamento con doppia fila di fori consente il massimo della precisione nella regolazione della lunghezza e pu\u00f2 essere sostituita con la fettuccia in Dyneema\u00ae disponibile separatamente, per avere un attrezzo ancora pi\u00f9 leggero e compattabile.\" \/>\n<meta name=\"robots\" content=\"index, follow, max-snippet:-1, max-image-preview:large, max-video-preview:-1\" \/>\n<link rel=\"canonical\" href=\"https:\/\/www.sestogrado.it\/it\/prodotto\/camp-skimo-total-race-ramponi-da-scialpinismo\/\" \/>\n<meta property=\"og:locale\" content=\"it_IT\" \/>\n<meta property=\"og:type\" content=\"article\" \/>\n<meta property=\"og:title\" content=\"Camp Skimo Total Race ramponi da scialpinismo - Sestogrado\" \/>\n<meta property=\"og:description\" content=\"Il Camp Skimo Total Race \u00e8 il non plus ultra per le competizioni di scialpinismo, il rampone dove ogni dettaglio \u00e8 in funzione della leggerezza e della velocit\u00e0. Lo Skimo Total Race \u00e8 la sintesi estrema di tutta l&#039;esperienza di C.A.M.P. nel settore dei ramponi da gara, dove rappresenta lo stato dell&#039;arte. Ci\u00f2 grazie soprattutto all&#039;innovativo sistema di allacciatura, privo non soltanto della talloniera (come gi\u00e0 il predecessore Race 290) ma anche del classico archetto frontale. Al posto di quest&#039;ultimo spicca un fermo di nuova concezione, estremamente stabile e sicuro, che una volta regolato per i propri scarponi rende ancora pi\u00f9 veloci i cambi d&#039;assetto. L&#039;asta di collegamento con doppia fila di fori consente il massimo della precisione nella regolazione della lunghezza e pu\u00f2 essere sostituita con la fettuccia in Dyneema\u00ae disponibile separatamente, per avere un attrezzo ancora pi\u00f9 leggero e compattabile.\" \/>\n<meta property=\"og:url\" content=\"https:\/\/www.sestogrado.it\/it\/prodotto\/camp-skimo-total-race-ramponi-da-scialpinismo\/\" \/>\n<meta property=\"og:site_name\" content=\"Sestogrado\" \/>\n<meta property=\"article:publisher\" content=\"https:\/\/www.facebook.com\/pages\/Sestogrado\/1542635979353017?ref=bookmarks\" \/>\n<meta property=\"article:modified_time\" content=\"2024-06-20T15:10:27+00:00\" \/>\n<meta property=\"og:image\" content=\"https:\/\/www.sestogrado.it\/wp-content\/uploads\/2022\/11\/01-15.jpg\" \/>\n\t<meta property=\"og:image:width\" content=\"1200\" \/>\n\t<meta property=\"og:image:height\" content=\"1200\" \/>\n\t<meta property=\"og:image:type\" content=\"image\/jpeg\" \/>\n<meta name=\"twitter:label1\" content=\"Prezzo\" \/>\n\t<meta name=\"twitter:data1\" content=\"&euro;&nbsp;109,00\" \/>\n\t<meta name=\"twitter:label2\" content=\"Disponibilit\u00e0\" \/>\n\t<meta name=\"twitter:data2\" content=\"Esaurito\" \/>\n<script type=\"application\/ld+json\" class=\"yoast-schema-graph\">{\"@context\":\"https:\/\/schema.org\",\"@graph\":[{\"@type\":\"WebPage\",\"@id\":\"https:\/\/www.sestogrado.it\/it\/prodotto\/camp-skimo-total-race-ramponi-da-scialpinismo\/\",\"url\":\"https:\/\/www.sestogrado.it\/it\/prodotto\/camp-skimo-total-race-ramponi-da-scialpinismo\/\",\"name\":\"Camp Skimo Total Race ramponi da scialpinismo - Sestogrado\",\"isPartOf\":{\"@id\":\"https:\/\/www.sestogrado.it\/it\/#website\"},\"primaryImageOfPage\":{\"@id\":\"https:\/\/www.sestogrado.it\/it\/prodotto\/camp-skimo-total-race-ramponi-da-scialpinismo\/#primaryimage\"},\"image\":{\"@id\":\"https:\/\/www.sestogrado.it\/prodotto\/camp-skimo-total-race-ramponi-da-scialpinismo\/#primaryimage\"},\"thumbnailUrl\":\"https:\/\/www.sestogrado.it\/wp-content\/uploads\/2022\/11\/01-15.jpg\",\"datePublished\":\"2022-11-22T15:13:29+00:00\",\"dateModified\":\"2024-06-20T15:10:27+00:00\",\"description\":\"Il Camp Skimo Total Race \u00e8 il non plus ultra per le competizioni di scialpinismo, il rampone dove ogni dettaglio \u00e8 in funzione della leggerezza e della velocit\u00e0. Lo Skimo Total Race \u00e8 la sintesi estrema di tutta l'esperienza di C.A.M.P. nel settore dei ramponi da gara, dove rappresenta lo stato dell'arte. Ci\u00f2 grazie soprattutto all'innovativo sistema di allacciatura, privo non soltanto della talloniera (come gi\u00e0 il predecessore Race 290) ma anche del classico archetto frontale. Al posto di quest'ultimo spicca un fermo di nuova concezione, estremamente stabile e sicuro, che una volta regolato per i propri scarponi rende ancora pi\u00f9 veloci i cambi d'assetto. L'asta di collegamento con doppia fila di fori consente il massimo della precisione nella regolazione della lunghezza e pu\u00f2 essere sostituita con la fettuccia in Dyneema\u00ae disponibile separatamente, per avere un attrezzo ancora pi\u00f9 leggero e compattabile.\",\"breadcrumb\":{\"@id\":\"https:\/\/www.sestogrado.it\/it\/prodotto\/camp-skimo-total-race-ramponi-da-scialpinismo\/#breadcrumb\"},\"inLanguage\":\"it-IT\",\"potentialAction\":[{\"@type\":\"ReadAction\",\"target\":[[\"https:\/\/www.sestogrado.it\/it\/prodotto\/camp-skimo-total-race-ramponi-da-scialpinismo\/\"]]}]},{\"@type\":\"ImageObject\",\"inLanguage\":\"it-IT\",\"@id\":\"https:\/\/www.sestogrado.it\/it\/prodotto\/camp-skimo-total-race-ramponi-da-scialpinismo\/#primaryimage\",\"url\":\"https:\/\/www.sestogrado.it\/wp-content\/uploads\/2022\/11\/01-15.jpg\",\"contentUrl\":\"https:\/\/www.sestogrado.it\/wp-content\/uploads\/2022\/11\/01-15.jpg\",\"width\":1200,\"height\":1200,\"caption\":\"skimo total race\"},{\"@type\":\"BreadcrumbList\",\"@id\":\"https:\/\/www.sestogrado.it\/it\/prodotto\/camp-skimo-total-race-ramponi-da-scialpinismo\/#breadcrumb\",\"itemListElement\":[{\"@type\":\"ListItem\",\"position\":1,\"name\":\"Home\",\"item\":\"https:\/\/www.sestogrado.it\/it\/\"},{\"@type\":\"ListItem\",\"position\":2,\"name\":\"Shop\",\"item\":\"https:\/\/www.sestogrado.it\/it\/shop\/\"},{\"@type\":\"ListItem\",\"position\":3,\"name\":\"Camp Skimo Total Race ramponi da scialpinismo\"}]},{\"@type\":\"WebSite\",\"@id\":\"https:\/\/www.sestogrado.it\/it\/#website\",\"url\":\"https:\/\/www.sestogrado.it\/it\/\",\"name\":\"Sestogrado\",\"description\":\"yes we climb\",\"publisher\":{\"@id\":\"https:\/\/www.sestogrado.it\/it\/#organization\"},\"potentialAction\":[{\"@type\":\"SearchAction\",\"target\":{\"@type\":\"EntryPoint\",\"urlTemplate\":\"https:\/\/www.sestogrado.it\/it\/?s={search_term_string}\"},\"query-input\":{\"@type\":\"PropertyValueSpecification\",\"valueRequired\":true,\"valueName\":\"search_term_string\"}}],\"inLanguage\":\"it-IT\"},{\"@type\":\"Organization\",\"@id\":\"https:\/\/www.sestogrado.it\/it\/#organization\",\"name\":\"Sestogrado\",\"url\":\"https:\/\/www.sestogrado.it\/it\/\",\"logo\":{\"@type\":\"ImageObject\",\"inLanguage\":\"it-IT\",\"@id\":\"https:\/\/www.sestogrado.it\/it\/#\/schema\/logo\/image\/\",\"url\":\"https:\/\/www.sestogrado.it\/wp-content\/uploads\/2015\/03\/sestogrado-favicon.png\",\"contentUrl\":\"https:\/\/www.sestogrado.it\/wp-content\/uploads\/2015\/03\/sestogrado-favicon.png\",\"width\":260,\"height\":260,\"caption\":\"Sestogrado\"},\"image\":{\"@id\":\"https:\/\/www.sestogrado.it\/it\/#\/schema\/logo\/image\/\"},\"sameAs\":[\"https:\/\/www.facebook.com\/pages\/Sestogrado\/1542635979353017?ref=bookmarks\",\"https:\/\/www.youtube.com\/channel\/UC847kAfTkaJsWpc1jtQwr3Q\"],\"hasMerchantReturnPolicy\":{\"@type\":\"MerchantReturnPolicy\",\"merchantReturnLink\":\"https:\/\/www.sestogrado.it\/it\/termini-e-condizioni\/\"}}]}<\/script>\n<meta property=\"product:brand\" content=\"Camp\" \/>\n<meta property=\"product:price:amount\" content=\"109.00\" \/>\n<meta property=\"product:price:currency\" content=\"EUR\" \/>\n<meta property=\"og:availability\" content=\"out of stock\" \/>\n<meta property=\"product:availability\" content=\"out of stock\" \/>\n<meta property=\"product:condition\" content=\"new\" \/>\n<!-- \/ Yoast SEO plugin. -->","yoast_head_json":{"title":"Camp Skimo Total Race ramponi da scialpinismo - Sestogrado","description":"Il Camp Skimo Total Race \u00e8 il non plus ultra per le competizioni di scialpinismo, il rampone dove ogni dettaglio \u00e8 in funzione della leggerezza e della velocit\u00e0. Lo Skimo Total Race \u00e8 la sintesi estrema di tutta l'esperienza di C.A.M.P. nel settore dei ramponi da gara, dove rappresenta lo stato dell'arte. Ci\u00f2 grazie soprattutto all'innovativo sistema di allacciatura, privo non soltanto della talloniera (come gi\u00e0 il predecessore Race 290) ma anche del classico archetto frontale. Al posto di quest'ultimo spicca un fermo di nuova concezione, estremamente stabile e sicuro, che una volta regolato per i propri scarponi rende ancora pi\u00f9 veloci i cambi d'assetto. L'asta di collegamento con doppia fila di fori consente il massimo della precisione nella regolazione della lunghezza e pu\u00f2 essere sostituita con la fettuccia in Dyneema\u00ae disponibile separatamente, per avere un attrezzo ancora pi\u00f9 leggero e compattabile.","robots":{"index":"index","follow":"follow","max-snippet":"max-snippet:-1","max-image-preview":"max-image-preview:large","max-video-preview":"max-video-preview:-1"},"canonical":"https:\/\/www.sestogrado.it\/it\/prodotto\/camp-skimo-total-race-ramponi-da-scialpinismo\/","og_locale":"it_IT","og_type":"article","og_title":"Camp Skimo Total Race ramponi da scialpinismo - Sestogrado","og_description":"Il Camp Skimo Total Race \u00e8 il non plus ultra per le competizioni di scialpinismo, il rampone dove ogni dettaglio \u00e8 in funzione della leggerezza e della velocit\u00e0. Lo Skimo Total Race \u00e8 la sintesi estrema di tutta l'esperienza di C.A.M.P. nel settore dei ramponi da gara, dove rappresenta lo stato dell'arte. Ci\u00f2 grazie soprattutto all'innovativo sistema di allacciatura, privo non soltanto della talloniera (come gi\u00e0 il predecessore Race 290) ma anche del classico archetto frontale. Al posto di quest'ultimo spicca un fermo di nuova concezione, estremamente stabile e sicuro, che una volta regolato per i propri scarponi rende ancora pi\u00f9 veloci i cambi d'assetto. L'asta di collegamento con doppia fila di fori consente il massimo della precisione nella regolazione della lunghezza e pu\u00f2 essere sostituita con la fettuccia in Dyneema\u00ae disponibile separatamente, per avere un attrezzo ancora pi\u00f9 leggero e compattabile.","og_url":"https:\/\/www.sestogrado.it\/it\/prodotto\/camp-skimo-total-race-ramponi-da-scialpinismo\/","og_site_name":"Sestogrado","article_publisher":"https:\/\/www.facebook.com\/pages\/Sestogrado\/1542635979353017?ref=bookmarks","article_modified_time":"2024-06-20T15:10:27+00:00","og_image":[{"width":1200,"height":1200,"url":"https:\/\/www.sestogrado.it\/wp-content\/uploads\/2022\/11\/01-15.jpg","type":"image\/jpeg"}],"twitter_misc":{"Prezzo":"&euro;&nbsp;109,00","Disponibilit\u00e0":"Esaurito"},"schema":{"@context":"https:\/\/schema.org","@graph":[{"@type":"WebPage","@id":"https:\/\/www.sestogrado.it\/it\/prodotto\/camp-skimo-total-race-ramponi-da-scialpinismo\/","url":"https:\/\/www.sestogrado.it\/it\/prodotto\/camp-skimo-total-race-ramponi-da-scialpinismo\/","name":"Camp Skimo Total Race ramponi da scialpinismo - Sestogrado","isPartOf":{"@id":"https:\/\/www.sestogrado.it\/it\/#website"},"primaryImageOfPage":{"@id":"https:\/\/www.sestogrado.it\/it\/prodotto\/camp-skimo-total-race-ramponi-da-scialpinismo\/#primaryimage"},"image":{"@id":"https:\/\/www.sestogrado.it\/prodotto\/camp-skimo-total-race-ramponi-da-scialpinismo\/#primaryimage"},"thumbnailUrl":"https:\/\/www.sestogrado.it\/wp-content\/uploads\/2022\/11\/01-15.jpg","datePublished":"2022-11-22T15:13:29+00:00","dateModified":"2024-06-20T15:10:27+00:00","description":"Il Camp Skimo Total Race \u00e8 il non plus ultra per le competizioni di scialpinismo, il rampone dove ogni dettaglio \u00e8 in funzione della leggerezza e della velocit\u00e0. Lo Skimo Total Race \u00e8 la sintesi estrema di tutta l'esperienza di C.A.M.P. nel settore dei ramponi da gara, dove rappresenta lo stato dell'arte. Ci\u00f2 grazie soprattutto all'innovativo sistema di allacciatura, privo non soltanto della talloniera (come gi\u00e0 il predecessore Race 290) ma anche del classico archetto frontale. Al posto di quest'ultimo spicca un fermo di nuova concezione, estremamente stabile e sicuro, che una volta regolato per i propri scarponi rende ancora pi\u00f9 veloci i cambi d'assetto. L'asta di collegamento con doppia fila di fori consente il massimo della precisione nella regolazione della lunghezza e pu\u00f2 essere sostituita con la fettuccia in Dyneema\u00ae disponibile separatamente, per avere un attrezzo ancora pi\u00f9 leggero e compattabile.","breadcrumb":{"@id":"https:\/\/www.sestogrado.it\/it\/prodotto\/camp-skimo-total-race-ramponi-da-scialpinismo\/#breadcrumb"},"inLanguage":"it-IT","potentialAction":[{"@type":"ReadAction","target":[["https:\/\/www.sestogrado.it\/it\/prodotto\/camp-skimo-total-race-ramponi-da-scialpinismo\/"]]}]},{"@type":"ImageObject","inLanguage":"it-IT","@id":"https:\/\/www.sestogrado.it\/it\/prodotto\/camp-skimo-total-race-ramponi-da-scialpinismo\/#primaryimage","url":"https:\/\/www.sestogrado.it\/wp-content\/uploads\/2022\/11\/01-15.jpg","contentUrl":"https:\/\/www.sestogrado.it\/wp-content\/uploads\/2022\/11\/01-15.jpg","width":1200,"height":1200,"caption":"skimo total race"},{"@type":"BreadcrumbList","@id":"https:\/\/www.sestogrado.it\/it\/prodotto\/camp-skimo-total-race-ramponi-da-scialpinismo\/#breadcrumb","itemListElement":[{"@type":"ListItem","position":1,"name":"Home","item":"https:\/\/www.sestogrado.it\/it\/"},{"@type":"ListItem","position":2,"name":"Shop","item":"https:\/\/www.sestogrado.it\/it\/shop\/"},{"@type":"ListItem","position":3,"name":"Camp Skimo Total Race ramponi da scialpinismo"}]},{"@type":"WebSite","@id":"https:\/\/www.sestogrado.it\/it\/#website","url":"https:\/\/www.sestogrado.it\/it\/","name":"Sestogrado","description":"yes we climb","publisher":{"@id":"https:\/\/www.sestogrado.it\/it\/#organization"},"potentialAction":[{"@type":"SearchAction","target":{"@type":"EntryPoint","urlTemplate":"https:\/\/www.sestogrado.it\/it\/?s={search_term_string}"},"query-input":{"@type":"PropertyValueSpecification","valueRequired":true,"valueName":"search_term_string"}}],"inLanguage":"it-IT"},{"@type":"Organization","@id":"https:\/\/www.sestogrado.it\/it\/#organization","name":"Sestogrado","url":"https:\/\/www.sestogrado.it\/it\/","logo":{"@type":"ImageObject","inLanguage":"it-IT","@id":"https:\/\/www.sestogrado.it\/it\/#\/schema\/logo\/image\/","url":"https:\/\/www.sestogrado.it\/wp-content\/uploads\/2015\/03\/sestogrado-favicon.png","contentUrl":"https:\/\/www.sestogrado.it\/wp-content\/uploads\/2015\/03\/sestogrado-favicon.png","width":260,"height":260,"caption":"Sestogrado"},"image":{"@id":"https:\/\/www.sestogrado.it\/it\/#\/schema\/logo\/image\/"},"sameAs":["https:\/\/www.facebook.com\/pages\/Sestogrado\/1542635979353017?ref=bookmarks","https:\/\/www.youtube.com\/channel\/UC847kAfTkaJsWpc1jtQwr3Q"],"hasMerchantReturnPolicy":{"@type":"MerchantReturnPolicy","merchantReturnLink":"https:\/\/www.sestogrado.it\/it\/termini-e-condizioni\/"}}]},"product_brand":"Camp","product_price_amount":"109.00","product_price_currency":"EUR","og_availability":"out of stock","product_availability":"out of stock","product_condition":"new"},"_links":{"self":[{"href":"https:\/\/www.sestogrado.it\/it\/wp-json\/wp\/v2\/product\/118063","targetHints":{"allow":["GET"]}}],"collection":[{"href":"https:\/\/www.sestogrado.it\/it\/wp-json\/wp\/v2\/product"}],"about":[{"href":"https:\/\/www.sestogrado.it\/it\/wp-json\/wp\/v2\/types\/product"}],"replies":[{"embeddable":true,"href":"https:\/\/www.sestogrado.it\/it\/wp-json\/wp\/v2\/comments?post=118063"}],"wp:featuredmedia":[{"embeddable":true,"href":"https:\/\/www.sestogrado.it\/it\/wp-json\/wp\/v2\/media\/118065"}],"wp:attachment":[{"href":"https:\/\/www.sestogrado.it\/it\/wp-json\/wp\/v2\/media?parent=118063"}],"wp:term":[{"taxonomy":"product_brand","embeddable":true,"href":"https:\/\/www.sestogrado.it\/it\/wp-json\/wp\/v2\/product_brand?post=118063"},{"taxonomy":"product_cat","embeddable":true,"href":"https:\/\/www.sestogrado.it\/it\/wp-json\/wp\/v2\/product_cat?post=118063"},{"taxonomy":"product_tag","embeddable":true,"href":"https:\/\/www.sestogrado.it\/it\/wp-json\/wp\/v2\/product_tag?post=118063"}],"curies":[{"name":"wp","href":"https:\/\/api.w.org\/{rel}","templated":true}]}}