{"id":117610,"date":"2022-11-17T10:01:36","date_gmt":"2022-11-17T09:01:36","guid":{"rendered":"https:\/\/www.sestogrado.it\/?post_type=product&#038;p=117610"},"modified":"2026-04-23T08:11:56","modified_gmt":"2026-04-23T06:11:56","slug":"camp-air-mitt-evo-moffole-alpinismo","status":"publish","type":"product","link":"https:\/\/www.sestogrado.it\/it\/prodotto\/camp-air-mitt-evo-moffole-alpinismo\/","title":{"rendered":"Camp Air Mitt EVO moffole alpinismo"},"content":{"rendered":"<p>I Camp Air Mitt EVO sono delle moffole leggere imbottite con possibilit\u00e0 di scoprire le dita (pollice escluso) per compiere operazioni di precisione.<\/p>\n<p>Massima libert\u00e0 di azione con la Air Mitt Evo, moffola leggera imbottita con guantino interno in lana merino, ideale per le attivit\u00e0 aerobiche invernali. La moffola esterna apribile consente di scoprire le dita (pollice escluso) cos\u00ec da permettere di compiere operazioni di precisione. Il sistema \u00e8 pratico e veloce, con piccoli magneti che permettono di mantenere in posizione la copertura al dorso della moffola. Il guantino interno, in calda lana merino, assicura un eccezionale compromesso tra sensibilit\u00e0 tattile e tenuta termica. Il leggero tessuto esterno della moffola, combinato con una morbida fodera interna e un\u2019imbottitura differenziata in PrimaLoft\u00ae Gold garantisce il comfort durante l\u2019azione. Le stampe Grip\u2019R in silicone sul palmo assicurano una presa salda e sicura in ogni situazione.<\/p>\n<ul>\n<li>Moffola leggera imbottita con possibilit\u00e0 di scoprire le dita (pollice escluso) per compiere operazioni di precisione<\/li>\n<li>Guantino leggero interno in lana merino<\/li>\n<li>Piccoli magneti per mantenere in posizione la moffola esterna quando aperta<\/li>\n<li>Stampe Grip\u2019R in silicone sul palmo per un grip eccezionale<\/li>\n<li>Esterno in tessuto leggero<\/li>\n<li>Morbida fodera interna per una maggiore tenuta termica<\/li>\n<li>Imbottitura in PrimaLoft\u00ae Gold 100 g\/m\u00b2 sul dorso e PrimaLoft\u00ae Gold 60 g\/m\u00b2 sul palmo<\/li>\n<li>Tecnologia touch screen sul dito indice del guantino<\/li>\n<li>Polso con lacciolo<\/li>\n<li>Fibbie per unire le moffole tra loro<\/li>\n<li>Sacchetto-custodia incluso<\/li>\n<\/ul>\n<p><strong>Scelta della taglia:<\/strong><\/p>\n<p><img decoding=\"async\" class=\"size-full wp-image-23609 img-fluid alignnone\" src=\"https:\/\/www.sestogrado.it\/wp-content\/uploads\/2019\/10\/mano.png\" alt=\"mano\" width=\"300\" height=\"300\" srcset=\"https:\/\/www.sestogrado.it\/wp-content\/uploads\/2019\/10\/mano.png 300w, https:\/\/www.sestogrado.it\/wp-content\/uploads\/2019\/10\/mano-100x100.png 100w, https:\/\/www.sestogrado.it\/wp-content\/uploads\/2019\/10\/mano-220x220.png 220w, https:\/\/www.sestogrado.it\/wp-content\/uploads\/2019\/10\/mano-150x150.png 150w, https:\/\/www.sestogrado.it\/wp-content\/uploads\/2019\/10\/mano-45x45.png 45w, https:\/\/www.sestogrado.it\/wp-content\/uploads\/2019\/10\/mano-64x64.png 64w, https:\/\/www.sestogrado.it\/wp-content\/uploads\/2019\/10\/mano-80x80.png 80w\" sizes=\"(max-width: 300px) 100vw, 300px\" \/><\/p>\n<p>Circonferenza della mano:<\/p>\n<ul>\n<li>inferiore a 20cm: taglia S<\/li>\n<li>tra 20 e 22cm: taglia M<\/li>\n<li>tra 22 e 23,5cm: taglia L<\/li>\n<li>superiore a 23,5cm: taglia XL<\/li>\n<\/ul>\n<p>&nbsp;<\/p>\n<p>Passione, lavoro e semplicit\u00e0 sono alcune delle parole chiave che da sempre hanno contraddistinto il modo di essere di C.A.M.P. Fondata nel 1889 a Premana, paese dell\u2019alta Valsassina dove tutt\u2019oggi ha la sua sede, C.A.M.P. realizza prodotti che aiutano a realizzare i sogni ed i progetti di tutti coloro che frequentano la montagna.<\/p>","protected":false},"excerpt":{"rendered":"<p>I Camp Air Mitt EVO sono delle moffole leggere imbottite con possibilit\u00e0 di scoprire le dita (pollice escluso) per compiere [&hellip;]<\/p>\n","protected":false},"featured_media":117611,"comment_status":"open","ping_status":"closed","template":"","meta":{"_acf_changed":false},"product_brand":[31],"product_cat":[1427,1428],"product_tag":[],"class_list":{"0":"post-117610","1":"product","2":"type-product","3":"status-publish","4":"has-post-thumbnail","6":"product_brand-camp","7":"product_cat-outdoor","8":"product_cat-guanti-da-alpinismo","10":"first","11":"instock","12":"sale","13":"taxable","14":"shipping-taxable","15":"purchasable","16":"product-type-variable"},"acf":[],"yoast_head":"<!-- This site is optimized with the Yoast SEO plugin v26.4 - https:\/\/yoast.com\/wordpress\/plugins\/seo\/ -->\n<title>Camp Air Mitt EVO moffole alpinismo - Sestogrado<\/title>\n<meta name=\"description\" content=\"I Camp Air Mitt EVO sono delle moffole leggere imbottite con possibilit\u00e0 di scoprire le dita (pollice escluso) per compiere operazioni di precisione.Massima libert\u00e0 di azione con la Air Mitt Evo, moffola leggera imbottita con guantino interno in lana merino, ideale per le attivit\u00e0 aerobiche invernali. La moffola esterna apribile consente di scoprire le dita (pollice escluso) cos\u00ec da permettere di compiere operazioni di precisione. Il sistema \u00e8 pratico e veloce, con piccoli magneti che permettono di mantenere in posizione la copertura al dorso della moffola. Il guantino interno, in calda lana merino, assicura un eccezionale compromesso tra sensibilit\u00e0 tattile e tenuta termica. Il leggero tessuto esterno della moffola, combinato con una morbida fodera interna e un\u2019imbottitura differenziata in PrimaLoft\u00ae Gold garantisce il comfort durante l\u2019azione. Le stampe Grip\u2019R in silicone sul palmo assicurano una presa salda e sicura in ogni situazione.\" \/>\n<meta name=\"robots\" content=\"index, follow, max-snippet:-1, max-image-preview:large, max-video-preview:-1\" \/>\n<link rel=\"canonical\" href=\"https:\/\/www.sestogrado.it\/it\/prodotto\/camp-air-mitt-evo-moffole-alpinismo\/\" \/>\n<meta property=\"og:locale\" content=\"it_IT\" \/>\n<meta property=\"og:type\" content=\"article\" \/>\n<meta property=\"og:title\" content=\"Camp Air Mitt EVO moffole alpinismo - Sestogrado\" \/>\n<meta property=\"og:description\" content=\"I Camp Air Mitt EVO sono delle moffole leggere imbottite con possibilit\u00e0 di scoprire le dita (pollice escluso) per compiere operazioni di precisione.Massima libert\u00e0 di azione con la Air Mitt Evo, moffola leggera imbottita con guantino interno in lana merino, ideale per le attivit\u00e0 aerobiche invernali. La moffola esterna apribile consente di scoprire le dita (pollice escluso) cos\u00ec da permettere di compiere operazioni di precisione. Il sistema \u00e8 pratico e veloce, con piccoli magneti che permettono di mantenere in posizione la copertura al dorso della moffola. Il guantino interno, in calda lana merino, assicura un eccezionale compromesso tra sensibilit\u00e0 tattile e tenuta termica. Il leggero tessuto esterno della moffola, combinato con una morbida fodera interna e un\u2019imbottitura differenziata in PrimaLoft\u00ae Gold garantisce il comfort durante l\u2019azione. Le stampe Grip\u2019R in silicone sul palmo assicurano una presa salda e sicura in ogni situazione.\" \/>\n<meta property=\"og:url\" content=\"https:\/\/www.sestogrado.it\/it\/prodotto\/camp-air-mitt-evo-moffole-alpinismo\/\" \/>\n<meta property=\"og:site_name\" content=\"Sestogrado\" \/>\n<meta property=\"article:publisher\" content=\"https:\/\/www.facebook.com\/pages\/Sestogrado\/1542635979353017?ref=bookmarks\" \/>\n<meta property=\"article:modified_time\" content=\"2026-04-23T06:11:56+00:00\" \/>\n<meta property=\"og:image\" content=\"https:\/\/www.sestogrado.it\/wp-content\/uploads\/2022\/11\/02-11.jpg\" \/>\n\t<meta property=\"og:image:width\" content=\"1200\" \/>\n\t<meta property=\"og:image:height\" content=\"1200\" \/>\n\t<meta property=\"og:image:type\" content=\"image\/jpeg\" \/>\n<meta name=\"twitter:label1\" content=\"Disponibilit\u00e0\" \/>\n\t<meta name=\"twitter:data1\" content=\"In stock\" \/>\n<script type=\"application\/ld+json\" class=\"yoast-schema-graph\">{\"@context\":\"https:\/\/schema.org\",\"@graph\":[{\"@type\":\"WebPage\",\"@id\":\"https:\/\/www.sestogrado.it\/it\/prodotto\/camp-air-mitt-evo-moffole-alpinismo\/\",\"url\":\"https:\/\/www.sestogrado.it\/it\/prodotto\/camp-air-mitt-evo-moffole-alpinismo\/\",\"name\":\"Camp Air Mitt EVO moffole alpinismo - Sestogrado\",\"isPartOf\":{\"@id\":\"https:\/\/www.sestogrado.it\/it\/#website\"},\"primaryImageOfPage\":{\"@id\":\"https:\/\/www.sestogrado.it\/it\/prodotto\/camp-air-mitt-evo-moffole-alpinismo\/#primaryimage\"},\"image\":{\"@id\":\"https:\/\/www.sestogrado.it\/prodotto\/camp-air-mitt-evo-moffole-alpinismo\/#primaryimage\"},\"thumbnailUrl\":\"https:\/\/www.sestogrado.it\/wp-content\/uploads\/2022\/11\/02-11.jpg\",\"datePublished\":\"2022-11-17T09:01:36+00:00\",\"dateModified\":\"2026-04-23T06:11:56+00:00\",\"description\":\"I Camp Air Mitt EVO sono delle moffole leggere imbottite con possibilit\u00e0 di scoprire le dita (pollice escluso) per compiere operazioni di precisione.Massima libert\u00e0 di azione con la Air Mitt Evo, moffola leggera imbottita con guantino interno in lana merino, ideale per le attivit\u00e0 aerobiche invernali. La moffola esterna apribile consente di scoprire le dita (pollice escluso) cos\u00ec da permettere di compiere operazioni di precisione. Il sistema \u00e8 pratico e veloce, con piccoli magneti che permettono di mantenere in posizione la copertura al dorso della moffola. Il guantino interno, in calda lana merino, assicura un eccezionale compromesso tra sensibilit\u00e0 tattile e tenuta termica. Il leggero tessuto esterno della moffola, combinato con una morbida fodera interna e un\u2019imbottitura differenziata in PrimaLoft\u00ae Gold garantisce il comfort durante l\u2019azione. Le stampe Grip\u2019R in silicone sul palmo assicurano una presa salda e sicura in ogni situazione.\",\"breadcrumb\":{\"@id\":\"https:\/\/www.sestogrado.it\/it\/prodotto\/camp-air-mitt-evo-moffole-alpinismo\/#breadcrumb\"},\"inLanguage\":\"it-IT\",\"potentialAction\":[{\"@type\":\"ReadAction\",\"target\":[[\"https:\/\/www.sestogrado.it\/it\/prodotto\/camp-air-mitt-evo-moffole-alpinismo\/\"]]}]},{\"@type\":\"ImageObject\",\"inLanguage\":\"it-IT\",\"@id\":\"https:\/\/www.sestogrado.it\/it\/prodotto\/camp-air-mitt-evo-moffole-alpinismo\/#primaryimage\",\"url\":\"https:\/\/www.sestogrado.it\/wp-content\/uploads\/2022\/11\/02-11.jpg\",\"contentUrl\":\"https:\/\/www.sestogrado.it\/wp-content\/uploads\/2022\/11\/02-11.jpg\",\"width\":1200,\"height\":1200,\"caption\":\"camp air mitt EVO\"},{\"@type\":\"BreadcrumbList\",\"@id\":\"https:\/\/www.sestogrado.it\/it\/prodotto\/camp-air-mitt-evo-moffole-alpinismo\/#breadcrumb\",\"itemListElement\":[{\"@type\":\"ListItem\",\"position\":1,\"name\":\"Home\",\"item\":\"https:\/\/www.sestogrado.it\/it\/\"},{\"@type\":\"ListItem\",\"position\":2,\"name\":\"Shop\",\"item\":\"https:\/\/www.sestogrado.it\/it\/shop\/\"},{\"@type\":\"ListItem\",\"position\":3,\"name\":\"Camp Air Mitt EVO moffole alpinismo\"}]},{\"@type\":\"WebSite\",\"@id\":\"https:\/\/www.sestogrado.it\/it\/#website\",\"url\":\"https:\/\/www.sestogrado.it\/it\/\",\"name\":\"Sestogrado\",\"description\":\"yes we climb\",\"publisher\":{\"@id\":\"https:\/\/www.sestogrado.it\/it\/#organization\"},\"potentialAction\":[{\"@type\":\"SearchAction\",\"target\":{\"@type\":\"EntryPoint\",\"urlTemplate\":\"https:\/\/www.sestogrado.it\/it\/?s={search_term_string}\"},\"query-input\":{\"@type\":\"PropertyValueSpecification\",\"valueRequired\":true,\"valueName\":\"search_term_string\"}}],\"inLanguage\":\"it-IT\"},{\"@type\":\"Organization\",\"@id\":\"https:\/\/www.sestogrado.it\/it\/#organization\",\"name\":\"Sestogrado\",\"url\":\"https:\/\/www.sestogrado.it\/it\/\",\"logo\":{\"@type\":\"ImageObject\",\"inLanguage\":\"it-IT\",\"@id\":\"https:\/\/www.sestogrado.it\/it\/#\/schema\/logo\/image\/\",\"url\":\"https:\/\/www.sestogrado.it\/wp-content\/uploads\/2015\/03\/sestogrado-favicon.png\",\"contentUrl\":\"https:\/\/www.sestogrado.it\/wp-content\/uploads\/2015\/03\/sestogrado-favicon.png\",\"width\":260,\"height\":260,\"caption\":\"Sestogrado\"},\"image\":{\"@id\":\"https:\/\/www.sestogrado.it\/it\/#\/schema\/logo\/image\/\"},\"sameAs\":[\"https:\/\/www.facebook.com\/pages\/Sestogrado\/1542635979353017?ref=bookmarks\",\"https:\/\/www.youtube.com\/channel\/UC847kAfTkaJsWpc1jtQwr3Q\"],\"hasMerchantReturnPolicy\":{\"@type\":\"MerchantReturnPolicy\",\"merchantReturnLink\":\"https:\/\/www.sestogrado.it\/it\/termini-e-condizioni\/\"}}]}<\/script>\n<meta property=\"product:brand\" content=\"Camp\" \/>\n<meta property=\"og:availability\" content=\"instock\" \/>\n<meta property=\"product:availability\" content=\"instock\" \/>\n<meta property=\"product:condition\" content=\"new\" \/>\n<!-- \/ Yoast SEO plugin. -->","yoast_head_json":{"title":"Camp Air Mitt EVO moffole alpinismo - Sestogrado","description":"I Camp Air Mitt EVO sono delle moffole leggere imbottite con possibilit\u00e0 di scoprire le dita (pollice escluso) per compiere operazioni di precisione.Massima libert\u00e0 di azione con la Air Mitt Evo, moffola leggera imbottita con guantino interno in lana merino, ideale per le attivit\u00e0 aerobiche invernali. La moffola esterna apribile consente di scoprire le dita (pollice escluso) cos\u00ec da permettere di compiere operazioni di precisione. Il sistema \u00e8 pratico e veloce, con piccoli magneti che permettono di mantenere in posizione la copertura al dorso della moffola. Il guantino interno, in calda lana merino, assicura un eccezionale compromesso tra sensibilit\u00e0 tattile e tenuta termica. Il leggero tessuto esterno della moffola, combinato con una morbida fodera interna e un\u2019imbottitura differenziata in PrimaLoft\u00ae Gold garantisce il comfort durante l\u2019azione. Le stampe Grip\u2019R in silicone sul palmo assicurano una presa salda e sicura in ogni situazione.","robots":{"index":"index","follow":"follow","max-snippet":"max-snippet:-1","max-image-preview":"max-image-preview:large","max-video-preview":"max-video-preview:-1"},"canonical":"https:\/\/www.sestogrado.it\/it\/prodotto\/camp-air-mitt-evo-moffole-alpinismo\/","og_locale":"it_IT","og_type":"article","og_title":"Camp Air Mitt EVO moffole alpinismo - Sestogrado","og_description":"I Camp Air Mitt EVO sono delle moffole leggere imbottite con possibilit\u00e0 di scoprire le dita (pollice escluso) per compiere operazioni di precisione.Massima libert\u00e0 di azione con la Air Mitt Evo, moffola leggera imbottita con guantino interno in lana merino, ideale per le attivit\u00e0 aerobiche invernali. La moffola esterna apribile consente di scoprire le dita (pollice escluso) cos\u00ec da permettere di compiere operazioni di precisione. Il sistema \u00e8 pratico e veloce, con piccoli magneti che permettono di mantenere in posizione la copertura al dorso della moffola. Il guantino interno, in calda lana merino, assicura un eccezionale compromesso tra sensibilit\u00e0 tattile e tenuta termica. Il leggero tessuto esterno della moffola, combinato con una morbida fodera interna e un\u2019imbottitura differenziata in PrimaLoft\u00ae Gold garantisce il comfort durante l\u2019azione. Le stampe Grip\u2019R in silicone sul palmo assicurano una presa salda e sicura in ogni situazione.","og_url":"https:\/\/www.sestogrado.it\/it\/prodotto\/camp-air-mitt-evo-moffole-alpinismo\/","og_site_name":"Sestogrado","article_publisher":"https:\/\/www.facebook.com\/pages\/Sestogrado\/1542635979353017?ref=bookmarks","article_modified_time":"2026-04-23T06:11:56+00:00","og_image":[{"width":1200,"height":1200,"url":"https:\/\/www.sestogrado.it\/wp-content\/uploads\/2022\/11\/02-11.jpg","type":"image\/jpeg"}],"twitter_misc":{"Disponibilit\u00e0":"In stock"},"schema":{"@context":"https:\/\/schema.org","@graph":[{"@type":"WebPage","@id":"https:\/\/www.sestogrado.it\/it\/prodotto\/camp-air-mitt-evo-moffole-alpinismo\/","url":"https:\/\/www.sestogrado.it\/it\/prodotto\/camp-air-mitt-evo-moffole-alpinismo\/","name":"Camp Air Mitt EVO moffole alpinismo - Sestogrado","isPartOf":{"@id":"https:\/\/www.sestogrado.it\/it\/#website"},"primaryImageOfPage":{"@id":"https:\/\/www.sestogrado.it\/it\/prodotto\/camp-air-mitt-evo-moffole-alpinismo\/#primaryimage"},"image":{"@id":"https:\/\/www.sestogrado.it\/prodotto\/camp-air-mitt-evo-moffole-alpinismo\/#primaryimage"},"thumbnailUrl":"https:\/\/www.sestogrado.it\/wp-content\/uploads\/2022\/11\/02-11.jpg","datePublished":"2022-11-17T09:01:36+00:00","dateModified":"2026-04-23T06:11:56+00:00","description":"I Camp Air Mitt EVO sono delle moffole leggere imbottite con possibilit\u00e0 di scoprire le dita (pollice escluso) per compiere operazioni di precisione.Massima libert\u00e0 di azione con la Air Mitt Evo, moffola leggera imbottita con guantino interno in lana merino, ideale per le attivit\u00e0 aerobiche invernali. La moffola esterna apribile consente di scoprire le dita (pollice escluso) cos\u00ec da permettere di compiere operazioni di precisione. Il sistema \u00e8 pratico e veloce, con piccoli magneti che permettono di mantenere in posizione la copertura al dorso della moffola. Il guantino interno, in calda lana merino, assicura un eccezionale compromesso tra sensibilit\u00e0 tattile e tenuta termica. Il leggero tessuto esterno della moffola, combinato con una morbida fodera interna e un\u2019imbottitura differenziata in PrimaLoft\u00ae Gold garantisce il comfort durante l\u2019azione. Le stampe Grip\u2019R in silicone sul palmo assicurano una presa salda e sicura in ogni situazione.","breadcrumb":{"@id":"https:\/\/www.sestogrado.it\/it\/prodotto\/camp-air-mitt-evo-moffole-alpinismo\/#breadcrumb"},"inLanguage":"it-IT","potentialAction":[{"@type":"ReadAction","target":[["https:\/\/www.sestogrado.it\/it\/prodotto\/camp-air-mitt-evo-moffole-alpinismo\/"]]}]},{"@type":"ImageObject","inLanguage":"it-IT","@id":"https:\/\/www.sestogrado.it\/it\/prodotto\/camp-air-mitt-evo-moffole-alpinismo\/#primaryimage","url":"https:\/\/www.sestogrado.it\/wp-content\/uploads\/2022\/11\/02-11.jpg","contentUrl":"https:\/\/www.sestogrado.it\/wp-content\/uploads\/2022\/11\/02-11.jpg","width":1200,"height":1200,"caption":"camp air mitt EVO"},{"@type":"BreadcrumbList","@id":"https:\/\/www.sestogrado.it\/it\/prodotto\/camp-air-mitt-evo-moffole-alpinismo\/#breadcrumb","itemListElement":[{"@type":"ListItem","position":1,"name":"Home","item":"https:\/\/www.sestogrado.it\/it\/"},{"@type":"ListItem","position":2,"name":"Shop","item":"https:\/\/www.sestogrado.it\/it\/shop\/"},{"@type":"ListItem","position":3,"name":"Camp Air Mitt EVO moffole alpinismo"}]},{"@type":"WebSite","@id":"https:\/\/www.sestogrado.it\/it\/#website","url":"https:\/\/www.sestogrado.it\/it\/","name":"Sestogrado","description":"yes we climb","publisher":{"@id":"https:\/\/www.sestogrado.it\/it\/#organization"},"potentialAction":[{"@type":"SearchAction","target":{"@type":"EntryPoint","urlTemplate":"https:\/\/www.sestogrado.it\/it\/?s={search_term_string}"},"query-input":{"@type":"PropertyValueSpecification","valueRequired":true,"valueName":"search_term_string"}}],"inLanguage":"it-IT"},{"@type":"Organization","@id":"https:\/\/www.sestogrado.it\/it\/#organization","name":"Sestogrado","url":"https:\/\/www.sestogrado.it\/it\/","logo":{"@type":"ImageObject","inLanguage":"it-IT","@id":"https:\/\/www.sestogrado.it\/it\/#\/schema\/logo\/image\/","url":"https:\/\/www.sestogrado.it\/wp-content\/uploads\/2015\/03\/sestogrado-favicon.png","contentUrl":"https:\/\/www.sestogrado.it\/wp-content\/uploads\/2015\/03\/sestogrado-favicon.png","width":260,"height":260,"caption":"Sestogrado"},"image":{"@id":"https:\/\/www.sestogrado.it\/it\/#\/schema\/logo\/image\/"},"sameAs":["https:\/\/www.facebook.com\/pages\/Sestogrado\/1542635979353017?ref=bookmarks","https:\/\/www.youtube.com\/channel\/UC847kAfTkaJsWpc1jtQwr3Q"],"hasMerchantReturnPolicy":{"@type":"MerchantReturnPolicy","merchantReturnLink":"https:\/\/www.sestogrado.it\/it\/termini-e-condizioni\/"}}]},"product_brand":"Camp","og_availability":"instock","product_availability":"instock","product_condition":"new"},"_links":{"self":[{"href":"https:\/\/www.sestogrado.it\/it\/wp-json\/wp\/v2\/product\/117610","targetHints":{"allow":["GET"]}}],"collection":[{"href":"https:\/\/www.sestogrado.it\/it\/wp-json\/wp\/v2\/product"}],"about":[{"href":"https:\/\/www.sestogrado.it\/it\/wp-json\/wp\/v2\/types\/product"}],"replies":[{"embeddable":true,"href":"https:\/\/www.sestogrado.it\/it\/wp-json\/wp\/v2\/comments?post=117610"}],"wp:featuredmedia":[{"embeddable":true,"href":"https:\/\/www.sestogrado.it\/it\/wp-json\/wp\/v2\/media\/117611"}],"wp:attachment":[{"href":"https:\/\/www.sestogrado.it\/it\/wp-json\/wp\/v2\/media?parent=117610"}],"wp:term":[{"taxonomy":"product_brand","embeddable":true,"href":"https:\/\/www.sestogrado.it\/it\/wp-json\/wp\/v2\/product_brand?post=117610"},{"taxonomy":"product_cat","embeddable":true,"href":"https:\/\/www.sestogrado.it\/it\/wp-json\/wp\/v2\/product_cat?post=117610"},{"taxonomy":"product_tag","embeddable":true,"href":"https:\/\/www.sestogrado.it\/it\/wp-json\/wp\/v2\/product_tag?post=117610"}],"curies":[{"name":"wp","href":"https:\/\/api.w.org\/{rel}","templated":true}]}}