{"id":116552,"date":"2022-11-04T15:45:05","date_gmt":"2022-11-04T14:45:05","guid":{"rendered":"https:\/\/www.sestogrado.it\/?post_type=product&#038;p=116552"},"modified":"2026-02-27T14:30:55","modified_gmt":"2026-02-27T13:30:55","slug":"black-diamond-spike-protector-copri-puntale-per-piccozza","status":"publish","type":"product","link":"https:\/\/www.sestogrado.it\/it\/prodotto\/black-diamond-spike-protector-copri-puntale-per-piccozza\/","title":{"rendered":"Black Diamond Spike Protector copri puntale per piccozza"},"content":{"rendered":"<p>Il Black Diamond Spike Protector \u00e8 un copri puntale per piccozza, realizzato in TPU trasparente, facilmente regolabile e compatibile con la maggior parte di piccozze sul mercato.<\/p>\n<ul>\n<li>Facile e rapido da regolare<\/li>\n<li>Compatibile con la maggior parte di piccozze<\/li>\n<li>TPU trasparente<\/li>\n<li>Peso 1,66g<\/li>\n<\/ul>\n<p>&nbsp;<\/p>\n<p>&nbsp;<\/p>\n<p>Black Diamond dal 1957 rappresenta un punto di riferimento mondiale per l\u2019attrezzatura da arrampicata. Ci\u00f2 che all\u2019inizio era una attivit\u00e0 artigianale con incudine e martello oggi si \u00e8 trasformata in una societ\u00e0 globale con uffici in tre continenti. Il segreto di Black Diamond \u00e8 sempre lo stesso: essere una societ\u00e0 formata da appassionati climber. In Black Diamond si continua a sognare su ci\u00f2 che potrebbe essere e si continua ad essere critici su ci\u00f2 che esiste. E\u2019 cos\u00ec che il processo creativo per la realizzazione della migliore attrezzatura da arrampicata non avr\u00e0 mai fine.<\/p>","protected":false},"excerpt":{"rendered":"<p>Il Black Diamond Spike Protector \u00e8 un copri puntale per piccozza, realizzato in TPU trasparente, facilmente regolabile e compatibile con [&hellip;]<\/p>\n","protected":false},"featured_media":116554,"comment_status":"open","ping_status":"closed","template":"","meta":{"_acf_changed":false},"product_brand":[121],"product_cat":[1314,514],"product_tag":[],"class_list":{"0":"post-116552","1":"product","2":"type-product","3":"status-publish","4":"has-post-thumbnail","6":"product_brand-black-diamond","7":"product_cat-accessori-ghiaccio","8":"product_cat-ricambi","10":"first","11":"instock","12":"sale","13":"taxable","14":"shipping-taxable","15":"purchasable","16":"product-type-simple"},"acf":[],"yoast_head":"<!-- This site is optimized with the Yoast SEO plugin v26.4 - https:\/\/yoast.com\/wordpress\/plugins\/seo\/ -->\n<title>Black Diamond Spike Protector copri puntale per piccozza - Sestogrado<\/title>\n<meta name=\"description\" content=\"Il Black Diamond Spike Protector \u00e8 un copri puntale per piccozza, realizzato in TPU trasparente, facilmente regolabile e compatibile con la maggior parte di piccozze sul mercato.Facile e rapido da regolareCompatibile con la maggior parte di piccozzeTPU trasparentePeso 1,66g\" \/>\n<meta name=\"robots\" content=\"index, follow, max-snippet:-1, max-image-preview:large, max-video-preview:-1\" \/>\n<link rel=\"canonical\" href=\"https:\/\/www.sestogrado.it\/it\/prodotto\/black-diamond-spike-protector-copri-puntale-per-piccozza\/\" \/>\n<meta property=\"og:locale\" content=\"it_IT\" \/>\n<meta property=\"og:type\" content=\"article\" \/>\n<meta property=\"og:title\" content=\"Black Diamond Spike Protector copri puntale per piccozza - Sestogrado\" \/>\n<meta property=\"og:description\" content=\"Il Black Diamond Spike Protector \u00e8 un copri puntale per piccozza, realizzato in TPU trasparente, facilmente regolabile e compatibile con la maggior parte di piccozze sul mercato.Facile e rapido da regolareCompatibile con la maggior parte di piccozzeTPU trasparentePeso 1,66g\" \/>\n<meta property=\"og:url\" content=\"https:\/\/www.sestogrado.it\/it\/prodotto\/black-diamond-spike-protector-copri-puntale-per-piccozza\/\" \/>\n<meta property=\"og:site_name\" content=\"Sestogrado\" \/>\n<meta property=\"article:publisher\" content=\"https:\/\/www.facebook.com\/pages\/Sestogrado\/1542635979353017?ref=bookmarks\" \/>\n<meta property=\"article:modified_time\" content=\"2026-02-27T13:30:55+00:00\" \/>\n<meta property=\"og:image\" content=\"https:\/\/www.sestogrado.it\/wp-content\/uploads\/2022\/11\/01-spike.jpg\" \/>\n\t<meta property=\"og:image:width\" content=\"1000\" \/>\n\t<meta property=\"og:image:height\" content=\"1000\" \/>\n\t<meta property=\"og:image:type\" content=\"image\/jpeg\" \/>\n<meta name=\"twitter:label1\" content=\"Prezzo\" \/>\n\t<meta name=\"twitter:data1\" content=\"&euro;&nbsp;4,90\" \/>\n\t<meta name=\"twitter:label2\" content=\"Disponibilit\u00e0\" \/>\n\t<meta name=\"twitter:data2\" content=\"In stock\" \/>\n<script type=\"application\/ld+json\" class=\"yoast-schema-graph\">{\"@context\":\"https:\/\/schema.org\",\"@graph\":[{\"@type\":\"WebPage\",\"@id\":\"https:\/\/www.sestogrado.it\/it\/prodotto\/black-diamond-spike-protector-copri-puntale-per-piccozza\/\",\"url\":\"https:\/\/www.sestogrado.it\/it\/prodotto\/black-diamond-spike-protector-copri-puntale-per-piccozza\/\",\"name\":\"Black Diamond Spike Protector copri puntale per piccozza - Sestogrado\",\"isPartOf\":{\"@id\":\"https:\/\/www.sestogrado.it\/it\/#website\"},\"primaryImageOfPage\":{\"@id\":\"https:\/\/www.sestogrado.it\/it\/prodotto\/black-diamond-spike-protector-copri-puntale-per-piccozza\/#primaryimage\"},\"image\":{\"@id\":\"https:\/\/www.sestogrado.it\/prodotto\/black-diamond-spike-protector-copri-puntale-per-piccozza\/#primaryimage\"},\"thumbnailUrl\":\"https:\/\/www.sestogrado.it\/wp-content\/uploads\/2022\/11\/01-spike.jpg\",\"datePublished\":\"2022-11-04T14:45:05+00:00\",\"dateModified\":\"2026-02-27T13:30:55+00:00\",\"description\":\"Il Black Diamond Spike Protector \u00e8 un copri puntale per piccozza, realizzato in TPU trasparente, facilmente regolabile e compatibile con la maggior parte di piccozze sul mercato.Facile e rapido da regolareCompatibile con la maggior parte di piccozzeTPU trasparentePeso 1,66g\",\"breadcrumb\":{\"@id\":\"https:\/\/www.sestogrado.it\/it\/prodotto\/black-diamond-spike-protector-copri-puntale-per-piccozza\/#breadcrumb\"},\"inLanguage\":\"it-IT\",\"potentialAction\":[{\"@type\":\"ReadAction\",\"target\":[[\"https:\/\/www.sestogrado.it\/it\/prodotto\/black-diamond-spike-protector-copri-puntale-per-piccozza\/\"]]}]},{\"@type\":\"ImageObject\",\"inLanguage\":\"it-IT\",\"@id\":\"https:\/\/www.sestogrado.it\/it\/prodotto\/black-diamond-spike-protector-copri-puntale-per-piccozza\/#primaryimage\",\"url\":\"https:\/\/www.sestogrado.it\/wp-content\/uploads\/2022\/11\/01-spike.jpg\",\"contentUrl\":\"https:\/\/www.sestogrado.it\/wp-content\/uploads\/2022\/11\/01-spike.jpg\",\"width\":1000,\"height\":1000,\"caption\":\"black diamond spike\"},{\"@type\":\"BreadcrumbList\",\"@id\":\"https:\/\/www.sestogrado.it\/it\/prodotto\/black-diamond-spike-protector-copri-puntale-per-piccozza\/#breadcrumb\",\"itemListElement\":[{\"@type\":\"ListItem\",\"position\":1,\"name\":\"Home\",\"item\":\"https:\/\/www.sestogrado.it\/it\/\"},{\"@type\":\"ListItem\",\"position\":2,\"name\":\"Shop\",\"item\":\"https:\/\/www.sestogrado.it\/it\/shop\/\"},{\"@type\":\"ListItem\",\"position\":3,\"name\":\"Black Diamond Spike Protector copri puntale per piccozza\"}]},{\"@type\":\"WebSite\",\"@id\":\"https:\/\/www.sestogrado.it\/it\/#website\",\"url\":\"https:\/\/www.sestogrado.it\/it\/\",\"name\":\"Sestogrado\",\"description\":\"yes we climb\",\"publisher\":{\"@id\":\"https:\/\/www.sestogrado.it\/it\/#organization\"},\"potentialAction\":[{\"@type\":\"SearchAction\",\"target\":{\"@type\":\"EntryPoint\",\"urlTemplate\":\"https:\/\/www.sestogrado.it\/it\/?s={search_term_string}\"},\"query-input\":{\"@type\":\"PropertyValueSpecification\",\"valueRequired\":true,\"valueName\":\"search_term_string\"}}],\"inLanguage\":\"it-IT\"},{\"@type\":\"Organization\",\"@id\":\"https:\/\/www.sestogrado.it\/it\/#organization\",\"name\":\"Sestogrado\",\"url\":\"https:\/\/www.sestogrado.it\/it\/\",\"logo\":{\"@type\":\"ImageObject\",\"inLanguage\":\"it-IT\",\"@id\":\"https:\/\/www.sestogrado.it\/it\/#\/schema\/logo\/image\/\",\"url\":\"https:\/\/www.sestogrado.it\/wp-content\/uploads\/2015\/03\/sestogrado-favicon.png\",\"contentUrl\":\"https:\/\/www.sestogrado.it\/wp-content\/uploads\/2015\/03\/sestogrado-favicon.png\",\"width\":260,\"height\":260,\"caption\":\"Sestogrado\"},\"image\":{\"@id\":\"https:\/\/www.sestogrado.it\/it\/#\/schema\/logo\/image\/\"},\"sameAs\":[\"https:\/\/www.facebook.com\/pages\/Sestogrado\/1542635979353017?ref=bookmarks\",\"https:\/\/www.youtube.com\/channel\/UC847kAfTkaJsWpc1jtQwr3Q\"],\"hasMerchantReturnPolicy\":{\"@type\":\"MerchantReturnPolicy\",\"merchantReturnLink\":\"https:\/\/www.sestogrado.it\/it\/termini-e-condizioni\/\"}}]}<\/script>\n<meta property=\"product:brand\" content=\"Black Diamond\" \/>\n<meta property=\"product:price:amount\" content=\"4.90\" \/>\n<meta property=\"product:price:currency\" content=\"EUR\" \/>\n<meta property=\"og:availability\" content=\"instock\" \/>\n<meta property=\"product:availability\" content=\"instock\" \/>\n<meta property=\"product:condition\" content=\"new\" \/>\n<!-- \/ Yoast SEO plugin. -->","yoast_head_json":{"title":"Black Diamond Spike Protector copri puntale per piccozza - Sestogrado","description":"Il Black Diamond Spike Protector \u00e8 un copri puntale per piccozza, realizzato in TPU trasparente, facilmente regolabile e compatibile con la maggior parte di piccozze sul mercato.Facile e rapido da regolareCompatibile con la maggior parte di piccozzeTPU trasparentePeso 1,66g","robots":{"index":"index","follow":"follow","max-snippet":"max-snippet:-1","max-image-preview":"max-image-preview:large","max-video-preview":"max-video-preview:-1"},"canonical":"https:\/\/www.sestogrado.it\/it\/prodotto\/black-diamond-spike-protector-copri-puntale-per-piccozza\/","og_locale":"it_IT","og_type":"article","og_title":"Black Diamond Spike Protector copri puntale per piccozza - Sestogrado","og_description":"Il Black Diamond Spike Protector \u00e8 un copri puntale per piccozza, realizzato in TPU trasparente, facilmente regolabile e compatibile con la maggior parte di piccozze sul mercato.Facile e rapido da regolareCompatibile con la maggior parte di piccozzeTPU trasparentePeso 1,66g","og_url":"https:\/\/www.sestogrado.it\/it\/prodotto\/black-diamond-spike-protector-copri-puntale-per-piccozza\/","og_site_name":"Sestogrado","article_publisher":"https:\/\/www.facebook.com\/pages\/Sestogrado\/1542635979353017?ref=bookmarks","article_modified_time":"2026-02-27T13:30:55+00:00","og_image":[{"width":1000,"height":1000,"url":"https:\/\/www.sestogrado.it\/wp-content\/uploads\/2022\/11\/01-spike.jpg","type":"image\/jpeg"}],"twitter_misc":{"Prezzo":"&euro;&nbsp;4,90","Disponibilit\u00e0":"In stock"},"schema":{"@context":"https:\/\/schema.org","@graph":[{"@type":"WebPage","@id":"https:\/\/www.sestogrado.it\/it\/prodotto\/black-diamond-spike-protector-copri-puntale-per-piccozza\/","url":"https:\/\/www.sestogrado.it\/it\/prodotto\/black-diamond-spike-protector-copri-puntale-per-piccozza\/","name":"Black Diamond Spike Protector copri puntale per piccozza - Sestogrado","isPartOf":{"@id":"https:\/\/www.sestogrado.it\/it\/#website"},"primaryImageOfPage":{"@id":"https:\/\/www.sestogrado.it\/it\/prodotto\/black-diamond-spike-protector-copri-puntale-per-piccozza\/#primaryimage"},"image":{"@id":"https:\/\/www.sestogrado.it\/prodotto\/black-diamond-spike-protector-copri-puntale-per-piccozza\/#primaryimage"},"thumbnailUrl":"https:\/\/www.sestogrado.it\/wp-content\/uploads\/2022\/11\/01-spike.jpg","datePublished":"2022-11-04T14:45:05+00:00","dateModified":"2026-02-27T13:30:55+00:00","description":"Il Black Diamond Spike Protector \u00e8 un copri puntale per piccozza, realizzato in TPU trasparente, facilmente regolabile e compatibile con la maggior parte di piccozze sul mercato.Facile e rapido da regolareCompatibile con la maggior parte di piccozzeTPU trasparentePeso 1,66g","breadcrumb":{"@id":"https:\/\/www.sestogrado.it\/it\/prodotto\/black-diamond-spike-protector-copri-puntale-per-piccozza\/#breadcrumb"},"inLanguage":"it-IT","potentialAction":[{"@type":"ReadAction","target":[["https:\/\/www.sestogrado.it\/it\/prodotto\/black-diamond-spike-protector-copri-puntale-per-piccozza\/"]]}]},{"@type":"ImageObject","inLanguage":"it-IT","@id":"https:\/\/www.sestogrado.it\/it\/prodotto\/black-diamond-spike-protector-copri-puntale-per-piccozza\/#primaryimage","url":"https:\/\/www.sestogrado.it\/wp-content\/uploads\/2022\/11\/01-spike.jpg","contentUrl":"https:\/\/www.sestogrado.it\/wp-content\/uploads\/2022\/11\/01-spike.jpg","width":1000,"height":1000,"caption":"black diamond spike"},{"@type":"BreadcrumbList","@id":"https:\/\/www.sestogrado.it\/it\/prodotto\/black-diamond-spike-protector-copri-puntale-per-piccozza\/#breadcrumb","itemListElement":[{"@type":"ListItem","position":1,"name":"Home","item":"https:\/\/www.sestogrado.it\/it\/"},{"@type":"ListItem","position":2,"name":"Shop","item":"https:\/\/www.sestogrado.it\/it\/shop\/"},{"@type":"ListItem","position":3,"name":"Black Diamond Spike Protector copri puntale per piccozza"}]},{"@type":"WebSite","@id":"https:\/\/www.sestogrado.it\/it\/#website","url":"https:\/\/www.sestogrado.it\/it\/","name":"Sestogrado","description":"yes we climb","publisher":{"@id":"https:\/\/www.sestogrado.it\/it\/#organization"},"potentialAction":[{"@type":"SearchAction","target":{"@type":"EntryPoint","urlTemplate":"https:\/\/www.sestogrado.it\/it\/?s={search_term_string}"},"query-input":{"@type":"PropertyValueSpecification","valueRequired":true,"valueName":"search_term_string"}}],"inLanguage":"it-IT"},{"@type":"Organization","@id":"https:\/\/www.sestogrado.it\/it\/#organization","name":"Sestogrado","url":"https:\/\/www.sestogrado.it\/it\/","logo":{"@type":"ImageObject","inLanguage":"it-IT","@id":"https:\/\/www.sestogrado.it\/it\/#\/schema\/logo\/image\/","url":"https:\/\/www.sestogrado.it\/wp-content\/uploads\/2015\/03\/sestogrado-favicon.png","contentUrl":"https:\/\/www.sestogrado.it\/wp-content\/uploads\/2015\/03\/sestogrado-favicon.png","width":260,"height":260,"caption":"Sestogrado"},"image":{"@id":"https:\/\/www.sestogrado.it\/it\/#\/schema\/logo\/image\/"},"sameAs":["https:\/\/www.facebook.com\/pages\/Sestogrado\/1542635979353017?ref=bookmarks","https:\/\/www.youtube.com\/channel\/UC847kAfTkaJsWpc1jtQwr3Q"],"hasMerchantReturnPolicy":{"@type":"MerchantReturnPolicy","merchantReturnLink":"https:\/\/www.sestogrado.it\/it\/termini-e-condizioni\/"}}]},"product_brand":"Black Diamond","product_price_amount":"4.90","product_price_currency":"EUR","og_availability":"instock","product_availability":"instock","product_condition":"new"},"_links":{"self":[{"href":"https:\/\/www.sestogrado.it\/it\/wp-json\/wp\/v2\/product\/116552","targetHints":{"allow":["GET"]}}],"collection":[{"href":"https:\/\/www.sestogrado.it\/it\/wp-json\/wp\/v2\/product"}],"about":[{"href":"https:\/\/www.sestogrado.it\/it\/wp-json\/wp\/v2\/types\/product"}],"replies":[{"embeddable":true,"href":"https:\/\/www.sestogrado.it\/it\/wp-json\/wp\/v2\/comments?post=116552"}],"wp:featuredmedia":[{"embeddable":true,"href":"https:\/\/www.sestogrado.it\/it\/wp-json\/wp\/v2\/media\/116554"}],"wp:attachment":[{"href":"https:\/\/www.sestogrado.it\/it\/wp-json\/wp\/v2\/media?parent=116552"}],"wp:term":[{"taxonomy":"product_brand","embeddable":true,"href":"https:\/\/www.sestogrado.it\/it\/wp-json\/wp\/v2\/product_brand?post=116552"},{"taxonomy":"product_cat","embeddable":true,"href":"https:\/\/www.sestogrado.it\/it\/wp-json\/wp\/v2\/product_cat?post=116552"},{"taxonomy":"product_tag","embeddable":true,"href":"https:\/\/www.sestogrado.it\/it\/wp-json\/wp\/v2\/product_tag?post=116552"}],"curies":[{"name":"wp","href":"https:\/\/api.w.org\/{rel}","templated":true}]}}