{"id":116166,"date":"2022-10-31T14:45:10","date_gmt":"2022-10-31T13:45:10","guid":{"rendered":"https:\/\/www.sestogrado.it\/?post_type=product&#038;p=116166"},"modified":"2026-03-24T13:59:15","modified_gmt":"2026-03-24T12:59:15","slug":"leki-cross-trail-fx-superlite-bastoncini-in-carbonio","status":"publish","type":"product","link":"https:\/\/www.sestogrado.it\/it\/prodotto\/leki-cross-trail-fx-superlite-bastoncini-in-carbonio\/","title":{"rendered":"Leki Cross Trail FX Superlite bastoncini in carbonio"},"content":{"rendered":"<p>I Leki Cross Trail FX Superlite sono dei leggerissimi bastoncini in carbonio\u00a0dal diametro di appena 14\/12 millimetri e dotati della nuova impugnatura Cross Shark. Offrono la velocit\u00e0 del sistema Shark e il supporto di un&#8217;impugnatura Hiking con superficie ergonomica. Il lacciolo in materiale mesh molto traspirante, dalla vestibilit\u00e0 ottimizzata, \u00e8 largo e avvolge la mano in modo stabile e sicuro, scaricando la muscolatura della mano. L&#8217;impugnatura prolungata in materiale espanso con struttura a pori aperti consente diverse modalit\u00e0 di presa. Il versatile bastoncino pieghevole dall&#8217;estetica moderna unisex ha una dimensione imballata di 42 cm e un peso di 203 g, per offrirti supporto durante le tue escursioni sportive in montagna.<\/p>\n<ul>\n<li>Il sistema Shark offre una trasmissione ottimale della forza poich\u00e9 mette la mano in connessione diretta con il bastone. Consente di agganciare e sganciare rapidamente l\u2019impugnatura.<\/li>\n<li>Il Cross Shark combina i vantaggi di un\u2019impugnatura da trail running con quella da trekking. Abbina la velocit\u00e0 del sistema Shark con il sostegno fornito dalla superficie d\u2019appoggio ergonomica ed \u00e8 pertanto ideale per camminate veloci in montagna.<\/li>\n<li>Cinturino adattabile all\u2019infinito, regolabile individualmente. Consente di agganciare e sganciare rapidamente e in tutta semplicit\u00e0 il bastone.<\/li>\n<li>Estensione dell\u2019impugnatura per una presa pi\u00f9 confortevole su terreni ripidi o scarpate.<\/li>\n<li>Carbonio HRC (Highest Racing Carbon)<\/li>\n<li>Il sistema di piegatura Core Locking Device (CLD) \u00e8 una flessibile struttura interna che consente di aprire e chiudere in tutta facilit\u00e0 i bastoni pieghevoli.<\/li>\n<li>Il sistema di regolazione Speed Lock 2 Plus certificato da T\u00dcV S\u00fcd funziona come un morsetto esterno che consente una facile regolazione e assicura la massima forza di tenuta.<\/li>\n<li>Piastra minimalista di peso leggerissimo.<\/li>\n<li>Semplice combinazione punta-piastra per un\u2019andatura tecnica ottimale e massima tenuta su qualsiasi terreno.<\/li>\n<li>Pratica borsa ultraleggera per riporre i bastoni pieghevoli.<\/li>\n<\/ul>\n<p>&nbsp;<\/p>\n<p>I Leki Cross Trail FX Superlite sono dei bastoncini da trail running o alpinismo tecnico leggerissimi e performanti.<\/p>\n<p>&nbsp;<\/p>\n<p>La LEKI ha le sue origini nell&#8217;impresa di tornitura fondata da Karl Lenhart a Dettingen\/Teck nel 1948. Karl Lenhart era una appassionato sciatore, tuttavia non era minimamente soddisfatto della qualit\u00e0 e della funzionalit\u00e0 dei bastoni da sci di allora. Cos\u00ec cominci\u00f2 a produrre impugnature e rotelle per bastoni da sci per conto proprio, con il parco macchine della propria officina. Gi\u00e0 negli anni &#8217;60 inizi\u00f2 la produzione in serie. Dato che Lenhart aveva maturato anche esperienze nella costruzione di aerei, sapeva come lavorare l&#8217;alluminio e i materiali compositi. Dal 1970 LEKI \u00e8 un nome di riferimento in tutto il mondo per la produzione di bastoncini da sci, trekking ed alpinismo.<\/p>","protected":false},"excerpt":{"rendered":"<p>I Leki Cross Trail FX Superlite sono dei leggerissimi bastoncini in carbonio\u00a0dal diametro di appena 14\/12 millimetri e dotati della [&hellip;]<\/p>\n","protected":false},"featured_media":116194,"comment_status":"open","ping_status":"closed","template":"","meta":{"_acf_changed":false},"product_brand":[735],"product_cat":[572],"product_tag":[],"class_list":{"0":"post-116166","1":"product","2":"type-product","3":"status-publish","4":"has-post-thumbnail","6":"product_brand-leki","7":"product_cat-bastoncini","9":"first","10":"instock","11":"sale","12":"taxable","13":"shipping-taxable","14":"purchasable","15":"product-type-simple"},"acf":[],"yoast_head":"<!-- This site is optimized with the Yoast SEO plugin v26.4 - https:\/\/yoast.com\/wordpress\/plugins\/seo\/ -->\n<title>Leki Cross Trail FX Superlite bastoncini in carbonio - Sestogrado<\/title>\n<meta name=\"description\" content=\"I Leki Cross Trail FX Superlite sono dei leggerissimi bastoncini in carbonio\u00a0dal diametro di appena 14\/12 millimetri e dotati della nuova impugnatura Cross Shark. Offrono la velocit\u00e0 del sistema Shark e il supporto di un&#039;impugnatura Hiking con superficie ergonomica. Il lacciolo in materiale mesh molto traspirante, dalla vestibilit\u00e0 ottimizzata, \u00e8 largo e avvolge la mano in modo stabile e sicuro, scaricando la muscolatura della mano. L&#039;impugnatura prolungata in materiale espanso con struttura a pori aperti consente diverse modalit\u00e0 di presa. Il versatile bastoncino pieghevole dall&#039;estetica moderna unisex ha una dimensione imballata di 42 cm e un peso di 203 g, per offrirti supporto durante le tue escursioni sportive in montagna.\" \/>\n<meta name=\"robots\" content=\"index, follow, max-snippet:-1, max-image-preview:large, max-video-preview:-1\" \/>\n<link rel=\"canonical\" href=\"https:\/\/www.sestogrado.it\/it\/prodotto\/leki-cross-trail-fx-superlite-bastoncini-in-carbonio\/\" \/>\n<meta property=\"og:locale\" content=\"it_IT\" \/>\n<meta property=\"og:type\" content=\"article\" \/>\n<meta property=\"og:title\" content=\"Leki Cross Trail FX Superlite bastoncini in carbonio - Sestogrado\" \/>\n<meta property=\"og:description\" content=\"I Leki Cross Trail FX Superlite sono dei leggerissimi bastoncini in carbonio\u00a0dal diametro di appena 14\/12 millimetri e dotati della nuova impugnatura Cross Shark. Offrono la velocit\u00e0 del sistema Shark e il supporto di un&#039;impugnatura Hiking con superficie ergonomica. Il lacciolo in materiale mesh molto traspirante, dalla vestibilit\u00e0 ottimizzata, \u00e8 largo e avvolge la mano in modo stabile e sicuro, scaricando la muscolatura della mano. L&#039;impugnatura prolungata in materiale espanso con struttura a pori aperti consente diverse modalit\u00e0 di presa. Il versatile bastoncino pieghevole dall&#039;estetica moderna unisex ha una dimensione imballata di 42 cm e un peso di 203 g, per offrirti supporto durante le tue escursioni sportive in montagna.\" \/>\n<meta property=\"og:url\" content=\"https:\/\/www.sestogrado.it\/it\/prodotto\/leki-cross-trail-fx-superlite-bastoncini-in-carbonio\/\" \/>\n<meta property=\"og:site_name\" content=\"Sestogrado\" \/>\n<meta property=\"article:publisher\" content=\"https:\/\/www.facebook.com\/pages\/Sestogrado\/1542635979353017?ref=bookmarks\" \/>\n<meta property=\"article:modified_time\" content=\"2026-03-24T12:59:15+00:00\" \/>\n<meta property=\"og:image\" content=\"https:\/\/www.sestogrado.it\/wp-content\/uploads\/2022\/10\/01-1.jpg\" \/>\n\t<meta property=\"og:image:width\" content=\"1200\" \/>\n\t<meta property=\"og:image:height\" content=\"1200\" \/>\n\t<meta property=\"og:image:type\" content=\"image\/jpeg\" \/>\n<meta name=\"twitter:label1\" content=\"Prezzo\" \/>\n\t<meta name=\"twitter:data1\" content=\"&euro;&nbsp;189,00\" \/>\n\t<meta name=\"twitter:label2\" content=\"Disponibilit\u00e0\" \/>\n\t<meta name=\"twitter:data2\" content=\"In stock\" \/>\n<script type=\"application\/ld+json\" class=\"yoast-schema-graph\">{\"@context\":\"https:\/\/schema.org\",\"@graph\":[{\"@type\":\"WebPage\",\"@id\":\"https:\/\/www.sestogrado.it\/it\/prodotto\/leki-cross-trail-fx-superlite-bastoncini-in-carbonio\/\",\"url\":\"https:\/\/www.sestogrado.it\/it\/prodotto\/leki-cross-trail-fx-superlite-bastoncini-in-carbonio\/\",\"name\":\"Leki Cross Trail FX Superlite bastoncini in carbonio - Sestogrado\",\"isPartOf\":{\"@id\":\"https:\/\/www.sestogrado.it\/it\/#website\"},\"primaryImageOfPage\":{\"@id\":\"https:\/\/www.sestogrado.it\/it\/prodotto\/leki-cross-trail-fx-superlite-bastoncini-in-carbonio\/#primaryimage\"},\"image\":{\"@id\":\"https:\/\/www.sestogrado.it\/prodotto\/leki-cross-trail-fx-superlite-bastoncini-in-carbonio\/#primaryimage\"},\"thumbnailUrl\":\"https:\/\/www.sestogrado.it\/wp-content\/uploads\/2022\/10\/01-1.jpg\",\"datePublished\":\"2022-10-31T13:45:10+00:00\",\"dateModified\":\"2026-03-24T12:59:15+00:00\",\"description\":\"I Leki Cross Trail FX Superlite sono dei leggerissimi bastoncini in carbonio\u00a0dal diametro di appena 14\/12 millimetri e dotati della nuova impugnatura Cross Shark. Offrono la velocit\u00e0 del sistema Shark e il supporto di un'impugnatura Hiking con superficie ergonomica. Il lacciolo in materiale mesh molto traspirante, dalla vestibilit\u00e0 ottimizzata, \u00e8 largo e avvolge la mano in modo stabile e sicuro, scaricando la muscolatura della mano. L'impugnatura prolungata in materiale espanso con struttura a pori aperti consente diverse modalit\u00e0 di presa. Il versatile bastoncino pieghevole dall'estetica moderna unisex ha una dimensione imballata di 42 cm e un peso di 203 g, per offrirti supporto durante le tue escursioni sportive in montagna.\",\"breadcrumb\":{\"@id\":\"https:\/\/www.sestogrado.it\/it\/prodotto\/leki-cross-trail-fx-superlite-bastoncini-in-carbonio\/#breadcrumb\"},\"inLanguage\":\"it-IT\",\"potentialAction\":[{\"@type\":\"ReadAction\",\"target\":[[\"https:\/\/www.sestogrado.it\/it\/prodotto\/leki-cross-trail-fx-superlite-bastoncini-in-carbonio\/\"]]}]},{\"@type\":\"ImageObject\",\"inLanguage\":\"it-IT\",\"@id\":\"https:\/\/www.sestogrado.it\/it\/prodotto\/leki-cross-trail-fx-superlite-bastoncini-in-carbonio\/#primaryimage\",\"url\":\"https:\/\/www.sestogrado.it\/wp-content\/uploads\/2022\/10\/01-1.jpg\",\"contentUrl\":\"https:\/\/www.sestogrado.it\/wp-content\/uploads\/2022\/10\/01-1.jpg\",\"width\":1200,\"height\":1200,\"caption\":\"Leki Cross Trail FX Superlite\"},{\"@type\":\"BreadcrumbList\",\"@id\":\"https:\/\/www.sestogrado.it\/it\/prodotto\/leki-cross-trail-fx-superlite-bastoncini-in-carbonio\/#breadcrumb\",\"itemListElement\":[{\"@type\":\"ListItem\",\"position\":1,\"name\":\"Home\",\"item\":\"https:\/\/www.sestogrado.it\/it\/\"},{\"@type\":\"ListItem\",\"position\":2,\"name\":\"Shop\",\"item\":\"https:\/\/www.sestogrado.it\/it\/shop\/\"},{\"@type\":\"ListItem\",\"position\":3,\"name\":\"Leki Cross Trail FX Superlite bastoncini in carbonio\"}]},{\"@type\":\"WebSite\",\"@id\":\"https:\/\/www.sestogrado.it\/it\/#website\",\"url\":\"https:\/\/www.sestogrado.it\/it\/\",\"name\":\"Sestogrado\",\"description\":\"yes we climb\",\"publisher\":{\"@id\":\"https:\/\/www.sestogrado.it\/it\/#organization\"},\"potentialAction\":[{\"@type\":\"SearchAction\",\"target\":{\"@type\":\"EntryPoint\",\"urlTemplate\":\"https:\/\/www.sestogrado.it\/it\/?s={search_term_string}\"},\"query-input\":{\"@type\":\"PropertyValueSpecification\",\"valueRequired\":true,\"valueName\":\"search_term_string\"}}],\"inLanguage\":\"it-IT\"},{\"@type\":\"Organization\",\"@id\":\"https:\/\/www.sestogrado.it\/it\/#organization\",\"name\":\"Sestogrado\",\"url\":\"https:\/\/www.sestogrado.it\/it\/\",\"logo\":{\"@type\":\"ImageObject\",\"inLanguage\":\"it-IT\",\"@id\":\"https:\/\/www.sestogrado.it\/it\/#\/schema\/logo\/image\/\",\"url\":\"https:\/\/www.sestogrado.it\/wp-content\/uploads\/2015\/03\/sestogrado-favicon.png\",\"contentUrl\":\"https:\/\/www.sestogrado.it\/wp-content\/uploads\/2015\/03\/sestogrado-favicon.png\",\"width\":260,\"height\":260,\"caption\":\"Sestogrado\"},\"image\":{\"@id\":\"https:\/\/www.sestogrado.it\/it\/#\/schema\/logo\/image\/\"},\"sameAs\":[\"https:\/\/www.facebook.com\/pages\/Sestogrado\/1542635979353017?ref=bookmarks\",\"https:\/\/www.youtube.com\/channel\/UC847kAfTkaJsWpc1jtQwr3Q\"],\"hasMerchantReturnPolicy\":{\"@type\":\"MerchantReturnPolicy\",\"merchantReturnLink\":\"https:\/\/www.sestogrado.it\/it\/termini-e-condizioni\/\"}}]}<\/script>\n<meta property=\"product:brand\" content=\"Leki\" \/>\n<meta property=\"product:price:amount\" content=\"189.00\" \/>\n<meta property=\"product:price:currency\" content=\"EUR\" \/>\n<meta property=\"og:availability\" content=\"instock\" \/>\n<meta property=\"product:availability\" content=\"instock\" \/>\n<meta property=\"product:condition\" content=\"new\" \/>\n<!-- \/ Yoast SEO plugin. -->","yoast_head_json":{"title":"Leki Cross Trail FX Superlite bastoncini in carbonio - Sestogrado","description":"I Leki Cross Trail FX Superlite sono dei leggerissimi bastoncini in carbonio\u00a0dal diametro di appena 14\/12 millimetri e dotati della nuova impugnatura Cross Shark. Offrono la velocit\u00e0 del sistema Shark e il supporto di un'impugnatura Hiking con superficie ergonomica. Il lacciolo in materiale mesh molto traspirante, dalla vestibilit\u00e0 ottimizzata, \u00e8 largo e avvolge la mano in modo stabile e sicuro, scaricando la muscolatura della mano. L'impugnatura prolungata in materiale espanso con struttura a pori aperti consente diverse modalit\u00e0 di presa. Il versatile bastoncino pieghevole dall'estetica moderna unisex ha una dimensione imballata di 42 cm e un peso di 203 g, per offrirti supporto durante le tue escursioni sportive in montagna.","robots":{"index":"index","follow":"follow","max-snippet":"max-snippet:-1","max-image-preview":"max-image-preview:large","max-video-preview":"max-video-preview:-1"},"canonical":"https:\/\/www.sestogrado.it\/it\/prodotto\/leki-cross-trail-fx-superlite-bastoncini-in-carbonio\/","og_locale":"it_IT","og_type":"article","og_title":"Leki Cross Trail FX Superlite bastoncini in carbonio - Sestogrado","og_description":"I Leki Cross Trail FX Superlite sono dei leggerissimi bastoncini in carbonio\u00a0dal diametro di appena 14\/12 millimetri e dotati della nuova impugnatura Cross Shark. Offrono la velocit\u00e0 del sistema Shark e il supporto di un'impugnatura Hiking con superficie ergonomica. Il lacciolo in materiale mesh molto traspirante, dalla vestibilit\u00e0 ottimizzata, \u00e8 largo e avvolge la mano in modo stabile e sicuro, scaricando la muscolatura della mano. L'impugnatura prolungata in materiale espanso con struttura a pori aperti consente diverse modalit\u00e0 di presa. Il versatile bastoncino pieghevole dall'estetica moderna unisex ha una dimensione imballata di 42 cm e un peso di 203 g, per offrirti supporto durante le tue escursioni sportive in montagna.","og_url":"https:\/\/www.sestogrado.it\/it\/prodotto\/leki-cross-trail-fx-superlite-bastoncini-in-carbonio\/","og_site_name":"Sestogrado","article_publisher":"https:\/\/www.facebook.com\/pages\/Sestogrado\/1542635979353017?ref=bookmarks","article_modified_time":"2026-03-24T12:59:15+00:00","og_image":[{"width":1200,"height":1200,"url":"https:\/\/www.sestogrado.it\/wp-content\/uploads\/2022\/10\/01-1.jpg","type":"image\/jpeg"}],"twitter_misc":{"Prezzo":"&euro;&nbsp;189,00","Disponibilit\u00e0":"In stock"},"schema":{"@context":"https:\/\/schema.org","@graph":[{"@type":"WebPage","@id":"https:\/\/www.sestogrado.it\/it\/prodotto\/leki-cross-trail-fx-superlite-bastoncini-in-carbonio\/","url":"https:\/\/www.sestogrado.it\/it\/prodotto\/leki-cross-trail-fx-superlite-bastoncini-in-carbonio\/","name":"Leki Cross Trail FX Superlite bastoncini in carbonio - Sestogrado","isPartOf":{"@id":"https:\/\/www.sestogrado.it\/it\/#website"},"primaryImageOfPage":{"@id":"https:\/\/www.sestogrado.it\/it\/prodotto\/leki-cross-trail-fx-superlite-bastoncini-in-carbonio\/#primaryimage"},"image":{"@id":"https:\/\/www.sestogrado.it\/prodotto\/leki-cross-trail-fx-superlite-bastoncini-in-carbonio\/#primaryimage"},"thumbnailUrl":"https:\/\/www.sestogrado.it\/wp-content\/uploads\/2022\/10\/01-1.jpg","datePublished":"2022-10-31T13:45:10+00:00","dateModified":"2026-03-24T12:59:15+00:00","description":"I Leki Cross Trail FX Superlite sono dei leggerissimi bastoncini in carbonio\u00a0dal diametro di appena 14\/12 millimetri e dotati della nuova impugnatura Cross Shark. Offrono la velocit\u00e0 del sistema Shark e il supporto di un'impugnatura Hiking con superficie ergonomica. Il lacciolo in materiale mesh molto traspirante, dalla vestibilit\u00e0 ottimizzata, \u00e8 largo e avvolge la mano in modo stabile e sicuro, scaricando la muscolatura della mano. L'impugnatura prolungata in materiale espanso con struttura a pori aperti consente diverse modalit\u00e0 di presa. Il versatile bastoncino pieghevole dall'estetica moderna unisex ha una dimensione imballata di 42 cm e un peso di 203 g, per offrirti supporto durante le tue escursioni sportive in montagna.","breadcrumb":{"@id":"https:\/\/www.sestogrado.it\/it\/prodotto\/leki-cross-trail-fx-superlite-bastoncini-in-carbonio\/#breadcrumb"},"inLanguage":"it-IT","potentialAction":[{"@type":"ReadAction","target":[["https:\/\/www.sestogrado.it\/it\/prodotto\/leki-cross-trail-fx-superlite-bastoncini-in-carbonio\/"]]}]},{"@type":"ImageObject","inLanguage":"it-IT","@id":"https:\/\/www.sestogrado.it\/it\/prodotto\/leki-cross-trail-fx-superlite-bastoncini-in-carbonio\/#primaryimage","url":"https:\/\/www.sestogrado.it\/wp-content\/uploads\/2022\/10\/01-1.jpg","contentUrl":"https:\/\/www.sestogrado.it\/wp-content\/uploads\/2022\/10\/01-1.jpg","width":1200,"height":1200,"caption":"Leki Cross Trail FX Superlite"},{"@type":"BreadcrumbList","@id":"https:\/\/www.sestogrado.it\/it\/prodotto\/leki-cross-trail-fx-superlite-bastoncini-in-carbonio\/#breadcrumb","itemListElement":[{"@type":"ListItem","position":1,"name":"Home","item":"https:\/\/www.sestogrado.it\/it\/"},{"@type":"ListItem","position":2,"name":"Shop","item":"https:\/\/www.sestogrado.it\/it\/shop\/"},{"@type":"ListItem","position":3,"name":"Leki Cross Trail FX Superlite bastoncini in carbonio"}]},{"@type":"WebSite","@id":"https:\/\/www.sestogrado.it\/it\/#website","url":"https:\/\/www.sestogrado.it\/it\/","name":"Sestogrado","description":"yes we climb","publisher":{"@id":"https:\/\/www.sestogrado.it\/it\/#organization"},"potentialAction":[{"@type":"SearchAction","target":{"@type":"EntryPoint","urlTemplate":"https:\/\/www.sestogrado.it\/it\/?s={search_term_string}"},"query-input":{"@type":"PropertyValueSpecification","valueRequired":true,"valueName":"search_term_string"}}],"inLanguage":"it-IT"},{"@type":"Organization","@id":"https:\/\/www.sestogrado.it\/it\/#organization","name":"Sestogrado","url":"https:\/\/www.sestogrado.it\/it\/","logo":{"@type":"ImageObject","inLanguage":"it-IT","@id":"https:\/\/www.sestogrado.it\/it\/#\/schema\/logo\/image\/","url":"https:\/\/www.sestogrado.it\/wp-content\/uploads\/2015\/03\/sestogrado-favicon.png","contentUrl":"https:\/\/www.sestogrado.it\/wp-content\/uploads\/2015\/03\/sestogrado-favicon.png","width":260,"height":260,"caption":"Sestogrado"},"image":{"@id":"https:\/\/www.sestogrado.it\/it\/#\/schema\/logo\/image\/"},"sameAs":["https:\/\/www.facebook.com\/pages\/Sestogrado\/1542635979353017?ref=bookmarks","https:\/\/www.youtube.com\/channel\/UC847kAfTkaJsWpc1jtQwr3Q"],"hasMerchantReturnPolicy":{"@type":"MerchantReturnPolicy","merchantReturnLink":"https:\/\/www.sestogrado.it\/it\/termini-e-condizioni\/"}}]},"product_brand":"Leki","product_price_amount":"189.00","product_price_currency":"EUR","og_availability":"instock","product_availability":"instock","product_condition":"new"},"_links":{"self":[{"href":"https:\/\/www.sestogrado.it\/it\/wp-json\/wp\/v2\/product\/116166","targetHints":{"allow":["GET"]}}],"collection":[{"href":"https:\/\/www.sestogrado.it\/it\/wp-json\/wp\/v2\/product"}],"about":[{"href":"https:\/\/www.sestogrado.it\/it\/wp-json\/wp\/v2\/types\/product"}],"replies":[{"embeddable":true,"href":"https:\/\/www.sestogrado.it\/it\/wp-json\/wp\/v2\/comments?post=116166"}],"wp:featuredmedia":[{"embeddable":true,"href":"https:\/\/www.sestogrado.it\/it\/wp-json\/wp\/v2\/media\/116194"}],"wp:attachment":[{"href":"https:\/\/www.sestogrado.it\/it\/wp-json\/wp\/v2\/media?parent=116166"}],"wp:term":[{"taxonomy":"product_brand","embeddable":true,"href":"https:\/\/www.sestogrado.it\/it\/wp-json\/wp\/v2\/product_brand?post=116166"},{"taxonomy":"product_cat","embeddable":true,"href":"https:\/\/www.sestogrado.it\/it\/wp-json\/wp\/v2\/product_cat?post=116166"},{"taxonomy":"product_tag","embeddable":true,"href":"https:\/\/www.sestogrado.it\/it\/wp-json\/wp\/v2\/product_tag?post=116166"}],"curies":[{"name":"wp","href":"https:\/\/api.w.org\/{rel}","templated":true}]}}