{"id":11577,"date":"2021-11-03T10:03:07","date_gmt":"2021-11-03T09:03:07","guid":{"rendered":"http:\/\/www.sestogrado.it\/?post_type=product&#038;p=11577"},"modified":"2026-05-03T16:45:41","modified_gmt":"2026-05-03T14:45:41","slug":"boot-bananas-deodorante-per-scarpe","status":"publish","type":"product","link":"https:\/\/www.sestogrado.it\/it\/prodotto\/boot-bananas-deodorante-per-scarpe\/","title":{"rendered":"Boot Bananas deodorante per scarpe"},"content":{"rendered":"<p>Mai pi\u00f9 cattivi odori dalle tue scarpe! Le Boot Bananas sono delle &#8220;banane&#8221; che contengono sali e minerali naturali, in grado di assorbire gli odori e deodorare scarpe e scarpette da arrampicata.<\/p>\n<p>Le Boot Bananas mantengono le calzature fresche ed asciutte grazie a sali igroscopici, minerali e olii essenziali dalle propriet\u00e0 antibatteriche.<\/p>\n<p><strong>Indicatore di maturazione<\/strong>: assorbendo umidit\u00e0, le Boot Bananas &#8220;maturano&#8221; lentamente e, come le vere banane, cambiano progressivamente di colore. Quando diventano marroni la loro funzione assorbente si \u00e8 ormai esaurita ed \u00e8 ora di sostituirle. La durata media delle Boot Bananas \u00e8 di circa 6 &#8211; 12 mesi.<\/p>\n<p><strong>Ingredienti attivi<\/strong>: carbone di bamb\u00f9 naturalmente assorbente, bicarbonato di sodio, zeolite, fiori di lavanda essiccati e olii essenziali (lavanda, limone, patchouli e albero del t\u00e8), il tutto avvolto in una buccia di banana in puro cotone.<\/p>\n<p>&nbsp;<\/p>\n<p>E&#8217; sufficiente infilare le Boot Bananas per qualche ora dentro alle tue scarpette da arrampicata, o a qualsiasi altra scarpa, per assorbire, asciugare e togliere gli odori.<\/p>\n<p>&nbsp;<\/p>\n<p>Inventate e realizzate a mano da Alex e Phil, due climber britannici, le Boot Bananas sono nate per combattere e vincere la lotta contro il cattivo odore delle scarpette da arrampicata.<\/p>\n<p><img decoding=\"async\" class=\"alignleft wp-image-11583\" src=\"https:\/\/www.sestogrado.it\/wp-content\/uploads\/2017\/06\/boot.jpg\" alt=\"boot bananas\" width=\"530\" height=\"265\" srcset=\"https:\/\/www.sestogrado.it\/wp-content\/uploads\/2017\/06\/boot.jpg 600w, https:\/\/www.sestogrado.it\/wp-content\/uploads\/2017\/06\/boot-300x150.jpg 300w, https:\/\/www.sestogrado.it\/wp-content\/uploads\/2017\/06\/boot-800x400.jpg 800w, https:\/\/www.sestogrado.it\/wp-content\/uploads\/2017\/06\/boot-128x64.jpg 128w\" sizes=\"(max-width: 530px) 100vw, 530px\" \/><\/p>","protected":false},"excerpt":{"rendered":"<p>Mai pi\u00f9 cattivi odori dalle tue scarpe! Le Boot Bananas sono delle &#8220;banane&#8221; che contengono sali e minerali naturali, in [&hellip;]<\/p>\n","protected":false},"featured_media":11578,"comment_status":"open","ping_status":"closed","template":"","meta":{"_acf_changed":false},"product_brand":[889],"product_cat":[141],"product_tag":[],"class_list":{"0":"post-11577","1":"product","2":"type-product","3":"status-publish","4":"has-post-thumbnail","6":"product_brand-boot-bananas","7":"product_cat-accessori-accessori","9":"first","10":"instock","11":"sale","12":"taxable","13":"shipping-taxable","14":"purchasable","15":"product-type-simple"},"acf":[],"yoast_head":"<!-- This site is optimized with the Yoast SEO plugin v26.4 - https:\/\/yoast.com\/wordpress\/plugins\/seo\/ -->\n<title>Boot Bananas deodorante per scarpe - Sestogrado<\/title>\n<meta name=\"description\" content=\"Mai pi\u00f9 cattivi odori dalle tue scarpe da arrampicata! Le Boot Bananas sono delle &quot;banane&quot; che contengono sali e minerali naturali, in grado di assorbire gli odori e deodorare le scarpette.Le Boot Bananas mantengono le calzature fresche ed asciutte grazie a sali igroscopici, minerali e olii essenziali dalle propriet\u00e0 antibatteriche.Indicatore di maturazione: assorbendo umidit\u00e0, le Boot Bananas &quot;maturano&quot; lentamente e, come le vere banane, cambiano progressivamente di colore. Quando diventano marroni la loro funzione assorbente si \u00e8 ormai esaurita ed \u00e8 ora di sostituirle. La durata media delle Boot Bananas \u00e8 di circa 6 - 12 mesi.Ingredienti attivi: carbone di bamb\u00f9 naturalmente assorbente, bicarbonato di sodio, zeolite, fiori di lavanda essiccati e olii essenziali (lavanda, limone, patchouli e albero del t\u00e8), il tutto avvolto in una buccia di banana in puro cotone.\" \/>\n<meta name=\"robots\" content=\"index, follow, max-snippet:-1, max-image-preview:large, max-video-preview:-1\" \/>\n<link rel=\"canonical\" href=\"https:\/\/www.sestogrado.it\/it\/prodotto\/boot-bananas-deodorante-per-scarpe\/\" \/>\n<meta property=\"og:locale\" content=\"it_IT\" \/>\n<meta property=\"og:type\" content=\"article\" \/>\n<meta property=\"og:title\" content=\"Boot Bananas deodorante per scarpe - Sestogrado\" \/>\n<meta property=\"og:description\" content=\"Mai pi\u00f9 cattivi odori dalle tue scarpe da arrampicata! Le Boot Bananas sono delle &quot;banane&quot; che contengono sali e minerali naturali, in grado di assorbire gli odori e deodorare le scarpette.Le Boot Bananas mantengono le calzature fresche ed asciutte grazie a sali igroscopici, minerali e olii essenziali dalle propriet\u00e0 antibatteriche.Indicatore di maturazione: assorbendo umidit\u00e0, le Boot Bananas &quot;maturano&quot; lentamente e, come le vere banane, cambiano progressivamente di colore. Quando diventano marroni la loro funzione assorbente si \u00e8 ormai esaurita ed \u00e8 ora di sostituirle. La durata media delle Boot Bananas \u00e8 di circa 6 - 12 mesi.Ingredienti attivi: carbone di bamb\u00f9 naturalmente assorbente, bicarbonato di sodio, zeolite, fiori di lavanda essiccati e olii essenziali (lavanda, limone, patchouli e albero del t\u00e8), il tutto avvolto in una buccia di banana in puro cotone.\" \/>\n<meta property=\"og:url\" content=\"https:\/\/www.sestogrado.it\/it\/prodotto\/boot-bananas-deodorante-per-scarpe\/\" \/>\n<meta property=\"og:site_name\" content=\"Sestogrado\" \/>\n<meta property=\"article:publisher\" content=\"https:\/\/www.facebook.com\/pages\/Sestogrado\/1542635979353017?ref=bookmarks\" \/>\n<meta property=\"article:modified_time\" content=\"2026-05-03T14:45:41+00:00\" \/>\n<meta property=\"og:image\" content=\"https:\/\/www.sestogrado.it\/wp-content\/uploads\/2017\/06\/01.jpg\" \/>\n\t<meta property=\"og:image:width\" content=\"1645\" \/>\n\t<meta property=\"og:image:height\" content=\"2194\" \/>\n\t<meta property=\"og:image:type\" content=\"image\/jpeg\" \/>\n<meta name=\"twitter:label1\" content=\"Prezzo\" \/>\n\t<meta name=\"twitter:data1\" content=\"&euro;&nbsp;17,90\" \/>\n\t<meta name=\"twitter:label2\" content=\"Disponibilit\u00e0\" \/>\n\t<meta name=\"twitter:data2\" content=\"In stock\" \/>\n<script type=\"application\/ld+json\" class=\"yoast-schema-graph\">{\"@context\":\"https:\/\/schema.org\",\"@graph\":[{\"@type\":\"WebPage\",\"@id\":\"https:\/\/www.sestogrado.it\/it\/prodotto\/boot-bananas-deodorante-per-scarpe\/\",\"url\":\"https:\/\/www.sestogrado.it\/it\/prodotto\/boot-bananas-deodorante-per-scarpe\/\",\"name\":\"Boot Bananas deodorante per scarpe - Sestogrado\",\"isPartOf\":{\"@id\":\"https:\/\/www.sestogrado.it\/it\/#website\"},\"primaryImageOfPage\":{\"@id\":\"https:\/\/www.sestogrado.it\/it\/prodotto\/boot-bananas-deodorante-per-scarpe\/#primaryimage\"},\"image\":{\"@id\":\"https:\/\/www.sestogrado.it\/prodotto\/boot-bananas-deodorante-per-scarpe\/#primaryimage\"},\"thumbnailUrl\":\"https:\/\/www.sestogrado.it\/wp-content\/uploads\/2017\/06\/01.jpg\",\"datePublished\":\"2021-11-03T09:03:07+00:00\",\"dateModified\":\"2026-05-03T14:45:41+00:00\",\"description\":\"Mai pi\u00f9 cattivi odori dalle tue scarpe da arrampicata! Le Boot Bananas sono delle \\\"banane\\\" che contengono sali e minerali naturali, in grado di assorbire gli odori e deodorare le scarpette.Le Boot Bananas mantengono le calzature fresche ed asciutte grazie a sali igroscopici, minerali e olii essenziali dalle propriet\u00e0 antibatteriche.Indicatore di maturazione: assorbendo umidit\u00e0, le Boot Bananas \\\"maturano\\\" lentamente e, come le vere banane, cambiano progressivamente di colore. Quando diventano marroni la loro funzione assorbente si \u00e8 ormai esaurita ed \u00e8 ora di sostituirle. La durata media delle Boot Bananas \u00e8 di circa 6 - 12 mesi.Ingredienti attivi: carbone di bamb\u00f9 naturalmente assorbente, bicarbonato di sodio, zeolite, fiori di lavanda essiccati e olii essenziali (lavanda, limone, patchouli e albero del t\u00e8), il tutto avvolto in una buccia di banana in puro cotone.\",\"breadcrumb\":{\"@id\":\"https:\/\/www.sestogrado.it\/it\/prodotto\/boot-bananas-deodorante-per-scarpe\/#breadcrumb\"},\"inLanguage\":\"it-IT\",\"potentialAction\":[{\"@type\":\"ReadAction\",\"target\":[[\"https:\/\/www.sestogrado.it\/it\/prodotto\/boot-bananas-deodorante-per-scarpe\/\"]]}]},{\"@type\":\"ImageObject\",\"inLanguage\":\"it-IT\",\"@id\":\"https:\/\/www.sestogrado.it\/it\/prodotto\/boot-bananas-deodorante-per-scarpe\/#primaryimage\",\"url\":\"https:\/\/www.sestogrado.it\/wp-content\/uploads\/2017\/06\/01.jpg\",\"contentUrl\":\"https:\/\/www.sestogrado.it\/wp-content\/uploads\/2017\/06\/01.jpg\",\"width\":1645,\"height\":2194,\"caption\":\"boot bananas\"},{\"@type\":\"BreadcrumbList\",\"@id\":\"https:\/\/www.sestogrado.it\/it\/prodotto\/boot-bananas-deodorante-per-scarpe\/#breadcrumb\",\"itemListElement\":[{\"@type\":\"ListItem\",\"position\":1,\"name\":\"Home\",\"item\":\"https:\/\/www.sestogrado.it\/it\/\"},{\"@type\":\"ListItem\",\"position\":2,\"name\":\"Shop\",\"item\":\"https:\/\/www.sestogrado.it\/it\/shop\/\"},{\"@type\":\"ListItem\",\"position\":3,\"name\":\"Boot Bananas deodorante per scarpe\"}]},{\"@type\":\"WebSite\",\"@id\":\"https:\/\/www.sestogrado.it\/it\/#website\",\"url\":\"https:\/\/www.sestogrado.it\/it\/\",\"name\":\"Sestogrado\",\"description\":\"yes we climb\",\"publisher\":{\"@id\":\"https:\/\/www.sestogrado.it\/it\/#organization\"},\"potentialAction\":[{\"@type\":\"SearchAction\",\"target\":{\"@type\":\"EntryPoint\",\"urlTemplate\":\"https:\/\/www.sestogrado.it\/it\/?s={search_term_string}\"},\"query-input\":{\"@type\":\"PropertyValueSpecification\",\"valueRequired\":true,\"valueName\":\"search_term_string\"}}],\"inLanguage\":\"it-IT\"},{\"@type\":\"Organization\",\"@id\":\"https:\/\/www.sestogrado.it\/it\/#organization\",\"name\":\"Sestogrado\",\"url\":\"https:\/\/www.sestogrado.it\/it\/\",\"logo\":{\"@type\":\"ImageObject\",\"inLanguage\":\"it-IT\",\"@id\":\"https:\/\/www.sestogrado.it\/it\/#\/schema\/logo\/image\/\",\"url\":\"https:\/\/www.sestogrado.it\/wp-content\/uploads\/2015\/03\/sestogrado-favicon.png\",\"contentUrl\":\"https:\/\/www.sestogrado.it\/wp-content\/uploads\/2015\/03\/sestogrado-favicon.png\",\"width\":260,\"height\":260,\"caption\":\"Sestogrado\"},\"image\":{\"@id\":\"https:\/\/www.sestogrado.it\/it\/#\/schema\/logo\/image\/\"},\"sameAs\":[\"https:\/\/www.facebook.com\/pages\/Sestogrado\/1542635979353017?ref=bookmarks\",\"https:\/\/www.youtube.com\/channel\/UC847kAfTkaJsWpc1jtQwr3Q\"],\"hasMerchantReturnPolicy\":{\"@type\":\"MerchantReturnPolicy\",\"merchantReturnLink\":\"https:\/\/www.sestogrado.it\/it\/termini-e-condizioni\/\"}}]}<\/script>\n<meta property=\"product:brand\" content=\"Boot Bananas\" \/>\n<meta property=\"product:price:amount\" content=\"17.90\" \/>\n<meta property=\"product:price:currency\" content=\"EUR\" \/>\n<meta property=\"og:availability\" content=\"instock\" \/>\n<meta property=\"product:availability\" content=\"instock\" \/>\n<meta property=\"product:condition\" content=\"new\" \/>\n<!-- \/ Yoast SEO plugin. -->","yoast_head_json":{"title":"Boot Bananas deodorante per scarpe - Sestogrado","description":"Mai pi\u00f9 cattivi odori dalle tue scarpe da arrampicata! Le Boot Bananas sono delle \"banane\" che contengono sali e minerali naturali, in grado di assorbire gli odori e deodorare le scarpette.Le Boot Bananas mantengono le calzature fresche ed asciutte grazie a sali igroscopici, minerali e olii essenziali dalle propriet\u00e0 antibatteriche.Indicatore di maturazione: assorbendo umidit\u00e0, le Boot Bananas \"maturano\" lentamente e, come le vere banane, cambiano progressivamente di colore. Quando diventano marroni la loro funzione assorbente si \u00e8 ormai esaurita ed \u00e8 ora di sostituirle. La durata media delle Boot Bananas \u00e8 di circa 6 - 12 mesi.Ingredienti attivi: carbone di bamb\u00f9 naturalmente assorbente, bicarbonato di sodio, zeolite, fiori di lavanda essiccati e olii essenziali (lavanda, limone, patchouli e albero del t\u00e8), il tutto avvolto in una buccia di banana in puro cotone.","robots":{"index":"index","follow":"follow","max-snippet":"max-snippet:-1","max-image-preview":"max-image-preview:large","max-video-preview":"max-video-preview:-1"},"canonical":"https:\/\/www.sestogrado.it\/it\/prodotto\/boot-bananas-deodorante-per-scarpe\/","og_locale":"it_IT","og_type":"article","og_title":"Boot Bananas deodorante per scarpe - Sestogrado","og_description":"Mai pi\u00f9 cattivi odori dalle tue scarpe da arrampicata! Le Boot Bananas sono delle \"banane\" che contengono sali e minerali naturali, in grado di assorbire gli odori e deodorare le scarpette.Le Boot Bananas mantengono le calzature fresche ed asciutte grazie a sali igroscopici, minerali e olii essenziali dalle propriet\u00e0 antibatteriche.Indicatore di maturazione: assorbendo umidit\u00e0, le Boot Bananas \"maturano\" lentamente e, come le vere banane, cambiano progressivamente di colore. Quando diventano marroni la loro funzione assorbente si \u00e8 ormai esaurita ed \u00e8 ora di sostituirle. La durata media delle Boot Bananas \u00e8 di circa 6 - 12 mesi.Ingredienti attivi: carbone di bamb\u00f9 naturalmente assorbente, bicarbonato di sodio, zeolite, fiori di lavanda essiccati e olii essenziali (lavanda, limone, patchouli e albero del t\u00e8), il tutto avvolto in una buccia di banana in puro cotone.","og_url":"https:\/\/www.sestogrado.it\/it\/prodotto\/boot-bananas-deodorante-per-scarpe\/","og_site_name":"Sestogrado","article_publisher":"https:\/\/www.facebook.com\/pages\/Sestogrado\/1542635979353017?ref=bookmarks","article_modified_time":"2026-05-03T14:45:41+00:00","og_image":[{"width":1645,"height":2194,"url":"https:\/\/www.sestogrado.it\/wp-content\/uploads\/2017\/06\/01.jpg","type":"image\/jpeg"}],"twitter_misc":{"Prezzo":"&euro;&nbsp;17,90","Disponibilit\u00e0":"In stock"},"schema":{"@context":"https:\/\/schema.org","@graph":[{"@type":"WebPage","@id":"https:\/\/www.sestogrado.it\/it\/prodotto\/boot-bananas-deodorante-per-scarpe\/","url":"https:\/\/www.sestogrado.it\/it\/prodotto\/boot-bananas-deodorante-per-scarpe\/","name":"Boot Bananas deodorante per scarpe - Sestogrado","isPartOf":{"@id":"https:\/\/www.sestogrado.it\/it\/#website"},"primaryImageOfPage":{"@id":"https:\/\/www.sestogrado.it\/it\/prodotto\/boot-bananas-deodorante-per-scarpe\/#primaryimage"},"image":{"@id":"https:\/\/www.sestogrado.it\/prodotto\/boot-bananas-deodorante-per-scarpe\/#primaryimage"},"thumbnailUrl":"https:\/\/www.sestogrado.it\/wp-content\/uploads\/2017\/06\/01.jpg","datePublished":"2021-11-03T09:03:07+00:00","dateModified":"2026-05-03T14:45:41+00:00","description":"Mai pi\u00f9 cattivi odori dalle tue scarpe da arrampicata! Le Boot Bananas sono delle \"banane\" che contengono sali e minerali naturali, in grado di assorbire gli odori e deodorare le scarpette.Le Boot Bananas mantengono le calzature fresche ed asciutte grazie a sali igroscopici, minerali e olii essenziali dalle propriet\u00e0 antibatteriche.Indicatore di maturazione: assorbendo umidit\u00e0, le Boot Bananas \"maturano\" lentamente e, come le vere banane, cambiano progressivamente di colore. Quando diventano marroni la loro funzione assorbente si \u00e8 ormai esaurita ed \u00e8 ora di sostituirle. La durata media delle Boot Bananas \u00e8 di circa 6 - 12 mesi.Ingredienti attivi: carbone di bamb\u00f9 naturalmente assorbente, bicarbonato di sodio, zeolite, fiori di lavanda essiccati e olii essenziali (lavanda, limone, patchouli e albero del t\u00e8), il tutto avvolto in una buccia di banana in puro cotone.","breadcrumb":{"@id":"https:\/\/www.sestogrado.it\/it\/prodotto\/boot-bananas-deodorante-per-scarpe\/#breadcrumb"},"inLanguage":"it-IT","potentialAction":[{"@type":"ReadAction","target":[["https:\/\/www.sestogrado.it\/it\/prodotto\/boot-bananas-deodorante-per-scarpe\/"]]}]},{"@type":"ImageObject","inLanguage":"it-IT","@id":"https:\/\/www.sestogrado.it\/it\/prodotto\/boot-bananas-deodorante-per-scarpe\/#primaryimage","url":"https:\/\/www.sestogrado.it\/wp-content\/uploads\/2017\/06\/01.jpg","contentUrl":"https:\/\/www.sestogrado.it\/wp-content\/uploads\/2017\/06\/01.jpg","width":1645,"height":2194,"caption":"boot bananas"},{"@type":"BreadcrumbList","@id":"https:\/\/www.sestogrado.it\/it\/prodotto\/boot-bananas-deodorante-per-scarpe\/#breadcrumb","itemListElement":[{"@type":"ListItem","position":1,"name":"Home","item":"https:\/\/www.sestogrado.it\/it\/"},{"@type":"ListItem","position":2,"name":"Shop","item":"https:\/\/www.sestogrado.it\/it\/shop\/"},{"@type":"ListItem","position":3,"name":"Boot Bananas deodorante per scarpe"}]},{"@type":"WebSite","@id":"https:\/\/www.sestogrado.it\/it\/#website","url":"https:\/\/www.sestogrado.it\/it\/","name":"Sestogrado","description":"yes we climb","publisher":{"@id":"https:\/\/www.sestogrado.it\/it\/#organization"},"potentialAction":[{"@type":"SearchAction","target":{"@type":"EntryPoint","urlTemplate":"https:\/\/www.sestogrado.it\/it\/?s={search_term_string}"},"query-input":{"@type":"PropertyValueSpecification","valueRequired":true,"valueName":"search_term_string"}}],"inLanguage":"it-IT"},{"@type":"Organization","@id":"https:\/\/www.sestogrado.it\/it\/#organization","name":"Sestogrado","url":"https:\/\/www.sestogrado.it\/it\/","logo":{"@type":"ImageObject","inLanguage":"it-IT","@id":"https:\/\/www.sestogrado.it\/it\/#\/schema\/logo\/image\/","url":"https:\/\/www.sestogrado.it\/wp-content\/uploads\/2015\/03\/sestogrado-favicon.png","contentUrl":"https:\/\/www.sestogrado.it\/wp-content\/uploads\/2015\/03\/sestogrado-favicon.png","width":260,"height":260,"caption":"Sestogrado"},"image":{"@id":"https:\/\/www.sestogrado.it\/it\/#\/schema\/logo\/image\/"},"sameAs":["https:\/\/www.facebook.com\/pages\/Sestogrado\/1542635979353017?ref=bookmarks","https:\/\/www.youtube.com\/channel\/UC847kAfTkaJsWpc1jtQwr3Q"],"hasMerchantReturnPolicy":{"@type":"MerchantReturnPolicy","merchantReturnLink":"https:\/\/www.sestogrado.it\/it\/termini-e-condizioni\/"}}]},"product_brand":"Boot Bananas","product_price_amount":"17.90","product_price_currency":"EUR","og_availability":"instock","product_availability":"instock","product_condition":"new"},"_links":{"self":[{"href":"https:\/\/www.sestogrado.it\/it\/wp-json\/wp\/v2\/product\/11577","targetHints":{"allow":["GET"]}}],"collection":[{"href":"https:\/\/www.sestogrado.it\/it\/wp-json\/wp\/v2\/product"}],"about":[{"href":"https:\/\/www.sestogrado.it\/it\/wp-json\/wp\/v2\/types\/product"}],"replies":[{"embeddable":true,"href":"https:\/\/www.sestogrado.it\/it\/wp-json\/wp\/v2\/comments?post=11577"}],"wp:featuredmedia":[{"embeddable":true,"href":"https:\/\/www.sestogrado.it\/it\/wp-json\/wp\/v2\/media\/11578"}],"wp:attachment":[{"href":"https:\/\/www.sestogrado.it\/it\/wp-json\/wp\/v2\/media?parent=11577"}],"wp:term":[{"taxonomy":"product_brand","embeddable":true,"href":"https:\/\/www.sestogrado.it\/it\/wp-json\/wp\/v2\/product_brand?post=11577"},{"taxonomy":"product_cat","embeddable":true,"href":"https:\/\/www.sestogrado.it\/it\/wp-json\/wp\/v2\/product_cat?post=11577"},{"taxonomy":"product_tag","embeddable":true,"href":"https:\/\/www.sestogrado.it\/it\/wp-json\/wp\/v2\/product_tag?post=11577"}],"curies":[{"name":"wp","href":"https:\/\/api.w.org\/{rel}","templated":true}]}}