{"id":11378,"date":"2017-05-22T12:24:25","date_gmt":"2017-05-22T10:24:25","guid":{"rendered":"http:\/\/www.sestogrado.it\/?post_type=product&#038;p=11378"},"modified":"2026-04-28T11:44:58","modified_gmt":"2026-04-28T09:44:58","slug":"camp-kinetic-rewind-pro-set-ferrata","status":"publish","type":"product","link":"https:\/\/www.sestogrado.it\/it\/prodotto\/camp-kinetic-rewind-pro-set-ferrata\/","title":{"rendered":"Camp Kinetic Rewind Pro set ferrata"},"content":{"rendered":"<p>Il Camp Kinetic Rewind Pro \u00e8 un set da ferrata di alto livello, dotato del\u00a0dissipatore Kinetic, conforme alla nuova normativa EN 958 ed omologato per un utilizzatore con un peso compreso tra 40 e 120kg.<\/p>\n<p>Il set da ferrata Kinetic Rewind Pro \u00e8 caratterizzato dall\u2019assorbitore d\u2019energia a lacerazione variabile e dai moschettoni Echo, estremamente sicuri e funzionali. La funzionalit\u00e0 \u00e8 accresciuta dalla fettuccia elasticizzata da 19 mm che, normalmente compatta durante la salita per non intralciare i movimenti, si allunga naturalmente quando necessario. L\u2019asola di collegamento ritorta, in fettuccia in poliestere, assicura il corretto posizionamento del set con punti di attacco di qualsiasi tipo e lo rende quindi utilizzabile con ogni modello di imbracatura.<\/p>\n<ul>\n<li>Con assorbitore d\u2019energia a lacerazione, leggero e compatto<\/li>\n<li>Bracci in fettuccia elasticizzata (sistema Rewind) da 19 mm che, allungandosi quando necessario, non risultano d\u2019intralcio durante la salita<\/li>\n<li>Con moschettoni Echo dal design ergonomico e dalla grande apertura per favorire l\u2019impugnabilit\u00e0 e il collegamento agli ancoraggi<\/li>\n<li>Asola ritorta in robusta fettuccia, per un perfetto collegamento all\u2019imbracatura con nodo a bocca di lupo<\/li>\n<li>Conforme ai requisiti di sicurezza previsti dalle norme EN 958 e UIAA 128<\/li>\n<\/ul>\n<p>Il set da ferrata Camp Kinetic Rewind Pro \u00e8 un set dotato delle migliori soluzioni tecniche. Gli ampi moschettoni Echo consentono una rapida e facile moschettonata, senza stancare le mani e, grazie alla loro dimensione, non si incastrano\/bloccano nei fittoni.<\/p>\n<p>&nbsp;<\/p>\n<p>Passione, lavoro e semplicit\u00e0 sono alcune delle parole chiave che da sempre hanno contraddistinto il modo di essere di C.A.M.P. La passione \u00e8 quella per la montagna e per i prodotti che aiutano a realizzare i sogni ed i progetti di tutti coloro che la frequentano; il lavoro \u00e8 quello tramandato da oltre 115 anni in quattro distinte generazioni succedutesi alla guida dell\u2019azienda e la semplicit\u00e0 \u00e8 quella che contraddistingue un modo di essere e relazionarsi basato sulla seriet\u00e0 e lealt\u00e0.<\/p>","protected":false},"excerpt":{"rendered":"<p>Il Camp Kinetic Rewind Pro \u00e8 un set da ferrata di alto livello, dotato del\u00a0dissipatore Kinetic, conforme alla nuova normativa [&hellip;]<\/p>\n","protected":false},"featured_media":159079,"comment_status":"open","ping_status":"closed","template":"","meta":{"_acf_changed":false},"product_brand":[31],"product_cat":[179],"product_tag":[],"class_list":{"0":"post-11378","1":"product","2":"type-product","3":"status-publish","4":"has-post-thumbnail","6":"product_brand-camp","7":"product_cat-set-ferrata","9":"first","10":"instock","11":"sale","12":"taxable","13":"shipping-taxable","14":"purchasable","15":"product-type-simple"},"acf":[],"yoast_head":"<!-- This site is optimized with the Yoast SEO plugin v26.4 - https:\/\/yoast.com\/wordpress\/plugins\/seo\/ -->\n<title>Camp Kinetic Rewind Pro set ferrata - Sestogrado<\/title>\n<meta name=\"description\" content=\"Il Camp Kinetic Rewind Pro \u00e8 un set da ferrata di alto livello, dotato del\u00a0dissipatore Kinetic, conforme alla nuova normativa EN 958 ed omologato per un utilizzatore con un peso compreso tra 40 e 120kg.Il set da ferrata Kinetic Rewind Pro \u00e8 caratterizzato dall\u2019assorbitore d\u2019energia a lacerazione variabile e dai moschettoni Echo, estremamente sicuri e funzionali. La funzionalit\u00e0 \u00e8 accresciuta dalla fettuccia elasticizzata da 19 mm che, normalmente compatta durante la salita per non intralciare i movimenti, si allunga naturalmente quando necessario. L\u2019asola di collegamento ritorta, in fettuccia in poliestere, assicura il corretto posizionamento del set con punti di attacco di qualsiasi tipo e lo rende quindi utilizzabile con ogni modello di imbracatura.\" \/>\n<meta name=\"robots\" content=\"index, follow, max-snippet:-1, max-image-preview:large, max-video-preview:-1\" \/>\n<link rel=\"canonical\" href=\"https:\/\/www.sestogrado.it\/it\/prodotto\/camp-kinetic-rewind-pro-set-ferrata\/\" \/>\n<meta property=\"og:locale\" content=\"it_IT\" \/>\n<meta property=\"og:type\" content=\"article\" \/>\n<meta property=\"og:title\" content=\"Camp Kinetic Rewind Pro set ferrata - Sestogrado\" \/>\n<meta property=\"og:description\" content=\"Il Camp Kinetic Rewind Pro \u00e8 un set da ferrata di alto livello, dotato del\u00a0dissipatore Kinetic, conforme alla nuova normativa EN 958 ed omologato per un utilizzatore con un peso compreso tra 40 e 120kg.Il set da ferrata Kinetic Rewind Pro \u00e8 caratterizzato dall\u2019assorbitore d\u2019energia a lacerazione variabile e dai moschettoni Echo, estremamente sicuri e funzionali. La funzionalit\u00e0 \u00e8 accresciuta dalla fettuccia elasticizzata da 19 mm che, normalmente compatta durante la salita per non intralciare i movimenti, si allunga naturalmente quando necessario. L\u2019asola di collegamento ritorta, in fettuccia in poliestere, assicura il corretto posizionamento del set con punti di attacco di qualsiasi tipo e lo rende quindi utilizzabile con ogni modello di imbracatura.\" \/>\n<meta property=\"og:url\" content=\"https:\/\/www.sestogrado.it\/it\/prodotto\/camp-kinetic-rewind-pro-set-ferrata\/\" \/>\n<meta property=\"og:site_name\" content=\"Sestogrado\" \/>\n<meta property=\"article:publisher\" content=\"https:\/\/www.facebook.com\/pages\/Sestogrado\/1542635979353017?ref=bookmarks\" \/>\n<meta property=\"article:modified_time\" content=\"2026-04-28T09:44:58+00:00\" \/>\n<meta property=\"og:image\" content=\"https:\/\/www.sestogrado.it\/wp-content\/uploads\/2017\/05\/01-13.jpg\" \/>\n\t<meta property=\"og:image:width\" content=\"1400\" \/>\n\t<meta property=\"og:image:height\" content=\"1400\" \/>\n\t<meta property=\"og:image:type\" content=\"image\/jpeg\" \/>\n<meta name=\"twitter:label1\" content=\"Prezzo\" \/>\n\t<meta name=\"twitter:data1\" content=\"&euro;&nbsp;99,00\" \/>\n\t<meta name=\"twitter:label2\" content=\"Disponibilit\u00e0\" \/>\n\t<meta name=\"twitter:data2\" content=\"In stock\" \/>\n<script type=\"application\/ld+json\" class=\"yoast-schema-graph\">{\"@context\":\"https:\/\/schema.org\",\"@graph\":[{\"@type\":\"WebPage\",\"@id\":\"https:\/\/www.sestogrado.it\/it\/prodotto\/camp-kinetic-rewind-pro-set-ferrata\/\",\"url\":\"https:\/\/www.sestogrado.it\/it\/prodotto\/camp-kinetic-rewind-pro-set-ferrata\/\",\"name\":\"Camp Kinetic Rewind Pro set ferrata - Sestogrado\",\"isPartOf\":{\"@id\":\"https:\/\/www.sestogrado.it\/it\/#website\"},\"primaryImageOfPage\":{\"@id\":\"https:\/\/www.sestogrado.it\/it\/prodotto\/camp-kinetic-rewind-pro-set-ferrata\/#primaryimage\"},\"image\":{\"@id\":\"https:\/\/www.sestogrado.it\/prodotto\/camp-kinetic-rewind-pro-set-ferrata\/#primaryimage\"},\"thumbnailUrl\":\"https:\/\/www.sestogrado.it\/wp-content\/uploads\/2017\/05\/01-13.jpg\",\"datePublished\":\"2017-05-22T10:24:25+00:00\",\"dateModified\":\"2026-04-28T09:44:58+00:00\",\"description\":\"Il Camp Kinetic Rewind Pro \u00e8 un set da ferrata di alto livello, dotato del\u00a0dissipatore Kinetic, conforme alla nuova normativa EN 958 ed omologato per un utilizzatore con un peso compreso tra 40 e 120kg.Il set da ferrata Kinetic Rewind Pro \u00e8 caratterizzato dall\u2019assorbitore d\u2019energia a lacerazione variabile e dai moschettoni Echo, estremamente sicuri e funzionali. La funzionalit\u00e0 \u00e8 accresciuta dalla fettuccia elasticizzata da 19 mm che, normalmente compatta durante la salita per non intralciare i movimenti, si allunga naturalmente quando necessario. L\u2019asola di collegamento ritorta, in fettuccia in poliestere, assicura il corretto posizionamento del set con punti di attacco di qualsiasi tipo e lo rende quindi utilizzabile con ogni modello di imbracatura.\",\"breadcrumb\":{\"@id\":\"https:\/\/www.sestogrado.it\/it\/prodotto\/camp-kinetic-rewind-pro-set-ferrata\/#breadcrumb\"},\"inLanguage\":\"it-IT\",\"potentialAction\":[{\"@type\":\"ReadAction\",\"target\":[[\"https:\/\/www.sestogrado.it\/it\/prodotto\/camp-kinetic-rewind-pro-set-ferrata\/\"]]}]},{\"@type\":\"ImageObject\",\"inLanguage\":\"it-IT\",\"@id\":\"https:\/\/www.sestogrado.it\/it\/prodotto\/camp-kinetic-rewind-pro-set-ferrata\/#primaryimage\",\"url\":\"https:\/\/www.sestogrado.it\/wp-content\/uploads\/2017\/05\/01-13.jpg\",\"contentUrl\":\"https:\/\/www.sestogrado.it\/wp-content\/uploads\/2017\/05\/01-13.jpg\",\"width\":1400,\"height\":1400,\"caption\":\"camp kinetic rewind pro\"},{\"@type\":\"BreadcrumbList\",\"@id\":\"https:\/\/www.sestogrado.it\/it\/prodotto\/camp-kinetic-rewind-pro-set-ferrata\/#breadcrumb\",\"itemListElement\":[{\"@type\":\"ListItem\",\"position\":1,\"name\":\"Home\",\"item\":\"https:\/\/www.sestogrado.it\/it\/\"},{\"@type\":\"ListItem\",\"position\":2,\"name\":\"Shop\",\"item\":\"https:\/\/www.sestogrado.it\/it\/shop\/\"},{\"@type\":\"ListItem\",\"position\":3,\"name\":\"Camp Kinetic Rewind Pro set ferrata\"}]},{\"@type\":\"WebSite\",\"@id\":\"https:\/\/www.sestogrado.it\/it\/#website\",\"url\":\"https:\/\/www.sestogrado.it\/it\/\",\"name\":\"Sestogrado\",\"description\":\"yes we climb\",\"publisher\":{\"@id\":\"https:\/\/www.sestogrado.it\/it\/#organization\"},\"potentialAction\":[{\"@type\":\"SearchAction\",\"target\":{\"@type\":\"EntryPoint\",\"urlTemplate\":\"https:\/\/www.sestogrado.it\/it\/?s={search_term_string}\"},\"query-input\":{\"@type\":\"PropertyValueSpecification\",\"valueRequired\":true,\"valueName\":\"search_term_string\"}}],\"inLanguage\":\"it-IT\"},{\"@type\":\"Organization\",\"@id\":\"https:\/\/www.sestogrado.it\/it\/#organization\",\"name\":\"Sestogrado\",\"url\":\"https:\/\/www.sestogrado.it\/it\/\",\"logo\":{\"@type\":\"ImageObject\",\"inLanguage\":\"it-IT\",\"@id\":\"https:\/\/www.sestogrado.it\/it\/#\/schema\/logo\/image\/\",\"url\":\"https:\/\/www.sestogrado.it\/wp-content\/uploads\/2015\/03\/sestogrado-favicon.png\",\"contentUrl\":\"https:\/\/www.sestogrado.it\/wp-content\/uploads\/2015\/03\/sestogrado-favicon.png\",\"width\":260,\"height\":260,\"caption\":\"Sestogrado\"},\"image\":{\"@id\":\"https:\/\/www.sestogrado.it\/it\/#\/schema\/logo\/image\/\"},\"sameAs\":[\"https:\/\/www.facebook.com\/pages\/Sestogrado\/1542635979353017?ref=bookmarks\",\"https:\/\/www.youtube.com\/channel\/UC847kAfTkaJsWpc1jtQwr3Q\"],\"hasMerchantReturnPolicy\":{\"@type\":\"MerchantReturnPolicy\",\"merchantReturnLink\":\"https:\/\/www.sestogrado.it\/it\/termini-e-condizioni\/\"}}]}<\/script>\n<meta property=\"product:brand\" content=\"Camp\" \/>\n<meta property=\"product:price:amount\" content=\"99.00\" \/>\n<meta property=\"product:price:currency\" content=\"EUR\" \/>\n<meta property=\"og:availability\" content=\"instock\" \/>\n<meta property=\"product:availability\" content=\"instock\" \/>\n<meta property=\"product:condition\" content=\"new\" \/>\n<!-- \/ Yoast SEO plugin. -->","yoast_head_json":{"title":"Camp Kinetic Rewind Pro set ferrata - Sestogrado","description":"Il Camp Kinetic Rewind Pro \u00e8 un set da ferrata di alto livello, dotato del\u00a0dissipatore Kinetic, conforme alla nuova normativa EN 958 ed omologato per un utilizzatore con un peso compreso tra 40 e 120kg.Il set da ferrata Kinetic Rewind Pro \u00e8 caratterizzato dall\u2019assorbitore d\u2019energia a lacerazione variabile e dai moschettoni Echo, estremamente sicuri e funzionali. La funzionalit\u00e0 \u00e8 accresciuta dalla fettuccia elasticizzata da 19 mm che, normalmente compatta durante la salita per non intralciare i movimenti, si allunga naturalmente quando necessario. L\u2019asola di collegamento ritorta, in fettuccia in poliestere, assicura il corretto posizionamento del set con punti di attacco di qualsiasi tipo e lo rende quindi utilizzabile con ogni modello di imbracatura.","robots":{"index":"index","follow":"follow","max-snippet":"max-snippet:-1","max-image-preview":"max-image-preview:large","max-video-preview":"max-video-preview:-1"},"canonical":"https:\/\/www.sestogrado.it\/it\/prodotto\/camp-kinetic-rewind-pro-set-ferrata\/","og_locale":"it_IT","og_type":"article","og_title":"Camp Kinetic Rewind Pro set ferrata - Sestogrado","og_description":"Il Camp Kinetic Rewind Pro \u00e8 un set da ferrata di alto livello, dotato del\u00a0dissipatore Kinetic, conforme alla nuova normativa EN 958 ed omologato per un utilizzatore con un peso compreso tra 40 e 120kg.Il set da ferrata Kinetic Rewind Pro \u00e8 caratterizzato dall\u2019assorbitore d\u2019energia a lacerazione variabile e dai moschettoni Echo, estremamente sicuri e funzionali. La funzionalit\u00e0 \u00e8 accresciuta dalla fettuccia elasticizzata da 19 mm che, normalmente compatta durante la salita per non intralciare i movimenti, si allunga naturalmente quando necessario. L\u2019asola di collegamento ritorta, in fettuccia in poliestere, assicura il corretto posizionamento del set con punti di attacco di qualsiasi tipo e lo rende quindi utilizzabile con ogni modello di imbracatura.","og_url":"https:\/\/www.sestogrado.it\/it\/prodotto\/camp-kinetic-rewind-pro-set-ferrata\/","og_site_name":"Sestogrado","article_publisher":"https:\/\/www.facebook.com\/pages\/Sestogrado\/1542635979353017?ref=bookmarks","article_modified_time":"2026-04-28T09:44:58+00:00","og_image":[{"width":1400,"height":1400,"url":"https:\/\/www.sestogrado.it\/wp-content\/uploads\/2017\/05\/01-13.jpg","type":"image\/jpeg"}],"twitter_misc":{"Prezzo":"&euro;&nbsp;99,00","Disponibilit\u00e0":"In stock"},"schema":{"@context":"https:\/\/schema.org","@graph":[{"@type":"WebPage","@id":"https:\/\/www.sestogrado.it\/it\/prodotto\/camp-kinetic-rewind-pro-set-ferrata\/","url":"https:\/\/www.sestogrado.it\/it\/prodotto\/camp-kinetic-rewind-pro-set-ferrata\/","name":"Camp Kinetic Rewind Pro set ferrata - Sestogrado","isPartOf":{"@id":"https:\/\/www.sestogrado.it\/it\/#website"},"primaryImageOfPage":{"@id":"https:\/\/www.sestogrado.it\/it\/prodotto\/camp-kinetic-rewind-pro-set-ferrata\/#primaryimage"},"image":{"@id":"https:\/\/www.sestogrado.it\/prodotto\/camp-kinetic-rewind-pro-set-ferrata\/#primaryimage"},"thumbnailUrl":"https:\/\/www.sestogrado.it\/wp-content\/uploads\/2017\/05\/01-13.jpg","datePublished":"2017-05-22T10:24:25+00:00","dateModified":"2026-04-28T09:44:58+00:00","description":"Il Camp Kinetic Rewind Pro \u00e8 un set da ferrata di alto livello, dotato del\u00a0dissipatore Kinetic, conforme alla nuova normativa EN 958 ed omologato per un utilizzatore con un peso compreso tra 40 e 120kg.Il set da ferrata Kinetic Rewind Pro \u00e8 caratterizzato dall\u2019assorbitore d\u2019energia a lacerazione variabile e dai moschettoni Echo, estremamente sicuri e funzionali. La funzionalit\u00e0 \u00e8 accresciuta dalla fettuccia elasticizzata da 19 mm che, normalmente compatta durante la salita per non intralciare i movimenti, si allunga naturalmente quando necessario. L\u2019asola di collegamento ritorta, in fettuccia in poliestere, assicura il corretto posizionamento del set con punti di attacco di qualsiasi tipo e lo rende quindi utilizzabile con ogni modello di imbracatura.","breadcrumb":{"@id":"https:\/\/www.sestogrado.it\/it\/prodotto\/camp-kinetic-rewind-pro-set-ferrata\/#breadcrumb"},"inLanguage":"it-IT","potentialAction":[{"@type":"ReadAction","target":[["https:\/\/www.sestogrado.it\/it\/prodotto\/camp-kinetic-rewind-pro-set-ferrata\/"]]}]},{"@type":"ImageObject","inLanguage":"it-IT","@id":"https:\/\/www.sestogrado.it\/it\/prodotto\/camp-kinetic-rewind-pro-set-ferrata\/#primaryimage","url":"https:\/\/www.sestogrado.it\/wp-content\/uploads\/2017\/05\/01-13.jpg","contentUrl":"https:\/\/www.sestogrado.it\/wp-content\/uploads\/2017\/05\/01-13.jpg","width":1400,"height":1400,"caption":"camp kinetic rewind pro"},{"@type":"BreadcrumbList","@id":"https:\/\/www.sestogrado.it\/it\/prodotto\/camp-kinetic-rewind-pro-set-ferrata\/#breadcrumb","itemListElement":[{"@type":"ListItem","position":1,"name":"Home","item":"https:\/\/www.sestogrado.it\/it\/"},{"@type":"ListItem","position":2,"name":"Shop","item":"https:\/\/www.sestogrado.it\/it\/shop\/"},{"@type":"ListItem","position":3,"name":"Camp Kinetic Rewind Pro set ferrata"}]},{"@type":"WebSite","@id":"https:\/\/www.sestogrado.it\/it\/#website","url":"https:\/\/www.sestogrado.it\/it\/","name":"Sestogrado","description":"yes we climb","publisher":{"@id":"https:\/\/www.sestogrado.it\/it\/#organization"},"potentialAction":[{"@type":"SearchAction","target":{"@type":"EntryPoint","urlTemplate":"https:\/\/www.sestogrado.it\/it\/?s={search_term_string}"},"query-input":{"@type":"PropertyValueSpecification","valueRequired":true,"valueName":"search_term_string"}}],"inLanguage":"it-IT"},{"@type":"Organization","@id":"https:\/\/www.sestogrado.it\/it\/#organization","name":"Sestogrado","url":"https:\/\/www.sestogrado.it\/it\/","logo":{"@type":"ImageObject","inLanguage":"it-IT","@id":"https:\/\/www.sestogrado.it\/it\/#\/schema\/logo\/image\/","url":"https:\/\/www.sestogrado.it\/wp-content\/uploads\/2015\/03\/sestogrado-favicon.png","contentUrl":"https:\/\/www.sestogrado.it\/wp-content\/uploads\/2015\/03\/sestogrado-favicon.png","width":260,"height":260,"caption":"Sestogrado"},"image":{"@id":"https:\/\/www.sestogrado.it\/it\/#\/schema\/logo\/image\/"},"sameAs":["https:\/\/www.facebook.com\/pages\/Sestogrado\/1542635979353017?ref=bookmarks","https:\/\/www.youtube.com\/channel\/UC847kAfTkaJsWpc1jtQwr3Q"],"hasMerchantReturnPolicy":{"@type":"MerchantReturnPolicy","merchantReturnLink":"https:\/\/www.sestogrado.it\/it\/termini-e-condizioni\/"}}]},"product_brand":"Camp","product_price_amount":"99.00","product_price_currency":"EUR","og_availability":"instock","product_availability":"instock","product_condition":"new"},"_links":{"self":[{"href":"https:\/\/www.sestogrado.it\/it\/wp-json\/wp\/v2\/product\/11378","targetHints":{"allow":["GET"]}}],"collection":[{"href":"https:\/\/www.sestogrado.it\/it\/wp-json\/wp\/v2\/product"}],"about":[{"href":"https:\/\/www.sestogrado.it\/it\/wp-json\/wp\/v2\/types\/product"}],"replies":[{"embeddable":true,"href":"https:\/\/www.sestogrado.it\/it\/wp-json\/wp\/v2\/comments?post=11378"}],"wp:featuredmedia":[{"embeddable":true,"href":"https:\/\/www.sestogrado.it\/it\/wp-json\/wp\/v2\/media\/159079"}],"wp:attachment":[{"href":"https:\/\/www.sestogrado.it\/it\/wp-json\/wp\/v2\/media?parent=11378"}],"wp:term":[{"taxonomy":"product_brand","embeddable":true,"href":"https:\/\/www.sestogrado.it\/it\/wp-json\/wp\/v2\/product_brand?post=11378"},{"taxonomy":"product_cat","embeddable":true,"href":"https:\/\/www.sestogrado.it\/it\/wp-json\/wp\/v2\/product_cat?post=11378"},{"taxonomy":"product_tag","embeddable":true,"href":"https:\/\/www.sestogrado.it\/it\/wp-json\/wp\/v2\/product_tag?post=11378"}],"curies":[{"name":"wp","href":"https:\/\/api.w.org\/{rel}","templated":true}]}}