{"id":11375,"date":"2017-05-22T12:11:24","date_gmt":"2017-05-22T10:11:24","guid":{"rendered":"http:\/\/www.sestogrado.it\/?post_type=product&#038;p=11375"},"modified":"2026-03-16T10:45:07","modified_gmt":"2026-03-16T09:45:07","slug":"camp-kinetic-rewind-set-ferrata","status":"publish","type":"product","link":"https:\/\/www.sestogrado.it\/it\/prodotto\/camp-kinetic-rewind-set-ferrata\/","title":{"rendered":"Camp Kinetic Rewind set ferrata"},"content":{"rendered":"<p>Il Camp Kinetic Rewind \u00e8 un set da ferrata all&#8217;insegna della \u00a0leggerezza, provvisto del dissipatore Kinetic, conforme alla nuova normativa EN 958 ed omologato per un utilizzatore con un peso compreso tra 40 e 120kg.<\/p>\n<p>Set da ferrata all\u2019insegna della leggerezza, provvisto di assorbitore di energia a lacerazione variabile. Il set, con moschettoni Hercules, \u00e8 caratterizzato da una speciale fettuccia elasticizzata (sistema Rewind) da 19 mm: normalmente compatta durante la salita per non intralciare i movimenti, la fettuccia si allunga naturalmente quando necessario. L\u2019asola di collegamento ritorta, in fettuccia in poliestere, assicura il corretto posizionamento del set con punti di attacco di qualsiasi tipo e lo rende quindi utilizzabile con tutti i modelli di imbracatura.<\/p>\n<ul>\n<li>Assorbitore di energia a lacerazione, leggero e compatto<\/li>\n<li>Bracci in fettuccia elasticizzata (sistema Rewind) da 19 mm che, allungandosi quando necessario, non risultano d\u2019intralcio durante la salita<\/li>\n<li>Con moschettoni Hercules<\/li>\n<li>Asola ritorta in robusta fettuccia, per un perfetto collegamento all\u2019imbracatura con nodo a bocca di lupo<\/li>\n<li>Conforme ai requisiti di sicurezza previsti dalle norme EN 958 e UIAA 128<\/li>\n<\/ul>\n<p><strong>Quando scegliere il Kinetic?\u00a0<\/strong>Il dissipatore Kinetic in dotazione al Camp Kinetic Rewind \u00e8 particolarmente consigliato per utilizzatori che rientrano nei valori limite di peso della omologazione, per cui, bambini, donne o uomini di peso particolarmente ridotto, che si avvicina ai 40kg o individui di peso particolarmente elevato che &#8220;in configurazione alpinistica&#8221; si avvicinano ai 120kg.<\/p>\n<p>&nbsp;<\/p>\n<p>Passione, lavoro e semplicit\u00e0 sono alcune delle parole chiave che da sempre hanno contraddistinto il modo di essere di C.A.M.P. La passione \u00e8 quella per la montagna e per i prodotti che aiutano a realizzare i sogni ed i progetti di tutti coloro che la frequentano; il lavoro \u00e8 quello tramandato da oltre 115 anni in quattro distinte generazioni succedutesi alla guida dell\u2019azienda e la semplicit\u00e0 \u00e8 quella che contraddistingue un modo di essere e relazionarsi basato sulla seriet\u00e0 e lealt\u00e0.<\/p>","protected":false},"excerpt":{"rendered":"<p>Il Camp Kinetic Rewind \u00e8 un set da ferrata all&#8217;insegna della \u00a0leggerezza, provvisto del dissipatore Kinetic, conforme alla nuova normativa [&hellip;]<\/p>\n","protected":false},"featured_media":150785,"comment_status":"open","ping_status":"closed","template":"","meta":{"_acf_changed":false},"product_brand":[31],"product_cat":[179],"product_tag":[429],"class_list":{"0":"post-11375","1":"product","2":"type-product","3":"status-publish","4":"has-post-thumbnail","6":"product_brand-camp","7":"product_cat-set-ferrata","8":"product_tag-set-ferrata","10":"first","11":"instock","12":"sale","13":"taxable","14":"shipping-taxable","15":"purchasable","16":"product-type-simple"},"acf":[],"yoast_head":"<!-- This site is optimized with the Yoast SEO plugin v26.4 - https:\/\/yoast.com\/wordpress\/plugins\/seo\/ -->\n<title>Camp Kinetic Rewind set ferrata - Sestogrado<\/title>\n<meta name=\"description\" content=\"Il Camp Kinetic Rewind \u00e8 un set da ferrata con dissipatore omologato 40-120kg Kinetic e con bracci elastici Rewind. Compatto e leggero. Il Camp Kinetic Rewind \u00e8 un set da ferrata all&#039;insegna della \u00a0leggerezza, provvisto del dissipatore Kinetic, conforme alla nuova normativa EN 958 ed omologato per un utilizzatore con un peso compreso tra 40 e 120kg.Set da ferrata all\u2019insegna della leggerezza, provvisto di assorbitore di energia a lacerazione variabile. Il set, con moschettoni Hercules, \u00e8 caratterizzato da una speciale fettuccia elasticizzata (sistema Rewind) da 19 mm: normalmente compatta durante la salita per non intralciare i movimenti, la fettuccia si allunga naturalmente quando necessario. L\u2019asola di collegamento ritorta, in fettuccia in poliestere, assicura il corretto posizionamento del set con punti di attacco di qualsiasi tipo e lo rende quindi utilizzabile con tutti i modelli di imbracatura.\" \/>\n<meta name=\"robots\" content=\"index, follow, max-snippet:-1, max-image-preview:large, max-video-preview:-1\" \/>\n<link rel=\"canonical\" href=\"https:\/\/www.sestogrado.it\/it\/prodotto\/camp-kinetic-rewind-set-ferrata\/\" \/>\n<meta property=\"og:locale\" content=\"it_IT\" \/>\n<meta property=\"og:type\" content=\"article\" \/>\n<meta property=\"og:title\" content=\"Camp Kinetic Rewind set ferrata - Sestogrado\" \/>\n<meta property=\"og:description\" content=\"Il Camp Kinetic Rewind \u00e8 un set da ferrata con dissipatore omologato 40-120kg Kinetic e con bracci elastici Rewind. Compatto e leggero. Il Camp Kinetic Rewind \u00e8 un set da ferrata all&#039;insegna della \u00a0leggerezza, provvisto del dissipatore Kinetic, conforme alla nuova normativa EN 958 ed omologato per un utilizzatore con un peso compreso tra 40 e 120kg.Set da ferrata all\u2019insegna della leggerezza, provvisto di assorbitore di energia a lacerazione variabile. Il set, con moschettoni Hercules, \u00e8 caratterizzato da una speciale fettuccia elasticizzata (sistema Rewind) da 19 mm: normalmente compatta durante la salita per non intralciare i movimenti, la fettuccia si allunga naturalmente quando necessario. L\u2019asola di collegamento ritorta, in fettuccia in poliestere, assicura il corretto posizionamento del set con punti di attacco di qualsiasi tipo e lo rende quindi utilizzabile con tutti i modelli di imbracatura.\" \/>\n<meta property=\"og:url\" content=\"https:\/\/www.sestogrado.it\/it\/prodotto\/camp-kinetic-rewind-set-ferrata\/\" \/>\n<meta property=\"og:site_name\" content=\"Sestogrado\" \/>\n<meta property=\"article:publisher\" content=\"https:\/\/www.facebook.com\/pages\/Sestogrado\/1542635979353017?ref=bookmarks\" \/>\n<meta property=\"article:modified_time\" content=\"2026-03-16T09:45:07+00:00\" \/>\n<meta property=\"og:image\" content=\"https:\/\/www.sestogrado.it\/wp-content\/uploads\/2017\/05\/01-rew.jpg\" \/>\n\t<meta property=\"og:image:width\" content=\"1200\" \/>\n\t<meta property=\"og:image:height\" content=\"1200\" \/>\n\t<meta property=\"og:image:type\" content=\"image\/jpeg\" \/>\n<meta name=\"twitter:label1\" content=\"Prezzo\" \/>\n\t<meta name=\"twitter:data1\" content=\"&euro;&nbsp;89,00\" \/>\n\t<meta name=\"twitter:label2\" content=\"Disponibilit\u00e0\" \/>\n\t<meta name=\"twitter:data2\" content=\"In stock\" \/>\n<script type=\"application\/ld+json\" class=\"yoast-schema-graph\">{\"@context\":\"https:\/\/schema.org\",\"@graph\":[{\"@type\":\"WebPage\",\"@id\":\"https:\/\/www.sestogrado.it\/it\/prodotto\/camp-kinetic-rewind-set-ferrata\/\",\"url\":\"https:\/\/www.sestogrado.it\/it\/prodotto\/camp-kinetic-rewind-set-ferrata\/\",\"name\":\"Camp Kinetic Rewind set ferrata - Sestogrado\",\"isPartOf\":{\"@id\":\"https:\/\/www.sestogrado.it\/it\/#website\"},\"primaryImageOfPage\":{\"@id\":\"https:\/\/www.sestogrado.it\/it\/prodotto\/camp-kinetic-rewind-set-ferrata\/#primaryimage\"},\"image\":{\"@id\":\"https:\/\/www.sestogrado.it\/prodotto\/camp-kinetic-rewind-set-ferrata\/#primaryimage\"},\"thumbnailUrl\":\"https:\/\/www.sestogrado.it\/wp-content\/uploads\/2017\/05\/01-rew.jpg\",\"datePublished\":\"2017-05-22T10:11:24+00:00\",\"dateModified\":\"2026-03-16T09:45:07+00:00\",\"description\":\"Il Camp Kinetic Rewind \u00e8 un set da ferrata con dissipatore omologato 40-120kg Kinetic e con bracci elastici Rewind. Compatto e leggero. Il Camp Kinetic Rewind \u00e8 un set da ferrata all'insegna della \u00a0leggerezza, provvisto del dissipatore Kinetic, conforme alla nuova normativa EN 958 ed omologato per un utilizzatore con un peso compreso tra 40 e 120kg.Set da ferrata all\u2019insegna della leggerezza, provvisto di assorbitore di energia a lacerazione variabile. Il set, con moschettoni Hercules, \u00e8 caratterizzato da una speciale fettuccia elasticizzata (sistema Rewind) da 19 mm: normalmente compatta durante la salita per non intralciare i movimenti, la fettuccia si allunga naturalmente quando necessario. L\u2019asola di collegamento ritorta, in fettuccia in poliestere, assicura il corretto posizionamento del set con punti di attacco di qualsiasi tipo e lo rende quindi utilizzabile con tutti i modelli di imbracatura.\",\"breadcrumb\":{\"@id\":\"https:\/\/www.sestogrado.it\/it\/prodotto\/camp-kinetic-rewind-set-ferrata\/#breadcrumb\"},\"inLanguage\":\"it-IT\",\"potentialAction\":[{\"@type\":\"ReadAction\",\"target\":[[\"https:\/\/www.sestogrado.it\/it\/prodotto\/camp-kinetic-rewind-set-ferrata\/\"]]}]},{\"@type\":\"ImageObject\",\"inLanguage\":\"it-IT\",\"@id\":\"https:\/\/www.sestogrado.it\/it\/prodotto\/camp-kinetic-rewind-set-ferrata\/#primaryimage\",\"url\":\"https:\/\/www.sestogrado.it\/wp-content\/uploads\/2017\/05\/01-rew.jpg\",\"contentUrl\":\"https:\/\/www.sestogrado.it\/wp-content\/uploads\/2017\/05\/01-rew.jpg\",\"width\":1200,\"height\":1200,\"caption\":\"camp kinetic rewind\"},{\"@type\":\"BreadcrumbList\",\"@id\":\"https:\/\/www.sestogrado.it\/it\/prodotto\/camp-kinetic-rewind-set-ferrata\/#breadcrumb\",\"itemListElement\":[{\"@type\":\"ListItem\",\"position\":1,\"name\":\"Home\",\"item\":\"https:\/\/www.sestogrado.it\/it\/\"},{\"@type\":\"ListItem\",\"position\":2,\"name\":\"Shop\",\"item\":\"https:\/\/www.sestogrado.it\/it\/shop\/\"},{\"@type\":\"ListItem\",\"position\":3,\"name\":\"Camp Kinetic Rewind set ferrata\"}]},{\"@type\":\"WebSite\",\"@id\":\"https:\/\/www.sestogrado.it\/it\/#website\",\"url\":\"https:\/\/www.sestogrado.it\/it\/\",\"name\":\"Sestogrado\",\"description\":\"yes we climb\",\"publisher\":{\"@id\":\"https:\/\/www.sestogrado.it\/it\/#organization\"},\"potentialAction\":[{\"@type\":\"SearchAction\",\"target\":{\"@type\":\"EntryPoint\",\"urlTemplate\":\"https:\/\/www.sestogrado.it\/it\/?s={search_term_string}\"},\"query-input\":{\"@type\":\"PropertyValueSpecification\",\"valueRequired\":true,\"valueName\":\"search_term_string\"}}],\"inLanguage\":\"it-IT\"},{\"@type\":\"Organization\",\"@id\":\"https:\/\/www.sestogrado.it\/it\/#organization\",\"name\":\"Sestogrado\",\"url\":\"https:\/\/www.sestogrado.it\/it\/\",\"logo\":{\"@type\":\"ImageObject\",\"inLanguage\":\"it-IT\",\"@id\":\"https:\/\/www.sestogrado.it\/it\/#\/schema\/logo\/image\/\",\"url\":\"https:\/\/www.sestogrado.it\/wp-content\/uploads\/2015\/03\/sestogrado-favicon.png\",\"contentUrl\":\"https:\/\/www.sestogrado.it\/wp-content\/uploads\/2015\/03\/sestogrado-favicon.png\",\"width\":260,\"height\":260,\"caption\":\"Sestogrado\"},\"image\":{\"@id\":\"https:\/\/www.sestogrado.it\/it\/#\/schema\/logo\/image\/\"},\"sameAs\":[\"https:\/\/www.facebook.com\/pages\/Sestogrado\/1542635979353017?ref=bookmarks\",\"https:\/\/www.youtube.com\/channel\/UC847kAfTkaJsWpc1jtQwr3Q\"],\"hasMerchantReturnPolicy\":{\"@type\":\"MerchantReturnPolicy\",\"merchantReturnLink\":\"https:\/\/www.sestogrado.it\/it\/termini-e-condizioni\/\"}}]}<\/script>\n<meta property=\"product:brand\" content=\"Camp\" \/>\n<meta property=\"product:price:amount\" content=\"89.00\" \/>\n<meta property=\"product:price:currency\" content=\"EUR\" \/>\n<meta property=\"og:availability\" content=\"instock\" \/>\n<meta property=\"product:availability\" content=\"instock\" \/>\n<meta property=\"product:condition\" content=\"new\" \/>\n<!-- \/ Yoast SEO plugin. -->","yoast_head_json":{"title":"Camp Kinetic Rewind set ferrata - Sestogrado","description":"Il Camp Kinetic Rewind \u00e8 un set da ferrata con dissipatore omologato 40-120kg Kinetic e con bracci elastici Rewind. Compatto e leggero. Il Camp Kinetic Rewind \u00e8 un set da ferrata all'insegna della \u00a0leggerezza, provvisto del dissipatore Kinetic, conforme alla nuova normativa EN 958 ed omologato per un utilizzatore con un peso compreso tra 40 e 120kg.Set da ferrata all\u2019insegna della leggerezza, provvisto di assorbitore di energia a lacerazione variabile. Il set, con moschettoni Hercules, \u00e8 caratterizzato da una speciale fettuccia elasticizzata (sistema Rewind) da 19 mm: normalmente compatta durante la salita per non intralciare i movimenti, la fettuccia si allunga naturalmente quando necessario. L\u2019asola di collegamento ritorta, in fettuccia in poliestere, assicura il corretto posizionamento del set con punti di attacco di qualsiasi tipo e lo rende quindi utilizzabile con tutti i modelli di imbracatura.","robots":{"index":"index","follow":"follow","max-snippet":"max-snippet:-1","max-image-preview":"max-image-preview:large","max-video-preview":"max-video-preview:-1"},"canonical":"https:\/\/www.sestogrado.it\/it\/prodotto\/camp-kinetic-rewind-set-ferrata\/","og_locale":"it_IT","og_type":"article","og_title":"Camp Kinetic Rewind set ferrata - Sestogrado","og_description":"Il Camp Kinetic Rewind \u00e8 un set da ferrata con dissipatore omologato 40-120kg Kinetic e con bracci elastici Rewind. Compatto e leggero. Il Camp Kinetic Rewind \u00e8 un set da ferrata all'insegna della \u00a0leggerezza, provvisto del dissipatore Kinetic, conforme alla nuova normativa EN 958 ed omologato per un utilizzatore con un peso compreso tra 40 e 120kg.Set da ferrata all\u2019insegna della leggerezza, provvisto di assorbitore di energia a lacerazione variabile. Il set, con moschettoni Hercules, \u00e8 caratterizzato da una speciale fettuccia elasticizzata (sistema Rewind) da 19 mm: normalmente compatta durante la salita per non intralciare i movimenti, la fettuccia si allunga naturalmente quando necessario. L\u2019asola di collegamento ritorta, in fettuccia in poliestere, assicura il corretto posizionamento del set con punti di attacco di qualsiasi tipo e lo rende quindi utilizzabile con tutti i modelli di imbracatura.","og_url":"https:\/\/www.sestogrado.it\/it\/prodotto\/camp-kinetic-rewind-set-ferrata\/","og_site_name":"Sestogrado","article_publisher":"https:\/\/www.facebook.com\/pages\/Sestogrado\/1542635979353017?ref=bookmarks","article_modified_time":"2026-03-16T09:45:07+00:00","og_image":[{"width":1200,"height":1200,"url":"https:\/\/www.sestogrado.it\/wp-content\/uploads\/2017\/05\/01-rew.jpg","type":"image\/jpeg"}],"twitter_misc":{"Prezzo":"&euro;&nbsp;89,00","Disponibilit\u00e0":"In stock"},"schema":{"@context":"https:\/\/schema.org","@graph":[{"@type":"WebPage","@id":"https:\/\/www.sestogrado.it\/it\/prodotto\/camp-kinetic-rewind-set-ferrata\/","url":"https:\/\/www.sestogrado.it\/it\/prodotto\/camp-kinetic-rewind-set-ferrata\/","name":"Camp Kinetic Rewind set ferrata - Sestogrado","isPartOf":{"@id":"https:\/\/www.sestogrado.it\/it\/#website"},"primaryImageOfPage":{"@id":"https:\/\/www.sestogrado.it\/it\/prodotto\/camp-kinetic-rewind-set-ferrata\/#primaryimage"},"image":{"@id":"https:\/\/www.sestogrado.it\/prodotto\/camp-kinetic-rewind-set-ferrata\/#primaryimage"},"thumbnailUrl":"https:\/\/www.sestogrado.it\/wp-content\/uploads\/2017\/05\/01-rew.jpg","datePublished":"2017-05-22T10:11:24+00:00","dateModified":"2026-03-16T09:45:07+00:00","description":"Il Camp Kinetic Rewind \u00e8 un set da ferrata con dissipatore omologato 40-120kg Kinetic e con bracci elastici Rewind. Compatto e leggero. Il Camp Kinetic Rewind \u00e8 un set da ferrata all'insegna della \u00a0leggerezza, provvisto del dissipatore Kinetic, conforme alla nuova normativa EN 958 ed omologato per un utilizzatore con un peso compreso tra 40 e 120kg.Set da ferrata all\u2019insegna della leggerezza, provvisto di assorbitore di energia a lacerazione variabile. Il set, con moschettoni Hercules, \u00e8 caratterizzato da una speciale fettuccia elasticizzata (sistema Rewind) da 19 mm: normalmente compatta durante la salita per non intralciare i movimenti, la fettuccia si allunga naturalmente quando necessario. L\u2019asola di collegamento ritorta, in fettuccia in poliestere, assicura il corretto posizionamento del set con punti di attacco di qualsiasi tipo e lo rende quindi utilizzabile con tutti i modelli di imbracatura.","breadcrumb":{"@id":"https:\/\/www.sestogrado.it\/it\/prodotto\/camp-kinetic-rewind-set-ferrata\/#breadcrumb"},"inLanguage":"it-IT","potentialAction":[{"@type":"ReadAction","target":[["https:\/\/www.sestogrado.it\/it\/prodotto\/camp-kinetic-rewind-set-ferrata\/"]]}]},{"@type":"ImageObject","inLanguage":"it-IT","@id":"https:\/\/www.sestogrado.it\/it\/prodotto\/camp-kinetic-rewind-set-ferrata\/#primaryimage","url":"https:\/\/www.sestogrado.it\/wp-content\/uploads\/2017\/05\/01-rew.jpg","contentUrl":"https:\/\/www.sestogrado.it\/wp-content\/uploads\/2017\/05\/01-rew.jpg","width":1200,"height":1200,"caption":"camp kinetic rewind"},{"@type":"BreadcrumbList","@id":"https:\/\/www.sestogrado.it\/it\/prodotto\/camp-kinetic-rewind-set-ferrata\/#breadcrumb","itemListElement":[{"@type":"ListItem","position":1,"name":"Home","item":"https:\/\/www.sestogrado.it\/it\/"},{"@type":"ListItem","position":2,"name":"Shop","item":"https:\/\/www.sestogrado.it\/it\/shop\/"},{"@type":"ListItem","position":3,"name":"Camp Kinetic Rewind set ferrata"}]},{"@type":"WebSite","@id":"https:\/\/www.sestogrado.it\/it\/#website","url":"https:\/\/www.sestogrado.it\/it\/","name":"Sestogrado","description":"yes we climb","publisher":{"@id":"https:\/\/www.sestogrado.it\/it\/#organization"},"potentialAction":[{"@type":"SearchAction","target":{"@type":"EntryPoint","urlTemplate":"https:\/\/www.sestogrado.it\/it\/?s={search_term_string}"},"query-input":{"@type":"PropertyValueSpecification","valueRequired":true,"valueName":"search_term_string"}}],"inLanguage":"it-IT"},{"@type":"Organization","@id":"https:\/\/www.sestogrado.it\/it\/#organization","name":"Sestogrado","url":"https:\/\/www.sestogrado.it\/it\/","logo":{"@type":"ImageObject","inLanguage":"it-IT","@id":"https:\/\/www.sestogrado.it\/it\/#\/schema\/logo\/image\/","url":"https:\/\/www.sestogrado.it\/wp-content\/uploads\/2015\/03\/sestogrado-favicon.png","contentUrl":"https:\/\/www.sestogrado.it\/wp-content\/uploads\/2015\/03\/sestogrado-favicon.png","width":260,"height":260,"caption":"Sestogrado"},"image":{"@id":"https:\/\/www.sestogrado.it\/it\/#\/schema\/logo\/image\/"},"sameAs":["https:\/\/www.facebook.com\/pages\/Sestogrado\/1542635979353017?ref=bookmarks","https:\/\/www.youtube.com\/channel\/UC847kAfTkaJsWpc1jtQwr3Q"],"hasMerchantReturnPolicy":{"@type":"MerchantReturnPolicy","merchantReturnLink":"https:\/\/www.sestogrado.it\/it\/termini-e-condizioni\/"}}]},"product_brand":"Camp","product_price_amount":"89.00","product_price_currency":"EUR","og_availability":"instock","product_availability":"instock","product_condition":"new"},"_links":{"self":[{"href":"https:\/\/www.sestogrado.it\/it\/wp-json\/wp\/v2\/product\/11375","targetHints":{"allow":["GET"]}}],"collection":[{"href":"https:\/\/www.sestogrado.it\/it\/wp-json\/wp\/v2\/product"}],"about":[{"href":"https:\/\/www.sestogrado.it\/it\/wp-json\/wp\/v2\/types\/product"}],"replies":[{"embeddable":true,"href":"https:\/\/www.sestogrado.it\/it\/wp-json\/wp\/v2\/comments?post=11375"}],"wp:featuredmedia":[{"embeddable":true,"href":"https:\/\/www.sestogrado.it\/it\/wp-json\/wp\/v2\/media\/150785"}],"wp:attachment":[{"href":"https:\/\/www.sestogrado.it\/it\/wp-json\/wp\/v2\/media?parent=11375"}],"wp:term":[{"taxonomy":"product_brand","embeddable":true,"href":"https:\/\/www.sestogrado.it\/it\/wp-json\/wp\/v2\/product_brand?post=11375"},{"taxonomy":"product_cat","embeddable":true,"href":"https:\/\/www.sestogrado.it\/it\/wp-json\/wp\/v2\/product_cat?post=11375"},{"taxonomy":"product_tag","embeddable":true,"href":"https:\/\/www.sestogrado.it\/it\/wp-json\/wp\/v2\/product_tag?post=11375"}],"curies":[{"name":"wp","href":"https:\/\/api.w.org\/{rel}","templated":true}]}}