{"id":113608,"date":"2022-09-29T10:41:07","date_gmt":"2022-09-29T08:41:07","guid":{"rendered":"https:\/\/www.sestogrado.it\/?post_type=product&#038;p=113608"},"modified":"2026-02-07T02:33:43","modified_gmt":"2026-02-07T01:33:43","slug":"tsl-305-roll-ciaspole-racchette-da-neve","status":"publish","type":"product","link":"https:\/\/www.sestogrado.it\/it\/prodotto\/tsl-305-roll-ciaspole-racchette-da-neve\/","title":{"rendered":"TSL 305 Roll ciaspole racchette da neve"},"content":{"rendered":"<p>Le TSL 305 Roll sono delle ciaspole da neve per un utilizzatore con peso compreso tra 30 e 80kg, per cui donne e bambini o persone leggere. Dotato di tutte le principali accortezze tecniche per passeggiare sulla neve in tranquillit\u00e0. Le tue ciaspolate saranno al sicuro con queste racchette da neve.<\/p>\n<p>La piastra \u00e8 ad unico pezzo, ha una talloniera che scorre grazie ad un pratico meccanismo e si ferma sulla taglia desiderata, la calzata \u00e8 pratica e veloce. Compatibili con tutti gli scarponi da neve presenti nel mercato, dotate di alzatacco e blocco del tallone. Chiusura frontale tramite cinghia a serraggio da attivare con un unico movimento. Rampone anteriore a due punte, molto solido e resistente. La chiusura della caviglia, chiamata pad di comfort, \u00e8 molto pratica e non crea fastidi nel momento in cui si fa trekking sulla neve.<\/p>\n<p>La fodera di trasporto \u00e8 fornita in dotazione.<\/p>\n<p>\u2013 Peso = 790 gr x 2<\/p>\n<p>\u2013 Dimensioni = 55\u00d720,5 cm<\/p>\n<p>\u2013 Peso utilizzatore = consigliato tra 30 e 80 kg<\/p>\n<p>\u2013 Taglia piede utilizzatore = per scarponi dal numero 35 al 43<\/p>\n<p>\u2013 Utilizzo consigliato = universale<\/p>\n<p>&nbsp;<\/p>\n<p>La TSL 305 Roll \u00e8 una ciaspola facile e polivalente, per chiunque voglia muovere i primi passi sulla neve.<\/p>\n<p>&nbsp;<\/p>\n<p>TSL \u00e8 leader di mercato nella produzione di racchette da neve. A partire dal 1981, nel cuore delle Alpi francesi a Th\u00f4nes, TSL realizza ciaspole da neve ad attacco articolato che combinano comfort, tecnicit\u00e0, design e buona tenuta del piede. Grazie ai costanti miglioramenti tecnici di TSL (Step-In, Up &amp; Down System, alzatacchi di salita\u2026) che permettono di affrontare terreni di ogni tipo, le racchette da neve TSL attraversano le frontiere per essere esportate in tutto il mondo.<\/p>","protected":false},"excerpt":{"rendered":"<p>Le TSL 305 Roll sono delle ciaspole da neve per un utilizzatore con peso compreso tra 30 e 80kg, per [&hellip;]<\/p>\n","protected":false},"featured_media":113609,"comment_status":"open","ping_status":"closed","template":"","meta":{"_acf_changed":false},"product_brand":[886],"product_cat":[711],"product_tag":[],"class_list":{"0":"post-113608","1":"product","2":"type-product","3":"status-publish","4":"has-post-thumbnail","6":"product_brand-tsl","7":"product_cat-ciaspole-e-ghette","9":"first","10":"outofstock","11":"sale","12":"taxable","13":"shipping-taxable","14":"purchasable","15":"product-type-simple"},"acf":[],"yoast_head":"<!-- This site is optimized with the Yoast SEO plugin v26.4 - https:\/\/yoast.com\/wordpress\/plugins\/seo\/ -->\n<title>TSL 305 Roll ciaspole racchette da neve - Sestogrado<\/title>\n<meta name=\"description\" content=\"Le TSL 305 Roll sono delle ciaspole da neve per un utilizzatore con peso compreso tra 30 e 80kg, per cui donne e bambini o persone leggere. Dotato di tutte le principali accortezze tecniche per passeggiare sulla neve in tranquillit\u00e0. Le tue ciaspolate saranno al sicuro con queste racchette da neve.La piastra \u00e8 ad unico pezzo, ha una talloniera che scorre grazie ad un pratico meccanismo e si ferma sulla taglia desiderata, la calzata \u00e8 pratica e veloce. Compatibili con tutti gli scarponi da neve presenti nel mercato, dotate di alzatacco e blocco del tallone. Chiusura frontale tramite cinghia a serraggio da attivare con un unico movimento. Rampone anteriore a due punte, molto solido e resistente. La chiusura della caviglia, chiamata pad di comfort, \u00e8 molto pratica e non crea fastidi nel momento in cui si fa trekking sulla neve.La fodera di trasporto \u00e8 fornita in dotazione.\" \/>\n<meta name=\"robots\" content=\"index, follow, max-snippet:-1, max-image-preview:large, max-video-preview:-1\" \/>\n<link rel=\"canonical\" href=\"https:\/\/www.sestogrado.it\/it\/prodotto\/tsl-305-roll-ciaspole-racchette-da-neve\/\" \/>\n<meta property=\"og:locale\" content=\"it_IT\" \/>\n<meta property=\"og:type\" content=\"article\" \/>\n<meta property=\"og:title\" content=\"TSL 305 Roll ciaspole racchette da neve - Sestogrado\" \/>\n<meta property=\"og:description\" content=\"Le TSL 305 Roll sono delle ciaspole da neve per un utilizzatore con peso compreso tra 30 e 80kg, per cui donne e bambini o persone leggere. Dotato di tutte le principali accortezze tecniche per passeggiare sulla neve in tranquillit\u00e0. Le tue ciaspolate saranno al sicuro con queste racchette da neve.La piastra \u00e8 ad unico pezzo, ha una talloniera che scorre grazie ad un pratico meccanismo e si ferma sulla taglia desiderata, la calzata \u00e8 pratica e veloce. Compatibili con tutti gli scarponi da neve presenti nel mercato, dotate di alzatacco e blocco del tallone. Chiusura frontale tramite cinghia a serraggio da attivare con un unico movimento. Rampone anteriore a due punte, molto solido e resistente. La chiusura della caviglia, chiamata pad di comfort, \u00e8 molto pratica e non crea fastidi nel momento in cui si fa trekking sulla neve.La fodera di trasporto \u00e8 fornita in dotazione.\" \/>\n<meta property=\"og:url\" content=\"https:\/\/www.sestogrado.it\/it\/prodotto\/tsl-305-roll-ciaspole-racchette-da-neve\/\" \/>\n<meta property=\"og:site_name\" content=\"Sestogrado\" \/>\n<meta property=\"article:publisher\" content=\"https:\/\/www.facebook.com\/pages\/Sestogrado\/1542635979353017?ref=bookmarks\" \/>\n<meta property=\"article:modified_time\" content=\"2026-02-07T01:33:43+00:00\" \/>\n<meta property=\"og:image\" content=\"https:\/\/www.sestogrado.it\/wp-content\/uploads\/2022\/09\/01-7.jpg\" \/>\n\t<meta property=\"og:image:width\" content=\"1600\" \/>\n\t<meta property=\"og:image:height\" content=\"1599\" \/>\n\t<meta property=\"og:image:type\" content=\"image\/jpeg\" \/>\n<meta name=\"twitter:label1\" content=\"Prezzo\" \/>\n\t<meta name=\"twitter:data1\" content=\"&euro;&nbsp;129,00\" \/>\n\t<meta name=\"twitter:label2\" content=\"Disponibilit\u00e0\" \/>\n\t<meta name=\"twitter:data2\" content=\"Esaurito\" \/>\n<script type=\"application\/ld+json\" class=\"yoast-schema-graph\">{\"@context\":\"https:\/\/schema.org\",\"@graph\":[{\"@type\":\"WebPage\",\"@id\":\"https:\/\/www.sestogrado.it\/it\/prodotto\/tsl-305-roll-ciaspole-racchette-da-neve\/\",\"url\":\"https:\/\/www.sestogrado.it\/it\/prodotto\/tsl-305-roll-ciaspole-racchette-da-neve\/\",\"name\":\"TSL 305 Roll ciaspole racchette da neve - Sestogrado\",\"isPartOf\":{\"@id\":\"https:\/\/www.sestogrado.it\/it\/#website\"},\"primaryImageOfPage\":{\"@id\":\"https:\/\/www.sestogrado.it\/it\/prodotto\/tsl-305-roll-ciaspole-racchette-da-neve\/#primaryimage\"},\"image\":{\"@id\":\"https:\/\/www.sestogrado.it\/prodotto\/tsl-305-roll-ciaspole-racchette-da-neve\/#primaryimage\"},\"thumbnailUrl\":\"https:\/\/www.sestogrado.it\/wp-content\/uploads\/2022\/09\/01-7.jpg\",\"datePublished\":\"2022-09-29T08:41:07+00:00\",\"dateModified\":\"2026-02-07T01:33:43+00:00\",\"description\":\"Le TSL 305 Roll sono delle ciaspole da neve per un utilizzatore con peso compreso tra 30 e 80kg, per cui donne e bambini o persone leggere. Dotato di tutte le principali accortezze tecniche per passeggiare sulla neve in tranquillit\u00e0. Le tue ciaspolate saranno al sicuro con queste racchette da neve.La piastra \u00e8 ad unico pezzo, ha una talloniera che scorre grazie ad un pratico meccanismo e si ferma sulla taglia desiderata, la calzata \u00e8 pratica e veloce. Compatibili con tutti gli scarponi da neve presenti nel mercato, dotate di alzatacco e blocco del tallone. Chiusura frontale tramite cinghia a serraggio da attivare con un unico movimento. Rampone anteriore a due punte, molto solido e resistente. La chiusura della caviglia, chiamata pad di comfort, \u00e8 molto pratica e non crea fastidi nel momento in cui si fa trekking sulla neve.La fodera di trasporto \u00e8 fornita in dotazione.\",\"breadcrumb\":{\"@id\":\"https:\/\/www.sestogrado.it\/it\/prodotto\/tsl-305-roll-ciaspole-racchette-da-neve\/#breadcrumb\"},\"inLanguage\":\"it-IT\",\"potentialAction\":[{\"@type\":\"ReadAction\",\"target\":[[\"https:\/\/www.sestogrado.it\/it\/prodotto\/tsl-305-roll-ciaspole-racchette-da-neve\/\"]]}]},{\"@type\":\"ImageObject\",\"inLanguage\":\"it-IT\",\"@id\":\"https:\/\/www.sestogrado.it\/it\/prodotto\/tsl-305-roll-ciaspole-racchette-da-neve\/#primaryimage\",\"url\":\"https:\/\/www.sestogrado.it\/wp-content\/uploads\/2022\/09\/01-7.jpg\",\"contentUrl\":\"https:\/\/www.sestogrado.it\/wp-content\/uploads\/2022\/09\/01-7.jpg\",\"width\":1600,\"height\":1599,\"caption\":\"TSL 305 Roll\"},{\"@type\":\"BreadcrumbList\",\"@id\":\"https:\/\/www.sestogrado.it\/it\/prodotto\/tsl-305-roll-ciaspole-racchette-da-neve\/#breadcrumb\",\"itemListElement\":[{\"@type\":\"ListItem\",\"position\":1,\"name\":\"Home\",\"item\":\"https:\/\/www.sestogrado.it\/it\/\"},{\"@type\":\"ListItem\",\"position\":2,\"name\":\"Shop\",\"item\":\"https:\/\/www.sestogrado.it\/it\/shop\/\"},{\"@type\":\"ListItem\",\"position\":3,\"name\":\"TSL 305 Roll ciaspole racchette da neve\"}]},{\"@type\":\"WebSite\",\"@id\":\"https:\/\/www.sestogrado.it\/it\/#website\",\"url\":\"https:\/\/www.sestogrado.it\/it\/\",\"name\":\"Sestogrado\",\"description\":\"yes we climb\",\"publisher\":{\"@id\":\"https:\/\/www.sestogrado.it\/it\/#organization\"},\"potentialAction\":[{\"@type\":\"SearchAction\",\"target\":{\"@type\":\"EntryPoint\",\"urlTemplate\":\"https:\/\/www.sestogrado.it\/it\/?s={search_term_string}\"},\"query-input\":{\"@type\":\"PropertyValueSpecification\",\"valueRequired\":true,\"valueName\":\"search_term_string\"}}],\"inLanguage\":\"it-IT\"},{\"@type\":\"Organization\",\"@id\":\"https:\/\/www.sestogrado.it\/it\/#organization\",\"name\":\"Sestogrado\",\"url\":\"https:\/\/www.sestogrado.it\/it\/\",\"logo\":{\"@type\":\"ImageObject\",\"inLanguage\":\"it-IT\",\"@id\":\"https:\/\/www.sestogrado.it\/it\/#\/schema\/logo\/image\/\",\"url\":\"https:\/\/www.sestogrado.it\/wp-content\/uploads\/2015\/03\/sestogrado-favicon.png\",\"contentUrl\":\"https:\/\/www.sestogrado.it\/wp-content\/uploads\/2015\/03\/sestogrado-favicon.png\",\"width\":260,\"height\":260,\"caption\":\"Sestogrado\"},\"image\":{\"@id\":\"https:\/\/www.sestogrado.it\/it\/#\/schema\/logo\/image\/\"},\"sameAs\":[\"https:\/\/www.facebook.com\/pages\/Sestogrado\/1542635979353017?ref=bookmarks\",\"https:\/\/www.youtube.com\/channel\/UC847kAfTkaJsWpc1jtQwr3Q\"],\"hasMerchantReturnPolicy\":{\"@type\":\"MerchantReturnPolicy\",\"merchantReturnLink\":\"https:\/\/www.sestogrado.it\/it\/termini-e-condizioni\/\"}}]}<\/script>\n<meta property=\"product:brand\" content=\"TSL\" \/>\n<meta property=\"product:price:amount\" content=\"129.00\" \/>\n<meta property=\"product:price:currency\" content=\"EUR\" \/>\n<meta property=\"og:availability\" content=\"out of stock\" \/>\n<meta property=\"product:availability\" content=\"out of stock\" \/>\n<meta property=\"product:condition\" content=\"new\" \/>\n<!-- \/ Yoast SEO plugin. -->","yoast_head_json":{"title":"TSL 305 Roll ciaspole racchette da neve - Sestogrado","description":"Le TSL 305 Roll sono delle ciaspole da neve per un utilizzatore con peso compreso tra 30 e 80kg, per cui donne e bambini o persone leggere. Dotato di tutte le principali accortezze tecniche per passeggiare sulla neve in tranquillit\u00e0. Le tue ciaspolate saranno al sicuro con queste racchette da neve.La piastra \u00e8 ad unico pezzo, ha una talloniera che scorre grazie ad un pratico meccanismo e si ferma sulla taglia desiderata, la calzata \u00e8 pratica e veloce. Compatibili con tutti gli scarponi da neve presenti nel mercato, dotate di alzatacco e blocco del tallone. Chiusura frontale tramite cinghia a serraggio da attivare con un unico movimento. Rampone anteriore a due punte, molto solido e resistente. La chiusura della caviglia, chiamata pad di comfort, \u00e8 molto pratica e non crea fastidi nel momento in cui si fa trekking sulla neve.La fodera di trasporto \u00e8 fornita in dotazione.","robots":{"index":"index","follow":"follow","max-snippet":"max-snippet:-1","max-image-preview":"max-image-preview:large","max-video-preview":"max-video-preview:-1"},"canonical":"https:\/\/www.sestogrado.it\/it\/prodotto\/tsl-305-roll-ciaspole-racchette-da-neve\/","og_locale":"it_IT","og_type":"article","og_title":"TSL 305 Roll ciaspole racchette da neve - Sestogrado","og_description":"Le TSL 305 Roll sono delle ciaspole da neve per un utilizzatore con peso compreso tra 30 e 80kg, per cui donne e bambini o persone leggere. Dotato di tutte le principali accortezze tecniche per passeggiare sulla neve in tranquillit\u00e0. Le tue ciaspolate saranno al sicuro con queste racchette da neve.La piastra \u00e8 ad unico pezzo, ha una talloniera che scorre grazie ad un pratico meccanismo e si ferma sulla taglia desiderata, la calzata \u00e8 pratica e veloce. Compatibili con tutti gli scarponi da neve presenti nel mercato, dotate di alzatacco e blocco del tallone. Chiusura frontale tramite cinghia a serraggio da attivare con un unico movimento. Rampone anteriore a due punte, molto solido e resistente. La chiusura della caviglia, chiamata pad di comfort, \u00e8 molto pratica e non crea fastidi nel momento in cui si fa trekking sulla neve.La fodera di trasporto \u00e8 fornita in dotazione.","og_url":"https:\/\/www.sestogrado.it\/it\/prodotto\/tsl-305-roll-ciaspole-racchette-da-neve\/","og_site_name":"Sestogrado","article_publisher":"https:\/\/www.facebook.com\/pages\/Sestogrado\/1542635979353017?ref=bookmarks","article_modified_time":"2026-02-07T01:33:43+00:00","og_image":[{"width":1600,"height":1599,"url":"https:\/\/www.sestogrado.it\/wp-content\/uploads\/2022\/09\/01-7.jpg","type":"image\/jpeg"}],"twitter_misc":{"Prezzo":"&euro;&nbsp;129,00","Disponibilit\u00e0":"Esaurito"},"schema":{"@context":"https:\/\/schema.org","@graph":[{"@type":"WebPage","@id":"https:\/\/www.sestogrado.it\/it\/prodotto\/tsl-305-roll-ciaspole-racchette-da-neve\/","url":"https:\/\/www.sestogrado.it\/it\/prodotto\/tsl-305-roll-ciaspole-racchette-da-neve\/","name":"TSL 305 Roll ciaspole racchette da neve - Sestogrado","isPartOf":{"@id":"https:\/\/www.sestogrado.it\/it\/#website"},"primaryImageOfPage":{"@id":"https:\/\/www.sestogrado.it\/it\/prodotto\/tsl-305-roll-ciaspole-racchette-da-neve\/#primaryimage"},"image":{"@id":"https:\/\/www.sestogrado.it\/prodotto\/tsl-305-roll-ciaspole-racchette-da-neve\/#primaryimage"},"thumbnailUrl":"https:\/\/www.sestogrado.it\/wp-content\/uploads\/2022\/09\/01-7.jpg","datePublished":"2022-09-29T08:41:07+00:00","dateModified":"2026-02-07T01:33:43+00:00","description":"Le TSL 305 Roll sono delle ciaspole da neve per un utilizzatore con peso compreso tra 30 e 80kg, per cui donne e bambini o persone leggere. Dotato di tutte le principali accortezze tecniche per passeggiare sulla neve in tranquillit\u00e0. Le tue ciaspolate saranno al sicuro con queste racchette da neve.La piastra \u00e8 ad unico pezzo, ha una talloniera che scorre grazie ad un pratico meccanismo e si ferma sulla taglia desiderata, la calzata \u00e8 pratica e veloce. Compatibili con tutti gli scarponi da neve presenti nel mercato, dotate di alzatacco e blocco del tallone. Chiusura frontale tramite cinghia a serraggio da attivare con un unico movimento. Rampone anteriore a due punte, molto solido e resistente. La chiusura della caviglia, chiamata pad di comfort, \u00e8 molto pratica e non crea fastidi nel momento in cui si fa trekking sulla neve.La fodera di trasporto \u00e8 fornita in dotazione.","breadcrumb":{"@id":"https:\/\/www.sestogrado.it\/it\/prodotto\/tsl-305-roll-ciaspole-racchette-da-neve\/#breadcrumb"},"inLanguage":"it-IT","potentialAction":[{"@type":"ReadAction","target":[["https:\/\/www.sestogrado.it\/it\/prodotto\/tsl-305-roll-ciaspole-racchette-da-neve\/"]]}]},{"@type":"ImageObject","inLanguage":"it-IT","@id":"https:\/\/www.sestogrado.it\/it\/prodotto\/tsl-305-roll-ciaspole-racchette-da-neve\/#primaryimage","url":"https:\/\/www.sestogrado.it\/wp-content\/uploads\/2022\/09\/01-7.jpg","contentUrl":"https:\/\/www.sestogrado.it\/wp-content\/uploads\/2022\/09\/01-7.jpg","width":1600,"height":1599,"caption":"TSL 305 Roll"},{"@type":"BreadcrumbList","@id":"https:\/\/www.sestogrado.it\/it\/prodotto\/tsl-305-roll-ciaspole-racchette-da-neve\/#breadcrumb","itemListElement":[{"@type":"ListItem","position":1,"name":"Home","item":"https:\/\/www.sestogrado.it\/it\/"},{"@type":"ListItem","position":2,"name":"Shop","item":"https:\/\/www.sestogrado.it\/it\/shop\/"},{"@type":"ListItem","position":3,"name":"TSL 305 Roll ciaspole racchette da neve"}]},{"@type":"WebSite","@id":"https:\/\/www.sestogrado.it\/it\/#website","url":"https:\/\/www.sestogrado.it\/it\/","name":"Sestogrado","description":"yes we climb","publisher":{"@id":"https:\/\/www.sestogrado.it\/it\/#organization"},"potentialAction":[{"@type":"SearchAction","target":{"@type":"EntryPoint","urlTemplate":"https:\/\/www.sestogrado.it\/it\/?s={search_term_string}"},"query-input":{"@type":"PropertyValueSpecification","valueRequired":true,"valueName":"search_term_string"}}],"inLanguage":"it-IT"},{"@type":"Organization","@id":"https:\/\/www.sestogrado.it\/it\/#organization","name":"Sestogrado","url":"https:\/\/www.sestogrado.it\/it\/","logo":{"@type":"ImageObject","inLanguage":"it-IT","@id":"https:\/\/www.sestogrado.it\/it\/#\/schema\/logo\/image\/","url":"https:\/\/www.sestogrado.it\/wp-content\/uploads\/2015\/03\/sestogrado-favicon.png","contentUrl":"https:\/\/www.sestogrado.it\/wp-content\/uploads\/2015\/03\/sestogrado-favicon.png","width":260,"height":260,"caption":"Sestogrado"},"image":{"@id":"https:\/\/www.sestogrado.it\/it\/#\/schema\/logo\/image\/"},"sameAs":["https:\/\/www.facebook.com\/pages\/Sestogrado\/1542635979353017?ref=bookmarks","https:\/\/www.youtube.com\/channel\/UC847kAfTkaJsWpc1jtQwr3Q"],"hasMerchantReturnPolicy":{"@type":"MerchantReturnPolicy","merchantReturnLink":"https:\/\/www.sestogrado.it\/it\/termini-e-condizioni\/"}}]},"product_brand":"TSL","product_price_amount":"129.00","product_price_currency":"EUR","og_availability":"out of stock","product_availability":"out of stock","product_condition":"new"},"_links":{"self":[{"href":"https:\/\/www.sestogrado.it\/it\/wp-json\/wp\/v2\/product\/113608","targetHints":{"allow":["GET"]}}],"collection":[{"href":"https:\/\/www.sestogrado.it\/it\/wp-json\/wp\/v2\/product"}],"about":[{"href":"https:\/\/www.sestogrado.it\/it\/wp-json\/wp\/v2\/types\/product"}],"replies":[{"embeddable":true,"href":"https:\/\/www.sestogrado.it\/it\/wp-json\/wp\/v2\/comments?post=113608"}],"wp:featuredmedia":[{"embeddable":true,"href":"https:\/\/www.sestogrado.it\/it\/wp-json\/wp\/v2\/media\/113609"}],"wp:attachment":[{"href":"https:\/\/www.sestogrado.it\/it\/wp-json\/wp\/v2\/media?parent=113608"}],"wp:term":[{"taxonomy":"product_brand","embeddable":true,"href":"https:\/\/www.sestogrado.it\/it\/wp-json\/wp\/v2\/product_brand?post=113608"},{"taxonomy":"product_cat","embeddable":true,"href":"https:\/\/www.sestogrado.it\/it\/wp-json\/wp\/v2\/product_cat?post=113608"},{"taxonomy":"product_tag","embeddable":true,"href":"https:\/\/www.sestogrado.it\/it\/wp-json\/wp\/v2\/product_tag?post=113608"}],"curies":[{"name":"wp","href":"https:\/\/api.w.org\/{rel}","templated":true}]}}