{"id":113162,"date":"2022-09-22T08:38:31","date_gmt":"2022-09-22T06:38:31","guid":{"rendered":"https:\/\/www.sestogrado.it\/?post_type=product&#038;p=113162"},"modified":"2026-04-01T07:55:52","modified_gmt":"2026-04-01T05:55:52","slug":"herbertz-multitool-571300-coltello-multiuso-da-campeggio","status":"publish","type":"product","link":"https:\/\/www.sestogrado.it\/it\/prodotto\/herbertz-multitool-571300-coltello-multiuso-da-campeggio\/","title":{"rendered":"Herbertz Multitool 571300 coltello multiuso da campeggio"},"content":{"rendered":"<p>L&#8217;Herbertz Multitool 571300 \u00e8 un coltello multiuso da campeggio, completo, per ogni esigenza in bivacco o in mezzo alla natura. E&#8217; inclusa una custodia in nylon nero con passante per cintura.<\/p>\n<p><strong>ACCIAIO\u00a0<\/strong>AISI 420 st.st.<br \/>\n<strong>MANICO<\/strong>\u00a0stainless steel<br \/>\n<strong>LAMA<\/strong>\u00a0cm 5,5<br \/>\n<strong>CHIUSA<\/strong>\u00a0cm 10,5<br \/>\n<strong>APERTA<\/strong>\u00a0cm 15,5<br \/>\n<strong>PESO<\/strong>\u00a0gr 308<br \/>\n<strong>FODERO<\/strong>\u00a0Nylon<\/p>\n<p>8 funzioni interne<\/p>\n<p>&nbsp;<\/p>\n<p class=\"font-claude-response-body break-words whitespace-normal leading-[1.7]\"><strong>\u26a0 AVVISO \u2014 Vendita riservata ai maggiorenni<\/strong><\/p>\n<p class=\"font-claude-response-body break-words whitespace-normal leading-[1.7]\">Ai sensi della normativa vigente in materia di vendita di coltelli e oggetti da taglio, la vendita \u00e8 <strong>riservata esclusivamente ai maggiorenni<\/strong>.<\/p>\n<p class=\"font-claude-response-body break-words whitespace-normal leading-[1.7]\">Per procedere con la spedizione dell&#8217;ordine, sar\u00e0 necessario inviare copia di un documento di identit\u00e0 valido che attesti il raggiungimento della maggiore et\u00e0.<\/p>\n<p class=\"font-claude-response-body break-words whitespace-normal leading-[1.7]\">Le istruzioni per l&#8217;invio del documento ti saranno comunicate via email al completamento dell&#8217;acquisto. Gli ordini privi di documento valido non potranno essere evasi.<\/p>\n<p>&nbsp;<\/p>\n<p>I coltelli Herbertz sono realizzati dai produttori tedeschi Herbertz nella citt\u00e0 di Solinger e hanno oltre 100 anni di esperienza nella produzione di coltelli di qualit\u00e0. Il marchio Herbertz ha continuato ad essere tra i marchi di coltelli pi\u00f9 desiderati in tutta Europa, grazie ad acciai di alta qualit\u00e0 ed a impugnature ad elevata resistenza.<\/p>","protected":false},"excerpt":{"rendered":"<p>L&#8217;Herbertz Multitool 571300 \u00e8 un coltello multiuso da campeggio, completo, per ogni esigenza in bivacco o in mezzo alla natura. [&hellip;]<\/p>\n","protected":false},"featured_media":113178,"comment_status":"open","ping_status":"closed","template":"","meta":{"_acf_changed":false},"product_brand":[1374],"product_cat":[141],"product_tag":[],"class_list":{"0":"post-113162","1":"product","2":"type-product","3":"status-publish","4":"has-post-thumbnail","6":"product_brand-herbertz","7":"product_cat-accessori-accessori","9":"first","10":"instock","11":"sale","12":"taxable","13":"shipping-taxable","14":"purchasable","15":"product-type-simple"},"acf":[],"yoast_head":"<!-- This site is optimized with the Yoast SEO plugin v26.4 - https:\/\/yoast.com\/wordpress\/plugins\/seo\/ -->\n<title>Herbertz Multitool 571300 coltello multiuso da campeggio - Sestogrado<\/title>\n<meta name=\"description\" content=\"L&#039;Herbertz Multitool 571300 \u00e8 un coltello multiuso da campeggio, completo, per ogni esigenza in bivacco o in mezzo alla natura. E&#039; inclusa una custodia in nylon nero con passante per cintura.\" \/>\n<meta name=\"robots\" content=\"index, follow, max-snippet:-1, max-image-preview:large, max-video-preview:-1\" \/>\n<link rel=\"canonical\" href=\"https:\/\/www.sestogrado.it\/it\/prodotto\/herbertz-multitool-571300-coltello-multiuso-da-campeggio\/\" \/>\n<meta property=\"og:locale\" content=\"it_IT\" \/>\n<meta property=\"og:type\" content=\"article\" \/>\n<meta property=\"og:title\" content=\"Herbertz Multitool 571300 coltello multiuso da campeggio - Sestogrado\" \/>\n<meta property=\"og:description\" content=\"L&#039;Herbertz Multitool 571300 \u00e8 un coltello multiuso da campeggio, completo, per ogni esigenza in bivacco o in mezzo alla natura. E&#039; inclusa una custodia in nylon nero con passante per cintura.\" \/>\n<meta property=\"og:url\" content=\"https:\/\/www.sestogrado.it\/it\/prodotto\/herbertz-multitool-571300-coltello-multiuso-da-campeggio\/\" \/>\n<meta property=\"og:site_name\" content=\"Sestogrado\" \/>\n<meta property=\"article:publisher\" content=\"https:\/\/www.facebook.com\/pages\/Sestogrado\/1542635979353017?ref=bookmarks\" \/>\n<meta property=\"article:modified_time\" content=\"2026-04-01T05:55:52+00:00\" \/>\n<meta property=\"og:image\" content=\"https:\/\/www.sestogrado.it\/wp-content\/uploads\/2022\/09\/01-4.jpg\" \/>\n\t<meta property=\"og:image:width\" content=\"1000\" \/>\n\t<meta property=\"og:image:height\" content=\"1000\" \/>\n\t<meta property=\"og:image:type\" content=\"image\/jpeg\" \/>\n<meta name=\"twitter:label1\" content=\"Prezzo\" \/>\n\t<meta name=\"twitter:data1\" content=\"&euro;&nbsp;29,00\" \/>\n\t<meta name=\"twitter:label2\" content=\"Disponibilit\u00e0\" \/>\n\t<meta name=\"twitter:data2\" content=\"In stock\" \/>\n<script type=\"application\/ld+json\" class=\"yoast-schema-graph\">{\"@context\":\"https:\/\/schema.org\",\"@graph\":[{\"@type\":\"WebPage\",\"@id\":\"https:\/\/www.sestogrado.it\/it\/prodotto\/herbertz-multitool-571300-coltello-multiuso-da-campeggio\/\",\"url\":\"https:\/\/www.sestogrado.it\/it\/prodotto\/herbertz-multitool-571300-coltello-multiuso-da-campeggio\/\",\"name\":\"Herbertz Multitool 571300 coltello multiuso da campeggio - Sestogrado\",\"isPartOf\":{\"@id\":\"https:\/\/www.sestogrado.it\/it\/#website\"},\"primaryImageOfPage\":{\"@id\":\"https:\/\/www.sestogrado.it\/it\/prodotto\/herbertz-multitool-571300-coltello-multiuso-da-campeggio\/#primaryimage\"},\"image\":{\"@id\":\"https:\/\/www.sestogrado.it\/prodotto\/herbertz-multitool-571300-coltello-multiuso-da-campeggio\/#primaryimage\"},\"thumbnailUrl\":\"https:\/\/www.sestogrado.it\/wp-content\/uploads\/2022\/09\/01-4.jpg\",\"datePublished\":\"2022-09-22T06:38:31+00:00\",\"dateModified\":\"2026-04-01T05:55:52+00:00\",\"description\":\"L'Herbertz Multitool 571300 \u00e8 un coltello multiuso da campeggio, completo, per ogni esigenza in bivacco o in mezzo alla natura. E' inclusa una custodia in nylon nero con passante per cintura.\",\"breadcrumb\":{\"@id\":\"https:\/\/www.sestogrado.it\/it\/prodotto\/herbertz-multitool-571300-coltello-multiuso-da-campeggio\/#breadcrumb\"},\"inLanguage\":\"it-IT\",\"potentialAction\":[{\"@type\":\"ReadAction\",\"target\":[[\"https:\/\/www.sestogrado.it\/it\/prodotto\/herbertz-multitool-571300-coltello-multiuso-da-campeggio\/\"]]}]},{\"@type\":\"ImageObject\",\"inLanguage\":\"it-IT\",\"@id\":\"https:\/\/www.sestogrado.it\/it\/prodotto\/herbertz-multitool-571300-coltello-multiuso-da-campeggio\/#primaryimage\",\"url\":\"https:\/\/www.sestogrado.it\/wp-content\/uploads\/2022\/09\/01-4.jpg\",\"contentUrl\":\"https:\/\/www.sestogrado.it\/wp-content\/uploads\/2022\/09\/01-4.jpg\",\"width\":1000,\"height\":1000,\"caption\":\"herbertz multiuso\"},{\"@type\":\"BreadcrumbList\",\"@id\":\"https:\/\/www.sestogrado.it\/it\/prodotto\/herbertz-multitool-571300-coltello-multiuso-da-campeggio\/#breadcrumb\",\"itemListElement\":[{\"@type\":\"ListItem\",\"position\":1,\"name\":\"Home\",\"item\":\"https:\/\/www.sestogrado.it\/it\/\"},{\"@type\":\"ListItem\",\"position\":2,\"name\":\"Shop\",\"item\":\"https:\/\/www.sestogrado.it\/it\/shop\/\"},{\"@type\":\"ListItem\",\"position\":3,\"name\":\"Herbertz Multitool 571300 coltello multiuso da campeggio\"}]},{\"@type\":\"WebSite\",\"@id\":\"https:\/\/www.sestogrado.it\/it\/#website\",\"url\":\"https:\/\/www.sestogrado.it\/it\/\",\"name\":\"Sestogrado\",\"description\":\"yes we climb\",\"publisher\":{\"@id\":\"https:\/\/www.sestogrado.it\/it\/#organization\"},\"potentialAction\":[{\"@type\":\"SearchAction\",\"target\":{\"@type\":\"EntryPoint\",\"urlTemplate\":\"https:\/\/www.sestogrado.it\/it\/?s={search_term_string}\"},\"query-input\":{\"@type\":\"PropertyValueSpecification\",\"valueRequired\":true,\"valueName\":\"search_term_string\"}}],\"inLanguage\":\"it-IT\"},{\"@type\":\"Organization\",\"@id\":\"https:\/\/www.sestogrado.it\/it\/#organization\",\"name\":\"Sestogrado\",\"url\":\"https:\/\/www.sestogrado.it\/it\/\",\"logo\":{\"@type\":\"ImageObject\",\"inLanguage\":\"it-IT\",\"@id\":\"https:\/\/www.sestogrado.it\/it\/#\/schema\/logo\/image\/\",\"url\":\"https:\/\/www.sestogrado.it\/wp-content\/uploads\/2015\/03\/sestogrado-favicon.png\",\"contentUrl\":\"https:\/\/www.sestogrado.it\/wp-content\/uploads\/2015\/03\/sestogrado-favicon.png\",\"width\":260,\"height\":260,\"caption\":\"Sestogrado\"},\"image\":{\"@id\":\"https:\/\/www.sestogrado.it\/it\/#\/schema\/logo\/image\/\"},\"sameAs\":[\"https:\/\/www.facebook.com\/pages\/Sestogrado\/1542635979353017?ref=bookmarks\",\"https:\/\/www.youtube.com\/channel\/UC847kAfTkaJsWpc1jtQwr3Q\"],\"hasMerchantReturnPolicy\":{\"@type\":\"MerchantReturnPolicy\",\"merchantReturnLink\":\"https:\/\/www.sestogrado.it\/it\/termini-e-condizioni\/\"}}]}<\/script>\n<meta property=\"product:brand\" content=\"Herbertz\" \/>\n<meta property=\"product:price:amount\" content=\"29.00\" \/>\n<meta property=\"product:price:currency\" content=\"EUR\" \/>\n<meta property=\"og:availability\" content=\"instock\" \/>\n<meta property=\"product:availability\" content=\"instock\" \/>\n<meta property=\"product:condition\" content=\"new\" \/>\n<!-- \/ Yoast SEO plugin. -->","yoast_head_json":{"title":"Herbertz Multitool 571300 coltello multiuso da campeggio - Sestogrado","description":"L'Herbertz Multitool 571300 \u00e8 un coltello multiuso da campeggio, completo, per ogni esigenza in bivacco o in mezzo alla natura. E' inclusa una custodia in nylon nero con passante per cintura.","robots":{"index":"index","follow":"follow","max-snippet":"max-snippet:-1","max-image-preview":"max-image-preview:large","max-video-preview":"max-video-preview:-1"},"canonical":"https:\/\/www.sestogrado.it\/it\/prodotto\/herbertz-multitool-571300-coltello-multiuso-da-campeggio\/","og_locale":"it_IT","og_type":"article","og_title":"Herbertz Multitool 571300 coltello multiuso da campeggio - Sestogrado","og_description":"L'Herbertz Multitool 571300 \u00e8 un coltello multiuso da campeggio, completo, per ogni esigenza in bivacco o in mezzo alla natura. E' inclusa una custodia in nylon nero con passante per cintura.","og_url":"https:\/\/www.sestogrado.it\/it\/prodotto\/herbertz-multitool-571300-coltello-multiuso-da-campeggio\/","og_site_name":"Sestogrado","article_publisher":"https:\/\/www.facebook.com\/pages\/Sestogrado\/1542635979353017?ref=bookmarks","article_modified_time":"2026-04-01T05:55:52+00:00","og_image":[{"width":1000,"height":1000,"url":"https:\/\/www.sestogrado.it\/wp-content\/uploads\/2022\/09\/01-4.jpg","type":"image\/jpeg"}],"twitter_misc":{"Prezzo":"&euro;&nbsp;29,00","Disponibilit\u00e0":"In stock"},"schema":{"@context":"https:\/\/schema.org","@graph":[{"@type":"WebPage","@id":"https:\/\/www.sestogrado.it\/it\/prodotto\/herbertz-multitool-571300-coltello-multiuso-da-campeggio\/","url":"https:\/\/www.sestogrado.it\/it\/prodotto\/herbertz-multitool-571300-coltello-multiuso-da-campeggio\/","name":"Herbertz Multitool 571300 coltello multiuso da campeggio - Sestogrado","isPartOf":{"@id":"https:\/\/www.sestogrado.it\/it\/#website"},"primaryImageOfPage":{"@id":"https:\/\/www.sestogrado.it\/it\/prodotto\/herbertz-multitool-571300-coltello-multiuso-da-campeggio\/#primaryimage"},"image":{"@id":"https:\/\/www.sestogrado.it\/prodotto\/herbertz-multitool-571300-coltello-multiuso-da-campeggio\/#primaryimage"},"thumbnailUrl":"https:\/\/www.sestogrado.it\/wp-content\/uploads\/2022\/09\/01-4.jpg","datePublished":"2022-09-22T06:38:31+00:00","dateModified":"2026-04-01T05:55:52+00:00","description":"L'Herbertz Multitool 571300 \u00e8 un coltello multiuso da campeggio, completo, per ogni esigenza in bivacco o in mezzo alla natura. E' inclusa una custodia in nylon nero con passante per cintura.","breadcrumb":{"@id":"https:\/\/www.sestogrado.it\/it\/prodotto\/herbertz-multitool-571300-coltello-multiuso-da-campeggio\/#breadcrumb"},"inLanguage":"it-IT","potentialAction":[{"@type":"ReadAction","target":[["https:\/\/www.sestogrado.it\/it\/prodotto\/herbertz-multitool-571300-coltello-multiuso-da-campeggio\/"]]}]},{"@type":"ImageObject","inLanguage":"it-IT","@id":"https:\/\/www.sestogrado.it\/it\/prodotto\/herbertz-multitool-571300-coltello-multiuso-da-campeggio\/#primaryimage","url":"https:\/\/www.sestogrado.it\/wp-content\/uploads\/2022\/09\/01-4.jpg","contentUrl":"https:\/\/www.sestogrado.it\/wp-content\/uploads\/2022\/09\/01-4.jpg","width":1000,"height":1000,"caption":"herbertz multiuso"},{"@type":"BreadcrumbList","@id":"https:\/\/www.sestogrado.it\/it\/prodotto\/herbertz-multitool-571300-coltello-multiuso-da-campeggio\/#breadcrumb","itemListElement":[{"@type":"ListItem","position":1,"name":"Home","item":"https:\/\/www.sestogrado.it\/it\/"},{"@type":"ListItem","position":2,"name":"Shop","item":"https:\/\/www.sestogrado.it\/it\/shop\/"},{"@type":"ListItem","position":3,"name":"Herbertz Multitool 571300 coltello multiuso da campeggio"}]},{"@type":"WebSite","@id":"https:\/\/www.sestogrado.it\/it\/#website","url":"https:\/\/www.sestogrado.it\/it\/","name":"Sestogrado","description":"yes we climb","publisher":{"@id":"https:\/\/www.sestogrado.it\/it\/#organization"},"potentialAction":[{"@type":"SearchAction","target":{"@type":"EntryPoint","urlTemplate":"https:\/\/www.sestogrado.it\/it\/?s={search_term_string}"},"query-input":{"@type":"PropertyValueSpecification","valueRequired":true,"valueName":"search_term_string"}}],"inLanguage":"it-IT"},{"@type":"Organization","@id":"https:\/\/www.sestogrado.it\/it\/#organization","name":"Sestogrado","url":"https:\/\/www.sestogrado.it\/it\/","logo":{"@type":"ImageObject","inLanguage":"it-IT","@id":"https:\/\/www.sestogrado.it\/it\/#\/schema\/logo\/image\/","url":"https:\/\/www.sestogrado.it\/wp-content\/uploads\/2015\/03\/sestogrado-favicon.png","contentUrl":"https:\/\/www.sestogrado.it\/wp-content\/uploads\/2015\/03\/sestogrado-favicon.png","width":260,"height":260,"caption":"Sestogrado"},"image":{"@id":"https:\/\/www.sestogrado.it\/it\/#\/schema\/logo\/image\/"},"sameAs":["https:\/\/www.facebook.com\/pages\/Sestogrado\/1542635979353017?ref=bookmarks","https:\/\/www.youtube.com\/channel\/UC847kAfTkaJsWpc1jtQwr3Q"],"hasMerchantReturnPolicy":{"@type":"MerchantReturnPolicy","merchantReturnLink":"https:\/\/www.sestogrado.it\/it\/termini-e-condizioni\/"}}]},"product_brand":"Herbertz","product_price_amount":"29.00","product_price_currency":"EUR","og_availability":"instock","product_availability":"instock","product_condition":"new"},"_links":{"self":[{"href":"https:\/\/www.sestogrado.it\/it\/wp-json\/wp\/v2\/product\/113162","targetHints":{"allow":["GET"]}}],"collection":[{"href":"https:\/\/www.sestogrado.it\/it\/wp-json\/wp\/v2\/product"}],"about":[{"href":"https:\/\/www.sestogrado.it\/it\/wp-json\/wp\/v2\/types\/product"}],"replies":[{"embeddable":true,"href":"https:\/\/www.sestogrado.it\/it\/wp-json\/wp\/v2\/comments?post=113162"}],"wp:featuredmedia":[{"embeddable":true,"href":"https:\/\/www.sestogrado.it\/it\/wp-json\/wp\/v2\/media\/113178"}],"wp:attachment":[{"href":"https:\/\/www.sestogrado.it\/it\/wp-json\/wp\/v2\/media?parent=113162"}],"wp:term":[{"taxonomy":"product_brand","embeddable":true,"href":"https:\/\/www.sestogrado.it\/it\/wp-json\/wp\/v2\/product_brand?post=113162"},{"taxonomy":"product_cat","embeddable":true,"href":"https:\/\/www.sestogrado.it\/it\/wp-json\/wp\/v2\/product_cat?post=113162"},{"taxonomy":"product_tag","embeddable":true,"href":"https:\/\/www.sestogrado.it\/it\/wp-json\/wp\/v2\/product_tag?post=113162"}],"curies":[{"name":"wp","href":"https:\/\/api.w.org\/{rel}","templated":true}]}}