{"id":111042,"date":"2022-08-26T13:57:01","date_gmt":"2022-08-26T11:57:01","guid":{"rendered":"https:\/\/www.sestogrado.it\/?post_type=product&#038;p=111042"},"modified":"2026-04-29T17:19:09","modified_gmt":"2026-04-29T15:19:09","slug":"black-diamond-capitan-casco-da-arrampicata","status":"publish","type":"product","link":"https:\/\/www.sestogrado.it\/it\/prodotto\/black-diamond-capitan-casco-da-arrampicata\/","title":{"rendered":"Black Diamond Capitan casco da arrampicata"},"content":{"rendered":"<p>Il casco Capitan di Black Diamond ti garantisce massima protezione da caduta di rocce e ghiaccio. E&#8217; resistente e durevole e protegger\u00e0 la tua testa dagli impatti, grazie alla sua speciale costruzione. Ha una protezione esterna a doppio spessore ed un combinato di EPP ed EPS che sono molto resistenti ed ammortizzanti. Anche impatti laterali o nella parte posteriore, vengono ben assorbiti.<\/p>\n<p>Il Black Diamond Capitan \u00e8 un casco da arrampicata ultra resistente, caratterizzato da una copertura aggiuntiva su entrambi i lati e sul retro, pur mantenendo comfort ed eccezionale vestibilit\u00e0. Il Capitan, come il suo omonimo big wall dello Yosemite, \u00e8 il casco pi\u00f9 resistente di Black Diamond, con una calotta in ABS in 2 pezzi che consente una vestibilit\u00e0 ottimizzata e due colorazioni. Il Capitan vanta anche una fusione di schiuma EPP e un disco in schiuma EPS, che soddisfano i requisiti di protezione laterale e posteriore proposti dalla UIAA. Le prese d&#8217;aria del Capitan offrono un&#8217;ampia traspirabilit\u00e0 quando le temperature si alzano e un sistema di sospensione a basso profilo si adatta facilmente ad ogni vestibilit\u00e0. Le clip integrate consentono di agganciare la frontale con immediatezza ed in modo saldo.<\/p>\n<ul>\n<li>EPP + EPS + ABS in 2 pezzi, per massima resistenza e durabilit\u00e0<\/li>\n<li>Protezione dagli impatti laterali aumentata<\/li>\n<li>Sistema di sospensione a basso profilo, il casco calza alla perfezione<\/li>\n<li>Clip per frontali integrate<\/li>\n<li>Inserti in velcro rimovibili<\/li>\n<li>Peso:\u00a0295g S\/M &#8211; 325g M\/L<\/li>\n<li>Taglie: [S\/M] 53-59 cm &#8211; [M\/L] 58-63 cm<\/li>\n<\/ul>\n<p>&nbsp;<\/p>\n<p>Robusto e durevole, il Black Diamond\u00a0 Capitan \u00e8 un casco polivalente per ogni attivit\u00e0 alpinistica, dall&#8217;arrampicata, alle ferrate, alle vie lunghe.<\/p>\n<p>&nbsp;<\/p>\n<p><iframe src=\"\/\/www.youtube.com\/embed\/6c8D6mTQf6c?t=109s\" width=\"560\" height=\"314\" allowfullscreen=\"allowfullscreen\"><\/iframe><\/p>\n<p>Black Diamond dal 1957 rappresenta un punto di riferimento mondiale per l\u2019attrezzatura da arrampicata. Ci\u00f2 che all\u2019inizio era una attivit\u00e0 artigianale con incudine e martello oggi si \u00e8 trasformata in una societ\u00e0 globale con uffici in tre continenti. Il segreto di Black Diamond \u00e8 sempre lo stesso: essere una societ\u00e0 formata da appassionati climber. In Black Diamond si continua a sognare su ci\u00f2 che potrebbe essere e si continua ad essere critici su ci\u00f2 che esiste. E\u2019 cos\u00ec che il processo creativo per la realizzazione della migliore attrezzatura da arrampicata non avr\u00e0 mai fine.<\/p>\n","protected":false},"excerpt":{"rendered":"<p>Il casco Capitan di Black Diamond ti garantisce massima protezione da caduta di rocce e ghiaccio. E&#8217; resistente e durevole [&hellip;]<\/p>\n","protected":false},"featured_media":111044,"comment_status":"open","ping_status":"closed","template":"","meta":{"_acf_changed":false},"product_brand":[121],"product_cat":[143],"product_tag":[],"class_list":{"0":"post-111042","1":"product","2":"type-product","3":"status-publish","4":"has-post-thumbnail","6":"product_brand-black-diamond","7":"product_cat-caschi","9":"first","10":"instock","11":"sale","12":"taxable","13":"shipping-taxable","14":"purchasable","15":"product-type-variable"},"acf":[],"yoast_head":"<!-- This site is optimized with the Yoast SEO plugin v26.4 - https:\/\/yoast.com\/wordpress\/plugins\/seo\/ -->\n<title>Black Diamond Capitan casco da arrampicata - Sestogrado<\/title>\n<meta name=\"description\" content=\"Il Black Diamond Capitan \u00e8 un casco da arrampicata ultra resistente, caratterizzato da una copertura aggiuntiva su entrambi i lati e sul retro, pur mantenendo comfort ed eccezionale vestibilit\u00e0. Il Capitan, come il suo omonimo big wall dello Yosemite, \u00e8 il casco pi\u00f9 resistente di Black Diamond, con una calotta in ABS in 2 pezzi che consente una vestibilit\u00e0 ottimizzata e due colorazioni. Il Capitan vanta anche una fusione di schiuma EPP e un disco in schiuma EPS, che soddisfano i requisiti di protezione laterale e posteriore proposti dalla UIAA. Le prese d&#039;aria del Capitan offrono un&#039;ampia traspirabilit\u00e0 quando le temperature si alzano e un sistema di sospensione a basso profilo si adatta facilmente ad ogni vestibilit\u00e0. Le clip integrate consentono di agganciare la frontale con immediatezza ed in modo saldo.\" \/>\n<meta name=\"robots\" content=\"index, follow, max-snippet:-1, max-image-preview:large, max-video-preview:-1\" \/>\n<link rel=\"canonical\" href=\"https:\/\/www.sestogrado.it\/it\/prodotto\/black-diamond-capitan-casco-da-arrampicata\/\" \/>\n<meta property=\"og:locale\" content=\"it_IT\" \/>\n<meta property=\"og:type\" content=\"article\" \/>\n<meta property=\"og:title\" content=\"Black Diamond Capitan casco da arrampicata - Sestogrado\" \/>\n<meta property=\"og:description\" content=\"Il Black Diamond Capitan \u00e8 un casco da arrampicata ultra resistente, caratterizzato da una copertura aggiuntiva su entrambi i lati e sul retro, pur mantenendo comfort ed eccezionale vestibilit\u00e0. Il Capitan, come il suo omonimo big wall dello Yosemite, \u00e8 il casco pi\u00f9 resistente di Black Diamond, con una calotta in ABS in 2 pezzi che consente una vestibilit\u00e0 ottimizzata e due colorazioni. Il Capitan vanta anche una fusione di schiuma EPP e un disco in schiuma EPS, che soddisfano i requisiti di protezione laterale e posteriore proposti dalla UIAA. Le prese d&#039;aria del Capitan offrono un&#039;ampia traspirabilit\u00e0 quando le temperature si alzano e un sistema di sospensione a basso profilo si adatta facilmente ad ogni vestibilit\u00e0. Le clip integrate consentono di agganciare la frontale con immediatezza ed in modo saldo.\" \/>\n<meta property=\"og:url\" content=\"https:\/\/www.sestogrado.it\/it\/prodotto\/black-diamond-capitan-casco-da-arrampicata\/\" \/>\n<meta property=\"og:site_name\" content=\"Sestogrado\" \/>\n<meta property=\"article:publisher\" content=\"https:\/\/www.facebook.com\/pages\/Sestogrado\/1542635979353017?ref=bookmarks\" \/>\n<meta property=\"article:modified_time\" content=\"2026-04-29T15:19:09+00:00\" \/>\n<meta property=\"og:image\" content=\"https:\/\/www.sestogrado.it\/wp-content\/uploads\/2022\/08\/01-mulberry.png\" \/>\n\t<meta property=\"og:image:width\" content=\"1000\" \/>\n\t<meta property=\"og:image:height\" content=\"1000\" \/>\n\t<meta property=\"og:image:type\" content=\"image\/png\" \/>\n<meta name=\"twitter:label1\" content=\"Disponibilit\u00e0\" \/>\n\t<meta name=\"twitter:data1\" content=\"In stock\" \/>\n<script type=\"application\/ld+json\" class=\"yoast-schema-graph\">{\"@context\":\"https:\/\/schema.org\",\"@graph\":[{\"@type\":\"WebPage\",\"@id\":\"https:\/\/www.sestogrado.it\/it\/prodotto\/black-diamond-capitan-casco-da-arrampicata\/\",\"url\":\"https:\/\/www.sestogrado.it\/it\/prodotto\/black-diamond-capitan-casco-da-arrampicata\/\",\"name\":\"Black Diamond Capitan casco da arrampicata - Sestogrado\",\"isPartOf\":{\"@id\":\"https:\/\/www.sestogrado.it\/it\/#website\"},\"primaryImageOfPage\":{\"@id\":\"https:\/\/www.sestogrado.it\/it\/prodotto\/black-diamond-capitan-casco-da-arrampicata\/#primaryimage\"},\"image\":{\"@id\":\"https:\/\/www.sestogrado.it\/prodotto\/black-diamond-capitan-casco-da-arrampicata\/#primaryimage\"},\"thumbnailUrl\":\"https:\/\/www.sestogrado.it\/wp-content\/uploads\/2022\/08\/01-mulberry.png\",\"datePublished\":\"2022-08-26T11:57:01+00:00\",\"dateModified\":\"2026-04-29T15:19:09+00:00\",\"description\":\"Il Black Diamond Capitan \u00e8 un casco da arrampicata ultra resistente, caratterizzato da una copertura aggiuntiva su entrambi i lati e sul retro, pur mantenendo comfort ed eccezionale vestibilit\u00e0. Il Capitan, come il suo omonimo big wall dello Yosemite, \u00e8 il casco pi\u00f9 resistente di Black Diamond, con una calotta in ABS in 2 pezzi che consente una vestibilit\u00e0 ottimizzata e due colorazioni. Il Capitan vanta anche una fusione di schiuma EPP e un disco in schiuma EPS, che soddisfano i requisiti di protezione laterale e posteriore proposti dalla UIAA. Le prese d'aria del Capitan offrono un'ampia traspirabilit\u00e0 quando le temperature si alzano e un sistema di sospensione a basso profilo si adatta facilmente ad ogni vestibilit\u00e0. Le clip integrate consentono di agganciare la frontale con immediatezza ed in modo saldo.\",\"breadcrumb\":{\"@id\":\"https:\/\/www.sestogrado.it\/it\/prodotto\/black-diamond-capitan-casco-da-arrampicata\/#breadcrumb\"},\"inLanguage\":\"it-IT\",\"potentialAction\":[{\"@type\":\"ReadAction\",\"target\":[[\"https:\/\/www.sestogrado.it\/it\/prodotto\/black-diamond-capitan-casco-da-arrampicata\/\"]]}]},{\"@type\":\"ImageObject\",\"inLanguage\":\"it-IT\",\"@id\":\"https:\/\/www.sestogrado.it\/it\/prodotto\/black-diamond-capitan-casco-da-arrampicata\/#primaryimage\",\"url\":\"https:\/\/www.sestogrado.it\/wp-content\/uploads\/2022\/08\/01-mulberry.png\",\"contentUrl\":\"https:\/\/www.sestogrado.it\/wp-content\/uploads\/2022\/08\/01-mulberry.png\",\"width\":1000,\"height\":1000,\"caption\":\"capitan mulberry\"},{\"@type\":\"BreadcrumbList\",\"@id\":\"https:\/\/www.sestogrado.it\/it\/prodotto\/black-diamond-capitan-casco-da-arrampicata\/#breadcrumb\",\"itemListElement\":[{\"@type\":\"ListItem\",\"position\":1,\"name\":\"Home\",\"item\":\"https:\/\/www.sestogrado.it\/it\/\"},{\"@type\":\"ListItem\",\"position\":2,\"name\":\"Shop\",\"item\":\"https:\/\/www.sestogrado.it\/it\/shop\/\"},{\"@type\":\"ListItem\",\"position\":3,\"name\":\"Black Diamond Capitan casco da arrampicata\"}]},{\"@type\":\"WebSite\",\"@id\":\"https:\/\/www.sestogrado.it\/it\/#website\",\"url\":\"https:\/\/www.sestogrado.it\/it\/\",\"name\":\"Sestogrado\",\"description\":\"yes we climb\",\"publisher\":{\"@id\":\"https:\/\/www.sestogrado.it\/it\/#organization\"},\"potentialAction\":[{\"@type\":\"SearchAction\",\"target\":{\"@type\":\"EntryPoint\",\"urlTemplate\":\"https:\/\/www.sestogrado.it\/it\/?s={search_term_string}\"},\"query-input\":{\"@type\":\"PropertyValueSpecification\",\"valueRequired\":true,\"valueName\":\"search_term_string\"}}],\"inLanguage\":\"it-IT\"},{\"@type\":\"Organization\",\"@id\":\"https:\/\/www.sestogrado.it\/it\/#organization\",\"name\":\"Sestogrado\",\"url\":\"https:\/\/www.sestogrado.it\/it\/\",\"logo\":{\"@type\":\"ImageObject\",\"inLanguage\":\"it-IT\",\"@id\":\"https:\/\/www.sestogrado.it\/it\/#\/schema\/logo\/image\/\",\"url\":\"https:\/\/www.sestogrado.it\/wp-content\/uploads\/2015\/03\/sestogrado-favicon.png\",\"contentUrl\":\"https:\/\/www.sestogrado.it\/wp-content\/uploads\/2015\/03\/sestogrado-favicon.png\",\"width\":260,\"height\":260,\"caption\":\"Sestogrado\"},\"image\":{\"@id\":\"https:\/\/www.sestogrado.it\/it\/#\/schema\/logo\/image\/\"},\"sameAs\":[\"https:\/\/www.facebook.com\/pages\/Sestogrado\/1542635979353017?ref=bookmarks\",\"https:\/\/www.youtube.com\/channel\/UC847kAfTkaJsWpc1jtQwr3Q\"],\"hasMerchantReturnPolicy\":{\"@type\":\"MerchantReturnPolicy\",\"merchantReturnLink\":\"https:\/\/www.sestogrado.it\/it\/termini-e-condizioni\/\"}}]}<\/script>\n<meta property=\"product:brand\" content=\"Black Diamond\" \/>\n<meta property=\"og:availability\" content=\"instock\" \/>\n<meta property=\"product:availability\" content=\"instock\" \/>\n<meta property=\"product:condition\" content=\"new\" \/>\n<!-- \/ Yoast SEO plugin. -->","yoast_head_json":{"title":"Black Diamond Capitan casco da arrampicata - Sestogrado","description":"Il Black Diamond Capitan \u00e8 un casco da arrampicata ultra resistente, caratterizzato da una copertura aggiuntiva su entrambi i lati e sul retro, pur mantenendo comfort ed eccezionale vestibilit\u00e0. Il Capitan, come il suo omonimo big wall dello Yosemite, \u00e8 il casco pi\u00f9 resistente di Black Diamond, con una calotta in ABS in 2 pezzi che consente una vestibilit\u00e0 ottimizzata e due colorazioni. Il Capitan vanta anche una fusione di schiuma EPP e un disco in schiuma EPS, che soddisfano i requisiti di protezione laterale e posteriore proposti dalla UIAA. Le prese d'aria del Capitan offrono un'ampia traspirabilit\u00e0 quando le temperature si alzano e un sistema di sospensione a basso profilo si adatta facilmente ad ogni vestibilit\u00e0. Le clip integrate consentono di agganciare la frontale con immediatezza ed in modo saldo.","robots":{"index":"index","follow":"follow","max-snippet":"max-snippet:-1","max-image-preview":"max-image-preview:large","max-video-preview":"max-video-preview:-1"},"canonical":"https:\/\/www.sestogrado.it\/it\/prodotto\/black-diamond-capitan-casco-da-arrampicata\/","og_locale":"it_IT","og_type":"article","og_title":"Black Diamond Capitan casco da arrampicata - Sestogrado","og_description":"Il Black Diamond Capitan \u00e8 un casco da arrampicata ultra resistente, caratterizzato da una copertura aggiuntiva su entrambi i lati e sul retro, pur mantenendo comfort ed eccezionale vestibilit\u00e0. Il Capitan, come il suo omonimo big wall dello Yosemite, \u00e8 il casco pi\u00f9 resistente di Black Diamond, con una calotta in ABS in 2 pezzi che consente una vestibilit\u00e0 ottimizzata e due colorazioni. Il Capitan vanta anche una fusione di schiuma EPP e un disco in schiuma EPS, che soddisfano i requisiti di protezione laterale e posteriore proposti dalla UIAA. Le prese d'aria del Capitan offrono un'ampia traspirabilit\u00e0 quando le temperature si alzano e un sistema di sospensione a basso profilo si adatta facilmente ad ogni vestibilit\u00e0. Le clip integrate consentono di agganciare la frontale con immediatezza ed in modo saldo.","og_url":"https:\/\/www.sestogrado.it\/it\/prodotto\/black-diamond-capitan-casco-da-arrampicata\/","og_site_name":"Sestogrado","article_publisher":"https:\/\/www.facebook.com\/pages\/Sestogrado\/1542635979353017?ref=bookmarks","article_modified_time":"2026-04-29T15:19:09+00:00","og_image":[{"width":1000,"height":1000,"url":"https:\/\/www.sestogrado.it\/wp-content\/uploads\/2022\/08\/01-mulberry.png","type":"image\/png"}],"twitter_misc":{"Disponibilit\u00e0":"In stock"},"schema":{"@context":"https:\/\/schema.org","@graph":[{"@type":"WebPage","@id":"https:\/\/www.sestogrado.it\/it\/prodotto\/black-diamond-capitan-casco-da-arrampicata\/","url":"https:\/\/www.sestogrado.it\/it\/prodotto\/black-diamond-capitan-casco-da-arrampicata\/","name":"Black Diamond Capitan casco da arrampicata - Sestogrado","isPartOf":{"@id":"https:\/\/www.sestogrado.it\/it\/#website"},"primaryImageOfPage":{"@id":"https:\/\/www.sestogrado.it\/it\/prodotto\/black-diamond-capitan-casco-da-arrampicata\/#primaryimage"},"image":{"@id":"https:\/\/www.sestogrado.it\/prodotto\/black-diamond-capitan-casco-da-arrampicata\/#primaryimage"},"thumbnailUrl":"https:\/\/www.sestogrado.it\/wp-content\/uploads\/2022\/08\/01-mulberry.png","datePublished":"2022-08-26T11:57:01+00:00","dateModified":"2026-04-29T15:19:09+00:00","description":"Il Black Diamond Capitan \u00e8 un casco da arrampicata ultra resistente, caratterizzato da una copertura aggiuntiva su entrambi i lati e sul retro, pur mantenendo comfort ed eccezionale vestibilit\u00e0. Il Capitan, come il suo omonimo big wall dello Yosemite, \u00e8 il casco pi\u00f9 resistente di Black Diamond, con una calotta in ABS in 2 pezzi che consente una vestibilit\u00e0 ottimizzata e due colorazioni. Il Capitan vanta anche una fusione di schiuma EPP e un disco in schiuma EPS, che soddisfano i requisiti di protezione laterale e posteriore proposti dalla UIAA. Le prese d'aria del Capitan offrono un'ampia traspirabilit\u00e0 quando le temperature si alzano e un sistema di sospensione a basso profilo si adatta facilmente ad ogni vestibilit\u00e0. Le clip integrate consentono di agganciare la frontale con immediatezza ed in modo saldo.","breadcrumb":{"@id":"https:\/\/www.sestogrado.it\/it\/prodotto\/black-diamond-capitan-casco-da-arrampicata\/#breadcrumb"},"inLanguage":"it-IT","potentialAction":[{"@type":"ReadAction","target":[["https:\/\/www.sestogrado.it\/it\/prodotto\/black-diamond-capitan-casco-da-arrampicata\/"]]}]},{"@type":"ImageObject","inLanguage":"it-IT","@id":"https:\/\/www.sestogrado.it\/it\/prodotto\/black-diamond-capitan-casco-da-arrampicata\/#primaryimage","url":"https:\/\/www.sestogrado.it\/wp-content\/uploads\/2022\/08\/01-mulberry.png","contentUrl":"https:\/\/www.sestogrado.it\/wp-content\/uploads\/2022\/08\/01-mulberry.png","width":1000,"height":1000,"caption":"capitan mulberry"},{"@type":"BreadcrumbList","@id":"https:\/\/www.sestogrado.it\/it\/prodotto\/black-diamond-capitan-casco-da-arrampicata\/#breadcrumb","itemListElement":[{"@type":"ListItem","position":1,"name":"Home","item":"https:\/\/www.sestogrado.it\/it\/"},{"@type":"ListItem","position":2,"name":"Shop","item":"https:\/\/www.sestogrado.it\/it\/shop\/"},{"@type":"ListItem","position":3,"name":"Black Diamond Capitan casco da arrampicata"}]},{"@type":"WebSite","@id":"https:\/\/www.sestogrado.it\/it\/#website","url":"https:\/\/www.sestogrado.it\/it\/","name":"Sestogrado","description":"yes we climb","publisher":{"@id":"https:\/\/www.sestogrado.it\/it\/#organization"},"potentialAction":[{"@type":"SearchAction","target":{"@type":"EntryPoint","urlTemplate":"https:\/\/www.sestogrado.it\/it\/?s={search_term_string}"},"query-input":{"@type":"PropertyValueSpecification","valueRequired":true,"valueName":"search_term_string"}}],"inLanguage":"it-IT"},{"@type":"Organization","@id":"https:\/\/www.sestogrado.it\/it\/#organization","name":"Sestogrado","url":"https:\/\/www.sestogrado.it\/it\/","logo":{"@type":"ImageObject","inLanguage":"it-IT","@id":"https:\/\/www.sestogrado.it\/it\/#\/schema\/logo\/image\/","url":"https:\/\/www.sestogrado.it\/wp-content\/uploads\/2015\/03\/sestogrado-favicon.png","contentUrl":"https:\/\/www.sestogrado.it\/wp-content\/uploads\/2015\/03\/sestogrado-favicon.png","width":260,"height":260,"caption":"Sestogrado"},"image":{"@id":"https:\/\/www.sestogrado.it\/it\/#\/schema\/logo\/image\/"},"sameAs":["https:\/\/www.facebook.com\/pages\/Sestogrado\/1542635979353017?ref=bookmarks","https:\/\/www.youtube.com\/channel\/UC847kAfTkaJsWpc1jtQwr3Q"],"hasMerchantReturnPolicy":{"@type":"MerchantReturnPolicy","merchantReturnLink":"https:\/\/www.sestogrado.it\/it\/termini-e-condizioni\/"}}]},"product_brand":"Black Diamond","og_availability":"instock","product_availability":"instock","product_condition":"new"},"_links":{"self":[{"href":"https:\/\/www.sestogrado.it\/it\/wp-json\/wp\/v2\/product\/111042","targetHints":{"allow":["GET"]}}],"collection":[{"href":"https:\/\/www.sestogrado.it\/it\/wp-json\/wp\/v2\/product"}],"about":[{"href":"https:\/\/www.sestogrado.it\/it\/wp-json\/wp\/v2\/types\/product"}],"replies":[{"embeddable":true,"href":"https:\/\/www.sestogrado.it\/it\/wp-json\/wp\/v2\/comments?post=111042"}],"wp:featuredmedia":[{"embeddable":true,"href":"https:\/\/www.sestogrado.it\/it\/wp-json\/wp\/v2\/media\/111044"}],"wp:attachment":[{"href":"https:\/\/www.sestogrado.it\/it\/wp-json\/wp\/v2\/media?parent=111042"}],"wp:term":[{"taxonomy":"product_brand","embeddable":true,"href":"https:\/\/www.sestogrado.it\/it\/wp-json\/wp\/v2\/product_brand?post=111042"},{"taxonomy":"product_cat","embeddable":true,"href":"https:\/\/www.sestogrado.it\/it\/wp-json\/wp\/v2\/product_cat?post=111042"},{"taxonomy":"product_tag","embeddable":true,"href":"https:\/\/www.sestogrado.it\/it\/wp-json\/wp\/v2\/product_tag?post=111042"}],"curies":[{"name":"wp","href":"https:\/\/api.w.org\/{rel}","templated":true}]}}