{"id":10648,"date":"2023-03-28T14:46:05","date_gmt":"2023-03-28T12:46:05","guid":{"rendered":"http:\/\/www.sestogrado.it\/prodotto\/petzl-grigri-plus\/"},"modified":"2026-04-11T12:39:56","modified_gmt":"2026-04-11T10:39:56","slug":"petzl-grigri-plus-assicuratore-a-bloccaggio-assistito","status":"publish","type":"product","link":"https:\/\/www.sestogrado.it\/it\/prodotto\/petzl-grigri-plus-assicuratore-a-bloccaggio-assistito\/","title":{"rendered":"PETZL GRIGRI + Plus Assicuratore a bloccaggio assistito"},"content":{"rendered":"<p>Il PETZL GRIGRI + PLUS \u00e8 la versione evoluta del diffusissimo Grigri. Il Grigri + Plus \u00e8 un dispositivo di assicurazione con sistema frenante assistito, destinato a tutti gli arrampicatori e ad un utilizzo intensivo, che possiede le stesse caratteristiche di funzionamento del Grigri, pi\u00f9 alcune implementazioni.<\/p>\n<p>Il Grigri + Plus pu\u00f2 essere utilizzato con tutte le corde singole in commercio con diametro <strong>tra 8,5 a 11mm<\/strong> ed ha un range di corde con cui \u00e8 ottimizzato piuttosto ampio. E&#8217; ottimizzato con <strong>spessori 8,9 &#8211; 10,5mm <\/strong>con cui lavora particolarmente bene, fornendo una sicura omogenea.<\/p>\n<p>Le principali innovazioni introdotte sono:<\/p>\n<ul>\n<li>maniglia antipanico: se l&#8217;assicuratore tira troppo forte la maniglia, la funzione antipanico si aziona ed arresta la discesa<\/li>\n<li>selettore per scegliere modalit\u00e0 &#8220;corda dall&#8217;alto&#8221; o &#8220;primo&#8221;, rende l&#8217;azione di bloccaggio pi\u00f9 aggressiva nel primo caso e pi\u00f9 scorrevole nel secondo<\/li>\n<li>controllo molto progressivo dello scorrimento della corda, che garantisce un comfort eccezionale nella discesa<\/li>\n<li>placca di rinforzo in acciaio inossidabile inserita in corrispondenza del punto di maggior sfregamento della corda per conferire resistenza extra anche con utilizzo intensivo<\/li>\n<\/ul>\n<p>Il Grigri + Plus nelle dimensioni e modalit\u00e0 di utilizzo \u00e8 pressoch\u00e9 identico al Grigri, l&#8217;assicurazione si fa sempre nelle stesso modo, tenendo sempre il capo libero con una mano per bloccare la corda in caso di caduta, ma le migliorie introdotte lo rendono particolarmente indicato ad un utilizzo intensivo, vista la maggiore resistenza (ed il maggior peso, 200g invece di 170g) e ad essere utilizzato anche da mani non esperte, vista la garanzia data dall&#8217;antipanico nel controllare lo scorrimento della corda in calata.<\/p>\n<p>Ulteriore comfort viene dato dai selettori che consentono di fare sicura in <strong>2\u00a0modalit\u00e0<\/strong> differenti:<\/p>\n<ul>\n<li><strong>toprope<\/strong>: in questo modo il Grigri + Plus \u00e8 particolarmente bloccante, per stare tranquilli se vi fate fare sicura con corda dall&#8217;alto anche da chi \u00e8 alle prime armi. In questa modalit\u00e0 \u00e8 leggermente pi\u00f9 bloccante del Grigri<\/li>\n<li><strong>primo di cordata<\/strong>: in questa modalit\u00e0 il Grigri + Plus da corda in maniera pi\u00f9 scorrevole e fluida, agevolando l&#8217;azione di chi deve dare corda e di chi, arrampicando da primo, la vuole ricevere con prontezza. In questa modalit\u00e0 il Grigri + Plus \u00e8 leggermente pi\u00f9 scorrevole del Grigri.<\/li>\n<\/ul>\n<p><img decoding=\"async\" class=\"size-full wp-image-10834 aligncenter\" src=\"https:\/\/www.sestogrado.it\/wp-content\/uploads\/2017\/03\/news-grigri-plus-2a.jpg\" alt=\"grigri plus\" width=\"1280\" height=\"539\" srcset=\"https:\/\/www.sestogrado.it\/wp-content\/uploads\/2017\/03\/news-grigri-plus-2a.jpg 1280w, https:\/\/www.sestogrado.it\/wp-content\/uploads\/2017\/03\/news-grigri-plus-2a-750x316.jpg 750w, https:\/\/www.sestogrado.it\/wp-content\/uploads\/2017\/03\/news-grigri-plus-2a-300x126.jpg 300w, https:\/\/www.sestogrado.it\/wp-content\/uploads\/2017\/03\/news-grigri-plus-2a-768x323.jpg 768w, https:\/\/www.sestogrado.it\/wp-content\/uploads\/2017\/03\/news-grigri-plus-2a-1024x431.jpg 1024w, https:\/\/www.sestogrado.it\/wp-content\/uploads\/2017\/03\/news-grigri-plus-2a-635x267.jpg 635w, https:\/\/www.sestogrado.it\/wp-content\/uploads\/2017\/03\/news-grigri-plus-2a-1200x505.jpg 1200w, https:\/\/www.sestogrado.it\/wp-content\/uploads\/2017\/03\/news-grigri-plus-2a-152x64.jpg 152w\" sizes=\"(max-width: 1280px) 100vw, 1280px\" \/><\/p>\n<p>Abbiamo provato il Grigri + Plus in diverse situazioni e ci \u00e8 sembrato un assicuratore solido e ben fatto, che unisce le caratteristiche che hanno reso tanto apprezzato il Grigri 2 ad innovazioni particolarmente riuscite, come il <strong>sistema antipanico<\/strong>, in grado di ampliarne il range di utilizzo e di migliorare ulteriormente la sicurezza.<\/p>\n<p><img decoding=\"async\" class=\"size-full wp-image-10835 aligncenter\" src=\"https:\/\/www.sestogrado.it\/wp-content\/uploads\/2017\/03\/news-grigri-plus-3.jpg\" alt=\"grigri plus\" width=\"1280\" height=\"600\" srcset=\"https:\/\/www.sestogrado.it\/wp-content\/uploads\/2017\/03\/news-grigri-plus-3.jpg 1280w, https:\/\/www.sestogrado.it\/wp-content\/uploads\/2017\/03\/news-grigri-plus-3-750x352.jpg 750w, https:\/\/www.sestogrado.it\/wp-content\/uploads\/2017\/03\/news-grigri-plus-3-300x141.jpg 300w, https:\/\/www.sestogrado.it\/wp-content\/uploads\/2017\/03\/news-grigri-plus-3-768x360.jpg 768w, https:\/\/www.sestogrado.it\/wp-content\/uploads\/2017\/03\/news-grigri-plus-3-1024x480.jpg 1024w, https:\/\/www.sestogrado.it\/wp-content\/uploads\/2017\/03\/news-grigri-plus-3-635x298.jpg 635w, https:\/\/www.sestogrado.it\/wp-content\/uploads\/2017\/03\/news-grigri-plus-3-1200x563.jpg 1200w, https:\/\/www.sestogrado.it\/wp-content\/uploads\/2017\/03\/news-grigri-plus-3-137x64.jpg 137w\" sizes=\"(max-width: 1280px) 100vw, 1280px\" \/><\/p>\n","protected":false},"excerpt":{"rendered":"<p>Il PETZL GRIGRI + PLUS \u00e8 la versione evoluta del diffusissimo Grigri. Il Grigri + Plus \u00e8 un dispositivo di [&hellip;]<\/p>\n","protected":false},"featured_media":45965,"comment_status":"open","ping_status":"closed","template":"","meta":{"_acf_changed":false},"product_brand":[50],"product_cat":[17,134],"product_tag":[408],"class_list":{"0":"post-10648","1":"product","2":"type-product","3":"status-publish","4":"has-post-thumbnail","6":"product_brand-petzl","7":"product_cat-ferramenta","8":"product_cat-assicuratori","9":"product_tag-assicuratore","11":"first","12":"instock","13":"sale","14":"taxable","15":"shipping-taxable","16":"purchasable","17":"product-type-variable"},"acf":[],"yoast_head":"<!-- This site is optimized with the Yoast SEO plugin v26.4 - https:\/\/yoast.com\/wordpress\/plugins\/seo\/ -->\n<title>PETZL GRIGRI + Plus Assicuratore a bloccaggio assistito - Sestogrado<\/title>\n<meta name=\"description\" content=\"Il Petzl Grigri + Plus \u00e8 l&#039;evoluzione dell&#039;assicuratore da arrampicata, dotato di sistema antipanico e selettore della modalit\u00e0 di frenaggio. Il Grigri + Plus pu\u00f2 essere utilizzato con tutte le corde singole in commercio con diametro tra 8,5 a 11mm ed ha un range di corde con cui \u00e8 ottimizzato piuttosto ampio.\" \/>\n<meta name=\"robots\" content=\"index, follow, max-snippet:-1, max-image-preview:large, max-video-preview:-1\" \/>\n<link rel=\"canonical\" href=\"https:\/\/www.sestogrado.it\/it\/prodotto\/petzl-grigri-plus-assicuratore-a-bloccaggio-assistito\/\" \/>\n<meta property=\"og:locale\" content=\"it_IT\" \/>\n<meta property=\"og:type\" content=\"article\" \/>\n<meta property=\"og:title\" content=\"PETZL GRIGRI + Plus Assicuratore a bloccaggio assistito - Sestogrado\" \/>\n<meta property=\"og:description\" content=\"Il Petzl Grigri + Plus \u00e8 l&#039;evoluzione dell&#039;assicuratore da arrampicata, dotato di sistema antipanico e selettore della modalit\u00e0 di frenaggio. Il Grigri + Plus pu\u00f2 essere utilizzato con tutte le corde singole in commercio con diametro tra 8,5 a 11mm ed ha un range di corde con cui \u00e8 ottimizzato piuttosto ampio.\" \/>\n<meta property=\"og:url\" content=\"https:\/\/www.sestogrado.it\/it\/prodotto\/petzl-grigri-plus-assicuratore-a-bloccaggio-assistito\/\" \/>\n<meta property=\"og:site_name\" content=\"Sestogrado\" \/>\n<meta property=\"article:publisher\" content=\"https:\/\/www.facebook.com\/pages\/Sestogrado\/1542635979353017?ref=bookmarks\" \/>\n<meta property=\"article:modified_time\" content=\"2026-04-11T10:39:56+00:00\" \/>\n<meta property=\"og:image\" content=\"https:\/\/www.sestogrado.it\/wp-content\/uploads\/2017\/03\/01-arancio.jpg\" \/>\n\t<meta property=\"og:image:width\" content=\"1200\" \/>\n\t<meta property=\"og:image:height\" content=\"1200\" \/>\n\t<meta property=\"og:image:type\" content=\"image\/jpeg\" \/>\n<meta name=\"twitter:label1\" content=\"Disponibilit\u00e0\" \/>\n\t<meta name=\"twitter:data1\" content=\"In stock\" \/>\n<script type=\"application\/ld+json\" class=\"yoast-schema-graph\">{\"@context\":\"https:\/\/schema.org\",\"@graph\":[{\"@type\":\"WebPage\",\"@id\":\"https:\/\/www.sestogrado.it\/it\/prodotto\/petzl-grigri-plus-assicuratore-a-bloccaggio-assistito\/\",\"url\":\"https:\/\/www.sestogrado.it\/it\/prodotto\/petzl-grigri-plus-assicuratore-a-bloccaggio-assistito\/\",\"name\":\"PETZL GRIGRI + Plus Assicuratore a bloccaggio assistito - Sestogrado\",\"isPartOf\":{\"@id\":\"https:\/\/www.sestogrado.it\/it\/#website\"},\"primaryImageOfPage\":{\"@id\":\"https:\/\/www.sestogrado.it\/it\/prodotto\/petzl-grigri-plus-assicuratore-a-bloccaggio-assistito\/#primaryimage\"},\"image\":{\"@id\":\"https:\/\/www.sestogrado.it\/prodotto\/petzl-grigri-plus-assicuratore-a-bloccaggio-assistito\/#primaryimage\"},\"thumbnailUrl\":\"https:\/\/www.sestogrado.it\/wp-content\/uploads\/2017\/03\/01-arancio.jpg\",\"datePublished\":\"2023-03-28T12:46:05+00:00\",\"dateModified\":\"2026-04-11T10:39:56+00:00\",\"description\":\"Il Petzl Grigri + Plus \u00e8 l'evoluzione dell'assicuratore da arrampicata, dotato di sistema antipanico e selettore della modalit\u00e0 di frenaggio. Il Grigri + Plus pu\u00f2 essere utilizzato con tutte le corde singole in commercio con diametro tra 8,5 a 11mm ed ha un range di corde con cui \u00e8 ottimizzato piuttosto ampio.\",\"breadcrumb\":{\"@id\":\"https:\/\/www.sestogrado.it\/it\/prodotto\/petzl-grigri-plus-assicuratore-a-bloccaggio-assistito\/#breadcrumb\"},\"inLanguage\":\"it-IT\",\"potentialAction\":[{\"@type\":\"ReadAction\",\"target\":[[\"https:\/\/www.sestogrado.it\/it\/prodotto\/petzl-grigri-plus-assicuratore-a-bloccaggio-assistito\/\"]]}]},{\"@type\":\"ImageObject\",\"inLanguage\":\"it-IT\",\"@id\":\"https:\/\/www.sestogrado.it\/it\/prodotto\/petzl-grigri-plus-assicuratore-a-bloccaggio-assistito\/#primaryimage\",\"url\":\"https:\/\/www.sestogrado.it\/wp-content\/uploads\/2017\/03\/01-arancio.jpg\",\"contentUrl\":\"https:\/\/www.sestogrado.it\/wp-content\/uploads\/2017\/03\/01-arancio.jpg\",\"width\":1200,\"height\":1200,\"caption\":\"grigri plus arancio\"},{\"@type\":\"BreadcrumbList\",\"@id\":\"https:\/\/www.sestogrado.it\/it\/prodotto\/petzl-grigri-plus-assicuratore-a-bloccaggio-assistito\/#breadcrumb\",\"itemListElement\":[{\"@type\":\"ListItem\",\"position\":1,\"name\":\"Home\",\"item\":\"https:\/\/www.sestogrado.it\/it\/\"},{\"@type\":\"ListItem\",\"position\":2,\"name\":\"Shop\",\"item\":\"https:\/\/www.sestogrado.it\/it\/shop\/\"},{\"@type\":\"ListItem\",\"position\":3,\"name\":\"PETZL GRIGRI + Plus Assicuratore a bloccaggio assistito\"}]},{\"@type\":\"WebSite\",\"@id\":\"https:\/\/www.sestogrado.it\/it\/#website\",\"url\":\"https:\/\/www.sestogrado.it\/it\/\",\"name\":\"Sestogrado\",\"description\":\"yes we climb\",\"publisher\":{\"@id\":\"https:\/\/www.sestogrado.it\/it\/#organization\"},\"potentialAction\":[{\"@type\":\"SearchAction\",\"target\":{\"@type\":\"EntryPoint\",\"urlTemplate\":\"https:\/\/www.sestogrado.it\/it\/?s={search_term_string}\"},\"query-input\":{\"@type\":\"PropertyValueSpecification\",\"valueRequired\":true,\"valueName\":\"search_term_string\"}}],\"inLanguage\":\"it-IT\"},{\"@type\":\"Organization\",\"@id\":\"https:\/\/www.sestogrado.it\/it\/#organization\",\"name\":\"Sestogrado\",\"url\":\"https:\/\/www.sestogrado.it\/it\/\",\"logo\":{\"@type\":\"ImageObject\",\"inLanguage\":\"it-IT\",\"@id\":\"https:\/\/www.sestogrado.it\/it\/#\/schema\/logo\/image\/\",\"url\":\"https:\/\/www.sestogrado.it\/wp-content\/uploads\/2015\/03\/sestogrado-favicon.png\",\"contentUrl\":\"https:\/\/www.sestogrado.it\/wp-content\/uploads\/2015\/03\/sestogrado-favicon.png\",\"width\":260,\"height\":260,\"caption\":\"Sestogrado\"},\"image\":{\"@id\":\"https:\/\/www.sestogrado.it\/it\/#\/schema\/logo\/image\/\"},\"sameAs\":[\"https:\/\/www.facebook.com\/pages\/Sestogrado\/1542635979353017?ref=bookmarks\",\"https:\/\/www.youtube.com\/channel\/UC847kAfTkaJsWpc1jtQwr3Q\"],\"hasMerchantReturnPolicy\":{\"@type\":\"MerchantReturnPolicy\",\"merchantReturnLink\":\"https:\/\/www.sestogrado.it\/it\/termini-e-condizioni\/\"}}]}<\/script>\n<meta property=\"product:brand\" content=\"Petzl\" \/>\n<meta property=\"og:availability\" content=\"instock\" \/>\n<meta property=\"product:availability\" content=\"instock\" \/>\n<meta property=\"product:condition\" content=\"new\" \/>\n<!-- \/ Yoast SEO plugin. -->","yoast_head_json":{"title":"PETZL GRIGRI + Plus Assicuratore a bloccaggio assistito - Sestogrado","description":"Il Petzl Grigri + Plus \u00e8 l'evoluzione dell'assicuratore da arrampicata, dotato di sistema antipanico e selettore della modalit\u00e0 di frenaggio. Il Grigri + Plus pu\u00f2 essere utilizzato con tutte le corde singole in commercio con diametro tra 8,5 a 11mm ed ha un range di corde con cui \u00e8 ottimizzato piuttosto ampio.","robots":{"index":"index","follow":"follow","max-snippet":"max-snippet:-1","max-image-preview":"max-image-preview:large","max-video-preview":"max-video-preview:-1"},"canonical":"https:\/\/www.sestogrado.it\/it\/prodotto\/petzl-grigri-plus-assicuratore-a-bloccaggio-assistito\/","og_locale":"it_IT","og_type":"article","og_title":"PETZL GRIGRI + Plus Assicuratore a bloccaggio assistito - Sestogrado","og_description":"Il Petzl Grigri + Plus \u00e8 l'evoluzione dell'assicuratore da arrampicata, dotato di sistema antipanico e selettore della modalit\u00e0 di frenaggio. Il Grigri + Plus pu\u00f2 essere utilizzato con tutte le corde singole in commercio con diametro tra 8,5 a 11mm ed ha un range di corde con cui \u00e8 ottimizzato piuttosto ampio.","og_url":"https:\/\/www.sestogrado.it\/it\/prodotto\/petzl-grigri-plus-assicuratore-a-bloccaggio-assistito\/","og_site_name":"Sestogrado","article_publisher":"https:\/\/www.facebook.com\/pages\/Sestogrado\/1542635979353017?ref=bookmarks","article_modified_time":"2026-04-11T10:39:56+00:00","og_image":[{"width":1200,"height":1200,"url":"https:\/\/www.sestogrado.it\/wp-content\/uploads\/2017\/03\/01-arancio.jpg","type":"image\/jpeg"}],"twitter_misc":{"Disponibilit\u00e0":"In stock"},"schema":{"@context":"https:\/\/schema.org","@graph":[{"@type":"WebPage","@id":"https:\/\/www.sestogrado.it\/it\/prodotto\/petzl-grigri-plus-assicuratore-a-bloccaggio-assistito\/","url":"https:\/\/www.sestogrado.it\/it\/prodotto\/petzl-grigri-plus-assicuratore-a-bloccaggio-assistito\/","name":"PETZL GRIGRI + Plus Assicuratore a bloccaggio assistito - Sestogrado","isPartOf":{"@id":"https:\/\/www.sestogrado.it\/it\/#website"},"primaryImageOfPage":{"@id":"https:\/\/www.sestogrado.it\/it\/prodotto\/petzl-grigri-plus-assicuratore-a-bloccaggio-assistito\/#primaryimage"},"image":{"@id":"https:\/\/www.sestogrado.it\/prodotto\/petzl-grigri-plus-assicuratore-a-bloccaggio-assistito\/#primaryimage"},"thumbnailUrl":"https:\/\/www.sestogrado.it\/wp-content\/uploads\/2017\/03\/01-arancio.jpg","datePublished":"2023-03-28T12:46:05+00:00","dateModified":"2026-04-11T10:39:56+00:00","description":"Il Petzl Grigri + Plus \u00e8 l'evoluzione dell'assicuratore da arrampicata, dotato di sistema antipanico e selettore della modalit\u00e0 di frenaggio. Il Grigri + Plus pu\u00f2 essere utilizzato con tutte le corde singole in commercio con diametro tra 8,5 a 11mm ed ha un range di corde con cui \u00e8 ottimizzato piuttosto ampio.","breadcrumb":{"@id":"https:\/\/www.sestogrado.it\/it\/prodotto\/petzl-grigri-plus-assicuratore-a-bloccaggio-assistito\/#breadcrumb"},"inLanguage":"it-IT","potentialAction":[{"@type":"ReadAction","target":[["https:\/\/www.sestogrado.it\/it\/prodotto\/petzl-grigri-plus-assicuratore-a-bloccaggio-assistito\/"]]}]},{"@type":"ImageObject","inLanguage":"it-IT","@id":"https:\/\/www.sestogrado.it\/it\/prodotto\/petzl-grigri-plus-assicuratore-a-bloccaggio-assistito\/#primaryimage","url":"https:\/\/www.sestogrado.it\/wp-content\/uploads\/2017\/03\/01-arancio.jpg","contentUrl":"https:\/\/www.sestogrado.it\/wp-content\/uploads\/2017\/03\/01-arancio.jpg","width":1200,"height":1200,"caption":"grigri plus arancio"},{"@type":"BreadcrumbList","@id":"https:\/\/www.sestogrado.it\/it\/prodotto\/petzl-grigri-plus-assicuratore-a-bloccaggio-assistito\/#breadcrumb","itemListElement":[{"@type":"ListItem","position":1,"name":"Home","item":"https:\/\/www.sestogrado.it\/it\/"},{"@type":"ListItem","position":2,"name":"Shop","item":"https:\/\/www.sestogrado.it\/it\/shop\/"},{"@type":"ListItem","position":3,"name":"PETZL GRIGRI + Plus Assicuratore a bloccaggio assistito"}]},{"@type":"WebSite","@id":"https:\/\/www.sestogrado.it\/it\/#website","url":"https:\/\/www.sestogrado.it\/it\/","name":"Sestogrado","description":"yes we climb","publisher":{"@id":"https:\/\/www.sestogrado.it\/it\/#organization"},"potentialAction":[{"@type":"SearchAction","target":{"@type":"EntryPoint","urlTemplate":"https:\/\/www.sestogrado.it\/it\/?s={search_term_string}"},"query-input":{"@type":"PropertyValueSpecification","valueRequired":true,"valueName":"search_term_string"}}],"inLanguage":"it-IT"},{"@type":"Organization","@id":"https:\/\/www.sestogrado.it\/it\/#organization","name":"Sestogrado","url":"https:\/\/www.sestogrado.it\/it\/","logo":{"@type":"ImageObject","inLanguage":"it-IT","@id":"https:\/\/www.sestogrado.it\/it\/#\/schema\/logo\/image\/","url":"https:\/\/www.sestogrado.it\/wp-content\/uploads\/2015\/03\/sestogrado-favicon.png","contentUrl":"https:\/\/www.sestogrado.it\/wp-content\/uploads\/2015\/03\/sestogrado-favicon.png","width":260,"height":260,"caption":"Sestogrado"},"image":{"@id":"https:\/\/www.sestogrado.it\/it\/#\/schema\/logo\/image\/"},"sameAs":["https:\/\/www.facebook.com\/pages\/Sestogrado\/1542635979353017?ref=bookmarks","https:\/\/www.youtube.com\/channel\/UC847kAfTkaJsWpc1jtQwr3Q"],"hasMerchantReturnPolicy":{"@type":"MerchantReturnPolicy","merchantReturnLink":"https:\/\/www.sestogrado.it\/it\/termini-e-condizioni\/"}}]},"product_brand":"Petzl","og_availability":"instock","product_availability":"instock","product_condition":"new"},"_links":{"self":[{"href":"https:\/\/www.sestogrado.it\/it\/wp-json\/wp\/v2\/product\/10648","targetHints":{"allow":["GET"]}}],"collection":[{"href":"https:\/\/www.sestogrado.it\/it\/wp-json\/wp\/v2\/product"}],"about":[{"href":"https:\/\/www.sestogrado.it\/it\/wp-json\/wp\/v2\/types\/product"}],"replies":[{"embeddable":true,"href":"https:\/\/www.sestogrado.it\/it\/wp-json\/wp\/v2\/comments?post=10648"}],"wp:featuredmedia":[{"embeddable":true,"href":"https:\/\/www.sestogrado.it\/it\/wp-json\/wp\/v2\/media\/45965"}],"wp:attachment":[{"href":"https:\/\/www.sestogrado.it\/it\/wp-json\/wp\/v2\/media?parent=10648"}],"wp:term":[{"taxonomy":"product_brand","embeddable":true,"href":"https:\/\/www.sestogrado.it\/it\/wp-json\/wp\/v2\/product_brand?post=10648"},{"taxonomy":"product_cat","embeddable":true,"href":"https:\/\/www.sestogrado.it\/it\/wp-json\/wp\/v2\/product_cat?post=10648"},{"taxonomy":"product_tag","embeddable":true,"href":"https:\/\/www.sestogrado.it\/it\/wp-json\/wp\/v2\/product_tag?post=10648"}],"curies":[{"name":"wp","href":"https:\/\/api.w.org\/{rel}","templated":true}]}}