{"id":104142,"date":"2022-06-17T11:48:16","date_gmt":"2022-06-17T09:48:16","guid":{"rendered":"https:\/\/www.sestogrado.it\/?post_type=product&#038;p=104142"},"modified":"2026-04-01T23:29:23","modified_gmt":"2026-04-01T21:29:23","slug":"blue-ice-harfang-enduro-ramponi-da-ghiaccio-in-acciaio","status":"publish","type":"product","link":"https:\/\/www.sestogrado.it\/it\/prodotto\/blue-ice-harfang-enduro-ramponi-da-ghiaccio-in-acciaio\/","title":{"rendered":"Blue Ice Harfang Enduro ramponi da ghiaccio in acciaio"},"content":{"rendered":"<p>I Blue Ice harfang Enduro sono dei solidissimi, resistenti, durevoli, comprimibili ramponi dal peso ridotto, ideali per scialpinismo e l&#8217;alpinismo, versione totalmente in acciaio degli ibridi <a href=\"https:\/\/www.sestogrado.it\/it\/prodotto\/blue-ice-harfang-ramponi-da-ghiaccio-ibridi\/\" target=\"_blank\" rel=\"noopener\">Harfang<\/a>.<\/p>\n<p>Il concetto brevettato di Blue Ice si basa su una fettuccia centrale che collega la parte anteriore con quella posteriore del rampone, consentendo di montarlo nella posizione pi\u00f9 comoda possibile, adattandosi alla geometria degli scarponi. Un&#8217;unica misura copre tutte le taglie: <strong>dal 35 al 47<\/strong>. L&#8217;utilizzo di un collegamento a fettuccia flessibile minimizza l&#8217;ingombro ed offre una super compattezza, con, allo stesso tempo, precisione e comfort notevoli. La talloniera \u00e8 dotata di un perno di regolazione per adattare al meglio il rampone allo scarpone. E&#8217; un rampone <strong>automatico\/semiautomatico<\/strong>, fornito sia di gabbietta metallica per scarponi con bordo anteriore, sia di gabbietta universale per scarponi senza bordo anteriore.<\/p>\n<p>Dotato di ABS, viene fornito con il suo astuccio contenitivo che pu\u00f2 essere agganciato all&#8217;imbrago o allo zaino. Cos\u00ec attaccati, hai sempre i ramponi a portata di mano, pronti per essere utilizzati&#8230; ma \u00e8 ai tuoi piedi che danno il loro meglio!<\/p>\n<p>I ramponi Harfang Enduro sono sviluppati in acciaio al cromo, il quale dona durata, comprimibilit\u00e0 e peso ridotto.<\/p>\n<p>L&#8217;Harfang Enduro \u00e8 progettato per adattarsi a qualsiasi scarpone con attacco sul tallone o anche senza, in quanto include i sistemi di supporto anteriore: <strong>automatici e semi-automatici<\/strong> che sono facilmente<strong> intercambiabili<\/strong>.<\/p>\n<ul>\n<li>Materiale: cinturino centrale UHMWPE (Ultra Light Molecular Weight Polyethylene) e HTPE da 40 mm, acciaio al cromo<\/li>\n<li>Leva sul tallone con micro regolazione<\/li>\n<li>Fissaggio del cavo con punto di rotazione fisso<\/li>\n<li>Materiale: acciaio al cromo<\/li>\n<li>Barre anteriori intercambiabili per scarponi con e senza gancio anteriore<\/li>\n<li>TPU Active ABS per prevenire l&#8217;accumulo della neve<\/li>\n<li>Peso: 534 g senza ABS al paio\/ 581 g con ABS al paio<\/li>\n<li>Venduto con puntale e custodia<\/li>\n<li>Archetto anteriore in filo di acciaio al cromo a due posizioni, incluso<\/li>\n<li>Gabbietta anteriore universale per scarponi senza bordo, inclusa<\/li>\n<li>Certificazioni: CE EN 893, UIAA 153<\/li>\n<li>Ideale per lo scialpinismo e l&#8217;alpinismo<\/li>\n<li>Taglie scarpe: 35EU &#8211; 47EU<\/li>\n<\/ul>\n<p>Gli Harfang Enduro vengono forniti con gabbia anteriore toe basket e standard toe bail per allacciamento automatico.<\/p>\n<p>Come regolare i ramponi Harfang sullo scarpone:<\/p>\n<div class=\"embed-responsive embed-responsive-16by9\"><iframe title=\"BLUE ICE : Harfang&#039;s installation\" width=\"500\" height=\"281\" src=\"https:\/\/www.youtube.com\/embed\/lOJbXn5imPI?feature=oembed\" frameborder=\"0\" allow=\"accelerometer; autoplay; clipboard-write; encrypted-media; gyroscope; picture-in-picture; web-share\" referrerpolicy=\"strict-origin-when-cross-origin\" allowfullscreen><\/iframe><\/div>\n<p>Scopri tutta la famiglia harfang dei Blue Ice:<\/p>\n<div class=\"embed-responsive embed-responsive-16by9\"><iframe title=\"BLUE ICE introducing the HARFANG crampons\" width=\"500\" height=\"281\" src=\"https:\/\/www.youtube.com\/embed\/jhbQkVj2anY?feature=oembed\" frameborder=\"0\" allow=\"accelerometer; autoplay; clipboard-write; encrypted-media; gyroscope; picture-in-picture; web-share\" referrerpolicy=\"strict-origin-when-cross-origin\" allowfullscreen><\/iframe><\/div>\n<p>&nbsp;<\/p>\n<p>Blue Ice \u00e8 un\u2019azienda con sede a Chamonix che produce solo articoli da alpinismo di alta qualit\u00e0. Gli zaini Blue Ice sono dedicati ad un alpinismo tecnico e di alto livello. Inizialmente era semplicemente una questione di vivere la nostra passione al massimo: arrampicare, sciare, esplorare o semplicemente entrare in contatto con noi stessi e le montagne \u2026 prima di estendere questo progetto a tutti gli amanti delle vette l\u00e0 fuori.<\/p>","protected":false},"excerpt":{"rendered":"<p>I Blue Ice harfang Enduro sono dei solidissimi, resistenti, durevoli, comprimibili ramponi dal peso ridotto, ideali per scialpinismo e l&#8217;alpinismo, [&hellip;]<\/p>\n","protected":false},"featured_media":104152,"comment_status":"open","ping_status":"closed","template":"","meta":{"_acf_changed":false},"product_brand":[641],"product_cat":[153],"product_tag":[],"class_list":{"0":"post-104142","1":"product","2":"type-product","3":"status-publish","4":"has-post-thumbnail","6":"product_brand-blue-ice","7":"product_cat-ramponi","9":"first","10":"instock","11":"sale","12":"taxable","13":"shipping-taxable","14":"purchasable","15":"product-type-simple"},"acf":[],"yoast_head":"<!-- This site is optimized with the Yoast SEO plugin v26.4 - https:\/\/yoast.com\/wordpress\/plugins\/seo\/ -->\n<title>Blue Ice Harfang Enduro ramponi da ghiaccio in acciaio - Sestogrado<\/title>\n<meta name=\"description\" content=\"Il concetto brevettato di Blue Ice si basa su una fettuccia centrale che collega la parte anteriore con quella posteriore del rampone, consentendo di montarlo nella posizione pi\u00f9 comoda possibile, adattandosi alla geometria degli scarponi. Un&#039;unica misura copre tutte le taglie: dal 35 al 47. L&#039;utilizzo di un collegamento a fettuccia flessibile minimizza l&#039;ingombro ed offre una super compattezza, con, allo stesso tempo, precisione e comfort notevoli. La talloniera \u00e8 dotata di un perno di regolazione per adattare al meglio il rampone allo scarpone. E&#039; un rampone automatico\/semiautomatico, fornito sia di gabbietta metallica per scarponi con bordo anteriore, sia di gabbietta universale per scarponi senza bordo anteriore. Dotato di ABS, viene fornito con il suo astuccio contenitivo che pu\u00f2 essere agganciato all&#039;imbrago o allo zaino. Cos\u00ec attaccati, hai sempre i ramponi a portata di mano, pronti per essere utilizzati... ma \u00e8 ai tuoi piedi che danno il loro meglio! I ramponi Harfang Enduro sono sviluppati in acciaio al cromo, il quale dona durata, comprimibilit\u00e0 e peso ridotto. L&#039;Harfang Enduro \u00e8 progettato per adattarsi a qualsiasi scarpone con attacco sul tallone o anche senza, in quanto include i sistemi di supporto anteriore: automatici e semi-automatici che sono facilmente intercambiabili.\" \/>\n<meta name=\"robots\" content=\"index, follow, max-snippet:-1, max-image-preview:large, max-video-preview:-1\" \/>\n<link rel=\"canonical\" href=\"https:\/\/www.sestogrado.it\/it\/prodotto\/blue-ice-harfang-enduro-ramponi-da-ghiaccio-in-acciaio\/\" \/>\n<meta property=\"og:locale\" content=\"it_IT\" \/>\n<meta property=\"og:type\" content=\"article\" \/>\n<meta property=\"og:title\" content=\"Blue Ice Harfang Enduro ramponi da ghiaccio in acciaio - Sestogrado\" \/>\n<meta property=\"og:description\" content=\"Il concetto brevettato di Blue Ice si basa su una fettuccia centrale che collega la parte anteriore con quella posteriore del rampone, consentendo di montarlo nella posizione pi\u00f9 comoda possibile, adattandosi alla geometria degli scarponi. Un&#039;unica misura copre tutte le taglie: dal 35 al 47. L&#039;utilizzo di un collegamento a fettuccia flessibile minimizza l&#039;ingombro ed offre una super compattezza, con, allo stesso tempo, precisione e comfort notevoli. La talloniera \u00e8 dotata di un perno di regolazione per adattare al meglio il rampone allo scarpone. E&#039; un rampone automatico\/semiautomatico, fornito sia di gabbietta metallica per scarponi con bordo anteriore, sia di gabbietta universale per scarponi senza bordo anteriore. Dotato di ABS, viene fornito con il suo astuccio contenitivo che pu\u00f2 essere agganciato all&#039;imbrago o allo zaino. Cos\u00ec attaccati, hai sempre i ramponi a portata di mano, pronti per essere utilizzati... ma \u00e8 ai tuoi piedi che danno il loro meglio! I ramponi Harfang Enduro sono sviluppati in acciaio al cromo, il quale dona durata, comprimibilit\u00e0 e peso ridotto. L&#039;Harfang Enduro \u00e8 progettato per adattarsi a qualsiasi scarpone con attacco sul tallone o anche senza, in quanto include i sistemi di supporto anteriore: automatici e semi-automatici che sono facilmente intercambiabili.\" \/>\n<meta property=\"og:url\" content=\"https:\/\/www.sestogrado.it\/it\/prodotto\/blue-ice-harfang-enduro-ramponi-da-ghiaccio-in-acciaio\/\" \/>\n<meta property=\"og:site_name\" content=\"Sestogrado\" \/>\n<meta property=\"article:publisher\" content=\"https:\/\/www.facebook.com\/pages\/Sestogrado\/1542635979353017?ref=bookmarks\" \/>\n<meta property=\"article:modified_time\" content=\"2026-04-01T21:29:23+00:00\" \/>\n<meta property=\"og:image\" content=\"https:\/\/www.sestogrado.it\/wp-content\/uploads\/2022\/06\/HarfangEnduro-web-1600.jpg\" \/>\n\t<meta property=\"og:image:width\" content=\"2400\" \/>\n\t<meta property=\"og:image:height\" content=\"2400\" \/>\n\t<meta property=\"og:image:type\" content=\"image\/jpeg\" \/>\n<meta name=\"twitter:label1\" content=\"Prezzo\" \/>\n\t<meta name=\"twitter:data1\" content=\"&euro;&nbsp;119,00\" \/>\n\t<meta name=\"twitter:label2\" content=\"Disponibilit\u00e0\" \/>\n\t<meta name=\"twitter:data2\" content=\"In stock\" \/>\n<script type=\"application\/ld+json\" class=\"yoast-schema-graph\">{\"@context\":\"https:\/\/schema.org\",\"@graph\":[{\"@type\":\"WebPage\",\"@id\":\"https:\/\/www.sestogrado.it\/it\/prodotto\/blue-ice-harfang-enduro-ramponi-da-ghiaccio-in-acciaio\/\",\"url\":\"https:\/\/www.sestogrado.it\/it\/prodotto\/blue-ice-harfang-enduro-ramponi-da-ghiaccio-in-acciaio\/\",\"name\":\"Blue Ice Harfang Enduro ramponi da ghiaccio in acciaio - Sestogrado\",\"isPartOf\":{\"@id\":\"https:\/\/www.sestogrado.it\/it\/#website\"},\"primaryImageOfPage\":{\"@id\":\"https:\/\/www.sestogrado.it\/it\/prodotto\/blue-ice-harfang-enduro-ramponi-da-ghiaccio-in-acciaio\/#primaryimage\"},\"image\":{\"@id\":\"https:\/\/www.sestogrado.it\/prodotto\/blue-ice-harfang-enduro-ramponi-da-ghiaccio-in-acciaio\/#primaryimage\"},\"thumbnailUrl\":\"https:\/\/www.sestogrado.it\/wp-content\/uploads\/2022\/06\/HarfangEnduro-web-1600.jpg\",\"datePublished\":\"2022-06-17T09:48:16+00:00\",\"dateModified\":\"2026-04-01T21:29:23+00:00\",\"description\":\"Il concetto brevettato di Blue Ice si basa su una fettuccia centrale che collega la parte anteriore con quella posteriore del rampone, consentendo di montarlo nella posizione pi\u00f9 comoda possibile, adattandosi alla geometria degli scarponi. Un'unica misura copre tutte le taglie: dal 35 al 47. L'utilizzo di un collegamento a fettuccia flessibile minimizza l'ingombro ed offre una super compattezza, con, allo stesso tempo, precisione e comfort notevoli. La talloniera \u00e8 dotata di un perno di regolazione per adattare al meglio il rampone allo scarpone. E' un rampone automatico\/semiautomatico, fornito sia di gabbietta metallica per scarponi con bordo anteriore, sia di gabbietta universale per scarponi senza bordo anteriore. Dotato di ABS, viene fornito con il suo astuccio contenitivo che pu\u00f2 essere agganciato all'imbrago o allo zaino. Cos\u00ec attaccati, hai sempre i ramponi a portata di mano, pronti per essere utilizzati... ma \u00e8 ai tuoi piedi che danno il loro meglio! I ramponi Harfang Enduro sono sviluppati in acciaio al cromo, il quale dona durata, comprimibilit\u00e0 e peso ridotto. L'Harfang Enduro \u00e8 progettato per adattarsi a qualsiasi scarpone con attacco sul tallone o anche senza, in quanto include i sistemi di supporto anteriore: automatici e semi-automatici che sono facilmente intercambiabili.\",\"breadcrumb\":{\"@id\":\"https:\/\/www.sestogrado.it\/it\/prodotto\/blue-ice-harfang-enduro-ramponi-da-ghiaccio-in-acciaio\/#breadcrumb\"},\"inLanguage\":\"it-IT\",\"potentialAction\":[{\"@type\":\"ReadAction\",\"target\":[[\"https:\/\/www.sestogrado.it\/it\/prodotto\/blue-ice-harfang-enduro-ramponi-da-ghiaccio-in-acciaio\/\"]]}]},{\"@type\":\"ImageObject\",\"inLanguage\":\"it-IT\",\"@id\":\"https:\/\/www.sestogrado.it\/it\/prodotto\/blue-ice-harfang-enduro-ramponi-da-ghiaccio-in-acciaio\/#primaryimage\",\"url\":\"https:\/\/www.sestogrado.it\/wp-content\/uploads\/2022\/06\/HarfangEnduro-web-1600.jpg\",\"contentUrl\":\"https:\/\/www.sestogrado.it\/wp-content\/uploads\/2022\/06\/HarfangEnduro-web-1600.jpg\",\"width\":2400,\"height\":2400,\"caption\":\"blue ice harfang ENDURO\"},{\"@type\":\"BreadcrumbList\",\"@id\":\"https:\/\/www.sestogrado.it\/it\/prodotto\/blue-ice-harfang-enduro-ramponi-da-ghiaccio-in-acciaio\/#breadcrumb\",\"itemListElement\":[{\"@type\":\"ListItem\",\"position\":1,\"name\":\"Home\",\"item\":\"https:\/\/www.sestogrado.it\/it\/\"},{\"@type\":\"ListItem\",\"position\":2,\"name\":\"Shop\",\"item\":\"https:\/\/www.sestogrado.it\/it\/shop\/\"},{\"@type\":\"ListItem\",\"position\":3,\"name\":\"Blue Ice Harfang Enduro ramponi da ghiaccio in acciaio\"}]},{\"@type\":\"WebSite\",\"@id\":\"https:\/\/www.sestogrado.it\/it\/#website\",\"url\":\"https:\/\/www.sestogrado.it\/it\/\",\"name\":\"Sestogrado\",\"description\":\"yes we climb\",\"publisher\":{\"@id\":\"https:\/\/www.sestogrado.it\/it\/#organization\"},\"potentialAction\":[{\"@type\":\"SearchAction\",\"target\":{\"@type\":\"EntryPoint\",\"urlTemplate\":\"https:\/\/www.sestogrado.it\/it\/?s={search_term_string}\"},\"query-input\":{\"@type\":\"PropertyValueSpecification\",\"valueRequired\":true,\"valueName\":\"search_term_string\"}}],\"inLanguage\":\"it-IT\"},{\"@type\":\"Organization\",\"@id\":\"https:\/\/www.sestogrado.it\/it\/#organization\",\"name\":\"Sestogrado\",\"url\":\"https:\/\/www.sestogrado.it\/it\/\",\"logo\":{\"@type\":\"ImageObject\",\"inLanguage\":\"it-IT\",\"@id\":\"https:\/\/www.sestogrado.it\/it\/#\/schema\/logo\/image\/\",\"url\":\"https:\/\/www.sestogrado.it\/wp-content\/uploads\/2015\/03\/sestogrado-favicon.png\",\"contentUrl\":\"https:\/\/www.sestogrado.it\/wp-content\/uploads\/2015\/03\/sestogrado-favicon.png\",\"width\":260,\"height\":260,\"caption\":\"Sestogrado\"},\"image\":{\"@id\":\"https:\/\/www.sestogrado.it\/it\/#\/schema\/logo\/image\/\"},\"sameAs\":[\"https:\/\/www.facebook.com\/pages\/Sestogrado\/1542635979353017?ref=bookmarks\",\"https:\/\/www.youtube.com\/channel\/UC847kAfTkaJsWpc1jtQwr3Q\"],\"hasMerchantReturnPolicy\":{\"@type\":\"MerchantReturnPolicy\",\"merchantReturnLink\":\"https:\/\/www.sestogrado.it\/it\/termini-e-condizioni\/\"}}]}<\/script>\n<meta property=\"product:brand\" content=\"Blue Ice\" \/>\n<meta property=\"product:price:amount\" content=\"119.00\" \/>\n<meta property=\"product:price:currency\" content=\"EUR\" \/>\n<meta property=\"og:availability\" content=\"instock\" \/>\n<meta property=\"product:availability\" content=\"instock\" \/>\n<meta property=\"product:condition\" content=\"new\" \/>\n<!-- \/ Yoast SEO plugin. -->","yoast_head_json":{"title":"Blue Ice Harfang Enduro ramponi da ghiaccio in acciaio - Sestogrado","description":"Il concetto brevettato di Blue Ice si basa su una fettuccia centrale che collega la parte anteriore con quella posteriore del rampone, consentendo di montarlo nella posizione pi\u00f9 comoda possibile, adattandosi alla geometria degli scarponi. Un'unica misura copre tutte le taglie: dal 35 al 47. L'utilizzo di un collegamento a fettuccia flessibile minimizza l'ingombro ed offre una super compattezza, con, allo stesso tempo, precisione e comfort notevoli. La talloniera \u00e8 dotata di un perno di regolazione per adattare al meglio il rampone allo scarpone. E' un rampone automatico\/semiautomatico, fornito sia di gabbietta metallica per scarponi con bordo anteriore, sia di gabbietta universale per scarponi senza bordo anteriore. Dotato di ABS, viene fornito con il suo astuccio contenitivo che pu\u00f2 essere agganciato all'imbrago o allo zaino. Cos\u00ec attaccati, hai sempre i ramponi a portata di mano, pronti per essere utilizzati... ma \u00e8 ai tuoi piedi che danno il loro meglio! I ramponi Harfang Enduro sono sviluppati in acciaio al cromo, il quale dona durata, comprimibilit\u00e0 e peso ridotto. L'Harfang Enduro \u00e8 progettato per adattarsi a qualsiasi scarpone con attacco sul tallone o anche senza, in quanto include i sistemi di supporto anteriore: automatici e semi-automatici che sono facilmente intercambiabili.","robots":{"index":"index","follow":"follow","max-snippet":"max-snippet:-1","max-image-preview":"max-image-preview:large","max-video-preview":"max-video-preview:-1"},"canonical":"https:\/\/www.sestogrado.it\/it\/prodotto\/blue-ice-harfang-enduro-ramponi-da-ghiaccio-in-acciaio\/","og_locale":"it_IT","og_type":"article","og_title":"Blue Ice Harfang Enduro ramponi da ghiaccio in acciaio - Sestogrado","og_description":"Il concetto brevettato di Blue Ice si basa su una fettuccia centrale che collega la parte anteriore con quella posteriore del rampone, consentendo di montarlo nella posizione pi\u00f9 comoda possibile, adattandosi alla geometria degli scarponi. Un'unica misura copre tutte le taglie: dal 35 al 47. L'utilizzo di un collegamento a fettuccia flessibile minimizza l'ingombro ed offre una super compattezza, con, allo stesso tempo, precisione e comfort notevoli. La talloniera \u00e8 dotata di un perno di regolazione per adattare al meglio il rampone allo scarpone. E' un rampone automatico\/semiautomatico, fornito sia di gabbietta metallica per scarponi con bordo anteriore, sia di gabbietta universale per scarponi senza bordo anteriore. Dotato di ABS, viene fornito con il suo astuccio contenitivo che pu\u00f2 essere agganciato all'imbrago o allo zaino. Cos\u00ec attaccati, hai sempre i ramponi a portata di mano, pronti per essere utilizzati... ma \u00e8 ai tuoi piedi che danno il loro meglio! I ramponi Harfang Enduro sono sviluppati in acciaio al cromo, il quale dona durata, comprimibilit\u00e0 e peso ridotto. L'Harfang Enduro \u00e8 progettato per adattarsi a qualsiasi scarpone con attacco sul tallone o anche senza, in quanto include i sistemi di supporto anteriore: automatici e semi-automatici che sono facilmente intercambiabili.","og_url":"https:\/\/www.sestogrado.it\/it\/prodotto\/blue-ice-harfang-enduro-ramponi-da-ghiaccio-in-acciaio\/","og_site_name":"Sestogrado","article_publisher":"https:\/\/www.facebook.com\/pages\/Sestogrado\/1542635979353017?ref=bookmarks","article_modified_time":"2026-04-01T21:29:23+00:00","og_image":[{"width":2400,"height":2400,"url":"https:\/\/www.sestogrado.it\/wp-content\/uploads\/2022\/06\/HarfangEnduro-web-1600.jpg","type":"image\/jpeg"}],"twitter_misc":{"Prezzo":"&euro;&nbsp;119,00","Disponibilit\u00e0":"In stock"},"schema":{"@context":"https:\/\/schema.org","@graph":[{"@type":"WebPage","@id":"https:\/\/www.sestogrado.it\/it\/prodotto\/blue-ice-harfang-enduro-ramponi-da-ghiaccio-in-acciaio\/","url":"https:\/\/www.sestogrado.it\/it\/prodotto\/blue-ice-harfang-enduro-ramponi-da-ghiaccio-in-acciaio\/","name":"Blue Ice Harfang Enduro ramponi da ghiaccio in acciaio - Sestogrado","isPartOf":{"@id":"https:\/\/www.sestogrado.it\/it\/#website"},"primaryImageOfPage":{"@id":"https:\/\/www.sestogrado.it\/it\/prodotto\/blue-ice-harfang-enduro-ramponi-da-ghiaccio-in-acciaio\/#primaryimage"},"image":{"@id":"https:\/\/www.sestogrado.it\/prodotto\/blue-ice-harfang-enduro-ramponi-da-ghiaccio-in-acciaio\/#primaryimage"},"thumbnailUrl":"https:\/\/www.sestogrado.it\/wp-content\/uploads\/2022\/06\/HarfangEnduro-web-1600.jpg","datePublished":"2022-06-17T09:48:16+00:00","dateModified":"2026-04-01T21:29:23+00:00","description":"Il concetto brevettato di Blue Ice si basa su una fettuccia centrale che collega la parte anteriore con quella posteriore del rampone, consentendo di montarlo nella posizione pi\u00f9 comoda possibile, adattandosi alla geometria degli scarponi. Un'unica misura copre tutte le taglie: dal 35 al 47. L'utilizzo di un collegamento a fettuccia flessibile minimizza l'ingombro ed offre una super compattezza, con, allo stesso tempo, precisione e comfort notevoli. La talloniera \u00e8 dotata di un perno di regolazione per adattare al meglio il rampone allo scarpone. E' un rampone automatico\/semiautomatico, fornito sia di gabbietta metallica per scarponi con bordo anteriore, sia di gabbietta universale per scarponi senza bordo anteriore. Dotato di ABS, viene fornito con il suo astuccio contenitivo che pu\u00f2 essere agganciato all'imbrago o allo zaino. Cos\u00ec attaccati, hai sempre i ramponi a portata di mano, pronti per essere utilizzati... ma \u00e8 ai tuoi piedi che danno il loro meglio! I ramponi Harfang Enduro sono sviluppati in acciaio al cromo, il quale dona durata, comprimibilit\u00e0 e peso ridotto. L'Harfang Enduro \u00e8 progettato per adattarsi a qualsiasi scarpone con attacco sul tallone o anche senza, in quanto include i sistemi di supporto anteriore: automatici e semi-automatici che sono facilmente intercambiabili.","breadcrumb":{"@id":"https:\/\/www.sestogrado.it\/it\/prodotto\/blue-ice-harfang-enduro-ramponi-da-ghiaccio-in-acciaio\/#breadcrumb"},"inLanguage":"it-IT","potentialAction":[{"@type":"ReadAction","target":[["https:\/\/www.sestogrado.it\/it\/prodotto\/blue-ice-harfang-enduro-ramponi-da-ghiaccio-in-acciaio\/"]]}]},{"@type":"ImageObject","inLanguage":"it-IT","@id":"https:\/\/www.sestogrado.it\/it\/prodotto\/blue-ice-harfang-enduro-ramponi-da-ghiaccio-in-acciaio\/#primaryimage","url":"https:\/\/www.sestogrado.it\/wp-content\/uploads\/2022\/06\/HarfangEnduro-web-1600.jpg","contentUrl":"https:\/\/www.sestogrado.it\/wp-content\/uploads\/2022\/06\/HarfangEnduro-web-1600.jpg","width":2400,"height":2400,"caption":"blue ice harfang ENDURO"},{"@type":"BreadcrumbList","@id":"https:\/\/www.sestogrado.it\/it\/prodotto\/blue-ice-harfang-enduro-ramponi-da-ghiaccio-in-acciaio\/#breadcrumb","itemListElement":[{"@type":"ListItem","position":1,"name":"Home","item":"https:\/\/www.sestogrado.it\/it\/"},{"@type":"ListItem","position":2,"name":"Shop","item":"https:\/\/www.sestogrado.it\/it\/shop\/"},{"@type":"ListItem","position":3,"name":"Blue Ice Harfang Enduro ramponi da ghiaccio in acciaio"}]},{"@type":"WebSite","@id":"https:\/\/www.sestogrado.it\/it\/#website","url":"https:\/\/www.sestogrado.it\/it\/","name":"Sestogrado","description":"yes we climb","publisher":{"@id":"https:\/\/www.sestogrado.it\/it\/#organization"},"potentialAction":[{"@type":"SearchAction","target":{"@type":"EntryPoint","urlTemplate":"https:\/\/www.sestogrado.it\/it\/?s={search_term_string}"},"query-input":{"@type":"PropertyValueSpecification","valueRequired":true,"valueName":"search_term_string"}}],"inLanguage":"it-IT"},{"@type":"Organization","@id":"https:\/\/www.sestogrado.it\/it\/#organization","name":"Sestogrado","url":"https:\/\/www.sestogrado.it\/it\/","logo":{"@type":"ImageObject","inLanguage":"it-IT","@id":"https:\/\/www.sestogrado.it\/it\/#\/schema\/logo\/image\/","url":"https:\/\/www.sestogrado.it\/wp-content\/uploads\/2015\/03\/sestogrado-favicon.png","contentUrl":"https:\/\/www.sestogrado.it\/wp-content\/uploads\/2015\/03\/sestogrado-favicon.png","width":260,"height":260,"caption":"Sestogrado"},"image":{"@id":"https:\/\/www.sestogrado.it\/it\/#\/schema\/logo\/image\/"},"sameAs":["https:\/\/www.facebook.com\/pages\/Sestogrado\/1542635979353017?ref=bookmarks","https:\/\/www.youtube.com\/channel\/UC847kAfTkaJsWpc1jtQwr3Q"],"hasMerchantReturnPolicy":{"@type":"MerchantReturnPolicy","merchantReturnLink":"https:\/\/www.sestogrado.it\/it\/termini-e-condizioni\/"}}]},"product_brand":"Blue Ice","product_price_amount":"119.00","product_price_currency":"EUR","og_availability":"instock","product_availability":"instock","product_condition":"new"},"_links":{"self":[{"href":"https:\/\/www.sestogrado.it\/it\/wp-json\/wp\/v2\/product\/104142","targetHints":{"allow":["GET"]}}],"collection":[{"href":"https:\/\/www.sestogrado.it\/it\/wp-json\/wp\/v2\/product"}],"about":[{"href":"https:\/\/www.sestogrado.it\/it\/wp-json\/wp\/v2\/types\/product"}],"replies":[{"embeddable":true,"href":"https:\/\/www.sestogrado.it\/it\/wp-json\/wp\/v2\/comments?post=104142"}],"wp:featuredmedia":[{"embeddable":true,"href":"https:\/\/www.sestogrado.it\/it\/wp-json\/wp\/v2\/media\/104152"}],"wp:attachment":[{"href":"https:\/\/www.sestogrado.it\/it\/wp-json\/wp\/v2\/media?parent=104142"}],"wp:term":[{"taxonomy":"product_brand","embeddable":true,"href":"https:\/\/www.sestogrado.it\/it\/wp-json\/wp\/v2\/product_brand?post=104142"},{"taxonomy":"product_cat","embeddable":true,"href":"https:\/\/www.sestogrado.it\/it\/wp-json\/wp\/v2\/product_cat?post=104142"},{"taxonomy":"product_tag","embeddable":true,"href":"https:\/\/www.sestogrado.it\/it\/wp-json\/wp\/v2\/product_tag?post=104142"}],"curies":[{"name":"wp","href":"https:\/\/api.w.org\/{rel}","templated":true}]}}