{"id":103627,"date":"2022-06-07T15:59:08","date_gmt":"2022-06-07T13:59:08","guid":{"rendered":"https:\/\/www.sestogrado.it\/?post_type=product&#038;p=103627"},"modified":"2026-03-18T14:43:05","modified_gmt":"2026-03-18T13:43:05","slug":"grivel-sport-stealth-rinvio-arrampicata-sportiva-falesia","status":"publish","type":"product","link":"https:\/\/www.sestogrado.it\/it\/prodotto\/grivel-sport-stealth-rinvio-arrampicata-sportiva-falesia\/","title":{"rendered":"Grivel Sport Stealth rinvio arrampicata"},"content":{"rendered":"<p>Grivel Sport Stealth, rinvio da arrampicata sportiva, utilizza l&#8217;omonimo moschettone con l&#8217;inconfondibile design del casco &#8220;<a href=\"https:\/\/www.sestogrado.it\/it\/prodotto\/grivel-stealth-casco-arrampicata\/\" target=\"_blank\" rel=\"noopener\">Stealth<\/a>&#8221; sfaccettato di Grivel.<br \/>\nIl moschettone Stealth \u00e8 appositamente progettato per l&#8217;arrampicata sportiva e presenta una <strong>grande apertura della leva<\/strong> insieme a un naso dritto per garantire un aggancio facile e veloce, con minima rotazione del polso.<br \/>\nLa fettuccia \u00e8 disponibile in due lunghezze: 13 e 18 centimetri; \u00e8 ampia per offrirti una presa ottimale e una durata eccellente.<br \/>\nIl Grivel Sport Stealth \u00e8 un rinvio di alta gamma, con moschettoni ampi ed estremamente curati. Ogni dettaglio \u00e8 stato studiato per offrire la migliore esperienza possibile di rinviata, nella scalata. I moschettoni Stealth sono zigrinati sull&#8217;esterno per assicurare massimo grip quando li si impugna per clippare o per inserire la corda, la leva del moschettone lato spit ha un intaglio per consentire una rapida apertura quando si moschettona la via. La fettuccia in poliestere \u00e8 ampia ed accogliente, consentendo di impugnare il rinvio con facilit\u00e0 e di lavorare le vie pi\u00f9 impegnative.<\/p>\n<ul>\n<li>Attivit\u00e0: arrampicata sportiva<\/li>\n<li>Materiali: alluminio forgiato a caldo, poliestere<\/li>\n<li>Certificazioni: CE EN 12275 &#8211; Class B, UIAA 121 &amp;\u00a0CE EN 566, UIAA 104<\/li>\n<li>Peso: 105g<\/li>\n<\/ul>\n<p><img decoding=\"async\" class=\"img-fluid alignnone wp-image-103631 size-full\" src=\"https:\/\/www.sestogrado.it\/wp-content\/uploads\/2022\/06\/stealthrinvioDJI_0055_1575x1024.jpg\" alt=\"Grivel Sport Stealth\" width=\"990\" height=\"743\" srcset=\"https:\/\/www.sestogrado.it\/wp-content\/uploads\/2022\/06\/stealthrinvioDJI_0055_1575x1024.jpg 990w, https:\/\/www.sestogrado.it\/wp-content\/uploads\/2022\/06\/stealthrinvioDJI_0055_1575x1024-750x563.jpg 750w, https:\/\/www.sestogrado.it\/wp-content\/uploads\/2022\/06\/stealthrinvioDJI_0055_1575x1024-300x225.jpg 300w, https:\/\/www.sestogrado.it\/wp-content\/uploads\/2022\/06\/stealthrinvioDJI_0055_1575x1024-768x576.jpg 768w, https:\/\/www.sestogrado.it\/wp-content\/uploads\/2022\/06\/stealthrinvioDJI_0055_1575x1024-600x450.jpg 600w, https:\/\/www.sestogrado.it\/wp-content\/uploads\/2022\/06\/stealthrinvioDJI_0055_1575x1024-635x477.jpg 635w, https:\/\/www.sestogrado.it\/wp-content\/uploads\/2022\/06\/stealthrinvioDJI_0055_1575x1024-107x80.jpg 107w, https:\/\/www.sestogrado.it\/wp-content\/uploads\/2022\/06\/stealthrinvioDJI_0055_1575x1024-80x60.jpg 80w, https:\/\/www.sestogrado.it\/wp-content\/uploads\/2022\/06\/stealthrinvioDJI_0055_1575x1024-120x90.jpg 120w\" sizes=\"(max-width: 990px) 100vw, 990px\" \/><\/p>\n<p>Nata nel 1818 a Courmayeur, la Grivel \u00e8 un\u2019azienda italiana che produce attrezzature ed equipaggiamenti per alpinismo, arrampicata ed outdoor esportando in 26 paesi.\u00a0\u00a0L\u2019azienda ha ottenuto la certificazione GS T\u00dcV dal 1992, ISO 9001 dal 1996, ISO 1400 dal 2004.\u00a0L\u2019obiettivo di\u00a0Grivel \u00e8 di facilitare la vita agli alpinisti e agli amanti della montagna\u00a0con prodotti tecnologicamente avanzati.<\/p>","protected":false},"excerpt":{"rendered":"<p>Grivel Sport Stealth, rinvio da arrampicata sportiva, utilizza l&#8217;omonimo moschettone con l&#8217;inconfondibile design del casco &#8220;Stealth&#8221; sfaccettato di Grivel. Il [&hellip;]<\/p>\n","protected":false},"featured_media":103629,"comment_status":"open","ping_status":"closed","template":"","meta":{"_acf_changed":false},"product_brand":[126],"product_cat":[133],"product_tag":[],"class_list":{"0":"post-103627","1":"product","2":"type-product","3":"status-publish","4":"has-post-thumbnail","6":"product_brand-grivel","7":"product_cat-rinvii","9":"first","10":"instock","11":"sale","12":"taxable","13":"shipping-taxable","14":"purchasable","15":"product-type-variable"},"acf":[],"yoast_head":"<!-- This site is optimized with the Yoast SEO plugin v26.4 - https:\/\/yoast.com\/wordpress\/plugins\/seo\/ -->\n<title>Grivel Sport Stealth rinvio arrampicata - Sestogrado<\/title>\n<meta name=\"description\" content=\"Grivel Sport Stealth rinvio arrampicata falesia utilizza l&#039;omonimo moschettone con il famoso e inconfondibile design &quot;stealth&quot; sfaccettato di Grivel. Il moschettone Stealth \u00e8 appositamente progettato per l&#039;arrampicata sportiva e presenta una grande apertura della leva insieme a un naso dritto per garantire un aggancio facile e veloce, con minima rotazione del polso. La fettuccia \u00e8 disponibile in due lunghezze: 13 e 18 centimetri; \u00e8 ampia per offrirti una presa ottimale e una durata eccellente. Questo rinvio, appositamente progettato per l&#039;arrampicata sportiva, si abbina perfettamente alla collezione Grivel Trend.\" \/>\n<meta name=\"robots\" content=\"index, follow, max-snippet:-1, max-image-preview:large, max-video-preview:-1\" \/>\n<link rel=\"canonical\" href=\"https:\/\/www.sestogrado.it\/it\/prodotto\/grivel-sport-stealth-rinvio-arrampicata-sportiva-falesia\/\" \/>\n<meta property=\"og:locale\" content=\"it_IT\" \/>\n<meta property=\"og:type\" content=\"article\" \/>\n<meta property=\"og:title\" content=\"Grivel Sport Stealth rinvio arrampicata - Sestogrado\" \/>\n<meta property=\"og:description\" content=\"Grivel Sport Stealth rinvio arrampicata falesia utilizza l&#039;omonimo moschettone con il famoso e inconfondibile design &quot;stealth&quot; sfaccettato di Grivel. Il moschettone Stealth \u00e8 appositamente progettato per l&#039;arrampicata sportiva e presenta una grande apertura della leva insieme a un naso dritto per garantire un aggancio facile e veloce, con minima rotazione del polso. La fettuccia \u00e8 disponibile in due lunghezze: 13 e 18 centimetri; \u00e8 ampia per offrirti una presa ottimale e una durata eccellente. Questo rinvio, appositamente progettato per l&#039;arrampicata sportiva, si abbina perfettamente alla collezione Grivel Trend.\" \/>\n<meta property=\"og:url\" content=\"https:\/\/www.sestogrado.it\/it\/prodotto\/grivel-sport-stealth-rinvio-arrampicata-sportiva-falesia\/\" \/>\n<meta property=\"og:site_name\" content=\"Sestogrado\" \/>\n<meta property=\"article:publisher\" content=\"https:\/\/www.facebook.com\/pages\/Sestogrado\/1542635979353017?ref=bookmarks\" \/>\n<meta property=\"article:modified_time\" content=\"2026-03-18T13:43:05+00:00\" \/>\n<meta property=\"og:image\" content=\"https:\/\/www.sestogrado.it\/wp-content\/uploads\/2022\/06\/quickdrawSTEALTHcm132021_1575x1024.jpg\" \/>\n\t<meta property=\"og:image:width\" content=\"2000\" \/>\n\t<meta property=\"og:image:height\" content=\"2000\" \/>\n\t<meta property=\"og:image:type\" content=\"image\/jpeg\" \/>\n<meta name=\"twitter:label1\" content=\"Disponibilit\u00e0\" \/>\n\t<meta name=\"twitter:data1\" content=\"In stock\" \/>\n<script type=\"application\/ld+json\" class=\"yoast-schema-graph\">{\"@context\":\"https:\/\/schema.org\",\"@graph\":[{\"@type\":\"WebPage\",\"@id\":\"https:\/\/www.sestogrado.it\/it\/prodotto\/grivel-sport-stealth-rinvio-arrampicata-sportiva-falesia\/\",\"url\":\"https:\/\/www.sestogrado.it\/it\/prodotto\/grivel-sport-stealth-rinvio-arrampicata-sportiva-falesia\/\",\"name\":\"Grivel Sport Stealth rinvio arrampicata - Sestogrado\",\"isPartOf\":{\"@id\":\"https:\/\/www.sestogrado.it\/it\/#website\"},\"primaryImageOfPage\":{\"@id\":\"https:\/\/www.sestogrado.it\/it\/prodotto\/grivel-sport-stealth-rinvio-arrampicata-sportiva-falesia\/#primaryimage\"},\"image\":{\"@id\":\"https:\/\/www.sestogrado.it\/prodotto\/grivel-sport-stealth-rinvio-arrampicata-sportiva-falesia\/#primaryimage\"},\"thumbnailUrl\":\"https:\/\/www.sestogrado.it\/wp-content\/uploads\/2022\/06\/quickdrawSTEALTHcm132021_1575x1024.jpg\",\"datePublished\":\"2022-06-07T13:59:08+00:00\",\"dateModified\":\"2026-03-18T13:43:05+00:00\",\"description\":\"Grivel Sport Stealth rinvio arrampicata falesia utilizza l'omonimo moschettone con il famoso e inconfondibile design \\\"stealth\\\" sfaccettato di Grivel. Il moschettone Stealth \u00e8 appositamente progettato per l'arrampicata sportiva e presenta una grande apertura della leva insieme a un naso dritto per garantire un aggancio facile e veloce, con minima rotazione del polso. La fettuccia \u00e8 disponibile in due lunghezze: 13 e 18 centimetri; \u00e8 ampia per offrirti una presa ottimale e una durata eccellente. Questo rinvio, appositamente progettato per l'arrampicata sportiva, si abbina perfettamente alla collezione Grivel Trend.\",\"breadcrumb\":{\"@id\":\"https:\/\/www.sestogrado.it\/it\/prodotto\/grivel-sport-stealth-rinvio-arrampicata-sportiva-falesia\/#breadcrumb\"},\"inLanguage\":\"it-IT\",\"potentialAction\":[{\"@type\":\"ReadAction\",\"target\":[[\"https:\/\/www.sestogrado.it\/it\/prodotto\/grivel-sport-stealth-rinvio-arrampicata-sportiva-falesia\/\"]]}]},{\"@type\":\"ImageObject\",\"inLanguage\":\"it-IT\",\"@id\":\"https:\/\/www.sestogrado.it\/it\/prodotto\/grivel-sport-stealth-rinvio-arrampicata-sportiva-falesia\/#primaryimage\",\"url\":\"https:\/\/www.sestogrado.it\/wp-content\/uploads\/2022\/06\/quickdrawSTEALTHcm132021_1575x1024.jpg\",\"contentUrl\":\"https:\/\/www.sestogrado.it\/wp-content\/uploads\/2022\/06\/quickdrawSTEALTHcm132021_1575x1024.jpg\",\"width\":2000,\"height\":2000,\"caption\":\"Grivel Sport Stealth\"},{\"@type\":\"BreadcrumbList\",\"@id\":\"https:\/\/www.sestogrado.it\/it\/prodotto\/grivel-sport-stealth-rinvio-arrampicata-sportiva-falesia\/#breadcrumb\",\"itemListElement\":[{\"@type\":\"ListItem\",\"position\":1,\"name\":\"Home\",\"item\":\"https:\/\/www.sestogrado.it\/it\/\"},{\"@type\":\"ListItem\",\"position\":2,\"name\":\"Shop\",\"item\":\"https:\/\/www.sestogrado.it\/it\/shop\/\"},{\"@type\":\"ListItem\",\"position\":3,\"name\":\"Grivel Sport Stealth rinvio arrampicata\"}]},{\"@type\":\"WebSite\",\"@id\":\"https:\/\/www.sestogrado.it\/it\/#website\",\"url\":\"https:\/\/www.sestogrado.it\/it\/\",\"name\":\"Sestogrado\",\"description\":\"yes we climb\",\"publisher\":{\"@id\":\"https:\/\/www.sestogrado.it\/it\/#organization\"},\"potentialAction\":[{\"@type\":\"SearchAction\",\"target\":{\"@type\":\"EntryPoint\",\"urlTemplate\":\"https:\/\/www.sestogrado.it\/it\/?s={search_term_string}\"},\"query-input\":{\"@type\":\"PropertyValueSpecification\",\"valueRequired\":true,\"valueName\":\"search_term_string\"}}],\"inLanguage\":\"it-IT\"},{\"@type\":\"Organization\",\"@id\":\"https:\/\/www.sestogrado.it\/it\/#organization\",\"name\":\"Sestogrado\",\"url\":\"https:\/\/www.sestogrado.it\/it\/\",\"logo\":{\"@type\":\"ImageObject\",\"inLanguage\":\"it-IT\",\"@id\":\"https:\/\/www.sestogrado.it\/it\/#\/schema\/logo\/image\/\",\"url\":\"https:\/\/www.sestogrado.it\/wp-content\/uploads\/2015\/03\/sestogrado-favicon.png\",\"contentUrl\":\"https:\/\/www.sestogrado.it\/wp-content\/uploads\/2015\/03\/sestogrado-favicon.png\",\"width\":260,\"height\":260,\"caption\":\"Sestogrado\"},\"image\":{\"@id\":\"https:\/\/www.sestogrado.it\/it\/#\/schema\/logo\/image\/\"},\"sameAs\":[\"https:\/\/www.facebook.com\/pages\/Sestogrado\/1542635979353017?ref=bookmarks\",\"https:\/\/www.youtube.com\/channel\/UC847kAfTkaJsWpc1jtQwr3Q\"],\"hasMerchantReturnPolicy\":{\"@type\":\"MerchantReturnPolicy\",\"merchantReturnLink\":\"https:\/\/www.sestogrado.it\/it\/termini-e-condizioni\/\"}}]}<\/script>\n<meta property=\"product:brand\" content=\"Grivel\" \/>\n<meta property=\"og:availability\" content=\"instock\" \/>\n<meta property=\"product:availability\" content=\"instock\" \/>\n<meta property=\"product:condition\" content=\"new\" \/>\n<!-- \/ Yoast SEO plugin. -->","yoast_head_json":{"title":"Grivel Sport Stealth rinvio arrampicata - Sestogrado","description":"Grivel Sport Stealth rinvio arrampicata falesia utilizza l'omonimo moschettone con il famoso e inconfondibile design \"stealth\" sfaccettato di Grivel. Il moschettone Stealth \u00e8 appositamente progettato per l'arrampicata sportiva e presenta una grande apertura della leva insieme a un naso dritto per garantire un aggancio facile e veloce, con minima rotazione del polso. La fettuccia \u00e8 disponibile in due lunghezze: 13 e 18 centimetri; \u00e8 ampia per offrirti una presa ottimale e una durata eccellente. Questo rinvio, appositamente progettato per l'arrampicata sportiva, si abbina perfettamente alla collezione Grivel Trend.","robots":{"index":"index","follow":"follow","max-snippet":"max-snippet:-1","max-image-preview":"max-image-preview:large","max-video-preview":"max-video-preview:-1"},"canonical":"https:\/\/www.sestogrado.it\/it\/prodotto\/grivel-sport-stealth-rinvio-arrampicata-sportiva-falesia\/","og_locale":"it_IT","og_type":"article","og_title":"Grivel Sport Stealth rinvio arrampicata - Sestogrado","og_description":"Grivel Sport Stealth rinvio arrampicata falesia utilizza l'omonimo moschettone con il famoso e inconfondibile design \"stealth\" sfaccettato di Grivel. Il moschettone Stealth \u00e8 appositamente progettato per l'arrampicata sportiva e presenta una grande apertura della leva insieme a un naso dritto per garantire un aggancio facile e veloce, con minima rotazione del polso. La fettuccia \u00e8 disponibile in due lunghezze: 13 e 18 centimetri; \u00e8 ampia per offrirti una presa ottimale e una durata eccellente. Questo rinvio, appositamente progettato per l'arrampicata sportiva, si abbina perfettamente alla collezione Grivel Trend.","og_url":"https:\/\/www.sestogrado.it\/it\/prodotto\/grivel-sport-stealth-rinvio-arrampicata-sportiva-falesia\/","og_site_name":"Sestogrado","article_publisher":"https:\/\/www.facebook.com\/pages\/Sestogrado\/1542635979353017?ref=bookmarks","article_modified_time":"2026-03-18T13:43:05+00:00","og_image":[{"width":2000,"height":2000,"url":"https:\/\/www.sestogrado.it\/wp-content\/uploads\/2022\/06\/quickdrawSTEALTHcm132021_1575x1024.jpg","type":"image\/jpeg"}],"twitter_misc":{"Disponibilit\u00e0":"In stock"},"schema":{"@context":"https:\/\/schema.org","@graph":[{"@type":"WebPage","@id":"https:\/\/www.sestogrado.it\/it\/prodotto\/grivel-sport-stealth-rinvio-arrampicata-sportiva-falesia\/","url":"https:\/\/www.sestogrado.it\/it\/prodotto\/grivel-sport-stealth-rinvio-arrampicata-sportiva-falesia\/","name":"Grivel Sport Stealth rinvio arrampicata - Sestogrado","isPartOf":{"@id":"https:\/\/www.sestogrado.it\/it\/#website"},"primaryImageOfPage":{"@id":"https:\/\/www.sestogrado.it\/it\/prodotto\/grivel-sport-stealth-rinvio-arrampicata-sportiva-falesia\/#primaryimage"},"image":{"@id":"https:\/\/www.sestogrado.it\/prodotto\/grivel-sport-stealth-rinvio-arrampicata-sportiva-falesia\/#primaryimage"},"thumbnailUrl":"https:\/\/www.sestogrado.it\/wp-content\/uploads\/2022\/06\/quickdrawSTEALTHcm132021_1575x1024.jpg","datePublished":"2022-06-07T13:59:08+00:00","dateModified":"2026-03-18T13:43:05+00:00","description":"Grivel Sport Stealth rinvio arrampicata falesia utilizza l'omonimo moschettone con il famoso e inconfondibile design \"stealth\" sfaccettato di Grivel. Il moschettone Stealth \u00e8 appositamente progettato per l'arrampicata sportiva e presenta una grande apertura della leva insieme a un naso dritto per garantire un aggancio facile e veloce, con minima rotazione del polso. La fettuccia \u00e8 disponibile in due lunghezze: 13 e 18 centimetri; \u00e8 ampia per offrirti una presa ottimale e una durata eccellente. Questo rinvio, appositamente progettato per l'arrampicata sportiva, si abbina perfettamente alla collezione Grivel Trend.","breadcrumb":{"@id":"https:\/\/www.sestogrado.it\/it\/prodotto\/grivel-sport-stealth-rinvio-arrampicata-sportiva-falesia\/#breadcrumb"},"inLanguage":"it-IT","potentialAction":[{"@type":"ReadAction","target":[["https:\/\/www.sestogrado.it\/it\/prodotto\/grivel-sport-stealth-rinvio-arrampicata-sportiva-falesia\/"]]}]},{"@type":"ImageObject","inLanguage":"it-IT","@id":"https:\/\/www.sestogrado.it\/it\/prodotto\/grivel-sport-stealth-rinvio-arrampicata-sportiva-falesia\/#primaryimage","url":"https:\/\/www.sestogrado.it\/wp-content\/uploads\/2022\/06\/quickdrawSTEALTHcm132021_1575x1024.jpg","contentUrl":"https:\/\/www.sestogrado.it\/wp-content\/uploads\/2022\/06\/quickdrawSTEALTHcm132021_1575x1024.jpg","width":2000,"height":2000,"caption":"Grivel Sport Stealth"},{"@type":"BreadcrumbList","@id":"https:\/\/www.sestogrado.it\/it\/prodotto\/grivel-sport-stealth-rinvio-arrampicata-sportiva-falesia\/#breadcrumb","itemListElement":[{"@type":"ListItem","position":1,"name":"Home","item":"https:\/\/www.sestogrado.it\/it\/"},{"@type":"ListItem","position":2,"name":"Shop","item":"https:\/\/www.sestogrado.it\/it\/shop\/"},{"@type":"ListItem","position":3,"name":"Grivel Sport Stealth rinvio arrampicata"}]},{"@type":"WebSite","@id":"https:\/\/www.sestogrado.it\/it\/#website","url":"https:\/\/www.sestogrado.it\/it\/","name":"Sestogrado","description":"yes we climb","publisher":{"@id":"https:\/\/www.sestogrado.it\/it\/#organization"},"potentialAction":[{"@type":"SearchAction","target":{"@type":"EntryPoint","urlTemplate":"https:\/\/www.sestogrado.it\/it\/?s={search_term_string}"},"query-input":{"@type":"PropertyValueSpecification","valueRequired":true,"valueName":"search_term_string"}}],"inLanguage":"it-IT"},{"@type":"Organization","@id":"https:\/\/www.sestogrado.it\/it\/#organization","name":"Sestogrado","url":"https:\/\/www.sestogrado.it\/it\/","logo":{"@type":"ImageObject","inLanguage":"it-IT","@id":"https:\/\/www.sestogrado.it\/it\/#\/schema\/logo\/image\/","url":"https:\/\/www.sestogrado.it\/wp-content\/uploads\/2015\/03\/sestogrado-favicon.png","contentUrl":"https:\/\/www.sestogrado.it\/wp-content\/uploads\/2015\/03\/sestogrado-favicon.png","width":260,"height":260,"caption":"Sestogrado"},"image":{"@id":"https:\/\/www.sestogrado.it\/it\/#\/schema\/logo\/image\/"},"sameAs":["https:\/\/www.facebook.com\/pages\/Sestogrado\/1542635979353017?ref=bookmarks","https:\/\/www.youtube.com\/channel\/UC847kAfTkaJsWpc1jtQwr3Q"],"hasMerchantReturnPolicy":{"@type":"MerchantReturnPolicy","merchantReturnLink":"https:\/\/www.sestogrado.it\/it\/termini-e-condizioni\/"}}]},"product_brand":"Grivel","og_availability":"instock","product_availability":"instock","product_condition":"new"},"_links":{"self":[{"href":"https:\/\/www.sestogrado.it\/it\/wp-json\/wp\/v2\/product\/103627","targetHints":{"allow":["GET"]}}],"collection":[{"href":"https:\/\/www.sestogrado.it\/it\/wp-json\/wp\/v2\/product"}],"about":[{"href":"https:\/\/www.sestogrado.it\/it\/wp-json\/wp\/v2\/types\/product"}],"replies":[{"embeddable":true,"href":"https:\/\/www.sestogrado.it\/it\/wp-json\/wp\/v2\/comments?post=103627"}],"wp:featuredmedia":[{"embeddable":true,"href":"https:\/\/www.sestogrado.it\/it\/wp-json\/wp\/v2\/media\/103629"}],"wp:attachment":[{"href":"https:\/\/www.sestogrado.it\/it\/wp-json\/wp\/v2\/media?parent=103627"}],"wp:term":[{"taxonomy":"product_brand","embeddable":true,"href":"https:\/\/www.sestogrado.it\/it\/wp-json\/wp\/v2\/product_brand?post=103627"},{"taxonomy":"product_cat","embeddable":true,"href":"https:\/\/www.sestogrado.it\/it\/wp-json\/wp\/v2\/product_cat?post=103627"},{"taxonomy":"product_tag","embeddable":true,"href":"https:\/\/www.sestogrado.it\/it\/wp-json\/wp\/v2\/product_tag?post=103627"}],"curies":[{"name":"wp","href":"https:\/\/api.w.org\/{rel}","templated":true}]}}