{"id":10301,"date":"2017-02-27T14:19:13","date_gmt":"2017-02-27T13:19:13","guid":{"rendered":"http:\/\/www.sestogrado.it\/prodotto\/black-diamond-momentum-ds-imbrago-bambino\/"},"modified":"2025-12-11T07:57:41","modified_gmt":"2025-12-11T06:57:41","slug":"black-diamond-momentum-4s-imbrago-bambino","status":"publish","type":"product","link":"https:\/\/www.sestogrado.it\/it\/prodotto\/black-diamond-momentum-4s-imbrago-bambino\/","title":{"rendered":"Black Diamond Momentum 4S imbrago bambino"},"content":{"rendered":"<p>Il Black Diamond Momentum 4S bambino \u00e8 la versione specificatamente dedicata ai piccoli climber dell&#8217;imbrago best seller mondiale di BD, Momentum 4S.<\/p>\n<p>Con una taglia di 56-78 cm in vita e 41-53 cm sui cosciali, il Black Diamond Momentum 4S bambino \u00e8 un imbrago a tutti gli effetti con le stesse caratteristiche e dotazioni della versione per adulti.<\/p>\n<p>Il Black Diamond 4S \u00e8 l&#8217;imbrago della linea Momentum di BD nella versione a 4 fibbie. Particolarmente versatile e destinato ad un utilizzo all around, per qualsiasi attivit\u00e0, il Black Diamond 4S fornisce la massima regolabilit\u00e0 in funzione della propria taglia. Due fibbie a regolazione rapida sulla cintura ventrale ed una per ogni cosciale forniscono facilit\u00e0 e rapidit\u00e0 di regolazione e rendono il Momentum 4S un imbrago 4 stagioni, utilizzabile per svariate attivit\u00e0 dal climbing in falesia, all&#8217;indoor, alle ferrate, all&#8217;alpinismo. La cintura ventrale dal profilo alto nella parte posteriore risulta particolarmente comoda per le lunghe sessioni in parete.<\/p>\n<ul>\n<li>due fibbie a regolazione rapida sulla cintura ventrale ed una per ogni cosciale, consentono massima regolabilit\u00e0<\/li>\n<li>alta cintura ventrale con costruzione Dual Core\u2122 fornisce elevato confort<\/li>\n<li>4 portamateriali pressofusi<\/li>\n<li>fettucce elasticizzate posteriori regolabili ed apribili<\/li>\n<li>disponibili in due taglia XS\/M e L\/XL<\/li>\n<\/ul>\n<p><img decoding=\"async\" class=\"size-full wp-image-10220 aligncenter\" src=\"https:\/\/www.sestogrado.it\/wp-content\/uploads\/2015\/07\/tech-highlight_S15_dual-core.png\" alt=\"momentum ds\" width=\"450\" height=\"274\" srcset=\"https:\/\/www.sestogrado.it\/wp-content\/uploads\/2015\/07\/tech-highlight_S15_dual-core.png 450w, https:\/\/www.sestogrado.it\/wp-content\/uploads\/2015\/07\/tech-highlight_S15_dual-core-300x183.png 300w, https:\/\/www.sestogrado.it\/wp-content\/uploads\/2015\/07\/tech-highlight_S15_dual-core-105x64.png 105w\" sizes=\"(max-width: 450px) 100vw, 450px\" \/><\/p>\n<p>&nbsp;<\/p>\n<p>&nbsp;<\/p>\n<p>Black Diamond dal 1957 rappresenta un punto di riferimento mondiale per l&#8217;attrezzatura da arrampicata. Ci\u00f2 che all&#8217;inizio era una attivit\u00e0 artigianale con incudine e martello oggi si \u00e8 trasformata in una societ\u00e0 globale con uffici in tre continenti. Il segreto di Black Diamond \u00e8 sempre lo stesso: essere una societ\u00e0 formata da appassionati climber. In Black Diamond si continua a sognare su ci\u00f2 che potrebbe essere e si continua ad essere critici su ci\u00f2 che esiste. E&#8217; cos\u00ec che il processo creativo per la realizzazione della migliore attrezzatura da arrampicata non avr\u00e0 mai fine.<\/p>","protected":false},"excerpt":{"rendered":"<p class=\"qtranxs-available-languages-message qtranxs-available-languages-message-it\">Ci spiace, ma questo articolo \u00e8 disponibile soltanto in <a href=\"https:\/\/www.sestogrado.it\/en\/wp-json\/wp\/v2\/product\/10301\" class=\"qtranxs-available-language-link qtranxs-available-language-link-en\" title=\"English\">English<\/a>.<\/p>\n","protected":false},"featured_media":92080,"comment_status":"open","ping_status":"closed","template":"","meta":{"_acf_changed":false},"product_brand":[121],"product_cat":[185],"product_tag":[412,411],"class_list":{"0":"post-10301","1":"product","2":"type-product","3":"status-publish","4":"has-post-thumbnail","6":"product_brand-black-diamond","7":"product_cat-bambino","8":"product_tag-imbracatura-bambino","9":"product_tag-imbrago-bambino","11":"first","12":"instock","13":"sale","14":"taxable","15":"shipping-taxable","16":"purchasable","17":"product-type-simple"},"acf":[],"yoast_head":"<!-- This site is optimized with the Yoast SEO plugin v26.4 - https:\/\/yoast.com\/wordpress\/plugins\/seo\/ -->\n<title>Black Diamond Momentum 4S imbrago bambino - Sestogrado<\/title>\n<meta name=\"description\" content=\"Il Black Diamond Momentum 4S bambino \u00e8 la versione specificatamente dedicata ai piccoli climber dell&#039;imbrago best seller mondiale di BD, Momentum 4S.Con una taglia di 56-78 cm in vita e 41-53 cm sui cosciali, il Black Diamond Momentum 4S bambino \u00e8 un imbrago a tutti gli effetti con le stesse caratteristiche e dotazioni della versione per adulti.Il Black Diamond 4S \u00e8 l&#039;imbrago della linea Momentum di BD nella versione a 4 fibbie. Particolarmente versatile e destinato ad un utilizzo all around, per qualsiasi attivit\u00e0, il Black Diamond 4S fornisce la massima regolabilit\u00e0 in funzione della propria taglia. Due fibbie a regolazione rapida sulla cintura ventrale ed una per ogni cosciale forniscono facilit\u00e0 e rapidit\u00e0 di regolazione e rendono il Momentum 4S un imbrago 4 stagioni, utilizzabile per svariate attivit\u00e0 dal climbing in falesia, all&#039;indoor, alle ferrate, all&#039;alpinismo. La cintura ventrale dal profilo alto nella parte posteriore risulta particolarmente comoda per le lunghe sessioni in parete.\" \/>\n<meta name=\"robots\" content=\"index, follow, max-snippet:-1, max-image-preview:large, max-video-preview:-1\" \/>\n<link rel=\"canonical\" href=\"https:\/\/www.sestogrado.it\/it\/prodotto\/black-diamond-momentum-4s-imbrago-bambino\/\" \/>\n<meta property=\"og:locale\" content=\"it_IT\" \/>\n<meta property=\"og:type\" content=\"article\" \/>\n<meta property=\"og:title\" content=\"Black Diamond Momentum 4S imbrago bambino - Sestogrado\" \/>\n<meta property=\"og:description\" content=\"Il Black Diamond Momentum 4S bambino \u00e8 la versione specificatamente dedicata ai piccoli climber dell&#039;imbrago best seller mondiale di BD, Momentum 4S.Con una taglia di 56-78 cm in vita e 41-53 cm sui cosciali, il Black Diamond Momentum 4S bambino \u00e8 un imbrago a tutti gli effetti con le stesse caratteristiche e dotazioni della versione per adulti.Il Black Diamond 4S \u00e8 l&#039;imbrago della linea Momentum di BD nella versione a 4 fibbie. Particolarmente versatile e destinato ad un utilizzo all around, per qualsiasi attivit\u00e0, il Black Diamond 4S fornisce la massima regolabilit\u00e0 in funzione della propria taglia. Due fibbie a regolazione rapida sulla cintura ventrale ed una per ogni cosciale forniscono facilit\u00e0 e rapidit\u00e0 di regolazione e rendono il Momentum 4S un imbrago 4 stagioni, utilizzabile per svariate attivit\u00e0 dal climbing in falesia, all&#039;indoor, alle ferrate, all&#039;alpinismo. La cintura ventrale dal profilo alto nella parte posteriore risulta particolarmente comoda per le lunghe sessioni in parete.\" \/>\n<meta property=\"og:url\" content=\"https:\/\/www.sestogrado.it\/it\/prodotto\/black-diamond-momentum-4s-imbrago-bambino\/\" \/>\n<meta property=\"og:site_name\" content=\"Sestogrado\" \/>\n<meta property=\"article:publisher\" content=\"https:\/\/www.facebook.com\/pages\/Sestogrado\/1542635979353017?ref=bookmarks\" \/>\n<meta property=\"article:modified_time\" content=\"2025-12-11T06:57:41+00:00\" \/>\n<meta property=\"og:image\" content=\"https:\/\/www.sestogrado.it\/wp-content\/uploads\/2017\/02\/4s-bambino.jpg\" \/>\n\t<meta property=\"og:image:width\" content=\"1313\" \/>\n\t<meta property=\"og:image:height\" content=\"1313\" \/>\n\t<meta property=\"og:image:type\" content=\"image\/jpeg\" \/>\n<meta name=\"twitter:label1\" content=\"Prezzo\" \/>\n\t<meta name=\"twitter:data1\" content=\"&euro;&nbsp;59,00\" \/>\n\t<meta name=\"twitter:label2\" content=\"Disponibilit\u00e0\" \/>\n\t<meta name=\"twitter:data2\" content=\"In stock\" \/>\n<script type=\"application\/ld+json\" class=\"yoast-schema-graph\">{\"@context\":\"https:\/\/schema.org\",\"@graph\":[{\"@type\":\"WebPage\",\"@id\":\"https:\/\/www.sestogrado.it\/it\/prodotto\/black-diamond-momentum-4s-imbrago-bambino\/\",\"url\":\"https:\/\/www.sestogrado.it\/it\/prodotto\/black-diamond-momentum-4s-imbrago-bambino\/\",\"name\":\"Black Diamond Momentum 4S imbrago bambino - Sestogrado\",\"isPartOf\":{\"@id\":\"https:\/\/www.sestogrado.it\/it\/#website\"},\"primaryImageOfPage\":{\"@id\":\"https:\/\/www.sestogrado.it\/it\/prodotto\/black-diamond-momentum-4s-imbrago-bambino\/#primaryimage\"},\"image\":{\"@id\":\"https:\/\/www.sestogrado.it\/prodotto\/black-diamond-momentum-4s-imbrago-bambino\/#primaryimage\"},\"thumbnailUrl\":\"https:\/\/www.sestogrado.it\/wp-content\/uploads\/2017\/02\/4s-bambino.jpg\",\"datePublished\":\"2017-02-27T13:19:13+00:00\",\"dateModified\":\"2025-12-11T06:57:41+00:00\",\"description\":\"Il Black Diamond Momentum 4S bambino \u00e8 la versione specificatamente dedicata ai piccoli climber dell'imbrago best seller mondiale di BD, Momentum 4S.Con una taglia di 56-78 cm in vita e 41-53 cm sui cosciali, il Black Diamond Momentum 4S bambino \u00e8 un imbrago a tutti gli effetti con le stesse caratteristiche e dotazioni della versione per adulti.Il Black Diamond 4S \u00e8 l'imbrago della linea Momentum di BD nella versione a 4 fibbie. Particolarmente versatile e destinato ad un utilizzo all around, per qualsiasi attivit\u00e0, il Black Diamond 4S fornisce la massima regolabilit\u00e0 in funzione della propria taglia. Due fibbie a regolazione rapida sulla cintura ventrale ed una per ogni cosciale forniscono facilit\u00e0 e rapidit\u00e0 di regolazione e rendono il Momentum 4S un imbrago 4 stagioni, utilizzabile per svariate attivit\u00e0 dal climbing in falesia, all'indoor, alle ferrate, all'alpinismo. La cintura ventrale dal profilo alto nella parte posteriore risulta particolarmente comoda per le lunghe sessioni in parete.\",\"breadcrumb\":{\"@id\":\"https:\/\/www.sestogrado.it\/it\/prodotto\/black-diamond-momentum-4s-imbrago-bambino\/#breadcrumb\"},\"inLanguage\":\"it-IT\",\"potentialAction\":[{\"@type\":\"ReadAction\",\"target\":[[\"https:\/\/www.sestogrado.it\/it\/prodotto\/black-diamond-momentum-4s-imbrago-bambino\/\"]]}]},{\"@type\":\"ImageObject\",\"inLanguage\":\"it-IT\",\"@id\":\"https:\/\/www.sestogrado.it\/it\/prodotto\/black-diamond-momentum-4s-imbrago-bambino\/#primaryimage\",\"url\":\"https:\/\/www.sestogrado.it\/wp-content\/uploads\/2017\/02\/4s-bambino.jpg\",\"contentUrl\":\"https:\/\/www.sestogrado.it\/wp-content\/uploads\/2017\/02\/4s-bambino.jpg\",\"width\":1313,\"height\":1313,\"caption\":\"4s-bambino\"},{\"@type\":\"BreadcrumbList\",\"@id\":\"https:\/\/www.sestogrado.it\/it\/prodotto\/black-diamond-momentum-4s-imbrago-bambino\/#breadcrumb\",\"itemListElement\":[{\"@type\":\"ListItem\",\"position\":1,\"name\":\"Home\",\"item\":\"https:\/\/www.sestogrado.it\/it\/\"},{\"@type\":\"ListItem\",\"position\":2,\"name\":\"Shop\",\"item\":\"https:\/\/www.sestogrado.it\/it\/shop\/\"},{\"@type\":\"ListItem\",\"position\":3,\"name\":\"Black Diamond Momentum 4S imbrago bambino\"}]},{\"@type\":\"WebSite\",\"@id\":\"https:\/\/www.sestogrado.it\/it\/#website\",\"url\":\"https:\/\/www.sestogrado.it\/it\/\",\"name\":\"Sestogrado\",\"description\":\"yes we climb\",\"publisher\":{\"@id\":\"https:\/\/www.sestogrado.it\/it\/#organization\"},\"potentialAction\":[{\"@type\":\"SearchAction\",\"target\":{\"@type\":\"EntryPoint\",\"urlTemplate\":\"https:\/\/www.sestogrado.it\/it\/?s={search_term_string}\"},\"query-input\":{\"@type\":\"PropertyValueSpecification\",\"valueRequired\":true,\"valueName\":\"search_term_string\"}}],\"inLanguage\":\"it-IT\"},{\"@type\":\"Organization\",\"@id\":\"https:\/\/www.sestogrado.it\/it\/#organization\",\"name\":\"Sestogrado\",\"url\":\"https:\/\/www.sestogrado.it\/it\/\",\"logo\":{\"@type\":\"ImageObject\",\"inLanguage\":\"it-IT\",\"@id\":\"https:\/\/www.sestogrado.it\/it\/#\/schema\/logo\/image\/\",\"url\":\"https:\/\/www.sestogrado.it\/wp-content\/uploads\/2015\/03\/sestogrado-favicon.png\",\"contentUrl\":\"https:\/\/www.sestogrado.it\/wp-content\/uploads\/2015\/03\/sestogrado-favicon.png\",\"width\":260,\"height\":260,\"caption\":\"Sestogrado\"},\"image\":{\"@id\":\"https:\/\/www.sestogrado.it\/it\/#\/schema\/logo\/image\/\"},\"sameAs\":[\"https:\/\/www.facebook.com\/pages\/Sestogrado\/1542635979353017?ref=bookmarks\",\"https:\/\/www.youtube.com\/channel\/UC847kAfTkaJsWpc1jtQwr3Q\"],\"hasMerchantReturnPolicy\":{\"@type\":\"MerchantReturnPolicy\",\"merchantReturnLink\":\"https:\/\/www.sestogrado.it\/it\/termini-e-condizioni\/\"}}]}<\/script>\n<meta property=\"product:brand\" content=\"Black Diamond\" \/>\n<meta property=\"product:price:amount\" content=\"59.00\" \/>\n<meta property=\"product:price:currency\" content=\"EUR\" \/>\n<meta property=\"og:availability\" content=\"instock\" \/>\n<meta property=\"product:availability\" content=\"instock\" \/>\n<meta property=\"product:condition\" content=\"new\" \/>\n<!-- \/ Yoast SEO plugin. -->","yoast_head_json":{"title":"Black Diamond Momentum 4S imbrago bambino - Sestogrado","description":"Il Black Diamond Momentum 4S bambino \u00e8 la versione specificatamente dedicata ai piccoli climber dell'imbrago best seller mondiale di BD, Momentum 4S.Con una taglia di 56-78 cm in vita e 41-53 cm sui cosciali, il Black Diamond Momentum 4S bambino \u00e8 un imbrago a tutti gli effetti con le stesse caratteristiche e dotazioni della versione per adulti.Il Black Diamond 4S \u00e8 l'imbrago della linea Momentum di BD nella versione a 4 fibbie. Particolarmente versatile e destinato ad un utilizzo all around, per qualsiasi attivit\u00e0, il Black Diamond 4S fornisce la massima regolabilit\u00e0 in funzione della propria taglia. Due fibbie a regolazione rapida sulla cintura ventrale ed una per ogni cosciale forniscono facilit\u00e0 e rapidit\u00e0 di regolazione e rendono il Momentum 4S un imbrago 4 stagioni, utilizzabile per svariate attivit\u00e0 dal climbing in falesia, all'indoor, alle ferrate, all'alpinismo. La cintura ventrale dal profilo alto nella parte posteriore risulta particolarmente comoda per le lunghe sessioni in parete.","robots":{"index":"index","follow":"follow","max-snippet":"max-snippet:-1","max-image-preview":"max-image-preview:large","max-video-preview":"max-video-preview:-1"},"canonical":"https:\/\/www.sestogrado.it\/it\/prodotto\/black-diamond-momentum-4s-imbrago-bambino\/","og_locale":"it_IT","og_type":"article","og_title":"Black Diamond Momentum 4S imbrago bambino - Sestogrado","og_description":"Il Black Diamond Momentum 4S bambino \u00e8 la versione specificatamente dedicata ai piccoli climber dell'imbrago best seller mondiale di BD, Momentum 4S.Con una taglia di 56-78 cm in vita e 41-53 cm sui cosciali, il Black Diamond Momentum 4S bambino \u00e8 un imbrago a tutti gli effetti con le stesse caratteristiche e dotazioni della versione per adulti.Il Black Diamond 4S \u00e8 l'imbrago della linea Momentum di BD nella versione a 4 fibbie. Particolarmente versatile e destinato ad un utilizzo all around, per qualsiasi attivit\u00e0, il Black Diamond 4S fornisce la massima regolabilit\u00e0 in funzione della propria taglia. Due fibbie a regolazione rapida sulla cintura ventrale ed una per ogni cosciale forniscono facilit\u00e0 e rapidit\u00e0 di regolazione e rendono il Momentum 4S un imbrago 4 stagioni, utilizzabile per svariate attivit\u00e0 dal climbing in falesia, all'indoor, alle ferrate, all'alpinismo. La cintura ventrale dal profilo alto nella parte posteriore risulta particolarmente comoda per le lunghe sessioni in parete.","og_url":"https:\/\/www.sestogrado.it\/it\/prodotto\/black-diamond-momentum-4s-imbrago-bambino\/","og_site_name":"Sestogrado","article_publisher":"https:\/\/www.facebook.com\/pages\/Sestogrado\/1542635979353017?ref=bookmarks","article_modified_time":"2025-12-11T06:57:41+00:00","og_image":[{"width":1313,"height":1313,"url":"https:\/\/www.sestogrado.it\/wp-content\/uploads\/2017\/02\/4s-bambino.jpg","type":"image\/jpeg"}],"twitter_misc":{"Prezzo":"&euro;&nbsp;59,00","Disponibilit\u00e0":"In stock"},"schema":{"@context":"https:\/\/schema.org","@graph":[{"@type":"WebPage","@id":"https:\/\/www.sestogrado.it\/it\/prodotto\/black-diamond-momentum-4s-imbrago-bambino\/","url":"https:\/\/www.sestogrado.it\/it\/prodotto\/black-diamond-momentum-4s-imbrago-bambino\/","name":"Black Diamond Momentum 4S imbrago bambino - Sestogrado","isPartOf":{"@id":"https:\/\/www.sestogrado.it\/it\/#website"},"primaryImageOfPage":{"@id":"https:\/\/www.sestogrado.it\/it\/prodotto\/black-diamond-momentum-4s-imbrago-bambino\/#primaryimage"},"image":{"@id":"https:\/\/www.sestogrado.it\/prodotto\/black-diamond-momentum-4s-imbrago-bambino\/#primaryimage"},"thumbnailUrl":"https:\/\/www.sestogrado.it\/wp-content\/uploads\/2017\/02\/4s-bambino.jpg","datePublished":"2017-02-27T13:19:13+00:00","dateModified":"2025-12-11T06:57:41+00:00","description":"Il Black Diamond Momentum 4S bambino \u00e8 la versione specificatamente dedicata ai piccoli climber dell'imbrago best seller mondiale di BD, Momentum 4S.Con una taglia di 56-78 cm in vita e 41-53 cm sui cosciali, il Black Diamond Momentum 4S bambino \u00e8 un imbrago a tutti gli effetti con le stesse caratteristiche e dotazioni della versione per adulti.Il Black Diamond 4S \u00e8 l'imbrago della linea Momentum di BD nella versione a 4 fibbie. Particolarmente versatile e destinato ad un utilizzo all around, per qualsiasi attivit\u00e0, il Black Diamond 4S fornisce la massima regolabilit\u00e0 in funzione della propria taglia. Due fibbie a regolazione rapida sulla cintura ventrale ed una per ogni cosciale forniscono facilit\u00e0 e rapidit\u00e0 di regolazione e rendono il Momentum 4S un imbrago 4 stagioni, utilizzabile per svariate attivit\u00e0 dal climbing in falesia, all'indoor, alle ferrate, all'alpinismo. La cintura ventrale dal profilo alto nella parte posteriore risulta particolarmente comoda per le lunghe sessioni in parete.","breadcrumb":{"@id":"https:\/\/www.sestogrado.it\/it\/prodotto\/black-diamond-momentum-4s-imbrago-bambino\/#breadcrumb"},"inLanguage":"it-IT","potentialAction":[{"@type":"ReadAction","target":[["https:\/\/www.sestogrado.it\/it\/prodotto\/black-diamond-momentum-4s-imbrago-bambino\/"]]}]},{"@type":"ImageObject","inLanguage":"it-IT","@id":"https:\/\/www.sestogrado.it\/it\/prodotto\/black-diamond-momentum-4s-imbrago-bambino\/#primaryimage","url":"https:\/\/www.sestogrado.it\/wp-content\/uploads\/2017\/02\/4s-bambino.jpg","contentUrl":"https:\/\/www.sestogrado.it\/wp-content\/uploads\/2017\/02\/4s-bambino.jpg","width":1313,"height":1313,"caption":"4s-bambino"},{"@type":"BreadcrumbList","@id":"https:\/\/www.sestogrado.it\/it\/prodotto\/black-diamond-momentum-4s-imbrago-bambino\/#breadcrumb","itemListElement":[{"@type":"ListItem","position":1,"name":"Home","item":"https:\/\/www.sestogrado.it\/it\/"},{"@type":"ListItem","position":2,"name":"Shop","item":"https:\/\/www.sestogrado.it\/it\/shop\/"},{"@type":"ListItem","position":3,"name":"Black Diamond Momentum 4S imbrago bambino"}]},{"@type":"WebSite","@id":"https:\/\/www.sestogrado.it\/it\/#website","url":"https:\/\/www.sestogrado.it\/it\/","name":"Sestogrado","description":"yes we climb","publisher":{"@id":"https:\/\/www.sestogrado.it\/it\/#organization"},"potentialAction":[{"@type":"SearchAction","target":{"@type":"EntryPoint","urlTemplate":"https:\/\/www.sestogrado.it\/it\/?s={search_term_string}"},"query-input":{"@type":"PropertyValueSpecification","valueRequired":true,"valueName":"search_term_string"}}],"inLanguage":"it-IT"},{"@type":"Organization","@id":"https:\/\/www.sestogrado.it\/it\/#organization","name":"Sestogrado","url":"https:\/\/www.sestogrado.it\/it\/","logo":{"@type":"ImageObject","inLanguage":"it-IT","@id":"https:\/\/www.sestogrado.it\/it\/#\/schema\/logo\/image\/","url":"https:\/\/www.sestogrado.it\/wp-content\/uploads\/2015\/03\/sestogrado-favicon.png","contentUrl":"https:\/\/www.sestogrado.it\/wp-content\/uploads\/2015\/03\/sestogrado-favicon.png","width":260,"height":260,"caption":"Sestogrado"},"image":{"@id":"https:\/\/www.sestogrado.it\/it\/#\/schema\/logo\/image\/"},"sameAs":["https:\/\/www.facebook.com\/pages\/Sestogrado\/1542635979353017?ref=bookmarks","https:\/\/www.youtube.com\/channel\/UC847kAfTkaJsWpc1jtQwr3Q"],"hasMerchantReturnPolicy":{"@type":"MerchantReturnPolicy","merchantReturnLink":"https:\/\/www.sestogrado.it\/it\/termini-e-condizioni\/"}}]},"product_brand":"Black Diamond","product_price_amount":"59.00","product_price_currency":"EUR","og_availability":"instock","product_availability":"instock","product_condition":"new"},"_links":{"self":[{"href":"https:\/\/www.sestogrado.it\/it\/wp-json\/wp\/v2\/product\/10301","targetHints":{"allow":["GET"]}}],"collection":[{"href":"https:\/\/www.sestogrado.it\/it\/wp-json\/wp\/v2\/product"}],"about":[{"href":"https:\/\/www.sestogrado.it\/it\/wp-json\/wp\/v2\/types\/product"}],"replies":[{"embeddable":true,"href":"https:\/\/www.sestogrado.it\/it\/wp-json\/wp\/v2\/comments?post=10301"}],"wp:featuredmedia":[{"embeddable":true,"href":"https:\/\/www.sestogrado.it\/it\/wp-json\/wp\/v2\/media\/92080"}],"wp:attachment":[{"href":"https:\/\/www.sestogrado.it\/it\/wp-json\/wp\/v2\/media?parent=10301"}],"wp:term":[{"taxonomy":"product_brand","embeddable":true,"href":"https:\/\/www.sestogrado.it\/it\/wp-json\/wp\/v2\/product_brand?post=10301"},{"taxonomy":"product_cat","embeddable":true,"href":"https:\/\/www.sestogrado.it\/it\/wp-json\/wp\/v2\/product_cat?post=10301"},{"taxonomy":"product_tag","embeddable":true,"href":"https:\/\/www.sestogrado.it\/it\/wp-json\/wp\/v2\/product_tag?post=10301"}],"curies":[{"name":"wp","href":"https:\/\/api.w.org\/{rel}","templated":true}]}}