{"id":102166,"date":"2022-06-27T12:10:04","date_gmt":"2022-06-27T10:10:04","guid":{"rendered":"https:\/\/www.sestogrado.it\/?post_type=product&#038;p=102166"},"modified":"2025-02-12T09:49:54","modified_gmt":"2025-02-12T08:49:54","slug":"black-diamond-mission-45-l-zaino-spedizione-alpinismo","status":"publish","type":"product","link":"https:\/\/www.sestogrado.it\/it\/prodotto\/black-diamond-mission-45-l-zaino-spedizione-alpinismo\/","title":{"rendered":"Black Diamond Mission 45 L zaino spedizione alpinismo"},"content":{"rendered":"<p>Black Diamond Mission 45 L zaino spedizione alpinismo \u00e8 stato progettato per resistere a falesie su ghiaccio, salite miste e spedizioni con ogni tempo. Lo zaino Black Diamond Mission \u00e8 <strong>lo zaino alpino pi\u00f9 resistente<\/strong>. Caratterizzati da un <strong>tessuto BD X-rip 420d<\/strong> aggiornato con <em>rivestimento UTS\u2122<\/em>, il Mission \u00e8 ultra resistente stagione dopo stagione per rispondere agli abusi in montagna.<\/p>\n<p>I Mission forniscono un trasporto equilibrato grazie agli spallacci <em>SwingArm<\/em> e alla cintura, al coperchio e al telaio completamente smontabili. Il nuovo attacco per attrezzi da ghiaccio <em>dogbone<\/em> in metallo personalizzato fornisce un fissaggio sicuro per attrezzi da ghiaccio tecnici e asce da alpinismo, mentre una custodia per ramponi anteriore e una cinghia di corda nascosta fissano l&#8217;attrezzatura all&#8217;esterno.<\/p>\n<ul>\n<li>Nuovo tessuto <em>BD &#8220;X-rip&#8221; in nylon 420d<\/em> con rivestimento <em>UTS\u2122<\/em><\/li>\n<li>Patch di abrasione anteriore saldato per una migliore protezione contro roccia, ghiaccio e punte di ramponi<\/li>\n<li>Nuovo attacco per attrezzi da ghiaccio <em>dogbone<\/em> in metallo personalizzato con micro strumenti per ghiaccio PickPockets\u2122 e cinghie per ramponi rimovibili da 20 mm<\/li>\n<li>Caricamento dall&#8217;alto, con coperchio rimovibile, chiusura della gonna con cordino e cinturino in corda a scomparsa<\/li>\n<li>Design <em>strippable<\/em>: telo\/cuscino da bivacco rimovibile e cintura in vita rimovibile con cintura fissa<\/li>\n<li>Imbracatura con tracolla ridisegnata per un maggiore comfort e durata<\/li>\n<li>Pannello posteriore ridisegnato e traspirante<\/li>\n<\/ul>\n<div class=\"embed-responsive embed-responsive-16by9\"><iframe title=\"Black Diamond Mission Packs\" width=\"500\" height=\"281\" src=\"https:\/\/www.youtube.com\/embed\/dThQakbeGdk?start=89&#038;feature=oembed\" frameborder=\"0\" allow=\"accelerometer; autoplay; clipboard-write; encrypted-media; gyroscope; picture-in-picture; web-share\" referrerpolicy=\"strict-origin-when-cross-origin\" allowfullscreen><\/iframe><\/div>\n<p>&nbsp;<\/p>\n<p>&nbsp;<\/p>\n<p>Black Diamond dal 1957 rappresenta un punto di riferimento mondiale per l\u2019attrezzatura da arrampicata. Ci\u00f2 che all\u2019inizio era una attivit\u00e0 artigianale con incudine e martello oggi si \u00e8 trasformata in una societ\u00e0 globale con uffici in tre continenti. Il segreto di Black Diamond \u00e8 sempre lo stesso: essere una societ\u00e0 formata da appassionati climber. In Black Diamond si continua a sognare su ci\u00f2 che potrebbe essere e si continua ad essere critici su ci\u00f2 che esiste. E\u2019 cos\u00ec che il processo creativo per la realizzazione della migliore attrezzatura da arrampicata non avr\u00e0 mai fine.<\/p>","protected":false},"excerpt":{"rendered":"<p>Black Diamond Mission 45 L zaino spedizione alpinismo \u00e8 stato progettato per resistere a falesie su ghiaccio, salite miste e [&hellip;]<\/p>\n","protected":false},"featured_media":105653,"comment_status":"open","ping_status":"closed","template":"","meta":{"_acf_changed":false},"product_brand":[121],"product_cat":[389,1432],"product_tag":[],"class_list":{"0":"post-102166","1":"product","2":"type-product","3":"status-publish","4":"has-post-thumbnail","6":"product_brand-black-diamond","7":"product_cat-zaini-alpinismo","8":"product_cat-escursionismo","10":"first","11":"outofstock","12":"sale","13":"taxable","14":"shipping-taxable","15":"purchasable","16":"product-type-simple"},"acf":[],"yoast_head":"<!-- This site is optimized with the Yoast SEO plugin v26.4 - https:\/\/yoast.com\/wordpress\/plugins\/seo\/ -->\n<title>Black Diamond Mission 45 L zaino spedizione alpinismo - Sestogrado<\/title>\n<meta name=\"description\" content=\"Black Diamond Mission 45 L zaino spedizione alpinismo \u00e8 stato progettato per resistere a falesie su ghiaccio, salite miste e spedizioni con tempo freddo. Lo zaino Black Diamond Mission \u00e8 lo zaino alpino pi\u00f9 resistente. Caratterizzati da un tessuto BD X-rip 420d aggiornato con rivestimento UTS\u2122, il Mission \u00e8 ultra resistente stagione dopo stagione per rispondere agli abusi in montagna. I Mission forniscono un trasporto equilibrato grazie agli spallacci SwingArm e alla cintura, al coperchio e al telaio completamente smontabili. Il nuovo attacco per attrezzi da ghiaccio dogbone in metallo personalizzato fornisce un fissaggio sicuro per attrezzi da ghiaccio tecnici e asce da alpinismo, mentre una custodia per ramponi anteriore e una cinghia di corda nascosta fissano l&#039;attrezzatura all&#039;esterno.\u00a0\" \/>\n<meta name=\"robots\" content=\"index, follow, max-snippet:-1, max-image-preview:large, max-video-preview:-1\" \/>\n<link rel=\"canonical\" href=\"https:\/\/www.sestogrado.it\/it\/prodotto\/black-diamond-mission-45-l-zaino-spedizione-alpinismo\/\" \/>\n<meta property=\"og:locale\" content=\"it_IT\" \/>\n<meta property=\"og:type\" content=\"article\" \/>\n<meta property=\"og:title\" content=\"Black Diamond Mission 45 L zaino spedizione alpinismo - Sestogrado\" \/>\n<meta property=\"og:description\" content=\"Black Diamond Mission 45 L zaino spedizione alpinismo \u00e8 stato progettato per resistere a falesie su ghiaccio, salite miste e spedizioni con tempo freddo. Lo zaino Black Diamond Mission \u00e8 lo zaino alpino pi\u00f9 resistente. Caratterizzati da un tessuto BD X-rip 420d aggiornato con rivestimento UTS\u2122, il Mission \u00e8 ultra resistente stagione dopo stagione per rispondere agli abusi in montagna. I Mission forniscono un trasporto equilibrato grazie agli spallacci SwingArm e alla cintura, al coperchio e al telaio completamente smontabili. Il nuovo attacco per attrezzi da ghiaccio dogbone in metallo personalizzato fornisce un fissaggio sicuro per attrezzi da ghiaccio tecnici e asce da alpinismo, mentre una custodia per ramponi anteriore e una cinghia di corda nascosta fissano l&#039;attrezzatura all&#039;esterno.\u00a0\" \/>\n<meta property=\"og:url\" content=\"https:\/\/www.sestogrado.it\/it\/prodotto\/black-diamond-mission-45-l-zaino-spedizione-alpinismo\/\" \/>\n<meta property=\"og:site_name\" content=\"Sestogrado\" \/>\n<meta property=\"article:publisher\" content=\"https:\/\/www.facebook.com\/pages\/Sestogrado\/1542635979353017?ref=bookmarks\" \/>\n<meta property=\"article:modified_time\" content=\"2025-02-12T08:49:54+00:00\" \/>\n<meta property=\"og:image\" content=\"https:\/\/www.sestogrado.it\/wp-content\/uploads\/2022\/06\/13943_source_1649987712.jpg\" \/>\n\t<meta property=\"og:image:width\" content=\"980\" \/>\n\t<meta property=\"og:image:height\" content=\"980\" \/>\n\t<meta property=\"og:image:type\" content=\"image\/jpeg\" \/>\n<meta name=\"twitter:label1\" content=\"Prezzo\" \/>\n\t<meta name=\"twitter:data1\" content=\"&euro;&nbsp;199,00\" \/>\n\t<meta name=\"twitter:label2\" content=\"Disponibilit\u00e0\" \/>\n\t<meta name=\"twitter:data2\" content=\"Esaurito\" \/>\n<script type=\"application\/ld+json\" class=\"yoast-schema-graph\">{\"@context\":\"https:\/\/schema.org\",\"@graph\":[{\"@type\":\"WebPage\",\"@id\":\"https:\/\/www.sestogrado.it\/it\/prodotto\/black-diamond-mission-45-l-zaino-spedizione-alpinismo\/\",\"url\":\"https:\/\/www.sestogrado.it\/it\/prodotto\/black-diamond-mission-45-l-zaino-spedizione-alpinismo\/\",\"name\":\"Black Diamond Mission 45 L zaino spedizione alpinismo - Sestogrado\",\"isPartOf\":{\"@id\":\"https:\/\/www.sestogrado.it\/it\/#website\"},\"primaryImageOfPage\":{\"@id\":\"https:\/\/www.sestogrado.it\/it\/prodotto\/black-diamond-mission-45-l-zaino-spedizione-alpinismo\/#primaryimage\"},\"image\":{\"@id\":\"https:\/\/www.sestogrado.it\/prodotto\/black-diamond-mission-45-l-zaino-spedizione-alpinismo\/#primaryimage\"},\"thumbnailUrl\":\"https:\/\/www.sestogrado.it\/wp-content\/uploads\/2022\/06\/13943_source_1649987712.jpg\",\"datePublished\":\"2022-06-27T10:10:04+00:00\",\"dateModified\":\"2025-02-12T08:49:54+00:00\",\"description\":\"Black Diamond Mission 45 L zaino spedizione alpinismo \u00e8 stato progettato per resistere a falesie su ghiaccio, salite miste e spedizioni con tempo freddo. Lo zaino Black Diamond Mission \u00e8 lo zaino alpino pi\u00f9 resistente. Caratterizzati da un tessuto BD X-rip 420d aggiornato con rivestimento UTS\u2122, il Mission \u00e8 ultra resistente stagione dopo stagione per rispondere agli abusi in montagna. I Mission forniscono un trasporto equilibrato grazie agli spallacci SwingArm e alla cintura, al coperchio e al telaio completamente smontabili. Il nuovo attacco per attrezzi da ghiaccio dogbone in metallo personalizzato fornisce un fissaggio sicuro per attrezzi da ghiaccio tecnici e asce da alpinismo, mentre una custodia per ramponi anteriore e una cinghia di corda nascosta fissano l'attrezzatura all'esterno.\u00a0\",\"breadcrumb\":{\"@id\":\"https:\/\/www.sestogrado.it\/it\/prodotto\/black-diamond-mission-45-l-zaino-spedizione-alpinismo\/#breadcrumb\"},\"inLanguage\":\"it-IT\",\"potentialAction\":[{\"@type\":\"ReadAction\",\"target\":[[\"https:\/\/www.sestogrado.it\/it\/prodotto\/black-diamond-mission-45-l-zaino-spedizione-alpinismo\/\"]]}]},{\"@type\":\"ImageObject\",\"inLanguage\":\"it-IT\",\"@id\":\"https:\/\/www.sestogrado.it\/it\/prodotto\/black-diamond-mission-45-l-zaino-spedizione-alpinismo\/#primaryimage\",\"url\":\"https:\/\/www.sestogrado.it\/wp-content\/uploads\/2022\/06\/13943_source_1649987712.jpg\",\"contentUrl\":\"https:\/\/www.sestogrado.it\/wp-content\/uploads\/2022\/06\/13943_source_1649987712.jpg\",\"width\":980,\"height\":980,\"caption\":\"bd mission 45\"},{\"@type\":\"BreadcrumbList\",\"@id\":\"https:\/\/www.sestogrado.it\/it\/prodotto\/black-diamond-mission-45-l-zaino-spedizione-alpinismo\/#breadcrumb\",\"itemListElement\":[{\"@type\":\"ListItem\",\"position\":1,\"name\":\"Home\",\"item\":\"https:\/\/www.sestogrado.it\/it\/\"},{\"@type\":\"ListItem\",\"position\":2,\"name\":\"Shop\",\"item\":\"https:\/\/www.sestogrado.it\/it\/shop\/\"},{\"@type\":\"ListItem\",\"position\":3,\"name\":\"Black Diamond Mission 45 L zaino spedizione alpinismo\"}]},{\"@type\":\"WebSite\",\"@id\":\"https:\/\/www.sestogrado.it\/it\/#website\",\"url\":\"https:\/\/www.sestogrado.it\/it\/\",\"name\":\"Sestogrado\",\"description\":\"yes we climb\",\"publisher\":{\"@id\":\"https:\/\/www.sestogrado.it\/it\/#organization\"},\"potentialAction\":[{\"@type\":\"SearchAction\",\"target\":{\"@type\":\"EntryPoint\",\"urlTemplate\":\"https:\/\/www.sestogrado.it\/it\/?s={search_term_string}\"},\"query-input\":{\"@type\":\"PropertyValueSpecification\",\"valueRequired\":true,\"valueName\":\"search_term_string\"}}],\"inLanguage\":\"it-IT\"},{\"@type\":\"Organization\",\"@id\":\"https:\/\/www.sestogrado.it\/it\/#organization\",\"name\":\"Sestogrado\",\"url\":\"https:\/\/www.sestogrado.it\/it\/\",\"logo\":{\"@type\":\"ImageObject\",\"inLanguage\":\"it-IT\",\"@id\":\"https:\/\/www.sestogrado.it\/it\/#\/schema\/logo\/image\/\",\"url\":\"https:\/\/www.sestogrado.it\/wp-content\/uploads\/2015\/03\/sestogrado-favicon.png\",\"contentUrl\":\"https:\/\/www.sestogrado.it\/wp-content\/uploads\/2015\/03\/sestogrado-favicon.png\",\"width\":260,\"height\":260,\"caption\":\"Sestogrado\"},\"image\":{\"@id\":\"https:\/\/www.sestogrado.it\/it\/#\/schema\/logo\/image\/\"},\"sameAs\":[\"https:\/\/www.facebook.com\/pages\/Sestogrado\/1542635979353017?ref=bookmarks\",\"https:\/\/www.youtube.com\/channel\/UC847kAfTkaJsWpc1jtQwr3Q\"],\"hasMerchantReturnPolicy\":{\"@type\":\"MerchantReturnPolicy\",\"merchantReturnLink\":\"https:\/\/www.sestogrado.it\/it\/termini-e-condizioni\/\"}}]}<\/script>\n<meta property=\"product:brand\" content=\"Black Diamond\" \/>\n<meta property=\"product:price:amount\" content=\"199.00\" \/>\n<meta property=\"product:price:currency\" content=\"EUR\" \/>\n<meta property=\"og:availability\" content=\"out of stock\" \/>\n<meta property=\"product:availability\" content=\"out of stock\" \/>\n<meta property=\"product:condition\" content=\"new\" \/>\n<!-- \/ Yoast SEO plugin. -->","yoast_head_json":{"title":"Black Diamond Mission 45 L zaino spedizione alpinismo - Sestogrado","description":"Black Diamond Mission 45 L zaino spedizione alpinismo \u00e8 stato progettato per resistere a falesie su ghiaccio, salite miste e spedizioni con tempo freddo. Lo zaino Black Diamond Mission \u00e8 lo zaino alpino pi\u00f9 resistente. Caratterizzati da un tessuto BD X-rip 420d aggiornato con rivestimento UTS\u2122, il Mission \u00e8 ultra resistente stagione dopo stagione per rispondere agli abusi in montagna. I Mission forniscono un trasporto equilibrato grazie agli spallacci SwingArm e alla cintura, al coperchio e al telaio completamente smontabili. Il nuovo attacco per attrezzi da ghiaccio dogbone in metallo personalizzato fornisce un fissaggio sicuro per attrezzi da ghiaccio tecnici e asce da alpinismo, mentre una custodia per ramponi anteriore e una cinghia di corda nascosta fissano l'attrezzatura all'esterno.\u00a0","robots":{"index":"index","follow":"follow","max-snippet":"max-snippet:-1","max-image-preview":"max-image-preview:large","max-video-preview":"max-video-preview:-1"},"canonical":"https:\/\/www.sestogrado.it\/it\/prodotto\/black-diamond-mission-45-l-zaino-spedizione-alpinismo\/","og_locale":"it_IT","og_type":"article","og_title":"Black Diamond Mission 45 L zaino spedizione alpinismo - Sestogrado","og_description":"Black Diamond Mission 45 L zaino spedizione alpinismo \u00e8 stato progettato per resistere a falesie su ghiaccio, salite miste e spedizioni con tempo freddo. Lo zaino Black Diamond Mission \u00e8 lo zaino alpino pi\u00f9 resistente. Caratterizzati da un tessuto BD X-rip 420d aggiornato con rivestimento UTS\u2122, il Mission \u00e8 ultra resistente stagione dopo stagione per rispondere agli abusi in montagna. I Mission forniscono un trasporto equilibrato grazie agli spallacci SwingArm e alla cintura, al coperchio e al telaio completamente smontabili. Il nuovo attacco per attrezzi da ghiaccio dogbone in metallo personalizzato fornisce un fissaggio sicuro per attrezzi da ghiaccio tecnici e asce da alpinismo, mentre una custodia per ramponi anteriore e una cinghia di corda nascosta fissano l'attrezzatura all'esterno.\u00a0","og_url":"https:\/\/www.sestogrado.it\/it\/prodotto\/black-diamond-mission-45-l-zaino-spedizione-alpinismo\/","og_site_name":"Sestogrado","article_publisher":"https:\/\/www.facebook.com\/pages\/Sestogrado\/1542635979353017?ref=bookmarks","article_modified_time":"2025-02-12T08:49:54+00:00","og_image":[{"width":980,"height":980,"url":"https:\/\/www.sestogrado.it\/wp-content\/uploads\/2022\/06\/13943_source_1649987712.jpg","type":"image\/jpeg"}],"twitter_misc":{"Prezzo":"&euro;&nbsp;199,00","Disponibilit\u00e0":"Esaurito"},"schema":{"@context":"https:\/\/schema.org","@graph":[{"@type":"WebPage","@id":"https:\/\/www.sestogrado.it\/it\/prodotto\/black-diamond-mission-45-l-zaino-spedizione-alpinismo\/","url":"https:\/\/www.sestogrado.it\/it\/prodotto\/black-diamond-mission-45-l-zaino-spedizione-alpinismo\/","name":"Black Diamond Mission 45 L zaino spedizione alpinismo - Sestogrado","isPartOf":{"@id":"https:\/\/www.sestogrado.it\/it\/#website"},"primaryImageOfPage":{"@id":"https:\/\/www.sestogrado.it\/it\/prodotto\/black-diamond-mission-45-l-zaino-spedizione-alpinismo\/#primaryimage"},"image":{"@id":"https:\/\/www.sestogrado.it\/prodotto\/black-diamond-mission-45-l-zaino-spedizione-alpinismo\/#primaryimage"},"thumbnailUrl":"https:\/\/www.sestogrado.it\/wp-content\/uploads\/2022\/06\/13943_source_1649987712.jpg","datePublished":"2022-06-27T10:10:04+00:00","dateModified":"2025-02-12T08:49:54+00:00","description":"Black Diamond Mission 45 L zaino spedizione alpinismo \u00e8 stato progettato per resistere a falesie su ghiaccio, salite miste e spedizioni con tempo freddo. Lo zaino Black Diamond Mission \u00e8 lo zaino alpino pi\u00f9 resistente. Caratterizzati da un tessuto BD X-rip 420d aggiornato con rivestimento UTS\u2122, il Mission \u00e8 ultra resistente stagione dopo stagione per rispondere agli abusi in montagna. I Mission forniscono un trasporto equilibrato grazie agli spallacci SwingArm e alla cintura, al coperchio e al telaio completamente smontabili. Il nuovo attacco per attrezzi da ghiaccio dogbone in metallo personalizzato fornisce un fissaggio sicuro per attrezzi da ghiaccio tecnici e asce da alpinismo, mentre una custodia per ramponi anteriore e una cinghia di corda nascosta fissano l'attrezzatura all'esterno.\u00a0","breadcrumb":{"@id":"https:\/\/www.sestogrado.it\/it\/prodotto\/black-diamond-mission-45-l-zaino-spedizione-alpinismo\/#breadcrumb"},"inLanguage":"it-IT","potentialAction":[{"@type":"ReadAction","target":[["https:\/\/www.sestogrado.it\/it\/prodotto\/black-diamond-mission-45-l-zaino-spedizione-alpinismo\/"]]}]},{"@type":"ImageObject","inLanguage":"it-IT","@id":"https:\/\/www.sestogrado.it\/it\/prodotto\/black-diamond-mission-45-l-zaino-spedizione-alpinismo\/#primaryimage","url":"https:\/\/www.sestogrado.it\/wp-content\/uploads\/2022\/06\/13943_source_1649987712.jpg","contentUrl":"https:\/\/www.sestogrado.it\/wp-content\/uploads\/2022\/06\/13943_source_1649987712.jpg","width":980,"height":980,"caption":"bd mission 45"},{"@type":"BreadcrumbList","@id":"https:\/\/www.sestogrado.it\/it\/prodotto\/black-diamond-mission-45-l-zaino-spedizione-alpinismo\/#breadcrumb","itemListElement":[{"@type":"ListItem","position":1,"name":"Home","item":"https:\/\/www.sestogrado.it\/it\/"},{"@type":"ListItem","position":2,"name":"Shop","item":"https:\/\/www.sestogrado.it\/it\/shop\/"},{"@type":"ListItem","position":3,"name":"Black Diamond Mission 45 L zaino spedizione alpinismo"}]},{"@type":"WebSite","@id":"https:\/\/www.sestogrado.it\/it\/#website","url":"https:\/\/www.sestogrado.it\/it\/","name":"Sestogrado","description":"yes we climb","publisher":{"@id":"https:\/\/www.sestogrado.it\/it\/#organization"},"potentialAction":[{"@type":"SearchAction","target":{"@type":"EntryPoint","urlTemplate":"https:\/\/www.sestogrado.it\/it\/?s={search_term_string}"},"query-input":{"@type":"PropertyValueSpecification","valueRequired":true,"valueName":"search_term_string"}}],"inLanguage":"it-IT"},{"@type":"Organization","@id":"https:\/\/www.sestogrado.it\/it\/#organization","name":"Sestogrado","url":"https:\/\/www.sestogrado.it\/it\/","logo":{"@type":"ImageObject","inLanguage":"it-IT","@id":"https:\/\/www.sestogrado.it\/it\/#\/schema\/logo\/image\/","url":"https:\/\/www.sestogrado.it\/wp-content\/uploads\/2015\/03\/sestogrado-favicon.png","contentUrl":"https:\/\/www.sestogrado.it\/wp-content\/uploads\/2015\/03\/sestogrado-favicon.png","width":260,"height":260,"caption":"Sestogrado"},"image":{"@id":"https:\/\/www.sestogrado.it\/it\/#\/schema\/logo\/image\/"},"sameAs":["https:\/\/www.facebook.com\/pages\/Sestogrado\/1542635979353017?ref=bookmarks","https:\/\/www.youtube.com\/channel\/UC847kAfTkaJsWpc1jtQwr3Q"],"hasMerchantReturnPolicy":{"@type":"MerchantReturnPolicy","merchantReturnLink":"https:\/\/www.sestogrado.it\/it\/termini-e-condizioni\/"}}]},"product_brand":"Black Diamond","product_price_amount":"199.00","product_price_currency":"EUR","og_availability":"out of stock","product_availability":"out of stock","product_condition":"new"},"_links":{"self":[{"href":"https:\/\/www.sestogrado.it\/it\/wp-json\/wp\/v2\/product\/102166","targetHints":{"allow":["GET"]}}],"collection":[{"href":"https:\/\/www.sestogrado.it\/it\/wp-json\/wp\/v2\/product"}],"about":[{"href":"https:\/\/www.sestogrado.it\/it\/wp-json\/wp\/v2\/types\/product"}],"replies":[{"embeddable":true,"href":"https:\/\/www.sestogrado.it\/it\/wp-json\/wp\/v2\/comments?post=102166"}],"wp:featuredmedia":[{"embeddable":true,"href":"https:\/\/www.sestogrado.it\/it\/wp-json\/wp\/v2\/media\/105653"}],"wp:attachment":[{"href":"https:\/\/www.sestogrado.it\/it\/wp-json\/wp\/v2\/media?parent=102166"}],"wp:term":[{"taxonomy":"product_brand","embeddable":true,"href":"https:\/\/www.sestogrado.it\/it\/wp-json\/wp\/v2\/product_brand?post=102166"},{"taxonomy":"product_cat","embeddable":true,"href":"https:\/\/www.sestogrado.it\/it\/wp-json\/wp\/v2\/product_cat?post=102166"},{"taxonomy":"product_tag","embeddable":true,"href":"https:\/\/www.sestogrado.it\/it\/wp-json\/wp\/v2\/product_tag?post=102166"}],"curies":[{"name":"wp","href":"https:\/\/api.w.org\/{rel}","templated":true}]}}