{"id":102123,"date":"2022-05-25T07:24:52","date_gmt":"2022-05-25T05:24:52","guid":{"rendered":"https:\/\/www.sestogrado.it\/?post_type=product&#038;p=102123"},"modified":"2026-03-31T01:24:05","modified_gmt":"2026-03-30T23:24:05","slug":"petzl-summit-evo-piccozza-da-ghiaccio","status":"publish","type":"product","link":"https:\/\/www.sestogrado.it\/it\/prodotto\/petzl-summit-evo-piccozza-da-ghiaccio\/","title":{"rendered":"Petzl Summit EVO piccozza da ghiaccio"},"content":{"rendered":"<p>La Petzl Summit EVO \u00e8 una piccozza destinata all&#8217;alpinismo classico. Leggera, il suo tubo idroformato garantisce un&#8217;ottimo comfort di impugnatura sotto la testa della piccozza. Il design tecnico della sagomatura del manico garantisce la distanza di estrazione necessaria per l&#8217;utilizzo su terreno ripido e ghiacciato. La testa forgiata e ben equilibrata assicura ottime qualit\u00e0 di ancoraggio. Il grip del manico ne fa una piccozza precisa ed efficace.<\/p>\n<ul>\n<li>Leggerezza: piccozza leggera, ma pesante sulla testa per una buona potenza di ancoraggio.<\/li>\n<li>Manico idroformato per una buona impugnatura sulla sagomatura e un design tecnico:<br \/>\n&#8211; il manico \u00e8 curvo nella parte alta per garantire una buona distanza di estrazione in arrampicata,<br \/>\n&#8211; la parte bassa \u00e8 pi\u00f9 dritta e garantisce un&#8217;efficace penetrazione nella neve.<\/li>\n<li>Testa e lama in acciaio forgiato a caldo, per garantire solidi ancoraggi:<br \/>\n&#8211; lama sottile (3 mm), robusta e dentellata all&#8217;estremit\u00e0, per garantire una buona qualit\u00e0 di ancoraggio su neve dura e ghiaccio,<br \/>\n&#8211; lama pi\u00f9 spessa al centro per favorire la tenuta su neve molle.<br \/>\n&#8211; denti nella parte superiore per rafforzare la tenuta della piccozza nell&#8217;utilizzo come piccozza tecnica,<br \/>\n&#8211; punta robusta in acciaio inossidabile per un&#8217;ottima penetrazione nella neve dura e per l&#8217;utilizzo come piccozza bastone.<\/li>\n<li>Elevata resistenza e aspetti pratici:<br \/>\n&#8211; paletta in acciaio molto resistente per garantire una superficie d&#8217;appoggio confortevole e con un design degli spigoli che consente un efficace gradinamento,<br \/>\n&#8211; paletta inclinata per guidare correttamente la piccozza nella neve (utilizzo come piccozza bastone),<br \/>\n&#8211; testa e punta dotate di fori per il passaggio di un moschettone o di una fettuccia,<br \/>\n&#8211; manico in alluminio di elevata qualit\u00e0 (alluminio 7075 utilizzato in aeronautica), con finitura anodizzata per un&#8217;eccellente protezione.<\/li>\n<li>Piccozza compatibile con dragonne LINKIN.<\/li>\n<li>Tipo di lama: 1<\/li>\n<li>Tipo di manico: 1<\/li>\n<li>Materiali: acciaio temprato, alluminio 7075, acciaio inossidabile temprato, TPV (termoplastico).<\/li>\n<li>Certificazione(i): CE, UIAA<\/li>\n<\/ul>\n<p><iframe title=\"vimeo-player\" src=\"\/\/player.vimeo.com\/video\/122009206?title=0&amp;amp;byline=0\" width=\"640\" height=\"360\" frameborder=\"0\" allowfullscreen=\"allowfullscreen\"><\/iframe><\/p>\n<p>L\u2019avventura Petzl \u00e8 iniziata con la passione di Fernand Petzl per la speleologia, passione al servizio della quale ha saputo mettere il suo talento di artigiano. Ne \u00e8 nata una competenza per la progettazione e la realizzazione di soluzioni per salire, calarsi, assicurarsi e avanzare nell\u2019oscurit\u00e0. Nel 1970, i primi prodotti marcati \u201cFernand Petzl\u201d sono realizzati nel laboratorio di Saint-Nazaire-les-Eymes (Is\u00e8re, Francia). Da allora, l\u2019azienda Petzl, creata nel 1975, \u00e8 riuscita a crescere e diventare un gruppo internazionale, conservando una dimensione familiare e la passione che animava Fernand Petzl.<\/p>","protected":false},"excerpt":{"rendered":"<p>La Petzl Summit EVO \u00e8 una piccozza destinata all&#8217;alpinismo classico. Leggera, il suo tubo idroformato garantisce un&#8217;ottimo comfort di impugnatura [&hellip;]<\/p>\n","protected":false},"featured_media":102124,"comment_status":"open","ping_status":"closed","template":"","meta":{"_acf_changed":false},"product_brand":[50],"product_cat":[152],"product_tag":[],"class_list":{"0":"post-102123","1":"product","2":"type-product","3":"status-publish","4":"has-post-thumbnail","6":"product_brand-petzl","7":"product_cat-piccozze","9":"first","10":"instock","11":"sale","12":"taxable","13":"shipping-taxable","14":"purchasable","15":"product-type-variable"},"acf":[],"yoast_head":"<!-- This site is optimized with the Yoast SEO plugin v26.4 - https:\/\/yoast.com\/wordpress\/plugins\/seo\/ -->\n<title>Petzl Summit EVO piccozza da ghiaccio - Sestogrado<\/title>\n<meta name=\"description\" content=\"La Petzl Summit EVO \u00e8 una piccozza destinata all&#039;alpinismo classico. Leggera, il suo tubo idroformato garantisce un&#039;ottimo comfort di impugnatura sotto la testa della piccozza. Il design tecnico della sagomatura del manico garantisce la distanza di estrazione necessaria per l&#039;utilizzo su terreno ripido e ghiacciato. La testa forgiata e ben equilibrata assicura ottime qualit\u00e0 di ancoraggio. Il grip del manico ne fa una piccozza precisa ed efficace.Leggerezza: piccozza leggera, ma pesante sulla testa per una buona potenza di ancoraggio.Manico idroformato per una buona impugnatura sulla sagomatura e un design tecnico:- il manico \u00e8 curvo nella parte alta per garantire una buona distanza di estrazione in arrampicata,- la parte bassa \u00e8 pi\u00f9 dritta e garantisce un&#039;efficace penetrazione nella neve.Testa e lama in acciaio forgiato a caldo, per garantire solidi ancoraggi:- lama sottile (3 mm), robusta e dentellata all&#039;estremit\u00e0, per garantire una buona qualit\u00e0 di ancoraggio su neve dura e ghiaccio,- lama pi\u00f9 spessa al centro per favorire la tenuta su neve molle.- denti nella parte superiore per rafforzare la tenuta della piccozza nell&#039;utilizzo come piccozza tecnica,- punta robusta in acciaio inossidabile per un&#039;ottima penetrazione nella neve dura e per l&#039;utilizzo come piccozza bastone.\" \/>\n<meta name=\"robots\" content=\"index, follow, max-snippet:-1, max-image-preview:large, max-video-preview:-1\" \/>\n<link rel=\"canonical\" href=\"https:\/\/www.sestogrado.it\/it\/prodotto\/petzl-summit-evo-piccozza-da-ghiaccio\/\" \/>\n<meta property=\"og:locale\" content=\"it_IT\" \/>\n<meta property=\"og:type\" content=\"article\" \/>\n<meta property=\"og:title\" content=\"Petzl Summit EVO piccozza da ghiaccio - Sestogrado\" \/>\n<meta property=\"og:description\" content=\"La Petzl Summit EVO \u00e8 una piccozza destinata all&#039;alpinismo classico. Leggera, il suo tubo idroformato garantisce un&#039;ottimo comfort di impugnatura sotto la testa della piccozza. Il design tecnico della sagomatura del manico garantisce la distanza di estrazione necessaria per l&#039;utilizzo su terreno ripido e ghiacciato. La testa forgiata e ben equilibrata assicura ottime qualit\u00e0 di ancoraggio. Il grip del manico ne fa una piccozza precisa ed efficace.Leggerezza: piccozza leggera, ma pesante sulla testa per una buona potenza di ancoraggio.Manico idroformato per una buona impugnatura sulla sagomatura e un design tecnico:- il manico \u00e8 curvo nella parte alta per garantire una buona distanza di estrazione in arrampicata,- la parte bassa \u00e8 pi\u00f9 dritta e garantisce un&#039;efficace penetrazione nella neve.Testa e lama in acciaio forgiato a caldo, per garantire solidi ancoraggi:- lama sottile (3 mm), robusta e dentellata all&#039;estremit\u00e0, per garantire una buona qualit\u00e0 di ancoraggio su neve dura e ghiaccio,- lama pi\u00f9 spessa al centro per favorire la tenuta su neve molle.- denti nella parte superiore per rafforzare la tenuta della piccozza nell&#039;utilizzo come piccozza tecnica,- punta robusta in acciaio inossidabile per un&#039;ottima penetrazione nella neve dura e per l&#039;utilizzo come piccozza bastone.\" \/>\n<meta property=\"og:url\" content=\"https:\/\/www.sestogrado.it\/it\/prodotto\/petzl-summit-evo-piccozza-da-ghiaccio\/\" \/>\n<meta property=\"og:site_name\" content=\"Sestogrado\" \/>\n<meta property=\"article:publisher\" content=\"https:\/\/www.facebook.com\/pages\/Sestogrado\/1542635979353017?ref=bookmarks\" \/>\n<meta property=\"article:modified_time\" content=\"2026-03-30T23:24:05+00:00\" \/>\n<meta property=\"og:image\" content=\"https:\/\/www.sestogrado.it\/wp-content\/uploads\/2022\/05\/01.jpeg\" \/>\n\t<meta property=\"og:image:width\" content=\"1304\" \/>\n\t<meta property=\"og:image:height\" content=\"1305\" \/>\n\t<meta property=\"og:image:type\" content=\"image\/jpeg\" \/>\n<meta name=\"twitter:label1\" content=\"Disponibilit\u00e0\" \/>\n\t<meta name=\"twitter:data1\" content=\"In stock\" \/>\n<script type=\"application\/ld+json\" class=\"yoast-schema-graph\">{\"@context\":\"https:\/\/schema.org\",\"@graph\":[{\"@type\":\"WebPage\",\"@id\":\"https:\/\/www.sestogrado.it\/it\/prodotto\/petzl-summit-evo-piccozza-da-ghiaccio\/\",\"url\":\"https:\/\/www.sestogrado.it\/it\/prodotto\/petzl-summit-evo-piccozza-da-ghiaccio\/\",\"name\":\"Petzl Summit EVO piccozza da ghiaccio - Sestogrado\",\"isPartOf\":{\"@id\":\"https:\/\/www.sestogrado.it\/it\/#website\"},\"primaryImageOfPage\":{\"@id\":\"https:\/\/www.sestogrado.it\/it\/prodotto\/petzl-summit-evo-piccozza-da-ghiaccio\/#primaryimage\"},\"image\":{\"@id\":\"https:\/\/www.sestogrado.it\/prodotto\/petzl-summit-evo-piccozza-da-ghiaccio\/#primaryimage\"},\"thumbnailUrl\":\"https:\/\/www.sestogrado.it\/wp-content\/uploads\/2022\/05\/01.jpeg\",\"datePublished\":\"2022-05-25T05:24:52+00:00\",\"dateModified\":\"2026-03-30T23:24:05+00:00\",\"description\":\"La Petzl Summit EVO \u00e8 una piccozza destinata all'alpinismo classico. Leggera, il suo tubo idroformato garantisce un'ottimo comfort di impugnatura sotto la testa della piccozza. Il design tecnico della sagomatura del manico garantisce la distanza di estrazione necessaria per l'utilizzo su terreno ripido e ghiacciato. La testa forgiata e ben equilibrata assicura ottime qualit\u00e0 di ancoraggio. Il grip del manico ne fa una piccozza precisa ed efficace.Leggerezza: piccozza leggera, ma pesante sulla testa per una buona potenza di ancoraggio.Manico idroformato per una buona impugnatura sulla sagomatura e un design tecnico:- il manico \u00e8 curvo nella parte alta per garantire una buona distanza di estrazione in arrampicata,- la parte bassa \u00e8 pi\u00f9 dritta e garantisce un'efficace penetrazione nella neve.Testa e lama in acciaio forgiato a caldo, per garantire solidi ancoraggi:- lama sottile (3 mm), robusta e dentellata all'estremit\u00e0, per garantire una buona qualit\u00e0 di ancoraggio su neve dura e ghiaccio,- lama pi\u00f9 spessa al centro per favorire la tenuta su neve molle.- denti nella parte superiore per rafforzare la tenuta della piccozza nell'utilizzo come piccozza tecnica,- punta robusta in acciaio inossidabile per un'ottima penetrazione nella neve dura e per l'utilizzo come piccozza bastone.\",\"breadcrumb\":{\"@id\":\"https:\/\/www.sestogrado.it\/it\/prodotto\/petzl-summit-evo-piccozza-da-ghiaccio\/#breadcrumb\"},\"inLanguage\":\"it-IT\",\"potentialAction\":[{\"@type\":\"ReadAction\",\"target\":[[\"https:\/\/www.sestogrado.it\/it\/prodotto\/petzl-summit-evo-piccozza-da-ghiaccio\/\"]]}]},{\"@type\":\"ImageObject\",\"inLanguage\":\"it-IT\",\"@id\":\"https:\/\/www.sestogrado.it\/it\/prodotto\/petzl-summit-evo-piccozza-da-ghiaccio\/#primaryimage\",\"url\":\"https:\/\/www.sestogrado.it\/wp-content\/uploads\/2022\/05\/01.jpeg\",\"contentUrl\":\"https:\/\/www.sestogrado.it\/wp-content\/uploads\/2022\/05\/01.jpeg\",\"width\":1304,\"height\":1305,\"caption\":\"petzl summit evo\"},{\"@type\":\"BreadcrumbList\",\"@id\":\"https:\/\/www.sestogrado.it\/it\/prodotto\/petzl-summit-evo-piccozza-da-ghiaccio\/#breadcrumb\",\"itemListElement\":[{\"@type\":\"ListItem\",\"position\":1,\"name\":\"Home\",\"item\":\"https:\/\/www.sestogrado.it\/it\/\"},{\"@type\":\"ListItem\",\"position\":2,\"name\":\"Shop\",\"item\":\"https:\/\/www.sestogrado.it\/it\/shop\/\"},{\"@type\":\"ListItem\",\"position\":3,\"name\":\"Petzl Summit EVO piccozza da ghiaccio\"}]},{\"@type\":\"WebSite\",\"@id\":\"https:\/\/www.sestogrado.it\/it\/#website\",\"url\":\"https:\/\/www.sestogrado.it\/it\/\",\"name\":\"Sestogrado\",\"description\":\"yes we climb\",\"publisher\":{\"@id\":\"https:\/\/www.sestogrado.it\/it\/#organization\"},\"potentialAction\":[{\"@type\":\"SearchAction\",\"target\":{\"@type\":\"EntryPoint\",\"urlTemplate\":\"https:\/\/www.sestogrado.it\/it\/?s={search_term_string}\"},\"query-input\":{\"@type\":\"PropertyValueSpecification\",\"valueRequired\":true,\"valueName\":\"search_term_string\"}}],\"inLanguage\":\"it-IT\"},{\"@type\":\"Organization\",\"@id\":\"https:\/\/www.sestogrado.it\/it\/#organization\",\"name\":\"Sestogrado\",\"url\":\"https:\/\/www.sestogrado.it\/it\/\",\"logo\":{\"@type\":\"ImageObject\",\"inLanguage\":\"it-IT\",\"@id\":\"https:\/\/www.sestogrado.it\/it\/#\/schema\/logo\/image\/\",\"url\":\"https:\/\/www.sestogrado.it\/wp-content\/uploads\/2015\/03\/sestogrado-favicon.png\",\"contentUrl\":\"https:\/\/www.sestogrado.it\/wp-content\/uploads\/2015\/03\/sestogrado-favicon.png\",\"width\":260,\"height\":260,\"caption\":\"Sestogrado\"},\"image\":{\"@id\":\"https:\/\/www.sestogrado.it\/it\/#\/schema\/logo\/image\/\"},\"sameAs\":[\"https:\/\/www.facebook.com\/pages\/Sestogrado\/1542635979353017?ref=bookmarks\",\"https:\/\/www.youtube.com\/channel\/UC847kAfTkaJsWpc1jtQwr3Q\"],\"hasMerchantReturnPolicy\":{\"@type\":\"MerchantReturnPolicy\",\"merchantReturnLink\":\"https:\/\/www.sestogrado.it\/it\/termini-e-condizioni\/\"}}]}<\/script>\n<meta property=\"product:brand\" content=\"Petzl\" \/>\n<meta property=\"og:availability\" content=\"instock\" \/>\n<meta property=\"product:availability\" content=\"instock\" \/>\n<meta property=\"product:condition\" content=\"new\" \/>\n<!-- \/ Yoast SEO plugin. -->","yoast_head_json":{"title":"Petzl Summit EVO piccozza da ghiaccio - Sestogrado","description":"La Petzl Summit EVO \u00e8 una piccozza destinata all'alpinismo classico. Leggera, il suo tubo idroformato garantisce un'ottimo comfort di impugnatura sotto la testa della piccozza. Il design tecnico della sagomatura del manico garantisce la distanza di estrazione necessaria per l'utilizzo su terreno ripido e ghiacciato. La testa forgiata e ben equilibrata assicura ottime qualit\u00e0 di ancoraggio. Il grip del manico ne fa una piccozza precisa ed efficace.Leggerezza: piccozza leggera, ma pesante sulla testa per una buona potenza di ancoraggio.Manico idroformato per una buona impugnatura sulla sagomatura e un design tecnico:- il manico \u00e8 curvo nella parte alta per garantire una buona distanza di estrazione in arrampicata,- la parte bassa \u00e8 pi\u00f9 dritta e garantisce un'efficace penetrazione nella neve.Testa e lama in acciaio forgiato a caldo, per garantire solidi ancoraggi:- lama sottile (3 mm), robusta e dentellata all'estremit\u00e0, per garantire una buona qualit\u00e0 di ancoraggio su neve dura e ghiaccio,- lama pi\u00f9 spessa al centro per favorire la tenuta su neve molle.- denti nella parte superiore per rafforzare la tenuta della piccozza nell'utilizzo come piccozza tecnica,- punta robusta in acciaio inossidabile per un'ottima penetrazione nella neve dura e per l'utilizzo come piccozza bastone.","robots":{"index":"index","follow":"follow","max-snippet":"max-snippet:-1","max-image-preview":"max-image-preview:large","max-video-preview":"max-video-preview:-1"},"canonical":"https:\/\/www.sestogrado.it\/it\/prodotto\/petzl-summit-evo-piccozza-da-ghiaccio\/","og_locale":"it_IT","og_type":"article","og_title":"Petzl Summit EVO piccozza da ghiaccio - Sestogrado","og_description":"La Petzl Summit EVO \u00e8 una piccozza destinata all'alpinismo classico. Leggera, il suo tubo idroformato garantisce un'ottimo comfort di impugnatura sotto la testa della piccozza. Il design tecnico della sagomatura del manico garantisce la distanza di estrazione necessaria per l'utilizzo su terreno ripido e ghiacciato. La testa forgiata e ben equilibrata assicura ottime qualit\u00e0 di ancoraggio. Il grip del manico ne fa una piccozza precisa ed efficace.Leggerezza: piccozza leggera, ma pesante sulla testa per una buona potenza di ancoraggio.Manico idroformato per una buona impugnatura sulla sagomatura e un design tecnico:- il manico \u00e8 curvo nella parte alta per garantire una buona distanza di estrazione in arrampicata,- la parte bassa \u00e8 pi\u00f9 dritta e garantisce un'efficace penetrazione nella neve.Testa e lama in acciaio forgiato a caldo, per garantire solidi ancoraggi:- lama sottile (3 mm), robusta e dentellata all'estremit\u00e0, per garantire una buona qualit\u00e0 di ancoraggio su neve dura e ghiaccio,- lama pi\u00f9 spessa al centro per favorire la tenuta su neve molle.- denti nella parte superiore per rafforzare la tenuta della piccozza nell'utilizzo come piccozza tecnica,- punta robusta in acciaio inossidabile per un'ottima penetrazione nella neve dura e per l'utilizzo come piccozza bastone.","og_url":"https:\/\/www.sestogrado.it\/it\/prodotto\/petzl-summit-evo-piccozza-da-ghiaccio\/","og_site_name":"Sestogrado","article_publisher":"https:\/\/www.facebook.com\/pages\/Sestogrado\/1542635979353017?ref=bookmarks","article_modified_time":"2026-03-30T23:24:05+00:00","og_image":[{"width":1304,"height":1305,"url":"https:\/\/www.sestogrado.it\/wp-content\/uploads\/2022\/05\/01.jpeg","type":"image\/jpeg"}],"twitter_misc":{"Disponibilit\u00e0":"In stock"},"schema":{"@context":"https:\/\/schema.org","@graph":[{"@type":"WebPage","@id":"https:\/\/www.sestogrado.it\/it\/prodotto\/petzl-summit-evo-piccozza-da-ghiaccio\/","url":"https:\/\/www.sestogrado.it\/it\/prodotto\/petzl-summit-evo-piccozza-da-ghiaccio\/","name":"Petzl Summit EVO piccozza da ghiaccio - Sestogrado","isPartOf":{"@id":"https:\/\/www.sestogrado.it\/it\/#website"},"primaryImageOfPage":{"@id":"https:\/\/www.sestogrado.it\/it\/prodotto\/petzl-summit-evo-piccozza-da-ghiaccio\/#primaryimage"},"image":{"@id":"https:\/\/www.sestogrado.it\/prodotto\/petzl-summit-evo-piccozza-da-ghiaccio\/#primaryimage"},"thumbnailUrl":"https:\/\/www.sestogrado.it\/wp-content\/uploads\/2022\/05\/01.jpeg","datePublished":"2022-05-25T05:24:52+00:00","dateModified":"2026-03-30T23:24:05+00:00","description":"La Petzl Summit EVO \u00e8 una piccozza destinata all'alpinismo classico. Leggera, il suo tubo idroformato garantisce un'ottimo comfort di impugnatura sotto la testa della piccozza. Il design tecnico della sagomatura del manico garantisce la distanza di estrazione necessaria per l'utilizzo su terreno ripido e ghiacciato. La testa forgiata e ben equilibrata assicura ottime qualit\u00e0 di ancoraggio. Il grip del manico ne fa una piccozza precisa ed efficace.Leggerezza: piccozza leggera, ma pesante sulla testa per una buona potenza di ancoraggio.Manico idroformato per una buona impugnatura sulla sagomatura e un design tecnico:- il manico \u00e8 curvo nella parte alta per garantire una buona distanza di estrazione in arrampicata,- la parte bassa \u00e8 pi\u00f9 dritta e garantisce un'efficace penetrazione nella neve.Testa e lama in acciaio forgiato a caldo, per garantire solidi ancoraggi:- lama sottile (3 mm), robusta e dentellata all'estremit\u00e0, per garantire una buona qualit\u00e0 di ancoraggio su neve dura e ghiaccio,- lama pi\u00f9 spessa al centro per favorire la tenuta su neve molle.- denti nella parte superiore per rafforzare la tenuta della piccozza nell'utilizzo come piccozza tecnica,- punta robusta in acciaio inossidabile per un'ottima penetrazione nella neve dura e per l'utilizzo come piccozza bastone.","breadcrumb":{"@id":"https:\/\/www.sestogrado.it\/it\/prodotto\/petzl-summit-evo-piccozza-da-ghiaccio\/#breadcrumb"},"inLanguage":"it-IT","potentialAction":[{"@type":"ReadAction","target":[["https:\/\/www.sestogrado.it\/it\/prodotto\/petzl-summit-evo-piccozza-da-ghiaccio\/"]]}]},{"@type":"ImageObject","inLanguage":"it-IT","@id":"https:\/\/www.sestogrado.it\/it\/prodotto\/petzl-summit-evo-piccozza-da-ghiaccio\/#primaryimage","url":"https:\/\/www.sestogrado.it\/wp-content\/uploads\/2022\/05\/01.jpeg","contentUrl":"https:\/\/www.sestogrado.it\/wp-content\/uploads\/2022\/05\/01.jpeg","width":1304,"height":1305,"caption":"petzl summit evo"},{"@type":"BreadcrumbList","@id":"https:\/\/www.sestogrado.it\/it\/prodotto\/petzl-summit-evo-piccozza-da-ghiaccio\/#breadcrumb","itemListElement":[{"@type":"ListItem","position":1,"name":"Home","item":"https:\/\/www.sestogrado.it\/it\/"},{"@type":"ListItem","position":2,"name":"Shop","item":"https:\/\/www.sestogrado.it\/it\/shop\/"},{"@type":"ListItem","position":3,"name":"Petzl Summit EVO piccozza da ghiaccio"}]},{"@type":"WebSite","@id":"https:\/\/www.sestogrado.it\/it\/#website","url":"https:\/\/www.sestogrado.it\/it\/","name":"Sestogrado","description":"yes we climb","publisher":{"@id":"https:\/\/www.sestogrado.it\/it\/#organization"},"potentialAction":[{"@type":"SearchAction","target":{"@type":"EntryPoint","urlTemplate":"https:\/\/www.sestogrado.it\/it\/?s={search_term_string}"},"query-input":{"@type":"PropertyValueSpecification","valueRequired":true,"valueName":"search_term_string"}}],"inLanguage":"it-IT"},{"@type":"Organization","@id":"https:\/\/www.sestogrado.it\/it\/#organization","name":"Sestogrado","url":"https:\/\/www.sestogrado.it\/it\/","logo":{"@type":"ImageObject","inLanguage":"it-IT","@id":"https:\/\/www.sestogrado.it\/it\/#\/schema\/logo\/image\/","url":"https:\/\/www.sestogrado.it\/wp-content\/uploads\/2015\/03\/sestogrado-favicon.png","contentUrl":"https:\/\/www.sestogrado.it\/wp-content\/uploads\/2015\/03\/sestogrado-favicon.png","width":260,"height":260,"caption":"Sestogrado"},"image":{"@id":"https:\/\/www.sestogrado.it\/it\/#\/schema\/logo\/image\/"},"sameAs":["https:\/\/www.facebook.com\/pages\/Sestogrado\/1542635979353017?ref=bookmarks","https:\/\/www.youtube.com\/channel\/UC847kAfTkaJsWpc1jtQwr3Q"],"hasMerchantReturnPolicy":{"@type":"MerchantReturnPolicy","merchantReturnLink":"https:\/\/www.sestogrado.it\/it\/termini-e-condizioni\/"}}]},"product_brand":"Petzl","og_availability":"instock","product_availability":"instock","product_condition":"new"},"_links":{"self":[{"href":"https:\/\/www.sestogrado.it\/it\/wp-json\/wp\/v2\/product\/102123","targetHints":{"allow":["GET"]}}],"collection":[{"href":"https:\/\/www.sestogrado.it\/it\/wp-json\/wp\/v2\/product"}],"about":[{"href":"https:\/\/www.sestogrado.it\/it\/wp-json\/wp\/v2\/types\/product"}],"replies":[{"embeddable":true,"href":"https:\/\/www.sestogrado.it\/it\/wp-json\/wp\/v2\/comments?post=102123"}],"wp:featuredmedia":[{"embeddable":true,"href":"https:\/\/www.sestogrado.it\/it\/wp-json\/wp\/v2\/media\/102124"}],"wp:attachment":[{"href":"https:\/\/www.sestogrado.it\/it\/wp-json\/wp\/v2\/media?parent=102123"}],"wp:term":[{"taxonomy":"product_brand","embeddable":true,"href":"https:\/\/www.sestogrado.it\/it\/wp-json\/wp\/v2\/product_brand?post=102123"},{"taxonomy":"product_cat","embeddable":true,"href":"https:\/\/www.sestogrado.it\/it\/wp-json\/wp\/v2\/product_cat?post=102123"},{"taxonomy":"product_tag","embeddable":true,"href":"https:\/\/www.sestogrado.it\/it\/wp-json\/wp\/v2\/product_tag?post=102123"}],"curies":[{"name":"wp","href":"https:\/\/api.w.org\/{rel}","templated":true}]}}