{"id":1016,"date":"2015-04-20T14:21:01","date_gmt":"2015-04-20T12:21:01","guid":{"rendered":"http:\/\/www.sestogrado.it\/?post_type=product&#038;p=1016"},"modified":"2026-04-28T08:53:26","modified_gmt":"2026-04-28T06:53:26","slug":"petzl-spatha-coltello-moschettonabile","status":"publish","type":"product","link":"https:\/\/www.sestogrado.it\/it\/prodotto\/petzl-spatha-coltello-moschettonabile\/","title":{"rendered":"Petzl Spatha coltello moschettonabile"},"content":{"rendered":"<p>Il coltello moschettonabile PETZL SPATHA \u00e8 progettato per accompagnarti in tutte le tue uscite. E&#8217; ripiegabile su s\u00e9 stesso ed \u00e8 facilmente apribile anche con una mano sola grazie all&#8217;ampia asola di apertura.\u00a0Di facile utilizzo anche con i guanti grazie alla rotella zigrinata, possiede anche un arresto di sicurezza per bloccare la lama in posizione aperta.<\/p>\n<p>Il profilo della lama \u00e8 sviluppato per tagliare facilmente corde e cordini. Dispone di un foro per il passaggio di un moschettone e agganciare il coltello sull&#8217;imbracatura.<\/p>\n<p>Il Petzl Spatha \u00e8 un compagno pratico e inseparabile per\u00a0ogni uscita outdoor.<\/p>\n<p>&nbsp;<\/p>\n<p class=\"font-claude-response-body break-words whitespace-normal leading-[1.7]\"><strong>\u26a0 AVVISO \u2014 Vendita riservata ai maggiorenni<\/strong><\/p>\n<p class=\"font-claude-response-body break-words whitespace-normal leading-[1.7]\">Ai sensi della normativa vigente in materia di vendita di coltelli e oggetti da taglio, la vendita \u00e8 <strong>riservata esclusivamente ai maggiorenni<\/strong>.<\/p>\n<p class=\"font-claude-response-body break-words whitespace-normal leading-[1.7]\">Per procedere con la spedizione dell&#8217;ordine, sar\u00e0 necessario inviare copia di un documento di identit\u00e0 valido che attesti il raggiungimento della maggiore et\u00e0.<\/p>\n<p class=\"font-claude-response-body break-words whitespace-normal leading-[1.7]\">Le istruzioni per l&#8217;invio del documento ti saranno comunicate via email al completamento dell&#8217;acquisto. Gli ordini privi di documento valido non potranno essere evasi.<\/p>\n<p>&nbsp;<\/p>\n<p>Petzl \u00e8 un\u2019azienda leader nel mondo dell\u2019alpinismo, dell\u2019arrampicata e dell&#8217;attrezzatura lavoro. Nota per la produzione e commercializzazione del Grigri, fornisce migliaia di atleti nel mondo con i migliori prodotti tecnici da arrampicata.<\/p>\n<p>&nbsp;<\/p>","protected":false},"excerpt":{"rendered":"<p>Il coltello moschettonabile PETZL SPATHA \u00e8 progettato per accompagnarti in tutte le tue uscite. E&#8217; ripiegabile su s\u00e9 stesso ed [&hellip;]<\/p>\n","protected":false},"featured_media":19430,"comment_status":"open","ping_status":"closed","template":"","meta":{"_acf_changed":false},"product_brand":[50],"product_cat":[141],"product_tag":[],"class_list":{"0":"post-1016","1":"product","2":"type-product","3":"status-publish","4":"has-post-thumbnail","6":"product_brand-petzl","7":"product_cat-accessori-accessori","9":"first","10":"instock","11":"sale","12":"taxable","13":"shipping-taxable","14":"purchasable","15":"product-type-variable"},"acf":[],"yoast_head":"<!-- This site is optimized with the Yoast SEO plugin v26.4 - https:\/\/yoast.com\/wordpress\/plugins\/seo\/ -->\n<title>Petzl Spatha coltello moschettonabile - Sestogrado<\/title>\n<meta name=\"description\" content=\"Il coltello moschettonabile PETZL SPATHA \u00e8 progettato per accompagnarti in tutte le tue uscite. E&#039; ripiegabile su s\u00e9 stesso ed \u00e8 facilmente apribile.\" \/>\n<meta name=\"robots\" content=\"index, follow, max-snippet:-1, max-image-preview:large, max-video-preview:-1\" \/>\n<link rel=\"canonical\" href=\"https:\/\/www.sestogrado.it\/it\/prodotto\/petzl-spatha-coltello-moschettonabile\/\" \/>\n<meta property=\"og:locale\" content=\"it_IT\" \/>\n<meta property=\"og:type\" content=\"article\" \/>\n<meta property=\"og:title\" content=\"Petzl Spatha coltello moschettonabile - Sestogrado\" \/>\n<meta property=\"og:description\" content=\"Il coltello moschettonabile PETZL SPATHA \u00e8 progettato per accompagnarti in tutte le tue uscite. E&#039; ripiegabile su s\u00e9 stesso ed \u00e8 facilmente apribile.\" \/>\n<meta property=\"og:url\" content=\"https:\/\/www.sestogrado.it\/it\/prodotto\/petzl-spatha-coltello-moschettonabile\/\" \/>\n<meta property=\"og:site_name\" content=\"Sestogrado\" \/>\n<meta property=\"article:publisher\" content=\"https:\/\/www.facebook.com\/pages\/Sestogrado\/1542635979353017?ref=bookmarks\" \/>\n<meta property=\"article:modified_time\" content=\"2026-04-28T06:53:26+00:00\" \/>\n<meta property=\"og:image\" content=\"https:\/\/www.sestogrado.it\/wp-content\/uploads\/2015\/04\/01-9.jpg\" \/>\n\t<meta property=\"og:image:width\" content=\"800\" \/>\n\t<meta property=\"og:image:height\" content=\"800\" \/>\n\t<meta property=\"og:image:type\" content=\"image\/jpeg\" \/>\n<meta name=\"twitter:label1\" content=\"Disponibilit\u00e0\" \/>\n\t<meta name=\"twitter:data1\" content=\"In stock\" \/>\n<script type=\"application\/ld+json\" class=\"yoast-schema-graph\">{\"@context\":\"https:\/\/schema.org\",\"@graph\":[{\"@type\":\"WebPage\",\"@id\":\"https:\/\/www.sestogrado.it\/it\/prodotto\/petzl-spatha-coltello-moschettonabile\/\",\"url\":\"https:\/\/www.sestogrado.it\/it\/prodotto\/petzl-spatha-coltello-moschettonabile\/\",\"name\":\"Petzl Spatha coltello moschettonabile - Sestogrado\",\"isPartOf\":{\"@id\":\"https:\/\/www.sestogrado.it\/it\/#website\"},\"primaryImageOfPage\":{\"@id\":\"https:\/\/www.sestogrado.it\/it\/prodotto\/petzl-spatha-coltello-moschettonabile\/#primaryimage\"},\"image\":{\"@id\":\"https:\/\/www.sestogrado.it\/prodotto\/petzl-spatha-coltello-moschettonabile\/#primaryimage\"},\"thumbnailUrl\":\"https:\/\/www.sestogrado.it\/wp-content\/uploads\/2015\/04\/01-9.jpg\",\"datePublished\":\"2015-04-20T12:21:01+00:00\",\"dateModified\":\"2026-04-28T06:53:26+00:00\",\"description\":\"Il coltello moschettonabile PETZL SPATHA \u00e8 progettato per accompagnarti in tutte le tue uscite. E' ripiegabile su s\u00e9 stesso ed \u00e8 facilmente apribile.\",\"breadcrumb\":{\"@id\":\"https:\/\/www.sestogrado.it\/it\/prodotto\/petzl-spatha-coltello-moschettonabile\/#breadcrumb\"},\"inLanguage\":\"it-IT\",\"potentialAction\":[{\"@type\":\"ReadAction\",\"target\":[[\"https:\/\/www.sestogrado.it\/it\/prodotto\/petzl-spatha-coltello-moschettonabile\/\"]]}]},{\"@type\":\"ImageObject\",\"inLanguage\":\"it-IT\",\"@id\":\"https:\/\/www.sestogrado.it\/it\/prodotto\/petzl-spatha-coltello-moschettonabile\/#primaryimage\",\"url\":\"https:\/\/www.sestogrado.it\/wp-content\/uploads\/2015\/04\/01-9.jpg\",\"contentUrl\":\"https:\/\/www.sestogrado.it\/wp-content\/uploads\/2015\/04\/01-9.jpg\",\"width\":800,\"height\":800,\"caption\":\"petzl spatha\"},{\"@type\":\"BreadcrumbList\",\"@id\":\"https:\/\/www.sestogrado.it\/it\/prodotto\/petzl-spatha-coltello-moschettonabile\/#breadcrumb\",\"itemListElement\":[{\"@type\":\"ListItem\",\"position\":1,\"name\":\"Home\",\"item\":\"https:\/\/www.sestogrado.it\/it\/\"},{\"@type\":\"ListItem\",\"position\":2,\"name\":\"Shop\",\"item\":\"https:\/\/www.sestogrado.it\/it\/shop\/\"},{\"@type\":\"ListItem\",\"position\":3,\"name\":\"Petzl Spatha coltello moschettonabile\"}]},{\"@type\":\"WebSite\",\"@id\":\"https:\/\/www.sestogrado.it\/it\/#website\",\"url\":\"https:\/\/www.sestogrado.it\/it\/\",\"name\":\"Sestogrado\",\"description\":\"yes we climb\",\"publisher\":{\"@id\":\"https:\/\/www.sestogrado.it\/it\/#organization\"},\"potentialAction\":[{\"@type\":\"SearchAction\",\"target\":{\"@type\":\"EntryPoint\",\"urlTemplate\":\"https:\/\/www.sestogrado.it\/it\/?s={search_term_string}\"},\"query-input\":{\"@type\":\"PropertyValueSpecification\",\"valueRequired\":true,\"valueName\":\"search_term_string\"}}],\"inLanguage\":\"it-IT\"},{\"@type\":\"Organization\",\"@id\":\"https:\/\/www.sestogrado.it\/it\/#organization\",\"name\":\"Sestogrado\",\"url\":\"https:\/\/www.sestogrado.it\/it\/\",\"logo\":{\"@type\":\"ImageObject\",\"inLanguage\":\"it-IT\",\"@id\":\"https:\/\/www.sestogrado.it\/it\/#\/schema\/logo\/image\/\",\"url\":\"https:\/\/www.sestogrado.it\/wp-content\/uploads\/2015\/03\/sestogrado-favicon.png\",\"contentUrl\":\"https:\/\/www.sestogrado.it\/wp-content\/uploads\/2015\/03\/sestogrado-favicon.png\",\"width\":260,\"height\":260,\"caption\":\"Sestogrado\"},\"image\":{\"@id\":\"https:\/\/www.sestogrado.it\/it\/#\/schema\/logo\/image\/\"},\"sameAs\":[\"https:\/\/www.facebook.com\/pages\/Sestogrado\/1542635979353017?ref=bookmarks\",\"https:\/\/www.youtube.com\/channel\/UC847kAfTkaJsWpc1jtQwr3Q\"],\"hasMerchantReturnPolicy\":{\"@type\":\"MerchantReturnPolicy\",\"merchantReturnLink\":\"https:\/\/www.sestogrado.it\/it\/termini-e-condizioni\/\"}}]}<\/script>\n<meta property=\"product:brand\" content=\"Petzl\" \/>\n<meta property=\"og:availability\" content=\"instock\" \/>\n<meta property=\"product:availability\" content=\"instock\" \/>\n<meta property=\"product:condition\" content=\"new\" \/>\n<!-- \/ Yoast SEO plugin. -->","yoast_head_json":{"title":"Petzl Spatha coltello moschettonabile - Sestogrado","description":"Il coltello moschettonabile PETZL SPATHA \u00e8 progettato per accompagnarti in tutte le tue uscite. E' ripiegabile su s\u00e9 stesso ed \u00e8 facilmente apribile.","robots":{"index":"index","follow":"follow","max-snippet":"max-snippet:-1","max-image-preview":"max-image-preview:large","max-video-preview":"max-video-preview:-1"},"canonical":"https:\/\/www.sestogrado.it\/it\/prodotto\/petzl-spatha-coltello-moschettonabile\/","og_locale":"it_IT","og_type":"article","og_title":"Petzl Spatha coltello moschettonabile - Sestogrado","og_description":"Il coltello moschettonabile PETZL SPATHA \u00e8 progettato per accompagnarti in tutte le tue uscite. E' ripiegabile su s\u00e9 stesso ed \u00e8 facilmente apribile.","og_url":"https:\/\/www.sestogrado.it\/it\/prodotto\/petzl-spatha-coltello-moschettonabile\/","og_site_name":"Sestogrado","article_publisher":"https:\/\/www.facebook.com\/pages\/Sestogrado\/1542635979353017?ref=bookmarks","article_modified_time":"2026-04-28T06:53:26+00:00","og_image":[{"width":800,"height":800,"url":"https:\/\/www.sestogrado.it\/wp-content\/uploads\/2015\/04\/01-9.jpg","type":"image\/jpeg"}],"twitter_misc":{"Disponibilit\u00e0":"In stock"},"schema":{"@context":"https:\/\/schema.org","@graph":[{"@type":"WebPage","@id":"https:\/\/www.sestogrado.it\/it\/prodotto\/petzl-spatha-coltello-moschettonabile\/","url":"https:\/\/www.sestogrado.it\/it\/prodotto\/petzl-spatha-coltello-moschettonabile\/","name":"Petzl Spatha coltello moschettonabile - Sestogrado","isPartOf":{"@id":"https:\/\/www.sestogrado.it\/it\/#website"},"primaryImageOfPage":{"@id":"https:\/\/www.sestogrado.it\/it\/prodotto\/petzl-spatha-coltello-moschettonabile\/#primaryimage"},"image":{"@id":"https:\/\/www.sestogrado.it\/prodotto\/petzl-spatha-coltello-moschettonabile\/#primaryimage"},"thumbnailUrl":"https:\/\/www.sestogrado.it\/wp-content\/uploads\/2015\/04\/01-9.jpg","datePublished":"2015-04-20T12:21:01+00:00","dateModified":"2026-04-28T06:53:26+00:00","description":"Il coltello moschettonabile PETZL SPATHA \u00e8 progettato per accompagnarti in tutte le tue uscite. E' ripiegabile su s\u00e9 stesso ed \u00e8 facilmente apribile.","breadcrumb":{"@id":"https:\/\/www.sestogrado.it\/it\/prodotto\/petzl-spatha-coltello-moschettonabile\/#breadcrumb"},"inLanguage":"it-IT","potentialAction":[{"@type":"ReadAction","target":[["https:\/\/www.sestogrado.it\/it\/prodotto\/petzl-spatha-coltello-moschettonabile\/"]]}]},{"@type":"ImageObject","inLanguage":"it-IT","@id":"https:\/\/www.sestogrado.it\/it\/prodotto\/petzl-spatha-coltello-moschettonabile\/#primaryimage","url":"https:\/\/www.sestogrado.it\/wp-content\/uploads\/2015\/04\/01-9.jpg","contentUrl":"https:\/\/www.sestogrado.it\/wp-content\/uploads\/2015\/04\/01-9.jpg","width":800,"height":800,"caption":"petzl spatha"},{"@type":"BreadcrumbList","@id":"https:\/\/www.sestogrado.it\/it\/prodotto\/petzl-spatha-coltello-moschettonabile\/#breadcrumb","itemListElement":[{"@type":"ListItem","position":1,"name":"Home","item":"https:\/\/www.sestogrado.it\/it\/"},{"@type":"ListItem","position":2,"name":"Shop","item":"https:\/\/www.sestogrado.it\/it\/shop\/"},{"@type":"ListItem","position":3,"name":"Petzl Spatha coltello moschettonabile"}]},{"@type":"WebSite","@id":"https:\/\/www.sestogrado.it\/it\/#website","url":"https:\/\/www.sestogrado.it\/it\/","name":"Sestogrado","description":"yes we climb","publisher":{"@id":"https:\/\/www.sestogrado.it\/it\/#organization"},"potentialAction":[{"@type":"SearchAction","target":{"@type":"EntryPoint","urlTemplate":"https:\/\/www.sestogrado.it\/it\/?s={search_term_string}"},"query-input":{"@type":"PropertyValueSpecification","valueRequired":true,"valueName":"search_term_string"}}],"inLanguage":"it-IT"},{"@type":"Organization","@id":"https:\/\/www.sestogrado.it\/it\/#organization","name":"Sestogrado","url":"https:\/\/www.sestogrado.it\/it\/","logo":{"@type":"ImageObject","inLanguage":"it-IT","@id":"https:\/\/www.sestogrado.it\/it\/#\/schema\/logo\/image\/","url":"https:\/\/www.sestogrado.it\/wp-content\/uploads\/2015\/03\/sestogrado-favicon.png","contentUrl":"https:\/\/www.sestogrado.it\/wp-content\/uploads\/2015\/03\/sestogrado-favicon.png","width":260,"height":260,"caption":"Sestogrado"},"image":{"@id":"https:\/\/www.sestogrado.it\/it\/#\/schema\/logo\/image\/"},"sameAs":["https:\/\/www.facebook.com\/pages\/Sestogrado\/1542635979353017?ref=bookmarks","https:\/\/www.youtube.com\/channel\/UC847kAfTkaJsWpc1jtQwr3Q"],"hasMerchantReturnPolicy":{"@type":"MerchantReturnPolicy","merchantReturnLink":"https:\/\/www.sestogrado.it\/it\/termini-e-condizioni\/"}}]},"product_brand":"Petzl","og_availability":"instock","product_availability":"instock","product_condition":"new"},"_links":{"self":[{"href":"https:\/\/www.sestogrado.it\/it\/wp-json\/wp\/v2\/product\/1016","targetHints":{"allow":["GET"]}}],"collection":[{"href":"https:\/\/www.sestogrado.it\/it\/wp-json\/wp\/v2\/product"}],"about":[{"href":"https:\/\/www.sestogrado.it\/it\/wp-json\/wp\/v2\/types\/product"}],"replies":[{"embeddable":true,"href":"https:\/\/www.sestogrado.it\/it\/wp-json\/wp\/v2\/comments?post=1016"}],"wp:featuredmedia":[{"embeddable":true,"href":"https:\/\/www.sestogrado.it\/it\/wp-json\/wp\/v2\/media\/19430"}],"wp:attachment":[{"href":"https:\/\/www.sestogrado.it\/it\/wp-json\/wp\/v2\/media?parent=1016"}],"wp:term":[{"taxonomy":"product_brand","embeddable":true,"href":"https:\/\/www.sestogrado.it\/it\/wp-json\/wp\/v2\/product_brand?post=1016"},{"taxonomy":"product_cat","embeddable":true,"href":"https:\/\/www.sestogrado.it\/it\/wp-json\/wp\/v2\/product_cat?post=1016"},{"taxonomy":"product_tag","embeddable":true,"href":"https:\/\/www.sestogrado.it\/it\/wp-json\/wp\/v2\/product_tag?post=1016"}],"curies":[{"name":"wp","href":"https:\/\/api.w.org\/{rel}","templated":true}]}}