{"id":10116,"date":"2017-02-14T11:59:32","date_gmt":"2017-02-14T10:59:32","guid":{"rendered":"http:\/\/www.sestogrado.it\/?post_type=product&#038;p=10116"},"modified":"2026-03-09T22:14:33","modified_gmt":"2026-03-09T21:14:33","slug":"camp-knifeblade-chiodo-roccia","status":"publish","type":"product","link":"https:\/\/www.sestogrado.it\/it\/prodotto\/camp-knifeblade-chiodo-roccia\/","title":{"rendered":"Camp Knifeblade chiodo da roccia"},"content":{"rendered":"<p>Il Camp\u00a0Knifeblade \u00e8 un chiodo da roccia extrapiatto per le fessure pi\u00f9 sottili di varie profondit\u00e0.<\/p>\n<p>Provvisto di due fori per agganciarvi il moschettone nel modo pi\u00f9 opportuno e per ridurne il peso.<\/p>\n<ul>\n<li>In acciaio al nichel-cromo-molibdeno<\/li>\n<li>Ideali per il granito<\/li>\n<li>disponibile in tre lunghezze: 7,5, 9 e 10cm<\/li>\n<\/ul>\n<p>&nbsp;<\/p>\n<p>&nbsp;<\/p>\n<p>Passione, lavoro e semplicit\u00e0 sono alcune delle parole chiave che da sempre hanno contraddistinto il modo di essere di C.A.M.P.\u00a0Fondata nel\u00a01889 a Premana, paese dell\u2019alta Valsassina dove tutt\u2019oggi ha la sua sede, C.A.M.P.\u00a0realizza\u00a0prodotti che aiutano a realizzare i sogni ed i progetti di tutti coloro che frequentano la montagna.<\/p>","protected":false},"excerpt":{"rendered":"<p>Il Camp\u00a0Knifeblade \u00e8 un chiodo da roccia extrapiatto per le fessure pi\u00f9 sottili di varie profondit\u00e0. Provvisto di due fori [&hellip;]<\/p>\n","protected":false},"featured_media":10117,"comment_status":"open","ping_status":"closed","template":"","meta":{"_acf_changed":false},"product_brand":[31],"product_cat":[343],"product_tag":[],"class_list":{"0":"post-10116","1":"product","2":"type-product","3":"status-publish","4":"has-post-thumbnail","6":"product_brand-camp","7":"product_cat-chiodi-e-ancoraggi","9":"first","10":"instock","11":"sale","12":"taxable","13":"shipping-taxable","14":"purchasable","15":"product-type-variable"},"acf":[],"yoast_head":"<!-- This site is optimized with the Yoast SEO plugin v26.4 - https:\/\/yoast.com\/wordpress\/plugins\/seo\/ -->\n<title>Camp Knifeblade chiodo da roccia - Sestogrado<\/title>\n<meta name=\"description\" content=\"Il Camp Knifeblade \u00e8 un chiodo da roccia extrapiatto per le fessure pi\u00f9 sottili di varie profondit\u00e0. Ideale per il granito.\" \/>\n<meta name=\"robots\" content=\"index, follow, max-snippet:-1, max-image-preview:large, max-video-preview:-1\" \/>\n<link rel=\"canonical\" href=\"https:\/\/www.sestogrado.it\/it\/prodotto\/camp-knifeblade-chiodo-roccia\/\" \/>\n<meta property=\"og:locale\" content=\"it_IT\" \/>\n<meta property=\"og:type\" content=\"article\" \/>\n<meta property=\"og:title\" content=\"Camp Knifeblade chiodo da roccia - Sestogrado\" \/>\n<meta property=\"og:description\" content=\"Il Camp Knifeblade \u00e8 un chiodo da roccia extrapiatto per le fessure pi\u00f9 sottili di varie profondit\u00e0. Ideale per il granito.\" \/>\n<meta property=\"og:url\" content=\"https:\/\/www.sestogrado.it\/it\/prodotto\/camp-knifeblade-chiodo-roccia\/\" \/>\n<meta property=\"og:site_name\" content=\"Sestogrado\" \/>\n<meta property=\"article:publisher\" content=\"https:\/\/www.facebook.com\/pages\/Sestogrado\/1542635979353017?ref=bookmarks\" \/>\n<meta property=\"article:modified_time\" content=\"2026-03-09T21:14:33+00:00\" \/>\n<meta property=\"og:image\" content=\"https:\/\/www.sestogrado.it\/wp-content\/uploads\/2017\/02\/knifeblade.jpg\" \/>\n\t<meta property=\"og:image:width\" content=\"1503\" \/>\n\t<meta property=\"og:image:height\" content=\"2004\" \/>\n\t<meta property=\"og:image:type\" content=\"image\/jpeg\" \/>\n<meta name=\"twitter:label1\" content=\"Disponibilit\u00e0\" \/>\n\t<meta name=\"twitter:data1\" content=\"In stock\" \/>\n<script type=\"application\/ld+json\" class=\"yoast-schema-graph\">{\"@context\":\"https:\/\/schema.org\",\"@graph\":[{\"@type\":\"WebPage\",\"@id\":\"https:\/\/www.sestogrado.it\/it\/prodotto\/camp-knifeblade-chiodo-roccia\/\",\"url\":\"https:\/\/www.sestogrado.it\/it\/prodotto\/camp-knifeblade-chiodo-roccia\/\",\"name\":\"Camp Knifeblade chiodo da roccia - Sestogrado\",\"isPartOf\":{\"@id\":\"https:\/\/www.sestogrado.it\/it\/#website\"},\"primaryImageOfPage\":{\"@id\":\"https:\/\/www.sestogrado.it\/it\/prodotto\/camp-knifeblade-chiodo-roccia\/#primaryimage\"},\"image\":{\"@id\":\"https:\/\/www.sestogrado.it\/prodotto\/camp-knifeblade-chiodo-roccia\/#primaryimage\"},\"thumbnailUrl\":\"https:\/\/www.sestogrado.it\/wp-content\/uploads\/2017\/02\/knifeblade.jpg\",\"datePublished\":\"2017-02-14T10:59:32+00:00\",\"dateModified\":\"2026-03-09T21:14:33+00:00\",\"description\":\"Il Camp Knifeblade \u00e8 un chiodo da roccia extrapiatto per le fessure pi\u00f9 sottili di varie profondit\u00e0. Ideale per il granito.\",\"breadcrumb\":{\"@id\":\"https:\/\/www.sestogrado.it\/it\/prodotto\/camp-knifeblade-chiodo-roccia\/#breadcrumb\"},\"inLanguage\":\"it-IT\",\"potentialAction\":[{\"@type\":\"ReadAction\",\"target\":[[\"https:\/\/www.sestogrado.it\/it\/prodotto\/camp-knifeblade-chiodo-roccia\/\"]]}]},{\"@type\":\"ImageObject\",\"inLanguage\":\"it-IT\",\"@id\":\"https:\/\/www.sestogrado.it\/it\/prodotto\/camp-knifeblade-chiodo-roccia\/#primaryimage\",\"url\":\"https:\/\/www.sestogrado.it\/wp-content\/uploads\/2017\/02\/knifeblade.jpg\",\"contentUrl\":\"https:\/\/www.sestogrado.it\/wp-content\/uploads\/2017\/02\/knifeblade.jpg\",\"width\":1503,\"height\":2004,\"caption\":\"camp knifeblade\"},{\"@type\":\"BreadcrumbList\",\"@id\":\"https:\/\/www.sestogrado.it\/it\/prodotto\/camp-knifeblade-chiodo-roccia\/#breadcrumb\",\"itemListElement\":[{\"@type\":\"ListItem\",\"position\":1,\"name\":\"Home\",\"item\":\"https:\/\/www.sestogrado.it\/it\/\"},{\"@type\":\"ListItem\",\"position\":2,\"name\":\"Shop\",\"item\":\"https:\/\/www.sestogrado.it\/it\/shop\/\"},{\"@type\":\"ListItem\",\"position\":3,\"name\":\"Camp Knifeblade chiodo da roccia\"}]},{\"@type\":\"WebSite\",\"@id\":\"https:\/\/www.sestogrado.it\/it\/#website\",\"url\":\"https:\/\/www.sestogrado.it\/it\/\",\"name\":\"Sestogrado\",\"description\":\"yes we climb\",\"publisher\":{\"@id\":\"https:\/\/www.sestogrado.it\/it\/#organization\"},\"potentialAction\":[{\"@type\":\"SearchAction\",\"target\":{\"@type\":\"EntryPoint\",\"urlTemplate\":\"https:\/\/www.sestogrado.it\/it\/?s={search_term_string}\"},\"query-input\":{\"@type\":\"PropertyValueSpecification\",\"valueRequired\":true,\"valueName\":\"search_term_string\"}}],\"inLanguage\":\"it-IT\"},{\"@type\":\"Organization\",\"@id\":\"https:\/\/www.sestogrado.it\/it\/#organization\",\"name\":\"Sestogrado\",\"url\":\"https:\/\/www.sestogrado.it\/it\/\",\"logo\":{\"@type\":\"ImageObject\",\"inLanguage\":\"it-IT\",\"@id\":\"https:\/\/www.sestogrado.it\/it\/#\/schema\/logo\/image\/\",\"url\":\"https:\/\/www.sestogrado.it\/wp-content\/uploads\/2015\/03\/sestogrado-favicon.png\",\"contentUrl\":\"https:\/\/www.sestogrado.it\/wp-content\/uploads\/2015\/03\/sestogrado-favicon.png\",\"width\":260,\"height\":260,\"caption\":\"Sestogrado\"},\"image\":{\"@id\":\"https:\/\/www.sestogrado.it\/it\/#\/schema\/logo\/image\/\"},\"sameAs\":[\"https:\/\/www.facebook.com\/pages\/Sestogrado\/1542635979353017?ref=bookmarks\",\"https:\/\/www.youtube.com\/channel\/UC847kAfTkaJsWpc1jtQwr3Q\"],\"hasMerchantReturnPolicy\":{\"@type\":\"MerchantReturnPolicy\",\"merchantReturnLink\":\"https:\/\/www.sestogrado.it\/it\/termini-e-condizioni\/\"}}]}<\/script>\n<meta property=\"product:brand\" content=\"Camp\" \/>\n<meta property=\"og:availability\" content=\"instock\" \/>\n<meta property=\"product:availability\" content=\"instock\" \/>\n<meta property=\"product:condition\" content=\"new\" \/>\n<!-- \/ Yoast SEO plugin. -->","yoast_head_json":{"title":"Camp Knifeblade chiodo da roccia - Sestogrado","description":"Il Camp Knifeblade \u00e8 un chiodo da roccia extrapiatto per le fessure pi\u00f9 sottili di varie profondit\u00e0. Ideale per il granito.","robots":{"index":"index","follow":"follow","max-snippet":"max-snippet:-1","max-image-preview":"max-image-preview:large","max-video-preview":"max-video-preview:-1"},"canonical":"https:\/\/www.sestogrado.it\/it\/prodotto\/camp-knifeblade-chiodo-roccia\/","og_locale":"it_IT","og_type":"article","og_title":"Camp Knifeblade chiodo da roccia - Sestogrado","og_description":"Il Camp Knifeblade \u00e8 un chiodo da roccia extrapiatto per le fessure pi\u00f9 sottili di varie profondit\u00e0. Ideale per il granito.","og_url":"https:\/\/www.sestogrado.it\/it\/prodotto\/camp-knifeblade-chiodo-roccia\/","og_site_name":"Sestogrado","article_publisher":"https:\/\/www.facebook.com\/pages\/Sestogrado\/1542635979353017?ref=bookmarks","article_modified_time":"2026-03-09T21:14:33+00:00","og_image":[{"width":1503,"height":2004,"url":"https:\/\/www.sestogrado.it\/wp-content\/uploads\/2017\/02\/knifeblade.jpg","type":"image\/jpeg"}],"twitter_misc":{"Disponibilit\u00e0":"In stock"},"schema":{"@context":"https:\/\/schema.org","@graph":[{"@type":"WebPage","@id":"https:\/\/www.sestogrado.it\/it\/prodotto\/camp-knifeblade-chiodo-roccia\/","url":"https:\/\/www.sestogrado.it\/it\/prodotto\/camp-knifeblade-chiodo-roccia\/","name":"Camp Knifeblade chiodo da roccia - Sestogrado","isPartOf":{"@id":"https:\/\/www.sestogrado.it\/it\/#website"},"primaryImageOfPage":{"@id":"https:\/\/www.sestogrado.it\/it\/prodotto\/camp-knifeblade-chiodo-roccia\/#primaryimage"},"image":{"@id":"https:\/\/www.sestogrado.it\/prodotto\/camp-knifeblade-chiodo-roccia\/#primaryimage"},"thumbnailUrl":"https:\/\/www.sestogrado.it\/wp-content\/uploads\/2017\/02\/knifeblade.jpg","datePublished":"2017-02-14T10:59:32+00:00","dateModified":"2026-03-09T21:14:33+00:00","description":"Il Camp Knifeblade \u00e8 un chiodo da roccia extrapiatto per le fessure pi\u00f9 sottili di varie profondit\u00e0. Ideale per il granito.","breadcrumb":{"@id":"https:\/\/www.sestogrado.it\/it\/prodotto\/camp-knifeblade-chiodo-roccia\/#breadcrumb"},"inLanguage":"it-IT","potentialAction":[{"@type":"ReadAction","target":[["https:\/\/www.sestogrado.it\/it\/prodotto\/camp-knifeblade-chiodo-roccia\/"]]}]},{"@type":"ImageObject","inLanguage":"it-IT","@id":"https:\/\/www.sestogrado.it\/it\/prodotto\/camp-knifeblade-chiodo-roccia\/#primaryimage","url":"https:\/\/www.sestogrado.it\/wp-content\/uploads\/2017\/02\/knifeblade.jpg","contentUrl":"https:\/\/www.sestogrado.it\/wp-content\/uploads\/2017\/02\/knifeblade.jpg","width":1503,"height":2004,"caption":"camp knifeblade"},{"@type":"BreadcrumbList","@id":"https:\/\/www.sestogrado.it\/it\/prodotto\/camp-knifeblade-chiodo-roccia\/#breadcrumb","itemListElement":[{"@type":"ListItem","position":1,"name":"Home","item":"https:\/\/www.sestogrado.it\/it\/"},{"@type":"ListItem","position":2,"name":"Shop","item":"https:\/\/www.sestogrado.it\/it\/shop\/"},{"@type":"ListItem","position":3,"name":"Camp Knifeblade chiodo da roccia"}]},{"@type":"WebSite","@id":"https:\/\/www.sestogrado.it\/it\/#website","url":"https:\/\/www.sestogrado.it\/it\/","name":"Sestogrado","description":"yes we climb","publisher":{"@id":"https:\/\/www.sestogrado.it\/it\/#organization"},"potentialAction":[{"@type":"SearchAction","target":{"@type":"EntryPoint","urlTemplate":"https:\/\/www.sestogrado.it\/it\/?s={search_term_string}"},"query-input":{"@type":"PropertyValueSpecification","valueRequired":true,"valueName":"search_term_string"}}],"inLanguage":"it-IT"},{"@type":"Organization","@id":"https:\/\/www.sestogrado.it\/it\/#organization","name":"Sestogrado","url":"https:\/\/www.sestogrado.it\/it\/","logo":{"@type":"ImageObject","inLanguage":"it-IT","@id":"https:\/\/www.sestogrado.it\/it\/#\/schema\/logo\/image\/","url":"https:\/\/www.sestogrado.it\/wp-content\/uploads\/2015\/03\/sestogrado-favicon.png","contentUrl":"https:\/\/www.sestogrado.it\/wp-content\/uploads\/2015\/03\/sestogrado-favicon.png","width":260,"height":260,"caption":"Sestogrado"},"image":{"@id":"https:\/\/www.sestogrado.it\/it\/#\/schema\/logo\/image\/"},"sameAs":["https:\/\/www.facebook.com\/pages\/Sestogrado\/1542635979353017?ref=bookmarks","https:\/\/www.youtube.com\/channel\/UC847kAfTkaJsWpc1jtQwr3Q"],"hasMerchantReturnPolicy":{"@type":"MerchantReturnPolicy","merchantReturnLink":"https:\/\/www.sestogrado.it\/it\/termini-e-condizioni\/"}}]},"product_brand":"Camp","og_availability":"instock","product_availability":"instock","product_condition":"new"},"_links":{"self":[{"href":"https:\/\/www.sestogrado.it\/it\/wp-json\/wp\/v2\/product\/10116","targetHints":{"allow":["GET"]}}],"collection":[{"href":"https:\/\/www.sestogrado.it\/it\/wp-json\/wp\/v2\/product"}],"about":[{"href":"https:\/\/www.sestogrado.it\/it\/wp-json\/wp\/v2\/types\/product"}],"replies":[{"embeddable":true,"href":"https:\/\/www.sestogrado.it\/it\/wp-json\/wp\/v2\/comments?post=10116"}],"wp:featuredmedia":[{"embeddable":true,"href":"https:\/\/www.sestogrado.it\/it\/wp-json\/wp\/v2\/media\/10117"}],"wp:attachment":[{"href":"https:\/\/www.sestogrado.it\/it\/wp-json\/wp\/v2\/media?parent=10116"}],"wp:term":[{"taxonomy":"product_brand","embeddable":true,"href":"https:\/\/www.sestogrado.it\/it\/wp-json\/wp\/v2\/product_brand?post=10116"},{"taxonomy":"product_cat","embeddable":true,"href":"https:\/\/www.sestogrado.it\/it\/wp-json\/wp\/v2\/product_cat?post=10116"},{"taxonomy":"product_tag","embeddable":true,"href":"https:\/\/www.sestogrado.it\/it\/wp-json\/wp\/v2\/product_tag?post=10116"}],"curies":[{"name":"wp","href":"https:\/\/api.w.org\/{rel}","templated":true}]}}