{"id":101080,"date":"2022-05-05T16:23:53","date_gmt":"2022-05-05T14:23:53","guid":{"rendered":"https:\/\/www.sestogrado.it\/?post_type=product&#038;p=101080"},"modified":"2026-02-18T19:27:38","modified_gmt":"2026-02-18T18:27:38","slug":"camp-express-ring-dyneema-105-mm-anello-di-fettuccia-30-60-120-240-cm","status":"publish","type":"product","link":"https:\/\/www.sestogrado.it\/it\/prodotto\/camp-express-ring-dyneema-105-mm-anello-di-fettuccia-30-60-120-240-cm\/","title":{"rendered":"Camp Express ring dyneema 10,5 mm anello di fettuccia 30-60-120-240 cm"},"content":{"rendered":"<p>Camp Express ring dyneema 10,5 mm anello di fettuccia 30-60-120-240 cm sono anelli cuciti di fettuccia in Dyneema\u00ae da 10.5 mm, disponibili in 4 lunghezze: 30, 60, 120 e 240 cm. Sottili e leggeri, sono ideali sia per collegare gli ancoraggi delle soste sia per realizzare rinvii trad. Per i rinvii consigliamo quelli da 30 e 60 cm abbinati a <a href=\"https:\/\/www.sestogrado.it\/it\/prodotto\/camp-nano-22-rackpack-set-moschettoni\/\" target=\"_blank\" rel=\"noopener\">moschettoni superleggeri<\/a>; per le soste, invece, sono perfetti quelli da 120 e 240 cm.<\/p>\n<ul>\n<li>Disponibili in 4 lunghezze: <strong>30, 60, 120 e 240 cm<\/strong><\/li>\n<li>Carico di rottura<strong> 22 kN<\/strong><\/li>\n<\/ul>\n<p>Passione, lavoro e semplicit\u00e0 sono alcune delle parole chiave che da sempre hanno contraddistinto il modo di essere di C.A.M.P. La passione \u00e8 quella per la montagna e per i prodotti che aiutano a realizzare i sogni ed i progetti di tutti coloro che la frequentano; il lavoro \u00e8 quello tramandato da oltre 115 anni in quattro distinte generazioni succedutesi alla guida dell\u2019azienda e la semplicit\u00e0 \u00e8 quella che contraddistingue un modo di essere e relazionarsi basato sulla seriet\u00e0 e lealt\u00e0.<\/p>\n","protected":false},"excerpt":{"rendered":"<p>Camp Express ring dyneema 10,5 mm anello di fettuccia 30-60-120-240 cm sono anelli cuciti di fettuccia in Dyneema\u00ae da 10.5 [&hellip;]<\/p>\n","protected":false},"featured_media":101090,"comment_status":"open","ping_status":"closed","template":"","meta":{"_acf_changed":false},"product_brand":[31],"product_cat":[137],"product_tag":[],"class_list":{"0":"post-101080","1":"product","2":"type-product","3":"status-publish","4":"has-post-thumbnail","6":"product_brand-camp","7":"product_cat-fettucce-e-cordini","9":"first","10":"instock","11":"sale","12":"taxable","13":"shipping-taxable","14":"purchasable","15":"product-type-variable"},"acf":[],"yoast_head":"<!-- This site is optimized with the Yoast SEO plugin v26.4 - https:\/\/yoast.com\/wordpress\/plugins\/seo\/ -->\n<title>Camp Express ring dyneema 10,5 mm anello di fettuccia 30-60-120-240 cm - Sestogrado<\/title>\n<meta name=\"description\" content=\"Camp Express ring dyneema 10,5 mm anello di fettuccia 30-60-120-240 cm sono anelli cuciti di fettuccia in Dyneema\u00ae da 10.5 mm, disponibili in 4 lunghezze: 30, 60, 120 e 240 cm. Sottili e leggeri, sono ideali sia per collegare gli ancoraggi delle soste sia per realizzare rinvii trad. Per i rinvii consigliamo quelli da 30 e 60 cm abbinati a moschettoni superleggeri; per le soste, invece, sono perfetti quelli da 120 e 240 cm.Disponibili in 4 lunghezze: 30, 60, 120 e 240 cmCarico di rottura 22 kNPassione, lavoro e semplicit\u00e0 sono alcune delle parole chiave che da sempre hanno contraddistinto il modo di essere di C.A.M.P. La passione \u00e8 quella per la montagna e per i prodotti che aiutano a realizzare i sogni ed i progetti di tutti coloro che la frequentano; il lavoro \u00e8 quello tramandato da oltre 115 anni in quattro distinte generazioni succedutesi alla guida dell\u2019azienda e la semplicit\u00e0 \u00e8 quella che contraddistingue un modo di essere e relazionarsi basato sulla seriet\u00e0 e lealt\u00e0.\" \/>\n<meta name=\"robots\" content=\"index, follow, max-snippet:-1, max-image-preview:large, max-video-preview:-1\" \/>\n<link rel=\"canonical\" href=\"https:\/\/www.sestogrado.it\/it\/prodotto\/camp-express-ring-dyneema-105-mm-anello-di-fettuccia-30-60-120-240-cm\/\" \/>\n<meta property=\"og:locale\" content=\"it_IT\" \/>\n<meta property=\"og:type\" content=\"article\" \/>\n<meta property=\"og:title\" content=\"Camp Express ring dyneema 10,5 mm anello di fettuccia 30-60-120-240 cm - Sestogrado\" \/>\n<meta property=\"og:description\" content=\"Camp Express ring dyneema 10,5 mm anello di fettuccia 30-60-120-240 cm sono anelli cuciti di fettuccia in Dyneema\u00ae da 10.5 mm, disponibili in 4 lunghezze: 30, 60, 120 e 240 cm. Sottili e leggeri, sono ideali sia per collegare gli ancoraggi delle soste sia per realizzare rinvii trad. Per i rinvii consigliamo quelli da 30 e 60 cm abbinati a moschettoni superleggeri; per le soste, invece, sono perfetti quelli da 120 e 240 cm.Disponibili in 4 lunghezze: 30, 60, 120 e 240 cmCarico di rottura 22 kNPassione, lavoro e semplicit\u00e0 sono alcune delle parole chiave che da sempre hanno contraddistinto il modo di essere di C.A.M.P. La passione \u00e8 quella per la montagna e per i prodotti che aiutano a realizzare i sogni ed i progetti di tutti coloro che la frequentano; il lavoro \u00e8 quello tramandato da oltre 115 anni in quattro distinte generazioni succedutesi alla guida dell\u2019azienda e la semplicit\u00e0 \u00e8 quella che contraddistingue un modo di essere e relazionarsi basato sulla seriet\u00e0 e lealt\u00e0.\" \/>\n<meta property=\"og:url\" content=\"https:\/\/www.sestogrado.it\/it\/prodotto\/camp-express-ring-dyneema-105-mm-anello-di-fettuccia-30-60-120-240-cm\/\" \/>\n<meta property=\"og:site_name\" content=\"Sestogrado\" \/>\n<meta property=\"article:publisher\" content=\"https:\/\/www.facebook.com\/pages\/Sestogrado\/1542635979353017?ref=bookmarks\" \/>\n<meta property=\"article:modified_time\" content=\"2026-02-18T18:27:38+00:00\" \/>\n<meta property=\"og:image\" content=\"https:\/\/www.sestogrado.it\/wp-content\/uploads\/2022\/05\/10.5mm-30cm.jpg\" \/>\n\t<meta property=\"og:image:width\" content=\"1700\" \/>\n\t<meta property=\"og:image:height\" content=\"1700\" \/>\n\t<meta property=\"og:image:type\" content=\"image\/jpeg\" \/>\n<meta name=\"twitter:label1\" content=\"Disponibilit\u00e0\" \/>\n\t<meta name=\"twitter:data1\" content=\"In stock\" \/>\n<script type=\"application\/ld+json\" class=\"yoast-schema-graph\">{\"@context\":\"https:\/\/schema.org\",\"@graph\":[{\"@type\":\"WebPage\",\"@id\":\"https:\/\/www.sestogrado.it\/it\/prodotto\/camp-express-ring-dyneema-105-mm-anello-di-fettuccia-30-60-120-240-cm\/\",\"url\":\"https:\/\/www.sestogrado.it\/it\/prodotto\/camp-express-ring-dyneema-105-mm-anello-di-fettuccia-30-60-120-240-cm\/\",\"name\":\"Camp Express ring dyneema 10,5 mm anello di fettuccia 30-60-120-240 cm - Sestogrado\",\"isPartOf\":{\"@id\":\"https:\/\/www.sestogrado.it\/it\/#website\"},\"primaryImageOfPage\":{\"@id\":\"https:\/\/www.sestogrado.it\/it\/prodotto\/camp-express-ring-dyneema-105-mm-anello-di-fettuccia-30-60-120-240-cm\/#primaryimage\"},\"image\":{\"@id\":\"https:\/\/www.sestogrado.it\/prodotto\/camp-express-ring-dyneema-105-mm-anello-di-fettuccia-30-60-120-240-cm\/#primaryimage\"},\"thumbnailUrl\":\"https:\/\/www.sestogrado.it\/wp-content\/uploads\/2022\/05\/10.5mm-30cm.jpg\",\"datePublished\":\"2022-05-05T14:23:53+00:00\",\"dateModified\":\"2026-02-18T18:27:38+00:00\",\"description\":\"Camp Express ring dyneema 10,5 mm anello di fettuccia 30-60-120-240 cm sono anelli cuciti di fettuccia in Dyneema\u00ae da 10.5 mm, disponibili in 4 lunghezze: 30, 60, 120 e 240 cm. Sottili e leggeri, sono ideali sia per collegare gli ancoraggi delle soste sia per realizzare rinvii trad. Per i rinvii consigliamo quelli da 30 e 60 cm abbinati a moschettoni superleggeri; per le soste, invece, sono perfetti quelli da 120 e 240 cm.Disponibili in 4 lunghezze: 30, 60, 120 e 240 cmCarico di rottura 22 kNPassione, lavoro e semplicit\u00e0 sono alcune delle parole chiave che da sempre hanno contraddistinto il modo di essere di C.A.M.P. La passione \u00e8 quella per la montagna e per i prodotti che aiutano a realizzare i sogni ed i progetti di tutti coloro che la frequentano; il lavoro \u00e8 quello tramandato da oltre 115 anni in quattro distinte generazioni succedutesi alla guida dell\u2019azienda e la semplicit\u00e0 \u00e8 quella che contraddistingue un modo di essere e relazionarsi basato sulla seriet\u00e0 e lealt\u00e0.\",\"breadcrumb\":{\"@id\":\"https:\/\/www.sestogrado.it\/it\/prodotto\/camp-express-ring-dyneema-105-mm-anello-di-fettuccia-30-60-120-240-cm\/#breadcrumb\"},\"inLanguage\":\"it-IT\",\"potentialAction\":[{\"@type\":\"ReadAction\",\"target\":[[\"https:\/\/www.sestogrado.it\/it\/prodotto\/camp-express-ring-dyneema-105-mm-anello-di-fettuccia-30-60-120-240-cm\/\"]]}]},{\"@type\":\"ImageObject\",\"inLanguage\":\"it-IT\",\"@id\":\"https:\/\/www.sestogrado.it\/it\/prodotto\/camp-express-ring-dyneema-105-mm-anello-di-fettuccia-30-60-120-240-cm\/#primaryimage\",\"url\":\"https:\/\/www.sestogrado.it\/wp-content\/uploads\/2022\/05\/10.5mm-30cm.jpg\",\"contentUrl\":\"https:\/\/www.sestogrado.it\/wp-content\/uploads\/2022\/05\/10.5mm-30cm.jpg\",\"width\":1700,\"height\":1700,\"caption\":\"express ring dy 10.5mm 30cm ARANCIO\"},{\"@type\":\"BreadcrumbList\",\"@id\":\"https:\/\/www.sestogrado.it\/it\/prodotto\/camp-express-ring-dyneema-105-mm-anello-di-fettuccia-30-60-120-240-cm\/#breadcrumb\",\"itemListElement\":[{\"@type\":\"ListItem\",\"position\":1,\"name\":\"Home\",\"item\":\"https:\/\/www.sestogrado.it\/it\/\"},{\"@type\":\"ListItem\",\"position\":2,\"name\":\"Shop\",\"item\":\"https:\/\/www.sestogrado.it\/it\/shop\/\"},{\"@type\":\"ListItem\",\"position\":3,\"name\":\"Camp Express ring dyneema 10,5 mm anello di fettuccia 30-60-120-240 cm\"}]},{\"@type\":\"WebSite\",\"@id\":\"https:\/\/www.sestogrado.it\/it\/#website\",\"url\":\"https:\/\/www.sestogrado.it\/it\/\",\"name\":\"Sestogrado\",\"description\":\"yes we climb\",\"publisher\":{\"@id\":\"https:\/\/www.sestogrado.it\/it\/#organization\"},\"potentialAction\":[{\"@type\":\"SearchAction\",\"target\":{\"@type\":\"EntryPoint\",\"urlTemplate\":\"https:\/\/www.sestogrado.it\/it\/?s={search_term_string}\"},\"query-input\":{\"@type\":\"PropertyValueSpecification\",\"valueRequired\":true,\"valueName\":\"search_term_string\"}}],\"inLanguage\":\"it-IT\"},{\"@type\":\"Organization\",\"@id\":\"https:\/\/www.sestogrado.it\/it\/#organization\",\"name\":\"Sestogrado\",\"url\":\"https:\/\/www.sestogrado.it\/it\/\",\"logo\":{\"@type\":\"ImageObject\",\"inLanguage\":\"it-IT\",\"@id\":\"https:\/\/www.sestogrado.it\/it\/#\/schema\/logo\/image\/\",\"url\":\"https:\/\/www.sestogrado.it\/wp-content\/uploads\/2015\/03\/sestogrado-favicon.png\",\"contentUrl\":\"https:\/\/www.sestogrado.it\/wp-content\/uploads\/2015\/03\/sestogrado-favicon.png\",\"width\":260,\"height\":260,\"caption\":\"Sestogrado\"},\"image\":{\"@id\":\"https:\/\/www.sestogrado.it\/it\/#\/schema\/logo\/image\/\"},\"sameAs\":[\"https:\/\/www.facebook.com\/pages\/Sestogrado\/1542635979353017?ref=bookmarks\",\"https:\/\/www.youtube.com\/channel\/UC847kAfTkaJsWpc1jtQwr3Q\"],\"hasMerchantReturnPolicy\":{\"@type\":\"MerchantReturnPolicy\",\"merchantReturnLink\":\"https:\/\/www.sestogrado.it\/it\/termini-e-condizioni\/\"}}]}<\/script>\n<meta property=\"product:brand\" content=\"Camp\" \/>\n<meta property=\"og:availability\" content=\"instock\" \/>\n<meta property=\"product:availability\" content=\"instock\" \/>\n<meta property=\"product:condition\" content=\"new\" \/>\n<!-- \/ Yoast SEO plugin. -->","yoast_head_json":{"title":"Camp Express ring dyneema 10,5 mm anello di fettuccia 30-60-120-240 cm - Sestogrado","description":"Camp Express ring dyneema 10,5 mm anello di fettuccia 30-60-120-240 cm sono anelli cuciti di fettuccia in Dyneema\u00ae da 10.5 mm, disponibili in 4 lunghezze: 30, 60, 120 e 240 cm. Sottili e leggeri, sono ideali sia per collegare gli ancoraggi delle soste sia per realizzare rinvii trad. Per i rinvii consigliamo quelli da 30 e 60 cm abbinati a moschettoni superleggeri; per le soste, invece, sono perfetti quelli da 120 e 240 cm.Disponibili in 4 lunghezze: 30, 60, 120 e 240 cmCarico di rottura 22 kNPassione, lavoro e semplicit\u00e0 sono alcune delle parole chiave che da sempre hanno contraddistinto il modo di essere di C.A.M.P. La passione \u00e8 quella per la montagna e per i prodotti che aiutano a realizzare i sogni ed i progetti di tutti coloro che la frequentano; il lavoro \u00e8 quello tramandato da oltre 115 anni in quattro distinte generazioni succedutesi alla guida dell\u2019azienda e la semplicit\u00e0 \u00e8 quella che contraddistingue un modo di essere e relazionarsi basato sulla seriet\u00e0 e lealt\u00e0.","robots":{"index":"index","follow":"follow","max-snippet":"max-snippet:-1","max-image-preview":"max-image-preview:large","max-video-preview":"max-video-preview:-1"},"canonical":"https:\/\/www.sestogrado.it\/it\/prodotto\/camp-express-ring-dyneema-105-mm-anello-di-fettuccia-30-60-120-240-cm\/","og_locale":"it_IT","og_type":"article","og_title":"Camp Express ring dyneema 10,5 mm anello di fettuccia 30-60-120-240 cm - Sestogrado","og_description":"Camp Express ring dyneema 10,5 mm anello di fettuccia 30-60-120-240 cm sono anelli cuciti di fettuccia in Dyneema\u00ae da 10.5 mm, disponibili in 4 lunghezze: 30, 60, 120 e 240 cm. Sottili e leggeri, sono ideali sia per collegare gli ancoraggi delle soste sia per realizzare rinvii trad. Per i rinvii consigliamo quelli da 30 e 60 cm abbinati a moschettoni superleggeri; per le soste, invece, sono perfetti quelli da 120 e 240 cm.Disponibili in 4 lunghezze: 30, 60, 120 e 240 cmCarico di rottura 22 kNPassione, lavoro e semplicit\u00e0 sono alcune delle parole chiave che da sempre hanno contraddistinto il modo di essere di C.A.M.P. La passione \u00e8 quella per la montagna e per i prodotti che aiutano a realizzare i sogni ed i progetti di tutti coloro che la frequentano; il lavoro \u00e8 quello tramandato da oltre 115 anni in quattro distinte generazioni succedutesi alla guida dell\u2019azienda e la semplicit\u00e0 \u00e8 quella che contraddistingue un modo di essere e relazionarsi basato sulla seriet\u00e0 e lealt\u00e0.","og_url":"https:\/\/www.sestogrado.it\/it\/prodotto\/camp-express-ring-dyneema-105-mm-anello-di-fettuccia-30-60-120-240-cm\/","og_site_name":"Sestogrado","article_publisher":"https:\/\/www.facebook.com\/pages\/Sestogrado\/1542635979353017?ref=bookmarks","article_modified_time":"2026-02-18T18:27:38+00:00","og_image":[{"width":1700,"height":1700,"url":"https:\/\/www.sestogrado.it\/wp-content\/uploads\/2022\/05\/10.5mm-30cm.jpg","type":"image\/jpeg"}],"twitter_misc":{"Disponibilit\u00e0":"In stock"},"schema":{"@context":"https:\/\/schema.org","@graph":[{"@type":"WebPage","@id":"https:\/\/www.sestogrado.it\/it\/prodotto\/camp-express-ring-dyneema-105-mm-anello-di-fettuccia-30-60-120-240-cm\/","url":"https:\/\/www.sestogrado.it\/it\/prodotto\/camp-express-ring-dyneema-105-mm-anello-di-fettuccia-30-60-120-240-cm\/","name":"Camp Express ring dyneema 10,5 mm anello di fettuccia 30-60-120-240 cm - Sestogrado","isPartOf":{"@id":"https:\/\/www.sestogrado.it\/it\/#website"},"primaryImageOfPage":{"@id":"https:\/\/www.sestogrado.it\/it\/prodotto\/camp-express-ring-dyneema-105-mm-anello-di-fettuccia-30-60-120-240-cm\/#primaryimage"},"image":{"@id":"https:\/\/www.sestogrado.it\/prodotto\/camp-express-ring-dyneema-105-mm-anello-di-fettuccia-30-60-120-240-cm\/#primaryimage"},"thumbnailUrl":"https:\/\/www.sestogrado.it\/wp-content\/uploads\/2022\/05\/10.5mm-30cm.jpg","datePublished":"2022-05-05T14:23:53+00:00","dateModified":"2026-02-18T18:27:38+00:00","description":"Camp Express ring dyneema 10,5 mm anello di fettuccia 30-60-120-240 cm sono anelli cuciti di fettuccia in Dyneema\u00ae da 10.5 mm, disponibili in 4 lunghezze: 30, 60, 120 e 240 cm. Sottili e leggeri, sono ideali sia per collegare gli ancoraggi delle soste sia per realizzare rinvii trad. Per i rinvii consigliamo quelli da 30 e 60 cm abbinati a moschettoni superleggeri; per le soste, invece, sono perfetti quelli da 120 e 240 cm.Disponibili in 4 lunghezze: 30, 60, 120 e 240 cmCarico di rottura 22 kNPassione, lavoro e semplicit\u00e0 sono alcune delle parole chiave che da sempre hanno contraddistinto il modo di essere di C.A.M.P. La passione \u00e8 quella per la montagna e per i prodotti che aiutano a realizzare i sogni ed i progetti di tutti coloro che la frequentano; il lavoro \u00e8 quello tramandato da oltre 115 anni in quattro distinte generazioni succedutesi alla guida dell\u2019azienda e la semplicit\u00e0 \u00e8 quella che contraddistingue un modo di essere e relazionarsi basato sulla seriet\u00e0 e lealt\u00e0.","breadcrumb":{"@id":"https:\/\/www.sestogrado.it\/it\/prodotto\/camp-express-ring-dyneema-105-mm-anello-di-fettuccia-30-60-120-240-cm\/#breadcrumb"},"inLanguage":"it-IT","potentialAction":[{"@type":"ReadAction","target":[["https:\/\/www.sestogrado.it\/it\/prodotto\/camp-express-ring-dyneema-105-mm-anello-di-fettuccia-30-60-120-240-cm\/"]]}]},{"@type":"ImageObject","inLanguage":"it-IT","@id":"https:\/\/www.sestogrado.it\/it\/prodotto\/camp-express-ring-dyneema-105-mm-anello-di-fettuccia-30-60-120-240-cm\/#primaryimage","url":"https:\/\/www.sestogrado.it\/wp-content\/uploads\/2022\/05\/10.5mm-30cm.jpg","contentUrl":"https:\/\/www.sestogrado.it\/wp-content\/uploads\/2022\/05\/10.5mm-30cm.jpg","width":1700,"height":1700,"caption":"express ring dy 10.5mm 30cm ARANCIO"},{"@type":"BreadcrumbList","@id":"https:\/\/www.sestogrado.it\/it\/prodotto\/camp-express-ring-dyneema-105-mm-anello-di-fettuccia-30-60-120-240-cm\/#breadcrumb","itemListElement":[{"@type":"ListItem","position":1,"name":"Home","item":"https:\/\/www.sestogrado.it\/it\/"},{"@type":"ListItem","position":2,"name":"Shop","item":"https:\/\/www.sestogrado.it\/it\/shop\/"},{"@type":"ListItem","position":3,"name":"Camp Express ring dyneema 10,5 mm anello di fettuccia 30-60-120-240 cm"}]},{"@type":"WebSite","@id":"https:\/\/www.sestogrado.it\/it\/#website","url":"https:\/\/www.sestogrado.it\/it\/","name":"Sestogrado","description":"yes we climb","publisher":{"@id":"https:\/\/www.sestogrado.it\/it\/#organization"},"potentialAction":[{"@type":"SearchAction","target":{"@type":"EntryPoint","urlTemplate":"https:\/\/www.sestogrado.it\/it\/?s={search_term_string}"},"query-input":{"@type":"PropertyValueSpecification","valueRequired":true,"valueName":"search_term_string"}}],"inLanguage":"it-IT"},{"@type":"Organization","@id":"https:\/\/www.sestogrado.it\/it\/#organization","name":"Sestogrado","url":"https:\/\/www.sestogrado.it\/it\/","logo":{"@type":"ImageObject","inLanguage":"it-IT","@id":"https:\/\/www.sestogrado.it\/it\/#\/schema\/logo\/image\/","url":"https:\/\/www.sestogrado.it\/wp-content\/uploads\/2015\/03\/sestogrado-favicon.png","contentUrl":"https:\/\/www.sestogrado.it\/wp-content\/uploads\/2015\/03\/sestogrado-favicon.png","width":260,"height":260,"caption":"Sestogrado"},"image":{"@id":"https:\/\/www.sestogrado.it\/it\/#\/schema\/logo\/image\/"},"sameAs":["https:\/\/www.facebook.com\/pages\/Sestogrado\/1542635979353017?ref=bookmarks","https:\/\/www.youtube.com\/channel\/UC847kAfTkaJsWpc1jtQwr3Q"],"hasMerchantReturnPolicy":{"@type":"MerchantReturnPolicy","merchantReturnLink":"https:\/\/www.sestogrado.it\/it\/termini-e-condizioni\/"}}]},"product_brand":"Camp","og_availability":"instock","product_availability":"instock","product_condition":"new"},"_links":{"self":[{"href":"https:\/\/www.sestogrado.it\/it\/wp-json\/wp\/v2\/product\/101080","targetHints":{"allow":["GET"]}}],"collection":[{"href":"https:\/\/www.sestogrado.it\/it\/wp-json\/wp\/v2\/product"}],"about":[{"href":"https:\/\/www.sestogrado.it\/it\/wp-json\/wp\/v2\/types\/product"}],"replies":[{"embeddable":true,"href":"https:\/\/www.sestogrado.it\/it\/wp-json\/wp\/v2\/comments?post=101080"}],"wp:featuredmedia":[{"embeddable":true,"href":"https:\/\/www.sestogrado.it\/it\/wp-json\/wp\/v2\/media\/101090"}],"wp:attachment":[{"href":"https:\/\/www.sestogrado.it\/it\/wp-json\/wp\/v2\/media?parent=101080"}],"wp:term":[{"taxonomy":"product_brand","embeddable":true,"href":"https:\/\/www.sestogrado.it\/it\/wp-json\/wp\/v2\/product_brand?post=101080"},{"taxonomy":"product_cat","embeddable":true,"href":"https:\/\/www.sestogrado.it\/it\/wp-json\/wp\/v2\/product_cat?post=101080"},{"taxonomy":"product_tag","embeddable":true,"href":"https:\/\/www.sestogrado.it\/it\/wp-json\/wp\/v2\/product_tag?post=101080"}],"curies":[{"name":"wp","href":"https:\/\/api.w.org\/{rel}","templated":true}]}}