{"id":10108,"date":"2017-02-13T14:40:30","date_gmt":"2017-02-13T13:40:30","guid":{"rendered":"http:\/\/www.sestogrado.it\/?post_type=product&#038;p=10108"},"modified":"2026-04-04T18:36:18","modified_gmt":"2026-04-04T16:36:18","slug":"camp-brenta-martello","status":"publish","type":"product","link":"https:\/\/www.sestogrado.it\/it\/prodotto\/camp-brenta-martello\/","title":{"rendered":"Camp Brenta martello arrampicata"},"content":{"rendered":"<p>Il Camp Brenta \u00e8 un martello compatto, con larga superficie battente e testa del giusto peso per una chiodatura rapida ed efficace. La becca \u00e8 progettata per ripulire le fessure, modellare i chiodi\u00a0e per schiodare. Manico indistruttibile in acciaio al nichel-cromo-molibdeno, con impugnatura in gomma per ridurre le vibrazioni.<\/p>\n<p>E&#8217; un martello da roccia ideato per l&#8217;alpinismo e particolarmente apprezzato anche dagli speleo per la sua compattezza e resistenza. \u00c8 un martello dalle ottime prestazioni, realizzato in acciaio al cromo-molibdeno con cromatura per evitare la ruggine. Garantisce una chiodatura rapida ed efficace grazie alla sua ampia superficie battente e al suo peso bilanciato. Puoi armare per pi\u00f9 ore senza troppa fatica e trasportarlo nel tuo sacco per gallerie. Una sua particolarit\u00e0 \u00e8 la becca studiata per ripulire fenditure, disgaggiare pozzi e schiodare. Il manico resistente in acciaio, ha una comoda impugnatura ergonomica in gomma per ridurre le vibrazioni. Il martello \u00e8 inoltre fornito di cordino che puoi fissare al tuo imbrago impedendo la perdita accidentale.<\/p>\n<ul>\n<li>in acciaio al cromo-molibdeno, con cromatura per evitare la ruggine<\/li>\n<li>con fettuccia elasticizzata (sistema Rewind) per collegarlo all&#8217;imbracatura<\/li>\n<li>manico indistruttibile con impugnatura un gomma<\/li>\n<\/ul>\n<p>&nbsp;<\/p>\n<p>Passione, lavoro e semplicit\u00e0 sono alcune delle parole chiave che da sempre hanno contraddistinto il modo di essere di C.A.M.P.\u00a0Fondata nel\u00a01889 a Premana, paese dell\u2019alta Valsassina dove tutt\u2019oggi ha la sua sede, C.A.M.P.\u00a0realizza\u00a0prodotti che aiutano a realizzare i sogni ed i progetti di tutti coloro che frequentano la montagna.<\/p>\n<p>&nbsp;<\/p>\n","protected":false},"excerpt":{"rendered":"<p>Il Camp Brenta \u00e8 un martello compatto, con larga superficie battente e testa del giusto peso per una chiodatura rapida [&hellip;]<\/p>\n","protected":false},"featured_media":27335,"comment_status":"open","ping_status":"closed","template":"","meta":{"_acf_changed":false},"product_brand":[31],"product_cat":[141,343],"product_tag":[406,475],"class_list":{"0":"post-10108","1":"product","2":"type-product","3":"status-publish","4":"has-post-thumbnail","6":"product_brand-camp","7":"product_cat-accessori-accessori","8":"product_cat-chiodi-e-ancoraggi","9":"product_tag-arrampicata-trad","10":"product_tag-martello","12":"first","13":"instock","14":"sale","15":"taxable","16":"shipping-taxable","17":"purchasable","18":"product-type-simple"},"acf":[],"yoast_head":"<!-- This site is optimized with the Yoast SEO plugin v26.4 - https:\/\/yoast.com\/wordpress\/plugins\/seo\/ -->\n<title>Camp Brenta martello arrampicata - Sestogrado<\/title>\n<meta name=\"description\" content=\"Il Camp Brenta \u00e8 un martello compatto, con larga superficie battente e testa del giusto peso per una chiodatura rapida ed efficace. E&#039; un martello da roccia ideato per l&#039;alpinismo e particolarmente apprezzato anche dagli speleo per la sua compattezza e resistenza. \u00c8 un martello dalle ottime prestazioni, realizzato in acciaio al cromo-molibdeno con cromatura per evitare la ruggine. Garantisce una chiodatura rapida ed efficace grazie alla sua ampia superficie battente e al suo peso bilanciato. Puoi armare per pi\u00f9 ore senza troppa fatica e trasportarlo nel tuo sacco per gallerie. Una sua particolarit\u00e0 \u00e8 la becca studiata per ripulire fenditure, disgaggiare pozzi e schiodare. Il manico resistente in acciaio, ha una comoda impugnatura ergonomica in gomma per ridurre le vibrazioni. Il martello \u00e8 inoltre fornito di cordino che puoi fissare al tuo imbrago impedendo la perdita accidentale.\" \/>\n<meta name=\"robots\" content=\"index, follow, max-snippet:-1, max-image-preview:large, max-video-preview:-1\" \/>\n<link rel=\"canonical\" href=\"https:\/\/www.sestogrado.it\/it\/prodotto\/camp-brenta-martello\/\" \/>\n<meta property=\"og:locale\" content=\"it_IT\" \/>\n<meta property=\"og:type\" content=\"article\" \/>\n<meta property=\"og:title\" content=\"Camp Brenta martello arrampicata - Sestogrado\" \/>\n<meta property=\"og:description\" content=\"Il Camp Brenta \u00e8 un martello compatto, con larga superficie battente e testa del giusto peso per una chiodatura rapida ed efficace. E&#039; un martello da roccia ideato per l&#039;alpinismo e particolarmente apprezzato anche dagli speleo per la sua compattezza e resistenza. \u00c8 un martello dalle ottime prestazioni, realizzato in acciaio al cromo-molibdeno con cromatura per evitare la ruggine. Garantisce una chiodatura rapida ed efficace grazie alla sua ampia superficie battente e al suo peso bilanciato. Puoi armare per pi\u00f9 ore senza troppa fatica e trasportarlo nel tuo sacco per gallerie. Una sua particolarit\u00e0 \u00e8 la becca studiata per ripulire fenditure, disgaggiare pozzi e schiodare. Il manico resistente in acciaio, ha una comoda impugnatura ergonomica in gomma per ridurre le vibrazioni. Il martello \u00e8 inoltre fornito di cordino che puoi fissare al tuo imbrago impedendo la perdita accidentale.\" \/>\n<meta property=\"og:url\" content=\"https:\/\/www.sestogrado.it\/it\/prodotto\/camp-brenta-martello\/\" \/>\n<meta property=\"og:site_name\" content=\"Sestogrado\" \/>\n<meta property=\"article:publisher\" content=\"https:\/\/www.facebook.com\/pages\/Sestogrado\/1542635979353017?ref=bookmarks\" \/>\n<meta property=\"article:modified_time\" content=\"2026-04-04T16:36:18+00:00\" \/>\n<meta property=\"og:image\" content=\"https:\/\/www.sestogrado.it\/wp-content\/uploads\/2017\/02\/camp-brenta.jpg\" \/>\n\t<meta property=\"og:image:width\" content=\"2000\" \/>\n\t<meta property=\"og:image:height\" content=\"2000\" \/>\n\t<meta property=\"og:image:type\" content=\"image\/jpeg\" \/>\n<meta name=\"twitter:label1\" content=\"Prezzo\" \/>\n\t<meta name=\"twitter:data1\" content=\"&euro;&nbsp;85,00\" \/>\n\t<meta name=\"twitter:label2\" content=\"Disponibilit\u00e0\" \/>\n\t<meta name=\"twitter:data2\" content=\"In stock\" \/>\n<script type=\"application\/ld+json\" class=\"yoast-schema-graph\">{\"@context\":\"https:\/\/schema.org\",\"@graph\":[{\"@type\":\"WebPage\",\"@id\":\"https:\/\/www.sestogrado.it\/it\/prodotto\/camp-brenta-martello\/\",\"url\":\"https:\/\/www.sestogrado.it\/it\/prodotto\/camp-brenta-martello\/\",\"name\":\"Camp Brenta martello arrampicata - Sestogrado\",\"isPartOf\":{\"@id\":\"https:\/\/www.sestogrado.it\/it\/#website\"},\"primaryImageOfPage\":{\"@id\":\"https:\/\/www.sestogrado.it\/it\/prodotto\/camp-brenta-martello\/#primaryimage\"},\"image\":{\"@id\":\"https:\/\/www.sestogrado.it\/prodotto\/camp-brenta-martello\/#primaryimage\"},\"thumbnailUrl\":\"https:\/\/www.sestogrado.it\/wp-content\/uploads\/2017\/02\/camp-brenta.jpg\",\"datePublished\":\"2017-02-13T13:40:30+00:00\",\"dateModified\":\"2026-04-04T16:36:18+00:00\",\"description\":\"Il Camp Brenta \u00e8 un martello compatto, con larga superficie battente e testa del giusto peso per una chiodatura rapida ed efficace. E' un martello da roccia ideato per l'alpinismo e particolarmente apprezzato anche dagli speleo per la sua compattezza e resistenza. \u00c8 un martello dalle ottime prestazioni, realizzato in acciaio al cromo-molibdeno con cromatura per evitare la ruggine. Garantisce una chiodatura rapida ed efficace grazie alla sua ampia superficie battente e al suo peso bilanciato. Puoi armare per pi\u00f9 ore senza troppa fatica e trasportarlo nel tuo sacco per gallerie. Una sua particolarit\u00e0 \u00e8 la becca studiata per ripulire fenditure, disgaggiare pozzi e schiodare. Il manico resistente in acciaio, ha una comoda impugnatura ergonomica in gomma per ridurre le vibrazioni. Il martello \u00e8 inoltre fornito di cordino che puoi fissare al tuo imbrago impedendo la perdita accidentale.\",\"breadcrumb\":{\"@id\":\"https:\/\/www.sestogrado.it\/it\/prodotto\/camp-brenta-martello\/#breadcrumb\"},\"inLanguage\":\"it-IT\",\"potentialAction\":[{\"@type\":\"ReadAction\",\"target\":[[\"https:\/\/www.sestogrado.it\/it\/prodotto\/camp-brenta-martello\/\"]]}]},{\"@type\":\"ImageObject\",\"inLanguage\":\"it-IT\",\"@id\":\"https:\/\/www.sestogrado.it\/it\/prodotto\/camp-brenta-martello\/#primaryimage\",\"url\":\"https:\/\/www.sestogrado.it\/wp-content\/uploads\/2017\/02\/camp-brenta.jpg\",\"contentUrl\":\"https:\/\/www.sestogrado.it\/wp-content\/uploads\/2017\/02\/camp-brenta.jpg\",\"width\":2000,\"height\":2000,\"caption\":\"camp-brenta\"},{\"@type\":\"BreadcrumbList\",\"@id\":\"https:\/\/www.sestogrado.it\/it\/prodotto\/camp-brenta-martello\/#breadcrumb\",\"itemListElement\":[{\"@type\":\"ListItem\",\"position\":1,\"name\":\"Home\",\"item\":\"https:\/\/www.sestogrado.it\/it\/\"},{\"@type\":\"ListItem\",\"position\":2,\"name\":\"Shop\",\"item\":\"https:\/\/www.sestogrado.it\/it\/shop\/\"},{\"@type\":\"ListItem\",\"position\":3,\"name\":\"Camp Brenta martello arrampicata\"}]},{\"@type\":\"WebSite\",\"@id\":\"https:\/\/www.sestogrado.it\/it\/#website\",\"url\":\"https:\/\/www.sestogrado.it\/it\/\",\"name\":\"Sestogrado\",\"description\":\"yes we climb\",\"publisher\":{\"@id\":\"https:\/\/www.sestogrado.it\/it\/#organization\"},\"potentialAction\":[{\"@type\":\"SearchAction\",\"target\":{\"@type\":\"EntryPoint\",\"urlTemplate\":\"https:\/\/www.sestogrado.it\/it\/?s={search_term_string}\"},\"query-input\":{\"@type\":\"PropertyValueSpecification\",\"valueRequired\":true,\"valueName\":\"search_term_string\"}}],\"inLanguage\":\"it-IT\"},{\"@type\":\"Organization\",\"@id\":\"https:\/\/www.sestogrado.it\/it\/#organization\",\"name\":\"Sestogrado\",\"url\":\"https:\/\/www.sestogrado.it\/it\/\",\"logo\":{\"@type\":\"ImageObject\",\"inLanguage\":\"it-IT\",\"@id\":\"https:\/\/www.sestogrado.it\/it\/#\/schema\/logo\/image\/\",\"url\":\"https:\/\/www.sestogrado.it\/wp-content\/uploads\/2015\/03\/sestogrado-favicon.png\",\"contentUrl\":\"https:\/\/www.sestogrado.it\/wp-content\/uploads\/2015\/03\/sestogrado-favicon.png\",\"width\":260,\"height\":260,\"caption\":\"Sestogrado\"},\"image\":{\"@id\":\"https:\/\/www.sestogrado.it\/it\/#\/schema\/logo\/image\/\"},\"sameAs\":[\"https:\/\/www.facebook.com\/pages\/Sestogrado\/1542635979353017?ref=bookmarks\",\"https:\/\/www.youtube.com\/channel\/UC847kAfTkaJsWpc1jtQwr3Q\"],\"hasMerchantReturnPolicy\":{\"@type\":\"MerchantReturnPolicy\",\"merchantReturnLink\":\"https:\/\/www.sestogrado.it\/it\/termini-e-condizioni\/\"}}]}<\/script>\n<meta property=\"product:brand\" content=\"Camp\" \/>\n<meta property=\"product:price:amount\" content=\"85.00\" \/>\n<meta property=\"product:price:currency\" content=\"EUR\" \/>\n<meta property=\"og:availability\" content=\"instock\" \/>\n<meta property=\"product:availability\" content=\"instock\" \/>\n<meta property=\"product:condition\" content=\"new\" \/>\n<!-- \/ Yoast SEO plugin. -->","yoast_head_json":{"title":"Camp Brenta martello arrampicata - Sestogrado","description":"Il Camp Brenta \u00e8 un martello compatto, con larga superficie battente e testa del giusto peso per una chiodatura rapida ed efficace. E' un martello da roccia ideato per l'alpinismo e particolarmente apprezzato anche dagli speleo per la sua compattezza e resistenza. \u00c8 un martello dalle ottime prestazioni, realizzato in acciaio al cromo-molibdeno con cromatura per evitare la ruggine. Garantisce una chiodatura rapida ed efficace grazie alla sua ampia superficie battente e al suo peso bilanciato. Puoi armare per pi\u00f9 ore senza troppa fatica e trasportarlo nel tuo sacco per gallerie. Una sua particolarit\u00e0 \u00e8 la becca studiata per ripulire fenditure, disgaggiare pozzi e schiodare. Il manico resistente in acciaio, ha una comoda impugnatura ergonomica in gomma per ridurre le vibrazioni. Il martello \u00e8 inoltre fornito di cordino che puoi fissare al tuo imbrago impedendo la perdita accidentale.","robots":{"index":"index","follow":"follow","max-snippet":"max-snippet:-1","max-image-preview":"max-image-preview:large","max-video-preview":"max-video-preview:-1"},"canonical":"https:\/\/www.sestogrado.it\/it\/prodotto\/camp-brenta-martello\/","og_locale":"it_IT","og_type":"article","og_title":"Camp Brenta martello arrampicata - Sestogrado","og_description":"Il Camp Brenta \u00e8 un martello compatto, con larga superficie battente e testa del giusto peso per una chiodatura rapida ed efficace. E' un martello da roccia ideato per l'alpinismo e particolarmente apprezzato anche dagli speleo per la sua compattezza e resistenza. \u00c8 un martello dalle ottime prestazioni, realizzato in acciaio al cromo-molibdeno con cromatura per evitare la ruggine. Garantisce una chiodatura rapida ed efficace grazie alla sua ampia superficie battente e al suo peso bilanciato. Puoi armare per pi\u00f9 ore senza troppa fatica e trasportarlo nel tuo sacco per gallerie. Una sua particolarit\u00e0 \u00e8 la becca studiata per ripulire fenditure, disgaggiare pozzi e schiodare. Il manico resistente in acciaio, ha una comoda impugnatura ergonomica in gomma per ridurre le vibrazioni. Il martello \u00e8 inoltre fornito di cordino che puoi fissare al tuo imbrago impedendo la perdita accidentale.","og_url":"https:\/\/www.sestogrado.it\/it\/prodotto\/camp-brenta-martello\/","og_site_name":"Sestogrado","article_publisher":"https:\/\/www.facebook.com\/pages\/Sestogrado\/1542635979353017?ref=bookmarks","article_modified_time":"2026-04-04T16:36:18+00:00","og_image":[{"width":2000,"height":2000,"url":"https:\/\/www.sestogrado.it\/wp-content\/uploads\/2017\/02\/camp-brenta.jpg","type":"image\/jpeg"}],"twitter_misc":{"Prezzo":"&euro;&nbsp;85,00","Disponibilit\u00e0":"In stock"},"schema":{"@context":"https:\/\/schema.org","@graph":[{"@type":"WebPage","@id":"https:\/\/www.sestogrado.it\/it\/prodotto\/camp-brenta-martello\/","url":"https:\/\/www.sestogrado.it\/it\/prodotto\/camp-brenta-martello\/","name":"Camp Brenta martello arrampicata - Sestogrado","isPartOf":{"@id":"https:\/\/www.sestogrado.it\/it\/#website"},"primaryImageOfPage":{"@id":"https:\/\/www.sestogrado.it\/it\/prodotto\/camp-brenta-martello\/#primaryimage"},"image":{"@id":"https:\/\/www.sestogrado.it\/prodotto\/camp-brenta-martello\/#primaryimage"},"thumbnailUrl":"https:\/\/www.sestogrado.it\/wp-content\/uploads\/2017\/02\/camp-brenta.jpg","datePublished":"2017-02-13T13:40:30+00:00","dateModified":"2026-04-04T16:36:18+00:00","description":"Il Camp Brenta \u00e8 un martello compatto, con larga superficie battente e testa del giusto peso per una chiodatura rapida ed efficace. E' un martello da roccia ideato per l'alpinismo e particolarmente apprezzato anche dagli speleo per la sua compattezza e resistenza. \u00c8 un martello dalle ottime prestazioni, realizzato in acciaio al cromo-molibdeno con cromatura per evitare la ruggine. Garantisce una chiodatura rapida ed efficace grazie alla sua ampia superficie battente e al suo peso bilanciato. Puoi armare per pi\u00f9 ore senza troppa fatica e trasportarlo nel tuo sacco per gallerie. Una sua particolarit\u00e0 \u00e8 la becca studiata per ripulire fenditure, disgaggiare pozzi e schiodare. Il manico resistente in acciaio, ha una comoda impugnatura ergonomica in gomma per ridurre le vibrazioni. Il martello \u00e8 inoltre fornito di cordino che puoi fissare al tuo imbrago impedendo la perdita accidentale.","breadcrumb":{"@id":"https:\/\/www.sestogrado.it\/it\/prodotto\/camp-brenta-martello\/#breadcrumb"},"inLanguage":"it-IT","potentialAction":[{"@type":"ReadAction","target":[["https:\/\/www.sestogrado.it\/it\/prodotto\/camp-brenta-martello\/"]]}]},{"@type":"ImageObject","inLanguage":"it-IT","@id":"https:\/\/www.sestogrado.it\/it\/prodotto\/camp-brenta-martello\/#primaryimage","url":"https:\/\/www.sestogrado.it\/wp-content\/uploads\/2017\/02\/camp-brenta.jpg","contentUrl":"https:\/\/www.sestogrado.it\/wp-content\/uploads\/2017\/02\/camp-brenta.jpg","width":2000,"height":2000,"caption":"camp-brenta"},{"@type":"BreadcrumbList","@id":"https:\/\/www.sestogrado.it\/it\/prodotto\/camp-brenta-martello\/#breadcrumb","itemListElement":[{"@type":"ListItem","position":1,"name":"Home","item":"https:\/\/www.sestogrado.it\/it\/"},{"@type":"ListItem","position":2,"name":"Shop","item":"https:\/\/www.sestogrado.it\/it\/shop\/"},{"@type":"ListItem","position":3,"name":"Camp Brenta martello arrampicata"}]},{"@type":"WebSite","@id":"https:\/\/www.sestogrado.it\/it\/#website","url":"https:\/\/www.sestogrado.it\/it\/","name":"Sestogrado","description":"yes we climb","publisher":{"@id":"https:\/\/www.sestogrado.it\/it\/#organization"},"potentialAction":[{"@type":"SearchAction","target":{"@type":"EntryPoint","urlTemplate":"https:\/\/www.sestogrado.it\/it\/?s={search_term_string}"},"query-input":{"@type":"PropertyValueSpecification","valueRequired":true,"valueName":"search_term_string"}}],"inLanguage":"it-IT"},{"@type":"Organization","@id":"https:\/\/www.sestogrado.it\/it\/#organization","name":"Sestogrado","url":"https:\/\/www.sestogrado.it\/it\/","logo":{"@type":"ImageObject","inLanguage":"it-IT","@id":"https:\/\/www.sestogrado.it\/it\/#\/schema\/logo\/image\/","url":"https:\/\/www.sestogrado.it\/wp-content\/uploads\/2015\/03\/sestogrado-favicon.png","contentUrl":"https:\/\/www.sestogrado.it\/wp-content\/uploads\/2015\/03\/sestogrado-favicon.png","width":260,"height":260,"caption":"Sestogrado"},"image":{"@id":"https:\/\/www.sestogrado.it\/it\/#\/schema\/logo\/image\/"},"sameAs":["https:\/\/www.facebook.com\/pages\/Sestogrado\/1542635979353017?ref=bookmarks","https:\/\/www.youtube.com\/channel\/UC847kAfTkaJsWpc1jtQwr3Q"],"hasMerchantReturnPolicy":{"@type":"MerchantReturnPolicy","merchantReturnLink":"https:\/\/www.sestogrado.it\/it\/termini-e-condizioni\/"}}]},"product_brand":"Camp","product_price_amount":"85.00","product_price_currency":"EUR","og_availability":"instock","product_availability":"instock","product_condition":"new"},"_links":{"self":[{"href":"https:\/\/www.sestogrado.it\/it\/wp-json\/wp\/v2\/product\/10108","targetHints":{"allow":["GET"]}}],"collection":[{"href":"https:\/\/www.sestogrado.it\/it\/wp-json\/wp\/v2\/product"}],"about":[{"href":"https:\/\/www.sestogrado.it\/it\/wp-json\/wp\/v2\/types\/product"}],"replies":[{"embeddable":true,"href":"https:\/\/www.sestogrado.it\/it\/wp-json\/wp\/v2\/comments?post=10108"}],"wp:featuredmedia":[{"embeddable":true,"href":"https:\/\/www.sestogrado.it\/it\/wp-json\/wp\/v2\/media\/27335"}],"wp:attachment":[{"href":"https:\/\/www.sestogrado.it\/it\/wp-json\/wp\/v2\/media?parent=10108"}],"wp:term":[{"taxonomy":"product_brand","embeddable":true,"href":"https:\/\/www.sestogrado.it\/it\/wp-json\/wp\/v2\/product_brand?post=10108"},{"taxonomy":"product_cat","embeddable":true,"href":"https:\/\/www.sestogrado.it\/it\/wp-json\/wp\/v2\/product_cat?post=10108"},{"taxonomy":"product_tag","embeddable":true,"href":"https:\/\/www.sestogrado.it\/it\/wp-json\/wp\/v2\/product_tag?post=10108"}],"curies":[{"name":"wp","href":"https:\/\/api.w.org\/{rel}","templated":true}]}}