{"id":99718,"date":"2022-04-26T14:10:12","date_gmt":"2022-04-26T12:10:12","guid":{"rendered":"https:\/\/www.sestogrado.it\/?post_type=product&#038;p=99718"},"modified":"2022-04-26T14:25:53","modified_gmt":"2022-04-26T12:25:53","slug":"petzl-bolt-hcr-chiodo-espansione-acciaio-anticorrosione-hcr-904l-inox-marino","status":"publish","type":"product","link":"https:\/\/www.sestogrado.it\/en\/prodotto\/petzl-bolt-hcr-chiodo-espansione-acciaio-anticorrosione-hcr-904l-inox-marino\/","title":{"rendered":"Petzl Bolt HCR"},"content":{"rendered":"<p>Petzl Bolt HCR is the <strong>High Corrosion Resistance stainless steel bolt<\/strong> for corrosive environments.<\/p>\n<ul>\n<li>HCR 904 (High Corrosion Resistance) stainless steel bolt for corrosive environments<\/li>\n<\/ul>\n<p><\/p>","protected":false},"excerpt":{"rendered":"<p>Petzl Bolt HCR is the High Corrosion Resistance stainless steel bolt for corrosive environments. HCR 904 (High Corrosion Resistance) stainless [&hellip;]<\/p>\n","protected":false},"featured_media":99739,"comment_status":"open","ping_status":"closed","template":"","meta":{"_acf_changed":false},"product_brand":[50],"product_cat":[343],"product_tag":[1341,1342,1340,1343,1345,1344],"class_list":{"0":"post-99718","1":"product","2":"type-product","3":"status-publish","4":"has-post-thumbnail","6":"product_brand-petzl","7":"product_cat-chiodi-e-ancoraggi","8":"product_tag-chiodo-da-parete","9":"product_tag-chiodo-hcr","10":"product_tag-vite-da-chiodatura","11":"product_tag-vite-hcr","12":"product_tag-vite-roccia-ambiente-marino","13":"product_tag-vite-roccia-hcr","15":"first","16":"instock","17":"sale","18":"taxable","19":"shipping-taxable","20":"purchasable","21":"product-type-simple"},"acf":[],"yoast_head":"<!-- This site is optimized with the Yoast SEO plugin v26.4 - https:\/\/yoast.com\/wordpress\/plugins\/seo\/ -->\n<title>Petzl Bolt HCR - Sestogrado<\/title>\n<meta name=\"description\" content=\"Petzl Bolt HCR \u00e8 un chiodo ad espansione in acciaio inossidabile HCR. Il tassello in acciaio inossidabile HCR ad Alta Resistenza alla Corrosione \u00e8 l&#039;ideale per gli ambienti corrosivi. Con tassello del diametro di 12mm e un dado, destinato agli utilizzi in ambienti corrosivi e zone di mare, Petzl bolt HCR dura notevolmente pi\u00f9 a lungo dei corrispettivi in acciaio zincato o inossidabile classici, rendendo cos\u00ec la chiodatura e la relativa manutenzione pi\u00f9 sicure e durature negli anni.\" \/>\n<meta name=\"robots\" content=\"index, follow, max-snippet:-1, max-image-preview:large, max-video-preview:-1\" \/>\n<link rel=\"canonical\" href=\"https:\/\/www.sestogrado.it\/en\/prodotto\/petzl-bolt-hcr-chiodo-espansione-acciaio-anticorrosione-hcr-904l-inox-marino\/\" \/>\n<meta property=\"og:locale\" content=\"en_US\" \/>\n<meta property=\"og:type\" content=\"article\" \/>\n<meta property=\"og:title\" content=\"Petzl Bolt HCR - Sestogrado\" \/>\n<meta property=\"og:description\" content=\"Petzl Bolt HCR \u00e8 un chiodo ad espansione in acciaio inossidabile HCR. Il tassello in acciaio inossidabile HCR ad Alta Resistenza alla Corrosione \u00e8 l&#039;ideale per gli ambienti corrosivi. Con tassello del diametro di 12mm e un dado, destinato agli utilizzi in ambienti corrosivi e zone di mare, Petzl bolt HCR dura notevolmente pi\u00f9 a lungo dei corrispettivi in acciaio zincato o inossidabile classici, rendendo cos\u00ec la chiodatura e la relativa manutenzione pi\u00f9 sicure e durature negli anni.\" \/>\n<meta property=\"og:url\" content=\"https:\/\/www.sestogrado.it\/en\/prodotto\/petzl-bolt-hcr-chiodo-espansione-acciaio-anticorrosione-hcr-904l-inox-marino\/\" \/>\n<meta property=\"og:site_name\" content=\"Sestogrado\" \/>\n<meta property=\"article:publisher\" content=\"https:\/\/www.facebook.com\/pages\/Sestogrado\/1542635979353017?ref=bookmarks\" \/>\n<meta property=\"article:modified_time\" content=\"2022-04-26T12:25:53+00:00\" \/>\n<meta property=\"og:image\" content=\"https:\/\/www.sestogrado.it\/wp-content\/uploads\/2022\/04\/bolt-12mm.jpg\" \/>\n\t<meta property=\"og:image:width\" content=\"886\" \/>\n\t<meta property=\"og:image:height\" content=\"886\" \/>\n\t<meta property=\"og:image:type\" content=\"image\/jpeg\" \/>\n<meta name=\"twitter:label1\" content=\"Price\" \/>\n\t<meta name=\"twitter:data1\" content=\"&euro;&nbsp;27,50\" \/>\n\t<meta name=\"twitter:label2\" content=\"Availability\" \/>\n\t<meta name=\"twitter:data2\" content=\"In stock\" \/>\n<script type=\"application\/ld+json\" class=\"yoast-schema-graph\">{\"@context\":\"https:\/\/schema.org\",\"@graph\":[{\"@type\":\"WebPage\",\"@id\":\"https:\/\/www.sestogrado.it\/en\/prodotto\/petzl-bolt-hcr-chiodo-espansione-acciaio-anticorrosione-hcr-904l-inox-marino\/\",\"url\":\"https:\/\/www.sestogrado.it\/en\/prodotto\/petzl-bolt-hcr-chiodo-espansione-acciaio-anticorrosione-hcr-904l-inox-marino\/\",\"name\":\"Petzl Bolt HCR - Sestogrado\",\"isPartOf\":{\"@id\":\"https:\/\/www.sestogrado.it\/en\/#website\"},\"primaryImageOfPage\":{\"@id\":\"https:\/\/www.sestogrado.it\/en\/prodotto\/petzl-bolt-hcr-chiodo-espansione-acciaio-anticorrosione-hcr-904l-inox-marino\/#primaryimage\"},\"image\":{\"@id\":\"https:\/\/www.sestogrado.it\/prodotto\/petzl-bolt-hcr-chiodo-espansione-acciaio-anticorrosione-hcr-904l-inox-marino\/#primaryimage\"},\"thumbnailUrl\":\"https:\/\/www.sestogrado.it\/wp-content\/uploads\/2022\/04\/bolt-12mm.jpg\",\"datePublished\":\"2022-04-26T12:10:12+00:00\",\"dateModified\":\"2022-04-26T12:25:53+00:00\",\"description\":\"Petzl Bolt HCR \u00e8 un chiodo ad espansione in acciaio inossidabile HCR. Il tassello in acciaio inossidabile HCR ad Alta Resistenza alla Corrosione \u00e8 l'ideale per gli ambienti corrosivi. Con tassello del diametro di 12mm e un dado, destinato agli utilizzi in ambienti corrosivi e zone di mare, Petzl bolt HCR dura notevolmente pi\u00f9 a lungo dei corrispettivi in acciaio zincato o inossidabile classici, rendendo cos\u00ec la chiodatura e la relativa manutenzione pi\u00f9 sicure e durature negli anni.\",\"breadcrumb\":{\"@id\":\"https:\/\/www.sestogrado.it\/en\/prodotto\/petzl-bolt-hcr-chiodo-espansione-acciaio-anticorrosione-hcr-904l-inox-marino\/#breadcrumb\"},\"inLanguage\":\"en-US\",\"potentialAction\":[{\"@type\":\"ReadAction\",\"target\":[[\"https:\/\/www.sestogrado.it\/en\/prodotto\/petzl-bolt-hcr-chiodo-espansione-acciaio-anticorrosione-hcr-904l-inox-marino\/\"]]}]},{\"@type\":\"ImageObject\",\"inLanguage\":\"en-US\",\"@id\":\"https:\/\/www.sestogrado.it\/en\/prodotto\/petzl-bolt-hcr-chiodo-espansione-acciaio-anticorrosione-hcr-904l-inox-marino\/#primaryimage\",\"url\":\"https:\/\/www.sestogrado.it\/wp-content\/uploads\/2022\/04\/bolt-12mm.jpg\",\"contentUrl\":\"https:\/\/www.sestogrado.it\/wp-content\/uploads\/2022\/04\/bolt-12mm.jpg\",\"width\":886,\"height\":886,\"caption\":\"Petzl tassello vite HCR\"},{\"@type\":\"BreadcrumbList\",\"@id\":\"https:\/\/www.sestogrado.it\/en\/prodotto\/petzl-bolt-hcr-chiodo-espansione-acciaio-anticorrosione-hcr-904l-inox-marino\/#breadcrumb\",\"itemListElement\":[{\"@type\":\"ListItem\",\"position\":1,\"name\":\"Home\",\"item\":\"https:\/\/www.sestogrado.it\/en\/\"},{\"@type\":\"ListItem\",\"position\":2,\"name\":\"Shop\",\"item\":\"https:\/\/www.sestogrado.it\/en\/shop\/\"},{\"@type\":\"ListItem\",\"position\":3,\"name\":\"Petzl Bolt HCR Chiodo espansione acciaio anticorrosione HCR 904L inox marino\"}]},{\"@type\":\"WebSite\",\"@id\":\"https:\/\/www.sestogrado.it\/en\/#website\",\"url\":\"https:\/\/www.sestogrado.it\/en\/\",\"name\":\"Sestogrado\",\"description\":\"yes we climb\",\"publisher\":{\"@id\":\"https:\/\/www.sestogrado.it\/en\/#organization\"},\"potentialAction\":[{\"@type\":\"SearchAction\",\"target\":{\"@type\":\"EntryPoint\",\"urlTemplate\":\"https:\/\/www.sestogrado.it\/en\/?s={search_term_string}\"},\"query-input\":{\"@type\":\"PropertyValueSpecification\",\"valueRequired\":true,\"valueName\":\"search_term_string\"}}],\"inLanguage\":\"en-US\"},{\"@type\":\"Organization\",\"@id\":\"https:\/\/www.sestogrado.it\/en\/#organization\",\"name\":\"Sestogrado\",\"url\":\"https:\/\/www.sestogrado.it\/en\/\",\"logo\":{\"@type\":\"ImageObject\",\"inLanguage\":\"en-US\",\"@id\":\"https:\/\/www.sestogrado.it\/en\/#\/schema\/logo\/image\/\",\"url\":\"https:\/\/www.sestogrado.it\/wp-content\/uploads\/2015\/03\/sestogrado-favicon.png\",\"contentUrl\":\"https:\/\/www.sestogrado.it\/wp-content\/uploads\/2015\/03\/sestogrado-favicon.png\",\"width\":260,\"height\":260,\"caption\":\"Sestogrado\"},\"image\":{\"@id\":\"https:\/\/www.sestogrado.it\/en\/#\/schema\/logo\/image\/\"},\"sameAs\":[\"https:\/\/www.facebook.com\/pages\/Sestogrado\/1542635979353017?ref=bookmarks\",\"https:\/\/www.youtube.com\/channel\/UC847kAfTkaJsWpc1jtQwr3Q\"],\"hasMerchantReturnPolicy\":{\"@type\":\"MerchantReturnPolicy\",\"merchantReturnLink\":\"https:\/\/www.sestogrado.it\/en\/termini-e-condizioni\/\"}}]}<\/script>\n<meta property=\"product:brand\" content=\"Petzl\" \/>\n<meta property=\"product:price:amount\" content=\"27.50\" \/>\n<meta property=\"product:price:currency\" content=\"EUR\" \/>\n<meta property=\"og:availability\" content=\"instock\" \/>\n<meta property=\"product:availability\" content=\"instock\" \/>\n<meta property=\"product:condition\" content=\"new\" \/>\n<!-- \/ Yoast SEO plugin. -->","yoast_head_json":{"title":"Petzl Bolt HCR - Sestogrado","description":"Petzl Bolt HCR \u00e8 un chiodo ad espansione in acciaio inossidabile HCR. Il tassello in acciaio inossidabile HCR ad Alta Resistenza alla Corrosione \u00e8 l'ideale per gli ambienti corrosivi. Con tassello del diametro di 12mm e un dado, destinato agli utilizzi in ambienti corrosivi e zone di mare, Petzl bolt HCR dura notevolmente pi\u00f9 a lungo dei corrispettivi in acciaio zincato o inossidabile classici, rendendo cos\u00ec la chiodatura e la relativa manutenzione pi\u00f9 sicure e durature negli anni.","robots":{"index":"index","follow":"follow","max-snippet":"max-snippet:-1","max-image-preview":"max-image-preview:large","max-video-preview":"max-video-preview:-1"},"canonical":"https:\/\/www.sestogrado.it\/en\/prodotto\/petzl-bolt-hcr-chiodo-espansione-acciaio-anticorrosione-hcr-904l-inox-marino\/","og_locale":"en_US","og_type":"article","og_title":"Petzl Bolt HCR - Sestogrado","og_description":"Petzl Bolt HCR \u00e8 un chiodo ad espansione in acciaio inossidabile HCR. Il tassello in acciaio inossidabile HCR ad Alta Resistenza alla Corrosione \u00e8 l'ideale per gli ambienti corrosivi. Con tassello del diametro di 12mm e un dado, destinato agli utilizzi in ambienti corrosivi e zone di mare, Petzl bolt HCR dura notevolmente pi\u00f9 a lungo dei corrispettivi in acciaio zincato o inossidabile classici, rendendo cos\u00ec la chiodatura e la relativa manutenzione pi\u00f9 sicure e durature negli anni.","og_url":"https:\/\/www.sestogrado.it\/en\/prodotto\/petzl-bolt-hcr-chiodo-espansione-acciaio-anticorrosione-hcr-904l-inox-marino\/","og_site_name":"Sestogrado","article_publisher":"https:\/\/www.facebook.com\/pages\/Sestogrado\/1542635979353017?ref=bookmarks","article_modified_time":"2022-04-26T12:25:53+00:00","og_image":[{"width":886,"height":886,"url":"https:\/\/www.sestogrado.it\/wp-content\/uploads\/2022\/04\/bolt-12mm.jpg","type":"image\/jpeg"}],"twitter_misc":{"Price":"&euro;&nbsp;27,50","Availability":"In stock"},"schema":{"@context":"https:\/\/schema.org","@graph":[{"@type":"WebPage","@id":"https:\/\/www.sestogrado.it\/en\/prodotto\/petzl-bolt-hcr-chiodo-espansione-acciaio-anticorrosione-hcr-904l-inox-marino\/","url":"https:\/\/www.sestogrado.it\/en\/prodotto\/petzl-bolt-hcr-chiodo-espansione-acciaio-anticorrosione-hcr-904l-inox-marino\/","name":"Petzl Bolt HCR - Sestogrado","isPartOf":{"@id":"https:\/\/www.sestogrado.it\/en\/#website"},"primaryImageOfPage":{"@id":"https:\/\/www.sestogrado.it\/en\/prodotto\/petzl-bolt-hcr-chiodo-espansione-acciaio-anticorrosione-hcr-904l-inox-marino\/#primaryimage"},"image":{"@id":"https:\/\/www.sestogrado.it\/prodotto\/petzl-bolt-hcr-chiodo-espansione-acciaio-anticorrosione-hcr-904l-inox-marino\/#primaryimage"},"thumbnailUrl":"https:\/\/www.sestogrado.it\/wp-content\/uploads\/2022\/04\/bolt-12mm.jpg","datePublished":"2022-04-26T12:10:12+00:00","dateModified":"2022-04-26T12:25:53+00:00","description":"Petzl Bolt HCR \u00e8 un chiodo ad espansione in acciaio inossidabile HCR. Il tassello in acciaio inossidabile HCR ad Alta Resistenza alla Corrosione \u00e8 l'ideale per gli ambienti corrosivi. Con tassello del diametro di 12mm e un dado, destinato agli utilizzi in ambienti corrosivi e zone di mare, Petzl bolt HCR dura notevolmente pi\u00f9 a lungo dei corrispettivi in acciaio zincato o inossidabile classici, rendendo cos\u00ec la chiodatura e la relativa manutenzione pi\u00f9 sicure e durature negli anni.","breadcrumb":{"@id":"https:\/\/www.sestogrado.it\/en\/prodotto\/petzl-bolt-hcr-chiodo-espansione-acciaio-anticorrosione-hcr-904l-inox-marino\/#breadcrumb"},"inLanguage":"en-US","potentialAction":[{"@type":"ReadAction","target":[["https:\/\/www.sestogrado.it\/en\/prodotto\/petzl-bolt-hcr-chiodo-espansione-acciaio-anticorrosione-hcr-904l-inox-marino\/"]]}]},{"@type":"ImageObject","inLanguage":"en-US","@id":"https:\/\/www.sestogrado.it\/en\/prodotto\/petzl-bolt-hcr-chiodo-espansione-acciaio-anticorrosione-hcr-904l-inox-marino\/#primaryimage","url":"https:\/\/www.sestogrado.it\/wp-content\/uploads\/2022\/04\/bolt-12mm.jpg","contentUrl":"https:\/\/www.sestogrado.it\/wp-content\/uploads\/2022\/04\/bolt-12mm.jpg","width":886,"height":886,"caption":"Petzl tassello vite HCR"},{"@type":"BreadcrumbList","@id":"https:\/\/www.sestogrado.it\/en\/prodotto\/petzl-bolt-hcr-chiodo-espansione-acciaio-anticorrosione-hcr-904l-inox-marino\/#breadcrumb","itemListElement":[{"@type":"ListItem","position":1,"name":"Home","item":"https:\/\/www.sestogrado.it\/en\/"},{"@type":"ListItem","position":2,"name":"Shop","item":"https:\/\/www.sestogrado.it\/en\/shop\/"},{"@type":"ListItem","position":3,"name":"Petzl Bolt HCR Chiodo espansione acciaio anticorrosione HCR 904L inox marino"}]},{"@type":"WebSite","@id":"https:\/\/www.sestogrado.it\/en\/#website","url":"https:\/\/www.sestogrado.it\/en\/","name":"Sestogrado","description":"yes we climb","publisher":{"@id":"https:\/\/www.sestogrado.it\/en\/#organization"},"potentialAction":[{"@type":"SearchAction","target":{"@type":"EntryPoint","urlTemplate":"https:\/\/www.sestogrado.it\/en\/?s={search_term_string}"},"query-input":{"@type":"PropertyValueSpecification","valueRequired":true,"valueName":"search_term_string"}}],"inLanguage":"en-US"},{"@type":"Organization","@id":"https:\/\/www.sestogrado.it\/en\/#organization","name":"Sestogrado","url":"https:\/\/www.sestogrado.it\/en\/","logo":{"@type":"ImageObject","inLanguage":"en-US","@id":"https:\/\/www.sestogrado.it\/en\/#\/schema\/logo\/image\/","url":"https:\/\/www.sestogrado.it\/wp-content\/uploads\/2015\/03\/sestogrado-favicon.png","contentUrl":"https:\/\/www.sestogrado.it\/wp-content\/uploads\/2015\/03\/sestogrado-favicon.png","width":260,"height":260,"caption":"Sestogrado"},"image":{"@id":"https:\/\/www.sestogrado.it\/en\/#\/schema\/logo\/image\/"},"sameAs":["https:\/\/www.facebook.com\/pages\/Sestogrado\/1542635979353017?ref=bookmarks","https:\/\/www.youtube.com\/channel\/UC847kAfTkaJsWpc1jtQwr3Q"],"hasMerchantReturnPolicy":{"@type":"MerchantReturnPolicy","merchantReturnLink":"https:\/\/www.sestogrado.it\/en\/termini-e-condizioni\/"}}]},"product_brand":"Petzl","product_price_amount":"27.50","product_price_currency":"EUR","og_availability":"instock","product_availability":"instock","product_condition":"new"},"_links":{"self":[{"href":"https:\/\/www.sestogrado.it\/en\/wp-json\/wp\/v2\/product\/99718","targetHints":{"allow":["GET"]}}],"collection":[{"href":"https:\/\/www.sestogrado.it\/en\/wp-json\/wp\/v2\/product"}],"about":[{"href":"https:\/\/www.sestogrado.it\/en\/wp-json\/wp\/v2\/types\/product"}],"replies":[{"embeddable":true,"href":"https:\/\/www.sestogrado.it\/en\/wp-json\/wp\/v2\/comments?post=99718"}],"wp:featuredmedia":[{"embeddable":true,"href":"https:\/\/www.sestogrado.it\/en\/wp-json\/wp\/v2\/media\/99739"}],"wp:attachment":[{"href":"https:\/\/www.sestogrado.it\/en\/wp-json\/wp\/v2\/media?parent=99718"}],"wp:term":[{"taxonomy":"product_brand","embeddable":true,"href":"https:\/\/www.sestogrado.it\/en\/wp-json\/wp\/v2\/product_brand?post=99718"},{"taxonomy":"product_cat","embeddable":true,"href":"https:\/\/www.sestogrado.it\/en\/wp-json\/wp\/v2\/product_cat?post=99718"},{"taxonomy":"product_tag","embeddable":true,"href":"https:\/\/www.sestogrado.it\/en\/wp-json\/wp\/v2\/product_tag?post=99718"}],"curies":[{"name":"wp","href":"https:\/\/api.w.org\/{rel}","templated":true}]}}