{"id":9920,"date":"2017-02-03T15:51:08","date_gmt":"2017-02-03T14:51:08","guid":{"rendered":"http:\/\/www.sestogrado.it\/?post_type=product&#038;p=9920"},"modified":"2026-03-29T17:37:42","modified_gmt":"2026-03-29T15:37:42","slug":"petzl-sumtec-piccozza-arrampicata","status":"publish","type":"product","link":"https:\/\/www.sestogrado.it\/en\/prodotto\/petzl-sumtec-piccozza-arrampicata\/","title":{"rendered":"Petzl Sum&#8217;tec ice axe"},"content":{"rendered":"<p><\/p>\n<p class=\"productSubtitle\">The <strong>Petzl\u00a0SUM&#8217;TEC<\/strong> ice axe represents versatility: it adapts easily to any mountaineering activity, from classic to technical. It is completely modular, allowing it to be optimized for the objective. The TRIGREST handrest, adjustable without tools, and the compatibility of the ice axe with most Petzl accessories (PUR&#8217;ICE and DRY picks, MASSELOTTES&#8230;) ensure the efficiency required for difficult sections.<\/p>\n<ul>\n<li>Technical:<br \/>\n&#8211; ICE pick is tapered at the tip for easy penetration in any ice<br \/>\n&#8211; the TRIGREST handrest allows the position of the hand or the index finger to be adjusted into climbing mode quickly and without tools<br \/>\n&#8211; shaft has steel spike for solid support in piolet-canne mode<\/li>\n<li>Versatile:<br \/>\n&#8211; curved shaft for efficient anchoring, while protecting the hand<br \/>\n&#8211; shaft is straight enough for efficient planting into snow and walking comfortably<\/li>\n<li>Completely modular ice axe:<br \/>\n&#8211; interchangeable picks adapt to different objectives<br \/>\n&#8211; adze and hammer are interchangeable<\/li>\n<li>adding weights (optional) improves anchoring qualities<br \/>\n&#8211; compatible with Petzl accessories for QUARK, NOMIC and ERGO ice axes<br \/>\n&#8211; available in two versions: adze or hammer<\/li>\n<\/ul>\n<p>&nbsp;<\/p>\n<p>Petzl is a leading French company producing sports materials such as climbing, mountaineering, speleology and canyoning and professional materials for high-altitude activities.<\/p>\n<p>Established in 1968 by the speleologist of the same name, Petzl&#8217;s mission has remained the same since its origins: creating concrete tools to allow man to outdo himself. Today the pioneering spirit, the passion of exploration, values have not changed. For over forty years, Petzl always designs tools and solutions to allow sportsmen and professionals to measure themselves, in any weather, in the most inaccessible environments.<\/p>","protected":false},"excerpt":{"rendered":"<p>The Petzl\u00a0SUM&#8217;TEC ice axe represents versatility: it adapts easily to any mountaineering activity, from classic to technical. It is completely [&hellip;]<\/p>\n","protected":false},"featured_media":11923,"comment_status":"open","ping_status":"closed","template":"","meta":{"_acf_changed":false},"product_brand":[50],"product_cat":[152],"product_tag":[],"class_list":{"0":"post-9920","1":"product","2":"type-product","3":"status-publish","4":"has-post-thumbnail","6":"product_brand-petzl","7":"product_cat-piccozze","9":"first","10":"instock","11":"sale","12":"taxable","13":"shipping-taxable","14":"purchasable","15":"product-type-variable"},"acf":[],"yoast_head":"<!-- This site is optimized with the Yoast SEO plugin v26.4 - https:\/\/yoast.com\/wordpress\/plugins\/seo\/ -->\n<title>Petzl Sum&#039;tec ice axe - Sestogrado<\/title>\n<meta name=\"description\" content=\"La PETZL SUM&#039;TEC \u00e8 una piccozza tecnica leggera e polivalente, a met\u00e0 tra le piccozze classiche e le piccozze d&#039;arrampicata su ghiaccio. La piccozza SUM&#039;TEC \u00e8 un esempio di polivalenza: si adatta facilmente a tutte le salite dall&#039;alpinismo classico a quello tecnico. Martello e paletta.\" \/>\n<meta name=\"robots\" content=\"index, follow, max-snippet:-1, max-image-preview:large, max-video-preview:-1\" \/>\n<link rel=\"canonical\" href=\"https:\/\/www.sestogrado.it\/en\/prodotto\/petzl-sumtec-piccozza-arrampicata\/\" \/>\n<meta property=\"og:locale\" content=\"en_US\" \/>\n<meta property=\"og:type\" content=\"article\" \/>\n<meta property=\"og:title\" content=\"Petzl Sum&#039;tec ice axe - Sestogrado\" \/>\n<meta property=\"og:description\" content=\"La PETZL SUM&#039;TEC \u00e8 una piccozza tecnica leggera e polivalente, a met\u00e0 tra le piccozze classiche e le piccozze d&#039;arrampicata su ghiaccio. La piccozza SUM&#039;TEC \u00e8 un esempio di polivalenza: si adatta facilmente a tutte le salite dall&#039;alpinismo classico a quello tecnico. Martello e paletta.\" \/>\n<meta property=\"og:url\" content=\"https:\/\/www.sestogrado.it\/en\/prodotto\/petzl-sumtec-piccozza-arrampicata\/\" \/>\n<meta property=\"og:site_name\" content=\"Sestogrado\" \/>\n<meta property=\"article:publisher\" content=\"https:\/\/www.facebook.com\/pages\/Sestogrado\/1542635979353017?ref=bookmarks\" \/>\n<meta property=\"article:modified_time\" content=\"2026-03-29T15:37:42+00:00\" \/>\n<meta property=\"og:image\" content=\"https:\/\/www.sestogrado.it\/wp-content\/uploads\/2017\/02\/01-8.jpg\" \/>\n\t<meta property=\"og:image:width\" content=\"1283\" \/>\n\t<meta property=\"og:image:height\" content=\"1710\" \/>\n\t<meta property=\"og:image:type\" content=\"image\/jpeg\" \/>\n<meta name=\"twitter:label1\" content=\"Availability\" \/>\n\t<meta name=\"twitter:data1\" content=\"In stock\" \/>\n<script type=\"application\/ld+json\" class=\"yoast-schema-graph\">{\"@context\":\"https:\/\/schema.org\",\"@graph\":[{\"@type\":\"WebPage\",\"@id\":\"https:\/\/www.sestogrado.it\/en\/prodotto\/petzl-sumtec-piccozza-arrampicata\/\",\"url\":\"https:\/\/www.sestogrado.it\/en\/prodotto\/petzl-sumtec-piccozza-arrampicata\/\",\"name\":\"Petzl Sum'tec ice axe - Sestogrado\",\"isPartOf\":{\"@id\":\"https:\/\/www.sestogrado.it\/en\/#website\"},\"primaryImageOfPage\":{\"@id\":\"https:\/\/www.sestogrado.it\/en\/prodotto\/petzl-sumtec-piccozza-arrampicata\/#primaryimage\"},\"image\":{\"@id\":\"https:\/\/www.sestogrado.it\/prodotto\/petzl-sumtec-piccozza-arrampicata\/#primaryimage\"},\"thumbnailUrl\":\"https:\/\/www.sestogrado.it\/wp-content\/uploads\/2017\/02\/01-8.jpg\",\"datePublished\":\"2017-02-03T14:51:08+00:00\",\"dateModified\":\"2026-03-29T15:37:42+00:00\",\"description\":\"La PETZL SUM'TEC \u00e8 una piccozza tecnica leggera e polivalente, a met\u00e0 tra le piccozze classiche e le piccozze d'arrampicata su ghiaccio. La piccozza SUM'TEC \u00e8 un esempio di polivalenza: si adatta facilmente a tutte le salite dall'alpinismo classico a quello tecnico. Martello e paletta.\",\"breadcrumb\":{\"@id\":\"https:\/\/www.sestogrado.it\/en\/prodotto\/petzl-sumtec-piccozza-arrampicata\/#breadcrumb\"},\"inLanguage\":\"en-US\",\"potentialAction\":[{\"@type\":\"ReadAction\",\"target\":[[\"https:\/\/www.sestogrado.it\/en\/prodotto\/petzl-sumtec-piccozza-arrampicata\/\"]]}]},{\"@type\":\"ImageObject\",\"inLanguage\":\"en-US\",\"@id\":\"https:\/\/www.sestogrado.it\/en\/prodotto\/petzl-sumtec-piccozza-arrampicata\/#primaryimage\",\"url\":\"https:\/\/www.sestogrado.it\/wp-content\/uploads\/2017\/02\/01-8.jpg\",\"contentUrl\":\"https:\/\/www.sestogrado.it\/wp-content\/uploads\/2017\/02\/01-8.jpg\",\"width\":1283,\"height\":1710,\"caption\":\"petzl sum'tec\"},{\"@type\":\"BreadcrumbList\",\"@id\":\"https:\/\/www.sestogrado.it\/en\/prodotto\/petzl-sumtec-piccozza-arrampicata\/#breadcrumb\",\"itemListElement\":[{\"@type\":\"ListItem\",\"position\":1,\"name\":\"Home\",\"item\":\"https:\/\/www.sestogrado.it\/en\/\"},{\"@type\":\"ListItem\",\"position\":2,\"name\":\"Shop\",\"item\":\"https:\/\/www.sestogrado.it\/en\/shop\/\"},{\"@type\":\"ListItem\",\"position\":3,\"name\":\"Petzl Sum&#8217;tec piccozza arrampicata\"}]},{\"@type\":\"WebSite\",\"@id\":\"https:\/\/www.sestogrado.it\/en\/#website\",\"url\":\"https:\/\/www.sestogrado.it\/en\/\",\"name\":\"Sestogrado\",\"description\":\"yes we climb\",\"publisher\":{\"@id\":\"https:\/\/www.sestogrado.it\/en\/#organization\"},\"potentialAction\":[{\"@type\":\"SearchAction\",\"target\":{\"@type\":\"EntryPoint\",\"urlTemplate\":\"https:\/\/www.sestogrado.it\/en\/?s={search_term_string}\"},\"query-input\":{\"@type\":\"PropertyValueSpecification\",\"valueRequired\":true,\"valueName\":\"search_term_string\"}}],\"inLanguage\":\"en-US\"},{\"@type\":\"Organization\",\"@id\":\"https:\/\/www.sestogrado.it\/en\/#organization\",\"name\":\"Sestogrado\",\"url\":\"https:\/\/www.sestogrado.it\/en\/\",\"logo\":{\"@type\":\"ImageObject\",\"inLanguage\":\"en-US\",\"@id\":\"https:\/\/www.sestogrado.it\/en\/#\/schema\/logo\/image\/\",\"url\":\"https:\/\/www.sestogrado.it\/wp-content\/uploads\/2015\/03\/sestogrado-favicon.png\",\"contentUrl\":\"https:\/\/www.sestogrado.it\/wp-content\/uploads\/2015\/03\/sestogrado-favicon.png\",\"width\":260,\"height\":260,\"caption\":\"Sestogrado\"},\"image\":{\"@id\":\"https:\/\/www.sestogrado.it\/en\/#\/schema\/logo\/image\/\"},\"sameAs\":[\"https:\/\/www.facebook.com\/pages\/Sestogrado\/1542635979353017?ref=bookmarks\",\"https:\/\/www.youtube.com\/channel\/UC847kAfTkaJsWpc1jtQwr3Q\"],\"hasMerchantReturnPolicy\":{\"@type\":\"MerchantReturnPolicy\",\"merchantReturnLink\":\"https:\/\/www.sestogrado.it\/en\/termini-e-condizioni\/\"}}]}<\/script>\n<meta property=\"product:brand\" content=\"Petzl\" \/>\n<meta property=\"og:availability\" content=\"instock\" \/>\n<meta property=\"product:availability\" content=\"instock\" \/>\n<meta property=\"product:condition\" content=\"new\" \/>\n<!-- \/ Yoast SEO plugin. -->","yoast_head_json":{"title":"Petzl Sum'tec ice axe - Sestogrado","description":"La PETZL SUM'TEC \u00e8 una piccozza tecnica leggera e polivalente, a met\u00e0 tra le piccozze classiche e le piccozze d'arrampicata su ghiaccio. La piccozza SUM'TEC \u00e8 un esempio di polivalenza: si adatta facilmente a tutte le salite dall'alpinismo classico a quello tecnico. Martello e paletta.","robots":{"index":"index","follow":"follow","max-snippet":"max-snippet:-1","max-image-preview":"max-image-preview:large","max-video-preview":"max-video-preview:-1"},"canonical":"https:\/\/www.sestogrado.it\/en\/prodotto\/petzl-sumtec-piccozza-arrampicata\/","og_locale":"en_US","og_type":"article","og_title":"Petzl Sum'tec ice axe - Sestogrado","og_description":"La PETZL SUM'TEC \u00e8 una piccozza tecnica leggera e polivalente, a met\u00e0 tra le piccozze classiche e le piccozze d'arrampicata su ghiaccio. La piccozza SUM'TEC \u00e8 un esempio di polivalenza: si adatta facilmente a tutte le salite dall'alpinismo classico a quello tecnico. Martello e paletta.","og_url":"https:\/\/www.sestogrado.it\/en\/prodotto\/petzl-sumtec-piccozza-arrampicata\/","og_site_name":"Sestogrado","article_publisher":"https:\/\/www.facebook.com\/pages\/Sestogrado\/1542635979353017?ref=bookmarks","article_modified_time":"2026-03-29T15:37:42+00:00","og_image":[{"width":1283,"height":1710,"url":"https:\/\/www.sestogrado.it\/wp-content\/uploads\/2017\/02\/01-8.jpg","type":"image\/jpeg"}],"twitter_misc":{"Availability":"In stock"},"schema":{"@context":"https:\/\/schema.org","@graph":[{"@type":"WebPage","@id":"https:\/\/www.sestogrado.it\/en\/prodotto\/petzl-sumtec-piccozza-arrampicata\/","url":"https:\/\/www.sestogrado.it\/en\/prodotto\/petzl-sumtec-piccozza-arrampicata\/","name":"Petzl Sum'tec ice axe - Sestogrado","isPartOf":{"@id":"https:\/\/www.sestogrado.it\/en\/#website"},"primaryImageOfPage":{"@id":"https:\/\/www.sestogrado.it\/en\/prodotto\/petzl-sumtec-piccozza-arrampicata\/#primaryimage"},"image":{"@id":"https:\/\/www.sestogrado.it\/prodotto\/petzl-sumtec-piccozza-arrampicata\/#primaryimage"},"thumbnailUrl":"https:\/\/www.sestogrado.it\/wp-content\/uploads\/2017\/02\/01-8.jpg","datePublished":"2017-02-03T14:51:08+00:00","dateModified":"2026-03-29T15:37:42+00:00","description":"La PETZL SUM'TEC \u00e8 una piccozza tecnica leggera e polivalente, a met\u00e0 tra le piccozze classiche e le piccozze d'arrampicata su ghiaccio. La piccozza SUM'TEC \u00e8 un esempio di polivalenza: si adatta facilmente a tutte le salite dall'alpinismo classico a quello tecnico. Martello e paletta.","breadcrumb":{"@id":"https:\/\/www.sestogrado.it\/en\/prodotto\/petzl-sumtec-piccozza-arrampicata\/#breadcrumb"},"inLanguage":"en-US","potentialAction":[{"@type":"ReadAction","target":[["https:\/\/www.sestogrado.it\/en\/prodotto\/petzl-sumtec-piccozza-arrampicata\/"]]}]},{"@type":"ImageObject","inLanguage":"en-US","@id":"https:\/\/www.sestogrado.it\/en\/prodotto\/petzl-sumtec-piccozza-arrampicata\/#primaryimage","url":"https:\/\/www.sestogrado.it\/wp-content\/uploads\/2017\/02\/01-8.jpg","contentUrl":"https:\/\/www.sestogrado.it\/wp-content\/uploads\/2017\/02\/01-8.jpg","width":1283,"height":1710,"caption":"petzl sum'tec"},{"@type":"BreadcrumbList","@id":"https:\/\/www.sestogrado.it\/en\/prodotto\/petzl-sumtec-piccozza-arrampicata\/#breadcrumb","itemListElement":[{"@type":"ListItem","position":1,"name":"Home","item":"https:\/\/www.sestogrado.it\/en\/"},{"@type":"ListItem","position":2,"name":"Shop","item":"https:\/\/www.sestogrado.it\/en\/shop\/"},{"@type":"ListItem","position":3,"name":"Petzl Sum&#8217;tec piccozza arrampicata"}]},{"@type":"WebSite","@id":"https:\/\/www.sestogrado.it\/en\/#website","url":"https:\/\/www.sestogrado.it\/en\/","name":"Sestogrado","description":"yes we climb","publisher":{"@id":"https:\/\/www.sestogrado.it\/en\/#organization"},"potentialAction":[{"@type":"SearchAction","target":{"@type":"EntryPoint","urlTemplate":"https:\/\/www.sestogrado.it\/en\/?s={search_term_string}"},"query-input":{"@type":"PropertyValueSpecification","valueRequired":true,"valueName":"search_term_string"}}],"inLanguage":"en-US"},{"@type":"Organization","@id":"https:\/\/www.sestogrado.it\/en\/#organization","name":"Sestogrado","url":"https:\/\/www.sestogrado.it\/en\/","logo":{"@type":"ImageObject","inLanguage":"en-US","@id":"https:\/\/www.sestogrado.it\/en\/#\/schema\/logo\/image\/","url":"https:\/\/www.sestogrado.it\/wp-content\/uploads\/2015\/03\/sestogrado-favicon.png","contentUrl":"https:\/\/www.sestogrado.it\/wp-content\/uploads\/2015\/03\/sestogrado-favicon.png","width":260,"height":260,"caption":"Sestogrado"},"image":{"@id":"https:\/\/www.sestogrado.it\/en\/#\/schema\/logo\/image\/"},"sameAs":["https:\/\/www.facebook.com\/pages\/Sestogrado\/1542635979353017?ref=bookmarks","https:\/\/www.youtube.com\/channel\/UC847kAfTkaJsWpc1jtQwr3Q"],"hasMerchantReturnPolicy":{"@type":"MerchantReturnPolicy","merchantReturnLink":"https:\/\/www.sestogrado.it\/en\/termini-e-condizioni\/"}}]},"product_brand":"Petzl","og_availability":"instock","product_availability":"instock","product_condition":"new"},"_links":{"self":[{"href":"https:\/\/www.sestogrado.it\/en\/wp-json\/wp\/v2\/product\/9920","targetHints":{"allow":["GET"]}}],"collection":[{"href":"https:\/\/www.sestogrado.it\/en\/wp-json\/wp\/v2\/product"}],"about":[{"href":"https:\/\/www.sestogrado.it\/en\/wp-json\/wp\/v2\/types\/product"}],"replies":[{"embeddable":true,"href":"https:\/\/www.sestogrado.it\/en\/wp-json\/wp\/v2\/comments?post=9920"}],"wp:featuredmedia":[{"embeddable":true,"href":"https:\/\/www.sestogrado.it\/en\/wp-json\/wp\/v2\/media\/11923"}],"wp:attachment":[{"href":"https:\/\/www.sestogrado.it\/en\/wp-json\/wp\/v2\/media?parent=9920"}],"wp:term":[{"taxonomy":"product_brand","embeddable":true,"href":"https:\/\/www.sestogrado.it\/en\/wp-json\/wp\/v2\/product_brand?post=9920"},{"taxonomy":"product_cat","embeddable":true,"href":"https:\/\/www.sestogrado.it\/en\/wp-json\/wp\/v2\/product_cat?post=9920"},{"taxonomy":"product_tag","embeddable":true,"href":"https:\/\/www.sestogrado.it\/en\/wp-json\/wp\/v2\/product_tag?post=9920"}],"curies":[{"name":"wp","href":"https:\/\/api.w.org\/{rel}","templated":true}]}}