{"id":98576,"date":"2022-04-15T12:00:13","date_gmt":"2022-04-15T10:00:13","guid":{"rendered":"https:\/\/www.sestogrado.it\/?post_type=product&#038;p=98576"},"modified":"2026-04-16T09:04:39","modified_gmt":"2026-04-16T07:04:39","slug":"millet-prolighter-22-zaino-arrampicata","status":"publish","type":"product","link":"https:\/\/www.sestogrado.it\/en\/prodotto\/millet-prolighter-22-zaino-arrampicata\/","title":{"rendered":"Millet Prolighter 22 backpack daypack for alpinism"},"content":{"rendered":"<p>Millet Prolighter 22 backpack daypack for alpinism is a low-volume, compact and lightweight mountaineering backpack for fast and light mountain activities. In the realization of the Prolighter, maximum attention was paid to freedom of movement, and this freedom is the guideline in the realization of its design.<\/p>\n<p>It has a belt and adjustable straps, as well as several neat and functional compartments for transporting equipment, such as skis, ice ax etc.<\/p>\n<p>The fabric is a beautiful contrasting yarn. The Prolighter 22 is a technical backpack, dedicated to summer and winter mountaineering, and to trips where you want to stay light.<\/p>\n<ul>\n<li>\u00a0Front zip pocket, inside compartment, ice axe\/pole holder<\/li>\n<li>With carry handle, hip belt, padded shoulder straps, chest strap<\/li>\n<li><a href=\"https:\/\/www.sestogrado.it\/en\/categoria-prodotto\/accessori\/idratazione\/\" target=\"_blank\" rel=\"noopener\">Hydration system compartment<\/a><\/li>\n<li>With breathable Xlighter back technology<\/li>\n<li>Without PFC<\/li>\n<li>Volume 22L<\/li>\n<li>Back length 48cm<\/li>\n<li>Weight 630 g<\/li>\n<\/ul>\n<p>&nbsp;<\/p>\n<p><img decoding=\"async\" class=\"alignnone size-full wp-image-98677 img-fluid\" src=\"https:\/\/www.sestogrado.it\/wp-content\/uploads\/2022\/04\/porta-picche.jpg\" alt=\"Ice-pick holder\" width=\"200\" height=\"200\" srcset=\"https:\/\/www.sestogrado.it\/wp-content\/uploads\/2022\/04\/porta-picche.jpg 200w, https:\/\/www.sestogrado.it\/wp-content\/uploads\/2022\/04\/porta-picche-100x100.jpg 100w, https:\/\/www.sestogrado.it\/wp-content\/uploads\/2022\/04\/porta-picche-150x150.jpg 150w, https:\/\/www.sestogrado.it\/wp-content\/uploads\/2022\/04\/porta-picche-45x45.jpg 45w, https:\/\/www.sestogrado.it\/wp-content\/uploads\/2022\/04\/porta-picche-80x80.jpg 80w, https:\/\/www.sestogrado.it\/wp-content\/uploads\/2022\/04\/porta-picche-60x60.jpg 60w, https:\/\/www.sestogrado.it\/wp-content\/uploads\/2022\/04\/porta-picche-90x90.jpg 90w\" sizes=\"(max-width: 200px) 100vw, 200px\" \/><\/p>\n<p><strong><em>Ice pick holder system<\/em><\/strong><\/p>\n<p>&nbsp;<\/p>\n<p>Made for: Hillwalking, Travel, Climbing, Leisure<\/p>\n<p>The Millet Prolighter 22 is a functional backpack with a lighter design and cleaner style. It remains a best seller for summer climbing and short mountain escapes.<\/p>","protected":false},"excerpt":{"rendered":"<p>Millet Prolighter 22 backpack daypack for alpinism is a low-volume, compact and lightweight mountaineering backpack for fast and light mountain [&hellip;]<\/p>\n","protected":false},"featured_media":99990,"comment_status":"open","ping_status":"closed","template":"","meta":{"_acf_changed":false},"product_brand":[312],"product_cat":[389],"product_tag":[],"class_list":{"0":"post-98576","1":"product","2":"type-product","3":"status-publish","4":"has-post-thumbnail","6":"product_brand-millet","7":"product_cat-zaini-alpinismo","9":"first","10":"instock","11":"sale","12":"taxable","13":"shipping-taxable","14":"purchasable","15":"product-type-variable"},"acf":[],"yoast_head":"<!-- This site is optimized with the Yoast SEO plugin v26.4 - https:\/\/yoast.com\/wordpress\/plugins\/seo\/ -->\n<title>Millet Prolighter 22 backpack daypack for alpinism - Sestogrado<\/title>\n<meta name=\"description\" content=\"Il Millet Prolighter 22 \u00e8 uno zaino alpinistico di basso litraggio, compatto e leggero per attivit\u00e0 in montagna fast and light o per le gite di una giornata. Nella realizzazione del Prolighter \u00e8 stata posta massima attenzione alla libert\u00e0 di movimento, e questa libert\u00e0 \u00e8 la linea guida nella realizzazione del suo design. Dispone di cinturone e cinghie regolabili, oltre che diversi scompartimenti curati e funzionali per il trasporto dell&#039;attrezzatura, come sci, piccozza etc. Il tessuto \u00e8 un bellissimo filato a contrasto. Il Prolighter 22 \u00e8 uno zaino tecnico, dedicato all&#039;alpinismo estivo e invernale, ed alle gite in cui vuoi stare leggero.\" \/>\n<meta name=\"robots\" content=\"index, follow, max-snippet:-1, max-image-preview:large, max-video-preview:-1\" \/>\n<link rel=\"canonical\" href=\"https:\/\/www.sestogrado.it\/en\/prodotto\/millet-prolighter-22-zaino-arrampicata\/\" \/>\n<meta property=\"og:locale\" content=\"en_US\" \/>\n<meta property=\"og:type\" content=\"article\" \/>\n<meta property=\"og:title\" content=\"Millet Prolighter 22 backpack daypack for alpinism - Sestogrado\" \/>\n<meta property=\"og:description\" content=\"Il Millet Prolighter 22 \u00e8 uno zaino alpinistico di basso litraggio, compatto e leggero per attivit\u00e0 in montagna fast and light o per le gite di una giornata. Nella realizzazione del Prolighter \u00e8 stata posta massima attenzione alla libert\u00e0 di movimento, e questa libert\u00e0 \u00e8 la linea guida nella realizzazione del suo design. Dispone di cinturone e cinghie regolabili, oltre che diversi scompartimenti curati e funzionali per il trasporto dell&#039;attrezzatura, come sci, piccozza etc. Il tessuto \u00e8 un bellissimo filato a contrasto. Il Prolighter 22 \u00e8 uno zaino tecnico, dedicato all&#039;alpinismo estivo e invernale, ed alle gite in cui vuoi stare leggero.\" \/>\n<meta property=\"og:url\" content=\"https:\/\/www.sestogrado.it\/en\/prodotto\/millet-prolighter-22-zaino-arrampicata\/\" \/>\n<meta property=\"og:site_name\" content=\"Sestogrado\" \/>\n<meta property=\"article:publisher\" content=\"https:\/\/www.facebook.com\/pages\/Sestogrado\/1542635979353017?ref=bookmarks\" \/>\n<meta property=\"article:modified_time\" content=\"2026-04-16T07:04:39+00:00\" \/>\n<meta property=\"og:image\" content=\"https:\/\/www.sestogrado.it\/wp-content\/uploads\/2022\/04\/saphir-1.jpg\" \/>\n\t<meta property=\"og:image:width\" content=\"900\" \/>\n\t<meta property=\"og:image:height\" content=\"900\" \/>\n\t<meta property=\"og:image:type\" content=\"image\/jpeg\" \/>\n<meta name=\"twitter:label1\" content=\"Availability\" \/>\n\t<meta name=\"twitter:data1\" content=\"In stock\" \/>\n<script type=\"application\/ld+json\" class=\"yoast-schema-graph\">{\"@context\":\"https:\/\/schema.org\",\"@graph\":[{\"@type\":\"WebPage\",\"@id\":\"https:\/\/www.sestogrado.it\/en\/prodotto\/millet-prolighter-22-zaino-arrampicata\/\",\"url\":\"https:\/\/www.sestogrado.it\/en\/prodotto\/millet-prolighter-22-zaino-arrampicata\/\",\"name\":\"Millet Prolighter 22 backpack daypack for alpinism - Sestogrado\",\"isPartOf\":{\"@id\":\"https:\/\/www.sestogrado.it\/en\/#website\"},\"primaryImageOfPage\":{\"@id\":\"https:\/\/www.sestogrado.it\/en\/prodotto\/millet-prolighter-22-zaino-arrampicata\/#primaryimage\"},\"image\":{\"@id\":\"https:\/\/www.sestogrado.it\/prodotto\/millet-prolighter-22-zaino-arrampicata\/#primaryimage\"},\"thumbnailUrl\":\"https:\/\/www.sestogrado.it\/wp-content\/uploads\/2022\/04\/saphir-1.jpg\",\"datePublished\":\"2022-04-15T10:00:13+00:00\",\"dateModified\":\"2026-04-16T07:04:39+00:00\",\"description\":\"Il Millet Prolighter 22 \u00e8 uno zaino alpinistico di basso litraggio, compatto e leggero per attivit\u00e0 in montagna fast and light o per le gite di una giornata. Nella realizzazione del Prolighter \u00e8 stata posta massima attenzione alla libert\u00e0 di movimento, e questa libert\u00e0 \u00e8 la linea guida nella realizzazione del suo design. Dispone di cinturone e cinghie regolabili, oltre che diversi scompartimenti curati e funzionali per il trasporto dell'attrezzatura, come sci, piccozza etc. Il tessuto \u00e8 un bellissimo filato a contrasto. Il Prolighter 22 \u00e8 uno zaino tecnico, dedicato all'alpinismo estivo e invernale, ed alle gite in cui vuoi stare leggero.\",\"breadcrumb\":{\"@id\":\"https:\/\/www.sestogrado.it\/en\/prodotto\/millet-prolighter-22-zaino-arrampicata\/#breadcrumb\"},\"inLanguage\":\"en-US\",\"potentialAction\":[{\"@type\":\"ReadAction\",\"target\":[[\"https:\/\/www.sestogrado.it\/en\/prodotto\/millet-prolighter-22-zaino-arrampicata\/\"]]}]},{\"@type\":\"ImageObject\",\"inLanguage\":\"en-US\",\"@id\":\"https:\/\/www.sestogrado.it\/en\/prodotto\/millet-prolighter-22-zaino-arrampicata\/#primaryimage\",\"url\":\"https:\/\/www.sestogrado.it\/wp-content\/uploads\/2022\/04\/saphir-1.jpg\",\"contentUrl\":\"https:\/\/www.sestogrado.it\/wp-content\/uploads\/2022\/04\/saphir-1.jpg\",\"width\":900,\"height\":900,\"caption\":\"millet prolighter 22 saphir\"},{\"@type\":\"BreadcrumbList\",\"@id\":\"https:\/\/www.sestogrado.it\/en\/prodotto\/millet-prolighter-22-zaino-arrampicata\/#breadcrumb\",\"itemListElement\":[{\"@type\":\"ListItem\",\"position\":1,\"name\":\"Home\",\"item\":\"https:\/\/www.sestogrado.it\/en\/\"},{\"@type\":\"ListItem\",\"position\":2,\"name\":\"Shop\",\"item\":\"https:\/\/www.sestogrado.it\/en\/shop\/\"},{\"@type\":\"ListItem\",\"position\":3,\"name\":\"Millet Prolighter 22 zaino arrampicata vie multipitch\"}]},{\"@type\":\"WebSite\",\"@id\":\"https:\/\/www.sestogrado.it\/en\/#website\",\"url\":\"https:\/\/www.sestogrado.it\/en\/\",\"name\":\"Sestogrado\",\"description\":\"yes we climb\",\"publisher\":{\"@id\":\"https:\/\/www.sestogrado.it\/en\/#organization\"},\"potentialAction\":[{\"@type\":\"SearchAction\",\"target\":{\"@type\":\"EntryPoint\",\"urlTemplate\":\"https:\/\/www.sestogrado.it\/en\/?s={search_term_string}\"},\"query-input\":{\"@type\":\"PropertyValueSpecification\",\"valueRequired\":true,\"valueName\":\"search_term_string\"}}],\"inLanguage\":\"en-US\"},{\"@type\":\"Organization\",\"@id\":\"https:\/\/www.sestogrado.it\/en\/#organization\",\"name\":\"Sestogrado\",\"url\":\"https:\/\/www.sestogrado.it\/en\/\",\"logo\":{\"@type\":\"ImageObject\",\"inLanguage\":\"en-US\",\"@id\":\"https:\/\/www.sestogrado.it\/en\/#\/schema\/logo\/image\/\",\"url\":\"https:\/\/www.sestogrado.it\/wp-content\/uploads\/2015\/03\/sestogrado-favicon.png\",\"contentUrl\":\"https:\/\/www.sestogrado.it\/wp-content\/uploads\/2015\/03\/sestogrado-favicon.png\",\"width\":260,\"height\":260,\"caption\":\"Sestogrado\"},\"image\":{\"@id\":\"https:\/\/www.sestogrado.it\/en\/#\/schema\/logo\/image\/\"},\"sameAs\":[\"https:\/\/www.facebook.com\/pages\/Sestogrado\/1542635979353017?ref=bookmarks\",\"https:\/\/www.youtube.com\/channel\/UC847kAfTkaJsWpc1jtQwr3Q\"],\"hasMerchantReturnPolicy\":{\"@type\":\"MerchantReturnPolicy\",\"merchantReturnLink\":\"https:\/\/www.sestogrado.it\/en\/termini-e-condizioni\/\"}}]}<\/script>\n<meta property=\"product:brand\" content=\"Millet\" \/>\n<meta property=\"og:availability\" content=\"instock\" \/>\n<meta property=\"product:availability\" content=\"instock\" \/>\n<meta property=\"product:condition\" content=\"new\" \/>\n<!-- \/ Yoast SEO plugin. -->","yoast_head_json":{"title":"Millet Prolighter 22 backpack daypack for alpinism - Sestogrado","description":"Il Millet Prolighter 22 \u00e8 uno zaino alpinistico di basso litraggio, compatto e leggero per attivit\u00e0 in montagna fast and light o per le gite di una giornata. Nella realizzazione del Prolighter \u00e8 stata posta massima attenzione alla libert\u00e0 di movimento, e questa libert\u00e0 \u00e8 la linea guida nella realizzazione del suo design. Dispone di cinturone e cinghie regolabili, oltre che diversi scompartimenti curati e funzionali per il trasporto dell'attrezzatura, come sci, piccozza etc. Il tessuto \u00e8 un bellissimo filato a contrasto. Il Prolighter 22 \u00e8 uno zaino tecnico, dedicato all'alpinismo estivo e invernale, ed alle gite in cui vuoi stare leggero.","robots":{"index":"index","follow":"follow","max-snippet":"max-snippet:-1","max-image-preview":"max-image-preview:large","max-video-preview":"max-video-preview:-1"},"canonical":"https:\/\/www.sestogrado.it\/en\/prodotto\/millet-prolighter-22-zaino-arrampicata\/","og_locale":"en_US","og_type":"article","og_title":"Millet Prolighter 22 backpack daypack for alpinism - Sestogrado","og_description":"Il Millet Prolighter 22 \u00e8 uno zaino alpinistico di basso litraggio, compatto e leggero per attivit\u00e0 in montagna fast and light o per le gite di una giornata. Nella realizzazione del Prolighter \u00e8 stata posta massima attenzione alla libert\u00e0 di movimento, e questa libert\u00e0 \u00e8 la linea guida nella realizzazione del suo design. Dispone di cinturone e cinghie regolabili, oltre che diversi scompartimenti curati e funzionali per il trasporto dell'attrezzatura, come sci, piccozza etc. Il tessuto \u00e8 un bellissimo filato a contrasto. Il Prolighter 22 \u00e8 uno zaino tecnico, dedicato all'alpinismo estivo e invernale, ed alle gite in cui vuoi stare leggero.","og_url":"https:\/\/www.sestogrado.it\/en\/prodotto\/millet-prolighter-22-zaino-arrampicata\/","og_site_name":"Sestogrado","article_publisher":"https:\/\/www.facebook.com\/pages\/Sestogrado\/1542635979353017?ref=bookmarks","article_modified_time":"2026-04-16T07:04:39+00:00","og_image":[{"width":900,"height":900,"url":"https:\/\/www.sestogrado.it\/wp-content\/uploads\/2022\/04\/saphir-1.jpg","type":"image\/jpeg"}],"twitter_misc":{"Availability":"In stock"},"schema":{"@context":"https:\/\/schema.org","@graph":[{"@type":"WebPage","@id":"https:\/\/www.sestogrado.it\/en\/prodotto\/millet-prolighter-22-zaino-arrampicata\/","url":"https:\/\/www.sestogrado.it\/en\/prodotto\/millet-prolighter-22-zaino-arrampicata\/","name":"Millet Prolighter 22 backpack daypack for alpinism - Sestogrado","isPartOf":{"@id":"https:\/\/www.sestogrado.it\/en\/#website"},"primaryImageOfPage":{"@id":"https:\/\/www.sestogrado.it\/en\/prodotto\/millet-prolighter-22-zaino-arrampicata\/#primaryimage"},"image":{"@id":"https:\/\/www.sestogrado.it\/prodotto\/millet-prolighter-22-zaino-arrampicata\/#primaryimage"},"thumbnailUrl":"https:\/\/www.sestogrado.it\/wp-content\/uploads\/2022\/04\/saphir-1.jpg","datePublished":"2022-04-15T10:00:13+00:00","dateModified":"2026-04-16T07:04:39+00:00","description":"Il Millet Prolighter 22 \u00e8 uno zaino alpinistico di basso litraggio, compatto e leggero per attivit\u00e0 in montagna fast and light o per le gite di una giornata. Nella realizzazione del Prolighter \u00e8 stata posta massima attenzione alla libert\u00e0 di movimento, e questa libert\u00e0 \u00e8 la linea guida nella realizzazione del suo design. Dispone di cinturone e cinghie regolabili, oltre che diversi scompartimenti curati e funzionali per il trasporto dell'attrezzatura, come sci, piccozza etc. Il tessuto \u00e8 un bellissimo filato a contrasto. Il Prolighter 22 \u00e8 uno zaino tecnico, dedicato all'alpinismo estivo e invernale, ed alle gite in cui vuoi stare leggero.","breadcrumb":{"@id":"https:\/\/www.sestogrado.it\/en\/prodotto\/millet-prolighter-22-zaino-arrampicata\/#breadcrumb"},"inLanguage":"en-US","potentialAction":[{"@type":"ReadAction","target":[["https:\/\/www.sestogrado.it\/en\/prodotto\/millet-prolighter-22-zaino-arrampicata\/"]]}]},{"@type":"ImageObject","inLanguage":"en-US","@id":"https:\/\/www.sestogrado.it\/en\/prodotto\/millet-prolighter-22-zaino-arrampicata\/#primaryimage","url":"https:\/\/www.sestogrado.it\/wp-content\/uploads\/2022\/04\/saphir-1.jpg","contentUrl":"https:\/\/www.sestogrado.it\/wp-content\/uploads\/2022\/04\/saphir-1.jpg","width":900,"height":900,"caption":"millet prolighter 22 saphir"},{"@type":"BreadcrumbList","@id":"https:\/\/www.sestogrado.it\/en\/prodotto\/millet-prolighter-22-zaino-arrampicata\/#breadcrumb","itemListElement":[{"@type":"ListItem","position":1,"name":"Home","item":"https:\/\/www.sestogrado.it\/en\/"},{"@type":"ListItem","position":2,"name":"Shop","item":"https:\/\/www.sestogrado.it\/en\/shop\/"},{"@type":"ListItem","position":3,"name":"Millet Prolighter 22 zaino arrampicata vie multipitch"}]},{"@type":"WebSite","@id":"https:\/\/www.sestogrado.it\/en\/#website","url":"https:\/\/www.sestogrado.it\/en\/","name":"Sestogrado","description":"yes we climb","publisher":{"@id":"https:\/\/www.sestogrado.it\/en\/#organization"},"potentialAction":[{"@type":"SearchAction","target":{"@type":"EntryPoint","urlTemplate":"https:\/\/www.sestogrado.it\/en\/?s={search_term_string}"},"query-input":{"@type":"PropertyValueSpecification","valueRequired":true,"valueName":"search_term_string"}}],"inLanguage":"en-US"},{"@type":"Organization","@id":"https:\/\/www.sestogrado.it\/en\/#organization","name":"Sestogrado","url":"https:\/\/www.sestogrado.it\/en\/","logo":{"@type":"ImageObject","inLanguage":"en-US","@id":"https:\/\/www.sestogrado.it\/en\/#\/schema\/logo\/image\/","url":"https:\/\/www.sestogrado.it\/wp-content\/uploads\/2015\/03\/sestogrado-favicon.png","contentUrl":"https:\/\/www.sestogrado.it\/wp-content\/uploads\/2015\/03\/sestogrado-favicon.png","width":260,"height":260,"caption":"Sestogrado"},"image":{"@id":"https:\/\/www.sestogrado.it\/en\/#\/schema\/logo\/image\/"},"sameAs":["https:\/\/www.facebook.com\/pages\/Sestogrado\/1542635979353017?ref=bookmarks","https:\/\/www.youtube.com\/channel\/UC847kAfTkaJsWpc1jtQwr3Q"],"hasMerchantReturnPolicy":{"@type":"MerchantReturnPolicy","merchantReturnLink":"https:\/\/www.sestogrado.it\/en\/termini-e-condizioni\/"}}]},"product_brand":"Millet","og_availability":"instock","product_availability":"instock","product_condition":"new"},"_links":{"self":[{"href":"https:\/\/www.sestogrado.it\/en\/wp-json\/wp\/v2\/product\/98576","targetHints":{"allow":["GET"]}}],"collection":[{"href":"https:\/\/www.sestogrado.it\/en\/wp-json\/wp\/v2\/product"}],"about":[{"href":"https:\/\/www.sestogrado.it\/en\/wp-json\/wp\/v2\/types\/product"}],"replies":[{"embeddable":true,"href":"https:\/\/www.sestogrado.it\/en\/wp-json\/wp\/v2\/comments?post=98576"}],"wp:featuredmedia":[{"embeddable":true,"href":"https:\/\/www.sestogrado.it\/en\/wp-json\/wp\/v2\/media\/99990"}],"wp:attachment":[{"href":"https:\/\/www.sestogrado.it\/en\/wp-json\/wp\/v2\/media?parent=98576"}],"wp:term":[{"taxonomy":"product_brand","embeddable":true,"href":"https:\/\/www.sestogrado.it\/en\/wp-json\/wp\/v2\/product_brand?post=98576"},{"taxonomy":"product_cat","embeddable":true,"href":"https:\/\/www.sestogrado.it\/en\/wp-json\/wp\/v2\/product_cat?post=98576"},{"taxonomy":"product_tag","embeddable":true,"href":"https:\/\/www.sestogrado.it\/en\/wp-json\/wp\/v2\/product_tag?post=98576"}],"curies":[{"name":"wp","href":"https:\/\/api.w.org\/{rel}","templated":true}]}}