{"id":96056,"date":"2022-07-19T11:31:44","date_gmt":"2022-07-19T09:31:44","guid":{"rendered":"https:\/\/www.sestogrado.it\/?post_type=product&#038;p=96056"},"modified":"2026-04-30T13:35:13","modified_gmt":"2026-04-30T11:35:13","slug":"leki-evotrail-fx-one-ta-bastoncini-da-trail-running","status":"publish","type":"product","link":"https:\/\/www.sestogrado.it\/en\/prodotto\/leki-evotrail-fx-one-ta-bastoncini-da-trail-running\/","title":{"rendered":"Leki Evotrail FX.ONE TA Bastoncini da trail running"},"content":{"rendered":"<p>Leki Evotrail FX.ONE TA Bastoncini da trail running sono dei bastoncini pieghevoli in 3 sezioni, che racchiusi raggiungono solo 38 cm di lunghezza.<\/p>\n<p>Sono stati progettati per tutti i trail runner che si muovono su terreni difficili e vogliono essere sostenuti al meglio, con bastoni che aiutano e supportano il movimento in salita e discesa. Sono dotati dell&#8217;impugnatura Shark 2.0 in Plastica e Sughero per rendere confortevole la corsa, della dragonne rimuovibile e regolabile per adattarsi in maniera millimetrica al polso di ogni runner e infine delle classiche rondelle da nordic.<\/p>\n<p>Grazie all&#8217;impugnatura in sughero naturale con inserto in plastica per conferire robustezza in caso di maltempo, i trail runner con Evotrail Fx.One TA si trovano avvantaggiati sui terreni in pendenza.<\/p>\n<p>Con 4 sezioni ripiegabili in 3, corsa di regolazione da 110 a 130 cm e lunghezza minima di soli 38 cm, i Leki Evotrail FX.ONE TA sostengono la tua corsa con leggerezza e zero ingombro.<\/p>\n<ul>\n<li>Tipologia:\u00a0Bastoncino pieghevole<\/li>\n<li>Ambito d\u2019uso:\u00a0Trail running<\/li>\n<li>Corsa di regolazione: <strong>110-130 cm<\/strong><\/li>\n<li>Tipo di materiale:<strong> Alluminio\u00a0<\/strong><\/li>\n<li><strong>4 sezioni<\/strong><\/li>\n<li>Sistema pieghevole con Push-botton<\/li>\n<li>Diametri per sezione: 16, 14, 14, 14 mm<\/li>\n<li>Impugnatura: <strong>Shark 2.0 in Plastica e Sughero<\/strong><\/li>\n<li>Strap dragonne: <strong>Shark frame strap mesh<\/strong>, rimuovibile e regolabile<\/li>\n<li>Rondella:\u00a0con rondella da<strong> nordic<\/strong><\/li>\n<li>Puntale:\u00a0<strong>Puntale in carburo\u00a0<\/strong><\/li>\n<li>Dimensioni piegato:\u00a038 cm<\/li>\n<li>Lunghezza bastoncini piegati: <strong>38 cm <\/strong>(120 cm)<\/li>\n<li>Peso: <strong>436 g<\/strong> (al paio)<\/li>\n<\/ul>\n<p>&nbsp;<\/p>\n<p><em>Sistema pieghevole con Push-botton<\/em><\/p>\n<p><img decoding=\"async\" class=\"alignnone size-medium wp-image-96345 img-fluid\" src=\"https:\/\/www.sestogrado.it\/wp-content\/uploads\/2022\/03\/push-button-300x300.jpg\" alt=\"LEKI push-botton\" width=\"300\" height=\"300\" srcset=\"https:\/\/www.sestogrado.it\/wp-content\/uploads\/2022\/03\/push-button-300x300.jpg 300w, https:\/\/www.sestogrado.it\/wp-content\/uploads\/2022\/03\/push-button-100x100.jpg 100w, https:\/\/www.sestogrado.it\/wp-content\/uploads\/2022\/03\/push-button-750x750.jpg 750w, https:\/\/www.sestogrado.it\/wp-content\/uploads\/2022\/03\/push-button-150x150.jpg 150w, https:\/\/www.sestogrado.it\/wp-content\/uploads\/2022\/03\/push-button-768x768.jpg 768w, https:\/\/www.sestogrado.it\/wp-content\/uploads\/2022\/03\/push-button-45x45.jpg 45w, https:\/\/www.sestogrado.it\/wp-content\/uploads\/2022\/03\/push-button-220x220.jpg 220w, https:\/\/www.sestogrado.it\/wp-content\/uploads\/2022\/03\/push-button-635x635.jpg 635w, https:\/\/www.sestogrado.it\/wp-content\/uploads\/2022\/03\/push-button-80x80.jpg 80w, https:\/\/www.sestogrado.it\/wp-content\/uploads\/2022\/03\/push-button-60x60.jpg 60w, https:\/\/www.sestogrado.it\/wp-content\/uploads\/2022\/03\/push-button-90x90.jpg 90w, https:\/\/www.sestogrado.it\/wp-content\/uploads\/2022\/03\/push-button.jpg 800w\" sizes=\"(max-width: 300px) 100vw, 300px\" \/><\/p>\n<p><em>Shark frame strap mesh<\/em><\/p>\n<p><img decoding=\"async\" class=\"alignnone size-medium wp-image-96344 img-fluid\" src=\"https:\/\/www.sestogrado.it\/wp-content\/uploads\/2022\/03\/frame-strap-mesh-300x300.jpg\" alt=\"LEKI frame strap mesh\" width=\"300\" height=\"300\" srcset=\"https:\/\/www.sestogrado.it\/wp-content\/uploads\/2022\/03\/frame-strap-mesh-300x300.jpg 300w, https:\/\/www.sestogrado.it\/wp-content\/uploads\/2022\/03\/frame-strap-mesh-100x100.jpg 100w, https:\/\/www.sestogrado.it\/wp-content\/uploads\/2022\/03\/frame-strap-mesh-750x750.jpg 750w, https:\/\/www.sestogrado.it\/wp-content\/uploads\/2022\/03\/frame-strap-mesh-150x150.jpg 150w, https:\/\/www.sestogrado.it\/wp-content\/uploads\/2022\/03\/frame-strap-mesh-768x768.jpg 768w, https:\/\/www.sestogrado.it\/wp-content\/uploads\/2022\/03\/frame-strap-mesh-45x45.jpg 45w, https:\/\/www.sestogrado.it\/wp-content\/uploads\/2022\/03\/frame-strap-mesh-220x220.jpg 220w, https:\/\/www.sestogrado.it\/wp-content\/uploads\/2022\/03\/frame-strap-mesh-635x635.jpg 635w, https:\/\/www.sestogrado.it\/wp-content\/uploads\/2022\/03\/frame-strap-mesh-80x80.jpg 80w, https:\/\/www.sestogrado.it\/wp-content\/uploads\/2022\/03\/frame-strap-mesh-60x60.jpg 60w, https:\/\/www.sestogrado.it\/wp-content\/uploads\/2022\/03\/frame-strap-mesh-90x90.jpg 90w, https:\/\/www.sestogrado.it\/wp-content\/uploads\/2022\/03\/frame-strap-mesh.jpg 800w\" sizes=\"(max-width: 300px) 100vw, 300px\" \/><\/p>\n<p><em>Rondella da Nordic Walking<\/em><\/p>\n<p><img decoding=\"async\" class=\"alignnone size-medium wp-image-96338 img-fluid\" src=\"https:\/\/www.sestogrado.it\/wp-content\/uploads\/2022\/03\/rondella-da-nordic-walking-300x300.jpg\" alt=\"LEKI RONDELLA DA NORDIC\" width=\"300\" height=\"300\" srcset=\"https:\/\/www.sestogrado.it\/wp-content\/uploads\/2022\/03\/rondella-da-nordic-walking-300x300.jpg 300w, https:\/\/www.sestogrado.it\/wp-content\/uploads\/2022\/03\/rondella-da-nordic-walking-100x100.jpg 100w, https:\/\/www.sestogrado.it\/wp-content\/uploads\/2022\/03\/rondella-da-nordic-walking-750x750.jpg 750w, https:\/\/www.sestogrado.it\/wp-content\/uploads\/2022\/03\/rondella-da-nordic-walking-150x150.jpg 150w, https:\/\/www.sestogrado.it\/wp-content\/uploads\/2022\/03\/rondella-da-nordic-walking-768x768.jpg 768w, https:\/\/www.sestogrado.it\/wp-content\/uploads\/2022\/03\/rondella-da-nordic-walking-45x45.jpg 45w, https:\/\/www.sestogrado.it\/wp-content\/uploads\/2022\/03\/rondella-da-nordic-walking-220x220.jpg 220w, https:\/\/www.sestogrado.it\/wp-content\/uploads\/2022\/03\/rondella-da-nordic-walking-635x635.jpg 635w, https:\/\/www.sestogrado.it\/wp-content\/uploads\/2022\/03\/rondella-da-nordic-walking-80x80.jpg 80w, https:\/\/www.sestogrado.it\/wp-content\/uploads\/2022\/03\/rondella-da-nordic-walking-60x60.jpg 60w, https:\/\/www.sestogrado.it\/wp-content\/uploads\/2022\/03\/rondella-da-nordic-walking-90x90.jpg 90w, https:\/\/www.sestogrado.it\/wp-content\/uploads\/2022\/03\/rondella-da-nordic-walking.jpg 800w\" sizes=\"(max-width: 300px) 100vw, 300px\" \/><\/p>\n<p>Leki Evotrail FX.ONE TA : Zero ingombro, massimo supporto.<\/p>\n<p>La LEKI ha le sue origini nell&#8217;impresa di tornitura fondata da Karl Lenhart a Dettingen\/Teck nel 1948. Karl Lenhart era una appassionato sciatore, tuttavia non era minimamente soddisfatto della qualit\u00e0 e della funzionalit\u00e0 dei bastoni da sci di allora. Cos\u00ec cominci\u00f2 a produrre impugnature e rotelle per bastoni da sci per conto proprio, con il parco macchine della propria officina. Gi\u00e0 negli anni &#8217;60 inizi\u00f2 la produzione in serie. Dato che Lenhart aveva maturato anche esperienze nella costruzione di aerei, sapeva come lavorare l&#8217;alluminio e i materiali compositi. Dal 1970 LEKI \u00e8 un nome di riferimento in tutto il mondo per la produzione di bastoncini da sci, trekking ed alpinismo.<\/p>\n","protected":false},"excerpt":{"rendered":"<p>Leki Evotrail FX.ONE TA Bastoncini da trail running sono dei bastoncini pieghevoli in 3 sezioni, che racchiusi raggiungono solo 38 [&hellip;]<\/p>\n","protected":false},"featured_media":96220,"comment_status":"open","ping_status":"closed","template":"","meta":{"_acf_changed":false},"product_brand":[735],"product_cat":[572],"product_tag":[],"class_list":{"0":"post-96056","1":"product","2":"type-product","3":"status-publish","4":"has-post-thumbnail","6":"product_brand-leki","7":"product_cat-bastoncini","9":"first","10":"instock","11":"sale","12":"taxable","13":"shipping-taxable","14":"purchasable","15":"product-type-variable"},"acf":[],"yoast_head":"<!-- This site is optimized with the Yoast SEO plugin v26.4 - https:\/\/yoast.com\/wordpress\/plugins\/seo\/ -->\n<title>Leki Evotrail FX.ONE TA Bastoncini da trail running - Sestogrado<\/title>\n<meta name=\"description\" content=\"Leki Evotrail FX.ONE TA Bastoncini da trail running sono dei bastoncini pieghevoli in 3 sezioni, che racchiusi raggiungono solo 38 cm di lunghezza. Sono stati progettati per tutti i trail runner che si muovono su terreni difficili e vogliono essere sostenuti al meglio, con bastoni che aiutano e supportano il movimento in salita e discesa. Sono dotati dell&#039;impugnatura Shark 2.0 in Plastica e Sughero per rendere confortevole la corsa, della dragonne rumuovibile e regolabile per adattarsi in maniera millimetrica al polso di ogni runner e infine delle classiche rondelle da trail. Grazie all&#039;impugnatura in sughero naturale con inserto in plastica per conferire robustezza in caso di maltempo, i trail runner con Evotrail Fx.One TA si trovano avvantaggiati sui terreni in pendenza.\u00a0Con 4 sezioni ripiegabili in 3, corsa di regolazione da 110 a 130 cm e lunghezza minima di soli 38 cm, i Leki Evotrail FX.ONE TA sostengono la tua corsa con leggerezza e zero ingombro.\" \/>\n<meta name=\"robots\" content=\"index, follow, max-snippet:-1, max-image-preview:large, max-video-preview:-1\" \/>\n<link rel=\"canonical\" href=\"https:\/\/www.sestogrado.it\/en\/prodotto\/leki-evotrail-fx-one-ta-bastoncini-da-trail-running\/\" \/>\n<meta property=\"og:locale\" content=\"en_US\" \/>\n<meta property=\"og:type\" content=\"article\" \/>\n<meta property=\"og:title\" content=\"Leki Evotrail FX.ONE TA Bastoncini da trail running - Sestogrado\" \/>\n<meta property=\"og:description\" content=\"Leki Evotrail FX.ONE TA Bastoncini da trail running sono dei bastoncini pieghevoli in 3 sezioni, che racchiusi raggiungono solo 38 cm di lunghezza. Sono stati progettati per tutti i trail runner che si muovono su terreni difficili e vogliono essere sostenuti al meglio, con bastoni che aiutano e supportano il movimento in salita e discesa. Sono dotati dell&#039;impugnatura Shark 2.0 in Plastica e Sughero per rendere confortevole la corsa, della dragonne rumuovibile e regolabile per adattarsi in maniera millimetrica al polso di ogni runner e infine delle classiche rondelle da trail. Grazie all&#039;impugnatura in sughero naturale con inserto in plastica per conferire robustezza in caso di maltempo, i trail runner con Evotrail Fx.One TA si trovano avvantaggiati sui terreni in pendenza.\u00a0Con 4 sezioni ripiegabili in 3, corsa di regolazione da 110 a 130 cm e lunghezza minima di soli 38 cm, i Leki Evotrail FX.ONE TA sostengono la tua corsa con leggerezza e zero ingombro.\" \/>\n<meta property=\"og:url\" content=\"https:\/\/www.sestogrado.it\/en\/prodotto\/leki-evotrail-fx-one-ta-bastoncini-da-trail-running\/\" \/>\n<meta property=\"og:site_name\" content=\"Sestogrado\" \/>\n<meta property=\"article:publisher\" content=\"https:\/\/www.facebook.com\/pages\/Sestogrado\/1542635979353017?ref=bookmarks\" \/>\n<meta property=\"article:modified_time\" content=\"2026-04-30T11:35:13+00:00\" \/>\n<meta property=\"og:image\" content=\"https:\/\/www.sestogrado.it\/wp-content\/uploads\/2022\/02\/leki-evotrail-fxone-ta-bastoncini-per-trail-running-detail-7-rotated.jpg\" \/>\n\t<meta property=\"og:image:width\" content=\"1500\" \/>\n\t<meta property=\"og:image:height\" content=\"1500\" \/>\n\t<meta property=\"og:image:type\" content=\"image\/jpeg\" \/>\n<meta name=\"twitter:label1\" content=\"Availability\" \/>\n\t<meta name=\"twitter:data1\" content=\"In stock\" \/>\n<script type=\"application\/ld+json\" class=\"yoast-schema-graph\">{\"@context\":\"https:\/\/schema.org\",\"@graph\":[{\"@type\":\"WebPage\",\"@id\":\"https:\/\/www.sestogrado.it\/en\/prodotto\/leki-evotrail-fx-one-ta-bastoncini-da-trail-running\/\",\"url\":\"https:\/\/www.sestogrado.it\/en\/prodotto\/leki-evotrail-fx-one-ta-bastoncini-da-trail-running\/\",\"name\":\"Leki Evotrail FX.ONE TA Bastoncini da trail running - Sestogrado\",\"isPartOf\":{\"@id\":\"https:\/\/www.sestogrado.it\/en\/#website\"},\"primaryImageOfPage\":{\"@id\":\"https:\/\/www.sestogrado.it\/en\/prodotto\/leki-evotrail-fx-one-ta-bastoncini-da-trail-running\/#primaryimage\"},\"image\":{\"@id\":\"https:\/\/www.sestogrado.it\/prodotto\/leki-evotrail-fx-one-ta-bastoncini-da-trail-running\/#primaryimage\"},\"thumbnailUrl\":\"https:\/\/www.sestogrado.it\/wp-content\/uploads\/2022\/02\/leki-evotrail-fxone-ta-bastoncini-per-trail-running-detail-7-rotated.jpg\",\"datePublished\":\"2022-07-19T09:31:44+00:00\",\"dateModified\":\"2026-04-30T11:35:13+00:00\",\"description\":\"Leki Evotrail FX.ONE TA Bastoncini da trail running sono dei bastoncini pieghevoli in 3 sezioni, che racchiusi raggiungono solo 38 cm di lunghezza. Sono stati progettati per tutti i trail runner che si muovono su terreni difficili e vogliono essere sostenuti al meglio, con bastoni che aiutano e supportano il movimento in salita e discesa. Sono dotati dell'impugnatura Shark 2.0 in Plastica e Sughero per rendere confortevole la corsa, della dragonne rumuovibile e regolabile per adattarsi in maniera millimetrica al polso di ogni runner e infine delle classiche rondelle da trail. Grazie all'impugnatura in sughero naturale con inserto in plastica per conferire robustezza in caso di maltempo, i trail runner con Evotrail Fx.One TA si trovano avvantaggiati sui terreni in pendenza.\u00a0Con 4 sezioni ripiegabili in 3, corsa di regolazione da 110 a 130 cm e lunghezza minima di soli 38 cm, i Leki Evotrail FX.ONE TA sostengono la tua corsa con leggerezza e zero ingombro.\",\"breadcrumb\":{\"@id\":\"https:\/\/www.sestogrado.it\/en\/prodotto\/leki-evotrail-fx-one-ta-bastoncini-da-trail-running\/#breadcrumb\"},\"inLanguage\":\"en-US\",\"potentialAction\":[{\"@type\":\"ReadAction\",\"target\":[[\"https:\/\/www.sestogrado.it\/en\/prodotto\/leki-evotrail-fx-one-ta-bastoncini-da-trail-running\/\"]]}]},{\"@type\":\"ImageObject\",\"inLanguage\":\"en-US\",\"@id\":\"https:\/\/www.sestogrado.it\/en\/prodotto\/leki-evotrail-fx-one-ta-bastoncini-da-trail-running\/#primaryimage\",\"url\":\"https:\/\/www.sestogrado.it\/wp-content\/uploads\/2022\/02\/leki-evotrail-fxone-ta-bastoncini-per-trail-running-detail-7-rotated.jpg\",\"contentUrl\":\"https:\/\/www.sestogrado.it\/wp-content\/uploads\/2022\/02\/leki-evotrail-fxone-ta-bastoncini-per-trail-running-detail-7-rotated.jpg\",\"width\":1500,\"height\":1500,\"caption\":\"LEKI Evotrail FX.One TA\"},{\"@type\":\"BreadcrumbList\",\"@id\":\"https:\/\/www.sestogrado.it\/en\/prodotto\/leki-evotrail-fx-one-ta-bastoncini-da-trail-running\/#breadcrumb\",\"itemListElement\":[{\"@type\":\"ListItem\",\"position\":1,\"name\":\"Home\",\"item\":\"https:\/\/www.sestogrado.it\/en\/\"},{\"@type\":\"ListItem\",\"position\":2,\"name\":\"Shop\",\"item\":\"https:\/\/www.sestogrado.it\/en\/shop\/\"},{\"@type\":\"ListItem\",\"position\":3,\"name\":\"Leki Evotrail FX.ONE TA Bastoncini da trail running\"}]},{\"@type\":\"WebSite\",\"@id\":\"https:\/\/www.sestogrado.it\/en\/#website\",\"url\":\"https:\/\/www.sestogrado.it\/en\/\",\"name\":\"Sestogrado\",\"description\":\"yes we climb\",\"publisher\":{\"@id\":\"https:\/\/www.sestogrado.it\/en\/#organization\"},\"potentialAction\":[{\"@type\":\"SearchAction\",\"target\":{\"@type\":\"EntryPoint\",\"urlTemplate\":\"https:\/\/www.sestogrado.it\/en\/?s={search_term_string}\"},\"query-input\":{\"@type\":\"PropertyValueSpecification\",\"valueRequired\":true,\"valueName\":\"search_term_string\"}}],\"inLanguage\":\"en-US\"},{\"@type\":\"Organization\",\"@id\":\"https:\/\/www.sestogrado.it\/en\/#organization\",\"name\":\"Sestogrado\",\"url\":\"https:\/\/www.sestogrado.it\/en\/\",\"logo\":{\"@type\":\"ImageObject\",\"inLanguage\":\"en-US\",\"@id\":\"https:\/\/www.sestogrado.it\/en\/#\/schema\/logo\/image\/\",\"url\":\"https:\/\/www.sestogrado.it\/wp-content\/uploads\/2015\/03\/sestogrado-favicon.png\",\"contentUrl\":\"https:\/\/www.sestogrado.it\/wp-content\/uploads\/2015\/03\/sestogrado-favicon.png\",\"width\":260,\"height\":260,\"caption\":\"Sestogrado\"},\"image\":{\"@id\":\"https:\/\/www.sestogrado.it\/en\/#\/schema\/logo\/image\/\"},\"sameAs\":[\"https:\/\/www.facebook.com\/pages\/Sestogrado\/1542635979353017?ref=bookmarks\",\"https:\/\/www.youtube.com\/channel\/UC847kAfTkaJsWpc1jtQwr3Q\"],\"hasMerchantReturnPolicy\":{\"@type\":\"MerchantReturnPolicy\",\"merchantReturnLink\":\"https:\/\/www.sestogrado.it\/en\/termini-e-condizioni\/\"}}]}<\/script>\n<meta property=\"product:brand\" content=\"Leki\" \/>\n<meta property=\"og:availability\" content=\"instock\" \/>\n<meta property=\"product:availability\" content=\"instock\" \/>\n<meta property=\"product:condition\" content=\"new\" \/>\n<!-- \/ Yoast SEO plugin. -->","yoast_head_json":{"title":"Leki Evotrail FX.ONE TA Bastoncini da trail running - Sestogrado","description":"Leki Evotrail FX.ONE TA Bastoncini da trail running sono dei bastoncini pieghevoli in 3 sezioni, che racchiusi raggiungono solo 38 cm di lunghezza. Sono stati progettati per tutti i trail runner che si muovono su terreni difficili e vogliono essere sostenuti al meglio, con bastoni che aiutano e supportano il movimento in salita e discesa. Sono dotati dell'impugnatura Shark 2.0 in Plastica e Sughero per rendere confortevole la corsa, della dragonne rumuovibile e regolabile per adattarsi in maniera millimetrica al polso di ogni runner e infine delle classiche rondelle da trail. Grazie all'impugnatura in sughero naturale con inserto in plastica per conferire robustezza in caso di maltempo, i trail runner con Evotrail Fx.One TA si trovano avvantaggiati sui terreni in pendenza.\u00a0Con 4 sezioni ripiegabili in 3, corsa di regolazione da 110 a 130 cm e lunghezza minima di soli 38 cm, i Leki Evotrail FX.ONE TA sostengono la tua corsa con leggerezza e zero ingombro.","robots":{"index":"index","follow":"follow","max-snippet":"max-snippet:-1","max-image-preview":"max-image-preview:large","max-video-preview":"max-video-preview:-1"},"canonical":"https:\/\/www.sestogrado.it\/en\/prodotto\/leki-evotrail-fx-one-ta-bastoncini-da-trail-running\/","og_locale":"en_US","og_type":"article","og_title":"Leki Evotrail FX.ONE TA Bastoncini da trail running - Sestogrado","og_description":"Leki Evotrail FX.ONE TA Bastoncini da trail running sono dei bastoncini pieghevoli in 3 sezioni, che racchiusi raggiungono solo 38 cm di lunghezza. Sono stati progettati per tutti i trail runner che si muovono su terreni difficili e vogliono essere sostenuti al meglio, con bastoni che aiutano e supportano il movimento in salita e discesa. Sono dotati dell'impugnatura Shark 2.0 in Plastica e Sughero per rendere confortevole la corsa, della dragonne rumuovibile e regolabile per adattarsi in maniera millimetrica al polso di ogni runner e infine delle classiche rondelle da trail. Grazie all'impugnatura in sughero naturale con inserto in plastica per conferire robustezza in caso di maltempo, i trail runner con Evotrail Fx.One TA si trovano avvantaggiati sui terreni in pendenza.\u00a0Con 4 sezioni ripiegabili in 3, corsa di regolazione da 110 a 130 cm e lunghezza minima di soli 38 cm, i Leki Evotrail FX.ONE TA sostengono la tua corsa con leggerezza e zero ingombro.","og_url":"https:\/\/www.sestogrado.it\/en\/prodotto\/leki-evotrail-fx-one-ta-bastoncini-da-trail-running\/","og_site_name":"Sestogrado","article_publisher":"https:\/\/www.facebook.com\/pages\/Sestogrado\/1542635979353017?ref=bookmarks","article_modified_time":"2026-04-30T11:35:13+00:00","og_image":[{"width":1500,"height":1500,"url":"https:\/\/www.sestogrado.it\/wp-content\/uploads\/2022\/02\/leki-evotrail-fxone-ta-bastoncini-per-trail-running-detail-7-rotated.jpg","type":"image\/jpeg"}],"twitter_misc":{"Availability":"In stock"},"schema":{"@context":"https:\/\/schema.org","@graph":[{"@type":"WebPage","@id":"https:\/\/www.sestogrado.it\/en\/prodotto\/leki-evotrail-fx-one-ta-bastoncini-da-trail-running\/","url":"https:\/\/www.sestogrado.it\/en\/prodotto\/leki-evotrail-fx-one-ta-bastoncini-da-trail-running\/","name":"Leki Evotrail FX.ONE TA Bastoncini da trail running - Sestogrado","isPartOf":{"@id":"https:\/\/www.sestogrado.it\/en\/#website"},"primaryImageOfPage":{"@id":"https:\/\/www.sestogrado.it\/en\/prodotto\/leki-evotrail-fx-one-ta-bastoncini-da-trail-running\/#primaryimage"},"image":{"@id":"https:\/\/www.sestogrado.it\/prodotto\/leki-evotrail-fx-one-ta-bastoncini-da-trail-running\/#primaryimage"},"thumbnailUrl":"https:\/\/www.sestogrado.it\/wp-content\/uploads\/2022\/02\/leki-evotrail-fxone-ta-bastoncini-per-trail-running-detail-7-rotated.jpg","datePublished":"2022-07-19T09:31:44+00:00","dateModified":"2026-04-30T11:35:13+00:00","description":"Leki Evotrail FX.ONE TA Bastoncini da trail running sono dei bastoncini pieghevoli in 3 sezioni, che racchiusi raggiungono solo 38 cm di lunghezza. Sono stati progettati per tutti i trail runner che si muovono su terreni difficili e vogliono essere sostenuti al meglio, con bastoni che aiutano e supportano il movimento in salita e discesa. Sono dotati dell'impugnatura Shark 2.0 in Plastica e Sughero per rendere confortevole la corsa, della dragonne rumuovibile e regolabile per adattarsi in maniera millimetrica al polso di ogni runner e infine delle classiche rondelle da trail. Grazie all'impugnatura in sughero naturale con inserto in plastica per conferire robustezza in caso di maltempo, i trail runner con Evotrail Fx.One TA si trovano avvantaggiati sui terreni in pendenza.\u00a0Con 4 sezioni ripiegabili in 3, corsa di regolazione da 110 a 130 cm e lunghezza minima di soli 38 cm, i Leki Evotrail FX.ONE TA sostengono la tua corsa con leggerezza e zero ingombro.","breadcrumb":{"@id":"https:\/\/www.sestogrado.it\/en\/prodotto\/leki-evotrail-fx-one-ta-bastoncini-da-trail-running\/#breadcrumb"},"inLanguage":"en-US","potentialAction":[{"@type":"ReadAction","target":[["https:\/\/www.sestogrado.it\/en\/prodotto\/leki-evotrail-fx-one-ta-bastoncini-da-trail-running\/"]]}]},{"@type":"ImageObject","inLanguage":"en-US","@id":"https:\/\/www.sestogrado.it\/en\/prodotto\/leki-evotrail-fx-one-ta-bastoncini-da-trail-running\/#primaryimage","url":"https:\/\/www.sestogrado.it\/wp-content\/uploads\/2022\/02\/leki-evotrail-fxone-ta-bastoncini-per-trail-running-detail-7-rotated.jpg","contentUrl":"https:\/\/www.sestogrado.it\/wp-content\/uploads\/2022\/02\/leki-evotrail-fxone-ta-bastoncini-per-trail-running-detail-7-rotated.jpg","width":1500,"height":1500,"caption":"LEKI Evotrail FX.One TA"},{"@type":"BreadcrumbList","@id":"https:\/\/www.sestogrado.it\/en\/prodotto\/leki-evotrail-fx-one-ta-bastoncini-da-trail-running\/#breadcrumb","itemListElement":[{"@type":"ListItem","position":1,"name":"Home","item":"https:\/\/www.sestogrado.it\/en\/"},{"@type":"ListItem","position":2,"name":"Shop","item":"https:\/\/www.sestogrado.it\/en\/shop\/"},{"@type":"ListItem","position":3,"name":"Leki Evotrail FX.ONE TA Bastoncini da trail running"}]},{"@type":"WebSite","@id":"https:\/\/www.sestogrado.it\/en\/#website","url":"https:\/\/www.sestogrado.it\/en\/","name":"Sestogrado","description":"yes we climb","publisher":{"@id":"https:\/\/www.sestogrado.it\/en\/#organization"},"potentialAction":[{"@type":"SearchAction","target":{"@type":"EntryPoint","urlTemplate":"https:\/\/www.sestogrado.it\/en\/?s={search_term_string}"},"query-input":{"@type":"PropertyValueSpecification","valueRequired":true,"valueName":"search_term_string"}}],"inLanguage":"en-US"},{"@type":"Organization","@id":"https:\/\/www.sestogrado.it\/en\/#organization","name":"Sestogrado","url":"https:\/\/www.sestogrado.it\/en\/","logo":{"@type":"ImageObject","inLanguage":"en-US","@id":"https:\/\/www.sestogrado.it\/en\/#\/schema\/logo\/image\/","url":"https:\/\/www.sestogrado.it\/wp-content\/uploads\/2015\/03\/sestogrado-favicon.png","contentUrl":"https:\/\/www.sestogrado.it\/wp-content\/uploads\/2015\/03\/sestogrado-favicon.png","width":260,"height":260,"caption":"Sestogrado"},"image":{"@id":"https:\/\/www.sestogrado.it\/en\/#\/schema\/logo\/image\/"},"sameAs":["https:\/\/www.facebook.com\/pages\/Sestogrado\/1542635979353017?ref=bookmarks","https:\/\/www.youtube.com\/channel\/UC847kAfTkaJsWpc1jtQwr3Q"],"hasMerchantReturnPolicy":{"@type":"MerchantReturnPolicy","merchantReturnLink":"https:\/\/www.sestogrado.it\/en\/termini-e-condizioni\/"}}]},"product_brand":"Leki","og_availability":"instock","product_availability":"instock","product_condition":"new"},"_links":{"self":[{"href":"https:\/\/www.sestogrado.it\/en\/wp-json\/wp\/v2\/product\/96056","targetHints":{"allow":["GET"]}}],"collection":[{"href":"https:\/\/www.sestogrado.it\/en\/wp-json\/wp\/v2\/product"}],"about":[{"href":"https:\/\/www.sestogrado.it\/en\/wp-json\/wp\/v2\/types\/product"}],"replies":[{"embeddable":true,"href":"https:\/\/www.sestogrado.it\/en\/wp-json\/wp\/v2\/comments?post=96056"}],"wp:featuredmedia":[{"embeddable":true,"href":"https:\/\/www.sestogrado.it\/en\/wp-json\/wp\/v2\/media\/96220"}],"wp:attachment":[{"href":"https:\/\/www.sestogrado.it\/en\/wp-json\/wp\/v2\/media?parent=96056"}],"wp:term":[{"taxonomy":"product_brand","embeddable":true,"href":"https:\/\/www.sestogrado.it\/en\/wp-json\/wp\/v2\/product_brand?post=96056"},{"taxonomy":"product_cat","embeddable":true,"href":"https:\/\/www.sestogrado.it\/en\/wp-json\/wp\/v2\/product_cat?post=96056"},{"taxonomy":"product_tag","embeddable":true,"href":"https:\/\/www.sestogrado.it\/en\/wp-json\/wp\/v2\/product_tag?post=96056"}],"curies":[{"name":"wp","href":"https:\/\/api.w.org\/{rel}","templated":true}]}}