{"id":96055,"date":"2022-03-15T11:36:35","date_gmt":"2022-03-15T10:36:35","guid":{"rendered":"https:\/\/www.sestogrado.it\/?post_type=product&#038;p=96055"},"modified":"2026-04-22T20:38:28","modified_gmt":"2026-04-22T18:38:28","slug":"leki-makalu-lite-bastoncini-da-trekking","status":"publish","type":"product","link":"https:\/\/www.sestogrado.it\/en\/prodotto\/leki-makalu-lite-bastoncini-da-trekking\/","title":{"rendered":"Leki Makalu Lite trekking and Nordic walking poles"},"content":{"rendered":"<p>Leki Makalu Lite trekking and Nordic walking poles are poles with a lightened aluminum structure, as they are thinner than the Leki Makalu FX TA&#8217;s cousins.<\/p>\n<p>Easy to hold and be fit in the backpack when no longer needed, the Makalu Lite have 3 sections with a maximum length (when closed) of 67 cm.<\/p>\n<p>Thanks to the extremely comfortable Aergon foam grip, the poles ensure an optimal and ergonomic grip position.<\/p>\n<p>Designed for people up to 1.80m tall and a maximum user weight of 75kg, the Leki Makalu Lite are shorter and offer excellent adjustability with two Speed \u200b\u200bLock + clamps.<\/p>\n<p>The diameter of the tube has also been slightly reduced to save more weight and make walking easier.<\/p>\n<ul>\n<li>Type: Telescopic pole<\/li>\n<li>Area of \u200b\u200buse: Trekking, Nordic Walking<\/li>\n<li>Material Type: Aluminum (HTS 6.5)<\/li>\n<li>3 sections<\/li>\n<li>Sections diameter: 16, 14, 12 mm<\/li>\n<li>Poles with precise height adjustment<\/li>\n<li>Locking system: Speed \u200b\u200bLock +<\/li>\n<li>Handle: Aergon foam<\/li>\n<li>Dragonne: yes<\/li>\n<li>Closure: Lock security strap skin 40<\/li>\n<li>Washer: with Nordic Walking washer<\/li>\n<li>Tip: Carbide tip<\/li>\n<li>Adjustment stroke: 100-135 cm<\/li>\n<li>Folded sticks dimensions: 67 cm<\/li>\n<li>Weight: 500 g (per pair)<\/li>\n<\/ul>\n<p>&nbsp;<\/p>","protected":false},"excerpt":{"rendered":"<p>Leki Makalu Lite trekking and Nordic walking poles are poles with a lightened aluminum structure, as they are thinner than [&hellip;]<\/p>\n","protected":false},"featured_media":96085,"comment_status":"open","ping_status":"closed","template":"","meta":{"_acf_changed":false},"product_brand":[735],"product_cat":[572],"product_tag":[],"class_list":{"0":"post-96055","1":"product","2":"type-product","3":"status-publish","4":"has-post-thumbnail","6":"product_brand-leki","7":"product_cat-bastoncini","9":"first","10":"instock","11":"sale","12":"taxable","13":"shipping-taxable","14":"purchasable","15":"product-type-simple"},"acf":[],"yoast_head":"<!-- This site is optimized with the Yoast SEO plugin v26.4 - https:\/\/yoast.com\/wordpress\/plugins\/seo\/ -->\n<title>Leki Makalu Lite trekking and Nordic walking poles - Sestogrado<\/title>\n<meta name=\"description\" content=\"Leki Makalu Lite bastoncini da trekking e nordic walking sono dei bastoncini con struttura in alluminio alleggerita, in quanto pi\u00f9 sottili dei cugini Leki Makalu FX TA. Comodi da ripiegare e disporre nello zaino quando non occorrono pi\u00f9, i Makalu Lite dispongono di 3 sezioni con lunghezza massima (da chiusi) di 67 cm. Grazie all&#039;impugnatura in schiuma Aergon estremamente confortevole, i bastoncini garantiscono una posizione di presa ottimale ed ergonomica. Progettati per persone fino a 1,80 m di altezza e un peso massimo per l&#039;utente di 75 kg, i Leki Makalu Lite risultano pi\u00f9 corti e offrono un&#039;eccellente regolabilit\u00e0 con due morsetti Speed Lock +.Anche il diametro del tubo \u00e8 stato leggermente ridotto per risparmiare pi\u00f9 peso e semplificare la camminata.\" \/>\n<meta name=\"robots\" content=\"index, follow, max-snippet:-1, max-image-preview:large, max-video-preview:-1\" \/>\n<link rel=\"canonical\" href=\"https:\/\/www.sestogrado.it\/en\/prodotto\/leki-makalu-lite-bastoncini-da-trekking\/\" \/>\n<meta property=\"og:locale\" content=\"en_US\" \/>\n<meta property=\"og:type\" content=\"article\" \/>\n<meta property=\"og:title\" content=\"Leki Makalu Lite trekking and Nordic walking poles - Sestogrado\" \/>\n<meta property=\"og:description\" content=\"Leki Makalu Lite bastoncini da trekking e nordic walking sono dei bastoncini con struttura in alluminio alleggerita, in quanto pi\u00f9 sottili dei cugini Leki Makalu FX TA. Comodi da ripiegare e disporre nello zaino quando non occorrono pi\u00f9, i Makalu Lite dispongono di 3 sezioni con lunghezza massima (da chiusi) di 67 cm. Grazie all&#039;impugnatura in schiuma Aergon estremamente confortevole, i bastoncini garantiscono una posizione di presa ottimale ed ergonomica. Progettati per persone fino a 1,80 m di altezza e un peso massimo per l&#039;utente di 75 kg, i Leki Makalu Lite risultano pi\u00f9 corti e offrono un&#039;eccellente regolabilit\u00e0 con due morsetti Speed Lock +.Anche il diametro del tubo \u00e8 stato leggermente ridotto per risparmiare pi\u00f9 peso e semplificare la camminata.\" \/>\n<meta property=\"og:url\" content=\"https:\/\/www.sestogrado.it\/en\/prodotto\/leki-makalu-lite-bastoncini-da-trekking\/\" \/>\n<meta property=\"og:site_name\" content=\"Sestogrado\" \/>\n<meta property=\"article:publisher\" content=\"https:\/\/www.facebook.com\/pages\/Sestogrado\/1542635979353017?ref=bookmarks\" \/>\n<meta property=\"article:modified_time\" content=\"2026-04-22T18:38:28+00:00\" \/>\n<meta property=\"og:image\" content=\"https:\/\/www.sestogrado.it\/wp-content\/uploads\/2022\/02\/leki-makalu-lite-bastoncini-da-trekking-detail-6-rotated.jpg\" \/>\n\t<meta property=\"og:image:width\" content=\"1200\" \/>\n\t<meta property=\"og:image:height\" content=\"1200\" \/>\n\t<meta property=\"og:image:type\" content=\"image\/jpeg\" \/>\n<meta name=\"twitter:label1\" content=\"Price\" \/>\n\t<meta name=\"twitter:data1\" content=\"&euro;&nbsp;89,00\" \/>\n\t<meta name=\"twitter:label2\" content=\"Availability\" \/>\n\t<meta name=\"twitter:data2\" content=\"In stock\" \/>\n<script type=\"application\/ld+json\" class=\"yoast-schema-graph\">{\"@context\":\"https:\/\/schema.org\",\"@graph\":[{\"@type\":\"WebPage\",\"@id\":\"https:\/\/www.sestogrado.it\/en\/prodotto\/leki-makalu-lite-bastoncini-da-trekking\/\",\"url\":\"https:\/\/www.sestogrado.it\/en\/prodotto\/leki-makalu-lite-bastoncini-da-trekking\/\",\"name\":\"Leki Makalu Lite trekking and Nordic walking poles - Sestogrado\",\"isPartOf\":{\"@id\":\"https:\/\/www.sestogrado.it\/en\/#website\"},\"primaryImageOfPage\":{\"@id\":\"https:\/\/www.sestogrado.it\/en\/prodotto\/leki-makalu-lite-bastoncini-da-trekking\/#primaryimage\"},\"image\":{\"@id\":\"https:\/\/www.sestogrado.it\/prodotto\/leki-makalu-lite-bastoncini-da-trekking\/#primaryimage\"},\"thumbnailUrl\":\"https:\/\/www.sestogrado.it\/wp-content\/uploads\/2022\/02\/leki-makalu-lite-bastoncini-da-trekking-detail-6-rotated.jpg\",\"datePublished\":\"2022-03-15T10:36:35+00:00\",\"dateModified\":\"2026-04-22T18:38:28+00:00\",\"description\":\"Leki Makalu Lite bastoncini da trekking e nordic walking sono dei bastoncini con struttura in alluminio alleggerita, in quanto pi\u00f9 sottili dei cugini Leki Makalu FX TA. Comodi da ripiegare e disporre nello zaino quando non occorrono pi\u00f9, i Makalu Lite dispongono di 3 sezioni con lunghezza massima (da chiusi) di 67 cm. Grazie all'impugnatura in schiuma Aergon estremamente confortevole, i bastoncini garantiscono una posizione di presa ottimale ed ergonomica. Progettati per persone fino a 1,80 m di altezza e un peso massimo per l'utente di 75 kg, i Leki Makalu Lite risultano pi\u00f9 corti e offrono un'eccellente regolabilit\u00e0 con due morsetti Speed Lock +.Anche il diametro del tubo \u00e8 stato leggermente ridotto per risparmiare pi\u00f9 peso e semplificare la camminata.\",\"breadcrumb\":{\"@id\":\"https:\/\/www.sestogrado.it\/en\/prodotto\/leki-makalu-lite-bastoncini-da-trekking\/#breadcrumb\"},\"inLanguage\":\"en-US\",\"potentialAction\":[{\"@type\":\"ReadAction\",\"target\":[[\"https:\/\/www.sestogrado.it\/en\/prodotto\/leki-makalu-lite-bastoncini-da-trekking\/\"]]}]},{\"@type\":\"ImageObject\",\"inLanguage\":\"en-US\",\"@id\":\"https:\/\/www.sestogrado.it\/en\/prodotto\/leki-makalu-lite-bastoncini-da-trekking\/#primaryimage\",\"url\":\"https:\/\/www.sestogrado.it\/wp-content\/uploads\/2022\/02\/leki-makalu-lite-bastoncini-da-trekking-detail-6-rotated.jpg\",\"contentUrl\":\"https:\/\/www.sestogrado.it\/wp-content\/uploads\/2022\/02\/leki-makalu-lite-bastoncini-da-trekking-detail-6-rotated.jpg\",\"width\":1200,\"height\":1200,\"caption\":\"LEKI - Makalu Lite\"},{\"@type\":\"BreadcrumbList\",\"@id\":\"https:\/\/www.sestogrado.it\/en\/prodotto\/leki-makalu-lite-bastoncini-da-trekking\/#breadcrumb\",\"itemListElement\":[{\"@type\":\"ListItem\",\"position\":1,\"name\":\"Home\",\"item\":\"https:\/\/www.sestogrado.it\/en\/\"},{\"@type\":\"ListItem\",\"position\":2,\"name\":\"Shop\",\"item\":\"https:\/\/www.sestogrado.it\/en\/shop\/\"},{\"@type\":\"ListItem\",\"position\":3,\"name\":\"Leki Makalu Lite bastoncini da trekking\"}]},{\"@type\":\"WebSite\",\"@id\":\"https:\/\/www.sestogrado.it\/en\/#website\",\"url\":\"https:\/\/www.sestogrado.it\/en\/\",\"name\":\"Sestogrado\",\"description\":\"yes we climb\",\"publisher\":{\"@id\":\"https:\/\/www.sestogrado.it\/en\/#organization\"},\"potentialAction\":[{\"@type\":\"SearchAction\",\"target\":{\"@type\":\"EntryPoint\",\"urlTemplate\":\"https:\/\/www.sestogrado.it\/en\/?s={search_term_string}\"},\"query-input\":{\"@type\":\"PropertyValueSpecification\",\"valueRequired\":true,\"valueName\":\"search_term_string\"}}],\"inLanguage\":\"en-US\"},{\"@type\":\"Organization\",\"@id\":\"https:\/\/www.sestogrado.it\/en\/#organization\",\"name\":\"Sestogrado\",\"url\":\"https:\/\/www.sestogrado.it\/en\/\",\"logo\":{\"@type\":\"ImageObject\",\"inLanguage\":\"en-US\",\"@id\":\"https:\/\/www.sestogrado.it\/en\/#\/schema\/logo\/image\/\",\"url\":\"https:\/\/www.sestogrado.it\/wp-content\/uploads\/2015\/03\/sestogrado-favicon.png\",\"contentUrl\":\"https:\/\/www.sestogrado.it\/wp-content\/uploads\/2015\/03\/sestogrado-favicon.png\",\"width\":260,\"height\":260,\"caption\":\"Sestogrado\"},\"image\":{\"@id\":\"https:\/\/www.sestogrado.it\/en\/#\/schema\/logo\/image\/\"},\"sameAs\":[\"https:\/\/www.facebook.com\/pages\/Sestogrado\/1542635979353017?ref=bookmarks\",\"https:\/\/www.youtube.com\/channel\/UC847kAfTkaJsWpc1jtQwr3Q\"],\"hasMerchantReturnPolicy\":{\"@type\":\"MerchantReturnPolicy\",\"merchantReturnLink\":\"https:\/\/www.sestogrado.it\/en\/termini-e-condizioni\/\"}}]}<\/script>\n<meta property=\"product:brand\" content=\"Leki\" \/>\n<meta property=\"product:price:amount\" content=\"89.00\" \/>\n<meta property=\"product:price:currency\" content=\"EUR\" \/>\n<meta property=\"og:availability\" content=\"instock\" \/>\n<meta property=\"product:availability\" content=\"instock\" \/>\n<meta property=\"product:condition\" content=\"new\" \/>\n<!-- \/ Yoast SEO plugin. -->","yoast_head_json":{"title":"Leki Makalu Lite trekking and Nordic walking poles - Sestogrado","description":"Leki Makalu Lite bastoncini da trekking e nordic walking sono dei bastoncini con struttura in alluminio alleggerita, in quanto pi\u00f9 sottili dei cugini Leki Makalu FX TA. Comodi da ripiegare e disporre nello zaino quando non occorrono pi\u00f9, i Makalu Lite dispongono di 3 sezioni con lunghezza massima (da chiusi) di 67 cm. Grazie all'impugnatura in schiuma Aergon estremamente confortevole, i bastoncini garantiscono una posizione di presa ottimale ed ergonomica. Progettati per persone fino a 1,80 m di altezza e un peso massimo per l'utente di 75 kg, i Leki Makalu Lite risultano pi\u00f9 corti e offrono un'eccellente regolabilit\u00e0 con due morsetti Speed Lock +.Anche il diametro del tubo \u00e8 stato leggermente ridotto per risparmiare pi\u00f9 peso e semplificare la camminata.","robots":{"index":"index","follow":"follow","max-snippet":"max-snippet:-1","max-image-preview":"max-image-preview:large","max-video-preview":"max-video-preview:-1"},"canonical":"https:\/\/www.sestogrado.it\/en\/prodotto\/leki-makalu-lite-bastoncini-da-trekking\/","og_locale":"en_US","og_type":"article","og_title":"Leki Makalu Lite trekking and Nordic walking poles - Sestogrado","og_description":"Leki Makalu Lite bastoncini da trekking e nordic walking sono dei bastoncini con struttura in alluminio alleggerita, in quanto pi\u00f9 sottili dei cugini Leki Makalu FX TA. Comodi da ripiegare e disporre nello zaino quando non occorrono pi\u00f9, i Makalu Lite dispongono di 3 sezioni con lunghezza massima (da chiusi) di 67 cm. Grazie all'impugnatura in schiuma Aergon estremamente confortevole, i bastoncini garantiscono una posizione di presa ottimale ed ergonomica. Progettati per persone fino a 1,80 m di altezza e un peso massimo per l'utente di 75 kg, i Leki Makalu Lite risultano pi\u00f9 corti e offrono un'eccellente regolabilit\u00e0 con due morsetti Speed Lock +.Anche il diametro del tubo \u00e8 stato leggermente ridotto per risparmiare pi\u00f9 peso e semplificare la camminata.","og_url":"https:\/\/www.sestogrado.it\/en\/prodotto\/leki-makalu-lite-bastoncini-da-trekking\/","og_site_name":"Sestogrado","article_publisher":"https:\/\/www.facebook.com\/pages\/Sestogrado\/1542635979353017?ref=bookmarks","article_modified_time":"2026-04-22T18:38:28+00:00","og_image":[{"width":1200,"height":1200,"url":"https:\/\/www.sestogrado.it\/wp-content\/uploads\/2022\/02\/leki-makalu-lite-bastoncini-da-trekking-detail-6-rotated.jpg","type":"image\/jpeg"}],"twitter_misc":{"Price":"&euro;&nbsp;89,00","Availability":"In stock"},"schema":{"@context":"https:\/\/schema.org","@graph":[{"@type":"WebPage","@id":"https:\/\/www.sestogrado.it\/en\/prodotto\/leki-makalu-lite-bastoncini-da-trekking\/","url":"https:\/\/www.sestogrado.it\/en\/prodotto\/leki-makalu-lite-bastoncini-da-trekking\/","name":"Leki Makalu Lite trekking and Nordic walking poles - Sestogrado","isPartOf":{"@id":"https:\/\/www.sestogrado.it\/en\/#website"},"primaryImageOfPage":{"@id":"https:\/\/www.sestogrado.it\/en\/prodotto\/leki-makalu-lite-bastoncini-da-trekking\/#primaryimage"},"image":{"@id":"https:\/\/www.sestogrado.it\/prodotto\/leki-makalu-lite-bastoncini-da-trekking\/#primaryimage"},"thumbnailUrl":"https:\/\/www.sestogrado.it\/wp-content\/uploads\/2022\/02\/leki-makalu-lite-bastoncini-da-trekking-detail-6-rotated.jpg","datePublished":"2022-03-15T10:36:35+00:00","dateModified":"2026-04-22T18:38:28+00:00","description":"Leki Makalu Lite bastoncini da trekking e nordic walking sono dei bastoncini con struttura in alluminio alleggerita, in quanto pi\u00f9 sottili dei cugini Leki Makalu FX TA. Comodi da ripiegare e disporre nello zaino quando non occorrono pi\u00f9, i Makalu Lite dispongono di 3 sezioni con lunghezza massima (da chiusi) di 67 cm. Grazie all'impugnatura in schiuma Aergon estremamente confortevole, i bastoncini garantiscono una posizione di presa ottimale ed ergonomica. Progettati per persone fino a 1,80 m di altezza e un peso massimo per l'utente di 75 kg, i Leki Makalu Lite risultano pi\u00f9 corti e offrono un'eccellente regolabilit\u00e0 con due morsetti Speed Lock +.Anche il diametro del tubo \u00e8 stato leggermente ridotto per risparmiare pi\u00f9 peso e semplificare la camminata.","breadcrumb":{"@id":"https:\/\/www.sestogrado.it\/en\/prodotto\/leki-makalu-lite-bastoncini-da-trekking\/#breadcrumb"},"inLanguage":"en-US","potentialAction":[{"@type":"ReadAction","target":[["https:\/\/www.sestogrado.it\/en\/prodotto\/leki-makalu-lite-bastoncini-da-trekking\/"]]}]},{"@type":"ImageObject","inLanguage":"en-US","@id":"https:\/\/www.sestogrado.it\/en\/prodotto\/leki-makalu-lite-bastoncini-da-trekking\/#primaryimage","url":"https:\/\/www.sestogrado.it\/wp-content\/uploads\/2022\/02\/leki-makalu-lite-bastoncini-da-trekking-detail-6-rotated.jpg","contentUrl":"https:\/\/www.sestogrado.it\/wp-content\/uploads\/2022\/02\/leki-makalu-lite-bastoncini-da-trekking-detail-6-rotated.jpg","width":1200,"height":1200,"caption":"LEKI - Makalu Lite"},{"@type":"BreadcrumbList","@id":"https:\/\/www.sestogrado.it\/en\/prodotto\/leki-makalu-lite-bastoncini-da-trekking\/#breadcrumb","itemListElement":[{"@type":"ListItem","position":1,"name":"Home","item":"https:\/\/www.sestogrado.it\/en\/"},{"@type":"ListItem","position":2,"name":"Shop","item":"https:\/\/www.sestogrado.it\/en\/shop\/"},{"@type":"ListItem","position":3,"name":"Leki Makalu Lite bastoncini da trekking"}]},{"@type":"WebSite","@id":"https:\/\/www.sestogrado.it\/en\/#website","url":"https:\/\/www.sestogrado.it\/en\/","name":"Sestogrado","description":"yes we climb","publisher":{"@id":"https:\/\/www.sestogrado.it\/en\/#organization"},"potentialAction":[{"@type":"SearchAction","target":{"@type":"EntryPoint","urlTemplate":"https:\/\/www.sestogrado.it\/en\/?s={search_term_string}"},"query-input":{"@type":"PropertyValueSpecification","valueRequired":true,"valueName":"search_term_string"}}],"inLanguage":"en-US"},{"@type":"Organization","@id":"https:\/\/www.sestogrado.it\/en\/#organization","name":"Sestogrado","url":"https:\/\/www.sestogrado.it\/en\/","logo":{"@type":"ImageObject","inLanguage":"en-US","@id":"https:\/\/www.sestogrado.it\/en\/#\/schema\/logo\/image\/","url":"https:\/\/www.sestogrado.it\/wp-content\/uploads\/2015\/03\/sestogrado-favicon.png","contentUrl":"https:\/\/www.sestogrado.it\/wp-content\/uploads\/2015\/03\/sestogrado-favicon.png","width":260,"height":260,"caption":"Sestogrado"},"image":{"@id":"https:\/\/www.sestogrado.it\/en\/#\/schema\/logo\/image\/"},"sameAs":["https:\/\/www.facebook.com\/pages\/Sestogrado\/1542635979353017?ref=bookmarks","https:\/\/www.youtube.com\/channel\/UC847kAfTkaJsWpc1jtQwr3Q"],"hasMerchantReturnPolicy":{"@type":"MerchantReturnPolicy","merchantReturnLink":"https:\/\/www.sestogrado.it\/en\/termini-e-condizioni\/"}}]},"product_brand":"Leki","product_price_amount":"89.00","product_price_currency":"EUR","og_availability":"instock","product_availability":"instock","product_condition":"new"},"_links":{"self":[{"href":"https:\/\/www.sestogrado.it\/en\/wp-json\/wp\/v2\/product\/96055","targetHints":{"allow":["GET"]}}],"collection":[{"href":"https:\/\/www.sestogrado.it\/en\/wp-json\/wp\/v2\/product"}],"about":[{"href":"https:\/\/www.sestogrado.it\/en\/wp-json\/wp\/v2\/types\/product"}],"replies":[{"embeddable":true,"href":"https:\/\/www.sestogrado.it\/en\/wp-json\/wp\/v2\/comments?post=96055"}],"wp:featuredmedia":[{"embeddable":true,"href":"https:\/\/www.sestogrado.it\/en\/wp-json\/wp\/v2\/media\/96085"}],"wp:attachment":[{"href":"https:\/\/www.sestogrado.it\/en\/wp-json\/wp\/v2\/media?parent=96055"}],"wp:term":[{"taxonomy":"product_brand","embeddable":true,"href":"https:\/\/www.sestogrado.it\/en\/wp-json\/wp\/v2\/product_brand?post=96055"},{"taxonomy":"product_cat","embeddable":true,"href":"https:\/\/www.sestogrado.it\/en\/wp-json\/wp\/v2\/product_cat?post=96055"},{"taxonomy":"product_tag","embeddable":true,"href":"https:\/\/www.sestogrado.it\/en\/wp-json\/wp\/v2\/product_tag?post=96055"}],"curies":[{"name":"wp","href":"https:\/\/api.w.org\/{rel}","templated":true}]}}