{"id":95467,"date":"2022-02-21T12:18:40","date_gmt":"2022-02-21T11:18:40","guid":{"rendered":"https:\/\/www.sestogrado.it\/?post_type=product&#038;p=95467"},"modified":"2025-05-09T09:15:15","modified_gmt":"2025-05-09T07:15:15","slug":"black-diamond-stonehauler-90l-duffel-zaino-borsone-arrampicata-e-viaggi","status":"publish","type":"product","link":"https:\/\/www.sestogrado.it\/en\/prodotto\/black-diamond-stonehauler-90l-duffel-zaino-borsone-arrampicata-e-viaggi\/","title":{"rendered":"Black Diamond StoneHauler 90L Duffel backpack and travel bag"},"content":{"rendered":"<p>Our expedition duffel that checks in at 90-liters, the StoneHauler 90L is engineered to organize, store, and haul your climbing and skiing gear to the greater ranges. The duffel features our touchstone travel-bag innovations, like the Haul-loop carry system; a continuous, bomber tubular webbing loop that wraps the entire duffel and is tested to 2kN by the same machines that load test our carabiners and Camalots. This provides a secure clip in and carry solution to keep you confident that your gear is secure if it&#8217;s strapped to a truck or a pack mule. Our DirtBag storage system gives you an integrated way to stow your laundry, and cinches closed with an alpine skirt closure. The 90L features our side-to-side padded body construction as well, which is unique to our StoneHauler duffels and consists of 5mm closed cell foam for puncture and fabric abrasion resistance while carrying gear such as quickdraws, trekking poles, or a rack of cams. Two interior zipper pockets and dual exterior accessories pockets allow you to keep valuables organized, and the mono-mesh ID pocket gives it your stamp while on the move.<\/p>\n<p>&nbsp;<\/p>\n<ul>\n<li>100% recycled 600d x 1500d SuperGrid Body Material with Blue Sign approved color dyeing process paired with 1640d polyester fabric for additional durability on the duffel end caps<\/li>\n<li>HaulLoop Carry System rated to 2kN for secure load carry and clip in point<\/li>\n<li>Burly #10 YKK reversed coil main compartment zipper<\/li>\n<li>LockOff Internal Compression System keeps gear contained and under control<\/li>\n<li>Side-to-Side padded body construction adds puncture and abrasion resistance for an extra level of security<\/li>\n<li>Two interior mesh zipper pockets<\/li>\n<li>Dual exterior accessories zippered pocket<\/li>\n<li>Mono mesh ID pocket<\/li>\n<li>Custom Black Diamond molded zipper pullers.<\/li>\n<li class=\"tech-spec-item\" data-v-2c25d169=\"\"><span class=\"tech-spec-label\" data-v-2c25d169=\"\">Avg. Stock Weight<\/span><span class=\"tech-spec-value\" data-v-2c25d169=\"\">3 lb 6 oz (1.54 kg)<\/span><\/li>\n<li class=\"tech-spec-item\" data-v-2c25d169=\"\"><span class=\"tech-spec-label\" data-v-2c25d169=\"\">Dimension<\/span><span class=\"tech-spec-value\" data-v-2c25d169=\"\">[cm] 76L x 40W x 36H<br \/>\n[in] 30L x 16W x 14H<\/span><\/li>\n<li class=\"tech-spec-item\" data-v-2c25d169=\"\"><span class=\"tech-spec-label\" data-v-2c25d169=\"\">Material<\/span><span class=\"tech-spec-value\" data-v-2c25d169=\"\">CD600DxP1500D &#8211; 100% recycled; Bluesign dyed<\/span><\/li>\n<li class=\"tech-spec-item\" data-v-2c25d169=\"\"><span class=\"tech-spec-label\" data-v-2c25d169=\"\">Volume <\/span><span class=\"tech-spec-value\" data-v-2c25d169=\"\"><strong>90 L<\/strong> (5,492 cu in)<\/span><\/li>\n<\/ul>\n<p><\/p>","protected":false},"excerpt":{"rendered":"<p>Our expedition duffel that checks in at 90-liters, the StoneHauler 90L is engineered to organize, store, and haul your climbing [&hellip;]<\/p>\n","protected":false},"featured_media":95480,"comment_status":"open","ping_status":"closed","template":"","meta":{"_acf_changed":false},"product_brand":[121],"product_cat":[390],"product_tag":[1304,1305,1302,1308,1303,464,1307,1306],"class_list":{"0":"post-95467","1":"product","2":"type-product","3":"status-publish","4":"has-post-thumbnail","6":"product_brand-black-diamond","7":"product_cat-zaini-e-borse-portacorda","8":"product_tag-borsa-arrampicata","9":"product_tag-borsa-viaggi","10":"product_tag-borsone-arrampicata","11":"product_tag-borsone-per-viaggi","12":"product_tag-borsone-viaggi","13":"product_tag-zaino-arrampicata","14":"product_tag-zaino-borsone","15":"product_tag-zaino-viaggi","17":"first","18":"instock","19":"sale","20":"taxable","21":"shipping-taxable","22":"purchasable","23":"product-type-variable"},"acf":[],"yoast_head":"<!-- This site is optimized with the Yoast SEO plugin v26.4 - https:\/\/yoast.com\/wordpress\/plugins\/seo\/ -->\n<title>Black Diamond StoneHauler 90L Duffel backpack and travel bag - Sestogrado<\/title>\n<meta name=\"description\" content=\"Lo StoneHauler 90L Duffel \u00e8 lo zaino borsone che desideri per i tuoi spostamenti in treno o per pendolarismo tra citt\u00e0, come anche per la palestra e per fine settimana in viaggio. Con una capacit\u00e0 di 90 litri, questo borsone protegge la tua attrezzatura e l&#039;abbigliamento, grazie alla struttura del corpo imbottita, in schiuma da 5mm a cellule chiuse, che garantisce resistenza alla perforazione e all&#039;abrasione del tessuto. Ideale quindi per viaggi frequenti e con trasporti di materiale o attrezzatura pesante, come rinvii, moschettoni, corda, bastoncini da trekking o kit di friends e dadi. Lo Stonehauler \u00e8 anche zaino in base all&#039;occasione, grazie agli spallacci (rimovibili) in schiuma EVA, con tutte le funzionalit\u00e0 e alla cinghia regolabile sullo sterno. Due tasche interne con cerniera e una tasca esterna con cerniera ti consentono di tenere in ordine gli oggetti di valore e la tasca porta documenti in rete unica ti aiuta a reperire velocemente ci\u00f2 di cui hai bisogno in viaggio. Ad avvolgere l&#039;interno ed esterno di ogni borsone Black Diamond \u00e8 il sistema di trasporto Haul-loop; un anello di fettuccia tubolare bombardiere continuo testato a 2kN dalle stesse macchine che testano i moschettoni e Camalots Black Diamond. Questo fornisce una soluzione sicura per agganciare e trasportare materiali, con viaggi affidabili senza pensieri.\" \/>\n<meta name=\"robots\" content=\"index, follow, max-snippet:-1, max-image-preview:large, max-video-preview:-1\" \/>\n<link rel=\"canonical\" href=\"https:\/\/www.sestogrado.it\/en\/prodotto\/black-diamond-stonehauler-90l-duffel-zaino-borsone-arrampicata-e-viaggi\/\" \/>\n<meta property=\"og:locale\" content=\"en_US\" \/>\n<meta property=\"og:type\" content=\"article\" \/>\n<meta property=\"og:title\" content=\"Black Diamond StoneHauler 90L Duffel backpack and travel bag - Sestogrado\" \/>\n<meta property=\"og:description\" content=\"Lo StoneHauler 90L Duffel \u00e8 lo zaino borsone che desideri per i tuoi spostamenti in treno o per pendolarismo tra citt\u00e0, come anche per la palestra e per fine settimana in viaggio. Con una capacit\u00e0 di 90 litri, questo borsone protegge la tua attrezzatura e l&#039;abbigliamento, grazie alla struttura del corpo imbottita, in schiuma da 5mm a cellule chiuse, che garantisce resistenza alla perforazione e all&#039;abrasione del tessuto. Ideale quindi per viaggi frequenti e con trasporti di materiale o attrezzatura pesante, come rinvii, moschettoni, corda, bastoncini da trekking o kit di friends e dadi. Lo Stonehauler \u00e8 anche zaino in base all&#039;occasione, grazie agli spallacci (rimovibili) in schiuma EVA, con tutte le funzionalit\u00e0 e alla cinghia regolabile sullo sterno. Due tasche interne con cerniera e una tasca esterna con cerniera ti consentono di tenere in ordine gli oggetti di valore e la tasca porta documenti in rete unica ti aiuta a reperire velocemente ci\u00f2 di cui hai bisogno in viaggio. Ad avvolgere l&#039;interno ed esterno di ogni borsone Black Diamond \u00e8 il sistema di trasporto Haul-loop; un anello di fettuccia tubolare bombardiere continuo testato a 2kN dalle stesse macchine che testano i moschettoni e Camalots Black Diamond. Questo fornisce una soluzione sicura per agganciare e trasportare materiali, con viaggi affidabili senza pensieri.\" \/>\n<meta property=\"og:url\" content=\"https:\/\/www.sestogrado.it\/en\/prodotto\/black-diamond-stonehauler-90l-duffel-zaino-borsone-arrampicata-e-viaggi\/\" \/>\n<meta property=\"og:site_name\" content=\"Sestogrado\" \/>\n<meta property=\"article:publisher\" content=\"https:\/\/www.facebook.com\/pages\/Sestogrado\/1542635979353017?ref=bookmarks\" \/>\n<meta property=\"article:modified_time\" content=\"2025-05-09T07:15:15+00:00\" \/>\n<meta property=\"og:image\" content=\"https:\/\/www.sestogrado.it\/wp-content\/uploads\/2022\/02\/cd7a2c003230cd2b7d79276cce248997158eeec6__07074.1615560188.386.jpg\" \/>\n\t<meta property=\"og:image:width\" content=\"1200\" \/>\n\t<meta property=\"og:image:height\" content=\"1200\" \/>\n\t<meta property=\"og:image:type\" content=\"image\/jpeg\" \/>\n<meta name=\"twitter:label1\" content=\"Availability\" \/>\n\t<meta name=\"twitter:data1\" content=\"In stock\" \/>\n<script type=\"application\/ld+json\" class=\"yoast-schema-graph\">{\"@context\":\"https:\/\/schema.org\",\"@graph\":[{\"@type\":\"WebPage\",\"@id\":\"https:\/\/www.sestogrado.it\/en\/prodotto\/black-diamond-stonehauler-90l-duffel-zaino-borsone-arrampicata-e-viaggi\/\",\"url\":\"https:\/\/www.sestogrado.it\/en\/prodotto\/black-diamond-stonehauler-90l-duffel-zaino-borsone-arrampicata-e-viaggi\/\",\"name\":\"Black Diamond StoneHauler 90L Duffel backpack and travel bag - Sestogrado\",\"isPartOf\":{\"@id\":\"https:\/\/www.sestogrado.it\/en\/#website\"},\"primaryImageOfPage\":{\"@id\":\"https:\/\/www.sestogrado.it\/en\/prodotto\/black-diamond-stonehauler-90l-duffel-zaino-borsone-arrampicata-e-viaggi\/#primaryimage\"},\"image\":{\"@id\":\"https:\/\/www.sestogrado.it\/prodotto\/black-diamond-stonehauler-90l-duffel-zaino-borsone-arrampicata-e-viaggi\/#primaryimage\"},\"thumbnailUrl\":\"https:\/\/www.sestogrado.it\/wp-content\/uploads\/2022\/02\/cd7a2c003230cd2b7d79276cce248997158eeec6__07074.1615560188.386.jpg\",\"datePublished\":\"2022-02-21T11:18:40+00:00\",\"dateModified\":\"2025-05-09T07:15:15+00:00\",\"description\":\"Lo StoneHauler 90L Duffel \u00e8 lo zaino borsone che desideri per i tuoi spostamenti in treno o per pendolarismo tra citt\u00e0, come anche per la palestra e per fine settimana in viaggio. Con una capacit\u00e0 di 90 litri, questo borsone protegge la tua attrezzatura e l'abbigliamento, grazie alla struttura del corpo imbottita, in schiuma da 5mm a cellule chiuse, che garantisce resistenza alla perforazione e all'abrasione del tessuto. Ideale quindi per viaggi frequenti e con trasporti di materiale o attrezzatura pesante, come rinvii, moschettoni, corda, bastoncini da trekking o kit di friends e dadi. Lo Stonehauler \u00e8 anche zaino in base all'occasione, grazie agli spallacci (rimovibili) in schiuma EVA, con tutte le funzionalit\u00e0 e alla cinghia regolabile sullo sterno. Due tasche interne con cerniera e una tasca esterna con cerniera ti consentono di tenere in ordine gli oggetti di valore e la tasca porta documenti in rete unica ti aiuta a reperire velocemente ci\u00f2 di cui hai bisogno in viaggio. Ad avvolgere l'interno ed esterno di ogni borsone Black Diamond \u00e8 il sistema di trasporto Haul-loop; un anello di fettuccia tubolare bombardiere continuo testato a 2kN dalle stesse macchine che testano i moschettoni e Camalots Black Diamond. Questo fornisce una soluzione sicura per agganciare e trasportare materiali, con viaggi affidabili senza pensieri.\",\"breadcrumb\":{\"@id\":\"https:\/\/www.sestogrado.it\/en\/prodotto\/black-diamond-stonehauler-90l-duffel-zaino-borsone-arrampicata-e-viaggi\/#breadcrumb\"},\"inLanguage\":\"en-US\",\"potentialAction\":[{\"@type\":\"ReadAction\",\"target\":[[\"https:\/\/www.sestogrado.it\/en\/prodotto\/black-diamond-stonehauler-90l-duffel-zaino-borsone-arrampicata-e-viaggi\/\"]]}]},{\"@type\":\"ImageObject\",\"inLanguage\":\"en-US\",\"@id\":\"https:\/\/www.sestogrado.it\/en\/prodotto\/black-diamond-stonehauler-90l-duffel-zaino-borsone-arrampicata-e-viaggi\/#primaryimage\",\"url\":\"https:\/\/www.sestogrado.it\/wp-content\/uploads\/2022\/02\/cd7a2c003230cd2b7d79276cce248997158eeec6__07074.1615560188.386.jpg\",\"contentUrl\":\"https:\/\/www.sestogrado.it\/wp-content\/uploads\/2022\/02\/cd7a2c003230cd2b7d79276cce248997158eeec6__07074.1615560188.386.jpg\",\"width\":1200,\"height\":1200,\"caption\":\"STONEHAULER 90L DUFFEL\"},{\"@type\":\"BreadcrumbList\",\"@id\":\"https:\/\/www.sestogrado.it\/en\/prodotto\/black-diamond-stonehauler-90l-duffel-zaino-borsone-arrampicata-e-viaggi\/#breadcrumb\",\"itemListElement\":[{\"@type\":\"ListItem\",\"position\":1,\"name\":\"Home\",\"item\":\"https:\/\/www.sestogrado.it\/en\/\"},{\"@type\":\"ListItem\",\"position\":2,\"name\":\"Shop\",\"item\":\"https:\/\/www.sestogrado.it\/en\/shop\/\"},{\"@type\":\"ListItem\",\"position\":3,\"name\":\"Black Diamond Stonehauler 90L Duffel zaino borsone arrampicata e viaggi\"}]},{\"@type\":\"WebSite\",\"@id\":\"https:\/\/www.sestogrado.it\/en\/#website\",\"url\":\"https:\/\/www.sestogrado.it\/en\/\",\"name\":\"Sestogrado\",\"description\":\"yes we climb\",\"publisher\":{\"@id\":\"https:\/\/www.sestogrado.it\/en\/#organization\"},\"potentialAction\":[{\"@type\":\"SearchAction\",\"target\":{\"@type\":\"EntryPoint\",\"urlTemplate\":\"https:\/\/www.sestogrado.it\/en\/?s={search_term_string}\"},\"query-input\":{\"@type\":\"PropertyValueSpecification\",\"valueRequired\":true,\"valueName\":\"search_term_string\"}}],\"inLanguage\":\"en-US\"},{\"@type\":\"Organization\",\"@id\":\"https:\/\/www.sestogrado.it\/en\/#organization\",\"name\":\"Sestogrado\",\"url\":\"https:\/\/www.sestogrado.it\/en\/\",\"logo\":{\"@type\":\"ImageObject\",\"inLanguage\":\"en-US\",\"@id\":\"https:\/\/www.sestogrado.it\/en\/#\/schema\/logo\/image\/\",\"url\":\"https:\/\/www.sestogrado.it\/wp-content\/uploads\/2015\/03\/sestogrado-favicon.png\",\"contentUrl\":\"https:\/\/www.sestogrado.it\/wp-content\/uploads\/2015\/03\/sestogrado-favicon.png\",\"width\":260,\"height\":260,\"caption\":\"Sestogrado\"},\"image\":{\"@id\":\"https:\/\/www.sestogrado.it\/en\/#\/schema\/logo\/image\/\"},\"sameAs\":[\"https:\/\/www.facebook.com\/pages\/Sestogrado\/1542635979353017?ref=bookmarks\",\"https:\/\/www.youtube.com\/channel\/UC847kAfTkaJsWpc1jtQwr3Q\"],\"hasMerchantReturnPolicy\":{\"@type\":\"MerchantReturnPolicy\",\"merchantReturnLink\":\"https:\/\/www.sestogrado.it\/en\/termini-e-condizioni\/\"}}]}<\/script>\n<meta property=\"product:brand\" content=\"Black Diamond\" \/>\n<meta property=\"og:availability\" content=\"instock\" \/>\n<meta property=\"product:availability\" content=\"instock\" \/>\n<meta property=\"product:condition\" content=\"new\" \/>\n<!-- \/ Yoast SEO plugin. -->","yoast_head_json":{"title":"Black Diamond StoneHauler 90L Duffel backpack and travel bag - Sestogrado","description":"Lo StoneHauler 90L Duffel \u00e8 lo zaino borsone che desideri per i tuoi spostamenti in treno o per pendolarismo tra citt\u00e0, come anche per la palestra e per fine settimana in viaggio. Con una capacit\u00e0 di 90 litri, questo borsone protegge la tua attrezzatura e l'abbigliamento, grazie alla struttura del corpo imbottita, in schiuma da 5mm a cellule chiuse, che garantisce resistenza alla perforazione e all'abrasione del tessuto. Ideale quindi per viaggi frequenti e con trasporti di materiale o attrezzatura pesante, come rinvii, moschettoni, corda, bastoncini da trekking o kit di friends e dadi. Lo Stonehauler \u00e8 anche zaino in base all'occasione, grazie agli spallacci (rimovibili) in schiuma EVA, con tutte le funzionalit\u00e0 e alla cinghia regolabile sullo sterno. Due tasche interne con cerniera e una tasca esterna con cerniera ti consentono di tenere in ordine gli oggetti di valore e la tasca porta documenti in rete unica ti aiuta a reperire velocemente ci\u00f2 di cui hai bisogno in viaggio. Ad avvolgere l'interno ed esterno di ogni borsone Black Diamond \u00e8 il sistema di trasporto Haul-loop; un anello di fettuccia tubolare bombardiere continuo testato a 2kN dalle stesse macchine che testano i moschettoni e Camalots Black Diamond. Questo fornisce una soluzione sicura per agganciare e trasportare materiali, con viaggi affidabili senza pensieri.","robots":{"index":"index","follow":"follow","max-snippet":"max-snippet:-1","max-image-preview":"max-image-preview:large","max-video-preview":"max-video-preview:-1"},"canonical":"https:\/\/www.sestogrado.it\/en\/prodotto\/black-diamond-stonehauler-90l-duffel-zaino-borsone-arrampicata-e-viaggi\/","og_locale":"en_US","og_type":"article","og_title":"Black Diamond StoneHauler 90L Duffel backpack and travel bag - Sestogrado","og_description":"Lo StoneHauler 90L Duffel \u00e8 lo zaino borsone che desideri per i tuoi spostamenti in treno o per pendolarismo tra citt\u00e0, come anche per la palestra e per fine settimana in viaggio. Con una capacit\u00e0 di 90 litri, questo borsone protegge la tua attrezzatura e l'abbigliamento, grazie alla struttura del corpo imbottita, in schiuma da 5mm a cellule chiuse, che garantisce resistenza alla perforazione e all'abrasione del tessuto. Ideale quindi per viaggi frequenti e con trasporti di materiale o attrezzatura pesante, come rinvii, moschettoni, corda, bastoncini da trekking o kit di friends e dadi. Lo Stonehauler \u00e8 anche zaino in base all'occasione, grazie agli spallacci (rimovibili) in schiuma EVA, con tutte le funzionalit\u00e0 e alla cinghia regolabile sullo sterno. Due tasche interne con cerniera e una tasca esterna con cerniera ti consentono di tenere in ordine gli oggetti di valore e la tasca porta documenti in rete unica ti aiuta a reperire velocemente ci\u00f2 di cui hai bisogno in viaggio. Ad avvolgere l'interno ed esterno di ogni borsone Black Diamond \u00e8 il sistema di trasporto Haul-loop; un anello di fettuccia tubolare bombardiere continuo testato a 2kN dalle stesse macchine che testano i moschettoni e Camalots Black Diamond. Questo fornisce una soluzione sicura per agganciare e trasportare materiali, con viaggi affidabili senza pensieri.","og_url":"https:\/\/www.sestogrado.it\/en\/prodotto\/black-diamond-stonehauler-90l-duffel-zaino-borsone-arrampicata-e-viaggi\/","og_site_name":"Sestogrado","article_publisher":"https:\/\/www.facebook.com\/pages\/Sestogrado\/1542635979353017?ref=bookmarks","article_modified_time":"2025-05-09T07:15:15+00:00","og_image":[{"width":1200,"height":1200,"url":"https:\/\/www.sestogrado.it\/wp-content\/uploads\/2022\/02\/cd7a2c003230cd2b7d79276cce248997158eeec6__07074.1615560188.386.jpg","type":"image\/jpeg"}],"twitter_misc":{"Availability":"In stock"},"schema":{"@context":"https:\/\/schema.org","@graph":[{"@type":"WebPage","@id":"https:\/\/www.sestogrado.it\/en\/prodotto\/black-diamond-stonehauler-90l-duffel-zaino-borsone-arrampicata-e-viaggi\/","url":"https:\/\/www.sestogrado.it\/en\/prodotto\/black-diamond-stonehauler-90l-duffel-zaino-borsone-arrampicata-e-viaggi\/","name":"Black Diamond StoneHauler 90L Duffel backpack and travel bag - Sestogrado","isPartOf":{"@id":"https:\/\/www.sestogrado.it\/en\/#website"},"primaryImageOfPage":{"@id":"https:\/\/www.sestogrado.it\/en\/prodotto\/black-diamond-stonehauler-90l-duffel-zaino-borsone-arrampicata-e-viaggi\/#primaryimage"},"image":{"@id":"https:\/\/www.sestogrado.it\/prodotto\/black-diamond-stonehauler-90l-duffel-zaino-borsone-arrampicata-e-viaggi\/#primaryimage"},"thumbnailUrl":"https:\/\/www.sestogrado.it\/wp-content\/uploads\/2022\/02\/cd7a2c003230cd2b7d79276cce248997158eeec6__07074.1615560188.386.jpg","datePublished":"2022-02-21T11:18:40+00:00","dateModified":"2025-05-09T07:15:15+00:00","description":"Lo StoneHauler 90L Duffel \u00e8 lo zaino borsone che desideri per i tuoi spostamenti in treno o per pendolarismo tra citt\u00e0, come anche per la palestra e per fine settimana in viaggio. Con una capacit\u00e0 di 90 litri, questo borsone protegge la tua attrezzatura e l'abbigliamento, grazie alla struttura del corpo imbottita, in schiuma da 5mm a cellule chiuse, che garantisce resistenza alla perforazione e all'abrasione del tessuto. Ideale quindi per viaggi frequenti e con trasporti di materiale o attrezzatura pesante, come rinvii, moschettoni, corda, bastoncini da trekking o kit di friends e dadi. Lo Stonehauler \u00e8 anche zaino in base all'occasione, grazie agli spallacci (rimovibili) in schiuma EVA, con tutte le funzionalit\u00e0 e alla cinghia regolabile sullo sterno. Due tasche interne con cerniera e una tasca esterna con cerniera ti consentono di tenere in ordine gli oggetti di valore e la tasca porta documenti in rete unica ti aiuta a reperire velocemente ci\u00f2 di cui hai bisogno in viaggio. Ad avvolgere l'interno ed esterno di ogni borsone Black Diamond \u00e8 il sistema di trasporto Haul-loop; un anello di fettuccia tubolare bombardiere continuo testato a 2kN dalle stesse macchine che testano i moschettoni e Camalots Black Diamond. Questo fornisce una soluzione sicura per agganciare e trasportare materiali, con viaggi affidabili senza pensieri.","breadcrumb":{"@id":"https:\/\/www.sestogrado.it\/en\/prodotto\/black-diamond-stonehauler-90l-duffel-zaino-borsone-arrampicata-e-viaggi\/#breadcrumb"},"inLanguage":"en-US","potentialAction":[{"@type":"ReadAction","target":[["https:\/\/www.sestogrado.it\/en\/prodotto\/black-diamond-stonehauler-90l-duffel-zaino-borsone-arrampicata-e-viaggi\/"]]}]},{"@type":"ImageObject","inLanguage":"en-US","@id":"https:\/\/www.sestogrado.it\/en\/prodotto\/black-diamond-stonehauler-90l-duffel-zaino-borsone-arrampicata-e-viaggi\/#primaryimage","url":"https:\/\/www.sestogrado.it\/wp-content\/uploads\/2022\/02\/cd7a2c003230cd2b7d79276cce248997158eeec6__07074.1615560188.386.jpg","contentUrl":"https:\/\/www.sestogrado.it\/wp-content\/uploads\/2022\/02\/cd7a2c003230cd2b7d79276cce248997158eeec6__07074.1615560188.386.jpg","width":1200,"height":1200,"caption":"STONEHAULER 90L DUFFEL"},{"@type":"BreadcrumbList","@id":"https:\/\/www.sestogrado.it\/en\/prodotto\/black-diamond-stonehauler-90l-duffel-zaino-borsone-arrampicata-e-viaggi\/#breadcrumb","itemListElement":[{"@type":"ListItem","position":1,"name":"Home","item":"https:\/\/www.sestogrado.it\/en\/"},{"@type":"ListItem","position":2,"name":"Shop","item":"https:\/\/www.sestogrado.it\/en\/shop\/"},{"@type":"ListItem","position":3,"name":"Black Diamond Stonehauler 90L Duffel zaino borsone arrampicata e viaggi"}]},{"@type":"WebSite","@id":"https:\/\/www.sestogrado.it\/en\/#website","url":"https:\/\/www.sestogrado.it\/en\/","name":"Sestogrado","description":"yes we climb","publisher":{"@id":"https:\/\/www.sestogrado.it\/en\/#organization"},"potentialAction":[{"@type":"SearchAction","target":{"@type":"EntryPoint","urlTemplate":"https:\/\/www.sestogrado.it\/en\/?s={search_term_string}"},"query-input":{"@type":"PropertyValueSpecification","valueRequired":true,"valueName":"search_term_string"}}],"inLanguage":"en-US"},{"@type":"Organization","@id":"https:\/\/www.sestogrado.it\/en\/#organization","name":"Sestogrado","url":"https:\/\/www.sestogrado.it\/en\/","logo":{"@type":"ImageObject","inLanguage":"en-US","@id":"https:\/\/www.sestogrado.it\/en\/#\/schema\/logo\/image\/","url":"https:\/\/www.sestogrado.it\/wp-content\/uploads\/2015\/03\/sestogrado-favicon.png","contentUrl":"https:\/\/www.sestogrado.it\/wp-content\/uploads\/2015\/03\/sestogrado-favicon.png","width":260,"height":260,"caption":"Sestogrado"},"image":{"@id":"https:\/\/www.sestogrado.it\/en\/#\/schema\/logo\/image\/"},"sameAs":["https:\/\/www.facebook.com\/pages\/Sestogrado\/1542635979353017?ref=bookmarks","https:\/\/www.youtube.com\/channel\/UC847kAfTkaJsWpc1jtQwr3Q"],"hasMerchantReturnPolicy":{"@type":"MerchantReturnPolicy","merchantReturnLink":"https:\/\/www.sestogrado.it\/en\/termini-e-condizioni\/"}}]},"product_brand":"Black Diamond","og_availability":"instock","product_availability":"instock","product_condition":"new"},"_links":{"self":[{"href":"https:\/\/www.sestogrado.it\/en\/wp-json\/wp\/v2\/product\/95467","targetHints":{"allow":["GET"]}}],"collection":[{"href":"https:\/\/www.sestogrado.it\/en\/wp-json\/wp\/v2\/product"}],"about":[{"href":"https:\/\/www.sestogrado.it\/en\/wp-json\/wp\/v2\/types\/product"}],"replies":[{"embeddable":true,"href":"https:\/\/www.sestogrado.it\/en\/wp-json\/wp\/v2\/comments?post=95467"}],"wp:featuredmedia":[{"embeddable":true,"href":"https:\/\/www.sestogrado.it\/en\/wp-json\/wp\/v2\/media\/95480"}],"wp:attachment":[{"href":"https:\/\/www.sestogrado.it\/en\/wp-json\/wp\/v2\/media?parent=95467"}],"wp:term":[{"taxonomy":"product_brand","embeddable":true,"href":"https:\/\/www.sestogrado.it\/en\/wp-json\/wp\/v2\/product_brand?post=95467"},{"taxonomy":"product_cat","embeddable":true,"href":"https:\/\/www.sestogrado.it\/en\/wp-json\/wp\/v2\/product_cat?post=95467"},{"taxonomy":"product_tag","embeddable":true,"href":"https:\/\/www.sestogrado.it\/en\/wp-json\/wp\/v2\/product_tag?post=95467"}],"curies":[{"name":"wp","href":"https:\/\/api.w.org\/{rel}","templated":true}]}}