{"id":94460,"date":"2022-02-10T16:58:07","date_gmt":"2022-02-10T15:58:07","guid":{"rendered":"https:\/\/www.sestogrado.it\/?post_type=product&#038;p=94460"},"modified":"2026-05-04T09:37:03","modified_gmt":"2026-05-04T07:37:03","slug":"edelweiss-pitchlight-9-5-corda-arrampicata","status":"publish","type":"product","link":"https:\/\/www.sestogrado.it\/en\/prodotto\/edelweiss-pitchlight-9-5-corda-arrampicata\/","title":{"rendered":"Edelweiss Pitchlight 9,5 sport climbing rope"},"content":{"rendered":"<p>The <strong>Edelweiss Pitchlight 9,5<\/strong> is the new Edelweiss made for rock and indoor climbing, same as for multipitch routes.<\/p>\n<p>The new Edelweiss rope resultedd to be the ideal for sport climbing, to repeat difficult passages endlessly and being tied to a harness with a <strong>safe, durable and super-manageable rope<\/strong>.<\/p>\n<p>With an optimal weight and thickness ratio of only 61g \/ m with 9.5mm, the Pitchlight 9.5 is comfortable for medium-long approaches and compatible with any type of backpack, tarp or rope holder.<\/p>\n<ul>\n<li>Weight: 61 g \/ m<\/li>\n<li>Standard: UIAA CE EN892<\/li>\n<li>Number of factor 1.77 falls: 6<\/li>\n<li>Material: Polyamide<\/li>\n<li>Sock sliding: 0 mm<\/li>\n<li>Very low impact force 8.5 kN<\/li>\n<li>Diameter: 9.5 mm<\/li>\n<li>Static elongation: 8.7%<\/li>\n<li>Dynamic elongation: 32%<\/li>\n<li>Half rope sign: yes<\/li>\n<\/ul>\n<p>&nbsp;<\/p>\n<p>Edelweiss Pitchlight 9,5 is a very versatile rope, with an excellent value for money and with a good dose of lightness, which makes it really easy to handle with the classic belay systems.<\/p>","protected":false},"excerpt":{"rendered":"<p>The Edelweiss Pitchlight 9,5 is the new Edelweiss made for rock and indoor climbing, same as for multipitch routes. The [&hellip;]<\/p>\n","protected":false},"featured_media":99971,"comment_status":"open","ping_status":"closed","template":"","meta":{"_acf_changed":false},"product_brand":[52],"product_cat":[136],"product_tag":[936,1284,1282,1283],"class_list":{"0":"post-94460","1":"product","2":"type-product","3":"status-publish","4":"has-post-thumbnail","6":"product_brand-edelweiss","7":"product_cat-corde-corde","8":"product_tag-corda-arrampicata","9":"product_tag-corda-durevole","10":"product_tag-corda-edelweiss","11":"product_tag-corda-falesia","13":"first","14":"instock","15":"sale","16":"taxable","17":"shipping-taxable","18":"purchasable","19":"product-type-variable"},"acf":[],"yoast_head":"<!-- This site is optimized with the Yoast SEO plugin v26.4 - https:\/\/yoast.com\/wordpress\/plugins\/seo\/ -->\n<title>Edelweiss Pitchlight 9,5 sport climbing rope - Sestogrado<\/title>\n<meta name=\"description\" content=\"La Edelweiss Pitchlight 9,5 \u00e8 la novit\u00e0 Edelweiss ideale per l&#039;arrampicata sportiva su roccia e indoor e per vie lunghe. Questa novit\u00e0 Edelweiss \u00e8 ideale per lavorare vie, ripetere passaggi difficili all&#039;infinito e trovarsi legati ad un&#039;imbrago con una corda sicura, durevole e super maneggevole. Con un rapporto peso e spessore ottimale di soli 61g\/m con 9,5mm, la Pitchlight 9,5 \u00e8 comoda per avvicinamenti medio-lunghi e per qualsiasi tipo di zaino, telo o portacorda da falesia\/indoor.\" \/>\n<meta name=\"robots\" content=\"index, follow, max-snippet:-1, max-image-preview:large, max-video-preview:-1\" \/>\n<link rel=\"canonical\" href=\"https:\/\/www.sestogrado.it\/en\/prodotto\/edelweiss-pitchlight-9-5-corda-arrampicata\/\" \/>\n<meta property=\"og:locale\" content=\"en_US\" \/>\n<meta property=\"og:type\" content=\"article\" \/>\n<meta property=\"og:title\" content=\"Edelweiss Pitchlight 9,5 sport climbing rope - Sestogrado\" \/>\n<meta property=\"og:description\" content=\"La Edelweiss Pitchlight 9,5 \u00e8 la novit\u00e0 Edelweiss ideale per l&#039;arrampicata sportiva su roccia e indoor e per vie lunghe. Questa novit\u00e0 Edelweiss \u00e8 ideale per lavorare vie, ripetere passaggi difficili all&#039;infinito e trovarsi legati ad un&#039;imbrago con una corda sicura, durevole e super maneggevole. Con un rapporto peso e spessore ottimale di soli 61g\/m con 9,5mm, la Pitchlight 9,5 \u00e8 comoda per avvicinamenti medio-lunghi e per qualsiasi tipo di zaino, telo o portacorda da falesia\/indoor.\" \/>\n<meta property=\"og:url\" content=\"https:\/\/www.sestogrado.it\/en\/prodotto\/edelweiss-pitchlight-9-5-corda-arrampicata\/\" \/>\n<meta property=\"og:site_name\" content=\"Sestogrado\" \/>\n<meta property=\"article:publisher\" content=\"https:\/\/www.facebook.com\/pages\/Sestogrado\/1542635979353017?ref=bookmarks\" \/>\n<meta property=\"article:modified_time\" content=\"2026-05-04T07:37:03+00:00\" \/>\n<meta property=\"og:image\" content=\"https:\/\/www.sestogrado.it\/wp-content\/uploads\/2022\/02\/803537-1.jpg\" \/>\n\t<meta property=\"og:image:width\" content=\"900\" \/>\n\t<meta property=\"og:image:height\" content=\"899\" \/>\n\t<meta property=\"og:image:type\" content=\"image\/jpeg\" \/>\n<meta name=\"twitter:label1\" content=\"Availability\" \/>\n\t<meta name=\"twitter:data1\" content=\"In stock\" \/>\n<script type=\"application\/ld+json\" class=\"yoast-schema-graph\">{\"@context\":\"https:\/\/schema.org\",\"@graph\":[{\"@type\":\"WebPage\",\"@id\":\"https:\/\/www.sestogrado.it\/en\/prodotto\/edelweiss-pitchlight-9-5-corda-arrampicata\/\",\"url\":\"https:\/\/www.sestogrado.it\/en\/prodotto\/edelweiss-pitchlight-9-5-corda-arrampicata\/\",\"name\":\"Edelweiss Pitchlight 9,5 sport climbing rope - Sestogrado\",\"isPartOf\":{\"@id\":\"https:\/\/www.sestogrado.it\/en\/#website\"},\"primaryImageOfPage\":{\"@id\":\"https:\/\/www.sestogrado.it\/en\/prodotto\/edelweiss-pitchlight-9-5-corda-arrampicata\/#primaryimage\"},\"image\":{\"@id\":\"https:\/\/www.sestogrado.it\/prodotto\/edelweiss-pitchlight-9-5-corda-arrampicata\/#primaryimage\"},\"thumbnailUrl\":\"https:\/\/www.sestogrado.it\/wp-content\/uploads\/2022\/02\/803537-1.jpg\",\"datePublished\":\"2022-02-10T15:58:07+00:00\",\"dateModified\":\"2026-05-04T07:37:03+00:00\",\"description\":\"La Edelweiss Pitchlight 9,5 \u00e8 la novit\u00e0 Edelweiss ideale per l'arrampicata sportiva su roccia e indoor e per vie lunghe. Questa novit\u00e0 Edelweiss \u00e8 ideale per lavorare vie, ripetere passaggi difficili all'infinito e trovarsi legati ad un'imbrago con una corda sicura, durevole e super maneggevole. Con un rapporto peso e spessore ottimale di soli 61g\/m con 9,5mm, la Pitchlight 9,5 \u00e8 comoda per avvicinamenti medio-lunghi e per qualsiasi tipo di zaino, telo o portacorda da falesia\/indoor.\",\"breadcrumb\":{\"@id\":\"https:\/\/www.sestogrado.it\/en\/prodotto\/edelweiss-pitchlight-9-5-corda-arrampicata\/#breadcrumb\"},\"inLanguage\":\"en-US\",\"potentialAction\":[{\"@type\":\"ReadAction\",\"target\":[[\"https:\/\/www.sestogrado.it\/en\/prodotto\/edelweiss-pitchlight-9-5-corda-arrampicata\/\"]]}]},{\"@type\":\"ImageObject\",\"inLanguage\":\"en-US\",\"@id\":\"https:\/\/www.sestogrado.it\/en\/prodotto\/edelweiss-pitchlight-9-5-corda-arrampicata\/#primaryimage\",\"url\":\"https:\/\/www.sestogrado.it\/wp-content\/uploads\/2022\/02\/803537-1.jpg\",\"contentUrl\":\"https:\/\/www.sestogrado.it\/wp-content\/uploads\/2022\/02\/803537-1.jpg\",\"width\":900,\"height\":899,\"caption\":\"Edelweiss pitchlight 9,5\"},{\"@type\":\"BreadcrumbList\",\"@id\":\"https:\/\/www.sestogrado.it\/en\/prodotto\/edelweiss-pitchlight-9-5-corda-arrampicata\/#breadcrumb\",\"itemListElement\":[{\"@type\":\"ListItem\",\"position\":1,\"name\":\"Home\",\"item\":\"https:\/\/www.sestogrado.it\/en\/\"},{\"@type\":\"ListItem\",\"position\":2,\"name\":\"Shop\",\"item\":\"https:\/\/www.sestogrado.it\/en\/shop\/\"},{\"@type\":\"ListItem\",\"position\":3,\"name\":\"Edelweiss Pitchlight 9.5 corda arrampicata\"}]},{\"@type\":\"WebSite\",\"@id\":\"https:\/\/www.sestogrado.it\/en\/#website\",\"url\":\"https:\/\/www.sestogrado.it\/en\/\",\"name\":\"Sestogrado\",\"description\":\"yes we climb\",\"publisher\":{\"@id\":\"https:\/\/www.sestogrado.it\/en\/#organization\"},\"potentialAction\":[{\"@type\":\"SearchAction\",\"target\":{\"@type\":\"EntryPoint\",\"urlTemplate\":\"https:\/\/www.sestogrado.it\/en\/?s={search_term_string}\"},\"query-input\":{\"@type\":\"PropertyValueSpecification\",\"valueRequired\":true,\"valueName\":\"search_term_string\"}}],\"inLanguage\":\"en-US\"},{\"@type\":\"Organization\",\"@id\":\"https:\/\/www.sestogrado.it\/en\/#organization\",\"name\":\"Sestogrado\",\"url\":\"https:\/\/www.sestogrado.it\/en\/\",\"logo\":{\"@type\":\"ImageObject\",\"inLanguage\":\"en-US\",\"@id\":\"https:\/\/www.sestogrado.it\/en\/#\/schema\/logo\/image\/\",\"url\":\"https:\/\/www.sestogrado.it\/wp-content\/uploads\/2015\/03\/sestogrado-favicon.png\",\"contentUrl\":\"https:\/\/www.sestogrado.it\/wp-content\/uploads\/2015\/03\/sestogrado-favicon.png\",\"width\":260,\"height\":260,\"caption\":\"Sestogrado\"},\"image\":{\"@id\":\"https:\/\/www.sestogrado.it\/en\/#\/schema\/logo\/image\/\"},\"sameAs\":[\"https:\/\/www.facebook.com\/pages\/Sestogrado\/1542635979353017?ref=bookmarks\",\"https:\/\/www.youtube.com\/channel\/UC847kAfTkaJsWpc1jtQwr3Q\"],\"hasMerchantReturnPolicy\":{\"@type\":\"MerchantReturnPolicy\",\"merchantReturnLink\":\"https:\/\/www.sestogrado.it\/en\/termini-e-condizioni\/\"}}]}<\/script>\n<meta property=\"product:brand\" content=\"Edelweiss\" \/>\n<meta property=\"og:availability\" content=\"instock\" \/>\n<meta property=\"product:availability\" content=\"instock\" \/>\n<meta property=\"product:condition\" content=\"new\" \/>\n<!-- \/ Yoast SEO plugin. -->","yoast_head_json":{"title":"Edelweiss Pitchlight 9,5 sport climbing rope - Sestogrado","description":"La Edelweiss Pitchlight 9,5 \u00e8 la novit\u00e0 Edelweiss ideale per l'arrampicata sportiva su roccia e indoor e per vie lunghe. Questa novit\u00e0 Edelweiss \u00e8 ideale per lavorare vie, ripetere passaggi difficili all'infinito e trovarsi legati ad un'imbrago con una corda sicura, durevole e super maneggevole. Con un rapporto peso e spessore ottimale di soli 61g\/m con 9,5mm, la Pitchlight 9,5 \u00e8 comoda per avvicinamenti medio-lunghi e per qualsiasi tipo di zaino, telo o portacorda da falesia\/indoor.","robots":{"index":"index","follow":"follow","max-snippet":"max-snippet:-1","max-image-preview":"max-image-preview:large","max-video-preview":"max-video-preview:-1"},"canonical":"https:\/\/www.sestogrado.it\/en\/prodotto\/edelweiss-pitchlight-9-5-corda-arrampicata\/","og_locale":"en_US","og_type":"article","og_title":"Edelweiss Pitchlight 9,5 sport climbing rope - Sestogrado","og_description":"La Edelweiss Pitchlight 9,5 \u00e8 la novit\u00e0 Edelweiss ideale per l'arrampicata sportiva su roccia e indoor e per vie lunghe. Questa novit\u00e0 Edelweiss \u00e8 ideale per lavorare vie, ripetere passaggi difficili all'infinito e trovarsi legati ad un'imbrago con una corda sicura, durevole e super maneggevole. Con un rapporto peso e spessore ottimale di soli 61g\/m con 9,5mm, la Pitchlight 9,5 \u00e8 comoda per avvicinamenti medio-lunghi e per qualsiasi tipo di zaino, telo o portacorda da falesia\/indoor.","og_url":"https:\/\/www.sestogrado.it\/en\/prodotto\/edelweiss-pitchlight-9-5-corda-arrampicata\/","og_site_name":"Sestogrado","article_publisher":"https:\/\/www.facebook.com\/pages\/Sestogrado\/1542635979353017?ref=bookmarks","article_modified_time":"2026-05-04T07:37:03+00:00","og_image":[{"width":900,"height":899,"url":"https:\/\/www.sestogrado.it\/wp-content\/uploads\/2022\/02\/803537-1.jpg","type":"image\/jpeg"}],"twitter_misc":{"Availability":"In stock"},"schema":{"@context":"https:\/\/schema.org","@graph":[{"@type":"WebPage","@id":"https:\/\/www.sestogrado.it\/en\/prodotto\/edelweiss-pitchlight-9-5-corda-arrampicata\/","url":"https:\/\/www.sestogrado.it\/en\/prodotto\/edelweiss-pitchlight-9-5-corda-arrampicata\/","name":"Edelweiss Pitchlight 9,5 sport climbing rope - Sestogrado","isPartOf":{"@id":"https:\/\/www.sestogrado.it\/en\/#website"},"primaryImageOfPage":{"@id":"https:\/\/www.sestogrado.it\/en\/prodotto\/edelweiss-pitchlight-9-5-corda-arrampicata\/#primaryimage"},"image":{"@id":"https:\/\/www.sestogrado.it\/prodotto\/edelweiss-pitchlight-9-5-corda-arrampicata\/#primaryimage"},"thumbnailUrl":"https:\/\/www.sestogrado.it\/wp-content\/uploads\/2022\/02\/803537-1.jpg","datePublished":"2022-02-10T15:58:07+00:00","dateModified":"2026-05-04T07:37:03+00:00","description":"La Edelweiss Pitchlight 9,5 \u00e8 la novit\u00e0 Edelweiss ideale per l'arrampicata sportiva su roccia e indoor e per vie lunghe. Questa novit\u00e0 Edelweiss \u00e8 ideale per lavorare vie, ripetere passaggi difficili all'infinito e trovarsi legati ad un'imbrago con una corda sicura, durevole e super maneggevole. Con un rapporto peso e spessore ottimale di soli 61g\/m con 9,5mm, la Pitchlight 9,5 \u00e8 comoda per avvicinamenti medio-lunghi e per qualsiasi tipo di zaino, telo o portacorda da falesia\/indoor.","breadcrumb":{"@id":"https:\/\/www.sestogrado.it\/en\/prodotto\/edelweiss-pitchlight-9-5-corda-arrampicata\/#breadcrumb"},"inLanguage":"en-US","potentialAction":[{"@type":"ReadAction","target":[["https:\/\/www.sestogrado.it\/en\/prodotto\/edelweiss-pitchlight-9-5-corda-arrampicata\/"]]}]},{"@type":"ImageObject","inLanguage":"en-US","@id":"https:\/\/www.sestogrado.it\/en\/prodotto\/edelweiss-pitchlight-9-5-corda-arrampicata\/#primaryimage","url":"https:\/\/www.sestogrado.it\/wp-content\/uploads\/2022\/02\/803537-1.jpg","contentUrl":"https:\/\/www.sestogrado.it\/wp-content\/uploads\/2022\/02\/803537-1.jpg","width":900,"height":899,"caption":"Edelweiss pitchlight 9,5"},{"@type":"BreadcrumbList","@id":"https:\/\/www.sestogrado.it\/en\/prodotto\/edelweiss-pitchlight-9-5-corda-arrampicata\/#breadcrumb","itemListElement":[{"@type":"ListItem","position":1,"name":"Home","item":"https:\/\/www.sestogrado.it\/en\/"},{"@type":"ListItem","position":2,"name":"Shop","item":"https:\/\/www.sestogrado.it\/en\/shop\/"},{"@type":"ListItem","position":3,"name":"Edelweiss Pitchlight 9.5 corda arrampicata"}]},{"@type":"WebSite","@id":"https:\/\/www.sestogrado.it\/en\/#website","url":"https:\/\/www.sestogrado.it\/en\/","name":"Sestogrado","description":"yes we climb","publisher":{"@id":"https:\/\/www.sestogrado.it\/en\/#organization"},"potentialAction":[{"@type":"SearchAction","target":{"@type":"EntryPoint","urlTemplate":"https:\/\/www.sestogrado.it\/en\/?s={search_term_string}"},"query-input":{"@type":"PropertyValueSpecification","valueRequired":true,"valueName":"search_term_string"}}],"inLanguage":"en-US"},{"@type":"Organization","@id":"https:\/\/www.sestogrado.it\/en\/#organization","name":"Sestogrado","url":"https:\/\/www.sestogrado.it\/en\/","logo":{"@type":"ImageObject","inLanguage":"en-US","@id":"https:\/\/www.sestogrado.it\/en\/#\/schema\/logo\/image\/","url":"https:\/\/www.sestogrado.it\/wp-content\/uploads\/2015\/03\/sestogrado-favicon.png","contentUrl":"https:\/\/www.sestogrado.it\/wp-content\/uploads\/2015\/03\/sestogrado-favicon.png","width":260,"height":260,"caption":"Sestogrado"},"image":{"@id":"https:\/\/www.sestogrado.it\/en\/#\/schema\/logo\/image\/"},"sameAs":["https:\/\/www.facebook.com\/pages\/Sestogrado\/1542635979353017?ref=bookmarks","https:\/\/www.youtube.com\/channel\/UC847kAfTkaJsWpc1jtQwr3Q"],"hasMerchantReturnPolicy":{"@type":"MerchantReturnPolicy","merchantReturnLink":"https:\/\/www.sestogrado.it\/en\/termini-e-condizioni\/"}}]},"product_brand":"Edelweiss","og_availability":"instock","product_availability":"instock","product_condition":"new"},"_links":{"self":[{"href":"https:\/\/www.sestogrado.it\/en\/wp-json\/wp\/v2\/product\/94460","targetHints":{"allow":["GET"]}}],"collection":[{"href":"https:\/\/www.sestogrado.it\/en\/wp-json\/wp\/v2\/product"}],"about":[{"href":"https:\/\/www.sestogrado.it\/en\/wp-json\/wp\/v2\/types\/product"}],"replies":[{"embeddable":true,"href":"https:\/\/www.sestogrado.it\/en\/wp-json\/wp\/v2\/comments?post=94460"}],"wp:featuredmedia":[{"embeddable":true,"href":"https:\/\/www.sestogrado.it\/en\/wp-json\/wp\/v2\/media\/99971"}],"wp:attachment":[{"href":"https:\/\/www.sestogrado.it\/en\/wp-json\/wp\/v2\/media?parent=94460"}],"wp:term":[{"taxonomy":"product_brand","embeddable":true,"href":"https:\/\/www.sestogrado.it\/en\/wp-json\/wp\/v2\/product_brand?post=94460"},{"taxonomy":"product_cat","embeddable":true,"href":"https:\/\/www.sestogrado.it\/en\/wp-json\/wp\/v2\/product_cat?post=94460"},{"taxonomy":"product_tag","embeddable":true,"href":"https:\/\/www.sestogrado.it\/en\/wp-json\/wp\/v2\/product_tag?post=94460"}],"curies":[{"name":"wp","href":"https:\/\/api.w.org\/{rel}","templated":true}]}}