{"id":9357,"date":"2018-07-11T09:10:45","date_gmt":"2018-07-11T07:10:45","guid":{"rendered":"http:\/\/www.sestogrado.it\/prodotto\/petzl-quark-piccozza\/"},"modified":"2026-05-06T23:14:20","modified_gmt":"2026-05-06T21:14:20","slug":"petzl-quark-piccozza","status":"publish","type":"product","link":"https:\/\/www.sestogrado.it\/en\/prodotto\/petzl-quark-piccozza\/","title":{"rendered":"Petzl Quark piccozza"},"content":{"rendered":"<p>Rinnovata e migliorata, la PETZL QUARK \u00e8 la piccozza di riferimento nell&#8217;alpinismo tecnico ed arrampicata su ghiaccio. Il manico ora \u00e8 idroformato per garantire una prensilit\u00e0 ottimale al centro del manico nei canaloni di neve ed il nuovo GRIPREST \u00e8 richiudibile o apribile a seconda dell&#8217;utilizzo su canalone o ghiaccio verticale.<\/p>\n<p>Il suo equilibrio e la lama ICE consentono la realizzazione di ancoraggi sicuri su qualunque tipo di ghiaccio. Gli appoggi TRIGREST e GRIPREST la rendono maneggevole e confortevole in tutte le situazioni. Consentono una prensilit\u00e0 pi\u00f9 efficace dell\u2019impugnatura per i passaggi difficili. Interamente modulare, la piccozza QUARK si adatta facilmente agli itinerari tecnici e vari: canaloni di neve, goulotte, pareti nord, cascate di ghiaccio<\/p>\n<ul>\n<li>Piccozza polivalente:<br \/>\n&#8211; manico curvo sotto la testa e appoggio GRIPREST QUARK nella parte bassa del manico per proteggere le mani su cascate di ghiaccio,<br \/>\n&#8211; manico sufficientemente dritto con una punta in acciaio per l\u2019utilizzo come piccozza bastone,<br \/>\n&#8211; manico idroformato per una prensilit\u00e0 ottimale al centro del manico nei canaloni di neve,<br \/>\n&#8211; impugnatura sovrastampata e bimateriale per un\u2019ottima aderenza ed un perfetto isolamento dal freddo,<br \/>\n&#8211; appoggi TRIGREST QUARK e GRIPREST QUARK per migliorare la presa nei passaggi difficili,<br \/>\n&#8211; 550 g con PANNE o MARTEAU.<\/li>\n<li>Efficacia di ancoraggio su qualunque tipo di ghiaccio:<br \/>\n&#8211; lama ICE affinata all&#8217;estremit\u00e0 (3,3 mm) e polivalente su tutti i terreni: neve, ghiaccio e misto,<br \/>\n&#8211; compatibile con le MASSELOTTES per modificare l\u2019equilibrio della piccozza e migliorare l\u2019inerzia.<\/li>\n<li>Costruzione modulare:<br \/>\n&#8211; testa interamente modulare per adattare la tecnicit\u00e0 della piccozza,<br \/>\n&#8211; compatibile con gli accessori Petzl: PUR&#8217;ICE, MINI MARTEAU, MASSELOTTES\u2026,<br \/>\n&#8211; appoggio TRIGREST QUARK regolabile in altezza senza attrezzo,<br \/>\n&#8211; appoggio GRIPREST QUARK facilmente ripiegabile per piantare la piccozza nella neve,<br \/>\n&#8211; foro di collegamento compatibile con la fettuccia estensibile di sicurezza V-LINK,<br \/>\n&#8211; soltanto 465 g senza accessori.<\/li>\n<\/ul>\n<p>&nbsp;<\/p>\n<p>La Petzl Quark, disponibile in modalit\u00e0 paletta e martello \u00e8 una soluzione tecnica all around per alpinismo di alto livello. Consigliata la longe compatibile <a href=\"https:\/\/www.sestogrado.it\/it\/prodotto\/petzl-v-link-longe-estensibile-per-piccozza\/\" target=\"_blank\" rel=\"noopener noreferrer\">Petzl V-Link<\/a><\/p>\n<p>&nbsp;<\/p>\n<p>Guarda la nuova gamma di piccozze Petzl e le novit\u00e0 della Quark:<\/p>\n<div class=\"embed-responsive embed-responsive-16by9\"><iframe title=\"ISPO2018 Le piccozze Petzl per la stagione 2018\/2019\" width=\"500\" height=\"281\" src=\"https:\/\/www.youtube.com\/embed\/jHn63J5UKHA?feature=oembed\" frameborder=\"0\" allow=\"accelerometer; autoplay; clipboard-write; encrypted-media; gyroscope; picture-in-picture; web-share\" referrerpolicy=\"strict-origin-when-cross-origin\" allowfullscreen><\/iframe><\/div>\n<p>&nbsp;<\/p>\n","protected":false},"excerpt":{"rendered":"<p>Rinnovata e migliorata, la PETZL QUARK \u00e8 la piccozza di riferimento nell&#8217;alpinismo tecnico ed arrampicata su ghiaccio. Il manico ora [&hellip;]<\/p>\n","protected":false},"featured_media":16805,"comment_status":"open","ping_status":"closed","template":"","meta":{"_acf_changed":false},"product_brand":[50],"product_cat":[152],"product_tag":[],"class_list":{"0":"post-9357","1":"product","2":"type-product","3":"status-publish","4":"has-post-thumbnail","6":"product_brand-petzl","7":"product_cat-piccozze","9":"first","10":"instock","11":"sale","12":"taxable","13":"shipping-taxable","14":"purchasable","15":"product-type-variable"},"acf":[],"yoast_head":"<!-- This site is optimized with the Yoast SEO plugin v26.4 - https:\/\/yoast.com\/wordpress\/plugins\/seo\/ -->\n<title>Petzl Quark piccozza - Sestogrado<\/title>\n<meta name=\"description\" content=\"La PETZL QUARK \u00e8 una piccozza polivalente, principalmente destinata all&#039;alpinismo tecnico e all&#039;arrampicata su ghiaccio. Rinnovata e migliorata dall&#039;estate 2018, la PETZL QUARK \u00e8 la piccozza di riferimento nell&#039;alpinismo tecnico ed arrampicata su ghiaccio.\" \/>\n<meta name=\"robots\" content=\"index, follow, max-snippet:-1, max-image-preview:large, max-video-preview:-1\" \/>\n<link rel=\"canonical\" href=\"https:\/\/www.sestogrado.it\/en\/prodotto\/petzl-quark-piccozza\/\" \/>\n<meta property=\"og:locale\" content=\"en_US\" \/>\n<meta property=\"og:type\" content=\"article\" \/>\n<meta property=\"og:title\" content=\"Petzl Quark piccozza - Sestogrado\" \/>\n<meta property=\"og:description\" content=\"La PETZL QUARK \u00e8 una piccozza polivalente, principalmente destinata all&#039;alpinismo tecnico e all&#039;arrampicata su ghiaccio. Rinnovata e migliorata dall&#039;estate 2018, la PETZL QUARK \u00e8 la piccozza di riferimento nell&#039;alpinismo tecnico ed arrampicata su ghiaccio.\" \/>\n<meta property=\"og:url\" content=\"https:\/\/www.sestogrado.it\/en\/prodotto\/petzl-quark-piccozza\/\" \/>\n<meta property=\"og:site_name\" content=\"Sestogrado\" \/>\n<meta property=\"article:publisher\" content=\"https:\/\/www.facebook.com\/pages\/Sestogrado\/1542635979353017?ref=bookmarks\" \/>\n<meta property=\"article:modified_time\" content=\"2026-05-06T21:14:20+00:00\" \/>\n<meta property=\"og:image\" content=\"https:\/\/www.sestogrado.it\/wp-content\/uploads\/2016\/12\/01-6.jpg\" \/>\n\t<meta property=\"og:image:width\" content=\"1276\" \/>\n\t<meta property=\"og:image:height\" content=\"1276\" \/>\n\t<meta property=\"og:image:type\" content=\"image\/jpeg\" \/>\n<meta name=\"twitter:label1\" content=\"Availability\" \/>\n\t<meta name=\"twitter:data1\" content=\"In stock\" \/>\n<script type=\"application\/ld+json\" class=\"yoast-schema-graph\">{\"@context\":\"https:\/\/schema.org\",\"@graph\":[{\"@type\":\"WebPage\",\"@id\":\"https:\/\/www.sestogrado.it\/en\/prodotto\/petzl-quark-piccozza\/\",\"url\":\"https:\/\/www.sestogrado.it\/en\/prodotto\/petzl-quark-piccozza\/\",\"name\":\"Petzl Quark piccozza - Sestogrado\",\"isPartOf\":{\"@id\":\"https:\/\/www.sestogrado.it\/en\/#website\"},\"primaryImageOfPage\":{\"@id\":\"https:\/\/www.sestogrado.it\/en\/prodotto\/petzl-quark-piccozza\/#primaryimage\"},\"image\":{\"@id\":\"https:\/\/www.sestogrado.it\/prodotto\/petzl-quark-piccozza\/#primaryimage\"},\"thumbnailUrl\":\"https:\/\/www.sestogrado.it\/wp-content\/uploads\/2016\/12\/01-6.jpg\",\"datePublished\":\"2018-07-11T07:10:45+00:00\",\"dateModified\":\"2026-05-06T21:14:20+00:00\",\"description\":\"La PETZL QUARK \u00e8 una piccozza polivalente, principalmente destinata all'alpinismo tecnico e all'arrampicata su ghiaccio. Rinnovata e migliorata dall'estate 2018, la PETZL QUARK \u00e8 la piccozza di riferimento nell'alpinismo tecnico ed arrampicata su ghiaccio.\",\"breadcrumb\":{\"@id\":\"https:\/\/www.sestogrado.it\/en\/prodotto\/petzl-quark-piccozza\/#breadcrumb\"},\"inLanguage\":\"en-US\",\"potentialAction\":[{\"@type\":\"ReadAction\",\"target\":[[\"https:\/\/www.sestogrado.it\/en\/prodotto\/petzl-quark-piccozza\/\"]]}]},{\"@type\":\"ImageObject\",\"inLanguage\":\"en-US\",\"@id\":\"https:\/\/www.sestogrado.it\/en\/prodotto\/petzl-quark-piccozza\/#primaryimage\",\"url\":\"https:\/\/www.sestogrado.it\/wp-content\/uploads\/2016\/12\/01-6.jpg\",\"contentUrl\":\"https:\/\/www.sestogrado.it\/wp-content\/uploads\/2016\/12\/01-6.jpg\",\"width\":1276,\"height\":1276,\"caption\":\"petzl quark\"},{\"@type\":\"BreadcrumbList\",\"@id\":\"https:\/\/www.sestogrado.it\/en\/prodotto\/petzl-quark-piccozza\/#breadcrumb\",\"itemListElement\":[{\"@type\":\"ListItem\",\"position\":1,\"name\":\"Home\",\"item\":\"https:\/\/www.sestogrado.it\/en\/\"},{\"@type\":\"ListItem\",\"position\":2,\"name\":\"Shop\",\"item\":\"https:\/\/www.sestogrado.it\/en\/shop\/\"},{\"@type\":\"ListItem\",\"position\":3,\"name\":\"Petzl Quark piccozza\"}]},{\"@type\":\"WebSite\",\"@id\":\"https:\/\/www.sestogrado.it\/en\/#website\",\"url\":\"https:\/\/www.sestogrado.it\/en\/\",\"name\":\"Sestogrado\",\"description\":\"yes we climb\",\"publisher\":{\"@id\":\"https:\/\/www.sestogrado.it\/en\/#organization\"},\"potentialAction\":[{\"@type\":\"SearchAction\",\"target\":{\"@type\":\"EntryPoint\",\"urlTemplate\":\"https:\/\/www.sestogrado.it\/en\/?s={search_term_string}\"},\"query-input\":{\"@type\":\"PropertyValueSpecification\",\"valueRequired\":true,\"valueName\":\"search_term_string\"}}],\"inLanguage\":\"en-US\"},{\"@type\":\"Organization\",\"@id\":\"https:\/\/www.sestogrado.it\/en\/#organization\",\"name\":\"Sestogrado\",\"url\":\"https:\/\/www.sestogrado.it\/en\/\",\"logo\":{\"@type\":\"ImageObject\",\"inLanguage\":\"en-US\",\"@id\":\"https:\/\/www.sestogrado.it\/en\/#\/schema\/logo\/image\/\",\"url\":\"https:\/\/www.sestogrado.it\/wp-content\/uploads\/2015\/03\/sestogrado-favicon.png\",\"contentUrl\":\"https:\/\/www.sestogrado.it\/wp-content\/uploads\/2015\/03\/sestogrado-favicon.png\",\"width\":260,\"height\":260,\"caption\":\"Sestogrado\"},\"image\":{\"@id\":\"https:\/\/www.sestogrado.it\/en\/#\/schema\/logo\/image\/\"},\"sameAs\":[\"https:\/\/www.facebook.com\/pages\/Sestogrado\/1542635979353017?ref=bookmarks\",\"https:\/\/www.youtube.com\/channel\/UC847kAfTkaJsWpc1jtQwr3Q\"],\"hasMerchantReturnPolicy\":{\"@type\":\"MerchantReturnPolicy\",\"merchantReturnLink\":\"https:\/\/www.sestogrado.it\/en\/termini-e-condizioni\/\"}}]}<\/script>\n<meta property=\"product:brand\" content=\"Petzl\" \/>\n<meta property=\"og:availability\" content=\"instock\" \/>\n<meta property=\"product:availability\" content=\"instock\" \/>\n<meta property=\"product:condition\" content=\"new\" \/>\n<!-- \/ Yoast SEO plugin. -->","yoast_head_json":{"title":"Petzl Quark piccozza - Sestogrado","description":"La PETZL QUARK \u00e8 una piccozza polivalente, principalmente destinata all'alpinismo tecnico e all'arrampicata su ghiaccio. Rinnovata e migliorata dall'estate 2018, la PETZL QUARK \u00e8 la piccozza di riferimento nell'alpinismo tecnico ed arrampicata su ghiaccio.","robots":{"index":"index","follow":"follow","max-snippet":"max-snippet:-1","max-image-preview":"max-image-preview:large","max-video-preview":"max-video-preview:-1"},"canonical":"https:\/\/www.sestogrado.it\/en\/prodotto\/petzl-quark-piccozza\/","og_locale":"en_US","og_type":"article","og_title":"Petzl Quark piccozza - Sestogrado","og_description":"La PETZL QUARK \u00e8 una piccozza polivalente, principalmente destinata all'alpinismo tecnico e all'arrampicata su ghiaccio. Rinnovata e migliorata dall'estate 2018, la PETZL QUARK \u00e8 la piccozza di riferimento nell'alpinismo tecnico ed arrampicata su ghiaccio.","og_url":"https:\/\/www.sestogrado.it\/en\/prodotto\/petzl-quark-piccozza\/","og_site_name":"Sestogrado","article_publisher":"https:\/\/www.facebook.com\/pages\/Sestogrado\/1542635979353017?ref=bookmarks","article_modified_time":"2026-05-06T21:14:20+00:00","og_image":[{"width":1276,"height":1276,"url":"https:\/\/www.sestogrado.it\/wp-content\/uploads\/2016\/12\/01-6.jpg","type":"image\/jpeg"}],"twitter_misc":{"Availability":"In stock"},"schema":{"@context":"https:\/\/schema.org","@graph":[{"@type":"WebPage","@id":"https:\/\/www.sestogrado.it\/en\/prodotto\/petzl-quark-piccozza\/","url":"https:\/\/www.sestogrado.it\/en\/prodotto\/petzl-quark-piccozza\/","name":"Petzl Quark piccozza - Sestogrado","isPartOf":{"@id":"https:\/\/www.sestogrado.it\/en\/#website"},"primaryImageOfPage":{"@id":"https:\/\/www.sestogrado.it\/en\/prodotto\/petzl-quark-piccozza\/#primaryimage"},"image":{"@id":"https:\/\/www.sestogrado.it\/prodotto\/petzl-quark-piccozza\/#primaryimage"},"thumbnailUrl":"https:\/\/www.sestogrado.it\/wp-content\/uploads\/2016\/12\/01-6.jpg","datePublished":"2018-07-11T07:10:45+00:00","dateModified":"2026-05-06T21:14:20+00:00","description":"La PETZL QUARK \u00e8 una piccozza polivalente, principalmente destinata all'alpinismo tecnico e all'arrampicata su ghiaccio. Rinnovata e migliorata dall'estate 2018, la PETZL QUARK \u00e8 la piccozza di riferimento nell'alpinismo tecnico ed arrampicata su ghiaccio.","breadcrumb":{"@id":"https:\/\/www.sestogrado.it\/en\/prodotto\/petzl-quark-piccozza\/#breadcrumb"},"inLanguage":"en-US","potentialAction":[{"@type":"ReadAction","target":[["https:\/\/www.sestogrado.it\/en\/prodotto\/petzl-quark-piccozza\/"]]}]},{"@type":"ImageObject","inLanguage":"en-US","@id":"https:\/\/www.sestogrado.it\/en\/prodotto\/petzl-quark-piccozza\/#primaryimage","url":"https:\/\/www.sestogrado.it\/wp-content\/uploads\/2016\/12\/01-6.jpg","contentUrl":"https:\/\/www.sestogrado.it\/wp-content\/uploads\/2016\/12\/01-6.jpg","width":1276,"height":1276,"caption":"petzl quark"},{"@type":"BreadcrumbList","@id":"https:\/\/www.sestogrado.it\/en\/prodotto\/petzl-quark-piccozza\/#breadcrumb","itemListElement":[{"@type":"ListItem","position":1,"name":"Home","item":"https:\/\/www.sestogrado.it\/en\/"},{"@type":"ListItem","position":2,"name":"Shop","item":"https:\/\/www.sestogrado.it\/en\/shop\/"},{"@type":"ListItem","position":3,"name":"Petzl Quark piccozza"}]},{"@type":"WebSite","@id":"https:\/\/www.sestogrado.it\/en\/#website","url":"https:\/\/www.sestogrado.it\/en\/","name":"Sestogrado","description":"yes we climb","publisher":{"@id":"https:\/\/www.sestogrado.it\/en\/#organization"},"potentialAction":[{"@type":"SearchAction","target":{"@type":"EntryPoint","urlTemplate":"https:\/\/www.sestogrado.it\/en\/?s={search_term_string}"},"query-input":{"@type":"PropertyValueSpecification","valueRequired":true,"valueName":"search_term_string"}}],"inLanguage":"en-US"},{"@type":"Organization","@id":"https:\/\/www.sestogrado.it\/en\/#organization","name":"Sestogrado","url":"https:\/\/www.sestogrado.it\/en\/","logo":{"@type":"ImageObject","inLanguage":"en-US","@id":"https:\/\/www.sestogrado.it\/en\/#\/schema\/logo\/image\/","url":"https:\/\/www.sestogrado.it\/wp-content\/uploads\/2015\/03\/sestogrado-favicon.png","contentUrl":"https:\/\/www.sestogrado.it\/wp-content\/uploads\/2015\/03\/sestogrado-favicon.png","width":260,"height":260,"caption":"Sestogrado"},"image":{"@id":"https:\/\/www.sestogrado.it\/en\/#\/schema\/logo\/image\/"},"sameAs":["https:\/\/www.facebook.com\/pages\/Sestogrado\/1542635979353017?ref=bookmarks","https:\/\/www.youtube.com\/channel\/UC847kAfTkaJsWpc1jtQwr3Q"],"hasMerchantReturnPolicy":{"@type":"MerchantReturnPolicy","merchantReturnLink":"https:\/\/www.sestogrado.it\/en\/termini-e-condizioni\/"}}]},"product_brand":"Petzl","og_availability":"instock","product_availability":"instock","product_condition":"new"},"_links":{"self":[{"href":"https:\/\/www.sestogrado.it\/en\/wp-json\/wp\/v2\/product\/9357","targetHints":{"allow":["GET"]}}],"collection":[{"href":"https:\/\/www.sestogrado.it\/en\/wp-json\/wp\/v2\/product"}],"about":[{"href":"https:\/\/www.sestogrado.it\/en\/wp-json\/wp\/v2\/types\/product"}],"replies":[{"embeddable":true,"href":"https:\/\/www.sestogrado.it\/en\/wp-json\/wp\/v2\/comments?post=9357"}],"wp:featuredmedia":[{"embeddable":true,"href":"https:\/\/www.sestogrado.it\/en\/wp-json\/wp\/v2\/media\/16805"}],"wp:attachment":[{"href":"https:\/\/www.sestogrado.it\/en\/wp-json\/wp\/v2\/media?parent=9357"}],"wp:term":[{"taxonomy":"product_brand","embeddable":true,"href":"https:\/\/www.sestogrado.it\/en\/wp-json\/wp\/v2\/product_brand?post=9357"},{"taxonomy":"product_cat","embeddable":true,"href":"https:\/\/www.sestogrado.it\/en\/wp-json\/wp\/v2\/product_cat?post=9357"},{"taxonomy":"product_tag","embeddable":true,"href":"https:\/\/www.sestogrado.it\/en\/wp-json\/wp\/v2\/product_tag?post=9357"}],"curies":[{"name":"wp","href":"https:\/\/api.w.org\/{rel}","templated":true}]}}