{"id":93560,"date":"2022-02-02T12:31:49","date_gmt":"2022-02-02T11:31:49","guid":{"rendered":"https:\/\/www.sestogrado.it\/?post_type=product&#038;p=93560"},"modified":"2025-12-15T10:10:18","modified_gmt":"2025-12-15T09:10:18","slug":"camelbak-tumbler-sst-vacuum-insulated-035l","status":"publish","type":"product","link":"https:\/\/www.sestogrado.it\/en\/prodotto\/camelbak-tumbler-sst-vacuum-insulated-035l\/","title":{"rendered":"Camelbak Tumbler SST Vacuum Insulated steel 0,35L\/12oz tumbler"},"content":{"rendered":"<p>The<strong> Camelbak Tumbler SST Vacuum Insulated steel 350ml\/12oz<\/strong>\u00a0 is constructed in double-walled, vacuum-insulated stainless steel, keeping hot drinks cozy and cold beverages chilly.<\/p>\n<p>It\u2019s topped off with a tri-mode lid for flow control so you can sip at your own speed.<\/p>\n<p>The heavy-duty powder coat is scratch resistant and allows you to toss the tumbler in the dishwasher when you\u2019re finished.<\/p>\n<p>A non-slip silicone pad on the base grips surfaces to avoid scratches and spills. Free of BPA, BPS, and BPF.<\/p>\n<ul>\n<li>Vacuum insulated &#8211; double wall vacuum insulated to maintain temperature<\/li>\n<li>Spill resistant &#8211; tri-mode lid for flow control<\/li>\n<li>Non-slip silicone base<\/li>\n<li>Durable &#8211; 18\/8 Stainless steel with full powder-coat finish<\/li>\n<li>Dishwasher safe<\/li>\n<li>BPA, BPS and BPF free<\/li>\n<li>4 hours hot, 6 hours cold<\/li>\n<\/ul>\n<p><strong>Cocktail sophisticated, outdoor durable.<\/strong><\/p>","protected":false},"excerpt":{"rendered":"<p>The Camelbak Tumbler SST Vacuum Insulated steel 350ml\/12oz\u00a0 is constructed in double-walled, vacuum-insulated stainless steel, keeping hot drinks cozy and [&hellip;]<\/p>\n","protected":false},"featured_media":93561,"comment_status":"open","ping_status":"closed","template":"","meta":{"_acf_changed":false},"product_brand":[645],"product_cat":[1233],"product_tag":[1235,1237,1234,1238,1236],"class_list":{"0":"post-93560","1":"product","2":"type-product","3":"status-publish","4":"has-post-thumbnail","6":"product_brand-camelbak","7":"product_cat-idratazione","8":"product_tag-bicchiere-escursione","9":"product_tag-bicchiere-falesia","10":"product_tag-bicchiere-termico","11":"product_tag-bicchiere-termico-falesia","12":"product_tag-tazza-termica-escursione","14":"first","15":"instock","16":"sale","17":"taxable","18":"shipping-taxable","19":"purchasable","20":"product-type-simple"},"acf":[],"yoast_head":"<!-- This site is optimized with the Yoast SEO plugin v26.4 - https:\/\/yoast.com\/wordpress\/plugins\/seo\/ -->\n<title>Camelbak Tumbler SST Vacuum Insulated steel 0,35L\/12oz tumbler - Sestogrado<\/title>\n<meta name=\"description\" content=\"Il Camelbak Tumbler SST Vacuum Insulated 0,35L \u00e8 un bicchiere da escursione e falesia, costruito in acciaio inossidabile a doppia parete, isolato sottovuoto, che mantiene le bevande inalterate e fredde\/calde per 6\/4 ore. \u00c8 fornito con coperchio a tre modalit\u00e0 per il controllo del flusso in modo da poter sorseggiare alla tua velocit\u00e0. Il rivestimento con filatura a polvere resistente \u00e8 resistente ai graffi e ti consente di gettare il bicchiere in lavastoviglie quando hai finito. Un pad in silicone antiscivolo sulla base aderisce alle superfici per evitare graffi e fuoriuscite. Privo di BPA, BPS e BPF.\" \/>\n<meta name=\"robots\" content=\"index, follow, max-snippet:-1, max-image-preview:large, max-video-preview:-1\" \/>\n<link rel=\"canonical\" href=\"https:\/\/www.sestogrado.it\/en\/prodotto\/camelbak-tumbler-sst-vacuum-insulated-035l\/\" \/>\n<meta property=\"og:locale\" content=\"en_US\" \/>\n<meta property=\"og:type\" content=\"article\" \/>\n<meta property=\"og:title\" content=\"Camelbak Tumbler SST Vacuum Insulated steel 0,35L\/12oz tumbler - Sestogrado\" \/>\n<meta property=\"og:description\" content=\"Il Camelbak Tumbler SST Vacuum Insulated 0,35L \u00e8 un bicchiere da escursione e falesia, costruito in acciaio inossidabile a doppia parete, isolato sottovuoto, che mantiene le bevande inalterate e fredde\/calde per 6\/4 ore. \u00c8 fornito con coperchio a tre modalit\u00e0 per il controllo del flusso in modo da poter sorseggiare alla tua velocit\u00e0. Il rivestimento con filatura a polvere resistente \u00e8 resistente ai graffi e ti consente di gettare il bicchiere in lavastoviglie quando hai finito. Un pad in silicone antiscivolo sulla base aderisce alle superfici per evitare graffi e fuoriuscite. Privo di BPA, BPS e BPF.\" \/>\n<meta property=\"og:url\" content=\"https:\/\/www.sestogrado.it\/en\/prodotto\/camelbak-tumbler-sst-vacuum-insulated-035l\/\" \/>\n<meta property=\"og:site_name\" content=\"Sestogrado\" \/>\n<meta property=\"article:publisher\" content=\"https:\/\/www.facebook.com\/pages\/Sestogrado\/1542635979353017?ref=bookmarks\" \/>\n<meta property=\"article:modified_time\" content=\"2025-12-15T09:10:18+00:00\" \/>\n<meta property=\"og:image\" content=\"https:\/\/www.sestogrado.it\/wp-content\/uploads\/2022\/02\/horizon-vacuum-insulated-stainless-steel-tumbler-350ml-12oz-p155-1810_image.jpg\" \/>\n\t<meta property=\"og:image:width\" content=\"1200\" \/>\n\t<meta property=\"og:image:height\" content=\"1200\" \/>\n\t<meta property=\"og:image:type\" content=\"image\/jpeg\" \/>\n<meta name=\"twitter:label1\" content=\"Price\" \/>\n\t<meta name=\"twitter:data1\" content=\"&euro;&nbsp;22,50\" \/>\n\t<meta name=\"twitter:label2\" content=\"Availability\" \/>\n\t<meta name=\"twitter:data2\" content=\"In stock\" \/>\n<script type=\"application\/ld+json\" class=\"yoast-schema-graph\">{\"@context\":\"https:\/\/schema.org\",\"@graph\":[{\"@type\":\"WebPage\",\"@id\":\"https:\/\/www.sestogrado.it\/en\/prodotto\/camelbak-tumbler-sst-vacuum-insulated-035l\/\",\"url\":\"https:\/\/www.sestogrado.it\/en\/prodotto\/camelbak-tumbler-sst-vacuum-insulated-035l\/\",\"name\":\"Camelbak Tumbler SST Vacuum Insulated steel 0,35L\/12oz tumbler - Sestogrado\",\"isPartOf\":{\"@id\":\"https:\/\/www.sestogrado.it\/en\/#website\"},\"primaryImageOfPage\":{\"@id\":\"https:\/\/www.sestogrado.it\/en\/prodotto\/camelbak-tumbler-sst-vacuum-insulated-035l\/#primaryimage\"},\"image\":{\"@id\":\"https:\/\/www.sestogrado.it\/prodotto\/camelbak-tumbler-sst-vacuum-insulated-035l\/#primaryimage\"},\"thumbnailUrl\":\"https:\/\/www.sestogrado.it\/wp-content\/uploads\/2022\/02\/horizon-vacuum-insulated-stainless-steel-tumbler-350ml-12oz-p155-1810_image.jpg\",\"datePublished\":\"2022-02-02T11:31:49+00:00\",\"dateModified\":\"2025-12-15T09:10:18+00:00\",\"description\":\"Il Camelbak Tumbler SST Vacuum Insulated 0,35L \u00e8 un bicchiere da escursione e falesia, costruito in acciaio inossidabile a doppia parete, isolato sottovuoto, che mantiene le bevande inalterate e fredde\/calde per 6\/4 ore. \u00c8 fornito con coperchio a tre modalit\u00e0 per il controllo del flusso in modo da poter sorseggiare alla tua velocit\u00e0. Il rivestimento con filatura a polvere resistente \u00e8 resistente ai graffi e ti consente di gettare il bicchiere in lavastoviglie quando hai finito. Un pad in silicone antiscivolo sulla base aderisce alle superfici per evitare graffi e fuoriuscite. Privo di BPA, BPS e BPF.\",\"breadcrumb\":{\"@id\":\"https:\/\/www.sestogrado.it\/en\/prodotto\/camelbak-tumbler-sst-vacuum-insulated-035l\/#breadcrumb\"},\"inLanguage\":\"en-US\",\"potentialAction\":[{\"@type\":\"ReadAction\",\"target\":[[\"https:\/\/www.sestogrado.it\/en\/prodotto\/camelbak-tumbler-sst-vacuum-insulated-035l\/\"]]}]},{\"@type\":\"ImageObject\",\"inLanguage\":\"en-US\",\"@id\":\"https:\/\/www.sestogrado.it\/en\/prodotto\/camelbak-tumbler-sst-vacuum-insulated-035l\/#primaryimage\",\"url\":\"https:\/\/www.sestogrado.it\/wp-content\/uploads\/2022\/02\/horizon-vacuum-insulated-stainless-steel-tumbler-350ml-12oz-p155-1810_image.jpg\",\"contentUrl\":\"https:\/\/www.sestogrado.it\/wp-content\/uploads\/2022\/02\/horizon-vacuum-insulated-stainless-steel-tumbler-350ml-12oz-p155-1810_image.jpg\",\"width\":1200,\"height\":1200,\"caption\":\"HORIZON\u2122 VACUUM INSULATED STAINLESS STEEL TUMBLER 350ML\/12OZ\"},{\"@type\":\"BreadcrumbList\",\"@id\":\"https:\/\/www.sestogrado.it\/en\/prodotto\/camelbak-tumbler-sst-vacuum-insulated-035l\/#breadcrumb\",\"itemListElement\":[{\"@type\":\"ListItem\",\"position\":1,\"name\":\"Home\",\"item\":\"https:\/\/www.sestogrado.it\/en\/\"},{\"@type\":\"ListItem\",\"position\":2,\"name\":\"Shop\",\"item\":\"https:\/\/www.sestogrado.it\/en\/shop\/\"},{\"@type\":\"ListItem\",\"position\":3,\"name\":\"Camelbak Tumbler SST Vacuum Insulated bicchiere isolato termico 0,35L\"}]},{\"@type\":\"WebSite\",\"@id\":\"https:\/\/www.sestogrado.it\/en\/#website\",\"url\":\"https:\/\/www.sestogrado.it\/en\/\",\"name\":\"Sestogrado\",\"description\":\"yes we climb\",\"publisher\":{\"@id\":\"https:\/\/www.sestogrado.it\/en\/#organization\"},\"potentialAction\":[{\"@type\":\"SearchAction\",\"target\":{\"@type\":\"EntryPoint\",\"urlTemplate\":\"https:\/\/www.sestogrado.it\/en\/?s={search_term_string}\"},\"query-input\":{\"@type\":\"PropertyValueSpecification\",\"valueRequired\":true,\"valueName\":\"search_term_string\"}}],\"inLanguage\":\"en-US\"},{\"@type\":\"Organization\",\"@id\":\"https:\/\/www.sestogrado.it\/en\/#organization\",\"name\":\"Sestogrado\",\"url\":\"https:\/\/www.sestogrado.it\/en\/\",\"logo\":{\"@type\":\"ImageObject\",\"inLanguage\":\"en-US\",\"@id\":\"https:\/\/www.sestogrado.it\/en\/#\/schema\/logo\/image\/\",\"url\":\"https:\/\/www.sestogrado.it\/wp-content\/uploads\/2015\/03\/sestogrado-favicon.png\",\"contentUrl\":\"https:\/\/www.sestogrado.it\/wp-content\/uploads\/2015\/03\/sestogrado-favicon.png\",\"width\":260,\"height\":260,\"caption\":\"Sestogrado\"},\"image\":{\"@id\":\"https:\/\/www.sestogrado.it\/en\/#\/schema\/logo\/image\/\"},\"sameAs\":[\"https:\/\/www.facebook.com\/pages\/Sestogrado\/1542635979353017?ref=bookmarks\",\"https:\/\/www.youtube.com\/channel\/UC847kAfTkaJsWpc1jtQwr3Q\"],\"hasMerchantReturnPolicy\":{\"@type\":\"MerchantReturnPolicy\",\"merchantReturnLink\":\"https:\/\/www.sestogrado.it\/en\/termini-e-condizioni\/\"}}]}<\/script>\n<meta property=\"product:brand\" content=\"Camelbak\" \/>\n<meta property=\"product:price:amount\" content=\"22.50\" \/>\n<meta property=\"product:price:currency\" content=\"EUR\" \/>\n<meta property=\"og:availability\" content=\"instock\" \/>\n<meta property=\"product:availability\" content=\"instock\" \/>\n<meta property=\"product:condition\" content=\"new\" \/>\n<!-- \/ Yoast SEO plugin. -->","yoast_head_json":{"title":"Camelbak Tumbler SST Vacuum Insulated steel 0,35L\/12oz tumbler - Sestogrado","description":"Il Camelbak Tumbler SST Vacuum Insulated 0,35L \u00e8 un bicchiere da escursione e falesia, costruito in acciaio inossidabile a doppia parete, isolato sottovuoto, che mantiene le bevande inalterate e fredde\/calde per 6\/4 ore. \u00c8 fornito con coperchio a tre modalit\u00e0 per il controllo del flusso in modo da poter sorseggiare alla tua velocit\u00e0. Il rivestimento con filatura a polvere resistente \u00e8 resistente ai graffi e ti consente di gettare il bicchiere in lavastoviglie quando hai finito. Un pad in silicone antiscivolo sulla base aderisce alle superfici per evitare graffi e fuoriuscite. Privo di BPA, BPS e BPF.","robots":{"index":"index","follow":"follow","max-snippet":"max-snippet:-1","max-image-preview":"max-image-preview:large","max-video-preview":"max-video-preview:-1"},"canonical":"https:\/\/www.sestogrado.it\/en\/prodotto\/camelbak-tumbler-sst-vacuum-insulated-035l\/","og_locale":"en_US","og_type":"article","og_title":"Camelbak Tumbler SST Vacuum Insulated steel 0,35L\/12oz tumbler - Sestogrado","og_description":"Il Camelbak Tumbler SST Vacuum Insulated 0,35L \u00e8 un bicchiere da escursione e falesia, costruito in acciaio inossidabile a doppia parete, isolato sottovuoto, che mantiene le bevande inalterate e fredde\/calde per 6\/4 ore. \u00c8 fornito con coperchio a tre modalit\u00e0 per il controllo del flusso in modo da poter sorseggiare alla tua velocit\u00e0. Il rivestimento con filatura a polvere resistente \u00e8 resistente ai graffi e ti consente di gettare il bicchiere in lavastoviglie quando hai finito. Un pad in silicone antiscivolo sulla base aderisce alle superfici per evitare graffi e fuoriuscite. Privo di BPA, BPS e BPF.","og_url":"https:\/\/www.sestogrado.it\/en\/prodotto\/camelbak-tumbler-sst-vacuum-insulated-035l\/","og_site_name":"Sestogrado","article_publisher":"https:\/\/www.facebook.com\/pages\/Sestogrado\/1542635979353017?ref=bookmarks","article_modified_time":"2025-12-15T09:10:18+00:00","og_image":[{"width":1200,"height":1200,"url":"https:\/\/www.sestogrado.it\/wp-content\/uploads\/2022\/02\/horizon-vacuum-insulated-stainless-steel-tumbler-350ml-12oz-p155-1810_image.jpg","type":"image\/jpeg"}],"twitter_misc":{"Price":"&euro;&nbsp;22,50","Availability":"In stock"},"schema":{"@context":"https:\/\/schema.org","@graph":[{"@type":"WebPage","@id":"https:\/\/www.sestogrado.it\/en\/prodotto\/camelbak-tumbler-sst-vacuum-insulated-035l\/","url":"https:\/\/www.sestogrado.it\/en\/prodotto\/camelbak-tumbler-sst-vacuum-insulated-035l\/","name":"Camelbak Tumbler SST Vacuum Insulated steel 0,35L\/12oz tumbler - Sestogrado","isPartOf":{"@id":"https:\/\/www.sestogrado.it\/en\/#website"},"primaryImageOfPage":{"@id":"https:\/\/www.sestogrado.it\/en\/prodotto\/camelbak-tumbler-sst-vacuum-insulated-035l\/#primaryimage"},"image":{"@id":"https:\/\/www.sestogrado.it\/prodotto\/camelbak-tumbler-sst-vacuum-insulated-035l\/#primaryimage"},"thumbnailUrl":"https:\/\/www.sestogrado.it\/wp-content\/uploads\/2022\/02\/horizon-vacuum-insulated-stainless-steel-tumbler-350ml-12oz-p155-1810_image.jpg","datePublished":"2022-02-02T11:31:49+00:00","dateModified":"2025-12-15T09:10:18+00:00","description":"Il Camelbak Tumbler SST Vacuum Insulated 0,35L \u00e8 un bicchiere da escursione e falesia, costruito in acciaio inossidabile a doppia parete, isolato sottovuoto, che mantiene le bevande inalterate e fredde\/calde per 6\/4 ore. \u00c8 fornito con coperchio a tre modalit\u00e0 per il controllo del flusso in modo da poter sorseggiare alla tua velocit\u00e0. Il rivestimento con filatura a polvere resistente \u00e8 resistente ai graffi e ti consente di gettare il bicchiere in lavastoviglie quando hai finito. Un pad in silicone antiscivolo sulla base aderisce alle superfici per evitare graffi e fuoriuscite. Privo di BPA, BPS e BPF.","breadcrumb":{"@id":"https:\/\/www.sestogrado.it\/en\/prodotto\/camelbak-tumbler-sst-vacuum-insulated-035l\/#breadcrumb"},"inLanguage":"en-US","potentialAction":[{"@type":"ReadAction","target":[["https:\/\/www.sestogrado.it\/en\/prodotto\/camelbak-tumbler-sst-vacuum-insulated-035l\/"]]}]},{"@type":"ImageObject","inLanguage":"en-US","@id":"https:\/\/www.sestogrado.it\/en\/prodotto\/camelbak-tumbler-sst-vacuum-insulated-035l\/#primaryimage","url":"https:\/\/www.sestogrado.it\/wp-content\/uploads\/2022\/02\/horizon-vacuum-insulated-stainless-steel-tumbler-350ml-12oz-p155-1810_image.jpg","contentUrl":"https:\/\/www.sestogrado.it\/wp-content\/uploads\/2022\/02\/horizon-vacuum-insulated-stainless-steel-tumbler-350ml-12oz-p155-1810_image.jpg","width":1200,"height":1200,"caption":"HORIZON\u2122 VACUUM INSULATED STAINLESS STEEL TUMBLER 350ML\/12OZ"},{"@type":"BreadcrumbList","@id":"https:\/\/www.sestogrado.it\/en\/prodotto\/camelbak-tumbler-sst-vacuum-insulated-035l\/#breadcrumb","itemListElement":[{"@type":"ListItem","position":1,"name":"Home","item":"https:\/\/www.sestogrado.it\/en\/"},{"@type":"ListItem","position":2,"name":"Shop","item":"https:\/\/www.sestogrado.it\/en\/shop\/"},{"@type":"ListItem","position":3,"name":"Camelbak Tumbler SST Vacuum Insulated bicchiere isolato termico 0,35L"}]},{"@type":"WebSite","@id":"https:\/\/www.sestogrado.it\/en\/#website","url":"https:\/\/www.sestogrado.it\/en\/","name":"Sestogrado","description":"yes we climb","publisher":{"@id":"https:\/\/www.sestogrado.it\/en\/#organization"},"potentialAction":[{"@type":"SearchAction","target":{"@type":"EntryPoint","urlTemplate":"https:\/\/www.sestogrado.it\/en\/?s={search_term_string}"},"query-input":{"@type":"PropertyValueSpecification","valueRequired":true,"valueName":"search_term_string"}}],"inLanguage":"en-US"},{"@type":"Organization","@id":"https:\/\/www.sestogrado.it\/en\/#organization","name":"Sestogrado","url":"https:\/\/www.sestogrado.it\/en\/","logo":{"@type":"ImageObject","inLanguage":"en-US","@id":"https:\/\/www.sestogrado.it\/en\/#\/schema\/logo\/image\/","url":"https:\/\/www.sestogrado.it\/wp-content\/uploads\/2015\/03\/sestogrado-favicon.png","contentUrl":"https:\/\/www.sestogrado.it\/wp-content\/uploads\/2015\/03\/sestogrado-favicon.png","width":260,"height":260,"caption":"Sestogrado"},"image":{"@id":"https:\/\/www.sestogrado.it\/en\/#\/schema\/logo\/image\/"},"sameAs":["https:\/\/www.facebook.com\/pages\/Sestogrado\/1542635979353017?ref=bookmarks","https:\/\/www.youtube.com\/channel\/UC847kAfTkaJsWpc1jtQwr3Q"],"hasMerchantReturnPolicy":{"@type":"MerchantReturnPolicy","merchantReturnLink":"https:\/\/www.sestogrado.it\/en\/termini-e-condizioni\/"}}]},"product_brand":"Camelbak","product_price_amount":"22.50","product_price_currency":"EUR","og_availability":"instock","product_availability":"instock","product_condition":"new"},"_links":{"self":[{"href":"https:\/\/www.sestogrado.it\/en\/wp-json\/wp\/v2\/product\/93560","targetHints":{"allow":["GET"]}}],"collection":[{"href":"https:\/\/www.sestogrado.it\/en\/wp-json\/wp\/v2\/product"}],"about":[{"href":"https:\/\/www.sestogrado.it\/en\/wp-json\/wp\/v2\/types\/product"}],"replies":[{"embeddable":true,"href":"https:\/\/www.sestogrado.it\/en\/wp-json\/wp\/v2\/comments?post=93560"}],"wp:featuredmedia":[{"embeddable":true,"href":"https:\/\/www.sestogrado.it\/en\/wp-json\/wp\/v2\/media\/93561"}],"wp:attachment":[{"href":"https:\/\/www.sestogrado.it\/en\/wp-json\/wp\/v2\/media?parent=93560"}],"wp:term":[{"taxonomy":"product_brand","embeddable":true,"href":"https:\/\/www.sestogrado.it\/en\/wp-json\/wp\/v2\/product_brand?post=93560"},{"taxonomy":"product_cat","embeddable":true,"href":"https:\/\/www.sestogrado.it\/en\/wp-json\/wp\/v2\/product_cat?post=93560"},{"taxonomy":"product_tag","embeddable":true,"href":"https:\/\/www.sestogrado.it\/en\/wp-json\/wp\/v2\/product_tag?post=93560"}],"curies":[{"name":"wp","href":"https:\/\/api.w.org\/{rel}","templated":true}]}}