{"id":9137,"date":"2024-04-05T11:34:09","date_gmt":"2024-04-05T09:34:09","guid":{"rendered":"http:\/\/www.sestogrado.it\/prodotto\/arco-plaisir\/"},"modified":"2026-04-23T23:23:06","modified_gmt":"2026-04-23T21:23:06","slug":"idea-montagna-arco-plaisir","status":"publish","type":"product","link":"https:\/\/www.sestogrado.it\/en\/prodotto\/idea-montagna-arco-plaisir\/","title":{"rendered":"Arco plaisir"},"content":{"rendered":"<p><\/p>\n<div id=\"slidedescr\">\n<div id=\"slidedescr-dx\">\n<div class=\"scrollervertdescrlibro\">\n<p>Arco Plaisir racchiude le vie di Arco di maggior soddisfazione da compiere\u00a0per il puro piacere del gesto e dell&#8217;ambiente.<\/p>\n<p>La zona di Arco e della Valle del Sarca \u00e8 indiscutibilmente una delle pi\u00f9 rinomate a livello europeo per tutti gli sport outdoor. Indubbiamente l&#8217;arrampicata ha un ruolo determinante. Ecco una guida che conduce alla scoperta delle 83 vie plaisir:<\/p>\n<p>\u2022 Monte Castello di Gaino<br \/>\n\u2022 Corno di B\u00f2<br \/>\n\u2022 Monte Baone<br \/>\n\u2022 Placche di Baone<br \/>\n\u2022 Parete di Padaro<br \/>\n\u2022 Colodri<br \/>\n\u2022 Parete di San Paolo<br \/>\n\u2022 Coste dell&#8217;Anglone<br \/>\n\u2022 Placche di Dro<br \/>\n\u2022 Piramide Lakshmi<br \/>\n\u2022 Parete zebrata<br \/>\n\u2022 Piccolo Dain<br \/>\n\u2022 Santa Massenza, due laghi<\/p>\n<\/div>\n<\/div>\n<\/div>\n<p><\/p>","protected":false},"excerpt":{"rendered":"<p>Arco Plaisir racchiude le vie di Arco di maggior soddisfazione da compiere\u00a0per il puro piacere del gesto e dell&#8217;ambiente. La [&hellip;]<\/p>\n","protected":false},"featured_media":98733,"comment_status":"open","ping_status":"closed","template":"","meta":{"_acf_changed":false},"product_brand":[331],"product_cat":[98],"product_tag":[],"class_list":{"0":"post-9137","1":"product","2":"type-product","3":"status-publish","4":"has-post-thumbnail","6":"product_brand-idea-montagna","7":"product_cat-libri","9":"first","10":"instock","11":"sale","12":"taxable","13":"shipping-taxable","14":"purchasable","15":"product-type-simple"},"acf":[],"yoast_head":"<!-- This site is optimized with the Yoast SEO plugin v26.4 - https:\/\/yoast.com\/wordpress\/plugins\/seo\/ -->\n<title>Arco plaisir - Sestogrado<\/title>\n<meta name=\"description\" content=\"Arco Plaisir \u00e8 la guide delle vie lunghe in stile plaisir ad Arco ed in Valle del Sarca. In meno di tre anni la guida \u00e8 arrivata alla terza edizione, sempre pi\u00f9 ricca e precisa. Numerose sono infatti le vie aggiunte, ben 17, oltre che a correzioni e immagini rinnovate. L\u2019autore ha dato spazio anche a tre settori nuovi, segno che Arco e la Valle del Sarca sono una vera fucina di arrampicate di piacevole e sicuro interesse.La zona di Arco e della Valle del Sarca \u00e8 indiscutibilmente una delle pi\u00f9 rinomate a livello europeo per tutti gli sport outdoor. Indubbiamente l&#039;arrampicata ha un ruolo determinante. Ecco una guida che conduce alla scoperta di vie &quot;plaisir&quot;, cio\u00e8 da compiere per il puro piacere del gesto e dell&#039;ambiente.\" \/>\n<meta name=\"robots\" content=\"index, follow, max-snippet:-1, max-image-preview:large, max-video-preview:-1\" \/>\n<link rel=\"canonical\" href=\"https:\/\/www.sestogrado.it\/en\/prodotto\/idea-montagna-arco-plaisir\/\" \/>\n<meta property=\"og:locale\" content=\"en_US\" \/>\n<meta property=\"og:type\" content=\"article\" \/>\n<meta property=\"og:title\" content=\"Arco plaisir - Sestogrado\" \/>\n<meta property=\"og:description\" content=\"Arco Plaisir \u00e8 la guide delle vie lunghe in stile plaisir ad Arco ed in Valle del Sarca. In meno di tre anni la guida \u00e8 arrivata alla terza edizione, sempre pi\u00f9 ricca e precisa. Numerose sono infatti le vie aggiunte, ben 17, oltre che a correzioni e immagini rinnovate. L\u2019autore ha dato spazio anche a tre settori nuovi, segno che Arco e la Valle del Sarca sono una vera fucina di arrampicate di piacevole e sicuro interesse.La zona di Arco e della Valle del Sarca \u00e8 indiscutibilmente una delle pi\u00f9 rinomate a livello europeo per tutti gli sport outdoor. Indubbiamente l&#039;arrampicata ha un ruolo determinante. Ecco una guida che conduce alla scoperta di vie &quot;plaisir&quot;, cio\u00e8 da compiere per il puro piacere del gesto e dell&#039;ambiente.\" \/>\n<meta property=\"og:url\" content=\"https:\/\/www.sestogrado.it\/en\/prodotto\/idea-montagna-arco-plaisir\/\" \/>\n<meta property=\"og:site_name\" content=\"Sestogrado\" \/>\n<meta property=\"article:publisher\" content=\"https:\/\/www.facebook.com\/pages\/Sestogrado\/1542635979353017?ref=bookmarks\" \/>\n<meta property=\"article:modified_time\" content=\"2026-04-23T21:23:06+00:00\" \/>\n<meta property=\"og:image\" content=\"https:\/\/www.sestogrado.it\/wp-content\/uploads\/2016\/11\/arco-plasir-3-ediz.jpg\" \/>\n\t<meta property=\"og:image:width\" content=\"900\" \/>\n\t<meta property=\"og:image:height\" content=\"900\" \/>\n\t<meta property=\"og:image:type\" content=\"image\/jpeg\" \/>\n<meta name=\"twitter:label1\" content=\"Price\" \/>\n\t<meta name=\"twitter:data1\" content=\"&euro;&nbsp;19,90\" \/>\n\t<meta name=\"twitter:label2\" content=\"Availability\" \/>\n\t<meta name=\"twitter:data2\" content=\"In stock\" \/>\n<script type=\"application\/ld+json\" class=\"yoast-schema-graph\">{\"@context\":\"https:\/\/schema.org\",\"@graph\":[{\"@type\":\"WebPage\",\"@id\":\"https:\/\/www.sestogrado.it\/en\/prodotto\/idea-montagna-arco-plaisir\/\",\"url\":\"https:\/\/www.sestogrado.it\/en\/prodotto\/idea-montagna-arco-plaisir\/\",\"name\":\"Arco plaisir - Sestogrado\",\"isPartOf\":{\"@id\":\"https:\/\/www.sestogrado.it\/en\/#website\"},\"primaryImageOfPage\":{\"@id\":\"https:\/\/www.sestogrado.it\/en\/prodotto\/idea-montagna-arco-plaisir\/#primaryimage\"},\"image\":{\"@id\":\"https:\/\/www.sestogrado.it\/prodotto\/idea-montagna-arco-plaisir\/#primaryimage\"},\"thumbnailUrl\":\"https:\/\/www.sestogrado.it\/wp-content\/uploads\/2016\/11\/arco-plasir-3-ediz.jpg\",\"datePublished\":\"2024-04-05T09:34:09+00:00\",\"dateModified\":\"2026-04-23T21:23:06+00:00\",\"description\":\"Arco Plaisir \u00e8 la guide delle vie lunghe in stile plaisir ad Arco ed in Valle del Sarca. In meno di tre anni la guida \u00e8 arrivata alla terza edizione, sempre pi\u00f9 ricca e precisa. Numerose sono infatti le vie aggiunte, ben 17, oltre che a correzioni e immagini rinnovate. L\u2019autore ha dato spazio anche a tre settori nuovi, segno che Arco e la Valle del Sarca sono una vera fucina di arrampicate di piacevole e sicuro interesse.La zona di Arco e della Valle del Sarca \u00e8 indiscutibilmente una delle pi\u00f9 rinomate a livello europeo per tutti gli sport outdoor. Indubbiamente l'arrampicata ha un ruolo determinante. Ecco una guida che conduce alla scoperta di vie \\\"plaisir\\\", cio\u00e8 da compiere per il puro piacere del gesto e dell'ambiente.\",\"breadcrumb\":{\"@id\":\"https:\/\/www.sestogrado.it\/en\/prodotto\/idea-montagna-arco-plaisir\/#breadcrumb\"},\"inLanguage\":\"en-US\",\"potentialAction\":[{\"@type\":\"ReadAction\",\"target\":[[\"https:\/\/www.sestogrado.it\/en\/prodotto\/idea-montagna-arco-plaisir\/\"]]}]},{\"@type\":\"ImageObject\",\"inLanguage\":\"en-US\",\"@id\":\"https:\/\/www.sestogrado.it\/en\/prodotto\/idea-montagna-arco-plaisir\/#primaryimage\",\"url\":\"https:\/\/www.sestogrado.it\/wp-content\/uploads\/2016\/11\/arco-plasir-3-ediz.jpg\",\"contentUrl\":\"https:\/\/www.sestogrado.it\/wp-content\/uploads\/2016\/11\/arco-plasir-3-ediz.jpg\",\"width\":900,\"height\":900,\"caption\":\"arco-plasir-3-ediz\"},{\"@type\":\"BreadcrumbList\",\"@id\":\"https:\/\/www.sestogrado.it\/en\/prodotto\/idea-montagna-arco-plaisir\/#breadcrumb\",\"itemListElement\":[{\"@type\":\"ListItem\",\"position\":1,\"name\":\"Home\",\"item\":\"https:\/\/www.sestogrado.it\/en\/\"},{\"@type\":\"ListItem\",\"position\":2,\"name\":\"Shop\",\"item\":\"https:\/\/www.sestogrado.it\/en\/shop\/\"},{\"@type\":\"ListItem\",\"position\":3,\"name\":\"Idea Montagna Arco plaisir\"}]},{\"@type\":\"WebSite\",\"@id\":\"https:\/\/www.sestogrado.it\/en\/#website\",\"url\":\"https:\/\/www.sestogrado.it\/en\/\",\"name\":\"Sestogrado\",\"description\":\"yes we climb\",\"publisher\":{\"@id\":\"https:\/\/www.sestogrado.it\/en\/#organization\"},\"potentialAction\":[{\"@type\":\"SearchAction\",\"target\":{\"@type\":\"EntryPoint\",\"urlTemplate\":\"https:\/\/www.sestogrado.it\/en\/?s={search_term_string}\"},\"query-input\":{\"@type\":\"PropertyValueSpecification\",\"valueRequired\":true,\"valueName\":\"search_term_string\"}}],\"inLanguage\":\"en-US\"},{\"@type\":\"Organization\",\"@id\":\"https:\/\/www.sestogrado.it\/en\/#organization\",\"name\":\"Sestogrado\",\"url\":\"https:\/\/www.sestogrado.it\/en\/\",\"logo\":{\"@type\":\"ImageObject\",\"inLanguage\":\"en-US\",\"@id\":\"https:\/\/www.sestogrado.it\/en\/#\/schema\/logo\/image\/\",\"url\":\"https:\/\/www.sestogrado.it\/wp-content\/uploads\/2015\/03\/sestogrado-favicon.png\",\"contentUrl\":\"https:\/\/www.sestogrado.it\/wp-content\/uploads\/2015\/03\/sestogrado-favicon.png\",\"width\":260,\"height\":260,\"caption\":\"Sestogrado\"},\"image\":{\"@id\":\"https:\/\/www.sestogrado.it\/en\/#\/schema\/logo\/image\/\"},\"sameAs\":[\"https:\/\/www.facebook.com\/pages\/Sestogrado\/1542635979353017?ref=bookmarks\",\"https:\/\/www.youtube.com\/channel\/UC847kAfTkaJsWpc1jtQwr3Q\"],\"hasMerchantReturnPolicy\":{\"@type\":\"MerchantReturnPolicy\",\"merchantReturnLink\":\"https:\/\/www.sestogrado.it\/en\/termini-e-condizioni\/\"}}]}<\/script>\n<meta property=\"product:brand\" content=\"Idea Montagna\" \/>\n<meta property=\"product:price:amount\" content=\"19.90\" \/>\n<meta property=\"product:price:currency\" content=\"EUR\" \/>\n<meta property=\"og:availability\" content=\"instock\" \/>\n<meta property=\"product:availability\" content=\"instock\" \/>\n<meta property=\"product:condition\" content=\"new\" \/>\n<!-- \/ Yoast SEO plugin. -->","yoast_head_json":{"title":"Arco plaisir - Sestogrado","description":"Arco Plaisir \u00e8 la guide delle vie lunghe in stile plaisir ad Arco ed in Valle del Sarca. In meno di tre anni la guida \u00e8 arrivata alla terza edizione, sempre pi\u00f9 ricca e precisa. Numerose sono infatti le vie aggiunte, ben 17, oltre che a correzioni e immagini rinnovate. L\u2019autore ha dato spazio anche a tre settori nuovi, segno che Arco e la Valle del Sarca sono una vera fucina di arrampicate di piacevole e sicuro interesse.La zona di Arco e della Valle del Sarca \u00e8 indiscutibilmente una delle pi\u00f9 rinomate a livello europeo per tutti gli sport outdoor. Indubbiamente l'arrampicata ha un ruolo determinante. Ecco una guida che conduce alla scoperta di vie \"plaisir\", cio\u00e8 da compiere per il puro piacere del gesto e dell'ambiente.","robots":{"index":"index","follow":"follow","max-snippet":"max-snippet:-1","max-image-preview":"max-image-preview:large","max-video-preview":"max-video-preview:-1"},"canonical":"https:\/\/www.sestogrado.it\/en\/prodotto\/idea-montagna-arco-plaisir\/","og_locale":"en_US","og_type":"article","og_title":"Arco plaisir - Sestogrado","og_description":"Arco Plaisir \u00e8 la guide delle vie lunghe in stile plaisir ad Arco ed in Valle del Sarca. In meno di tre anni la guida \u00e8 arrivata alla terza edizione, sempre pi\u00f9 ricca e precisa. Numerose sono infatti le vie aggiunte, ben 17, oltre che a correzioni e immagini rinnovate. L\u2019autore ha dato spazio anche a tre settori nuovi, segno che Arco e la Valle del Sarca sono una vera fucina di arrampicate di piacevole e sicuro interesse.La zona di Arco e della Valle del Sarca \u00e8 indiscutibilmente una delle pi\u00f9 rinomate a livello europeo per tutti gli sport outdoor. Indubbiamente l'arrampicata ha un ruolo determinante. Ecco una guida che conduce alla scoperta di vie \"plaisir\", cio\u00e8 da compiere per il puro piacere del gesto e dell'ambiente.","og_url":"https:\/\/www.sestogrado.it\/en\/prodotto\/idea-montagna-arco-plaisir\/","og_site_name":"Sestogrado","article_publisher":"https:\/\/www.facebook.com\/pages\/Sestogrado\/1542635979353017?ref=bookmarks","article_modified_time":"2026-04-23T21:23:06+00:00","og_image":[{"width":900,"height":900,"url":"https:\/\/www.sestogrado.it\/wp-content\/uploads\/2016\/11\/arco-plasir-3-ediz.jpg","type":"image\/jpeg"}],"twitter_misc":{"Price":"&euro;&nbsp;19,90","Availability":"In stock"},"schema":{"@context":"https:\/\/schema.org","@graph":[{"@type":"WebPage","@id":"https:\/\/www.sestogrado.it\/en\/prodotto\/idea-montagna-arco-plaisir\/","url":"https:\/\/www.sestogrado.it\/en\/prodotto\/idea-montagna-arco-plaisir\/","name":"Arco plaisir - Sestogrado","isPartOf":{"@id":"https:\/\/www.sestogrado.it\/en\/#website"},"primaryImageOfPage":{"@id":"https:\/\/www.sestogrado.it\/en\/prodotto\/idea-montagna-arco-plaisir\/#primaryimage"},"image":{"@id":"https:\/\/www.sestogrado.it\/prodotto\/idea-montagna-arco-plaisir\/#primaryimage"},"thumbnailUrl":"https:\/\/www.sestogrado.it\/wp-content\/uploads\/2016\/11\/arco-plasir-3-ediz.jpg","datePublished":"2024-04-05T09:34:09+00:00","dateModified":"2026-04-23T21:23:06+00:00","description":"Arco Plaisir \u00e8 la guide delle vie lunghe in stile plaisir ad Arco ed in Valle del Sarca. In meno di tre anni la guida \u00e8 arrivata alla terza edizione, sempre pi\u00f9 ricca e precisa. Numerose sono infatti le vie aggiunte, ben 17, oltre che a correzioni e immagini rinnovate. L\u2019autore ha dato spazio anche a tre settori nuovi, segno che Arco e la Valle del Sarca sono una vera fucina di arrampicate di piacevole e sicuro interesse.La zona di Arco e della Valle del Sarca \u00e8 indiscutibilmente una delle pi\u00f9 rinomate a livello europeo per tutti gli sport outdoor. Indubbiamente l'arrampicata ha un ruolo determinante. Ecco una guida che conduce alla scoperta di vie \"plaisir\", cio\u00e8 da compiere per il puro piacere del gesto e dell'ambiente.","breadcrumb":{"@id":"https:\/\/www.sestogrado.it\/en\/prodotto\/idea-montagna-arco-plaisir\/#breadcrumb"},"inLanguage":"en-US","potentialAction":[{"@type":"ReadAction","target":[["https:\/\/www.sestogrado.it\/en\/prodotto\/idea-montagna-arco-plaisir\/"]]}]},{"@type":"ImageObject","inLanguage":"en-US","@id":"https:\/\/www.sestogrado.it\/en\/prodotto\/idea-montagna-arco-plaisir\/#primaryimage","url":"https:\/\/www.sestogrado.it\/wp-content\/uploads\/2016\/11\/arco-plasir-3-ediz.jpg","contentUrl":"https:\/\/www.sestogrado.it\/wp-content\/uploads\/2016\/11\/arco-plasir-3-ediz.jpg","width":900,"height":900,"caption":"arco-plasir-3-ediz"},{"@type":"BreadcrumbList","@id":"https:\/\/www.sestogrado.it\/en\/prodotto\/idea-montagna-arco-plaisir\/#breadcrumb","itemListElement":[{"@type":"ListItem","position":1,"name":"Home","item":"https:\/\/www.sestogrado.it\/en\/"},{"@type":"ListItem","position":2,"name":"Shop","item":"https:\/\/www.sestogrado.it\/en\/shop\/"},{"@type":"ListItem","position":3,"name":"Idea Montagna Arco plaisir"}]},{"@type":"WebSite","@id":"https:\/\/www.sestogrado.it\/en\/#website","url":"https:\/\/www.sestogrado.it\/en\/","name":"Sestogrado","description":"yes we climb","publisher":{"@id":"https:\/\/www.sestogrado.it\/en\/#organization"},"potentialAction":[{"@type":"SearchAction","target":{"@type":"EntryPoint","urlTemplate":"https:\/\/www.sestogrado.it\/en\/?s={search_term_string}"},"query-input":{"@type":"PropertyValueSpecification","valueRequired":true,"valueName":"search_term_string"}}],"inLanguage":"en-US"},{"@type":"Organization","@id":"https:\/\/www.sestogrado.it\/en\/#organization","name":"Sestogrado","url":"https:\/\/www.sestogrado.it\/en\/","logo":{"@type":"ImageObject","inLanguage":"en-US","@id":"https:\/\/www.sestogrado.it\/en\/#\/schema\/logo\/image\/","url":"https:\/\/www.sestogrado.it\/wp-content\/uploads\/2015\/03\/sestogrado-favicon.png","contentUrl":"https:\/\/www.sestogrado.it\/wp-content\/uploads\/2015\/03\/sestogrado-favicon.png","width":260,"height":260,"caption":"Sestogrado"},"image":{"@id":"https:\/\/www.sestogrado.it\/en\/#\/schema\/logo\/image\/"},"sameAs":["https:\/\/www.facebook.com\/pages\/Sestogrado\/1542635979353017?ref=bookmarks","https:\/\/www.youtube.com\/channel\/UC847kAfTkaJsWpc1jtQwr3Q"],"hasMerchantReturnPolicy":{"@type":"MerchantReturnPolicy","merchantReturnLink":"https:\/\/www.sestogrado.it\/en\/termini-e-condizioni\/"}}]},"product_brand":"Idea Montagna","product_price_amount":"19.90","product_price_currency":"EUR","og_availability":"instock","product_availability":"instock","product_condition":"new"},"_links":{"self":[{"href":"https:\/\/www.sestogrado.it\/en\/wp-json\/wp\/v2\/product\/9137","targetHints":{"allow":["GET"]}}],"collection":[{"href":"https:\/\/www.sestogrado.it\/en\/wp-json\/wp\/v2\/product"}],"about":[{"href":"https:\/\/www.sestogrado.it\/en\/wp-json\/wp\/v2\/types\/product"}],"replies":[{"embeddable":true,"href":"https:\/\/www.sestogrado.it\/en\/wp-json\/wp\/v2\/comments?post=9137"}],"wp:featuredmedia":[{"embeddable":true,"href":"https:\/\/www.sestogrado.it\/en\/wp-json\/wp\/v2\/media\/98733"}],"wp:attachment":[{"href":"https:\/\/www.sestogrado.it\/en\/wp-json\/wp\/v2\/media?parent=9137"}],"wp:term":[{"taxonomy":"product_brand","embeddable":true,"href":"https:\/\/www.sestogrado.it\/en\/wp-json\/wp\/v2\/product_brand?post=9137"},{"taxonomy":"product_cat","embeddable":true,"href":"https:\/\/www.sestogrado.it\/en\/wp-json\/wp\/v2\/product_cat?post=9137"},{"taxonomy":"product_tag","embeddable":true,"href":"https:\/\/www.sestogrado.it\/en\/wp-json\/wp\/v2\/product_tag?post=9137"}],"curies":[{"name":"wp","href":"https:\/\/api.w.org\/{rel}","templated":true}]}}