{"id":9135,"date":"2016-11-15T11:28:48","date_gmt":"2016-11-15T10:28:48","guid":{"rendered":"http:\/\/www.sestogrado.it\/prodotto\/arrampica-roma-nord\/"},"modified":"2026-04-14T14:43:52","modified_gmt":"2026-04-14T12:43:52","slug":"idea-montagna-arrampica-roma-nord","status":"publish","type":"product","link":"https:\/\/www.sestogrado.it\/en\/prodotto\/idea-montagna-arrampica-roma-nord\/","title":{"rendered":"Arrampica Roma Nord"},"content":{"rendered":"<p><\/p>\n<div id=\"slidedescr\">\n<div id=\"slidedescr-dx\">\n<div class=\"scrollervertdescrlibro\">\n<p>Arrampica Roma Nord \u00e8 il primo\u00a0di due volumi comprendenti tutte le falesie intorno a Roma con un raggio di 200 km. Include quindi aree comprese, oltre al Lazio, anche in Toscana, Umbria, Marche, Abruzzo e Campania.<br \/>\nIn totale quasi 6000 tiri di roccia!<\/p>\n<p>Precisione, cura del dettaglio, documentazione sono qualit\u00e0 che ogni autore di guida deve avere o almeno, se non \u201cnasce imparato\u201c, farsi. Ma, se dietro c&#8217;\u00e8 la completa padronanza dei luoghi, allora la guida sar\u00e0 efficace senza essere asettica: rimane uno strumento di consultazione, ma diventa anche informazione, quasi lettura serale. In pi\u00f9, Riccardo Innocenti aggiunge le testimonianze degli scopritori e degli apritori, riporta qualche loro profilo e varie curiosit\u00e0.<br \/>\nE&#8217; questione di mente comprensiva, aperta, filtrante. In definitiva, di stile.<\/p>\n<p>Con un occhio alla sicurezza in generale, nell&#8217;introduzione ben undici pagine sono dedicate alla chiodatura. Foto e testo illustrano le molte e differenti tipologie di attrezzatura delle lunghezze di corda e delle soste, rimarcando alla perfezione i possibili pericoli insiti negli ancoraggi che si trovano in loco.<\/p>\n<p>Sicuramente l&#8217;autore non pu\u00f2 aver percorso personalmente tutte le 256 vie multipitch e i 5558 monotiri descritti nei due volumi e sparsi nelle due ore d&#8217;auto che costituiscono l&#8217;ideale raggio con centro Roma. Ma l&#8217;intelligenza comprensiva, aperta e filtrante di cui dicevo sopra ha provveduto a sostituire un&#8217;impossibile arrampicata che neppure un team organizzato di ripetitori avrebbe potuto realizzare se non in tempi geologici.<br \/>\nE i tempi invece sono stati ristretti, quasi tre anni di lavoro: in tempo, come dice Innocenti, per fare uscire una guida gi\u00e0 \u201cvecchia\u201c in partenza, esagerando per far capire il concetto che le novit\u00e0, nelle falesie, si rincorrono a una velocit\u00e0 superiore a quella dell&#8217;odierna informazione (che gi\u00e0 \u00e8 in tempo reale!).<\/p>\n<p>La cura del dettaglio \u00e8 gi\u00e0 visibile nell&#8217;abbondante presentazione di foto e schizzi. Personalmente ho apprezzato molto la scelta di riportare foto delle falesie in cui non fossero tracciati tutti gli itinerari ma solo quelli di riferimento, in modo da reperire con sufficiente agilit\u00e0 ci\u00f2 che cerchiamo, tramite il facile confronto con l&#8217;elenco delle vie, in genere sempre posto accanto. Un piccolo sforzo richiesto all&#8217;arrampicatore, assai utile per\u00f2 per comprendere meglio la geografia del luogo e degli itinerari. Per le vie a pi\u00f9 lunghezze \u00e8 sempre riportata la notizia storica dei primi salitori, con la data; particolare tralasciato per i monotiri chiodati dall&#8217;alto. Un piccolo appunto: la datazione delle vie sportive e l&#8217;attribuzione ai loro autori sono altrettanto utili, perch\u00e9 anche le vie sportive hanno la loro storia, fatta di epoche, di mode, di momenti creativi particolari. Proteggibilit\u00e0 e impegno globale, sia per le vie classiche che per quelle sportive, sono sempre classificate.<\/p>\n<p>Anche se la competenza non si crea con la quantit\u00e0, l&#8217;aver inserito tutti gli itinerari, anche quelli desueti, d\u00e0 un valore storico al lavoro, oltre che fornire possibilit\u00e0 ulteriori di recupero e valorizzazione.<\/p>\n<p>Errori possibili? Beh, la perfezione non \u00e8 di questo mondo. Di certo Innocenti si \u00e8 trovato di fronte a qualche piccolo mistero nella storia dell&#8217;arrampicata romana, anche a episodi forse sepolti per sempre. Non possiamo escludere che un lavoro cos\u00ec non abbia proiettato anche solo un piccolo raggio di luce su questi interrogativi e magari scatenato la curiosit\u00e0 di qualcuno. I cold case sono in attesa di essere risolti ovunque!<\/p>\n<\/div>\n<\/div>\n<\/div>\n<p><\/p>","protected":false},"excerpt":{"rendered":"<p>Arrampica Roma Nord \u00e8 il primo\u00a0di due volumi comprendenti tutte le falesie intorno a Roma con un raggio di 200 [&hellip;]<\/p>\n","protected":false},"featured_media":106490,"comment_status":"open","ping_status":"closed","template":"","meta":{"_acf_changed":false},"product_brand":[331],"product_cat":[98],"product_tag":[],"class_list":{"0":"post-9135","1":"product","2":"type-product","3":"status-publish","4":"has-post-thumbnail","6":"product_brand-idea-montagna","7":"product_cat-libri","9":"first","10":"instock","11":"taxable","12":"shipping-taxable","13":"purchasable","14":"product-type-simple"},"acf":[],"yoast_head":"<!-- This site is optimized with the Yoast SEO plugin v26.4 - https:\/\/yoast.com\/wordpress\/plugins\/seo\/ -->\n<title>Arrampica Roma Nord - Sestogrado<\/title>\n<meta name=\"description\" content=\"Arrampica Roma Nord racchiude tutte le falesie in un raggio di 200 km a nord di Roma.\" \/>\n<meta name=\"robots\" content=\"index, follow, max-snippet:-1, max-image-preview:large, max-video-preview:-1\" \/>\n<link rel=\"canonical\" href=\"https:\/\/www.sestogrado.it\/en\/prodotto\/idea-montagna-arrampica-roma-nord\/\" \/>\n<meta property=\"og:locale\" content=\"en_US\" \/>\n<meta property=\"og:type\" content=\"article\" \/>\n<meta property=\"og:title\" content=\"Arrampica Roma Nord - Sestogrado\" \/>\n<meta property=\"og:description\" content=\"Arrampica Roma Nord racchiude tutte le falesie in un raggio di 200 km a nord di Roma.\" \/>\n<meta property=\"og:url\" content=\"https:\/\/www.sestogrado.it\/en\/prodotto\/idea-montagna-arrampica-roma-nord\/\" \/>\n<meta property=\"og:site_name\" content=\"Sestogrado\" \/>\n<meta property=\"article:publisher\" content=\"https:\/\/www.facebook.com\/pages\/Sestogrado\/1542635979353017?ref=bookmarks\" \/>\n<meta property=\"article:modified_time\" content=\"2026-04-14T12:43:52+00:00\" \/>\n<meta property=\"og:image\" content=\"https:\/\/www.sestogrado.it\/wp-content\/uploads\/2021\/08\/Arrampica-Roma-Nord-1.jpg\" \/>\n\t<meta property=\"og:image:width\" content=\"950\" \/>\n\t<meta property=\"og:image:height\" content=\"950\" \/>\n\t<meta property=\"og:image:type\" content=\"image\/jpeg\" \/>\n<meta name=\"twitter:label1\" content=\"Price\" \/>\n\t<meta name=\"twitter:data1\" content=\"&euro;&nbsp;35,00\" \/>\n\t<meta name=\"twitter:label2\" content=\"Availability\" \/>\n\t<meta name=\"twitter:data2\" content=\"In stock\" \/>\n<script type=\"application\/ld+json\" class=\"yoast-schema-graph\">{\"@context\":\"https:\/\/schema.org\",\"@graph\":[{\"@type\":\"WebPage\",\"@id\":\"https:\/\/www.sestogrado.it\/en\/prodotto\/idea-montagna-arrampica-roma-nord\/\",\"url\":\"https:\/\/www.sestogrado.it\/en\/prodotto\/idea-montagna-arrampica-roma-nord\/\",\"name\":\"Arrampica Roma Nord - Sestogrado\",\"isPartOf\":{\"@id\":\"https:\/\/www.sestogrado.it\/en\/#website\"},\"primaryImageOfPage\":{\"@id\":\"https:\/\/www.sestogrado.it\/en\/prodotto\/idea-montagna-arrampica-roma-nord\/#primaryimage\"},\"image\":{\"@id\":\"https:\/\/www.sestogrado.it\/prodotto\/idea-montagna-arrampica-roma-nord\/#primaryimage\"},\"thumbnailUrl\":\"https:\/\/www.sestogrado.it\/wp-content\/uploads\/2021\/08\/Arrampica-Roma-Nord-1.jpg\",\"datePublished\":\"2016-11-15T10:28:48+00:00\",\"dateModified\":\"2026-04-14T12:43:52+00:00\",\"description\":\"Arrampica Roma Nord racchiude tutte le falesie in un raggio di 200 km a nord di Roma.\",\"breadcrumb\":{\"@id\":\"https:\/\/www.sestogrado.it\/en\/prodotto\/idea-montagna-arrampica-roma-nord\/#breadcrumb\"},\"inLanguage\":\"en-US\",\"potentialAction\":[{\"@type\":\"ReadAction\",\"target\":[[\"https:\/\/www.sestogrado.it\/en\/prodotto\/idea-montagna-arrampica-roma-nord\/\"]]}]},{\"@type\":\"ImageObject\",\"inLanguage\":\"en-US\",\"@id\":\"https:\/\/www.sestogrado.it\/en\/prodotto\/idea-montagna-arrampica-roma-nord\/#primaryimage\",\"url\":\"https:\/\/www.sestogrado.it\/wp-content\/uploads\/2021\/08\/Arrampica-Roma-Nord-1.jpg\",\"contentUrl\":\"https:\/\/www.sestogrado.it\/wp-content\/uploads\/2021\/08\/Arrampica-Roma-Nord-1.jpg\",\"width\":950,\"height\":950,\"caption\":\"idea montagna arrampica roma nord\"},{\"@type\":\"BreadcrumbList\",\"@id\":\"https:\/\/www.sestogrado.it\/en\/prodotto\/idea-montagna-arrampica-roma-nord\/#breadcrumb\",\"itemListElement\":[{\"@type\":\"ListItem\",\"position\":1,\"name\":\"Home\",\"item\":\"https:\/\/www.sestogrado.it\/en\/\"},{\"@type\":\"ListItem\",\"position\":2,\"name\":\"Shop\",\"item\":\"https:\/\/www.sestogrado.it\/en\/shop\/\"},{\"@type\":\"ListItem\",\"position\":3,\"name\":\"Idea Montagna Arrampica Roma Nord\"}]},{\"@type\":\"WebSite\",\"@id\":\"https:\/\/www.sestogrado.it\/en\/#website\",\"url\":\"https:\/\/www.sestogrado.it\/en\/\",\"name\":\"Sestogrado\",\"description\":\"yes we climb\",\"publisher\":{\"@id\":\"https:\/\/www.sestogrado.it\/en\/#organization\"},\"potentialAction\":[{\"@type\":\"SearchAction\",\"target\":{\"@type\":\"EntryPoint\",\"urlTemplate\":\"https:\/\/www.sestogrado.it\/en\/?s={search_term_string}\"},\"query-input\":{\"@type\":\"PropertyValueSpecification\",\"valueRequired\":true,\"valueName\":\"search_term_string\"}}],\"inLanguage\":\"en-US\"},{\"@type\":\"Organization\",\"@id\":\"https:\/\/www.sestogrado.it\/en\/#organization\",\"name\":\"Sestogrado\",\"url\":\"https:\/\/www.sestogrado.it\/en\/\",\"logo\":{\"@type\":\"ImageObject\",\"inLanguage\":\"en-US\",\"@id\":\"https:\/\/www.sestogrado.it\/en\/#\/schema\/logo\/image\/\",\"url\":\"https:\/\/www.sestogrado.it\/wp-content\/uploads\/2015\/03\/sestogrado-favicon.png\",\"contentUrl\":\"https:\/\/www.sestogrado.it\/wp-content\/uploads\/2015\/03\/sestogrado-favicon.png\",\"width\":260,\"height\":260,\"caption\":\"Sestogrado\"},\"image\":{\"@id\":\"https:\/\/www.sestogrado.it\/en\/#\/schema\/logo\/image\/\"},\"sameAs\":[\"https:\/\/www.facebook.com\/pages\/Sestogrado\/1542635979353017?ref=bookmarks\",\"https:\/\/www.youtube.com\/channel\/UC847kAfTkaJsWpc1jtQwr3Q\"],\"hasMerchantReturnPolicy\":{\"@type\":\"MerchantReturnPolicy\",\"merchantReturnLink\":\"https:\/\/www.sestogrado.it\/en\/termini-e-condizioni\/\"}}]}<\/script>\n<meta property=\"product:brand\" content=\"Idea Montagna\" \/>\n<meta property=\"product:price:amount\" content=\"35.00\" \/>\n<meta property=\"product:price:currency\" content=\"EUR\" \/>\n<meta property=\"og:availability\" content=\"instock\" \/>\n<meta property=\"product:availability\" content=\"instock\" \/>\n<meta property=\"product:condition\" content=\"new\" \/>\n<!-- \/ Yoast SEO plugin. -->","yoast_head_json":{"title":"Arrampica Roma Nord - Sestogrado","description":"Arrampica Roma Nord racchiude tutte le falesie in un raggio di 200 km a nord di Roma.","robots":{"index":"index","follow":"follow","max-snippet":"max-snippet:-1","max-image-preview":"max-image-preview:large","max-video-preview":"max-video-preview:-1"},"canonical":"https:\/\/www.sestogrado.it\/en\/prodotto\/idea-montagna-arrampica-roma-nord\/","og_locale":"en_US","og_type":"article","og_title":"Arrampica Roma Nord - Sestogrado","og_description":"Arrampica Roma Nord racchiude tutte le falesie in un raggio di 200 km a nord di Roma.","og_url":"https:\/\/www.sestogrado.it\/en\/prodotto\/idea-montagna-arrampica-roma-nord\/","og_site_name":"Sestogrado","article_publisher":"https:\/\/www.facebook.com\/pages\/Sestogrado\/1542635979353017?ref=bookmarks","article_modified_time":"2026-04-14T12:43:52+00:00","og_image":[{"width":950,"height":950,"url":"https:\/\/www.sestogrado.it\/wp-content\/uploads\/2021\/08\/Arrampica-Roma-Nord-1.jpg","type":"image\/jpeg"}],"twitter_misc":{"Price":"&euro;&nbsp;35,00","Availability":"In stock"},"schema":{"@context":"https:\/\/schema.org","@graph":[{"@type":"WebPage","@id":"https:\/\/www.sestogrado.it\/en\/prodotto\/idea-montagna-arrampica-roma-nord\/","url":"https:\/\/www.sestogrado.it\/en\/prodotto\/idea-montagna-arrampica-roma-nord\/","name":"Arrampica Roma Nord - Sestogrado","isPartOf":{"@id":"https:\/\/www.sestogrado.it\/en\/#website"},"primaryImageOfPage":{"@id":"https:\/\/www.sestogrado.it\/en\/prodotto\/idea-montagna-arrampica-roma-nord\/#primaryimage"},"image":{"@id":"https:\/\/www.sestogrado.it\/prodotto\/idea-montagna-arrampica-roma-nord\/#primaryimage"},"thumbnailUrl":"https:\/\/www.sestogrado.it\/wp-content\/uploads\/2021\/08\/Arrampica-Roma-Nord-1.jpg","datePublished":"2016-11-15T10:28:48+00:00","dateModified":"2026-04-14T12:43:52+00:00","description":"Arrampica Roma Nord racchiude tutte le falesie in un raggio di 200 km a nord di Roma.","breadcrumb":{"@id":"https:\/\/www.sestogrado.it\/en\/prodotto\/idea-montagna-arrampica-roma-nord\/#breadcrumb"},"inLanguage":"en-US","potentialAction":[{"@type":"ReadAction","target":[["https:\/\/www.sestogrado.it\/en\/prodotto\/idea-montagna-arrampica-roma-nord\/"]]}]},{"@type":"ImageObject","inLanguage":"en-US","@id":"https:\/\/www.sestogrado.it\/en\/prodotto\/idea-montagna-arrampica-roma-nord\/#primaryimage","url":"https:\/\/www.sestogrado.it\/wp-content\/uploads\/2021\/08\/Arrampica-Roma-Nord-1.jpg","contentUrl":"https:\/\/www.sestogrado.it\/wp-content\/uploads\/2021\/08\/Arrampica-Roma-Nord-1.jpg","width":950,"height":950,"caption":"idea montagna arrampica roma nord"},{"@type":"BreadcrumbList","@id":"https:\/\/www.sestogrado.it\/en\/prodotto\/idea-montagna-arrampica-roma-nord\/#breadcrumb","itemListElement":[{"@type":"ListItem","position":1,"name":"Home","item":"https:\/\/www.sestogrado.it\/en\/"},{"@type":"ListItem","position":2,"name":"Shop","item":"https:\/\/www.sestogrado.it\/en\/shop\/"},{"@type":"ListItem","position":3,"name":"Idea Montagna Arrampica Roma Nord"}]},{"@type":"WebSite","@id":"https:\/\/www.sestogrado.it\/en\/#website","url":"https:\/\/www.sestogrado.it\/en\/","name":"Sestogrado","description":"yes we climb","publisher":{"@id":"https:\/\/www.sestogrado.it\/en\/#organization"},"potentialAction":[{"@type":"SearchAction","target":{"@type":"EntryPoint","urlTemplate":"https:\/\/www.sestogrado.it\/en\/?s={search_term_string}"},"query-input":{"@type":"PropertyValueSpecification","valueRequired":true,"valueName":"search_term_string"}}],"inLanguage":"en-US"},{"@type":"Organization","@id":"https:\/\/www.sestogrado.it\/en\/#organization","name":"Sestogrado","url":"https:\/\/www.sestogrado.it\/en\/","logo":{"@type":"ImageObject","inLanguage":"en-US","@id":"https:\/\/www.sestogrado.it\/en\/#\/schema\/logo\/image\/","url":"https:\/\/www.sestogrado.it\/wp-content\/uploads\/2015\/03\/sestogrado-favicon.png","contentUrl":"https:\/\/www.sestogrado.it\/wp-content\/uploads\/2015\/03\/sestogrado-favicon.png","width":260,"height":260,"caption":"Sestogrado"},"image":{"@id":"https:\/\/www.sestogrado.it\/en\/#\/schema\/logo\/image\/"},"sameAs":["https:\/\/www.facebook.com\/pages\/Sestogrado\/1542635979353017?ref=bookmarks","https:\/\/www.youtube.com\/channel\/UC847kAfTkaJsWpc1jtQwr3Q"],"hasMerchantReturnPolicy":{"@type":"MerchantReturnPolicy","merchantReturnLink":"https:\/\/www.sestogrado.it\/en\/termini-e-condizioni\/"}}]},"product_brand":"Idea Montagna","product_price_amount":"35.00","product_price_currency":"EUR","og_availability":"instock","product_availability":"instock","product_condition":"new"},"_links":{"self":[{"href":"https:\/\/www.sestogrado.it\/en\/wp-json\/wp\/v2\/product\/9135","targetHints":{"allow":["GET"]}}],"collection":[{"href":"https:\/\/www.sestogrado.it\/en\/wp-json\/wp\/v2\/product"}],"about":[{"href":"https:\/\/www.sestogrado.it\/en\/wp-json\/wp\/v2\/types\/product"}],"replies":[{"embeddable":true,"href":"https:\/\/www.sestogrado.it\/en\/wp-json\/wp\/v2\/comments?post=9135"}],"wp:featuredmedia":[{"embeddable":true,"href":"https:\/\/www.sestogrado.it\/en\/wp-json\/wp\/v2\/media\/106490"}],"wp:attachment":[{"href":"https:\/\/www.sestogrado.it\/en\/wp-json\/wp\/v2\/media?parent=9135"}],"wp:term":[{"taxonomy":"product_brand","embeddable":true,"href":"https:\/\/www.sestogrado.it\/en\/wp-json\/wp\/v2\/product_brand?post=9135"},{"taxonomy":"product_cat","embeddable":true,"href":"https:\/\/www.sestogrado.it\/en\/wp-json\/wp\/v2\/product_cat?post=9135"},{"taxonomy":"product_tag","embeddable":true,"href":"https:\/\/www.sestogrado.it\/en\/wp-json\/wp\/v2\/product_tag?post=9135"}],"curies":[{"name":"wp","href":"https:\/\/api.w.org\/{rel}","templated":true}]}}