{"id":9131,"date":"2016-11-15T11:05:26","date_gmt":"2016-11-15T10:05:26","guid":{"rendered":"http:\/\/www.sestogrado.it\/prodotto\/iv-grado-in-dolomiti-occidentali-vol-2\/"},"modified":"2025-08-31T17:22:33","modified_gmt":"2025-08-31T15:22:33","slug":"idea-montagna-iv-grado-in-dolomiti-occidentali-vol-2","status":"publish","type":"product","link":"https:\/\/www.sestogrado.it\/en\/prodotto\/idea-montagna-iv-grado-in-dolomiti-occidentali-vol-2\/","title":{"rendered":"IV grado in Dolomiti Occidentali vol 2"},"content":{"rendered":"<p><\/p>\n<div id=\"slidedescr\">\n<div id=\"slidedescr-dx\">\n<div class=\"scrollervertdescrlibro\">\n<p>IV grado in Dolomiti Occidentali vol 2 raccoglie relazioni di vie percorse come sempre in prima persona\u00a0dall&#8217;autore o dai collaboratori e tratta:\u00a057 itinerari su roccia in Odle-Puez-Putia, Sassolungo, Sella, Catinaccio, Pale di San Martino, Agner, Pale di San Lucano.<\/p>\n<p>Il nuovo materiale raccolto ed il desiderio di migliorare con le inevitabili correzioni &#8211; alcune semplicemente editoriali, altre, fortunatamente poche, con chiarimenti e modifiche ai percorsi descritti &#8211; ha fatto s\u00ec che non sia stata riproposta una semplice ristampa. Pensando ai molti &#8220;vecchi&#8221; lettori che gi\u00e0 possiedono il Volume 1, si \u00e8 pensato di suddividere la nuova edizione in due diversi tomi, denominati &#8220;Dolomiti Occidentali (parte 1)&#8221; e &#8220;Dolomiti Occidentali (parte 2)&#8221; , dei quali il primo \u00e8 una ristampa risistemata del precedente Volume 1, mentre questo secondo tomo raccoglie tutte le nuove relazioni che, anche grazie al grande aiuto dato dagli amici collaboratori, sono state raccolte dal 2009, anno d&#8217;uscita del Volume 1, ad oggi. Questo per permettere ai gi\u00e0 &#8220;quartogradisti&#8221; di disporre di tutto questo nuovo materiale senza dover riacquistare una parte gi\u00e0 inserita in un volume gi\u00e0 presente nella libreria di casa. Naturalmente i nuovi lettori, essendo tali, non troveranno nessun problema di sovrapposizione di relazioni nei due diversi tomi. L&#8217;unico &#8220;neo&#8221; \u00e8 che entrambi coprono geograficamente le stesse zone.<\/p>\n<p>Grazie agli amici che hanno collaborato alla realizzazione di questo secondo tomo, si \u00e8 aggiunto qualche itinerario di livello un po&#8217; pi\u00f9 alto e qualche proposta in zone nuove destinata ai quartogradisti che ogni tanto non disdegnano qualche scalata pi\u00f9 impegnativa.<\/p>\n<p>In definitiva si \u00e8 cercato di mettere tutto l&#8217;impegno e la cura per far s\u00ec che questa seconda edizione sia apprezzata sia da chi possiede gi\u00e0 la prima, sia dai nuovi lettori.\u00a0Un augurio di buona lettura e buone scalate.<\/p>\n<p>&nbsp;<\/p>\n<\/div>\n<p>Sfoglia l&#8217;anteprima:<\/p>\n<p>http:\/\/www.slideshare.net\/IdeaMontagna\/libro-iv-grado-dolomiti-occidentali-2-italiano<\/p>\n<\/div>\n<\/div>\n<p><\/p>","protected":false},"excerpt":{"rendered":"<p>IV grado in Dolomiti Occidentali vol 2 raccoglie relazioni di vie percorse come sempre in prima persona\u00a0dall&#8217;autore o dai collaboratori [&hellip;]<\/p>\n","protected":false},"featured_media":106497,"comment_status":"open","ping_status":"closed","template":"","meta":{"_acf_changed":false},"product_brand":[331],"product_cat":[98],"product_tag":[],"class_list":{"0":"post-9131","1":"product","2":"type-product","3":"status-publish","4":"has-post-thumbnail","6":"product_brand-idea-montagna","7":"product_cat-libri","9":"first","10":"instock","11":"taxable","12":"shipping-taxable","13":"purchasable","14":"product-type-simple"},"acf":[],"yoast_head":"<!-- This site is optimized with the Yoast SEO plugin v26.4 - https:\/\/yoast.com\/wordpress\/plugins\/seo\/ -->\n<title>IV grado in Dolomiti Occidentali vol 2 - Sestogrado<\/title>\n<meta name=\"description\" content=\"57 itinerari su roccia in Odle-Puez-Putia, Sassolungo, Sella, Catinaccio, Pale di San Martino, Agner, Pale di San Lucano.\" \/>\n<meta name=\"robots\" content=\"index, follow, max-snippet:-1, max-image-preview:large, max-video-preview:-1\" \/>\n<link rel=\"canonical\" href=\"https:\/\/www.sestogrado.it\/en\/prodotto\/idea-montagna-iv-grado-in-dolomiti-occidentali-vol-2\/\" \/>\n<meta property=\"og:locale\" content=\"en_US\" \/>\n<meta property=\"og:type\" content=\"article\" \/>\n<meta property=\"og:title\" content=\"IV grado in Dolomiti Occidentali vol 2 - Sestogrado\" \/>\n<meta property=\"og:description\" content=\"57 itinerari su roccia in Odle-Puez-Putia, Sassolungo, Sella, Catinaccio, Pale di San Martino, Agner, Pale di San Lucano.\" \/>\n<meta property=\"og:url\" content=\"https:\/\/www.sestogrado.it\/en\/prodotto\/idea-montagna-iv-grado-in-dolomiti-occidentali-vol-2\/\" \/>\n<meta property=\"og:site_name\" content=\"Sestogrado\" \/>\n<meta property=\"article:publisher\" content=\"https:\/\/www.facebook.com\/pages\/Sestogrado\/1542635979353017?ref=bookmarks\" \/>\n<meta property=\"article:modified_time\" content=\"2025-08-31T15:22:33+00:00\" \/>\n<meta property=\"og:image\" content=\"https:\/\/www.sestogrado.it\/wp-content\/uploads\/2021\/08\/IV-Dolomiti-Occidentali-2.jpg\" \/>\n\t<meta property=\"og:image:width\" content=\"1400\" \/>\n\t<meta property=\"og:image:height\" content=\"1400\" \/>\n\t<meta property=\"og:image:type\" content=\"image\/jpeg\" \/>\n<meta name=\"twitter:label1\" content=\"Price\" \/>\n\t<meta name=\"twitter:data1\" content=\"&euro;&nbsp;23,50\" \/>\n\t<meta name=\"twitter:label2\" content=\"Availability\" \/>\n\t<meta name=\"twitter:data2\" content=\"In stock\" \/>\n<script type=\"application\/ld+json\" class=\"yoast-schema-graph\">{\"@context\":\"https:\/\/schema.org\",\"@graph\":[{\"@type\":\"WebPage\",\"@id\":\"https:\/\/www.sestogrado.it\/en\/prodotto\/idea-montagna-iv-grado-in-dolomiti-occidentali-vol-2\/\",\"url\":\"https:\/\/www.sestogrado.it\/en\/prodotto\/idea-montagna-iv-grado-in-dolomiti-occidentali-vol-2\/\",\"name\":\"IV grado in Dolomiti Occidentali vol 2 - Sestogrado\",\"isPartOf\":{\"@id\":\"https:\/\/www.sestogrado.it\/en\/#website\"},\"primaryImageOfPage\":{\"@id\":\"https:\/\/www.sestogrado.it\/en\/prodotto\/idea-montagna-iv-grado-in-dolomiti-occidentali-vol-2\/#primaryimage\"},\"image\":{\"@id\":\"https:\/\/www.sestogrado.it\/prodotto\/idea-montagna-iv-grado-in-dolomiti-occidentali-vol-2\/#primaryimage\"},\"thumbnailUrl\":\"https:\/\/www.sestogrado.it\/wp-content\/uploads\/2021\/08\/IV-Dolomiti-Occidentali-2.jpg\",\"datePublished\":\"2016-11-15T10:05:26+00:00\",\"dateModified\":\"2025-08-31T15:22:33+00:00\",\"description\":\"57 itinerari su roccia in Odle-Puez-Putia, Sassolungo, Sella, Catinaccio, Pale di San Martino, Agner, Pale di San Lucano.\",\"breadcrumb\":{\"@id\":\"https:\/\/www.sestogrado.it\/en\/prodotto\/idea-montagna-iv-grado-in-dolomiti-occidentali-vol-2\/#breadcrumb\"},\"inLanguage\":\"en-US\",\"potentialAction\":[{\"@type\":\"ReadAction\",\"target\":[[\"https:\/\/www.sestogrado.it\/en\/prodotto\/idea-montagna-iv-grado-in-dolomiti-occidentali-vol-2\/\"]]}]},{\"@type\":\"ImageObject\",\"inLanguage\":\"en-US\",\"@id\":\"https:\/\/www.sestogrado.it\/en\/prodotto\/idea-montagna-iv-grado-in-dolomiti-occidentali-vol-2\/#primaryimage\",\"url\":\"https:\/\/www.sestogrado.it\/wp-content\/uploads\/2021\/08\/IV-Dolomiti-Occidentali-2.jpg\",\"contentUrl\":\"https:\/\/www.sestogrado.it\/wp-content\/uploads\/2021\/08\/IV-Dolomiti-Occidentali-2.jpg\",\"width\":1400,\"height\":1400,\"caption\":\"Idea montagna IV grado dolomiti occidentali VOL 2\"},{\"@type\":\"BreadcrumbList\",\"@id\":\"https:\/\/www.sestogrado.it\/en\/prodotto\/idea-montagna-iv-grado-in-dolomiti-occidentali-vol-2\/#breadcrumb\",\"itemListElement\":[{\"@type\":\"ListItem\",\"position\":1,\"name\":\"Home\",\"item\":\"https:\/\/www.sestogrado.it\/en\/\"},{\"@type\":\"ListItem\",\"position\":2,\"name\":\"Shop\",\"item\":\"https:\/\/www.sestogrado.it\/en\/shop\/\"},{\"@type\":\"ListItem\",\"position\":3,\"name\":\"Idea Montagna IV grado in Dolomiti Occidentali vol 2\"}]},{\"@type\":\"WebSite\",\"@id\":\"https:\/\/www.sestogrado.it\/en\/#website\",\"url\":\"https:\/\/www.sestogrado.it\/en\/\",\"name\":\"Sestogrado\",\"description\":\"yes we climb\",\"publisher\":{\"@id\":\"https:\/\/www.sestogrado.it\/en\/#organization\"},\"potentialAction\":[{\"@type\":\"SearchAction\",\"target\":{\"@type\":\"EntryPoint\",\"urlTemplate\":\"https:\/\/www.sestogrado.it\/en\/?s={search_term_string}\"},\"query-input\":{\"@type\":\"PropertyValueSpecification\",\"valueRequired\":true,\"valueName\":\"search_term_string\"}}],\"inLanguage\":\"en-US\"},{\"@type\":\"Organization\",\"@id\":\"https:\/\/www.sestogrado.it\/en\/#organization\",\"name\":\"Sestogrado\",\"url\":\"https:\/\/www.sestogrado.it\/en\/\",\"logo\":{\"@type\":\"ImageObject\",\"inLanguage\":\"en-US\",\"@id\":\"https:\/\/www.sestogrado.it\/en\/#\/schema\/logo\/image\/\",\"url\":\"https:\/\/www.sestogrado.it\/wp-content\/uploads\/2015\/03\/sestogrado-favicon.png\",\"contentUrl\":\"https:\/\/www.sestogrado.it\/wp-content\/uploads\/2015\/03\/sestogrado-favicon.png\",\"width\":260,\"height\":260,\"caption\":\"Sestogrado\"},\"image\":{\"@id\":\"https:\/\/www.sestogrado.it\/en\/#\/schema\/logo\/image\/\"},\"sameAs\":[\"https:\/\/www.facebook.com\/pages\/Sestogrado\/1542635979353017?ref=bookmarks\",\"https:\/\/www.youtube.com\/channel\/UC847kAfTkaJsWpc1jtQwr3Q\"],\"hasMerchantReturnPolicy\":{\"@type\":\"MerchantReturnPolicy\",\"merchantReturnLink\":\"https:\/\/www.sestogrado.it\/en\/termini-e-condizioni\/\"}}]}<\/script>\n<meta property=\"product:brand\" content=\"Idea Montagna\" \/>\n<meta property=\"product:price:amount\" content=\"23.50\" \/>\n<meta property=\"product:price:currency\" content=\"EUR\" \/>\n<meta property=\"og:availability\" content=\"instock\" \/>\n<meta property=\"product:availability\" content=\"instock\" \/>\n<meta property=\"product:condition\" content=\"new\" \/>\n<!-- \/ Yoast SEO plugin. -->","yoast_head_json":{"title":"IV grado in Dolomiti Occidentali vol 2 - Sestogrado","description":"57 itinerari su roccia in Odle-Puez-Putia, Sassolungo, Sella, Catinaccio, Pale di San Martino, Agner, Pale di San Lucano.","robots":{"index":"index","follow":"follow","max-snippet":"max-snippet:-1","max-image-preview":"max-image-preview:large","max-video-preview":"max-video-preview:-1"},"canonical":"https:\/\/www.sestogrado.it\/en\/prodotto\/idea-montagna-iv-grado-in-dolomiti-occidentali-vol-2\/","og_locale":"en_US","og_type":"article","og_title":"IV grado in Dolomiti Occidentali vol 2 - Sestogrado","og_description":"57 itinerari su roccia in Odle-Puez-Putia, Sassolungo, Sella, Catinaccio, Pale di San Martino, Agner, Pale di San Lucano.","og_url":"https:\/\/www.sestogrado.it\/en\/prodotto\/idea-montagna-iv-grado-in-dolomiti-occidentali-vol-2\/","og_site_name":"Sestogrado","article_publisher":"https:\/\/www.facebook.com\/pages\/Sestogrado\/1542635979353017?ref=bookmarks","article_modified_time":"2025-08-31T15:22:33+00:00","og_image":[{"width":1400,"height":1400,"url":"https:\/\/www.sestogrado.it\/wp-content\/uploads\/2021\/08\/IV-Dolomiti-Occidentali-2.jpg","type":"image\/jpeg"}],"twitter_misc":{"Price":"&euro;&nbsp;23,50","Availability":"In stock"},"schema":{"@context":"https:\/\/schema.org","@graph":[{"@type":"WebPage","@id":"https:\/\/www.sestogrado.it\/en\/prodotto\/idea-montagna-iv-grado-in-dolomiti-occidentali-vol-2\/","url":"https:\/\/www.sestogrado.it\/en\/prodotto\/idea-montagna-iv-grado-in-dolomiti-occidentali-vol-2\/","name":"IV grado in Dolomiti Occidentali vol 2 - Sestogrado","isPartOf":{"@id":"https:\/\/www.sestogrado.it\/en\/#website"},"primaryImageOfPage":{"@id":"https:\/\/www.sestogrado.it\/en\/prodotto\/idea-montagna-iv-grado-in-dolomiti-occidentali-vol-2\/#primaryimage"},"image":{"@id":"https:\/\/www.sestogrado.it\/prodotto\/idea-montagna-iv-grado-in-dolomiti-occidentali-vol-2\/#primaryimage"},"thumbnailUrl":"https:\/\/www.sestogrado.it\/wp-content\/uploads\/2021\/08\/IV-Dolomiti-Occidentali-2.jpg","datePublished":"2016-11-15T10:05:26+00:00","dateModified":"2025-08-31T15:22:33+00:00","description":"57 itinerari su roccia in Odle-Puez-Putia, Sassolungo, Sella, Catinaccio, Pale di San Martino, Agner, Pale di San Lucano.","breadcrumb":{"@id":"https:\/\/www.sestogrado.it\/en\/prodotto\/idea-montagna-iv-grado-in-dolomiti-occidentali-vol-2\/#breadcrumb"},"inLanguage":"en-US","potentialAction":[{"@type":"ReadAction","target":[["https:\/\/www.sestogrado.it\/en\/prodotto\/idea-montagna-iv-grado-in-dolomiti-occidentali-vol-2\/"]]}]},{"@type":"ImageObject","inLanguage":"en-US","@id":"https:\/\/www.sestogrado.it\/en\/prodotto\/idea-montagna-iv-grado-in-dolomiti-occidentali-vol-2\/#primaryimage","url":"https:\/\/www.sestogrado.it\/wp-content\/uploads\/2021\/08\/IV-Dolomiti-Occidentali-2.jpg","contentUrl":"https:\/\/www.sestogrado.it\/wp-content\/uploads\/2021\/08\/IV-Dolomiti-Occidentali-2.jpg","width":1400,"height":1400,"caption":"Idea montagna IV grado dolomiti occidentali VOL 2"},{"@type":"BreadcrumbList","@id":"https:\/\/www.sestogrado.it\/en\/prodotto\/idea-montagna-iv-grado-in-dolomiti-occidentali-vol-2\/#breadcrumb","itemListElement":[{"@type":"ListItem","position":1,"name":"Home","item":"https:\/\/www.sestogrado.it\/en\/"},{"@type":"ListItem","position":2,"name":"Shop","item":"https:\/\/www.sestogrado.it\/en\/shop\/"},{"@type":"ListItem","position":3,"name":"Idea Montagna IV grado in Dolomiti Occidentali vol 2"}]},{"@type":"WebSite","@id":"https:\/\/www.sestogrado.it\/en\/#website","url":"https:\/\/www.sestogrado.it\/en\/","name":"Sestogrado","description":"yes we climb","publisher":{"@id":"https:\/\/www.sestogrado.it\/en\/#organization"},"potentialAction":[{"@type":"SearchAction","target":{"@type":"EntryPoint","urlTemplate":"https:\/\/www.sestogrado.it\/en\/?s={search_term_string}"},"query-input":{"@type":"PropertyValueSpecification","valueRequired":true,"valueName":"search_term_string"}}],"inLanguage":"en-US"},{"@type":"Organization","@id":"https:\/\/www.sestogrado.it\/en\/#organization","name":"Sestogrado","url":"https:\/\/www.sestogrado.it\/en\/","logo":{"@type":"ImageObject","inLanguage":"en-US","@id":"https:\/\/www.sestogrado.it\/en\/#\/schema\/logo\/image\/","url":"https:\/\/www.sestogrado.it\/wp-content\/uploads\/2015\/03\/sestogrado-favicon.png","contentUrl":"https:\/\/www.sestogrado.it\/wp-content\/uploads\/2015\/03\/sestogrado-favicon.png","width":260,"height":260,"caption":"Sestogrado"},"image":{"@id":"https:\/\/www.sestogrado.it\/en\/#\/schema\/logo\/image\/"},"sameAs":["https:\/\/www.facebook.com\/pages\/Sestogrado\/1542635979353017?ref=bookmarks","https:\/\/www.youtube.com\/channel\/UC847kAfTkaJsWpc1jtQwr3Q"],"hasMerchantReturnPolicy":{"@type":"MerchantReturnPolicy","merchantReturnLink":"https:\/\/www.sestogrado.it\/en\/termini-e-condizioni\/"}}]},"product_brand":"Idea Montagna","product_price_amount":"23.50","product_price_currency":"EUR","og_availability":"instock","product_availability":"instock","product_condition":"new"},"_links":{"self":[{"href":"https:\/\/www.sestogrado.it\/en\/wp-json\/wp\/v2\/product\/9131","targetHints":{"allow":["GET"]}}],"collection":[{"href":"https:\/\/www.sestogrado.it\/en\/wp-json\/wp\/v2\/product"}],"about":[{"href":"https:\/\/www.sestogrado.it\/en\/wp-json\/wp\/v2\/types\/product"}],"replies":[{"embeddable":true,"href":"https:\/\/www.sestogrado.it\/en\/wp-json\/wp\/v2\/comments?post=9131"}],"wp:featuredmedia":[{"embeddable":true,"href":"https:\/\/www.sestogrado.it\/en\/wp-json\/wp\/v2\/media\/106497"}],"wp:attachment":[{"href":"https:\/\/www.sestogrado.it\/en\/wp-json\/wp\/v2\/media?parent=9131"}],"wp:term":[{"taxonomy":"product_brand","embeddable":true,"href":"https:\/\/www.sestogrado.it\/en\/wp-json\/wp\/v2\/product_brand?post=9131"},{"taxonomy":"product_cat","embeddable":true,"href":"https:\/\/www.sestogrado.it\/en\/wp-json\/wp\/v2\/product_cat?post=9131"},{"taxonomy":"product_tag","embeddable":true,"href":"https:\/\/www.sestogrado.it\/en\/wp-json\/wp\/v2\/product_tag?post=9131"}],"curies":[{"name":"wp","href":"https:\/\/api.w.org\/{rel}","templated":true}]}}