{"id":9128,"date":"2016-11-15T10:56:37","date_gmt":"2016-11-15T09:56:37","guid":{"rendered":"http:\/\/www.sestogrado.it\/?post_type=product&#038;p=9128"},"modified":"2026-04-14T14:44:43","modified_gmt":"2026-04-14T12:44:43","slug":"idea-montagna-iv-grado-in-dolomiti-occidentali-vol-1","status":"publish","type":"product","link":"https:\/\/www.sestogrado.it\/en\/prodotto\/idea-montagna-iv-grado-in-dolomiti-occidentali-vol-1\/","title":{"rendered":"IV grado in Dolomiti Occidentali vol 1"},"content":{"rendered":"<p><\/p>\n<div id=\"slidedescr\">\n<div id=\"slidedescr-dx\">\n<div class=\"scrollervertdescrlibro\">\n<p>IV Grado in Dolomiti Occidentali vol 1 rappresenta il primo volume di un ampio spazio dedicato alle Dolomiti Occidentali insieme al vol 2.<\/p>\n<p>IV Grado in Dolomiti Occidentali vol 1 \u00e8 un volume indipendente giunto alla seconda edizione e descrive\u00a057 relazioni di vie di media difficolt\u00e0 in: Odle-Puez-Putia, Sassolungo, Sella, Catinaccio, Marmolada, Pale di San Martino<\/p>\n<p>&nbsp;<\/p>\n<p>Rispetto ai 59 itinerari presenti nel 2009 qui ne troveremo qualcuno in meno in quanto alcuni di questi sono stati spostati nel &#8220;Dolomiti Occidentali 2&#8221;, visto che per vari motivi hanno subito correzioni sostanziali. Pensando ai lettori che gi\u00e0 possiedono il vecchio volume 1 ho ritenuto utile che, nel caso rimangano affezionati a questa ormai collezione acquistando il tomo 2, possano disporre, oltre che dei nuovi itinerari, anche delle correzioni di quelli del volume precedente. \u00e8 per questo motivo che gli itinerari sono stati suddivisi in due tomi separati, che geograficamente coprono la stessa zona.<\/p>\n<p>In definitiva si \u00e8 cercato di mettere tutto l&#8217;impegno e la cura per far s\u00ec che questa seconda edizione sia apprezzata come lo \u00e8 stata la prima. Come sempre tutte le vie sono state percorse in prima persona dall&#8217;autore o dai collaboratori.<br \/>\nUn augurio di buona lettura e buone scalate.<\/p>\n<p>&nbsp;<\/p>\n<\/div>\n<p>Sfoglia l&#8217;anteprima:<\/p>\n<p>http:\/\/www.slideshare.net\/IdeaMontagna\/libro-iv-grado-dolomiti-occidentali-1-italiano<\/p>\n<\/div>\n<\/div>\n<p><\/p>","protected":false},"excerpt":{"rendered":"<p>IV Grado in Dolomiti Occidentali vol 1 rappresenta il primo volume di un ampio spazio dedicato alle Dolomiti Occidentali insieme [&hellip;]<\/p>\n","protected":false},"featured_media":104306,"comment_status":"open","ping_status":"closed","template":"","meta":{"_acf_changed":false},"product_brand":[331],"product_cat":[98],"product_tag":[],"class_list":{"0":"post-9128","1":"product","2":"type-product","3":"status-publish","4":"has-post-thumbnail","6":"product_brand-idea-montagna","7":"product_cat-libri","9":"first","10":"instock","11":"taxable","12":"shipping-taxable","13":"purchasable","14":"product-type-simple"},"acf":[],"yoast_head":"<!-- This site is optimized with the Yoast SEO plugin v26.4 - https:\/\/yoast.com\/wordpress\/plugins\/seo\/ -->\n<title>IV grado in Dolomiti Occidentali vol 1 - Sestogrado<\/title>\n<meta name=\"description\" content=\"Questa terza edizione di Dolomiti Occidentali 1 prende la forma di un volume quasi completamente nuovo. Le vie da 52 sono passate a 86, con 34 nuovi itinerari, molti dei quali inseriti grazie anche al gentile apporto dell\u2019amico Luca Brigo (gi\u00e0 co-autore del volume Dolomiti Orientali 2). Inoltre, sono stati aggiornati tutti i dettagli riguardanti le vie, il loro sviluppo, l\u2019attrezzatura presente, gli accessi e le discese che, in qualche caso, rispetto all\u2019edizione del 2011 sono sostanzialmente cambiati. Ne \u00e8 nata cos\u00ec una nuova guida al passo con lo stato attuale di queste 86 bellissime scalate. Il taglio, e l\u2019organizzazione generale del volume, \u00e8 quello ormai consolidato dei volumi della collana \u201cRoccia d\u2019Autore\u201d di Idea Montagna, con la tradizionale, e a quanto pare apprezzata, relazione scritta tiro per tiro, foto con il percorso e la posizione delle soste, e le indicazioni dettagliate per avvicinamenti e discesa. Come sempre tutte le vie sono state percorse in prima persona dall\u2019autore o dai collaboratori.\" \/>\n<meta name=\"robots\" content=\"index, follow, max-snippet:-1, max-image-preview:large, max-video-preview:-1\" \/>\n<link rel=\"canonical\" href=\"https:\/\/www.sestogrado.it\/en\/prodotto\/idea-montagna-iv-grado-in-dolomiti-occidentali-vol-1\/\" \/>\n<meta property=\"og:locale\" content=\"en_US\" \/>\n<meta property=\"og:type\" content=\"article\" \/>\n<meta property=\"og:title\" content=\"IV grado in Dolomiti Occidentali vol 1 - Sestogrado\" \/>\n<meta property=\"og:description\" content=\"Questa terza edizione di Dolomiti Occidentali 1 prende la forma di un volume quasi completamente nuovo. Le vie da 52 sono passate a 86, con 34 nuovi itinerari, molti dei quali inseriti grazie anche al gentile apporto dell\u2019amico Luca Brigo (gi\u00e0 co-autore del volume Dolomiti Orientali 2). Inoltre, sono stati aggiornati tutti i dettagli riguardanti le vie, il loro sviluppo, l\u2019attrezzatura presente, gli accessi e le discese che, in qualche caso, rispetto all\u2019edizione del 2011 sono sostanzialmente cambiati. Ne \u00e8 nata cos\u00ec una nuova guida al passo con lo stato attuale di queste 86 bellissime scalate. Il taglio, e l\u2019organizzazione generale del volume, \u00e8 quello ormai consolidato dei volumi della collana \u201cRoccia d\u2019Autore\u201d di Idea Montagna, con la tradizionale, e a quanto pare apprezzata, relazione scritta tiro per tiro, foto con il percorso e la posizione delle soste, e le indicazioni dettagliate per avvicinamenti e discesa. Come sempre tutte le vie sono state percorse in prima persona dall\u2019autore o dai collaboratori.\" \/>\n<meta property=\"og:url\" content=\"https:\/\/www.sestogrado.it\/en\/prodotto\/idea-montagna-iv-grado-in-dolomiti-occidentali-vol-1\/\" \/>\n<meta property=\"og:site_name\" content=\"Sestogrado\" \/>\n<meta property=\"article:publisher\" content=\"https:\/\/www.facebook.com\/pages\/Sestogrado\/1542635979353017?ref=bookmarks\" \/>\n<meta property=\"article:modified_time\" content=\"2026-04-14T12:44:43+00:00\" \/>\n<meta property=\"og:image\" content=\"https:\/\/www.sestogrado.it\/wp-content\/uploads\/2016\/11\/IV-grado-Dolomiti-Occidentali-vol-1_3-ed.jpg\" \/>\n\t<meta property=\"og:image:width\" content=\"825\" \/>\n\t<meta property=\"og:image:height\" content=\"825\" \/>\n\t<meta property=\"og:image:type\" content=\"image\/jpeg\" \/>\n<meta name=\"twitter:label1\" content=\"Price\" \/>\n\t<meta name=\"twitter:data1\" content=\"&euro;&nbsp;28,00\" \/>\n\t<meta name=\"twitter:label2\" content=\"Availability\" \/>\n\t<meta name=\"twitter:data2\" content=\"In stock\" \/>\n<script type=\"application\/ld+json\" class=\"yoast-schema-graph\">{\"@context\":\"https:\/\/schema.org\",\"@graph\":[{\"@type\":\"WebPage\",\"@id\":\"https:\/\/www.sestogrado.it\/en\/prodotto\/idea-montagna-iv-grado-in-dolomiti-occidentali-vol-1\/\",\"url\":\"https:\/\/www.sestogrado.it\/en\/prodotto\/idea-montagna-iv-grado-in-dolomiti-occidentali-vol-1\/\",\"name\":\"IV grado in Dolomiti Occidentali vol 1 - Sestogrado\",\"isPartOf\":{\"@id\":\"https:\/\/www.sestogrado.it\/en\/#website\"},\"primaryImageOfPage\":{\"@id\":\"https:\/\/www.sestogrado.it\/en\/prodotto\/idea-montagna-iv-grado-in-dolomiti-occidentali-vol-1\/#primaryimage\"},\"image\":{\"@id\":\"https:\/\/www.sestogrado.it\/prodotto\/idea-montagna-iv-grado-in-dolomiti-occidentali-vol-1\/#primaryimage\"},\"thumbnailUrl\":\"https:\/\/www.sestogrado.it\/wp-content\/uploads\/2016\/11\/IV-grado-Dolomiti-Occidentali-vol-1_3-ed.jpg\",\"datePublished\":\"2016-11-15T09:56:37+00:00\",\"dateModified\":\"2026-04-14T12:44:43+00:00\",\"description\":\"Questa terza edizione di Dolomiti Occidentali 1 prende la forma di un volume quasi completamente nuovo. Le vie da 52 sono passate a 86, con 34 nuovi itinerari, molti dei quali inseriti grazie anche al gentile apporto dell\u2019amico Luca Brigo (gi\u00e0 co-autore del volume Dolomiti Orientali 2). Inoltre, sono stati aggiornati tutti i dettagli riguardanti le vie, il loro sviluppo, l\u2019attrezzatura presente, gli accessi e le discese che, in qualche caso, rispetto all\u2019edizione del 2011 sono sostanzialmente cambiati. Ne \u00e8 nata cos\u00ec una nuova guida al passo con lo stato attuale di queste 86 bellissime scalate. Il taglio, e l\u2019organizzazione generale del volume, \u00e8 quello ormai consolidato dei volumi della collana \u201cRoccia d\u2019Autore\u201d di Idea Montagna, con la tradizionale, e a quanto pare apprezzata, relazione scritta tiro per tiro, foto con il percorso e la posizione delle soste, e le indicazioni dettagliate per avvicinamenti e discesa. Come sempre tutte le vie sono state percorse in prima persona dall\u2019autore o dai collaboratori.\",\"breadcrumb\":{\"@id\":\"https:\/\/www.sestogrado.it\/en\/prodotto\/idea-montagna-iv-grado-in-dolomiti-occidentali-vol-1\/#breadcrumb\"},\"inLanguage\":\"en-US\",\"potentialAction\":[{\"@type\":\"ReadAction\",\"target\":[[\"https:\/\/www.sestogrado.it\/en\/prodotto\/idea-montagna-iv-grado-in-dolomiti-occidentali-vol-1\/\"]]}]},{\"@type\":\"ImageObject\",\"inLanguage\":\"en-US\",\"@id\":\"https:\/\/www.sestogrado.it\/en\/prodotto\/idea-montagna-iv-grado-in-dolomiti-occidentali-vol-1\/#primaryimage\",\"url\":\"https:\/\/www.sestogrado.it\/wp-content\/uploads\/2016\/11\/IV-grado-Dolomiti-Occidentali-vol-1_3-ed.jpg\",\"contentUrl\":\"https:\/\/www.sestogrado.it\/wp-content\/uploads\/2016\/11\/IV-grado-Dolomiti-Occidentali-vol-1_3-ed.jpg\",\"width\":825,\"height\":825,\"caption\":\"idea montagna IV grado dolomiti occ vol 1\"},{\"@type\":\"BreadcrumbList\",\"@id\":\"https:\/\/www.sestogrado.it\/en\/prodotto\/idea-montagna-iv-grado-in-dolomiti-occidentali-vol-1\/#breadcrumb\",\"itemListElement\":[{\"@type\":\"ListItem\",\"position\":1,\"name\":\"Home\",\"item\":\"https:\/\/www.sestogrado.it\/en\/\"},{\"@type\":\"ListItem\",\"position\":2,\"name\":\"Shop\",\"item\":\"https:\/\/www.sestogrado.it\/en\/shop\/\"},{\"@type\":\"ListItem\",\"position\":3,\"name\":\"Idea Montagna IV grado in Dolomiti Occidentali vol 1\"}]},{\"@type\":\"WebSite\",\"@id\":\"https:\/\/www.sestogrado.it\/en\/#website\",\"url\":\"https:\/\/www.sestogrado.it\/en\/\",\"name\":\"Sestogrado\",\"description\":\"yes we climb\",\"publisher\":{\"@id\":\"https:\/\/www.sestogrado.it\/en\/#organization\"},\"potentialAction\":[{\"@type\":\"SearchAction\",\"target\":{\"@type\":\"EntryPoint\",\"urlTemplate\":\"https:\/\/www.sestogrado.it\/en\/?s={search_term_string}\"},\"query-input\":{\"@type\":\"PropertyValueSpecification\",\"valueRequired\":true,\"valueName\":\"search_term_string\"}}],\"inLanguage\":\"en-US\"},{\"@type\":\"Organization\",\"@id\":\"https:\/\/www.sestogrado.it\/en\/#organization\",\"name\":\"Sestogrado\",\"url\":\"https:\/\/www.sestogrado.it\/en\/\",\"logo\":{\"@type\":\"ImageObject\",\"inLanguage\":\"en-US\",\"@id\":\"https:\/\/www.sestogrado.it\/en\/#\/schema\/logo\/image\/\",\"url\":\"https:\/\/www.sestogrado.it\/wp-content\/uploads\/2015\/03\/sestogrado-favicon.png\",\"contentUrl\":\"https:\/\/www.sestogrado.it\/wp-content\/uploads\/2015\/03\/sestogrado-favicon.png\",\"width\":260,\"height\":260,\"caption\":\"Sestogrado\"},\"image\":{\"@id\":\"https:\/\/www.sestogrado.it\/en\/#\/schema\/logo\/image\/\"},\"sameAs\":[\"https:\/\/www.facebook.com\/pages\/Sestogrado\/1542635979353017?ref=bookmarks\",\"https:\/\/www.youtube.com\/channel\/UC847kAfTkaJsWpc1jtQwr3Q\"],\"hasMerchantReturnPolicy\":{\"@type\":\"MerchantReturnPolicy\",\"merchantReturnLink\":\"https:\/\/www.sestogrado.it\/en\/termini-e-condizioni\/\"}}]}<\/script>\n<meta property=\"product:brand\" content=\"Idea Montagna\" \/>\n<meta property=\"product:price:amount\" content=\"28.00\" \/>\n<meta property=\"product:price:currency\" content=\"EUR\" \/>\n<meta property=\"og:availability\" content=\"instock\" \/>\n<meta property=\"product:availability\" content=\"instock\" \/>\n<meta property=\"product:condition\" content=\"new\" \/>\n<!-- \/ Yoast SEO plugin. -->","yoast_head_json":{"title":"IV grado in Dolomiti Occidentali vol 1 - Sestogrado","description":"Questa terza edizione di Dolomiti Occidentali 1 prende la forma di un volume quasi completamente nuovo. Le vie da 52 sono passate a 86, con 34 nuovi itinerari, molti dei quali inseriti grazie anche al gentile apporto dell\u2019amico Luca Brigo (gi\u00e0 co-autore del volume Dolomiti Orientali 2). Inoltre, sono stati aggiornati tutti i dettagli riguardanti le vie, il loro sviluppo, l\u2019attrezzatura presente, gli accessi e le discese che, in qualche caso, rispetto all\u2019edizione del 2011 sono sostanzialmente cambiati. Ne \u00e8 nata cos\u00ec una nuova guida al passo con lo stato attuale di queste 86 bellissime scalate. Il taglio, e l\u2019organizzazione generale del volume, \u00e8 quello ormai consolidato dei volumi della collana \u201cRoccia d\u2019Autore\u201d di Idea Montagna, con la tradizionale, e a quanto pare apprezzata, relazione scritta tiro per tiro, foto con il percorso e la posizione delle soste, e le indicazioni dettagliate per avvicinamenti e discesa. Come sempre tutte le vie sono state percorse in prima persona dall\u2019autore o dai collaboratori.","robots":{"index":"index","follow":"follow","max-snippet":"max-snippet:-1","max-image-preview":"max-image-preview:large","max-video-preview":"max-video-preview:-1"},"canonical":"https:\/\/www.sestogrado.it\/en\/prodotto\/idea-montagna-iv-grado-in-dolomiti-occidentali-vol-1\/","og_locale":"en_US","og_type":"article","og_title":"IV grado in Dolomiti Occidentali vol 1 - Sestogrado","og_description":"Questa terza edizione di Dolomiti Occidentali 1 prende la forma di un volume quasi completamente nuovo. Le vie da 52 sono passate a 86, con 34 nuovi itinerari, molti dei quali inseriti grazie anche al gentile apporto dell\u2019amico Luca Brigo (gi\u00e0 co-autore del volume Dolomiti Orientali 2). Inoltre, sono stati aggiornati tutti i dettagli riguardanti le vie, il loro sviluppo, l\u2019attrezzatura presente, gli accessi e le discese che, in qualche caso, rispetto all\u2019edizione del 2011 sono sostanzialmente cambiati. Ne \u00e8 nata cos\u00ec una nuova guida al passo con lo stato attuale di queste 86 bellissime scalate. Il taglio, e l\u2019organizzazione generale del volume, \u00e8 quello ormai consolidato dei volumi della collana \u201cRoccia d\u2019Autore\u201d di Idea Montagna, con la tradizionale, e a quanto pare apprezzata, relazione scritta tiro per tiro, foto con il percorso e la posizione delle soste, e le indicazioni dettagliate per avvicinamenti e discesa. Come sempre tutte le vie sono state percorse in prima persona dall\u2019autore o dai collaboratori.","og_url":"https:\/\/www.sestogrado.it\/en\/prodotto\/idea-montagna-iv-grado-in-dolomiti-occidentali-vol-1\/","og_site_name":"Sestogrado","article_publisher":"https:\/\/www.facebook.com\/pages\/Sestogrado\/1542635979353017?ref=bookmarks","article_modified_time":"2026-04-14T12:44:43+00:00","og_image":[{"width":825,"height":825,"url":"https:\/\/www.sestogrado.it\/wp-content\/uploads\/2016\/11\/IV-grado-Dolomiti-Occidentali-vol-1_3-ed.jpg","type":"image\/jpeg"}],"twitter_misc":{"Price":"&euro;&nbsp;28,00","Availability":"In stock"},"schema":{"@context":"https:\/\/schema.org","@graph":[{"@type":"WebPage","@id":"https:\/\/www.sestogrado.it\/en\/prodotto\/idea-montagna-iv-grado-in-dolomiti-occidentali-vol-1\/","url":"https:\/\/www.sestogrado.it\/en\/prodotto\/idea-montagna-iv-grado-in-dolomiti-occidentali-vol-1\/","name":"IV grado in Dolomiti Occidentali vol 1 - Sestogrado","isPartOf":{"@id":"https:\/\/www.sestogrado.it\/en\/#website"},"primaryImageOfPage":{"@id":"https:\/\/www.sestogrado.it\/en\/prodotto\/idea-montagna-iv-grado-in-dolomiti-occidentali-vol-1\/#primaryimage"},"image":{"@id":"https:\/\/www.sestogrado.it\/prodotto\/idea-montagna-iv-grado-in-dolomiti-occidentali-vol-1\/#primaryimage"},"thumbnailUrl":"https:\/\/www.sestogrado.it\/wp-content\/uploads\/2016\/11\/IV-grado-Dolomiti-Occidentali-vol-1_3-ed.jpg","datePublished":"2016-11-15T09:56:37+00:00","dateModified":"2026-04-14T12:44:43+00:00","description":"Questa terza edizione di Dolomiti Occidentali 1 prende la forma di un volume quasi completamente nuovo. Le vie da 52 sono passate a 86, con 34 nuovi itinerari, molti dei quali inseriti grazie anche al gentile apporto dell\u2019amico Luca Brigo (gi\u00e0 co-autore del volume Dolomiti Orientali 2). Inoltre, sono stati aggiornati tutti i dettagli riguardanti le vie, il loro sviluppo, l\u2019attrezzatura presente, gli accessi e le discese che, in qualche caso, rispetto all\u2019edizione del 2011 sono sostanzialmente cambiati. Ne \u00e8 nata cos\u00ec una nuova guida al passo con lo stato attuale di queste 86 bellissime scalate. Il taglio, e l\u2019organizzazione generale del volume, \u00e8 quello ormai consolidato dei volumi della collana \u201cRoccia d\u2019Autore\u201d di Idea Montagna, con la tradizionale, e a quanto pare apprezzata, relazione scritta tiro per tiro, foto con il percorso e la posizione delle soste, e le indicazioni dettagliate per avvicinamenti e discesa. Come sempre tutte le vie sono state percorse in prima persona dall\u2019autore o dai collaboratori.","breadcrumb":{"@id":"https:\/\/www.sestogrado.it\/en\/prodotto\/idea-montagna-iv-grado-in-dolomiti-occidentali-vol-1\/#breadcrumb"},"inLanguage":"en-US","potentialAction":[{"@type":"ReadAction","target":[["https:\/\/www.sestogrado.it\/en\/prodotto\/idea-montagna-iv-grado-in-dolomiti-occidentali-vol-1\/"]]}]},{"@type":"ImageObject","inLanguage":"en-US","@id":"https:\/\/www.sestogrado.it\/en\/prodotto\/idea-montagna-iv-grado-in-dolomiti-occidentali-vol-1\/#primaryimage","url":"https:\/\/www.sestogrado.it\/wp-content\/uploads\/2016\/11\/IV-grado-Dolomiti-Occidentali-vol-1_3-ed.jpg","contentUrl":"https:\/\/www.sestogrado.it\/wp-content\/uploads\/2016\/11\/IV-grado-Dolomiti-Occidentali-vol-1_3-ed.jpg","width":825,"height":825,"caption":"idea montagna IV grado dolomiti occ vol 1"},{"@type":"BreadcrumbList","@id":"https:\/\/www.sestogrado.it\/en\/prodotto\/idea-montagna-iv-grado-in-dolomiti-occidentali-vol-1\/#breadcrumb","itemListElement":[{"@type":"ListItem","position":1,"name":"Home","item":"https:\/\/www.sestogrado.it\/en\/"},{"@type":"ListItem","position":2,"name":"Shop","item":"https:\/\/www.sestogrado.it\/en\/shop\/"},{"@type":"ListItem","position":3,"name":"Idea Montagna IV grado in Dolomiti Occidentali vol 1"}]},{"@type":"WebSite","@id":"https:\/\/www.sestogrado.it\/en\/#website","url":"https:\/\/www.sestogrado.it\/en\/","name":"Sestogrado","description":"yes we climb","publisher":{"@id":"https:\/\/www.sestogrado.it\/en\/#organization"},"potentialAction":[{"@type":"SearchAction","target":{"@type":"EntryPoint","urlTemplate":"https:\/\/www.sestogrado.it\/en\/?s={search_term_string}"},"query-input":{"@type":"PropertyValueSpecification","valueRequired":true,"valueName":"search_term_string"}}],"inLanguage":"en-US"},{"@type":"Organization","@id":"https:\/\/www.sestogrado.it\/en\/#organization","name":"Sestogrado","url":"https:\/\/www.sestogrado.it\/en\/","logo":{"@type":"ImageObject","inLanguage":"en-US","@id":"https:\/\/www.sestogrado.it\/en\/#\/schema\/logo\/image\/","url":"https:\/\/www.sestogrado.it\/wp-content\/uploads\/2015\/03\/sestogrado-favicon.png","contentUrl":"https:\/\/www.sestogrado.it\/wp-content\/uploads\/2015\/03\/sestogrado-favicon.png","width":260,"height":260,"caption":"Sestogrado"},"image":{"@id":"https:\/\/www.sestogrado.it\/en\/#\/schema\/logo\/image\/"},"sameAs":["https:\/\/www.facebook.com\/pages\/Sestogrado\/1542635979353017?ref=bookmarks","https:\/\/www.youtube.com\/channel\/UC847kAfTkaJsWpc1jtQwr3Q"],"hasMerchantReturnPolicy":{"@type":"MerchantReturnPolicy","merchantReturnLink":"https:\/\/www.sestogrado.it\/en\/termini-e-condizioni\/"}}]},"product_brand":"Idea Montagna","product_price_amount":"28.00","product_price_currency":"EUR","og_availability":"instock","product_availability":"instock","product_condition":"new"},"_links":{"self":[{"href":"https:\/\/www.sestogrado.it\/en\/wp-json\/wp\/v2\/product\/9128","targetHints":{"allow":["GET"]}}],"collection":[{"href":"https:\/\/www.sestogrado.it\/en\/wp-json\/wp\/v2\/product"}],"about":[{"href":"https:\/\/www.sestogrado.it\/en\/wp-json\/wp\/v2\/types\/product"}],"replies":[{"embeddable":true,"href":"https:\/\/www.sestogrado.it\/en\/wp-json\/wp\/v2\/comments?post=9128"}],"wp:featuredmedia":[{"embeddable":true,"href":"https:\/\/www.sestogrado.it\/en\/wp-json\/wp\/v2\/media\/104306"}],"wp:attachment":[{"href":"https:\/\/www.sestogrado.it\/en\/wp-json\/wp\/v2\/media?parent=9128"}],"wp:term":[{"taxonomy":"product_brand","embeddable":true,"href":"https:\/\/www.sestogrado.it\/en\/wp-json\/wp\/v2\/product_brand?post=9128"},{"taxonomy":"product_cat","embeddable":true,"href":"https:\/\/www.sestogrado.it\/en\/wp-json\/wp\/v2\/product_cat?post=9128"},{"taxonomy":"product_tag","embeddable":true,"href":"https:\/\/www.sestogrado.it\/en\/wp-json\/wp\/v2\/product_tag?post=9128"}],"curies":[{"name":"wp","href":"https:\/\/api.w.org\/{rel}","templated":true}]}}